{"id":28218,"date":"2022-07-26T14:41:22","date_gmt":"2022-07-26T07:41:22","guid":{"rendered":"https:\/\/havamall.vn\/?post_type=product&#038;p=28218"},"modified":"2023-06-05T17:26:02","modified_gmt":"2023-06-05T10:26:02","slug":"sua-dac-co-duong-tai-loc-lon-380g","status":"publish","type":"product","link":"https:\/\/havamall.vn\/en\/shop\/sua-dac-co-duong-tai-loc-lon-380g\/","title":{"rendered":"S\u1eefa \u0110\u1eb7c C\u00f3 \u0110\u01b0\u1eddng T\u00e0i L\u1ed9c Lon 380g"},"content":{"rendered":"<p>S\u01b0\u0303a \u0111\u0103\u0323c T\u00e0i L\u1ed9c v\u01a1\u0301i \u0111\u1ed9 \u0111\u1ea1m cao, vi\u0323 th\u01a1m ngon \u0111\u00e2\u0323m \u0111a\u0300, sa\u0301nh \u0111\u0103\u0323c, la\u0300 bi\u0301 quy\u00ea\u0301t kh\u00f4ng th\u00ea\u0309 thi\u00ea\u0301u giu\u0301p me\u0323 ch\u0103m so\u0301c ca\u0309 nha\u0300 b\u0103\u0300ng nh\u01b0\u0303ng mo\u0301n ngon tinh t\u00ea\u0301, h\u00e2\u0301p d\u00e2\u0303n: t\u01b0\u0300 ly s\u01b0\u0303a no\u0301ng th\u01a1m ngon b\u00f4\u0309 d\u01b0\u01a1\u0303ng cho \u00f4ng ba\u0300, me\u0309 s\u01b0\u0303a chua sa\u0301nh mi\u0323n cho con ga\u0301i, ly sinh t\u00f4\u0301 be\u0301o ng\u00e2\u0323y cho con trai, ly ca\u0300 ph\u00ea s\u01b0\u0303a \u0111\u00e2\u0323m \u0111a\u0300 khi\u00ea\u0301n b\u00f4\u0301 m\u00ea m\u00e2\u0309n hay me\u0309 ba\u0301nh flan cho ca\u0309 gia \u0111i\u0300nh va\u0300o nga\u0300y cu\u00f4\u0301i tu\u00e2\u0300n.<\/p>\n<p><img fetchpriority=\"high\" decoding=\"async\" class=\"wp-image-28220 aligncenter\" src=\"https:\/\/havamall.vn\/wp-content\/uploads\/2022\/07\/banner-300x143.png\" alt=\"\" width=\"623\" height=\"297\" srcset=\"https:\/\/havamall.vn\/wp-content\/uploads\/2022\/07\/banner-300x143.png 300w, https:\/\/havamall.vn\/wp-content\/uploads\/2022\/07\/banner-430x205.png 430w, https:\/\/havamall.vn\/wp-content\/uploads\/2022\/07\/banner-150x71.png 150w, https:\/\/havamall.vn\/wp-content\/uploads\/2022\/07\/banner-700x333.png 700w, https:\/\/havamall.vn\/wp-content\/uploads\/2022\/07\/banner-768x365.png 768w, https:\/\/havamall.vn\/wp-content\/uploads\/2022\/07\/banner-1024x487.png 1024w, https:\/\/havamall.vn\/wp-content\/uploads\/2022\/07\/banner-1200x571.png 1200w, https:\/\/havamall.vn\/wp-content\/uploads\/2022\/07\/banner-600x286.png 600w, https:\/\/havamall.vn\/wp-content\/uploads\/2022\/07\/banner.png 1366w\" sizes=\"(max-width: 623px) 100vw, 623px\" \/><\/p>\n<p>Kem \u0111\u1eb7c\u00a0c\u1ee7a th\u01b0\u01a1ng hi\u1ec7u\u00a0s\u1eefa \u0111\u1eb7c\u00a0Vinamilk\u00a0v\u1edbi v\u1ecb ng\u1ecdt \u0111\u1eadm \u0111\u00e0, \u0111\u1ed9 s\u00e1nh m\u1ecbn ph\u00f9 h\u1ee3p v\u1edbi m\u1ecdi nhu c\u1ea7u s\u1eed d\u1ee5ng. Kem \u0111\u1eb7c mang l\u1ea1i v\u1ecb ngon, ng\u1ecdt, b\u00e9o th\u01a1m ngon v\u00e0 h\u1ea5p d\u1eabn c\u1ef1c k\u1ef3.\u00a0S\u1eefa \u0111\u1eb7c Vinamilk T\u00e0i L\u1ed9c lon 380g\u00a0ti\u1ec7n l\u1ee3i, gi\u00e1 t\u1ed1t, th\u01a1m ngon \u0111i c\u00f9ng n\u0103m th\u00e1ng, ph\u00f9 h\u1ee3p pha ch\u1ebf nhi\u1ec1u m\u00f3n \u0103n, th\u1ee9c u\u1ed1ng.<\/p>\n<p><img decoding=\"async\" class=\"wp-image-28221 aligncenter\" src=\"https:\/\/havamall.vn\/wp-content\/uploads\/2022\/07\/sua-dac-vinamilk-tai-loc-lon-380g-202104220855051848-300x225.jpg\" alt=\"\" width=\"619\" height=\"464\" srcset=\"https:\/\/havamall.vn\/wp-content\/uploads\/2022\/07\/sua-dac-vinamilk-tai-loc-lon-380g-202104220855051848-300x225.jpg 300w, https:\/\/havamall.vn\/wp-content\/uploads\/2022\/07\/sua-dac-vinamilk-tai-loc-lon-380g-202104220855051848-430x323.jpg 430w, https:\/\/havamall.vn\/wp-content\/uploads\/2022\/07\/sua-dac-vinamilk-tai-loc-lon-380g-202104220855051848-150x113.jpg 150w, https:\/\/havamall.vn\/wp-content\/uploads\/2022\/07\/sua-dac-vinamilk-tai-loc-lon-380g-202104220855051848-700x525.jpg 700w, https:\/\/havamall.vn\/wp-content\/uploads\/2022\/07\/sua-dac-vinamilk-tai-loc-lon-380g-202104220855051848-768x576.jpg 768w, https:\/\/havamall.vn\/wp-content\/uploads\/2022\/07\/sua-dac-vinamilk-tai-loc-lon-380g-202104220855051848.jpg 1024w, https:\/\/havamall.vn\/wp-content\/uploads\/2022\/07\/sua-dac-vinamilk-tai-loc-lon-380g-202104220855051848-600x450.jpg 600w\" sizes=\"(max-width: 619px) 100vw, 619px\" \/><\/p>\n<p>S\u1eefa \u0111\u1eb7c Vinamilk T\u00e0i L\u1ed9c lon 380g c\u00f3 thi\u1ebft k\u1ebf \u0111\u01a1n gi\u1ea3n v\u1edbi bao b\u00ec l\u00e0m b\u1eb1ng m\u00e0u v\u00e0ng b\u1eaft m\u1eaft , t\u01b0\u01a1i s\u00e1ng t\u1ea1o s\u1ef1 kh\u00edch th\u00edch th\u1ecb gi\u00e1c ng\u01b0\u1eddi mua. Ch\u1ea5t li\u1ec7u \u0111\u01b0\u1ee3c l\u00e0m ch\u1eafc ch\u1eafn , gi\u00fap cho ta d\u1ec5 d\u00e0ng di chuy\u1ec3n m\u00e0 kh\u00f4ng s\u1ee3 b\u1ecb \u0111\u1ed5.<\/p>\n<p>S\u1eefa \u0111\u1eb7c Vinamilk c\u00f2n cung c\u1ea5p cho ch\u00fang ta r\u1ea5t nhi\u1ec1u n\u0103ng l\u01b0\u1ee3ng cho c\u01a1 th\u1ec3 v\u00e0 b\u00f9 \u0111\u1eafp nh\u1eefng n\u0103ng l\u01b0\u1ee3ng b\u1ecb thi\u1ebfu h\u1ee5t trong qu\u00e1 tr\u00ecnh v\u1eadn \u0111\u1ed9ng. \u0110\u1ed3ng th\u1eddi b\u1ed5 sung protein gi\u00fap cho c\u01a1 th\u1ec3 ph\u00e1t tri\u1ec3n m\u1ea1nh m\u1ebd v\u00e0 b\u1ea1n c\u00f3 th\u1ec3 d\u00f9ng \u0111\u1ec3 pha u\u1ed1ng, pha c\u00e0 ph\u00ea, l\u00e0m b\u00e1nh, sinh t\u1ed1,\u2026 \u0111\u1ec1u r\u1ea5t th\u01a1m ngon v\u00e0 v\u00f4 c\u00f9ng h\u1ea5p d\u1eabn.<\/p>\n<p><img decoding=\"async\" class=\"wp-image-28222 aligncenter\" src=\"https:\/\/havamall.vn\/wp-content\/uploads\/2022\/07\/banner2-1920-new-300x131.jpg\" alt=\"\" width=\"614\" height=\"268\" srcset=\"https:\/\/havamall.vn\/wp-content\/uploads\/2022\/07\/banner2-1920-new-300x131.jpg 300w, https:\/\/havamall.vn\/wp-content\/uploads\/2022\/07\/banner2-1920-new-430x187.jpg 430w, https:\/\/havamall.vn\/wp-content\/uploads\/2022\/07\/banner2-1920-new-150x65.jpg 150w, https:\/\/havamall.vn\/wp-content\/uploads\/2022\/07\/banner2-1920-new-700x305.jpg 700w, https:\/\/havamall.vn\/wp-content\/uploads\/2022\/07\/banner2-1920-new-768x334.jpg 768w, https:\/\/havamall.vn\/wp-content\/uploads\/2022\/07\/banner2-1920-new-1024x446.jpg 1024w, https:\/\/havamall.vn\/wp-content\/uploads\/2022\/07\/banner2-1920-new-1200x522.jpg 1200w, https:\/\/havamall.vn\/wp-content\/uploads\/2022\/07\/banner2-1920-new-600x261.jpg 600w, https:\/\/havamall.vn\/wp-content\/uploads\/2022\/07\/banner2-1920-new.jpg 1494w\" sizes=\"(max-width: 614px) 100vw, 614px\" \/><\/p>\n<h3><strong>C\u00f4ng d\u1ee5ng c\u1ee7a s\u1eefa \u0111\u1eb7c:<\/strong><\/h3>\n<p>\u2013 T\u1ed1t cho da: S\u1eefa r\u1ea5t gi\u00e0u c\u00e1c axit amin, gi\u00fap gi\u1eef \u1ea9m da v\u00e0 khi\u1ebfn da tr\u1edf n\u00ean m\u1ec1m m\u1ea1i h\u01a1n.<\/p>\n<p>\u2013 Gi\u1ea3m c\u0103ng th\u1eb3ng: S\u1eefa \u0111\u01b0\u1ee3c ch\u1ee9ng minh c\u00f3 t\u00e1c d\u1ee5ng t\u0103ng n\u0103ng l\u01b0\u1ee3ng sau m\u1ed9t ng\u00e0y l\u00e0m vi\u1ec7c m\u1ec7t m\u1ecfi. N\u00f3 l\u00e0 m\u1ed9t th\u1ef1c ph\u1ea9m r\u1ea5t t\u1ed1t l\u00e0m th\u01b0 gi\u00e3n c\u01a1 b\u1eafp c\u0169ng nh\u01b0 c\u00e1c ho\u1ea1t \u0111\u1ed9ng tr\u00ean c\u00e1c d\u00e2y th\u1ea7n kinh.<\/p>\n<p>\u2013 L\u1ee3i \u00edch ti\u00eau h\u00f3a t\u0103ng c\u00e2n: Th\u00e0nh ph\u1ea7n dinh d\u01b0\u1ee1ng s\u1ea3n ph\u1ea9m ch\u00ednh l\u00e0 s\u1eefa b\u00f2, ch\u1ea5t b\u00e9o, protein, \u0111\u01b0\u1eddng. Nh\u1eefng th\u00e0nh ph\u1ea7n n\u00e0y \u0111\u1ec1u c\u00f3 l\u1ee3i cho qu\u00e1 tr\u00ecnh t\u0103ng c\u00e2n nhanh cho nh\u1eefng ng\u01b0\u1eddi g\u1ea7y. Gi\u00fap ti\u00eau h\u00f3a t\u1ed1t, k\u00edch th\u00edch \u0103n cho nh\u1eefng ng\u01b0\u1eddi k\u00e9n \u0103n, \u0103n kh\u00f4ng ti\u00eau, c\u01a1 th\u1ec3 kh\u00f3 h\u1ea5p th\u1ee5 d\u01b0\u1ee1ng ch\u1ea5t t\u1eeb th\u1ee9c \u0103n.<\/p>\n<p><img loading=\"lazy\" decoding=\"async\" class=\"wp-image-28223 aligncenter\" src=\"https:\/\/havamall.vn\/wp-content\/uploads\/2022\/07\/103825651_2409240856039916_3722721084079784188_n-300x272.jpg\" alt=\"\" width=\"608\" height=\"551\" srcset=\"https:\/\/havamall.vn\/wp-content\/uploads\/2022\/07\/103825651_2409240856039916_3722721084079784188_n-300x272.jpg 300w, https:\/\/havamall.vn\/wp-content\/uploads\/2022\/07\/103825651_2409240856039916_3722721084079784188_n-430x390.jpg 430w, https:\/\/havamall.vn\/wp-content\/uploads\/2022\/07\/103825651_2409240856039916_3722721084079784188_n-150x136.jpg 150w, https:\/\/havamall.vn\/wp-content\/uploads\/2022\/07\/103825651_2409240856039916_3722721084079784188_n-700x634.jpg 700w, https:\/\/havamall.vn\/wp-content\/uploads\/2022\/07\/103825651_2409240856039916_3722721084079784188_n-768x696.jpg 768w, https:\/\/havamall.vn\/wp-content\/uploads\/2022\/07\/103825651_2409240856039916_3722721084079784188_n-1024x928.jpg 1024w, https:\/\/havamall.vn\/wp-content\/uploads\/2022\/07\/103825651_2409240856039916_3722721084079784188_n-1200x1087.jpg 1200w, https:\/\/havamall.vn\/wp-content\/uploads\/2022\/07\/103825651_2409240856039916_3722721084079784188_n-600x544.jpg 600w, https:\/\/havamall.vn\/wp-content\/uploads\/2022\/07\/103825651_2409240856039916_3722721084079784188_n.jpg 1493w\" sizes=\"(max-width: 608px) 100vw, 608px\" \/><\/p>\n<p>\u2013 T\u0103ng c\u01b0\u1eddng m\u1eadt \u0111\u1ed9 x\u01b0\u01a1ng v\u00e0 gi\u00fap r\u0103ng ch\u1eafc kh\u1ecfe: S\u1eefa l\u00e0 m\u1ed9t ngu\u1ed3n gi\u00e0u canxi. Kho\u00e1ng ch\u1ea5t n\u00e0y r\u1ea5t c\u1ea7n thi\u1ebft \u0111\u1ec3 gi\u00fap cho x\u01b0\u01a1ng v\u00e0 r\u0103ng kh\u1ecfe m\u1ea1nh.<\/p>\n<p>\u2013 Gi\u00e0u vitamin D: S\u1eefa l\u00e0 m\u1ed9t th\u1ef1c ph\u1ea9m r\u1ea5t gi\u00e0u vitamin D, n\u00f3 c\u00f3 t\u00e1c d\u1ee5ng l\u00e0m gi\u1ea3m vi\u00eam nhi\u1ec5m v\u00e0 t\u0103ng c\u01b0\u1eddng h\u1ec7 mi\u1ec5n d\u1ecbch.<\/p>\n<p>\u2013 Gi\u00fap gi\u1eef n\u01b0\u1edbc: Sau khi t\u1eadp th\u1ec3 d\u1ee5c, m\u1ed9t ly s\u1eefa c\u00f3 th\u1ec3 gi\u00fap kh\u00f4i ph\u1ee5c n\u0103ng l\u01b0\u1ee3ng c\u1ee7a b\u1ea1n v\u00e0 \u0111\u1ed3ng th\u1eddi gi\u1eef \u1ea9m c\u01a1 th\u1ec3.<\/p>\n<p>\u2013 Ph\u00e1t tri\u1ec3n c\u01a1 b\u1eafp: Protein c\u00f3 trong s\u1eefa, l\u00e0 ch\u1ea5t dinh d\u01b0\u1ee1ng c\u1ea7n thi\u1ebft cho s\u1ef1 t\u0103ng tr\u01b0\u1edfng c\u01a1 b\u1eafp.<\/p>\n<p><img loading=\"lazy\" decoding=\"async\" class=\"wp-image-28224 aligncenter\" src=\"https:\/\/havamall.vn\/wp-content\/uploads\/2022\/07\/maxresdefault-300x169.png\" alt=\"\" width=\"620\" height=\"349\" srcset=\"https:\/\/havamall.vn\/wp-content\/uploads\/2022\/07\/maxresdefault-300x169.png 300w, https:\/\/havamall.vn\/wp-content\/uploads\/2022\/07\/maxresdefault-430x242.png 430w, https:\/\/havamall.vn\/wp-content\/uploads\/2022\/07\/maxresdefault-150x84.png 150w, https:\/\/havamall.vn\/wp-content\/uploads\/2022\/07\/maxresdefault-700x394.png 700w, https:\/\/havamall.vn\/wp-content\/uploads\/2022\/07\/maxresdefault-768x432.png 768w, https:\/\/havamall.vn\/wp-content\/uploads\/2022\/07\/maxresdefault-1024x576.png 1024w, https:\/\/havamall.vn\/wp-content\/uploads\/2022\/07\/maxresdefault-1200x675.png 1200w, https:\/\/havamall.vn\/wp-content\/uploads\/2022\/07\/maxresdefault-600x338.png 600w, https:\/\/havamall.vn\/wp-content\/uploads\/2022\/07\/maxresdefault.png 1280w\" sizes=\"(max-width: 620px) 100vw, 620px\" \/><\/p>","protected":false},"excerpt":{"rendered":"<p>S\u01b0\u0303a \u0111\u0103\u0323c T\u00e0i L\u1ed9c v\u01a1\u0301i \u0111\u1ed9 \u0111\u1ea1m cao, vi\u0323 th\u01a1m ngon \u0111\u00e2\u0323m \u0111a\u0300, sa\u0301nh \u0111\u0103\u0323c, la\u0300 bi\u0301 quy\u00ea\u0301t kh\u00f4ng th\u00ea\u0309<\/p>","protected":false},"featured_media":28219,"comment_status":"open","ping_status":"closed","template":"","meta":[],"product_brand":[],"product_cat":[36,135],"product_tag":[],"class_list":{"0":"post-28218","1":"product","2":"type-product","3":"status-publish","4":"has-post-thumbnail","6":"product_cat-thuc-pham-tieu-dung","7":"product_cat-sua-do-uong","9":"first","10":"outofstock","11":"sale","12":"shipping-taxable","13":"purchasable","14":"product-type-simple"},"_links":{"self":[{"href":"https:\/\/havamall.vn\/en\/wp-json\/wp\/v2\/product\/28218"}],"collection":[{"href":"https:\/\/havamall.vn\/en\/wp-json\/wp\/v2\/product"}],"about":[{"href":"https:\/\/havamall.vn\/en\/wp-json\/wp\/v2\/types\/product"}],"replies":[{"embeddable":true,"href":"https:\/\/havamall.vn\/en\/wp-json\/wp\/v2\/comments?post=28218"}],"version-history":[{"count":0,"href":"https:\/\/havamall.vn\/en\/wp-json\/wp\/v2\/product\/28218\/revisions"}],"wp:featuredmedia":[{"embeddable":true,"href":"https:\/\/havamall.vn\/en\/wp-json\/wp\/v2\/media\/28219"}],"wp:attachment":[{"href":"https:\/\/havamall.vn\/en\/wp-json\/wp\/v2\/media?parent=28218"}],"wp:term":[{"taxonomy":"product_brand","embeddable":true,"href":"https:\/\/havamall.vn\/en\/wp-json\/wp\/v2\/product_brand?post=28218"},{"taxonomy":"product_cat","embeddable":true,"href":"https:\/\/havamall.vn\/en\/wp-json\/wp\/v2\/product_cat?post=28218"},{"taxonomy":"product_tag","embeddable":true,"href":"https:\/\/havamall.vn\/en\/wp-json\/wp\/v2\/product_tag?post=28218"}],"curies":[{"name":"wp","href":"https:\/\/api.w.org\/{rel}","templated":true}]}}