{"id":28182,"date":"2022-07-21T16:53:41","date_gmt":"2022-07-21T09:53:41","guid":{"rendered":"https:\/\/havamall.vn\/?post_type=product&#038;p=28182"},"modified":"2023-06-05T17:26:06","modified_gmt":"2023-06-05T10:26:06","slug":"thach-kem-da-vi-sua-larbee-ice-pop-milk-flavor","status":"publish","type":"product","link":"https:\/\/havamall.vn\/en\/shop\/thach-kem-da-vi-sua-larbee-ice-pop-milk-flavor\/","title":{"rendered":"Th\u1ea1ch Kem \u0110\u00e1 V\u1ecb S\u1eefa Larbee \u2013 Ice Pop Milk Flavor 440g"},"content":{"rendered":"<p>S\u1ea3n ph\u1ea9m kh\u00f4ng s\u1eed d\u1ee5ng ch\u1ea5t t\u1ea1o m\u00f9i m\u00e0 th\u00e0nh ph\u1ea7n ch\u00ednh t\u1eeb n\u01b0\u1edbc \u00e9p tr\u00e1i c\u00e2y t\u1ef1 nhi\u00ean, mang l\u1ea1i h\u01b0\u01a1ng v\u1ecb ng\u1ecdt t\u1ef1 nhi\u00ean, \u0111\u1eb7c tr\u01b0ng v\u00e0 r\u1ea5t b\u1ed5 d\u01b0\u1ee1ng cho c\u01a1 th\u1ec3.<\/p>\n<p>S\u1ea3n ph\u1ea9m \u0111\u01b0\u1ee3c \u0111\u00f3ng g\u00f3i nh\u1ecf g\u1ecdn, ti\u1ec7n l\u1ee3i khi s\u1eed d\u1ee5ng v\u00e0 d\u1ec5 d\u00e0ng cho b\u1ea1n mang theo khi \u0111i h\u1ecdc, \u0111i l\u00e0m, du l\u1ecbch,th\u01b0\u1edfng th\u1ee9c c\u00f9ng b\u1ea1n b\u00e8 v\u00e0 ng\u01b0\u1eddi th\u00e2n. S\u1ea3n ph\u1ea9m khi b\u1ecf ng\u0103n m\u00e1t \u0103n nh\u01b0 th\u1ea1ch, ng\u0103n \u0111\u00e1 th\u00ec th\u00e0nh kem tuy\u1ebft.<\/p>\n<p><img fetchpriority=\"high\" decoding=\"async\" class=\"wp-image-28177 aligncenter\" src=\"https:\/\/havamall.vn\/wp-content\/uploads\/2022\/07\/292048309_2951618861808390_2867371285438690095_n-300x300.jpg\" alt=\"\" width=\"537\" height=\"537\" srcset=\"https:\/\/havamall.vn\/wp-content\/uploads\/2022\/07\/292048309_2951618861808390_2867371285438690095_n-300x300.jpg 300w, https:\/\/havamall.vn\/wp-content\/uploads\/2022\/07\/292048309_2951618861808390_2867371285438690095_n-430x430.jpg 430w, https:\/\/havamall.vn\/wp-content\/uploads\/2022\/07\/292048309_2951618861808390_2867371285438690095_n-150x150.jpg 150w, https:\/\/havamall.vn\/wp-content\/uploads\/2022\/07\/292048309_2951618861808390_2867371285438690095_n-700x700.jpg 700w, https:\/\/havamall.vn\/wp-content\/uploads\/2022\/07\/292048309_2951618861808390_2867371285438690095_n-768x768.jpg 768w, https:\/\/havamall.vn\/wp-content\/uploads\/2022\/07\/292048309_2951618861808390_2867371285438690095_n-1024x1024.jpg 1024w, https:\/\/havamall.vn\/wp-content\/uploads\/2022\/07\/292048309_2951618861808390_2867371285438690095_n-1200x1200.jpg 1200w, https:\/\/havamall.vn\/wp-content\/uploads\/2022\/07\/292048309_2951618861808390_2867371285438690095_n-600x600.jpg 600w, https:\/\/havamall.vn\/wp-content\/uploads\/2022\/07\/292048309_2951618861808390_2867371285438690095_n-100x100.jpg 100w, https:\/\/havamall.vn\/wp-content\/uploads\/2022\/07\/292048309_2951618861808390_2867371285438690095_n.jpg 1340w\" sizes=\"(max-width: 537px) 100vw, 537px\" \/><\/p>\n<h3><strong>\u0110\u1eb7c \u0111i\u1ec3m n\u1ed5i b\u1eadt c\u1ee7a s\u1ea3n ph\u1ea9m:<\/strong><\/h3>\n<ul>\n<li>H\u01b0\u01a1ng v\u1ecb s\u1eefa th\u01a1m ngon, m\u00e1t l\u1ea1nh, dai m\u1ec1m v\u00f4 c\u00f9ng h\u1ea5p d\u1eabn. S\u1ea3n ph\u1ea9m kh\u00f4ng s\u1eed d\u1ee5ng ch\u1ea5t t\u1ea1o m\u00f9i m\u00e0 th\u00e0nh ph\u1ea7n ch\u00ednh t\u1eeb n\u01b0\u1edbc \u00e9p tr\u00e1i c\u00e2y t\u1ef1 nhi\u00ean, mang l\u1ea1i h\u01b0\u01a1ng v\u1ecb ng\u1ecdt t\u1ef1 nhi\u00ean, \u0111\u1eb7c tr\u01b0ng v\u00e0 r\u1ea5t b\u1ed5 d\u01b0\u1ee1ng cho c\u01a1 th\u1ec3.<\/li>\n<li>Ch\u1ee9a nhi\u1ec1u acid amin t\u1ef1 nhi\u00ean.<\/li>\n<li>Gi\u00e0u carbohydrate v\u00e0 vitamin B n\u00ean gi\u00fap t\u0103ng c\u01b0\u01a1\u0300ng kh\u1ea3 n\u0103ng mi\u1ec5n d\u1ecbch c\u1ee7a c\u01a1 th\u1ec3. B\u00ean c\u1ea1nh \u0111o\u0301, th\u1ea1ch co\u0300n la\u0300 lo\u1ea1i th\u01b0\u0323c ph\u1ea9m gia\u0300u acid amin \u2013 gi\u00fap h\u1ed3i ph\u1ee5c s\u1ee9c kh\u1ecfe nhanh ch\u00f3ng.<\/li>\n<li>L\u00e0 m\u00f3n \u0103n v\u1eb7t \u0111\u01b0\u1ee3c nhi\u1ec1u ng\u01b0\u1eddi y\u00eau th\u00edch.<\/li>\n<li>Th\u1ea1ch kem \u0111\u00e1 Larbee kh\u00f4ng ch\u1ec9 l\u00e0 m\u00f3n \u0103n v\u1eb7t kho\u00e1i kh\u1ea9u c\u1ee7a tr\u1ebb em m\u00e0 c\u00f2n h\u1ea5p d\u1eabn c\u1ea3 ng\u01b0\u1eddi l\u1edbn. S\u1ea3n ph\u1ea9m \u0111\u01b0\u1ee3c \u0111\u00f3ng g\u00f3i nh\u1ecf g\u1ecdn, ti\u1ec7n l\u1ee3i khi s\u1eed d\u1ee5ng v\u00e0 d\u1ec5 d\u00e0ng cho b\u1ea1n mang theo khi \u0111i h\u1ecdc, \u0111i l\u00e0m, du l\u1ecbch\u2026 th\u01b0\u1edfng th\u1ee9c c\u00f9ng b\u1ea1n b\u00e8, ng\u01b0\u1eddi th\u00e2n.<\/li>\n<\/ul>\n<p><img decoding=\"async\" class=\"wp-image-28179 aligncenter\" src=\"https:\/\/havamall.vn\/wp-content\/uploads\/2022\/07\/0c1f7e8d41ddb756975136cd93ef8401-300x246.jpg\" alt=\"\" width=\"540\" height=\"443\" srcset=\"https:\/\/havamall.vn\/wp-content\/uploads\/2022\/07\/0c1f7e8d41ddb756975136cd93ef8401-300x246.jpg 300w, https:\/\/havamall.vn\/wp-content\/uploads\/2022\/07\/0c1f7e8d41ddb756975136cd93ef8401-430x352.jpg 430w, https:\/\/havamall.vn\/wp-content\/uploads\/2022\/07\/0c1f7e8d41ddb756975136cd93ef8401-150x123.jpg 150w, https:\/\/havamall.vn\/wp-content\/uploads\/2022\/07\/0c1f7e8d41ddb756975136cd93ef8401-600x492.jpg 600w, https:\/\/havamall.vn\/wp-content\/uploads\/2022\/07\/0c1f7e8d41ddb756975136cd93ef8401.jpg 620w\" sizes=\"(max-width: 540px) 100vw, 540px\" \/><\/p>\n<h3><strong>H\u01af\u1edaNG D\u1eaaN S\u1eec D\u1ee4NG<\/strong><\/h3>\n<p>\u2013 \u0110\u1ec3 \u0111\u00f4ng v\u00e0o t\u1ee7 \u0111\u00f4ng kho\u1ea3ng t\u1eeb 10 ti\u1ebfng sau \u0111\u00f3 b\u1ebb \u0111\u00f4i th\u01b0\u1edfng th\u1ee9c.<\/p>\n<p>\u2013 Cho v\u00e0o khay \u0111\u00e1 vi\u00ean \u0111\u1ec3 \u0111\u00f4ng r\u1ed3i pha v\u1edbi Soda \u0111\u1ec3 th\u00e0nh ly Soda tr\u00e1i c\u00e2y tuy\u1ec7t h\u1ea3o.<\/p>\n<p><img decoding=\"async\" class=\"wp-image-28183 aligncenter\" src=\"https:\/\/havamall.vn\/wp-content\/uploads\/2022\/07\/32b82ca3f7e44dc35355d580ed7f1cd0-300x205.png\" alt=\"\" width=\"527\" height=\"360\" srcset=\"https:\/\/havamall.vn\/wp-content\/uploads\/2022\/07\/32b82ca3f7e44dc35355d580ed7f1cd0-300x205.png 300w, https:\/\/havamall.vn\/wp-content\/uploads\/2022\/07\/32b82ca3f7e44dc35355d580ed7f1cd0-430x293.png 430w, https:\/\/havamall.vn\/wp-content\/uploads\/2022\/07\/32b82ca3f7e44dc35355d580ed7f1cd0-150x102.png 150w, https:\/\/havamall.vn\/wp-content\/uploads\/2022\/07\/32b82ca3f7e44dc35355d580ed7f1cd0-700x477.png 700w, https:\/\/havamall.vn\/wp-content\/uploads\/2022\/07\/32b82ca3f7e44dc35355d580ed7f1cd0-768x524.png 768w, https:\/\/havamall.vn\/wp-content\/uploads\/2022\/07\/32b82ca3f7e44dc35355d580ed7f1cd0-1024x698.png 1024w, https:\/\/havamall.vn\/wp-content\/uploads\/2022\/07\/32b82ca3f7e44dc35355d580ed7f1cd0.png 1200w, https:\/\/havamall.vn\/wp-content\/uploads\/2022\/07\/32b82ca3f7e44dc35355d580ed7f1cd0-600x409.png 600w\" sizes=\"(max-width: 527px) 100vw, 527px\" \/><\/p>","protected":false},"excerpt":{"rendered":"<p>S\u1ea3n ph\u1ea9m kh\u00f4ng s\u1eed d\u1ee5ng ch\u1ea5t t\u1ea1o m\u00f9i m\u00e0 th\u00e0nh ph\u1ea7n ch\u00ednh t\u1eeb n\u01b0\u1edbc \u00e9p tr\u00e1i c\u00e2y t\u1ef1 nhi\u00ean, mang<\/p>","protected":false},"featured_media":28184,"comment_status":"open","ping_status":"closed","template":"","meta":[],"product_brand":[],"product_cat":[36,133],"product_tag":[],"class_list":{"0":"post-28182","1":"product","2":"type-product","3":"status-publish","4":"has-post-thumbnail","6":"product_cat-thuc-pham-tieu-dung","7":"product_cat-banh-keo-chocolate","9":"first","10":"outofstock","11":"sale","12":"shipping-taxable","13":"purchasable","14":"product-type-simple"},"_links":{"self":[{"href":"https:\/\/havamall.vn\/en\/wp-json\/wp\/v2\/product\/28182"}],"collection":[{"href":"https:\/\/havamall.vn\/en\/wp-json\/wp\/v2\/product"}],"about":[{"href":"https:\/\/havamall.vn\/en\/wp-json\/wp\/v2\/types\/product"}],"replies":[{"embeddable":true,"href":"https:\/\/havamall.vn\/en\/wp-json\/wp\/v2\/comments?post=28182"}],"version-history":[{"count":0,"href":"https:\/\/havamall.vn\/en\/wp-json\/wp\/v2\/product\/28182\/revisions"}],"wp:featuredmedia":[{"embeddable":true,"href":"https:\/\/havamall.vn\/en\/wp-json\/wp\/v2\/media\/28184"}],"wp:attachment":[{"href":"https:\/\/havamall.vn\/en\/wp-json\/wp\/v2\/media?parent=28182"}],"wp:term":[{"taxonomy":"product_brand","embeddable":true,"href":"https:\/\/havamall.vn\/en\/wp-json\/wp\/v2\/product_brand?post=28182"},{"taxonomy":"product_cat","embeddable":true,"href":"https:\/\/havamall.vn\/en\/wp-json\/wp\/v2\/product_cat?post=28182"},{"taxonomy":"product_tag","embeddable":true,"href":"https:\/\/havamall.vn\/en\/wp-json\/wp\/v2\/product_tag?post=28182"}],"curies":[{"name":"wp","href":"https:\/\/api.w.org\/{rel}","templated":true}]}}