{"id":28153,"date":"2022-07-21T11:51:51","date_gmt":"2022-07-21T04:51:51","guid":{"rendered":"https:\/\/havamall.vn\/?post_type=product&#038;p=28153"},"modified":"2022-07-21T13:45:54","modified_gmt":"2022-07-21T06:45:54","slug":"banh-chocolate-kitkat-vi-cam-nhat-ban-8-thanh-mini","status":"publish","type":"product","link":"https:\/\/havamall.vn\/en\/shop\/banh-chocolate-kitkat-vi-cam-nhat-ban-8-thanh-mini\/","title":{"rendered":"B\u00e1nh Chocolate Kitkat V\u1ecb Cam Nh\u1eadt B\u1ea3n 8 Thanh Mini"},"content":{"rendered":"<p>Kh\u00f4ng ph\u1ea3i ng\u1eabu nhi\u00ean m\u00e0 nhi\u1ec1u ng\u01b0\u1eddi g\u00e1n cho Nh\u1eadt B\u1ea3n c\u00e1i t\u00ean v\u01b0\u01a1ng qu\u1ed1c c\u1ee7a nh\u1eefng thanh Kitkat khi \u0111\u00e2y l\u00e0 m\u00f3n \u0103n \u01b0a th\u00edch c\u1ee7a ng\u01b0\u1eddi d\u00e2n \u0111\u1ea5t n\u01b0\u1edbc n\u00e0y.<\/p>\n<p>B\u00e1nh KitKat Chocolate Orange c\u00f3 v\u1ecb cam, chua chua ng\u1ecdt ng\u1ecdt kich th\u00edch v\u1ecb gi\u00e1c th\u1ef1c kh\u00e1ch. Ph\u1ea7n l\u1edbn m\u1ecdi ng\u01b0\u1eddi tr\u00ean th\u1ebf gi\u1edbi \u0111\u1ec1u bi\u1ebft \u0111\u1ebfn Kitkat nh\u01b0 m\u1ed9t m\u00f3n \u0111i\u1ec3m t\u00e2m s\u00e1ng \u0111\u01b0\u1ee3c l\u00e0m t\u1eeb b\u00e1nh x\u1ed1p v\u00e0 chocolate tr\u1eafng. Tuy nhi\u00ean t\u1ea1i Nh\u1eadt B\u1ea3n, n\u00f3 l\u00e0 m\u1ed9t th\u1ee9 ho\u00e0n to\u00e0n kh\u00e1c. B\u1ea1n s\u1ebd kh\u00f4ng ch\u1ec9 th\u1ea5y nh\u1eefng mi\u1ebfng chocolate \u0111\u01a1n \u0111i\u1ec7u m\u00e0 \u0111\u1ea7y m\u00e0u s\u1eafc, h\u01b0\u01a1ng v\u1ecb \u0111\u1ed9c \u0111\u00e1o.<\/p>\n<p><img fetchpriority=\"high\" decoding=\"async\" class=\"wp-image-28154 aligncenter\" src=\"https:\/\/havamall.vn\/wp-content\/uploads\/2022\/07\/Kit-Kat-Chocolat-Orange-300x300.png\" alt=\"\" width=\"625\" height=\"625\" srcset=\"https:\/\/havamall.vn\/wp-content\/uploads\/2022\/07\/Kit-Kat-Chocolat-Orange-300x300.png 300w, https:\/\/havamall.vn\/wp-content\/uploads\/2022\/07\/Kit-Kat-Chocolat-Orange-430x430.png 430w, https:\/\/havamall.vn\/wp-content\/uploads\/2022\/07\/Kit-Kat-Chocolat-Orange-150x150.png 150w, https:\/\/havamall.vn\/wp-content\/uploads\/2022\/07\/Kit-Kat-Chocolat-Orange-700x700.png 700w, https:\/\/havamall.vn\/wp-content\/uploads\/2022\/07\/Kit-Kat-Chocolat-Orange-768x768.png 768w, https:\/\/havamall.vn\/wp-content\/uploads\/2022\/07\/Kit-Kat-Chocolat-Orange-600x600.png 600w, https:\/\/havamall.vn\/wp-content\/uploads\/2022\/07\/Kit-Kat-Chocolat-Orange-100x100.png 100w, https:\/\/havamall.vn\/wp-content\/uploads\/2022\/07\/Kit-Kat-Chocolat-Orange.png 1000w\" sizes=\"(max-width: 625px) 100vw, 625px\" \/><\/p>\n<p>Ngay khi xu\u1ea5t hi\u1ec7n t\u1ea1i Nh\u1eadt B\u1ea3n, Kitkat th\u01b0\u1eddng \u0111\u01b0\u1ee3c ph\u1ee5 huynh h\u1ecdc sinh t\u1eb7ng cho con m\u00ecnh hay nh\u1eefng ng\u01b0\u1eddi b\u1ea1n t\u1eb7ng cho nhau tr\u01b0\u1edbc m\u1ed7i k\u1ef3 thi nh\u01b0 m\u1ed9t l\u1eddi ch\u00fac may m\u1eafn. V\u00e0 n\u1ebfu c\u00f3 nh\u1eefng ng\u01b0\u1eddi b\u1ea1n Nh\u1eadt B\u1ea3n, h\u1ecd c\u0169ng s\u1ebd g\u1eedi cho b\u1ea1n nh\u1eefng phong k\u1eb9o Kitkat tr\u01b0\u1edbc m\u1ed7i k\u1ef3 thi v\u1edbi mong \u01b0\u1edbc m\u1ed9t b\u00e0i ki\u1ec3m tra xu\u1ea5t s\u1eafc.<\/p>\n<p>B\u00e1nh Kitkat Mini Cam l\u00e0 s\u1ef1 k\u00eat h\u1ee3p gi\u1eefa socola v\u00e0 v\u1ecb cam, 100% t\u1ef1 nhi\u00ean, kh\u00f4ng h\u00f3a ch\u1ea5t, h\u01b0\u01a1ng th\u01a1m ng\u1ecdt ng\u00e0o c\u1ee7a cam v\u00e0 s\u1eefa r\u1ea5t \u0111\u1eb7c tr\u01b0ng. Khi \u0103n v\u00e0o, b\u00e1nh c\u00f3 v\u1ecb ng\u1ecdt m\u00e1t, \u0111\u1eadm v\u1ecb v\u00e0 socola tr\u1eafng nh\u01b0ng kh\u00f4ng qu\u00e1 b\u00e9o ng\u1eady, \u0111em \u0111\u1ebfn v\u1ecb ng\u1ecdt ng\u00e0o, h\u1ea5p d\u1eabn.<\/p>\n<p><img decoding=\"async\" class=\"wp-image-28155 aligncenter\" src=\"https:\/\/havamall.vn\/wp-content\/uploads\/2022\/07\/Kit-Kat-Chocolat--300x300.png\" alt=\"\" width=\"632\" height=\"632\" srcset=\"https:\/\/havamall.vn\/wp-content\/uploads\/2022\/07\/Kit-Kat-Chocolat--300x300.png 300w, https:\/\/havamall.vn\/wp-content\/uploads\/2022\/07\/Kit-Kat-Chocolat--430x430.png 430w, https:\/\/havamall.vn\/wp-content\/uploads\/2022\/07\/Kit-Kat-Chocolat--150x150.png 150w, https:\/\/havamall.vn\/wp-content\/uploads\/2022\/07\/Kit-Kat-Chocolat--700x700.png 700w, https:\/\/havamall.vn\/wp-content\/uploads\/2022\/07\/Kit-Kat-Chocolat--768x768.png 768w, https:\/\/havamall.vn\/wp-content\/uploads\/2022\/07\/Kit-Kat-Chocolat--600x600.png 600w, https:\/\/havamall.vn\/wp-content\/uploads\/2022\/07\/Kit-Kat-Chocolat--100x100.png 100w, https:\/\/havamall.vn\/wp-content\/uploads\/2022\/07\/Kit-Kat-Chocolat-.png 1000w\" sizes=\"(max-width: 632px) 100vw, 632px\" \/><\/p>\n<h3><strong>\u0110\u1eb7c \u0111i\u1ec3m n\u1ed5i b\u1eadt c\u1ee7a b\u00e1nh kitkat<\/strong><\/h3>\n<p>&#8211; Kitkat l\u00e0 b\u00e1nh x\u1ed1p mang nhi\u1ec1u h\u01b0\u01a1ng v\u1ecb<\/p>\n<p>&#8211; V\u1ecb ngon ng\u1ecdt, th\u01a1m th\u01a1m, ng\u1eady ng\u1eady, mang ch\u00fat v\u1ecb \u0111\u1eafng \u0111\u1eb7c tr\u01b0ng c\u1ee7a chocolate. Lo\u1ea1i b\u00e1nh n\u00e0y \u0111\u01b0\u1ee3c nhi\u1ec1u b\u1ea1n tr\u1ebb \u01b0a chu\u1ed9ng.<\/p>\n<p>&#8211; B\u00e1nh Socola Kit Kat l\u00e0 s\u1ef1 h\u00f2a quy\u1ec7n \u0111\u1ed9c \u0111\u00e1o gi\u1eefa v\u1ecb ng\u1ecdt ng\u00e0o c\u1ee7a chocolate, v\u1ecb b\u00e9o ng\u1eady c\u1ee7a s\u1eefa, \u0111\u1ed9 x\u1ed1p, gi\u00f2n c\u1ee7a b\u00e1nh. S\u1ea3n ph\u1ea9m mang \u0111\u1ebfn cho b\u1ea1n h\u01b0\u01a1ng v\u1ecb th\u01a1m ngon, h\u1ea5p d\u1eabn.<\/p>\n<p><img decoding=\"async\" class=\"wp-image-28156 aligncenter\" src=\"https:\/\/havamall.vn\/wp-content\/uploads\/2022\/07\/japan-crate-november-2021-8-300x257.jpg\" alt=\"\" width=\"632\" height=\"541\" srcset=\"https:\/\/havamall.vn\/wp-content\/uploads\/2022\/07\/japan-crate-november-2021-8-300x257.jpg 300w, https:\/\/havamall.vn\/wp-content\/uploads\/2022\/07\/japan-crate-november-2021-8-430x369.jpg 430w, https:\/\/havamall.vn\/wp-content\/uploads\/2022\/07\/japan-crate-november-2021-8-150x129.jpg 150w, https:\/\/havamall.vn\/wp-content\/uploads\/2022\/07\/japan-crate-november-2021-8-700x600.jpg 700w, https:\/\/havamall.vn\/wp-content\/uploads\/2022\/07\/japan-crate-november-2021-8-768x659.jpg 768w, https:\/\/havamall.vn\/wp-content\/uploads\/2022\/07\/japan-crate-november-2021-8-1024x878.jpg 1024w, https:\/\/havamall.vn\/wp-content\/uploads\/2022\/07\/japan-crate-november-2021-8-1200x1029.jpg 1200w, https:\/\/havamall.vn\/wp-content\/uploads\/2022\/07\/japan-crate-november-2021-8-600x514.jpg 600w\" sizes=\"(max-width: 632px) 100vw, 632px\" \/><\/p>\n<p>&#8211; B\u00e1nh Socola Kit Kat kh\u00f4ng ch\u1ee9a ph\u1ea9m m\u00e0u ho\u1eb7c h\u00f3a ch\u1ea5t \u0111\u1ed9c h\u1ea1i, qu\u00e1 tr\u00ecnh s\u1ea3n xu\u1ea5t \u0111\u01b0\u1ee3c ki\u1ec3m \u0111\u1ecbnh nghi\u00eam ng\u1eb7t, \u0111\u1ea3m b\u1ea3o ch\u1ea5t l\u01b0\u1ee3ng.<\/p>\n<p>&#8211; \u0110\u1eb7c bi\u1ec7t, b\u00e1nh c\u00f2n ch\u1ee9a nhi\u1ec1u th\u00e0nh ph\u1ea7n h\u1eefu \u00edch cho s\u1ee9c kh\u1ecfe, d\u00f9ng cho b\u1eefa \u0103n nh\u1eb9, cung c\u1ea5p nhi\u1ec1u n\u0103ng l\u01b0\u1ee3ng, cho b\u1ea1n m\u1ed9t ng\u00e0y h\u1ecdc t\u1eadp, l\u00e0m vi\u1ec7c hi\u1ec7u qu\u1ea3.<\/p>\n<p>&#8211; S\u1ea3n ph\u1ea9m \u0111\u01b0\u1ee3c \u0111\u00f3ng g\u00f3i 8 thanh Socola Kit Kat gi\u00fap b\u1ea1n th\u1ecfa m\u00e3n &#8220;c\u01a1n nghi\u1ec7n&#8221; Kit Kat ngay l\u1eadp t\u1ee9c. Socola Kit Kat d\u1ea7n tr\u1edf th\u00e0nh m\u1ed9t trong nh\u1eefng th\u01b0\u01a1ng hi\u1ec7u b\u00e1nh k\u1eb9o r\u1ea5t n\u1ed5i ti\u1ebfng \u0111\u01b0\u1ee3c nhi\u1ec1u ng\u01b0\u1eddi tin d\u00f9ng.<\/p>\n<p><img loading=\"lazy\" decoding=\"async\" class=\"wp-image-28157 aligncenter\" src=\"https:\/\/havamall.vn\/wp-content\/uploads\/2022\/07\/25182022_1539780692723651_1431814555142411837_o-300x300.jpg\" alt=\"\" width=\"630\" height=\"630\" srcset=\"https:\/\/havamall.vn\/wp-content\/uploads\/2022\/07\/25182022_1539780692723651_1431814555142411837_o-300x300.jpg 300w, https:\/\/havamall.vn\/wp-content\/uploads\/2022\/07\/25182022_1539780692723651_1431814555142411837_o-430x430.jpg 430w, https:\/\/havamall.vn\/wp-content\/uploads\/2022\/07\/25182022_1539780692723651_1431814555142411837_o-150x150.jpg 150w, https:\/\/havamall.vn\/wp-content\/uploads\/2022\/07\/25182022_1539780692723651_1431814555142411837_o-700x700.jpg 700w, https:\/\/havamall.vn\/wp-content\/uploads\/2022\/07\/25182022_1539780692723651_1431814555142411837_o-768x768.jpg 768w, https:\/\/havamall.vn\/wp-content\/uploads\/2022\/07\/25182022_1539780692723651_1431814555142411837_o-1024x1024.jpg 1024w, https:\/\/havamall.vn\/wp-content\/uploads\/2022\/07\/25182022_1539780692723651_1431814555142411837_o.jpg 1200w, https:\/\/havamall.vn\/wp-content\/uploads\/2022\/07\/25182022_1539780692723651_1431814555142411837_o-600x600.jpg 600w, https:\/\/havamall.vn\/wp-content\/uploads\/2022\/07\/25182022_1539780692723651_1431814555142411837_o-100x100.jpg 100w\" sizes=\"(max-width: 630px) 100vw, 630px\" \/><\/p>","protected":false},"excerpt":{"rendered":"<p>Kh\u00f4ng ph\u1ea3i ng\u1eabu nhi\u00ean m\u00e0 nhi\u1ec1u ng\u01b0\u1eddi g\u00e1n cho Nh\u1eadt B\u1ea3n c\u00e1i t\u00ean v\u01b0\u01a1ng qu\u1ed1c c\u1ee7a nh\u1eefng thanh Kitkat khi<\/p>","protected":false},"featured_media":28158,"comment_status":"open","ping_status":"closed","template":"","meta":[],"product_brand":[],"product_cat":[36,133],"product_tag":[],"class_list":{"0":"post-28153","1":"product","2":"type-product","3":"status-publish","4":"has-post-thumbnail","6":"product_cat-thuc-pham-tieu-dung","7":"product_cat-banh-keo-chocolate","9":"first","10":"instock","11":"sale","12":"shipping-taxable","13":"purchasable","14":"product-type-simple"},"_links":{"self":[{"href":"https:\/\/havamall.vn\/en\/wp-json\/wp\/v2\/product\/28153"}],"collection":[{"href":"https:\/\/havamall.vn\/en\/wp-json\/wp\/v2\/product"}],"about":[{"href":"https:\/\/havamall.vn\/en\/wp-json\/wp\/v2\/types\/product"}],"replies":[{"embeddable":true,"href":"https:\/\/havamall.vn\/en\/wp-json\/wp\/v2\/comments?post=28153"}],"version-history":[{"count":0,"href":"https:\/\/havamall.vn\/en\/wp-json\/wp\/v2\/product\/28153\/revisions"}],"wp:featuredmedia":[{"embeddable":true,"href":"https:\/\/havamall.vn\/en\/wp-json\/wp\/v2\/media\/28158"}],"wp:attachment":[{"href":"https:\/\/havamall.vn\/en\/wp-json\/wp\/v2\/media?parent=28153"}],"wp:term":[{"taxonomy":"product_brand","embeddable":true,"href":"https:\/\/havamall.vn\/en\/wp-json\/wp\/v2\/product_brand?post=28153"},{"taxonomy":"product_cat","embeddable":true,"href":"https:\/\/havamall.vn\/en\/wp-json\/wp\/v2\/product_cat?post=28153"},{"taxonomy":"product_tag","embeddable":true,"href":"https:\/\/havamall.vn\/en\/wp-json\/wp\/v2\/product_tag?post=28153"}],"curies":[{"name":"wp","href":"https:\/\/api.w.org\/{rel}","templated":true}]}}