{"id":28145,"date":"2022-07-21T11:32:44","date_gmt":"2022-07-21T04:32:44","guid":{"rendered":"https:\/\/havamall.vn\/?post_type=product&#038;p=28145"},"modified":"2022-07-21T11:32:44","modified_gmt":"2022-07-21T04:32:44","slug":"banh-kitkat-vi-socola-den-nhat-ban-12-thanh-mini","status":"publish","type":"product","link":"https:\/\/havamall.vn\/en\/shop\/banh-kitkat-vi-socola-den-nhat-ban-12-thanh-mini\/","title":{"rendered":"B\u00e1nh Kitkat V\u1ecb Socola \u0110en Nh\u1eadt B\u1ea3n 12 Thanh Mini"},"content":{"rendered":"<p>N\u1ebfu nh\u1eafc \u0111\u1ebfn c\u00e1c lo\u1ea1i b\u00e1nh k\u1eb9o Nh\u1eadt th\u00ec kh\u00f4ng th\u1ec3 kh\u00f4ng nh\u1eafc \u0111\u1ebfn b\u00e1nh\u00a0Kitkat. Kitkat c\u00f3 xu\u1ea5t x\u1ee9 t\u1eeb th\u01b0\u01a1ng hi\u1ec7u Anh, v\u00e0 b\u1eaft \u0111\u1ea7u ra m\u1eaft th\u1ecb tr\u01b0\u1eddng Nh\u1eadt B\u1ea3n t\u1eeb nh\u1eefng n\u0103m 70, v\u00e0 b\u00e2y gi\u1edd\u00a0Kitkat\u00a0\u0111\u00e3 tr\u1edf th\u00e0nh th\u01b0\u01a1ng hi\u1ec7u b\u00e1nh k\u1eb9o r\u1ea5t n\u1ed5i ti\u1ebfng \u1edf Nh\u1eadt.<\/p>\n<p>Kit Kat\u00a0l\u00e0 lo\u1ea1i b\u00e1nh x\u1ed1p mang h\u01b0\u01a1ng v\u1ecb\u00a0socola\u00a0v\u00f4 c\u00f9ng quy\u1ebfn r\u0169, Kit Kat \u0111em l\u1ea1i s\u1ef1 h\u00e0i l\u00f2ng cho ng\u01b0\u1eddi ti\u00eau d\u00f9ng tr\u00ean to\u00e0n th\u1ebf gi\u1edbi. Th\u01b0\u1edfng th\u1ee9c m\u1ed9t thanh Kit Kat kh\u00f4ng ch\u1ec9 \u0111em l\u1ea1i kho\u1ea3nh kh\u1eafc tuy\u1ec7t v\u1eddi cho cu\u1ed9c s\u1ed1ng m\u00e0 n\u00f3 c\u00f2n g\u00f3p ph\u1ea7n cho m\u1ed9t ch\u1ebf \u0111\u1ed9 \u0103n c\u00e2n b\u1eb1ng, ho\u00e0n h\u1ea3o.<\/p>\n<p><img fetchpriority=\"high\" decoding=\"async\" class=\"wp-image-28152 aligncenter\" src=\"https:\/\/havamall.vn\/wp-content\/uploads\/2022\/07\/12022445-1-300x273.png\" alt=\"\" width=\"642\" height=\"584\" srcset=\"https:\/\/havamall.vn\/wp-content\/uploads\/2022\/07\/12022445-1-300x273.png 300w, https:\/\/havamall.vn\/wp-content\/uploads\/2022\/07\/12022445-1-430x391.png 430w, https:\/\/havamall.vn\/wp-content\/uploads\/2022\/07\/12022445-1-150x137.png 150w, https:\/\/havamall.vn\/wp-content\/uploads\/2022\/07\/12022445-1-700x637.png 700w, https:\/\/havamall.vn\/wp-content\/uploads\/2022\/07\/12022445-1-768x699.png 768w, https:\/\/havamall.vn\/wp-content\/uploads\/2022\/07\/12022445-1-1024x932.png 1024w, https:\/\/havamall.vn\/wp-content\/uploads\/2022\/07\/12022445-1.png 1200w, https:\/\/havamall.vn\/wp-content\/uploads\/2022\/07\/12022445-1-600x546.png 600w\" sizes=\"(max-width: 642px) 100vw, 642px\" \/><\/p>\n<p>Nh\u00e2m nhi \u0111\u1ed3 ng\u1ecdt \u0111em l\u1ea1i cho b\u1ea1n c\u1ea3m gi\u00e1c tho\u1ea3i m\u00e1i, xua tan \u0111i nh\u1eefng \u00e1p l\u1ef1c, g\u00f3p ph\u1ea7n n\u00e2ng cao s\u1ee9c kh\u1ecfe ng\u01b0\u1eddi ti\u00eau d\u00f9ng. H\u01a1n n\u1eefa,\u00a0socola\u00a0c\u00f3 nh\u1eefng gi\u00e1 tr\u1ecb qu\u00fd gi\u00e1 r\u1ea5t t\u1ed1t cho s\u1ee9c kh\u1ecfe v\u00e0 \u0111em l\u1ea1i c\u1ea3m gi\u00e1c h\u1ea1nh ph\u00fac cho m\u1ecdi ng\u01b0\u1eddi n\u1ebfu d\u00f9ng m\u1ed9t c\u00e1ch \u0111i\u1ec1u \u0111\u1ed9.<\/p>\n<p>V\u1edbi h\u01b0\u01a1ng v\u1ecb th\u01a1m ngon, x\u1ed1p m\u1ec1m, kh\u00f4ng qu\u00e1 ng\u1ecdt,\u00a0Kit Kat\u00a0ch\u1eafc ch\u1eafn s\u1ebd l\u00e0m v\u1eeba l\u00f2ng c\u00e1c b\u1ea1n ngay t\u1eeb l\u1ea7n n\u1ebfm th\u1eed \u0111\u1ea7u ti\u00ean.<\/p>\n<p><img decoding=\"async\" class=\"wp-image-28149 aligncenter\" src=\"https:\/\/havamall.vn\/wp-content\/uploads\/2022\/07\/139935816_10157973878-300x300.png\" alt=\"\" width=\"636\" height=\"636\" srcset=\"https:\/\/havamall.vn\/wp-content\/uploads\/2022\/07\/139935816_10157973878-300x300.png 300w, https:\/\/havamall.vn\/wp-content\/uploads\/2022\/07\/139935816_10157973878-430x430.png 430w, https:\/\/havamall.vn\/wp-content\/uploads\/2022\/07\/139935816_10157973878-150x150.png 150w, https:\/\/havamall.vn\/wp-content\/uploads\/2022\/07\/139935816_10157973878-700x700.png 700w, https:\/\/havamall.vn\/wp-content\/uploads\/2022\/07\/139935816_10157973878-768x768.png 768w, https:\/\/havamall.vn\/wp-content\/uploads\/2022\/07\/139935816_10157973878-1024x1024.png 1024w, https:\/\/havamall.vn\/wp-content\/uploads\/2022\/07\/139935816_10157973878-600x600.png 600w, https:\/\/havamall.vn\/wp-content\/uploads\/2022\/07\/139935816_10157973878-100x100.png 100w, https:\/\/havamall.vn\/wp-content\/uploads\/2022\/07\/139935816_10157973878.png 1080w\" sizes=\"(max-width: 636px) 100vw, 636px\" \/><\/p>\n<h3><strong>\u0110\u1eb7c \u0111i\u1ec3m n\u1ed5i b\u1eadt c\u1ee7a b\u00e1nh kitkat<\/strong><\/h3>\n<p>&#8211; Kitkat l\u00e0 b\u00e1nh x\u1ed1p mang nhi\u1ec1u h\u01b0\u01a1ng v\u1ecb<\/p>\n<p>&#8211; V\u1ecb ngon ng\u1ecdt, th\u01a1m th\u01a1m, ng\u1eady ng\u1eady, mang ch\u00fat v\u1ecb \u0111\u1eafng \u0111\u1eb7c tr\u01b0ng c\u1ee7a chocolate. Lo\u1ea1i b\u00e1nh n\u00e0y \u0111\u01b0\u1ee3c nhi\u1ec1u b\u1ea1n tr\u1ebb \u01b0a chu\u1ed9ng.<\/p>\n<p>&#8211; S\u1ea3n ph\u1ea9m kh\u00f4ng ch\u1ec9 l\u00e0 b\u00e1nh k\u1eb9o \u0103n th\u01b0\u1eddng ng\u00e0y m\u00e0 c\u00f2n c\u00f3 nhi\u1ec1u l\u1ee3i \u00edch kh\u00e1c nh\u01b0 t\u0103ng dinh d\u01b0\u1ee1ng cho c\u01a1 th\u1ec3, gi\u1ea3m Cholesterol v\u00e0 h\u1ed7 tr\u1ee3 b\u1ec7nh tim m\u1ea1ch.<\/p>\n<p>&#8211; B\u00e1nh Socola Kit Kat l\u00e0 s\u1ef1 h\u00f2a quy\u1ec7n \u0111\u1ed9c \u0111\u00e1o gi\u1eefa v\u1ecb ng\u1ecdt ng\u00e0o c\u1ee7a chocolate, v\u1ecb b\u00e9o ng\u1eady c\u1ee7a s\u1eefa, \u0111\u1ed9 x\u1ed1p, gi\u00f2n c\u1ee7a b\u00e1nh. S\u1ea3n ph\u1ea9m mang \u0111\u1ebfn cho b\u1ea1n h\u01b0\u01a1ng v\u1ecb th\u01a1m ngon, h\u1ea5p d\u1eabn.<\/p>\n<p><img decoding=\"async\" class=\"wp-image-28148 aligncenter\" src=\"https:\/\/havamall.vn\/wp-content\/uploads\/2022\/07\/10662164_721974094504319_5346853226160510581_o-300x275.jpg\" alt=\"\" width=\"643\" height=\"590\" srcset=\"https:\/\/havamall.vn\/wp-content\/uploads\/2022\/07\/10662164_721974094504319_5346853226160510581_o-300x275.jpg 300w, https:\/\/havamall.vn\/wp-content\/uploads\/2022\/07\/10662164_721974094504319_5346853226160510581_o-150x137.jpg 150w, https:\/\/havamall.vn\/wp-content\/uploads\/2022\/07\/10662164_721974094504319_5346853226160510581_o-700x641.jpg 700w, https:\/\/havamall.vn\/wp-content\/uploads\/2022\/07\/10662164_721974094504319_5346853226160510581_o-768x703.jpg 768w\" sizes=\"(max-width: 643px) 100vw, 643px\" \/><\/p>\n<p>&#8211; B\u00e1nh Socola Kit Kat kh\u00f4ng ch\u1ee9a ph\u1ea9m m\u00e0u ho\u1eb7c h\u00f3a ch\u1ea5t \u0111\u1ed9c h\u1ea1i, qu\u00e1 tr\u00ecnh s\u1ea3n xu\u1ea5t \u0111\u01b0\u1ee3c ki\u1ec3m \u0111\u1ecbnh nghi\u00eam ng\u1eb7t, \u0111\u1ea3m b\u1ea3o ch\u1ea5t l\u01b0\u1ee3ng.<\/p>\n<p>&#8211; \u0110\u1eb7c bi\u1ec7t, b\u00e1nh c\u00f2n ch\u1ee9a nhi\u1ec1u th\u00e0nh ph\u1ea7n h\u1eefu \u00edch cho s\u1ee9c kh\u1ecfe, d\u00f9ng cho b\u1eefa \u0103n nh\u1eb9, cung c\u1ea5p nhi\u1ec1u n\u0103ng l\u01b0\u1ee3ng, cho b\u1ea1n m\u1ed9t ng\u00e0y h\u1ecdc t\u1eadp, l\u00e0m vi\u1ec7c hi\u1ec7u qu\u1ea3.<\/p>\n<p>&#8211; S\u1ea3n ph\u1ea9m \u0111\u01b0\u1ee3c \u0111\u00f3ng g\u00f3i 6 thanh Socola Kit Kat gi\u00fap b\u1ea1n th\u1ecfa m\u00e3n &#8220;c\u01a1n nghi\u1ec7n&#8221; Kit Kat ngay l\u1eadp t\u1ee9c. Socola Kit Kat d\u1ea7n tr\u1edf th\u00e0nh m\u1ed9t trong nh\u1eefng th\u01b0\u01a1ng hi\u1ec7u b\u00e1nh k\u1eb9o r\u1ea5t n\u1ed5i ti\u1ebfng \u0111\u01b0\u1ee3c nhi\u1ec1u ng\u01b0\u1eddi tin d\u00f9ng.<\/p>\n<p><img loading=\"lazy\" decoding=\"async\" class=\"wp-image-28150 aligncenter\" src=\"https:\/\/havamall.vn\/wp-content\/uploads\/2022\/07\/44641842_1925284514173265-300x253.png\" alt=\"\" width=\"645\" height=\"544\" srcset=\"https:\/\/havamall.vn\/wp-content\/uploads\/2022\/07\/44641842_1925284514173265-300x253.png 300w, https:\/\/havamall.vn\/wp-content\/uploads\/2022\/07\/44641842_1925284514173265-430x362.png 430w, https:\/\/havamall.vn\/wp-content\/uploads\/2022\/07\/44641842_1925284514173265-150x126.png 150w, https:\/\/havamall.vn\/wp-content\/uploads\/2022\/07\/44641842_1925284514173265-700x590.png 700w, https:\/\/havamall.vn\/wp-content\/uploads\/2022\/07\/44641842_1925284514173265-768x647.png 768w, https:\/\/havamall.vn\/wp-content\/uploads\/2022\/07\/44641842_1925284514173265-1024x863.png 1024w, https:\/\/havamall.vn\/wp-content\/uploads\/2022\/07\/44641842_1925284514173265.png 1200w, https:\/\/havamall.vn\/wp-content\/uploads\/2022\/07\/44641842_1925284514173265-600x506.png 600w\" sizes=\"(max-width: 645px) 100vw, 645px\" \/><\/p>","protected":false},"excerpt":{"rendered":"<p>N\u1ebfu nh\u1eafc \u0111\u1ebfn c\u00e1c lo\u1ea1i b\u00e1nh k\u1eb9o Nh\u1eadt th\u00ec kh\u00f4ng th\u1ec3 kh\u00f4ng nh\u1eafc \u0111\u1ebfn b\u00e1nh\u00a0Kitkat. Kitkat c\u00f3 xu\u1ea5t x\u1ee9 t\u1eeb<\/p>","protected":false},"featured_media":28151,"comment_status":"open","ping_status":"closed","template":"","meta":[],"product_brand":[],"product_cat":[36,133],"product_tag":[],"class_list":{"0":"post-28145","1":"product","2":"type-product","3":"status-publish","4":"has-post-thumbnail","6":"product_cat-thuc-pham-tieu-dung","7":"product_cat-banh-keo-chocolate","9":"first","10":"instock","11":"sale","12":"shipping-taxable","13":"purchasable","14":"product-type-simple"},"_links":{"self":[{"href":"https:\/\/havamall.vn\/en\/wp-json\/wp\/v2\/product\/28145"}],"collection":[{"href":"https:\/\/havamall.vn\/en\/wp-json\/wp\/v2\/product"}],"about":[{"href":"https:\/\/havamall.vn\/en\/wp-json\/wp\/v2\/types\/product"}],"replies":[{"embeddable":true,"href":"https:\/\/havamall.vn\/en\/wp-json\/wp\/v2\/comments?post=28145"}],"version-history":[{"count":0,"href":"https:\/\/havamall.vn\/en\/wp-json\/wp\/v2\/product\/28145\/revisions"}],"wp:featuredmedia":[{"embeddable":true,"href":"https:\/\/havamall.vn\/en\/wp-json\/wp\/v2\/media\/28151"}],"wp:attachment":[{"href":"https:\/\/havamall.vn\/en\/wp-json\/wp\/v2\/media?parent=28145"}],"wp:term":[{"taxonomy":"product_brand","embeddable":true,"href":"https:\/\/havamall.vn\/en\/wp-json\/wp\/v2\/product_brand?post=28145"},{"taxonomy":"product_cat","embeddable":true,"href":"https:\/\/havamall.vn\/en\/wp-json\/wp\/v2\/product_cat?post=28145"},{"taxonomy":"product_tag","embeddable":true,"href":"https:\/\/havamall.vn\/en\/wp-json\/wp\/v2\/product_tag?post=28145"}],"curies":[{"name":"wp","href":"https:\/\/api.w.org\/{rel}","templated":true}]}}