{"id":28138,"date":"2022-07-21T11:05:28","date_gmt":"2022-07-21T04:05:28","guid":{"rendered":"https:\/\/havamall.vn\/?post_type=product&#038;p=28138"},"modified":"2023-02-01T17:19:50","modified_gmt":"2023-02-01T10:19:50","slug":"banh-chocolate-kitkat-nhat-ban-12-thanh-mini","status":"publish","type":"product","link":"https:\/\/havamall.vn\/en\/shop\/banh-chocolate-kitkat-nhat-ban-12-thanh-mini\/","title":{"rendered":"B\u00e1nh Chocolate Kitkat V\u1ecb D\u00e2u Nh\u1eadt B\u1ea3n 12 Thanh Mini"},"content":{"rendered":"<p>Kh\u00f4ng ph\u1ea3i ng\u1eabu nhi\u00ean m\u00e0 Nh\u1eadt B\u1ea3n \u0111\u01b0\u01a1c g\u00e1n v\u1edbi c\u00e1i t\u00ean &#8220;V\u01b0\u01a1ng qu\u1ed1c c\u1ee7a nh\u1eefng thanh Kitkat&#8221; khi \u0111\u00e2y l\u00e0 m\u00f3n \u0103n \u01b0a th\u00edch c\u1ee7a ng\u01b0\u1eddi d\u00e2n \u0111\u1ea5t n\u01b0\u1edbc n\u00e0y.<\/p>\n<p>Ph\u1ea7n l\u1edbn m\u1ecdi ng\u01b0\u1eddi tr\u00ean th\u1ebf gi\u1edbi \u0111\u1ec1u bi\u1ebft \u0111\u1ebfn Kitkat nh\u01b0 m\u1ed9t m\u00f3n \u0111i\u1ec3m t\u00e2m s\u00e1ng \u0111\u01b0\u1ee3c l\u00e0m t\u1eeb b\u00e1nh x\u1ed1p v\u00e0 chocolate tr\u1eafng. Tuy nhi\u00ean t\u1ea1i Nh\u1eadt B\u1ea3n, n\u00f3 l\u00e0 m\u1ed9t th\u1ee9 ho\u00e0n to\u00e0n kh\u00e1c. B\u1ea1n s\u1ebd kh\u00f4ng ch\u1ec9 th\u1ea5y nh\u1eefng mi\u1ebfng chocolate \u0111\u01a1n \u0111i\u1ec7u m\u00e0 \u0111\u1ea7y m\u00e0u s\u1eafc, h\u01b0\u01a1ng v\u1ecb \u0111\u1ed9c \u0111\u00e1o \u0111\u1ebfn k\u1ef3 l\u1ea1.<\/p>\n<p><img fetchpriority=\"high\" decoding=\"async\" class=\"wp-image-28139 aligncenter\" src=\"https:\/\/havamall.vn\/wp-content\/uploads\/2022\/07\/813fSq3HxGL._AC_SL1500_-300x169.jpg\" alt=\"\" width=\"651\" height=\"367\" srcset=\"https:\/\/havamall.vn\/wp-content\/uploads\/2022\/07\/813fSq3HxGL._AC_SL1500_-300x169.jpg 300w, https:\/\/havamall.vn\/wp-content\/uploads\/2022\/07\/813fSq3HxGL._AC_SL1500_-430x242.jpg 430w, https:\/\/havamall.vn\/wp-content\/uploads\/2022\/07\/813fSq3HxGL._AC_SL1500_-150x84.jpg 150w, https:\/\/havamall.vn\/wp-content\/uploads\/2022\/07\/813fSq3HxGL._AC_SL1500_-700x394.jpg 700w, https:\/\/havamall.vn\/wp-content\/uploads\/2022\/07\/813fSq3HxGL._AC_SL1500_-768x432.jpg 768w, https:\/\/havamall.vn\/wp-content\/uploads\/2022\/07\/813fSq3HxGL._AC_SL1500_-1024x576.jpg 1024w, https:\/\/havamall.vn\/wp-content\/uploads\/2022\/07\/813fSq3HxGL._AC_SL1500_-1200x675.jpg 1200w, https:\/\/havamall.vn\/wp-content\/uploads\/2022\/07\/813fSq3HxGL._AC_SL1500_-600x338.jpg 600w, https:\/\/havamall.vn\/wp-content\/uploads\/2022\/07\/813fSq3HxGL._AC_SL1500_.jpg 1500w\" sizes=\"(max-width: 651px) 100vw, 651px\" \/><\/p>\n<p>Ngay khi xu\u1ea5t hi\u1ec7n t\u1ea1i Nh\u1eadt B\u1ea3n, Kikat th\u01b0\u1eddng \u0111\u01b0\u1ee3c ph\u1ee5 huynh h\u1ecdc sinh t\u1eb7ng cho con m\u00ecnh hay nh\u1eefng ng\u01b0\u1eddi b\u1ea1n t\u1eb7ng cho nhau tr\u01b0\u1edbc nh\u1eefng k\u1ef3 thi nh\u01b0 m\u1ed9t l\u1eddi ch\u00fac may m\u1eafn. V\u00e0 n\u1ebfu c\u00f3 nh\u1eefng ng\u01b0\u1eddi b\u1ea1n Nh\u1eadt B\u1ea3n,h\u1ecd c\u0169ng s\u1ebd g\u1eedi cho b\u1ea1n nh\u1eefng phong k\u1eb9o tr\u01b0\u1edbc nh\u1eefng k\u1ef3 thi v\u1edbi mong \u01b0\u1edbc m\u1ed9t b\u00e0i ki\u1ec3m tra xu\u1ea5t s\u1eafc.<\/p>\n<p><img decoding=\"async\" class=\"wp-image-28140 aligncenter\" src=\"https:\/\/havamall.vn\/wp-content\/uploads\/2022\/07\/91xCVrGfk6L._AC_SL150-300x300.png\" alt=\"\" width=\"653\" height=\"653\" srcset=\"https:\/\/havamall.vn\/wp-content\/uploads\/2022\/07\/91xCVrGfk6L._AC_SL150-300x300.png 300w, https:\/\/havamall.vn\/wp-content\/uploads\/2022\/07\/91xCVrGfk6L._AC_SL150-430x430.png 430w, https:\/\/havamall.vn\/wp-content\/uploads\/2022\/07\/91xCVrGfk6L._AC_SL150-150x150.png 150w, https:\/\/havamall.vn\/wp-content\/uploads\/2022\/07\/91xCVrGfk6L._AC_SL150-700x700.png 700w, https:\/\/havamall.vn\/wp-content\/uploads\/2022\/07\/91xCVrGfk6L._AC_SL150-768x768.png 768w, https:\/\/havamall.vn\/wp-content\/uploads\/2022\/07\/91xCVrGfk6L._AC_SL150-1024x1024.png 1024w, https:\/\/havamall.vn\/wp-content\/uploads\/2022\/07\/91xCVrGfk6L._AC_SL150-1200x1200.png 1200w, https:\/\/havamall.vn\/wp-content\/uploads\/2022\/07\/91xCVrGfk6L._AC_SL150-600x600.png 600w, https:\/\/havamall.vn\/wp-content\/uploads\/2022\/07\/91xCVrGfk6L._AC_SL150-100x100.png 100w, https:\/\/havamall.vn\/wp-content\/uploads\/2022\/07\/91xCVrGfk6L._AC_SL150.png 1500w\" sizes=\"(max-width: 653px) 100vw, 653px\" \/><\/p>\n<p>Kitkat l\u00e0 nh\u00e3n hi\u1ec7u b\u00e1nh x\u1ed1p dinh d\u01b0\u1ee1ng v\u1edbi nhi\u1ec1u h\u01b0\u01a1ng v\u1ecb nh\u01b0 so-co-la, tr\u00e0 xanh, l\u0169a m\u1ea1ch n\u1ed5i ti\u1ebfng c\u1ee7a t\u1eadp \u0111o\u00e0n b\u00e1nh k\u1eb9o nh\u1eadt l\u00e2u \u0111\u1eddi. Kitkat \u0111\u00e3 v\u00e0 \u0111ang mang l\u1ea1i s\u1ef1 h\u00e0i l\u00f2ng cho ng\u01b0\u1eddi ti\u00eau d\u00f9ng tr\u00ean to\u00e0n th\u1ebf gi\u1edbi n\u00f3i chung v\u00e0 Vi\u1ec7t Nam n\u00f3i ri\u00eang.<\/p>\n<p>B\u00e1nh Kitkat D\u00e2u T\u00e2y c\u1ee7a Nh\u1eadt kh\u00f4ng ch\u1ec9 l\u00e0 lo\u1ea1i b\u00e1nh k\u1eb9o \u0103n th\u01b0\u1eddng ng\u00e0y m\u00e0 c\u00f2n c\u00f3 nhi\u1ec1u l\u1ee3i \u00edch kh\u00e1c. B\u00e1nh Kitkat D\u00e2u T\u00e2y c\u00f3 th\u1ec3 t\u0103ng kh\u1ea3 n\u0103ng kh\u00e1ng khu\u1ea9n c\u1ee7a c\u01a1 th\u1ec3, ng\u0103n ng\u1eeba c\u0103n b\u1ec7nh ung th\u01b0 nguy gi\u1ea3m Cholesterol v\u00e0 h\u1ed7 tr\u1ee3 b\u1ec7nh tim m\u1ea1ch.<\/p>\n<p><img decoding=\"async\" class=\"wp-image-28141 aligncenter\" src=\"https:\/\/havamall.vn\/wp-content\/uploads\/2022\/07\/10NL115-13_kitkat-300x289.png\" alt=\"\" width=\"647\" height=\"623\" srcset=\"https:\/\/havamall.vn\/wp-content\/uploads\/2022\/07\/10NL115-13_kitkat-300x289.png 300w, https:\/\/havamall.vn\/wp-content\/uploads\/2022\/07\/10NL115-13_kitkat-430x414.png 430w, https:\/\/havamall.vn\/wp-content\/uploads\/2022\/07\/10NL115-13_kitkat-150x144.png 150w, https:\/\/havamall.vn\/wp-content\/uploads\/2022\/07\/10NL115-13_kitkat-700x674.png 700w, https:\/\/havamall.vn\/wp-content\/uploads\/2022\/07\/10NL115-13_kitkat-768x739.png 768w, https:\/\/havamall.vn\/wp-content\/uploads\/2022\/07\/10NL115-13_kitkat-600x578.png 600w, https:\/\/havamall.vn\/wp-content\/uploads\/2022\/07\/10NL115-13_kitkat.png 935w\" sizes=\"(max-width: 647px) 100vw, 647px\" \/><\/p>\n<h3><strong>\u0110\u1eb7c \u0111i\u1ec3m n\u1ed5i b\u1eadt c\u1ee7a b\u00e1nh kitkat d\u00e2u t\u00e2y<\/strong><\/h3>\n<ul style=\"font-weight: 400\">\n<li>B\u00e1nh Kitkat D\u00e2u T\u00e2y l\u00e0 b\u00e1nh x\u1ed1p mang h\u01b0\u01a1ng v\u1ecb D\u00e2u T\u00e2y v\u00f4 c\u00f9ng quy\u1ebfn r\u0169, B\u00e1nh Kitkat D\u00e2u T\u00e2y \u0111\u01b0\u1ee3c ph\u1ee7 1 l\u1edbp d\u00e2u th\u01a1m ngon, b\u00e1nh mang h\u01b0\u01a1ng v\u1ecb D\u00e2u T\u00e2y th\u01a1m ngon \u0111\u00f4c \u0111\u00e1o \u0111\u1eb7c tr\u01b0ng c\u1ee7a Nh\u1eadt. V\u1ecb ng\u1ecdt ng\u1ecdt, th\u01a1m th\u01a1m ng\u1eady ng\u1eady. Lo\u1ea1i b\u00e1nh n\u00e0y \u0111\u01b0\u1ee3c nhi\u1ec1u b\u1ea1n tr\u1ebb \u01b0a chu\u1ed9ng.<\/li>\n<li>B\u00e1nh Kitkat D\u00e2u T\u00e2y nh\u00e3n hi\u1ec7u b\u00e1nh x\u1ed1p dinh d\u01b0\u1ee1ng v\u1edbi nhi\u1ec1u h\u01b0\u01a1ng v\u1ecb nh\u01b0 so-co-la, tr\u00e0 xanh v\u00f4 c\u00f9ng quy\u1ebfn r\u0169 n\u1ed5i ti\u1ebfng c\u1ee7a t\u1eadp \u0111o\u00e0n th\u1ef1c ph\u1ea9m l\u00e2u \u0111\u1eddi h\u00e0ng \u0111\u1ea7u th\u1ebf gi\u1edbi Nestle.<\/li>\n<\/ul>\n<p><img loading=\"lazy\" decoding=\"async\" class=\"wp-image-28142 aligncenter\" src=\"https:\/\/havamall.vn\/wp-content\/uploads\/2022\/07\/21319190_1452077858160602_2739639835539672048_o-300x155.jpg\" alt=\"\" width=\"648\" height=\"335\" srcset=\"https:\/\/havamall.vn\/wp-content\/uploads\/2022\/07\/21319190_1452077858160602_2739639835539672048_o-300x155.jpg 300w, https:\/\/havamall.vn\/wp-content\/uploads\/2022\/07\/21319190_1452077858160602_2739639835539672048_o-430x222.jpg 430w, https:\/\/havamall.vn\/wp-content\/uploads\/2022\/07\/21319190_1452077858160602_2739639835539672048_o-150x77.jpg 150w, https:\/\/havamall.vn\/wp-content\/uploads\/2022\/07\/21319190_1452077858160602_2739639835539672048_o-700x361.jpg 700w, https:\/\/havamall.vn\/wp-content\/uploads\/2022\/07\/21319190_1452077858160602_2739639835539672048_o-768x396.jpg 768w, https:\/\/havamall.vn\/wp-content\/uploads\/2022\/07\/21319190_1452077858160602_2739639835539672048_o-1024x528.jpg 1024w, https:\/\/havamall.vn\/wp-content\/uploads\/2022\/07\/21319190_1452077858160602_2739639835539672048_o-1200x619.jpg 1200w, https:\/\/havamall.vn\/wp-content\/uploads\/2022\/07\/21319190_1452077858160602_2739639835539672048_o-600x309.jpg 600w, https:\/\/havamall.vn\/wp-content\/uploads\/2022\/07\/21319190_1452077858160602_2739639835539672048_o.jpg 1600w\" sizes=\"(max-width: 648px) 100vw, 648px\" \/><\/p>\n<ul style=\"font-weight: 400\">\n<li>B\u00e1nh Kitkat D\u00e2u T\u00e2y l\u00e0 lo\u1ea1i b\u00e1nh \u0111\u01b0\u1ee3c l\u00e0m t\u1eeb tr\u00e1i d\u00e2u t\u00e2y , v\u00ec v\u1eady n\u00f3 kh\u00f4ng h\u1ec1 t\u1ea9m h\u00f3a ch\u1ea5t \u0111\u1ed9c h\u1ea1i. B\u00e1nh Kitkat D\u00e2u T\u00e2y l\u00e0 lo\u1ea1i b\u00e1nh d\u1ea1ng x\u1ed1p \u0111\u01b0\u1ee3c ph\u1ee7 1 l\u1edbp d\u00e2u, b\u00e1nh mang h\u01b0\u01a1ng v\u1ecb d\u00e2u tay th\u01a1m ngon \u0111\u1ed9c \u0111\u00e1o, \u0111\u1eb7c tr\u01b0ng c\u1ee7a Nh\u1eadt. V\u1ecb ng\u1ecdt ng\u1ecdt, th\u01a1m th\u01a1m ng\u1eady ng\u1eady. Lo\u1ea1i b\u00e1nh n\u00e0y \u0111\u01b0\u1ee3c nhi\u1ec1u b\u1ea1n tr\u1ebb \u01b0a chu\u1ed9ng.<\/li>\n<li>M\u1ed9t g\u00f3i g\u1ed3m 12 b\u00e1nh \u0111\u01b0\u1ee3c g\u00f3i trong t\u1eebng t\u00fai nh\u1ecf, d\u1ec5 d\u00e0ng cho b\u1ea1n s\u1eed d\u1ee5ng.<\/li>\n<li>Th\u01b0\u1edfng th\u1ee9c m\u1ed9t thanh Kit Kat kh\u00f4ng ch\u1ec9 \u0111em l\u1ea1i m\u1ed9t kho\u1ea3nh kh\u1eafc tuy\u1ec7t v\u1eddi cho \u0111\u1eddi s\u1ed1ng m\u00e0 c\u00f2n g\u00f3p ph\u1ea7n ho\u00e0n h\u1ea3o cho m\u1ed9t ch\u1ebf \u0111\u1ed9 \u0103n c\u00e2n b\u1eb1ng dinh d\u01b0\u1ee1ng.<\/li>\n<\/ul>\n<p><img loading=\"lazy\" decoding=\"async\" class=\"wp-image-28143 aligncenter\" src=\"https:\/\/havamall.vn\/wp-content\/uploads\/2022\/07\/48981228_2018937081474674-300x300.png\" alt=\"\" width=\"649\" height=\"649\" srcset=\"https:\/\/havamall.vn\/wp-content\/uploads\/2022\/07\/48981228_2018937081474674-300x300.png 300w, https:\/\/havamall.vn\/wp-content\/uploads\/2022\/07\/48981228_2018937081474674-430x430.png 430w, https:\/\/havamall.vn\/wp-content\/uploads\/2022\/07\/48981228_2018937081474674-150x150.png 150w, https:\/\/havamall.vn\/wp-content\/uploads\/2022\/07\/48981228_2018937081474674-700x700.png 700w, https:\/\/havamall.vn\/wp-content\/uploads\/2022\/07\/48981228_2018937081474674-768x768.png 768w, https:\/\/havamall.vn\/wp-content\/uploads\/2022\/07\/48981228_2018937081474674-1024x1024.png 1024w, https:\/\/havamall.vn\/wp-content\/uploads\/2022\/07\/48981228_2018937081474674.png 1200w, https:\/\/havamall.vn\/wp-content\/uploads\/2022\/07\/48981228_2018937081474674-600x600.png 600w, https:\/\/havamall.vn\/wp-content\/uploads\/2022\/07\/48981228_2018937081474674-100x100.png 100w\" sizes=\"(max-width: 649px) 100vw, 649px\" \/><\/p>","protected":false},"excerpt":{"rendered":"<p>Kh\u00f4ng ph\u1ea3i ng\u1eabu nhi\u00ean m\u00e0 Nh\u1eadt B\u1ea3n \u0111\u01b0\u01a1c g\u00e1n v\u1edbi c\u00e1i t\u00ean &#8220;V\u01b0\u01a1ng qu\u1ed1c c\u1ee7a nh\u1eefng thanh Kitkat&#8221; khi \u0111\u00e2y<\/p>","protected":false},"featured_media":28144,"comment_status":"open","ping_status":"closed","template":"","meta":[],"product_brand":[],"product_cat":[36,133],"product_tag":[],"class_list":{"0":"post-28138","1":"product","2":"type-product","3":"status-publish","4":"has-post-thumbnail","6":"product_cat-thuc-pham-tieu-dung","7":"product_cat-banh-keo-chocolate","9":"first","10":"outofstock","11":"sale","12":"shipping-taxable","13":"purchasable","14":"product-type-simple"},"_links":{"self":[{"href":"https:\/\/havamall.vn\/en\/wp-json\/wp\/v2\/product\/28138"}],"collection":[{"href":"https:\/\/havamall.vn\/en\/wp-json\/wp\/v2\/product"}],"about":[{"href":"https:\/\/havamall.vn\/en\/wp-json\/wp\/v2\/types\/product"}],"replies":[{"embeddable":true,"href":"https:\/\/havamall.vn\/en\/wp-json\/wp\/v2\/comments?post=28138"}],"version-history":[{"count":0,"href":"https:\/\/havamall.vn\/en\/wp-json\/wp\/v2\/product\/28138\/revisions"}],"wp:featuredmedia":[{"embeddable":true,"href":"https:\/\/havamall.vn\/en\/wp-json\/wp\/v2\/media\/28144"}],"wp:attachment":[{"href":"https:\/\/havamall.vn\/en\/wp-json\/wp\/v2\/media?parent=28138"}],"wp:term":[{"taxonomy":"product_brand","embeddable":true,"href":"https:\/\/havamall.vn\/en\/wp-json\/wp\/v2\/product_brand?post=28138"},{"taxonomy":"product_cat","embeddable":true,"href":"https:\/\/havamall.vn\/en\/wp-json\/wp\/v2\/product_cat?post=28138"},{"taxonomy":"product_tag","embeddable":true,"href":"https:\/\/havamall.vn\/en\/wp-json\/wp\/v2\/product_tag?post=28138"}],"curies":[{"name":"wp","href":"https:\/\/api.w.org\/{rel}","templated":true}]}}