{"id":28133,"date":"2022-07-21T11:58:49","date_gmt":"2022-07-21T04:58:49","guid":{"rendered":"https:\/\/havamall.vn\/?post_type=product&#038;p=28133"},"modified":"2022-07-21T11:58:49","modified_gmt":"2022-07-21T04:58:49","slug":"banh-kitkat-chocolate-nhat-ban-13-thanh-mini","status":"publish","type":"product","link":"https:\/\/havamall.vn\/en\/shop\/banh-kitkat-chocolate-nhat-ban-13-thanh-mini\/","title":{"rendered":"B\u00e1nh Kitkat Chocolate Nh\u1eadt B\u1ea3n 13 Thanh Mini"},"content":{"rendered":"<p>Kitkat l\u00e0 nh\u00e3n hi\u1ec7u b\u00e1nh x\u1ed1p dinh d\u01b0\u1ee1ng v\u1edbi nhi\u1ec1u h\u01b0\u01a1ng v\u1ecb nh\u01b0 so-co-la, tr\u00e0 xanh n\u1ed5i ti\u1ebfng c\u1ee7a t\u1eadp \u0111o\u00e0n b\u00e1nh k\u1eb9o nh\u1eadt l\u00e2u \u0111\u1eddi Nestle. Kh\u00f4ng ph\u1ea3i ng\u1eabu nhi\u00ean m\u00e0 Nh\u1eadt B\u1ea3n \u0111\u01b0\u01a1c g\u00e1n v\u1edbi c\u00e1i t\u00ean &#8220;V\u01b0\u01a1ng qu\u1ed1c c\u1ee7a nh\u1eefng thanh Kitkat&#8221; khi \u0111\u00e2y l\u00e0 m\u00f3n \u0103n \u01b0a th\u00edch c\u1ee7a ng\u01b0\u1eddi d\u00e2n \u0111\u1ea5t n\u01b0\u1edbc n\u00e0y.<\/p>\n<p>Ph\u1ea7n l\u1edbn m\u1ecdi ng\u01b0\u1eddi tr\u00ean th\u1ebf gi\u1edbi \u0111\u1ec1u bi\u1ebft \u0111\u1ebfn Kitkat nh\u01b0 m\u1ed9t m\u00f3n \u0111i\u1ec3m t\u00e2m s\u00e1ng \u0111\u01b0\u1ee3c l\u00e0m t\u1eeb b\u00e1nh x\u1ed1p v\u00e0 chocolate tr\u1eafng. Tuy nhi\u00ean t\u1ea1i Nh\u1eadt B\u1ea3n, n\u00f3 l\u00e0 m\u1ed9t th\u1ee9 ho\u00e0n to\u00e0n kh\u00e1c. B\u1ea1n s\u1ebd kh\u00f4ng ch\u1ec9 th\u1ea5y nh\u1eefng mi\u1ebfng chocolate \u0111\u01a1n \u0111i\u1ec7u m\u00e0 \u0111\u1ea7y m\u00e0u s\u1eafc, h\u01b0\u01a1ng v\u1ecb \u0111\u1ed9c \u0111\u00e1o \u0111\u1ebfn k\u1ef3 l\u1ea1.<\/p>\n<p><img fetchpriority=\"high\" decoding=\"async\" class=\"wp-image-28147 aligncenter\" src=\"https:\/\/havamall.vn\/wp-content\/uploads\/2022\/07\/12022445-300x273.png\" alt=\"\" width=\"604\" height=\"549\" srcset=\"https:\/\/havamall.vn\/wp-content\/uploads\/2022\/07\/12022445-300x273.png 300w, https:\/\/havamall.vn\/wp-content\/uploads\/2022\/07\/12022445-430x391.png 430w, https:\/\/havamall.vn\/wp-content\/uploads\/2022\/07\/12022445-150x137.png 150w, https:\/\/havamall.vn\/wp-content\/uploads\/2022\/07\/12022445-700x637.png 700w, https:\/\/havamall.vn\/wp-content\/uploads\/2022\/07\/12022445-768x699.png 768w, https:\/\/havamall.vn\/wp-content\/uploads\/2022\/07\/12022445-1024x932.png 1024w, https:\/\/havamall.vn\/wp-content\/uploads\/2022\/07\/12022445.png 1200w, https:\/\/havamall.vn\/wp-content\/uploads\/2022\/07\/12022445-600x546.png 600w\" sizes=\"(max-width: 604px) 100vw, 604px\" \/><\/p>\n<p>Ngay khi xu\u1ea5t hi\u1ec7n t\u1ea1i Nh\u1eadt B\u1ea3n, Kikat th\u01b0\u1eddng \u0111\u01b0\u1ee3c ph\u1ee5 huynh h\u1ecdc sinh t\u1eb7ng cho con m\u00ecnh hay nh\u1eefng ng\u01b0\u1eddi b\u1ea1n t\u1eb7ng cho nhau tr\u01b0\u1edbc nh\u1eefng k\u1ef3 thi nh\u01b0 m\u1ed9t l\u1eddi ch\u00fac may m\u1eafn. V\u00e0 n\u1ebfu c\u00f3 nh\u1eefng ng\u01b0\u1eddi b\u1ea1n Nh\u1eadt B\u1ea3n,h\u1ecd c\u0169ng s\u1ebd g\u1eedi cho b\u1ea1n nh\u1eefng phong k\u1eb9o tr\u01b0\u1edbc nh\u1eefng k\u1ef3 thi v\u1edbi mong \u01b0\u1edbc m\u1ed9t b\u00e0i ki\u1ec3m tra xu\u1ea5t s\u1eafc.<\/p>\n<p>Kitkat l\u00e0 nh\u00e3n hi\u1ec7u b\u00e1nh x\u1ed1p dinh d\u01b0\u1ee1ng v\u1edbi nhi\u1ec1u h\u01b0\u01a1ng v\u1ecb nh\u01b0 so-co-la, tr\u00e0 xanh, l\u0169a m\u1ea1ch n\u1ed5i ti\u1ebfng c\u1ee7a t\u1eadp \u0111o\u00e0n b\u00e1nh k\u1eb9o nh\u1eadt l\u00e2u \u0111\u1eddi. Kitkat \u0111\u00e3 v\u00e0 \u0111ang mang l\u1ea1i s\u1ef1 h\u00e0i l\u00f2ng cho ng\u01b0\u1eddi ti\u00eau d\u00f9ng tr\u00ean to\u00e0n th\u1ebf gi\u1edbi n\u00f3i chung v\u00e0 Vi\u1ec7t Nam n\u00f3i ri\u00eang.<\/p>\n<p><img decoding=\"async\" class=\"wp-image-28159 aligncenter\" src=\"https:\/\/havamall.vn\/wp-content\/uploads\/2022\/07\/11206482_841281495906911_9036182528552102208_o-300x269.jpg\" alt=\"\" width=\"602\" height=\"540\" srcset=\"https:\/\/havamall.vn\/wp-content\/uploads\/2022\/07\/11206482_841281495906911_9036182528552102208_o-300x269.jpg 300w, https:\/\/havamall.vn\/wp-content\/uploads\/2022\/07\/11206482_841281495906911_9036182528552102208_o-430x386.jpg 430w, https:\/\/havamall.vn\/wp-content\/uploads\/2022\/07\/11206482_841281495906911_9036182528552102208_o-150x135.jpg 150w, https:\/\/havamall.vn\/wp-content\/uploads\/2022\/07\/11206482_841281495906911_9036182528552102208_o-700x628.jpg 700w, https:\/\/havamall.vn\/wp-content\/uploads\/2022\/07\/11206482_841281495906911_9036182528552102208_o-768x689.jpg 768w, https:\/\/havamall.vn\/wp-content\/uploads\/2022\/07\/11206482_841281495906911_9036182528552102208_o-1024x919.jpg 1024w, https:\/\/havamall.vn\/wp-content\/uploads\/2022\/07\/11206482_841281495906911_9036182528552102208_o.jpg 1200w, https:\/\/havamall.vn\/wp-content\/uploads\/2022\/07\/11206482_841281495906911_9036182528552102208_o-600x539.jpg 600w\" sizes=\"(max-width: 602px) 100vw, 602px\" \/><\/p>\n<h3><strong>\u0110\u1eb7c \u0111i\u1ec3m n\u1ed5i b\u1eadt c\u1ee7a b\u00e1nh kitkat<\/strong><\/h3>\n<p>&#8211; Kitkat l\u00e0 b\u00e1nh x\u1ed1p mang nhi\u1ec1u h\u01b0\u01a1ng v\u1ecb<\/p>\n<p>&#8211; V\u1ecb ngon ng\u1ecdt, th\u01a1m th\u01a1m, ng\u1eady ng\u1eady, mang ch\u00fat v\u1ecb \u0111\u1eafng \u0111\u1eb7c tr\u01b0ng c\u1ee7a chocolate. Lo\u1ea1i b\u00e1nh n\u00e0y \u0111\u01b0\u1ee3c nhi\u1ec1u b\u1ea1n tr\u1ebb \u01b0a chu\u1ed9ng.<\/p>\n<p>&#8211; S\u1ea3n ph\u1ea9m kh\u00f4ng ch\u1ec9 l\u00e0 b\u00e1nh k\u1eb9o \u0103n th\u01b0\u1eddng ng\u00e0y m\u00e0 c\u00f2n c\u00f3 nhi\u1ec1u l\u1ee3i \u00edch kh\u00e1c nh\u01b0 t\u0103ng dinh d\u01b0\u1ee1ng cho c\u01a1 th\u1ec3, gi\u1ea3m Cholesterol v\u00e0 h\u1ed7 tr\u1ee3 b\u1ec7nh tim m\u1ea1ch.<\/p>\n<p><img decoding=\"async\" class=\"wp-image-28160 aligncenter\" src=\"https:\/\/havamall.vn\/wp-content\/uploads\/2022\/07\/138834317_10157966955987076_8933290842768927060_n-300x300.jpg\" alt=\"\" width=\"606\" height=\"606\" srcset=\"https:\/\/havamall.vn\/wp-content\/uploads\/2022\/07\/138834317_10157966955987076_8933290842768927060_n-300x300.jpg 300w, https:\/\/havamall.vn\/wp-content\/uploads\/2022\/07\/138834317_10157966955987076_8933290842768927060_n-430x430.jpg 430w, https:\/\/havamall.vn\/wp-content\/uploads\/2022\/07\/138834317_10157966955987076_8933290842768927060_n-150x150.jpg 150w, https:\/\/havamall.vn\/wp-content\/uploads\/2022\/07\/138834317_10157966955987076_8933290842768927060_n-700x700.jpg 700w, https:\/\/havamall.vn\/wp-content\/uploads\/2022\/07\/138834317_10157966955987076_8933290842768927060_n-768x768.jpg 768w, https:\/\/havamall.vn\/wp-content\/uploads\/2022\/07\/138834317_10157966955987076_8933290842768927060_n-1024x1024.jpg 1024w, https:\/\/havamall.vn\/wp-content\/uploads\/2022\/07\/138834317_10157966955987076_8933290842768927060_n-1200x1200.jpg 1200w, https:\/\/havamall.vn\/wp-content\/uploads\/2022\/07\/138834317_10157966955987076_8933290842768927060_n-600x600.jpg 600w, https:\/\/havamall.vn\/wp-content\/uploads\/2022\/07\/138834317_10157966955987076_8933290842768927060_n-100x100.jpg 100w, https:\/\/havamall.vn\/wp-content\/uploads\/2022\/07\/138834317_10157966955987076_8933290842768927060_n.jpg 2000w\" sizes=\"(max-width: 606px) 100vw, 606px\" \/><\/p>\n<p>&#8211; B\u00e1nh Socola Kit Kat l\u00e0 s\u1ef1 h\u00f2a quy\u1ec7n \u0111\u1ed9c \u0111\u00e1o gi\u1eefa v\u1ecb ng\u1ecdt ng\u00e0o c\u1ee7a chocolate, v\u1ecb b\u00e9o ng\u1eady c\u1ee7a s\u1eefa, \u0111\u1ed9 x\u1ed1p, gi\u00f2n c\u1ee7a b\u00e1nh. S\u1ea3n ph\u1ea9m mang \u0111\u1ebfn cho b\u1ea1n h\u01b0\u01a1ng v\u1ecb th\u01a1m ngon, h\u1ea5p d\u1eabn.<\/p>\n<p>&#8211; B\u00e1nh Socola Kit Kat kh\u00f4ng ch\u1ee9a ph\u1ea9m m\u00e0u ho\u1eb7c h\u00f3a ch\u1ea5t \u0111\u1ed9c h\u1ea1i, qu\u00e1 tr\u00ecnh s\u1ea3n xu\u1ea5t \u0111\u01b0\u1ee3c ki\u1ec3m \u0111\u1ecbnh nghi\u00eam ng\u1eb7t, \u0111\u1ea3m b\u1ea3o ch\u1ea5t l\u01b0\u1ee3ng.<\/p>\n<p>&#8211; \u0110\u1eb7c bi\u1ec7t, b\u00e1nh c\u00f2n ch\u1ee9a nhi\u1ec1u th\u00e0nh ph\u1ea7n h\u1eefu \u00edch cho s\u1ee9c kh\u1ecfe, d\u00f9ng cho b\u1eefa \u0103n nh\u1eb9, cung c\u1ea5p nhi\u1ec1u n\u0103ng l\u01b0\u1ee3ng, cho b\u1ea1n m\u1ed9t ng\u00e0y h\u1ecdc t\u1eadp, l\u00e0m vi\u1ec7c hi\u1ec7u qu\u1ea3.<\/p>\n<p>&#8211; S\u1ea3n ph\u1ea9m \u0111\u01b0\u1ee3c \u0111\u00f3ng g\u00f3i 13 thanh Socola Kit Kat gi\u00fap b\u1ea1n th\u1ecfa m\u00e3n &#8220;c\u01a1n nghi\u1ec7n&#8221; Kit Kat ngay l\u1eadp t\u1ee9c. Socola Kit Kat d\u1ea7n tr\u1edf th\u00e0nh m\u1ed9t trong nh\u1eefng th\u01b0\u01a1ng hi\u1ec7u b\u00e1nh k\u1eb9o r\u1ea5t n\u1ed5i ti\u1ebfng \u0111\u01b0\u1ee3c nhi\u1ec1u ng\u01b0\u1eddi tin d\u00f9ng.<\/p>\n<p><img loading=\"lazy\" decoding=\"async\" class=\"wp-image-28150 aligncenter\" src=\"https:\/\/havamall.vn\/wp-content\/uploads\/2022\/07\/44641842_1925284514173265-300x253.png\" alt=\"\" width=\"614\" height=\"518\" srcset=\"https:\/\/havamall.vn\/wp-content\/uploads\/2022\/07\/44641842_1925284514173265-300x253.png 300w, https:\/\/havamall.vn\/wp-content\/uploads\/2022\/07\/44641842_1925284514173265-430x362.png 430w, https:\/\/havamall.vn\/wp-content\/uploads\/2022\/07\/44641842_1925284514173265-150x126.png 150w, https:\/\/havamall.vn\/wp-content\/uploads\/2022\/07\/44641842_1925284514173265-700x590.png 700w, https:\/\/havamall.vn\/wp-content\/uploads\/2022\/07\/44641842_1925284514173265-768x647.png 768w, https:\/\/havamall.vn\/wp-content\/uploads\/2022\/07\/44641842_1925284514173265-1024x863.png 1024w, https:\/\/havamall.vn\/wp-content\/uploads\/2022\/07\/44641842_1925284514173265.png 1200w, https:\/\/havamall.vn\/wp-content\/uploads\/2022\/07\/44641842_1925284514173265-600x506.png 600w\" sizes=\"(max-width: 614px) 100vw, 614px\" \/><\/p>","protected":false},"excerpt":{"rendered":"<p>Kitkat l\u00e0 nh\u00e3n hi\u1ec7u b\u00e1nh x\u1ed1p dinh d\u01b0\u1ee1ng v\u1edbi nhi\u1ec1u h\u01b0\u01a1ng v\u1ecb nh\u01b0 so-co-la, tr\u00e0 xanh n\u1ed5i ti\u1ebfng c\u1ee7a t\u1eadp<\/p>","protected":false},"featured_media":28161,"comment_status":"open","ping_status":"closed","template":"","meta":[],"product_brand":[],"product_cat":[36,133],"product_tag":[],"class_list":{"0":"post-28133","1":"product","2":"type-product","3":"status-publish","4":"has-post-thumbnail","6":"product_cat-thuc-pham-tieu-dung","7":"product_cat-banh-keo-chocolate","9":"first","10":"instock","11":"sale","12":"shipping-taxable","13":"purchasable","14":"product-type-simple"},"_links":{"self":[{"href":"https:\/\/havamall.vn\/en\/wp-json\/wp\/v2\/product\/28133"}],"collection":[{"href":"https:\/\/havamall.vn\/en\/wp-json\/wp\/v2\/product"}],"about":[{"href":"https:\/\/havamall.vn\/en\/wp-json\/wp\/v2\/types\/product"}],"replies":[{"embeddable":true,"href":"https:\/\/havamall.vn\/en\/wp-json\/wp\/v2\/comments?post=28133"}],"version-history":[{"count":0,"href":"https:\/\/havamall.vn\/en\/wp-json\/wp\/v2\/product\/28133\/revisions"}],"wp:featuredmedia":[{"embeddable":true,"href":"https:\/\/havamall.vn\/en\/wp-json\/wp\/v2\/media\/28161"}],"wp:attachment":[{"href":"https:\/\/havamall.vn\/en\/wp-json\/wp\/v2\/media?parent=28133"}],"wp:term":[{"taxonomy":"product_brand","embeddable":true,"href":"https:\/\/havamall.vn\/en\/wp-json\/wp\/v2\/product_brand?post=28133"},{"taxonomy":"product_cat","embeddable":true,"href":"https:\/\/havamall.vn\/en\/wp-json\/wp\/v2\/product_cat?post=28133"},{"taxonomy":"product_tag","embeddable":true,"href":"https:\/\/havamall.vn\/en\/wp-json\/wp\/v2\/product_tag?post=28133"}],"curies":[{"name":"wp","href":"https:\/\/api.w.org\/{rel}","templated":true}]}}