{"id":28119,"date":"2022-07-20T15:02:30","date_gmt":"2022-07-20T08:02:30","guid":{"rendered":"https:\/\/havamall.vn\/?post_type=product&#038;p=28119"},"modified":"2025-03-20T09:26:05","modified_gmt":"2025-03-20T02:26:05","slug":"pho-mai-camembert-paysan-breton-125g","status":"publish","type":"product","link":"https:\/\/havamall.vn\/en\/shop\/pho-mai-camembert-paysan-breton-125g\/","title":{"rendered":"Ph\u00f4 mai Camembert Paysan Breton 125g &#8211; Camembert Cheese"},"content":{"rendered":"<p>L\u00e0 th\u01b0\u01a1ng hi\u1ec7u n\u1ed5i ti\u1ebfng l\u00e2u \u0111\u1eddi c\u1ee7a v\u00f9ng\u00a0Brittany\u00a0n\u01b0\u1edbc Ph\u00e1p v\u1edbi s\u1ea3n ph\u1ea9m \u0111a d\u1ea1ng. T\u1ef1 h\u00e0o v\u1ec1 ngu\u1ed3n g\u1ed1c v\u00e0 di s\u1ea3n k\u1ebf th\u1eeba, th\u01b0\u01a1ng hi\u1ec7u cung c\u1ea5p nh\u1eefng s\u1ea3n ph\u1ea9m t\u1eeb s\u1eefa v\u1edbi ch\u1ea5t l\u01b0\u1ee3ng tuy\u1ec7t h\u1ea3o. Gi\u00e1 tr\u1ecb s\u1ea3n ph\u1ea9m c\u00f3 \u0111\u01b0\u1ee3c t\u1eeb nguy\u00ean li\u1ec7u s\u1eefa thu t\u1eeb c\u00e1c n\u00f4ng tr\u1ea1i trong h\u1ec7 th\u1ed1ng. K\u1ebf \u0111\u1ebfn l\u00e0 c\u00f4ng th\u1ee9c ch\u1ebf bi\u1ebfn v\u00e0 s\u1ef1 tu\u00e2n th\u1ee7 ch\u1eb7t ch\u1ebd quy tr\u00ecnh s\u1ea3n xu\u1ea5t.<\/p>\n<p>S\u1ea3n ph\u1ea9m c\u1ee7a Paysan Breton l\u00e0 s\u1ef1 k\u1ebft h\u1ee3p gi\u1eefa s\u1ef1 m\u1ed9c m\u1ea1c v\u00e0 h\u01b0\u01a1ng v\u1ecb thu\u1ea7n khi\u1ebft c\u1ee7a v\u00f9ng Brittany; bao g\u1ed3m s\u1eefa t\u01b0\u01a1i, b\u01a1, c\u00e1c lo\u1ea1i ph\u00f4 mai v\u00e0 b\u00e1nh crepe. V\u1edbi h\u01b0\u01a1ng v\u1ecb th\u01a1m ngon, \u0111\u1ed9 \u0111\u1ea1m cao v\u00e0 b\u1ed5 sung ch\u1ea5t x\u01a1, s\u1eefa t\u01b0\u01a1i Paysan Breton l\u00e0 s\u1ea3n ph\u1ea9m b\u00e1n ch\u1ea1y v\u00e0 \u0111\u01b0\u1ee3c nhi\u1ec1u ng\u01b0\u1eddi ti\u00eau d\u00f9ng t\u00ecm mua.<\/p>\n<p><img fetchpriority=\"high\" decoding=\"async\" class=\"wp-image-28121 aligncenter\" src=\"https:\/\/havamall.vn\/wp-content\/uploads\/2025\/03\/resized-gamme-beurre-paysan-300x169.png\" alt=\"\" width=\"628\" height=\"354\" \/><\/p>\n<p>Ph\u00f4 mai Camembert Paysan Breton c\u00f3 \u0111\u1ed9 m\u1ec1m v\u1eeba ph\u1ea3i, h\u01b0\u01a1ng b\u00e9o th\u01a1m c\u00f9ng v\u1ecb m\u1eb1n m\u1eb7n \u0111\u1eb7c tr\u01b0ng c\u1ee7a ph\u00f4 mai. B\u1ea1n c\u00f3 th\u1ec3 s\u1eed d\u1ee5ng \u0111\u1ec3 d\u00f9ng tr\u1ef1c ti\u1ebfp c\u00f9ng b\u00e1nh m\u00ec, tr\u00e1i c\u00e2y ho\u1eb7c s\u1eed d\u1ee5ng l\u00e0m nguy\u00ean li\u1ec7u khi l\u00e0m b\u00e1nh,\u2026<\/p>\n<p>Ph\u00f4 mai Camembert Paysan Breton \u0111em \u0111\u1ebfn cho ng\u01b0\u1eddi d\u00f9ng h\u01b0\u01a1ng v\u1ecb th\u01a1m ngon v\u00e0 \u0111\u1ea7y \u0111\u1ee7 ch\u1ea5t dinh d\u01b0\u1ee1ng, n\u0103ng l\u01b0\u1ee3ng c\u1ea7n thi\u1ebft cho m\u1ed9t ng\u00e0y l\u00e0m vi\u1ec7c, h\u1ecdc t\u1eadp n\u0103ng \u0111\u1ed9ng.<\/p>\n<p><img decoding=\"async\" class=\"wp-image-28122 aligncenter\" src=\"https:\/\/havamall.vn\/wp-content\/uploads\/2025\/03\/240662531_308653969495-221x300.png\" alt=\"\" width=\"631\" height=\"857\" \/><\/p>\n<p>Ph\u00f4 mai c\u00f3 l\u1edbp v\u1ecf m\u00e0u tr\u1eafng \u0111\u1eb7c bi\u1ec7t, n\u00f3 l\u00e0 m\u1ed1c Penicillium m\u00e0u tr\u1eafng \u0103n \u0111\u01b0\u1ee3c r\u1ea5t m\u1ecbn v\u00e0 r\u1ea5t ngon. K\u1ebft c\u1ea5u ru\u1ed9t b\u00ean trong \u0111\u1eb7c bi\u1ec7t v\u00e0 h\u01b0\u01a1ng v\u1ecb th\u01a1m ngon \u0111\u1eb7c tr\u01b0ng c\u1ee7a ph\u00f4 mai\u00a0Paysan Breton.<\/p>\n<p>Ph\u00f4 mai ch\u1ee9a men vi sinh, r\u1ea5t c\u00f3 l\u1ee3i cho \u0111\u01b0\u1eddng ti\u00eau h\u00f3a, gi\u00fap c\u01a1 th\u1ec3 h\u1ea5p thu th\u1ee9c \u0103n t\u1ed1t h\u01a1n v\u00e0 c\u1ea3i thi\u1ec7n s\u1ee9c kh\u1ecfe. Ph\u00f4 mai cung c\u1ea5p l\u01b0\u1ee3ng protein \u0111\u00e1ng k\u1ec3, ch\u00fang mang l\u1ea1i c\u00e1c axit amin thi\u1ebft y\u1ebfu gi\u00fap x\u00e2y d\u1ef1ng t\u1ebf b\u00e0o kh\u1ecfe m\u1ea1nh, r\u1ea5t t\u1ed1t cho s\u1ee9c kh\u1ecfe c\u1ee7a c\u1ea3 ng\u01b0\u1eddi l\u1edbn v\u00e0 tr\u1ebb em.<\/p>\n<p><img decoding=\"async\" class=\"wp-image-28129 aligncenter\" src=\"https:\/\/havamall.vn\/wp-content\/uploads\/2025\/03\/pho_mai_le_camebert_01_ec9677aa3545467f9122cbfbc6655377-1-300x161.png\" alt=\"\" width=\"631\" height=\"339\" \/><\/p>\n<p>S\u1ea3n ph\u1ea9m \u0111\u00f3ng h\u1ed9p nh\u1ecf g\u1ecdn cho b\u1ea1n d\u1ec5 d\u00e0ng s\u1eed d\u1ee5ng v\u00e0 b\u1ea3o qu\u1ea3n.<i>\u00a0<\/i>S\u1ea3n ph\u1ea9m gi\u1eef\u00a0h\u01b0\u01a1ng v\u1ecb ngon nh\u1ea5t khi \u0111\u01b0\u1ee3c ch\u1ebf bi\u1ebfn \u1edf nhi\u1ec7t \u0111\u1ed9 ph\u00f2ng. B\u1ecf kh\u1ecfi t\u1ee7\u00a0kho\u1ea3ng 45 ph\u00fat tr\u01b0\u1edbc khi ch\u1ebf bi\u1ebfn. N\u00ean \u0111\u1ec3\u00a0l\u1edbp v\u1ecf \u0111\u01b0\u1ee3c gi\u1eef nguy\u00ean v\u1eb9nc\u00f3 \u0111\u1ed9 m\u1ec1m v\u1eeba ph\u1ea3i, h\u01b0\u01a1ng b\u00e9o th\u01a1m c\u00f9ng v\u1ecb m\u1eb1n m\u1eb7n \u0111\u1eb7c tr\u01b0ng c\u1ee7a ph\u00f4 mai. S\u1ea3n ph\u1ea9m d\u1ec5 d\u00e0ng \u0103n tr\u1ef1c ti\u1ebfp, d\u00f9ng k\u00e8m v\u1edbi b\u00e1nh m\u00ec ho\u1eb7c ch\u1ebf bi\u1ebfn th\u00e0nh nhi\u1ec1u m\u00f3n \u0103n h\u1ea5p d\u1eabn.<\/p>\n<p><img loading=\"lazy\" decoding=\"async\" class=\"wp-image-23711 aligncenter\" src=\"https:\/\/havamall.vn\/wp-content\/uploads\/2025\/03\/190890955-300x206.png\" alt=\"\" width=\"640\" height=\"439\" \/><\/p>\n<h3><strong>\u0110\u1eb7c \u0111i\u1ec3m n\u1ed5i b\u1eadt c\u1ee7a s\u1ea3n ph\u1ea9m:<\/strong><\/h3>\n<p>&gt; C\u00f3 \u0111\u1ed9 m\u1ec1m v\u1eeba ph\u1ea3i, h\u01b0\u01a1ng b\u00e9o th\u01a1m c\u00f9ng v\u1ecb m\u1eb1n m\u1eb7n \u0111\u1eb7c tr\u01b0ng c\u1ee7a ph\u00f4 mai.<\/p>\n<p>&gt; C\u00f3 l\u1ee3i cho \u0111\u01b0\u1eddng ti\u00eau h\u00f3a, cung c\u1ea5p l\u01b0\u1ee3ng protein \u0111\u00e1ng k\u1ec3, ch\u00fang mang l\u1ea1i c\u00e1c axit amin thi\u1ebft y\u1ebfu gi\u00fap x\u00e2y d\u1ef1ng t\u1ebf b\u00e0o kh\u1ecfe m\u1ea1nh, r\u1ea5t t\u1ed1t cho s\u1ee9c kh\u1ecfe c\u1ee7a c\u1ea3 ng\u01b0\u1eddi l\u1edbn v\u00e0 tr\u1ebb em.<img loading=\"lazy\" decoding=\"async\" class=\"wp-image-28126 aligncenter\" src=\"https:\/\/havamall.vn\/wp-content\/uploads\/2025\/03\/96780729_258522602157861-275x300.png\" alt=\"\" width=\"643\" height=\"702\" \/><\/p>\n<h3><strong>H\u01b0\u1edbng d\u1eabn s\u1eed d\u1ee5ng:<\/strong><\/h3>\n<p>\u2013 D\u00f9ng tr\u1ef1c ti\u1ebfp ho\u1eb7c ch\u1ebf bi\u1ebfn m\u00f3n \u0103n kh\u00e1c.<\/p>\n<p>\u2013 Ph\u00f4 mai Camembert Paysan Breton c\u00f3 \u0111\u01b0\u1ee3c h\u01b0\u01a1ng v\u1ecb ngon nh\u1ea5t khi \u0111\u01b0\u1ee3c ch\u1ebf bi\u1ebfn \u1edf nhi\u1ec7t \u0111\u1ed9 ph\u00f2ng. H\u00e3y l\u1ea5y phomai brie ra kh\u1ecfi t\u1ee7 l\u1ea1nh kho\u1ea3ng 45 ph\u00fat tr\u01b0\u1edbc khi ch\u1ebf bi\u1ebfn.<\/p>\n<p>\u2013 Nh\u00fang con dao c\u1eaft phomai v\u00e0o n\u01b0\u1edbc n\u00f3ng \u0111\u1ec3 phomai kh\u00f4ng b\u1ecb d\u00ednh v\u00e0o n\u00f3.<\/p>\n<p>S\u1ea3n ph\u1ea9m hi\u1ec7n \u0111\u00e3 c\u00f3 m\u1eb7t t\u1ea1i Havamall.<\/p>","protected":false},"excerpt":{"rendered":"<p>L\u00e0 th\u01b0\u01a1ng hi\u1ec7u n\u1ed5i ti\u1ebfng l\u00e2u \u0111\u1eddi c\u1ee7a v\u00f9ng\u00a0Brittany\u00a0n\u01b0\u1edbc Ph\u00e1p v\u1edbi s\u1ea3n ph\u1ea9m \u0111a d\u1ea1ng. T\u1ef1 h\u00e0o v\u1ec1 ngu\u1ed3n g\u1ed1c<\/p>","protected":false},"featured_media":28125,"comment_status":"open","ping_status":"closed","template":"","meta":[],"product_brand":[],"product_cat":[671,36],"product_tag":[],"class_list":{"0":"post-28119","1":"product","2":"type-product","3":"status-publish","4":"has-post-thumbnail","6":"product_cat-nhap-khau-phap","7":"product_cat-thuc-pham-tieu-dung","9":"first","10":"instock","11":"sale","12":"shipping-taxable","13":"purchasable","14":"product-type-simple"},"_links":{"self":[{"href":"https:\/\/havamall.vn\/en\/wp-json\/wp\/v2\/product\/28119"}],"collection":[{"href":"https:\/\/havamall.vn\/en\/wp-json\/wp\/v2\/product"}],"about":[{"href":"https:\/\/havamall.vn\/en\/wp-json\/wp\/v2\/types\/product"}],"replies":[{"embeddable":true,"href":"https:\/\/havamall.vn\/en\/wp-json\/wp\/v2\/comments?post=28119"}],"version-history":[{"count":0,"href":"https:\/\/havamall.vn\/en\/wp-json\/wp\/v2\/product\/28119\/revisions"}],"wp:featuredmedia":[{"embeddable":true,"href":"https:\/\/havamall.vn\/en\/wp-json\/wp\/v2\/media\/28125"}],"wp:attachment":[{"href":"https:\/\/havamall.vn\/en\/wp-json\/wp\/v2\/media?parent=28119"}],"wp:term":[{"taxonomy":"product_brand","embeddable":true,"href":"https:\/\/havamall.vn\/en\/wp-json\/wp\/v2\/product_brand?post=28119"},{"taxonomy":"product_cat","embeddable":true,"href":"https:\/\/havamall.vn\/en\/wp-json\/wp\/v2\/product_cat?post=28119"},{"taxonomy":"product_tag","embeddable":true,"href":"https:\/\/havamall.vn\/en\/wp-json\/wp\/v2\/product_tag?post=28119"}],"curies":[{"name":"wp","href":"https:\/\/api.w.org\/{rel}","templated":true}]}}