{"id":28100,"date":"2022-07-20T11:16:55","date_gmt":"2022-07-20T04:16:55","guid":{"rendered":"https:\/\/havamall.vn\/?post_type=product&#038;p=28100"},"modified":"2025-11-19T09:45:58","modified_gmt":"2025-11-19T02:45:58","slug":"kem-chua-tatua-500g-sour-cream","status":"publish","type":"product","link":"https:\/\/havamall.vn\/en\/shop\/kem-chua-tatua-500g-sour-cream\/","title":{"rendered":"Kem Chua Tatua 500g &#8211; Sour Cream"},"content":{"rendered":"<h3><strong>TH\u00d4NG TIN TH\u01af\u01a0NG HI\u1ec6U<\/strong><\/h3>\n<p>TATUA l\u00e0 m\u1ed9t th\u01b0\u01a1ng hi\u1ec7u n\u1ed5i ti\u1ebfng s\u1ea3n xu\u1ea5t c\u00e1c s\u1ea3n ph\u1ea9m kem s\u1eefa l\u00e2u \u0111\u1eddi nh\u1ea5t t\u1ea1i New Zealand, \u0111\u01b0\u1ee3c th\u00e0nh l\u1eadp n\u0103m 1914. C\u00f3 th\u1ec3 n\u00f3i \u0111\u00e2y l\u00e0 m\u1ed9t th\u01b0\u01a1ng hi\u1ec7u n\u1ed5i ti\u1ebfng v\u00e0 \u0111\u01b0\u1ee3c nhi\u1ec1u tin d\u00f9ng b\u1edfi \u0111\u1ed9 ngon v\u00e0 ng\u1eady do \u0111\u01b0\u1ee3c l\u00e0m t\u1eeb s\u1eefa t\u01b0\u01a1i c\u1ee7a \u0111\u1ed9ng v\u1eadt.<\/p>\n<p>C\u00e1c s\u1ea3n ph\u1ea9m t\u1eeb th\u01b0\u01a1ng hi\u1ec7u Tatua \u0111\u01b0\u1ee3c \u01b0a chu\u1ed9ng tr\u00ean to\u00e0n th\u1ebf gi\u1edbi nh\u1edd v\u00e0o ch\u1ea5t l\u01b0\u1ee3ng v\u01b0\u1ee3t tr\u1ed9i, s\u1ef1 ti\u1ec7n l\u1ee3i, h\u1ea1n s\u1eed d\u1ee5ng l\u00e2u d\u00e0i v\u00e0 t\u00ednh linh ho\u1ea1t trong \u1ee9ng d\u1ee5ng. Tatua \u0111\u01b0\u1ee3c bi\u1ebft \u0111\u1ebfn v\u1edbi\u00a0c\u00e1c s\u1ea3n ph\u1ea9m n\u1ed5i ti\u1ebfng nh\u01b0: kem s\u1eefa (whipping cream, culinary &amp; whipping cream), ph\u00f4 mai mascarpone, kem chua (sour cream), kem x\u1ecbt (whipped cream).<\/p>\n<p><img fetchpriority=\"high\" decoding=\"async\" class=\"wp-image-25934 aligncenter\" src=\"https:\/\/havamall.com\/wp-content\/uploads\/2025\/11\/EZZz3GwU4AAm18a.jpg\" alt=\"\" width=\"758\" height=\"279\" \/><\/p>\n<p>Sour Cream \u0111\u01b0\u1ee3c t\u1ea1m d\u1ecbch l\u00e0 kem chua \u2013\u00a0 L\u00e0 m\u1ed9t s\u1ea3n ph\u1ea9m s\u1eefa thu \u0111\u01b0\u1ee3c trong qu\u00e1 tr\u00ecnh l\u00ean men kem t\u01b0\u01a1i v\u1edbi m\u1ed9t s\u1ed1 lo\u1ea1i vi khu\u1ea9n axit lactic c\u00f3 l\u1ee3i. Ngu\u1ed3n g\u1ed1c c\u1ee7a t\u00ean g\u1ecdi xu\u1ea5t ph\u00e1t t\u1eeb vi\u1ec7c s\u1ea3n xu\u1ea5t axit lactic b\u1eb1ng qu\u00e1 tr\u00ecnh l\u00ean men vi khu\u1ea9n.<\/p>\n<p>Sour Cream ch\u1ee9a h\u00e0m l\u01b0\u1ee3ng 18 \u2013 20% ch\u1ea5t b\u00e9o v\u00e0 ch\u1ee9a c\u00e1c ch\u1ea5t l\u00e0m \u0111\u1eb7c nh\u01b0 Gelatin, Rennet c\u0169ng nh\u01b0 c\u00e1c axit t\u1ea1o v\u1ecb chua.<\/p>\n<p>Sour Cream l\u00e0 m\u1ed9t trong nh\u1eefng nguy\u00ean li\u1ec7u l\u00e0m n\u00ean nh\u1eefng m\u00f3n b\u00e1nh th\u01a1m ngon, n\u1ed5i ti\u1ebfng b\u1eadc nh\u1ea5t, nh\u01b0: B\u00e1nh Tacos Mexico vang danh, b\u00e1nh quy s\u1eefa chua hay kem d\u00e2u t\u00e2y chocolate.<\/p>\n<p><img decoding=\"async\" class=\"wp-image-28101 aligncenter\" src=\"https:\/\/havamall.com\/wp-content\/uploads\/2025\/11\/242095565_4257026597684074_8674133555142370137_n-300x200.jpg\" alt=\"\" width=\"757\" height=\"504\" \/><\/p>\n<p>Sour Cream c\u00f3 m\u00f9i th\u01a1m nh\u1eb9, \u00edt b\u00e9o, chua c\u00f3 ch\u1ee9a \u00edt d\u1ea7u b\u01a1 v\u00ec \u0111\u01b0\u1ee3c l\u00e0m t\u1eeb h\u1ed7n h\u1ee3p s\u1eefa v\u00e0 kem. Lo\u1ea1i nguy\u00ean li\u1ec7u n\u00e0y kh\u00f4ng \u0111\u01b0\u1ee3c l\u00ean men ho\u00e0n to\u00e0n v\u00e0 gi\u1ed1ng nh\u01b0 nhi\u1ec1u s\u1ea3n ph\u1ea9m s\u1eefa kh\u00e1c \u0111\u1ec1u ph\u1ea3i \u0111\u01b0\u1ee3c l\u00e0m l\u1ea1nh. Sour Cream kh\u00f4ng b\u1ecb \u0111\u00f4ng hay t\u00e1ch \u1edf nhi\u1ec7t \u0111\u1ed9 cao n\u00ean c\u00f3 th\u1ec3 d\u00f9ng trong n\u1ea5u \u0103n.<\/p>\n<p><img decoding=\"async\" class=\"wp-image-28102 aligncenter\" src=\"https:\/\/havamall.com\/wp-content\/uploads\/2025\/11\/240827701_4183234901729911_698260196228003498_n-300x200.jpg\" alt=\"\" width=\"755\" height=\"504\" \/><\/p>\n<p>Sour Cream l\u00e0 m\u1ed9t lo\u1ea1i x\u1ed1t kem v\u1edbi h\u01b0\u01a1ng th\u01a1m \u0111\u1eb7c bi\u1ec7t m\u1ecbn, m\u01b0\u1ee3t, \u0111\u1ec3 d\u00f9ng cho c\u00e1c mo\u0301n \u0103n m\u1eb7n v\u00e0 ng\u1ecdt nh\u01b0 la\u0300m ba\u0301nh, tr\u00f4\u0323n salad, la\u0300m mo\u0301n tra\u0301ng mi\u00ea\u0323ng. Sour Cream l\u00e0 m\u1ed9t trong nh\u1eefng nguy\u00ean li\u1ec7u l\u00e0m n\u00ean nh\u1eefng m\u00f3n b\u00e1nh th\u01a1m ngon, n\u1ed5i ti\u1ebfng b\u1eadc nh\u1ea5t, nh\u01b0: B\u00e1nh Tacos Mexico vang danh, b\u00e1nh quy s\u1eefa chua hay kem d\u00e2u t\u00e2y chocolate.<\/p>\n<p><img loading=\"lazy\" decoding=\"async\" class=\"wp-image-28103 aligncenter\" src=\"https:\/\/havamall.com\/wp-content\/uploads\/2025\/11\/118195572_3160416567345088_657559473577489563_n-300x200.jpg\" alt=\"\" width=\"749\" height=\"499\" \/><\/p>\n<h3><strong>\u0110\u1eb7c \u0111i\u1ec3m n\u1ed5i b\u1eadt c\u1ee7a s\u1ea3n ph\u1ea9m:<\/strong><\/h3>\n<ul>\n<li>Sour cream tatua l\u00e0 kem nh\u01b0ng \u00edt b\u00e9o h\u01a1n whipping v\u00e0 c\u00f3 v\u1ecb chua, c\u00f3 nhi\u1ec1u c\u00f4ng th\u1ee9c b\u00e1nh s\u1eed d\u1ee5ng s\u1eefa chua \u0111\u1ec3 l\u00e0m b\u00e1nh b\u1edbt ng\u1eady th\u00ec s\u1eed d\u1ee5ng sourcream tatua n\u00e0y.<\/li>\n<li>Sour Cream tatua t\u1ea1m d\u1ecbch l\u00e0 Kem chua: l\u00e0 s\u1ea3n ph\u1ea9m c\u1ee7a qu\u00e1 tr\u00ecnh l\u00ean men kem t\u01b0\u01a1i th\u00f4ng th\u01b0\u1eddng v\u1edbi m\u1ed9t s\u1ed1 lo\u1ea1i vi khu\u1ea9n acid lactic c\u00f3 \u00edch. Kem c\u00f3 h\u00e0m l\u01b0\u1ee3ng ch\u1ea5t b\u00e9o kho\u1ea3ng 18% gi\u1ed1ng nh\u01b0 light cream, nh\u01b0ng v\u00ec c\u00f3 s\u1eed d\u1ee5ng men trong th\u00e0nh ph\u1ea7n n\u00ean kem c\u00f3 v\u1ecb chua.<\/li>\n<\/ul>\n<p><img loading=\"lazy\" decoding=\"async\" class=\"wp-image-28106 aligncenter\" src=\"https:\/\/havamall.com\/wp-content\/uploads\/2025\/11\/65fd97c7e0b8a2d4f15d547bffdb2857-300x269.jpg\" alt=\"\" width=\"756\" height=\"678\" \/><\/p>\n<ul>\n<li>Kem chua Tatua l\u00e0 lo\u1ea1i s\u1ed1t kem v\u1edbi h\u01b0\u01a1ng th\u01a1m \u0111\u1eb7c bi\u1ec7t, \u0111\u01b0\u1ee3c ti\u1ec7t tr\u00f9ng v\u00e0 \u0111\u00f3ng g\u00f3i v\u00f4 tr\u00f9ng, s\u1eed d\u1ee5ng ti\u1ec7n l\u1ee3i, h\u1ea1n s\u1eed d\u1ee5ng d\u00e0i v\u00e0 tr\u00e1nh l\u00e3ng ph\u00ed.<\/li>\n<li>C\u00f3 k\u1ebft c\u1ea5u m\u1ecbn, m\u01b0\u1ee3t, l\u00fd t\u01b0\u1edfng \u0111\u1ec3 d\u00f9ng cho c\u00e1c \u1ee9ng d\u1ee5ng m\u1eb7n v\u00e0 ng\u1ecdt. S\u1ea3n ph\u1ea9m \u1edf nhi\u1ec7t \u0111\u1ed9 cao kh\u00f4ng b\u1ecb \u0111\u00f4ng hay t\u00e1ch, c\u00f3 th\u1ec3 d\u00f9ng thay th\u1ebf kem khi n\u1ea5u.<\/li>\n<li>Sour Cream \u0111\u01b0\u1ee3c \u1ee9ng d\u1ee5ng nhi\u1ec1u trong c\u00e1c m\u00f3n nh\u01b0 soup, s\u1ed1t, l\u00e0m b\u00e1nh hay \u0103n k\u00e8m v\u1edbi c\u00e1c lo\u1ea1i chips.<\/li>\n<\/ul>\n<h3><img loading=\"lazy\" decoding=\"async\" class=\"wp-image-28110 aligncenter\" src=\"https:\/\/havamall.com\/wp-content\/uploads\/2025\/11\/88213213_2718251698228246_2495051643045806080_n-300x200.jpg\" alt=\"\" width=\"758\" height=\"505\" \/><\/h3>\n<h3><strong>C\u00f4ng d\u1ee5ng c\u1ee7a s\u1ea3n ph\u1ea9m:<\/strong><\/h3>\n<p>\u2013 Sour Cream l\u00e0 m\u1ed9t lo\u1ea1i x\u1ed1t kem v\u1edbi h\u01b0\u01a1ng th\u01a1m \u0111\u1eb7c bi\u1ec7t m\u1ecbn, m\u01b0\u1ee3t, \u0111\u1ec3 d\u00f9ng cho c\u00e1c mo\u0301n \u0103n m\u1eb7n v\u00e0 ng\u1ecdt nh\u01b0 la\u0300m ba\u0301nh, tr\u00f4\u0323n salad, la\u0300m mo\u0301n tra\u0301ng mi\u00ea\u0323ng.<\/p>\n<p>\u2013 Trong l\u00e0m kem: Sour Cream giu\u0301p kem th\u01a1m ngon h\u01a1n, kh\u00f4ng b\u00e9o ng\u1ea5y nh\u01b0 khi s\u01b0\u0309 du\u0323ng kem Whipping. B\u00e1nh \u0111\u01b0\u1ee3c ph\u1ee7 b\u1eb1ng Sour Cream s\u1ebd gi\u1eef \u0111\u01b0\u1ee3c form, kem mi\u0323n, de\u0309o va\u0300 co\u0301 k\u1ebft c\u1ea5u v\u1eefng ch\u1eafc h\u01a1n Whipping.<\/p>\n<p>\u2013 \u1ede m\u1ed9t s\u1ed1 n\u01b0\u1edbc ch\u00e2u \u00c2u v\u00e0 B\u1eafc M\u1ef9 Sour Cream \u0111\u01b0\u1ee3c d\u00f9ng ch\u1ee7 y\u1ebfu nh\u01b0 m\u1ed9t lo\u1ea1i gia v\u1ecb ho\u1eb7c d\u00f9ng n\u00f3 thay cho b\u1eefa s\u00e1ng. N\u00f3 nh\u01b0 m\u1ed9t lo\u1ea1i topping \u0103n k\u00e8m v\u1edbi khoai t\u00e2y n\u01b0\u1edbng.<\/p>\n<p>\u2013 Sour Cream \u0111\u01b0\u1ee3c s\u1eed d\u1ee5ng cho v\u00e0o h\u1ed7n h\u1ee3p cho b\u00e1nh, cookie, b\u00e1nh r\u00e1n v\u00e0 b\u00e1nh n\u01b0\u1edbng.<\/p>\n<p><img loading=\"lazy\" decoding=\"async\" class=\"wp-image-28105 aligncenter\" src=\"https:\/\/havamall.com\/wp-content\/uploads\/2025\/11\/kem-chua-2-1609847584047-300x169.jpg\" alt=\"\" width=\"741\" height=\"417\" \/><\/p>","protected":false},"excerpt":{"rendered":"<p>TH\u00d4NG TIN TH\u01af\u01a0NG HI\u1ec6U TATUA l\u00e0 m\u1ed9t th\u01b0\u01a1ng hi\u1ec7u n\u1ed5i ti\u1ebfng s\u1ea3n xu\u1ea5t c\u00e1c s\u1ea3n ph\u1ea9m kem s\u1eefa l\u00e2u \u0111\u1eddi<\/p>","protected":false},"featured_media":28107,"comment_status":"open","ping_status":"closed","template":"","meta":[],"product_brand":[],"product_cat":[677,275,36],"product_tag":[],"class_list":{"0":"post-28100","1":"product","2":"type-product","3":"status-publish","4":"has-post-thumbnail","6":"product_cat-cac-nuoc-khac","7":"product_cat-thuc-pham-dong-lanh","8":"product_cat-thuc-pham-tieu-dung","10":"first","11":"instock","12":"sale","13":"shipping-taxable","14":"purchasable","15":"product-type-simple"},"_links":{"self":[{"href":"https:\/\/havamall.vn\/en\/wp-json\/wp\/v2\/product\/28100"}],"collection":[{"href":"https:\/\/havamall.vn\/en\/wp-json\/wp\/v2\/product"}],"about":[{"href":"https:\/\/havamall.vn\/en\/wp-json\/wp\/v2\/types\/product"}],"replies":[{"embeddable":true,"href":"https:\/\/havamall.vn\/en\/wp-json\/wp\/v2\/comments?post=28100"}],"version-history":[{"count":0,"href":"https:\/\/havamall.vn\/en\/wp-json\/wp\/v2\/product\/28100\/revisions"}],"wp:featuredmedia":[{"embeddable":true,"href":"https:\/\/havamall.vn\/en\/wp-json\/wp\/v2\/media\/28107"}],"wp:attachment":[{"href":"https:\/\/havamall.vn\/en\/wp-json\/wp\/v2\/media?parent=28100"}],"wp:term":[{"taxonomy":"product_brand","embeddable":true,"href":"https:\/\/havamall.vn\/en\/wp-json\/wp\/v2\/product_brand?post=28100"},{"taxonomy":"product_cat","embeddable":true,"href":"https:\/\/havamall.vn\/en\/wp-json\/wp\/v2\/product_cat?post=28100"},{"taxonomy":"product_tag","embeddable":true,"href":"https:\/\/havamall.vn\/en\/wp-json\/wp\/v2\/product_tag?post=28100"}],"curies":[{"name":"wp","href":"https:\/\/api.w.org\/{rel}","templated":true}]}}