{"id":28089,"date":"2022-07-19T09:34:46","date_gmt":"2022-07-19T02:34:46","guid":{"rendered":"https:\/\/havamall.vn\/?post_type=product&#038;p=28089"},"modified":"2022-08-16T14:18:44","modified_gmt":"2022-08-16T07:18:44","slug":"bo-mau-acrylic-paints-mont-marte-18-cai-x-12ml","status":"publish","type":"product","link":"https:\/\/havamall.vn\/en\/shop\/bo-mau-acrylic-paints-mont-marte-18-cai-x-12ml\/","title":{"rendered":"B\u1ed9 M\u00e0u Acrylic Paints Mont Marte 18 C\u00e1i x 12ml"},"content":{"rendered":"<p dir=\"auto\">Mont Marte l\u00e0 h\u00e3ng h\u1ecda c\u1ee5 \u0111\u00e3 c\u00f3 m\u1eb7t t\u1ea1i h\u1ec7 th\u1ed1ng c\u1eeda h\u00e0ng c\u1ee7a h\u01a1n 300 t\u1ec9nh th\u00e0nh thu\u1ed9c 75 qu\u1ed1c gia tr\u00ean to\u00e0n th\u1ebf gi\u1edbi. \u0110i\u1ec1u n\u00e0y n\u00f3i l\u00ean s\u1ef1 ph\u00e1t tri\u1ec3n b\u1ec1n v\u1eefng c\u1ee7a nh\u00e3n h\u00e0ng Mont Marte tr\u00ean th\u1ecb tr\u01b0\u1eddng th\u1ebf gi\u1edbi.<\/p>\n<p>Trong v\u00f2ng 15 n\u0103m, Mont Marte \u0111\u00e3 tr\u1edf th\u00e0nh th\u01b0\u01a1ng h\u1ec7u d\u1eabn \u0111\u1ea7u th\u1ecb tr\u01b0\u1eddng \u00dac v\u1ec1 c\u00e1c s\u1ea3n ph\u1ea9m ngh\u1ec7 thu\u1eadt v\u00e0 l\u00e0 th\u01b0\u01a1ng hi\u1ec7u \u0111\u01b0\u1ee3c tin d\u00f9ng \u1edf h\u01a1n 75 qu\u1ed1c gia: Trung Qu\u1ed1c, Canada, Ph\u00e1p, Ph\u1ea7n Lan,\u2026<\/p>\n<p>S\u1ea3n ph\u1ea9m Mont Marte kh\u00e1 \u0111a d\u1ea1ng, \u0111\u00e1p \u1ee9ng h\u1ea7u h\u1ebft c\u00e1c nhu c\u1ea7u v\u1ec1 h\u1ecda c\u1ee5 truy\u1ec1n th\u1ed1ng, t\u1eeb s\u01a1n m\u00e0u \u0111\u1ebfn c\u00e1c ph\u1ee5 ki\u1ec7n, s\u1ed5 k\u00ed h\u1ecda, gi\u1ea5y craft,\u2026<\/p>\n<p><img fetchpriority=\"high\" decoding=\"async\" class=\"wp-image-28090 aligncenter\" src=\"https:\/\/havamall.vn\/wp-content\/uploads\/2022\/07\/0b8f9c70cb271ea7c32bb837fec81c0f-300x300.jpg\" alt=\"\" width=\"661\" height=\"661\" srcset=\"https:\/\/havamall.vn\/wp-content\/uploads\/2022\/07\/0b8f9c70cb271ea7c32bb837fec81c0f-300x300.jpg 300w, https:\/\/havamall.vn\/wp-content\/uploads\/2022\/07\/0b8f9c70cb271ea7c32bb837fec81c0f-430x430.jpg 430w, https:\/\/havamall.vn\/wp-content\/uploads\/2022\/07\/0b8f9c70cb271ea7c32bb837fec81c0f-150x150.jpg 150w, https:\/\/havamall.vn\/wp-content\/uploads\/2022\/07\/0b8f9c70cb271ea7c32bb837fec81c0f-700x700.jpg 700w, https:\/\/havamall.vn\/wp-content\/uploads\/2022\/07\/0b8f9c70cb271ea7c32bb837fec81c0f-768x768.jpg 768w, https:\/\/havamall.vn\/wp-content\/uploads\/2022\/07\/0b8f9c70cb271ea7c32bb837fec81c0f-600x600.jpg 600w, https:\/\/havamall.vn\/wp-content\/uploads\/2022\/07\/0b8f9c70cb271ea7c32bb837fec81c0f-100x100.jpg 100w, https:\/\/havamall.vn\/wp-content\/uploads\/2022\/07\/0b8f9c70cb271ea7c32bb837fec81c0f.jpg 800w\" sizes=\"(max-width: 661px) 100vw, 661px\" \/><\/p>\n<p>Acrylic Mont Marte l\u00e0 m\u1ed9t lo\u1ea1i m\u00e0u v\u1ebd \u0111a n\u0103ng c\u00f3 th\u1ec3 \u0111\u01b0\u1ee3c h\u00f2a tr\u1ed9n v\u1edbi dung m\u00f4i \u0111\u1ec3 t\u1ea1o n\u00ean nhi\u1ec1u hi\u1ec7u \u1ee9ng m\u00e0u kh\u00e1c nhau.<\/p>\n<p>Acrylic Metalic Mont Marte l\u00e0 d\u00f2ng acrylic tuy\u1ec7t v\u1eddi \u0111\u1ec3 t\u1ea1o n\u00ean c\u00e1c \u0111i\u1ec3m nh\u1ea5n l\u1ea5p l\u00e1nh \u00e1nh nh\u0169 cho c\u00e1c t\u00e1c ph\u1ea9m ngh\u1ec7 thu\u1eadt. M\u00e0u m\u1ecbn \u0111\u1ed3ng nh\u1ea5t, th\u1eddi gian kh\u00f4 nhanh.\u00a0M\u00e0u Acrylic Mont Marte Studio r\u1ea5t d\u1ec5 d\u00f9ng, t\u01b0\u01a1i t\u1eafn v\u00e0 c\u00f3 \u0111\u1ed9 che ph\u1ee7 cao c\u00f9ng \u0111\u1ed9 \u1ea9m h\u1ee3p l\u00ed. Thi\u1ebft k\u1ebf d\u1ea1ng tu\u00fdp ti\u1ec7n l\u1ee3i, tr\u00e1nh vi\u1ec7c m\u00e0u b\u1ecb kh\u00f4 do bao b\u00ec kh\u00f4ng k\u00edn.<\/p>\n<p><img decoding=\"async\" class=\"wp-image-23510 aligncenter\" src=\"https:\/\/havamall.vn\/wp-content\/uploads\/2021\/11\/3fa243287eb-285x300.png\" alt=\"\" width=\"668\" height=\"702\" srcset=\"https:\/\/havamall.vn\/wp-content\/uploads\/2021\/11\/3fa243287eb-285x300.png 285w, https:\/\/havamall.vn\/wp-content\/uploads\/2021\/11\/3fa243287eb-430x452.png 430w, https:\/\/havamall.vn\/wp-content\/uploads\/2021\/11\/3fa243287eb-150x158.png 150w, https:\/\/havamall.vn\/wp-content\/uploads\/2021\/11\/3fa243287eb-700x736.png 700w, https:\/\/havamall.vn\/wp-content\/uploads\/2021\/11\/3fa243287eb-768x808.png 768w, https:\/\/havamall.vn\/wp-content\/uploads\/2021\/11\/3fa243287eb-600x631.png 600w, https:\/\/havamall.vn\/wp-content\/uploads\/2021\/11\/3fa243287eb.png 774w\" sizes=\"(max-width: 668px) 100vw, 668px\" \/><\/p>\n<p>S\u1ea3n ph\u1ea9m c\u00f3 thi\u1ebft k\u1ebf b\u1eaft m\u1eaft, ti\u1ec7n l\u1ee3i t\u1eeb bao b\u00ec cho t\u1edbi s\u1ea3n ph\u1ea9m, Mont Marte \u0111\u1ea7u t\u01b0 r\u1ea5t k\u1ef9 l\u01b0\u1ee1ng kh\u00f4ng ch\u1ec9 v\u1ec1 ch\u1ea5t l\u01b0\u1ee3ng m\u00e0 c\u00f2n v\u1ec1 thi\u1ebft k\u1ebf m\u1eabu m\u00e3. C\u00e1c tu\u00fdp m\u00e0u nh\u1ecf g\u1ecdn ch\u1ec9 12ml, n\u00ean r\u1ea5t d\u1ec5 v\u1eadn chuy\u1ec3n v\u00e0 b\u1ea3o qu\u1ea3n.<\/p>\n<p>M\u00e0u ch\u1ee9a c\u00e1c s\u1eafc t\u1ed1 ch\u1ea5t l\u01b0\u1ee3ng cao v\u1edbi \u0111\u1ed9 m\u1ecbn \u0111\u1ed3ng nh\u1ea5t v\u00e0 \u0111\u1ed9 b\u00f3ng cao. B\u1ed9 m\u00e0u ch\u1ee9a \u0111\u1ea7y \u0111\u1ee7 c\u00e1c tone m\u00e0u s\u1eafc t\u1eeb warm tone cho t\u1edbi cool tone, bao g\u1ed3m c\u00e1c m\u00e0u c\u01a1 b\u1ea3n \u0111\u1ec3 pha tr\u1ed9n d\u1ec5 d\u00e0ng.<\/p>\n<p><img decoding=\"async\" class=\"wp-image-23511 aligncenter\" src=\"https:\/\/havamall.vn\/wp-content\/uploads\/2021\/11\/187798543_-300x300.png\" alt=\"\" width=\"670\" height=\"670\" srcset=\"https:\/\/havamall.vn\/wp-content\/uploads\/2021\/11\/187798543_-300x300.png 300w, https:\/\/havamall.vn\/wp-content\/uploads\/2021\/11\/187798543_-430x430.png 430w, https:\/\/havamall.vn\/wp-content\/uploads\/2021\/11\/187798543_-150x150.png 150w, https:\/\/havamall.vn\/wp-content\/uploads\/2021\/11\/187798543_-700x700.png 700w, https:\/\/havamall.vn\/wp-content\/uploads\/2021\/11\/187798543_-768x768.png 768w, https:\/\/havamall.vn\/wp-content\/uploads\/2021\/11\/187798543_-1024x1024.png 1024w, https:\/\/havamall.vn\/wp-content\/uploads\/2021\/11\/187798543_-1200x1200.png 1200w, https:\/\/havamall.vn\/wp-content\/uploads\/2021\/11\/187798543_-600x600.png 600w, https:\/\/havamall.vn\/wp-content\/uploads\/2021\/11\/187798543_-100x100.png 100w, https:\/\/havamall.vn\/wp-content\/uploads\/2021\/11\/187798543_.png 2048w\" sizes=\"(max-width: 670px) 100vw, 670px\" \/><\/p>\n<p>B\u1ed9 m\u00e0u Acrylic Mont Marte v\u00f4 c\u00f9ng th\u00edch h\u1ee3p cho c\u00e1c H\u1ecda S\u0129 v\u00e0 Sinh Vi\u00ean M\u1ef9 Thu\u1eadt, Thi\u1ebft K\u1ebf \u0111ang t\u00ecm ki\u1ebfm m\u1ed9t b\u1ed9 m\u00e0u ti\u1ec7n l\u1ee3i cho c\u1ea3 trong l\u1edbp h\u1ecdc v\u00e0 ngo\u00e0i tr\u1eddi. \u0110\u1eb7c bi\u1ec7t m\u00e0u v\u1ebd kh\u00f4ng ch\u1ee9a h\u00f3a ch\u1ea5t \u0111\u1ed9c h\u1ea1i, ch\u1ea5t l\u01b0\u1ee3ng \u0111\u1ea1t ti\u00eau chu\u1ea9n qu\u1ed1c t\u1ebf v\u1ec1 \u0111\u1ed9 b\u1ec1n v\u00e0 an to\u00e0n cho s\u1ee9c kh\u1ecfe ng\u01b0\u1eddi d\u00f9ng.<\/p>\n<h3><strong>\u0110\u1eb7c \u0111i\u1ec3m n\u1ed5i b\u1eadt c\u1ee7a s\u1ea3n ph\u1ea9m:<\/strong><\/h3>\n<p>\u2013 M\u00e0u acrylic th\u00edch h\u1ee3p v\u1ebd tr\u00ean nhi\u1ec1u ch\u1ea5t li\u1ec7u \u0111a d\u1ea1ng nh\u01b0: T\u01b0\u1eddng, g\u1ed7, v\u1ea3i, Canvas, gi\u1ea5y, k\u00ednh\u2026..<\/p>\n<p>\u2013 Acrylic Mont Marte l\u00e0 m\u1ed9t lo\u1ea1i m\u00e0u v\u1ebd \u0111a n\u0103ng c\u00f3 th\u1ec3 \u0111\u01b0\u1ee3c h\u00f2a tr\u1ed9n v\u1edbi dung m\u00f4i \u0111\u1ec3 t\u1ea1o n\u00ean nhi\u1ec1u hi\u1ec7u \u1ee9ng m\u00e0u kh\u00e1c nhau.<\/p>\n<p>\u2013 Thi\u1ebft k\u1ebf b\u1eaft m\u1eaft, ti\u1ec7n l\u1ee3i t\u1eeb bao b\u00ec cho t\u1edbi s\u1ea3n ph\u1ea9m, Mont Marte \u0111\u1ea7u t\u01b0 r\u1ea5t k\u1ef9 l\u01b0\u1ee1ng kh\u00f4ng ch\u1ec9 v\u1ec1 ch\u1ea5t l\u01b0\u1ee3ng m\u00e0 c\u00f2n v\u1ec1 thi\u1ebft k\u1ebf m\u1eabu m\u00e3.<\/p>\n<p>\u2013 C\u00e1c tu\u00fdp m\u00e0u nh\u1ecf g\u1ecdn ch\u1ec9 12ml, n\u00ean r\u1ea5t d\u1ec5 v\u1eadn chuy\u1ec3n v\u00e0 b\u1ea3o qu\u1ea3n.<\/p>\n<p>\u2013 S\u1ea3n ph\u1ea9m \u0111\u01b0\u1ee3c c\u00e1c nh\u00e0 h\u1ecda s\u0129 chuy\u00ean nghi\u1ec7p s\u1eed d\u1ee5ng, ph\u00f9 h\u1ee3p cho c\u1ea3 c\u00e1c b\u1ea1n \u0111am m\u00ea h\u1ed9i h\u1ecda v\u00e0 sinh vi\u00ean m\u1ef9 thu\u1eadt ki\u1ebfn tr\u00fac.Thi\u1ebft k\u1ebf d\u1ea1ng tu\u00fdp ti\u1ec7n l\u1ee3i, tr\u00e1nh vi\u1ec7c m\u00e0u b\u1ecb kh\u00f4 do bao b\u00ec kh\u00f4ng k\u00edn.<\/p>\n<p><img loading=\"lazy\" decoding=\"async\" class=\"wp-image-23512 aligncenter\" src=\"https:\/\/havamall.vn\/wp-content\/uploads\/2021\/11\/195418335-300x200.png\" alt=\"\" width=\"671\" height=\"448\" srcset=\"https:\/\/havamall.vn\/wp-content\/uploads\/2021\/11\/195418335-300x200.png 300w, https:\/\/havamall.vn\/wp-content\/uploads\/2021\/11\/195418335-430x287.png 430w, https:\/\/havamall.vn\/wp-content\/uploads\/2021\/11\/195418335-150x100.png 150w, https:\/\/havamall.vn\/wp-content\/uploads\/2021\/11\/195418335-700x467.png 700w, https:\/\/havamall.vn\/wp-content\/uploads\/2021\/11\/195418335-768x512.png 768w, https:\/\/havamall.vn\/wp-content\/uploads\/2021\/11\/195418335-1024x683.png 1024w, https:\/\/havamall.vn\/wp-content\/uploads\/2021\/11\/195418335-1200x800.png 1200w, https:\/\/havamall.vn\/wp-content\/uploads\/2021\/11\/195418335-600x400.png 600w, https:\/\/havamall.vn\/wp-content\/uploads\/2021\/11\/195418335.png 2048w\" sizes=\"(max-width: 671px) 100vw, 671px\" \/><\/p>\n<h3><strong>Th\u00f4ng tin s\u1ea3n ph\u1ea9m:\u00a0<\/strong><\/h3>\n<p>\u2013 Th\u01b0\u01a1ng hi\u1ec7u: Mont Marte<\/p>\n<p>\u2013 Dung t\u00edch: 12ml<\/p>\n<p>\u2013 M\u00e0u s\u1eafc: 18 m\u00e0u<\/p>","protected":false},"excerpt":{"rendered":"<p>Mont Marte l\u00e0 h\u00e3ng h\u1ecda c\u1ee5 \u0111\u00e3 c\u00f3 m\u1eb7t t\u1ea1i h\u1ec7 th\u1ed1ng c\u1eeda h\u00e0ng c\u1ee7a h\u01a1n 300 t\u1ec9nh th\u00e0nh thu\u1ed9c<\/p>","protected":false},"featured_media":28091,"comment_status":"open","ping_status":"closed","template":"","meta":[],"product_brand":[],"product_cat":[395,35],"product_tag":[],"class_list":{"0":"post-28089","1":"product","2":"type-product","3":"status-publish","4":"has-post-thumbnail","6":"product_cat-van-phong-pham","7":"product_cat-nha-cua-doi-song","8":"pa_brand-mont-marte","10":"first","11":"instock","12":"sale","13":"shipping-taxable","14":"purchasable","15":"product-type-simple"},"_links":{"self":[{"href":"https:\/\/havamall.vn\/en\/wp-json\/wp\/v2\/product\/28089"}],"collection":[{"href":"https:\/\/havamall.vn\/en\/wp-json\/wp\/v2\/product"}],"about":[{"href":"https:\/\/havamall.vn\/en\/wp-json\/wp\/v2\/types\/product"}],"replies":[{"embeddable":true,"href":"https:\/\/havamall.vn\/en\/wp-json\/wp\/v2\/comments?post=28089"}],"version-history":[{"count":0,"href":"https:\/\/havamall.vn\/en\/wp-json\/wp\/v2\/product\/28089\/revisions"}],"wp:featuredmedia":[{"embeddable":true,"href":"https:\/\/havamall.vn\/en\/wp-json\/wp\/v2\/media\/28091"}],"wp:attachment":[{"href":"https:\/\/havamall.vn\/en\/wp-json\/wp\/v2\/media?parent=28089"}],"wp:term":[{"taxonomy":"product_brand","embeddable":true,"href":"https:\/\/havamall.vn\/en\/wp-json\/wp\/v2\/product_brand?post=28089"},{"taxonomy":"product_cat","embeddable":true,"href":"https:\/\/havamall.vn\/en\/wp-json\/wp\/v2\/product_cat?post=28089"},{"taxonomy":"product_tag","embeddable":true,"href":"https:\/\/havamall.vn\/en\/wp-json\/wp\/v2\/product_tag?post=28089"}],"curies":[{"name":"wp","href":"https:\/\/api.w.org\/{rel}","templated":true}]}}