{"id":28076,"date":"2022-07-18T16:30:28","date_gmt":"2022-07-18T09:30:28","guid":{"rendered":"https:\/\/havamall.vn\/?post_type=product&#038;p=28076"},"modified":"2025-03-20T09:20:49","modified_gmt":"2025-03-20T02:20:49","slug":"bot-bap-polenta-casa-rinaldi-1kg-corn-flour","status":"publish","type":"product","link":"https:\/\/havamall.vn\/en\/shop\/bot-bap-polenta-casa-rinaldi-1kg-corn-flour\/","title":{"rendered":"B\u1ed9t B\u1eafp Polenta Casa Rinaldi 1kg &#8211; Corn Flour (T\u1eb6NG B\u1ed8T T\u1eceI)"},"content":{"rendered":"<div>\n<p>B\u1ed9t B\u1eafp Polenta Casa Rinaldi 1kg l\u00e0 lo\u1ea1i b\u1ed9t m\u1ecbn \u0111\u01b0\u1ee3c nghi\u1ec1n t\u1eeb ph\u1ea7n l\u00f5i c\u1ee7a h\u1ea1t b\u1eafp kh\u00f4, \u0111\u01b0\u1ee3c s\u1eed d\u1ee5ng kh\u00e1 ph\u1ed5 bi\u1ebfn trong vi\u1ec7c ch\u1ebf bi\u1ebfn th\u1ef1c ph\u1ea9m nh\u01b0 m\u1ed9t ch\u1ea5t k\u1ebft d\u00ednh ho\u1eb7c ch\u1ea5t l\u00e0m \u0111\u1eb7c. Ngo\u00e0i ra, b\u1ed9t b\u1eafp c\u00f2n gi\u00e0u ch\u1ea5t \u0111\u1ea1m v\u00e0 ch\u1ea5t x\u01a1 c\u0169ng nhi\u1ec1u kho\u00e1ng ch\u1ea5t c\u1ea7n thi\u1ebft cho c\u01a1 th\u1ec3, gi\u00fap c\u00e2n b\u1eb1ng l\u01b0\u1ee3ng m\u1ee1 trong m\u00e1u, ng\u0103n ng\u00f9a b\u1ec7nh tim m\u1ea1ch hi\u1ec7u qu\u1ea3.<img fetchpriority=\"high\" decoding=\"async\" class=\"wp-image-28077 aligncenter\" src=\"https:\/\/havamall.vn\/wp-content\/uploads\/2025\/03\/adobestock-300x171.png\" alt=\"\" width=\"584\" height=\"333\" \/><\/p>\n<p>B\u1ed9t B\u1eafp Polenta Casa Rinaldi 1kg \u0111\u01b0\u1ee3c s\u1ea3n xu\u1ea5t t\u1ea1i \u00dd, \u0111\u01b0\u1ee3c s\u1eed d\u1ee5ng nhi\u1ec1u trong vi\u1ec7c n\u1ea5u \u0103n. D\u00f9ng \u0111\u1ec3 l\u00e0m \u0111\u1eb7c, l\u00e0m ch\u1ea5t t\u1ea1o \u0111\u1ed9 d\u00ednh cho c\u00e1c lo\u1ea1i n\u01b0\u1edbc s\u1ed1t, s\u00fap, b\u00e1nh pudding v\u00e0 c\u00e1c lo\u1ea1i kem v.v&#8230;<\/p>\n<p>Ch\u1ec9 c\u1ea7n n\u1ea5u chin b\u1eb1ng n\u01b0\u1edbc \u0111un s\u00f4i v\u00e0 mu\u1ed1i l\u00e0 b\u1ea1n \u0111\u00e3 c\u00f3 ngay m\u1ed9t m\u00f3n \u0103n truy\u1ec1n th\u1ed1ng th\u01a1m ngon, h\u1ea5p d\u1eabn c\u1ee7a mi\u1ec1n b\u1eafc Italy \u0111\u1ec3 d\u00f9ng kem v\u1edbi rau, th\u1ecbt h\u1ea7m, n\u1ea5m,&#8230; B\u00ean c\u1ea1nh \u0111\u00f3,\u00a0b\u1ed9t B\u1eafp Polenta Casa Rinaldi 1kg c\u0169ng l\u00e0 m\u1ed9t nguy\u00ean li\u1ec7u tuy\u1ec7t v\u1edbi \u0111\u1ec3 l\u00e0m c\u00e1c lo\u1ea1i b\u00e1nh, \u0111\u1eb7c bi\u1ec7t l\u00e0 b\u00e1nh cookie.<\/p>\n<p><img decoding=\"async\" class=\"wp-image-28078 aligncenter\" src=\"https:\/\/havamall.vn\/wp-content\/uploads\/2025\/03\/maxresdefau-300x134.png\" alt=\"\" width=\"576\" height=\"257\" \/><\/p>\n<\/div>\n<div class=\"jZmLbb\">B\u1ed9t B\u1eafp Polenta Casa Rinaldi 1kg ch\u1ee9a nhi\u1ec1u protein v\u00e0 ch\u1ea5t x\u01a1, vitamin A, s\u1eaft, magie v\u00e0 k\u1ebdm. Polenta l\u00e0 m\u1ed9t ngu\u1ed3n carbohydrates ph\u1ee9c t\u1ea1p tuy\u1ec7t v\u1eddi. N\u00f3 c\u1ea7n nhi\u1ec1u th\u1eddi gian h\u01a1n \u0111\u1ec3 ti\u00eau h\u00f3a, c\u00f3 th\u1ec3 gi\u1eef cho l\u01b0\u1ee3ng \u0111\u01b0\u1eddng trong m\u00e1u \u1ed5n \u0111\u1ecbnh.<\/div>\n<p>B\u1ed9t B\u1eafp Polenta Casa Rinaldi 1kg ch\u1ee9a r\u1ea5t \u00edt ch\u1ea5t b\u00e9o v\u00e0 l\u01b0\u1ee3ng calo th\u1ea5p, l\u00e0 m\u1ed9t thay th\u1ebf l\u00e0nh m\u1ea1nh cho c\u00e1c m\u00f3n \u0103n ph\u1ee5 hay \u0103n v\u1eb7t chi\u00ean v\u00e0 r\u00e1n\u2026.<\/p>\n<p><img decoding=\"async\" class=\"wp-image-28079 aligncenter\" src=\"https:\/\/havamall.vn\/wp-content\/uploads\/2025\/03\/polen-300x213.png\" alt=\"\" width=\"567\" height=\"402\" \/><\/p>\n<p>B\u1ed9t B\u1eafp Polenta Casa Rinaldi 1kg ch\u1ee9a nhi\u1ec1u protein v\u00e0 ch\u1ea5t x\u01a1, vitamin A, s\u1eaft, magie v\u00e0 k\u1ebdm. B\u00e1nh Cookies d\u00f9ng b\u1ed9t ng\u00f4 polenta l\u00e0m cho b\u00e1nh v\u00e0ng h\u01a1n, th\u00eam mix-fruit (tr\u00e1i c\u00e2y tr\u1ed9n) chua chua n\u00ean kh\u00f4ng ng\u00e1n. L\u00e0 m\u1ed9t c\u00f4ng th\u1ee9c \u0111\u00e1ng \u0111\u1ec3 m\u1ecdi ng\u01b0\u1eddi kh\u00e1m ph\u00e1.<\/p>\n<p>B\u1ed9t B\u1eafp Polenta Casa Rinaldi 1kgch\u1ee9a r\u1ea5t \u00edt ch\u1ea5t b\u00e9o v\u00e0 l\u01b0\u1ee3ng calo th\u1ea5p. Do \u0111\u00f3 n\u00f3 tr\u1edf th\u00e0nh s\u1ef1 l\u1ef1a ch\u1ecdn l\u00e0nh m\u1ea1nh cho nh\u1eefng b\u1ea1n \u0111ang trong ch\u1ebf \u0111\u1ed9 \u0103n ki\u00eang, gi\u1ea3m c\u00e2n v\u00e0 mu\u1ed1n duy tr\u00ec c\u00e2n n\u1eb7ng.<\/p>\n<p><img loading=\"lazy\" decoding=\"async\" class=\"aligncenter\" src=\"https:\/\/havamall.vn\/wp-content\/uploads\/2025\/03\/Grilled-Polenta.jpg\" alt=\"Grilled Polenta with Mushrooms\" width=\"565\" height=\"424\" \/><\/p>\n<p>\u0110\u01b0\u1ee3c l\u00e0m t\u1eeb 100% b\u1eafp h\u1eefu c\u01a1, kh\u00f4ng ch\u1ee9a gluten, th\u00edch h\u1ee3p cho nh\u1eefng ng\u01b0\u1eddi mu\u1ed1n h\u1ea1n ch\u1ebf h\u00e0m l\u01b0\u1ee3ng gluten trong kh\u1ea9u ph\u1ea7n \u0103n.\u00a0B\u1ed9t b\u1eafp h\u1eefu c\u01a1 Markal c\u00f3 h\u01b0\u01a1ng v\u1ecb b\u1eafp ng\u00f4 nh\u1eb9. Do \u0111\u00f3, b\u1ea1n c\u00f3 th\u1ec3 \u0103n k\u00e8m v\u1edbi c\u00e1c lo\u1ea1i th\u1ea3o m\u1ed9c, rau, pho m\u00e1t hay th\u1ecbt c\u00e1.<\/p>\n<p><img loading=\"lazy\" decoding=\"async\" class=\"wp-image-28080 aligncenter\" src=\"https:\/\/havamall.vn\/wp-content\/uploads\/2025\/03\/come-fare-300x200.png\" alt=\"\" width=\"564\" height=\"376\" \/><\/p>\n<h3><strong>H\u01b0\u1edbng d\u1eabn s\u1eed d\u1ee5ng:<\/strong><\/h3>\n<p>\u2013 S\u1ea3n ph\u1ea9m c\u00f3 th\u1ec3 d\u00f9ng ri\u00eang ho\u1eb7c k\u1ebft h\u1ee3p v\u00e0o b\u1ed9t m\u00ec truy\u1ec1n th\u1ed1ng \u0111\u1ec3 l\u00e0m b\u00e1nh m\u00ec, b\u00e1nh ng\u1ecdt, b\u00e1nh k\u1ebfp, b\u00e1nh n\u01b0\u1edbng x\u1ed1p\u2026. V\u00e0 \u0111\u01b0\u1ee3c s\u1eed d\u1ee5ng nh\u01b0 ch\u1ea5t k\u1ebft d\u00ednh trong n\u01b0\u1edbc s\u1ed1t, kem, s\u00fap.<\/p>\n<p>\u2013 Ngo\u00e0i ra\u00a0b\u1ed9t B\u1eafp Polenta Casa Rinaldi 1kg c\u00f2n \u0111\u01b0\u1ee3c s\u1eed d\u1ee5ng trong c\u00e1c c\u00f4ng th\u1ee9c l\u00e0m b\u00e1nh m\u00ec \u0111\u1ebfn m\u00f3n tr\u00e1ng mi\u1ec7ng.<\/p>\n<p>\u2013\u00a0C\u00f3 th\u1ec3 d\u00f9ng ri\u00eang ho\u1eb7c tr\u1ed9n v\u1edbi b\u1ed9t m\u00ec th\u01b0\u1eddng. B\u1ed9t b\u1eafp \u0111\u01b0\u1ee3c k\u1ebft h\u1ee3p v\u00e0o b\u1ed9t m\u00ec truy\u1ec1n th\u1ed1ng \u0111\u1ec3 l\u00e0m b\u00e1nh m\u00ec, b\u00e1nh ng\u1ecdt, b\u00e1nh k\u1ebfp, b\u00e1nh n\u01b0\u1edbng x\u1ed1p.<\/p>\n<p>\u2013 B\u1ed9t b\u1eafp c\u0169ng c\u00f3 th\u1ec3 \u0111\u01b0\u1ee3c s\u1eed d\u1ee5ng nh\u01b0 m\u1ed9t ch\u1ea5t k\u1ebft d\u00ednh trong n\u01b0\u1edbc s\u1ed1t v\u00e0 kem v\u00e0 ch\u1ea5t l\u00e0m \u0111\u1eb7c trong s\u00fap.<\/p>\n<p>S\u1ea3n ph\u1ea9m hi\u1ec7n \u0111\u00e3 c\u00f3 m\u1eb7t t\u1ea1i Havamall.<\/p>","protected":false},"excerpt":{"rendered":"<p>B\u1ed9t B\u1eafp Polenta Casa Rinaldi 1kg l\u00e0 lo\u1ea1i b\u1ed9t m\u1ecbn \u0111\u01b0\u1ee3c nghi\u1ec1n t\u1eeb ph\u1ea7n l\u00f5i c\u1ee7a h\u1ea1t b\u1eafp kh\u00f4, \u0111\u01b0\u1ee3c<\/p>","protected":false},"featured_media":31658,"comment_status":"open","ping_status":"closed","template":"","meta":[],"product_brand":[],"product_cat":[672,36,134],"product_tag":[],"class_list":{"0":"post-28076","1":"product","2":"type-product","3":"status-publish","4":"has-post-thumbnail","6":"product_cat-nhap-khau-y","7":"product_cat-thuc-pham-tieu-dung","8":"product_cat-thucpham-saykho","10":"first","11":"instock","12":"sale","13":"shipping-taxable","14":"purchasable","15":"product-type-simple"},"_links":{"self":[{"href":"https:\/\/havamall.vn\/en\/wp-json\/wp\/v2\/product\/28076"}],"collection":[{"href":"https:\/\/havamall.vn\/en\/wp-json\/wp\/v2\/product"}],"about":[{"href":"https:\/\/havamall.vn\/en\/wp-json\/wp\/v2\/types\/product"}],"replies":[{"embeddable":true,"href":"https:\/\/havamall.vn\/en\/wp-json\/wp\/v2\/comments?post=28076"}],"version-history":[{"count":0,"href":"https:\/\/havamall.vn\/en\/wp-json\/wp\/v2\/product\/28076\/revisions"}],"wp:featuredmedia":[{"embeddable":true,"href":"https:\/\/havamall.vn\/en\/wp-json\/wp\/v2\/media\/31658"}],"wp:attachment":[{"href":"https:\/\/havamall.vn\/en\/wp-json\/wp\/v2\/media?parent=28076"}],"wp:term":[{"taxonomy":"product_brand","embeddable":true,"href":"https:\/\/havamall.vn\/en\/wp-json\/wp\/v2\/product_brand?post=28076"},{"taxonomy":"product_cat","embeddable":true,"href":"https:\/\/havamall.vn\/en\/wp-json\/wp\/v2\/product_cat?post=28076"},{"taxonomy":"product_tag","embeddable":true,"href":"https:\/\/havamall.vn\/en\/wp-json\/wp\/v2\/product_tag?post=28076"}],"curies":[{"name":"wp","href":"https:\/\/api.w.org\/{rel}","templated":true}]}}