{"id":28044,"date":"2022-07-18T14:05:22","date_gmt":"2022-07-18T07:05:22","guid":{"rendered":"https:\/\/havamall.vn\/?post_type=product&#038;p=28044"},"modified":"2024-03-15T10:14:35","modified_gmt":"2024-03-15T03:14:35","slug":"tran-chau-tuoi-caramel-oppabubbe-thuong-hang-700g","status":"publish","type":"product","link":"https:\/\/havamall.vn\/en\/shop\/tran-chau-tuoi-caramel-oppabubbe-thuong-hang-700g\/","title":{"rendered":"Tr\u00e2n Ch\u00e2u T\u01b0\u01a1i Caramel Oppabubble Th\u01b0\u1ee3ng H\u1ea1ng 700g"},"content":{"rendered":"<div class=\"description-product-detail col-xs-12\">\n<p>Tr\u00e2n ch\u00e2u t\u01b0\u01a1i nguy\u00ean li\u1ec7u pha tr\u00e0 s\u1eefa l\u00e0 topping kh\u00f4ng th\u1ec3 thi\u1ebfu trong m\u00f3n tr\u00e0 s\u1eefa hi\u1ec7n nay. H\u1ea1t tr\u00e2n ch\u00e2u c\u00f3 d\u1ea1ng vi\u00ean tr\u00f2n, k\u00edch c\u1ee1 b\u1eb1ng tr\u00e2n ch\u00e2u th\u00f4ng th\u01b0\u1eddng, \u0111\u01b0\u1ee3c l\u00e0m l\u00e0m t\u1eeb tinh b\u1ed9t s\u1eafn. Sau khi lu\u1ed9c xong tr\u00e2n ch\u00e2u c\u00f3 m\u00e0u t\u1ef1 nhi\u00ean, d\u1ebbo dai, th\u01a1m m\u00f9i caramel.<\/p>\n<p>\u0110\u1ed9 d\u1ebbo, \u0111\u1ed9 dai v\u00e0 m\u00f9i th\u01a1m \u0111\u1eb7c tr\u01b0ng n\u00ean \u0111\u01b0\u1ee3c c\u00e1c ch\u1ee7 qu\u00e1n c\u00f3 \u0111\u1ea7u t\u01b0 l\u1ef1a ch\u1ecdn, kho\u1ea3ng 71% c\u00e1c qu\u00e1n \u0111ang s\u1eed d\u1ee5ng d\u00f2ng tr\u00e2n ch\u00e2u n\u00e0y.<\/p>\n<p><img fetchpriority=\"high\" decoding=\"async\" class=\"wp-image-28047 aligncenter\" src=\"https:\/\/havamall.vn\/wp-content\/uploads\/2022\/07\/29236090-300x169.png\" alt=\"\" width=\"549\" height=\"309\" srcset=\"https:\/\/havamall.vn\/wp-content\/uploads\/2022\/07\/29236090-300x169.png 300w, https:\/\/havamall.vn\/wp-content\/uploads\/2022\/07\/29236090-430x242.png 430w, https:\/\/havamall.vn\/wp-content\/uploads\/2022\/07\/29236090-150x85.png 150w, https:\/\/havamall.vn\/wp-content\/uploads\/2022\/07\/29236090-700x394.png 700w, https:\/\/havamall.vn\/wp-content\/uploads\/2022\/07\/29236090-768x433.png 768w, https:\/\/havamall.vn\/wp-content\/uploads\/2022\/07\/29236090-1024x577.png 1024w, https:\/\/havamall.vn\/wp-content\/uploads\/2022\/07\/29236090-1200x676.png 1200w, https:\/\/havamall.vn\/wp-content\/uploads\/2022\/07\/29236090-600x338.png 600w, https:\/\/havamall.vn\/wp-content\/uploads\/2022\/07\/29236090.png 1640w\" sizes=\"(max-width: 549px) 100vw, 549px\" \/><\/p>\n<p>Trong th\u1eddi ti\u1ebft n\u00f3ng b\u1ee9c ng\u00e0y h\u00e8, th\u01b0\u1edfng th\u1ee9c m\u1ed9t c\u1ed1c \u0111\u1ed3 u\u1ed1ng y\u00eau th\u00edch c\u00f9ng v\u1edbi nh\u1eefng h\u1ea1t tr\u00e2n ch\u00e2u dai ngon s\u1ea7n s\u1eadt th\u00ec c\u00f2n g\u00ec b\u1eb1ng. Tr\u00e2n ch\u00e2u t\u01b0\u01a1i \u0111\u01b0\u1ee3c coi l\u00e0\u00a0topping v\u1ea1n ng\u01b0\u1eddi m\u00ea v\u00ec kh\u1ea3 n\u0103ng k\u1ebft h\u1ee3p th\u1ea7n s\u1ea7u v\u1edbi c\u00e1c m\u00f3n \u0103n nh\u01b0 tr\u00e0 s\u1eefa, b\u00e1nh b\u00f4ng lan, ch\u00e8 v\u00e0 \u0111\u1eb7c bi\u1ec7t l\u00e0 s\u1eefa chua.<\/p>\n<p><img decoding=\"async\" class=\"wp-image-28048 aligncenter\" src=\"https:\/\/havamall.vn\/wp-content\/uploads\/2022\/07\/140338463-277x300.jpg\" alt=\"\" width=\"550\" height=\"596\" srcset=\"https:\/\/havamall.vn\/wp-content\/uploads\/2022\/07\/140338463-277x300.jpg 277w, https:\/\/havamall.vn\/wp-content\/uploads\/2022\/07\/140338463-430x466.jpg 430w, https:\/\/havamall.vn\/wp-content\/uploads\/2022\/07\/140338463-150x163.jpg 150w, https:\/\/havamall.vn\/wp-content\/uploads\/2022\/07\/140338463-700x759.jpg 700w, https:\/\/havamall.vn\/wp-content\/uploads\/2022\/07\/140338463-768x833.jpg 768w, https:\/\/havamall.vn\/wp-content\/uploads\/2022\/07\/140338463-944x1024.jpg 944w, https:\/\/havamall.vn\/wp-content\/uploads\/2022\/07\/140338463-1200x1301.jpg 1200w, https:\/\/havamall.vn\/wp-content\/uploads\/2022\/07\/140338463-600x651.jpg 600w, https:\/\/havamall.vn\/wp-content\/uploads\/2022\/07\/140338463.jpg 1563w\" sizes=\"(max-width: 550px) 100vw, 550px\" \/><\/p>\n<p>Ngo\u00e0i ra k\u1ebft h\u1ee3p th\u00eam v\u1edbi nh\u1eefng H\u01b0\u01a1ng Li\u1ec7u t\u1eeb thi\u00ean nhi\u00ean, \u0111\u01b0\u1ee3c s\u1ea3n xu\u1ea5t tr\u00ean d\u00e2y truy\u1ec1n t\u1ef1 \u0111\u1ed9ng kh\u00e9p k\u00edn. Tr\u00e2n ch\u00e2u t\u01b0\u01a1i Oppa Bubble s\u1ebd lu\u00f4n lu\u00f4n \u0111\u1ea3m b\u1ea3o v\u1ecb t\u01b0\u01a1i ngon nh\u1ea5t cho kh\u00e1ch h\u00e0ng s\u1eed d\u1ee5ng. Kh\u00e1ch h\u00e0ng s\u1ebd d\u1ec5 d\u00e0ng c\u1ea3m nh\u1eadn \u0111\u01b0\u1ee3c h\u01b0\u01a1ng th\u01a1m ng\u1eady t\u1eeb v\u1ecb caramel, \u0111\u1ed9 d\u1ebbo t\u1eeb tinh b\u1ed9t s\u1eafn cao c\u1ea5p v\u00e0 \u0111\u1ed9 d\u1ebbo kh\u00f4ng d\u00ednh.<\/p>\n<p><img decoding=\"async\" class=\"wp-image-28049 aligncenter\" src=\"https:\/\/havamall.vn\/wp-content\/uploads\/2022\/07\/128870331-300x298.png\" alt=\"\" width=\"549\" height=\"545\" srcset=\"https:\/\/havamall.vn\/wp-content\/uploads\/2022\/07\/128870331-300x298.png 300w, https:\/\/havamall.vn\/wp-content\/uploads\/2022\/07\/128870331-430x426.png 430w, https:\/\/havamall.vn\/wp-content\/uploads\/2022\/07\/128870331-150x150.png 150w, https:\/\/havamall.vn\/wp-content\/uploads\/2022\/07\/128870331-700x694.png 700w, https:\/\/havamall.vn\/wp-content\/uploads\/2022\/07\/128870331-768x762.png 768w, https:\/\/havamall.vn\/wp-content\/uploads\/2022\/07\/128870331-1024x1016.png 1024w, https:\/\/havamall.vn\/wp-content\/uploads\/2022\/07\/128870331-1200x1190.png 1200w, https:\/\/havamall.vn\/wp-content\/uploads\/2022\/07\/128870331-600x595.png 600w, https:\/\/havamall.vn\/wp-content\/uploads\/2022\/07\/128870331-100x100.png 100w, https:\/\/havamall.vn\/wp-content\/uploads\/2022\/07\/128870331.png 1836w\" sizes=\"(max-width: 549px) 100vw, 549px\" \/><\/p>\n<\/div>\n<h3><strong>H\u01b0\u1edbng d\u1eabn s\u1eed d\u1ee5ng:<\/strong><\/h3>\n<ul>\n<li>B\u01b0\u1edbc 1: \u0110un s\u00f4i 1 n\u1ed3i n\u01b0\u1edbc, t\u1ec9 l\u1ec7 700g tr\u00e2n ch\u00e2u t\u01b0\u01a1i : 4,5l n\u01b0\u1edbc<\/li>\n<li>B\u01b0\u1edbc 2: Cho tr\u00e2n ch\u00e2u v\u00e0o n\u1ea5u l\u1eeda l\u1edbn \u0111\u1ebfn khi tr\u00e2n ch\u00e2u n\u1ed5i l\u00ean h\u1ebft th\u00ec v\u1eb7n nh\u1ecf l\u1eeda, n\u1ea5u ti\u1ebfp trong kho\u1ea3ng 20 ph\u00fat<\/li>\n<li>B\u01b0\u1edbc 3: \u1ee6 tr\u00e2n ch\u00e2u trong kho\u1ea3ng 30 ph\u00fat \u0111\u1ec3 tr\u00e2n ch\u00e2u m\u1ec1m d\u1ebbo h\u01a1n<\/li>\n<li>B\u01b0\u1edbc 4: X\u1ea3 v\u1edbi n\u01b0\u1edbc l\u1ea1nh v\u00e0 tr\u1ed9n v\u1edbi \u0111\u01b0\u1eddng\/ \u0111\u01b0\u1eddng \u0111en<\/li>\n<li>Trong qu\u00e1 tr\u00ecnh n\u1ea5u v\u00e0 \u1ee7 ch\u00fang ta c\u00f3 th\u1ec3 ngh\u1ec9 ng\u01a1i ho\u1eb7c l\u00e0m c\u00e1c vi\u1ec7c kh\u00e1c, ho\u1eb7c chu\u1ea9n b\u1ecb tr\u00e0 s\u1eefa s\u1eb5n s\u00e0ng<\/li>\n<\/ul>\n<p><img loading=\"lazy\" decoding=\"async\" class=\"wp-image-28056 aligncenter\" src=\"https:\/\/havamall.vn\/wp-content\/uploads\/2022\/07\/127066436_4001966069816762_1067100553423483602_n-272x300.jpg\" alt=\"\" width=\"566\" height=\"624\" srcset=\"https:\/\/havamall.vn\/wp-content\/uploads\/2022\/07\/127066436_4001966069816762_1067100553423483602_n-272x300.jpg 272w, https:\/\/havamall.vn\/wp-content\/uploads\/2022\/07\/127066436_4001966069816762_1067100553423483602_n-430x474.jpg 430w, https:\/\/havamall.vn\/wp-content\/uploads\/2022\/07\/127066436_4001966069816762_1067100553423483602_n-150x165.jpg 150w, https:\/\/havamall.vn\/wp-content\/uploads\/2022\/07\/127066436_4001966069816762_1067100553423483602_n-700x771.jpg 700w, https:\/\/havamall.vn\/wp-content\/uploads\/2022\/07\/127066436_4001966069816762_1067100553423483602_n-768x846.jpg 768w, https:\/\/havamall.vn\/wp-content\/uploads\/2022\/07\/127066436_4001966069816762_1067100553423483602_n-929x1024.jpg 929w, https:\/\/havamall.vn\/wp-content\/uploads\/2022\/07\/127066436_4001966069816762_1067100553423483602_n-1200x1322.jpg 1200w, https:\/\/havamall.vn\/wp-content\/uploads\/2022\/07\/127066436_4001966069816762_1067100553423483602_n-600x661.jpg 600w, https:\/\/havamall.vn\/wp-content\/uploads\/2022\/07\/127066436_4001966069816762_1067100553423483602_n.jpg 1563w\" sizes=\"(max-width: 566px) 100vw, 566px\" \/><\/p>\n<p><strong style=\"color: #1b1919;font-family: Karla, Arial, Helvetica, sans-serif;font-size: 22px\">C\u00f4ng d\u1ee5ng c\u1ee7a s\u1ea3n ph\u1ea9m:<\/strong><\/p>\n<ul>\n<li>Tr\u00e2n ch\u00e2u t\u01b0\u01a1i nguy\u00ean li\u1ec7u pha tr\u00e0 s\u1eefa l\u00e0 topping kh\u00f4ng th\u1ec3 thi\u1ebfu trong m\u00f3n tr\u00e0 s\u1eefa hi\u1ec7n nay<\/li>\n<li>H\u1ea1t tr\u00e2n ch\u00e2u c\u00f3 d\u1ea1ng vi\u00ean tr\u00f2n, k\u00edch c\u1ee1 b\u1eb1ng tr\u00e2n ch\u00e2u th\u00f4ng th\u01b0\u1eddng, \u0111\u01b0\u1ee3c l\u00e0m l\u00e0m t\u1eeb tinh b\u1ed9t s\u1eafn. Sau khi lu\u1ed9c xong tr\u00e2n ch\u00e2u c\u00f3 m\u00e0u t\u1ef1 nhi\u00ean, d\u1ebbo dai, th\u01a1m m\u00f9i caramel.<\/li>\n<li>\u0110\u1ed9 d\u1ebbo, \u0111\u1ed9 dai v\u00e0 m\u00f9i th\u01a1m \u0111\u1eb7c tr\u01b0ng n\u00ean \u0111\u01b0\u1ee3c c\u00e1c ch\u1ee7 qu\u00e1n c\u00f3 \u0111\u1ea7u t\u01b0 l\u1ef1a ch\u1ecdn, kho\u1ea3ng 71% c\u00e1c qu\u00e1n \u0111ang s\u1eed d\u1ee5ng d\u00f2ng tr\u00e2n ch\u00e2u n\u00e0y.<\/li>\n<\/ul>\n<p><img loading=\"lazy\" decoding=\"async\" class=\"wp-image-28051 aligncenter\" src=\"https:\/\/havamall.vn\/wp-content\/uploads\/2022\/07\/161374820_431693907165279-250x300.png\" alt=\"\" width=\"544\" height=\"652\" srcset=\"https:\/\/havamall.vn\/wp-content\/uploads\/2022\/07\/161374820_431693907165279-250x300.png 250w, https:\/\/havamall.vn\/wp-content\/uploads\/2022\/07\/161374820_431693907165279-430x516.png 430w, https:\/\/havamall.vn\/wp-content\/uploads\/2022\/07\/161374820_431693907165279-150x180.png 150w, https:\/\/havamall.vn\/wp-content\/uploads\/2022\/07\/161374820_431693907165279-700x840.png 700w, https:\/\/havamall.vn\/wp-content\/uploads\/2022\/07\/161374820_431693907165279-768x921.png 768w, https:\/\/havamall.vn\/wp-content\/uploads\/2022\/07\/161374820_431693907165279-854x1024.png 854w, https:\/\/havamall.vn\/wp-content\/uploads\/2022\/07\/161374820_431693907165279-1200x1440.png 1200w, https:\/\/havamall.vn\/wp-content\/uploads\/2022\/07\/161374820_431693907165279-600x720.png 600w, https:\/\/havamall.vn\/wp-content\/uploads\/2022\/07\/161374820_431693907165279.png 1558w\" sizes=\"(max-width: 544px) 100vw, 544px\" \/><\/p>","protected":false},"excerpt":{"rendered":"<p>Tr\u00e2n ch\u00e2u t\u01b0\u01a1i nguy\u00ean li\u1ec7u pha tr\u00e0 s\u1eefa l\u00e0 topping kh\u00f4ng th\u1ec3 thi\u1ebfu trong m\u00f3n tr\u00e0 s\u1eefa hi\u1ec7n nay. H\u1ea1t<\/p>","protected":false},"featured_media":28075,"comment_status":"open","ping_status":"closed","template":"","meta":[],"product_brand":[],"product_cat":[130,36],"product_tag":[],"class_list":{"0":"post-28044","1":"product","2":"type-product","3":"status-publish","4":"has-post-thumbnail","6":"product_cat-khuyen-mai","7":"product_cat-thuc-pham-tieu-dung","9":"first","10":"instock","11":"sale","12":"shipping-taxable","13":"purchasable","14":"product-type-simple"},"_links":{"self":[{"href":"https:\/\/havamall.vn\/en\/wp-json\/wp\/v2\/product\/28044"}],"collection":[{"href":"https:\/\/havamall.vn\/en\/wp-json\/wp\/v2\/product"}],"about":[{"href":"https:\/\/havamall.vn\/en\/wp-json\/wp\/v2\/types\/product"}],"replies":[{"embeddable":true,"href":"https:\/\/havamall.vn\/en\/wp-json\/wp\/v2\/comments?post=28044"}],"version-history":[{"count":0,"href":"https:\/\/havamall.vn\/en\/wp-json\/wp\/v2\/product\/28044\/revisions"}],"wp:featuredmedia":[{"embeddable":true,"href":"https:\/\/havamall.vn\/en\/wp-json\/wp\/v2\/media\/28075"}],"wp:attachment":[{"href":"https:\/\/havamall.vn\/en\/wp-json\/wp\/v2\/media?parent=28044"}],"wp:term":[{"taxonomy":"product_brand","embeddable":true,"href":"https:\/\/havamall.vn\/en\/wp-json\/wp\/v2\/product_brand?post=28044"},{"taxonomy":"product_cat","embeddable":true,"href":"https:\/\/havamall.vn\/en\/wp-json\/wp\/v2\/product_cat?post=28044"},{"taxonomy":"product_tag","embeddable":true,"href":"https:\/\/havamall.vn\/en\/wp-json\/wp\/v2\/product_tag?post=28044"}],"curies":[{"name":"wp","href":"https:\/\/api.w.org\/{rel}","templated":true}]}}