{"id":28027,"date":"2022-07-18T10:29:32","date_gmt":"2022-07-18T03:29:32","guid":{"rendered":"https:\/\/havamall.vn\/?post_type=product&#038;p=28027"},"modified":"2022-07-19T09:07:25","modified_gmt":"2022-07-19T02:07:25","slug":"snack-happy-tos-bap-vi-pho-mai-cheddar-tortilla-chips-green-package-160g","status":"publish","type":"product","link":"https:\/\/havamall.vn\/en\/shop\/snack-happy-tos-bap-vi-pho-mai-cheddar-tortilla-chips-green-package-160g\/","title":{"rendered":"Snack Happy Tos B\u1eafp V\u1ecb Ph\u00f4 Mai Cheddar &#8211; Tortilla Chips Green Package 160g"},"content":{"rendered":"<p>N\u00f3i \u0111\u1ebfn \u1ea9m th\u1ef1c Mexico kh\u00f4ng th\u1ec3 kh\u00f4ng nh\u1eafc \u0111\u1ebfn Tortilla, lo\u1ea1i b\u00e1nh m\u00ec d\u1eb9t \u0111\u01b0\u1ee3c l\u00e0m t\u1eeb b\u1ed9t m\u00ec\/ b\u1ed9t b\u1eafp \u2013 th\u1ef1c ph\u1ea9m ch\u1ee7 y\u1ebfu c\u1ee7a ng\u01b0\u1eddi Mexico k\u1ec3 t\u1eeb th\u1eddi ti\u1ec1n Columbus (1442). H\u01a1n 104 tri\u1ec7u d\u00e2n \u0111\u1ea5t n\u01b0\u1edbc n\u00e0y \u0103n Tortilla m\u1ed7i ng\u00e0y, nh\u01b0 ng\u01b0\u1eddi Vi\u1ec7t Nam \u0103n c\u01a1m v\u00e0 ng\u01b0\u1eddi Ph\u00e1p kh\u00f4ng th\u1ec3 thi\u1ebfu b\u00e1nh m\u00ec v\u1eady.<\/p>\n<p>Snack Happy Tos v\u1ecb ph\u00f4 mai gi\u00f2n tan, th\u01a1m ngon h\u00f2a quy\u1ec7n l\u00e0 s\u1ef1 l\u1ef1a ch\u1ecdn ho\u00e0n h\u1ea3o cho nh\u1eefng b\u1ea1n ghi\u1ec1n \u0103n v\u1eb7t.\u00a0Snack \u0103n c\u1ef1c \u0111\u00e3 v\u1edbi h\u01b0\u01a1ng v\u1ecb b\u1eafp th\u01a1m th\u01a1m, b\u00e9o b\u00e9o t\u1ea1o c\u1ea3m gi\u00e1c th\u00edch th\u00fa khi \u0103n, ti\u1ec7n l\u1ee3i, d\u1ec5 mang theo khi \u0111i ch\u01a1i, d\u00e3 ngo\u1ea1i. Snack Happy Tos c\u00f2n th\u00edch h\u1ee3p v\u1eeba \u0103n v\u1eeba xem phim, \u0111\u1ecdc s\u00e1ch.<\/p>\n<p><img fetchpriority=\"high\" decoding=\"async\" class=\"wp-image-28028 aligncenter\" src=\"https:\/\/havamall.vn\/wp-content\/uploads\/2022\/07\/56842603_1576029872527707-300x300.png\" alt=\"\" width=\"613\" height=\"613\" srcset=\"https:\/\/havamall.vn\/wp-content\/uploads\/2022\/07\/56842603_1576029872527707-300x300.png 300w, https:\/\/havamall.vn\/wp-content\/uploads\/2022\/07\/56842603_1576029872527707-430x430.png 430w, https:\/\/havamall.vn\/wp-content\/uploads\/2022\/07\/56842603_1576029872527707-150x150.png 150w, https:\/\/havamall.vn\/wp-content\/uploads\/2022\/07\/56842603_1576029872527707-700x700.png 700w, https:\/\/havamall.vn\/wp-content\/uploads\/2022\/07\/56842603_1576029872527707-768x768.png 768w, https:\/\/havamall.vn\/wp-content\/uploads\/2022\/07\/56842603_1576029872527707-1024x1024.png 1024w, https:\/\/havamall.vn\/wp-content\/uploads\/2022\/07\/56842603_1576029872527707-600x600.png 600w, https:\/\/havamall.vn\/wp-content\/uploads\/2022\/07\/56842603_1576029872527707-100x100.png 100w, https:\/\/havamall.vn\/wp-content\/uploads\/2022\/07\/56842603_1576029872527707.png 1083w\" sizes=\"(max-width: 613px) 100vw, 613px\" \/><\/p>\n<p>B\u1ea1n c\u0169ng c\u00f3 th\u1ec3 l\u00e0m nh\u00e2n cho b\u00e1nh Tortilla n\u00e0y v\u1edbi r\u1ea5t nhi\u1ec1u lo\u1ea1i nguy\u00ean li\u1ec7u kh\u00e1c nh\u01b0: s\u00fap, c\u00e0 ri, c\u00e1 h\u1ed3i x\u00f4ng kh\u00f3i, g\u00e0 n\u01b0\u1edbng, th\u1ecbt x\u00f4ng kh\u00f3i, t\u00f4m c\u00f9ng c\u00e1c lo\u1ea1i rau c\u1ee7 qu\u1ea3 nh\u01b0 c\u00e0 chua, c\u00e0 r\u1ed1t, \u1edbt ng\u1ecdt, \u00f4liu, qu\u1ea3 b\u01a1, rau s\u1ed1ng\u2026 (k\u1ebft h\u1ee3p v\u1edbi v\u1ecb n\u01b0\u1edbc x\u1ed1t Guacamole t\u1eeb b\u01a1).<\/p>\n<p>Th\u00e0nh ph\u1ea7n: Khoai t\u00e2y mi\u1ebfng (44%), d\u1ea7u \u0103n, gia v\u1ecb h\u1ed7n h\u1ee3p (\u0111\u01b0\u1eddng, h\u01b0\u01a1ng kim chi nh\u00e2n t\u1ea1o, mu\u1ed1i, maltodextrin, ch\u1ea5t ch\u1ed1ng \u0111\u00f4ng v\u00f3n, b\u1ed9t n\u01b0\u1edbc m\u1eafm, gia v\u1ecb cay, ch\u1ea5t \u0111i\u1ec1u v\u1ecb, chi\u1ebft xu\u1ea5t n\u1ea5m men, b\u1ed9t gi\u1ea5m, ch\u1ea5t \u0111i\u1ec1u ch\u1ec9nh \u0111\u1ed9 axit, ch\u1ea5t t\u1ea1o ng\u1ecdt t\u1ef1 nhi\u00ean), b\u1ed9t b\u1eafp, ch\u1ea5t k\u1ebft d\u00ednh, ch\u1ea5t nh\u0169 h\u00f3a, ch\u1ea5t \u0111i\u1ec1u ch\u1ec9nh \u0111\u1ed9 axit, m\u00e0u th\u1ef1c ph\u1ea9m t\u1ef1 nhi\u00ean.<\/p>\n<p><img decoding=\"async\" class=\"wp-image-28029 aligncenter\" src=\"https:\/\/havamall.vn\/wp-content\/uploads\/2022\/07\/284387798-300x200.png\" alt=\"\" width=\"622\" height=\"414\" srcset=\"https:\/\/havamall.vn\/wp-content\/uploads\/2022\/07\/284387798-300x200.png 300w, https:\/\/havamall.vn\/wp-content\/uploads\/2022\/07\/284387798-430x287.png 430w, https:\/\/havamall.vn\/wp-content\/uploads\/2022\/07\/284387798-150x100.png 150w, https:\/\/havamall.vn\/wp-content\/uploads\/2022\/07\/284387798-700x467.png 700w, https:\/\/havamall.vn\/wp-content\/uploads\/2022\/07\/284387798-768x513.png 768w, https:\/\/havamall.vn\/wp-content\/uploads\/2022\/07\/284387798-1024x684.png 1024w, https:\/\/havamall.vn\/wp-content\/uploads\/2022\/07\/284387798-1200x801.png 1200w, https:\/\/havamall.vn\/wp-content\/uploads\/2022\/07\/284387798-600x400.png 600w, https:\/\/havamall.vn\/wp-content\/uploads\/2022\/07\/284387798.png 2048w\" sizes=\"(max-width: 622px) 100vw, 622px\" \/><\/p>\n<p><span style=\"color: #333333;font-family: Arial, 'Times New Roman', 'Bitstream Charter', Times, serif;font-size: 16px\">Snack Happy Tos v\u1ecb ph\u00f4 mai t\u1ea1o c\u1ea3m gi\u00e1c ngon mi\u1ec7ng ch\u00ednh l\u00e0 m\u00f3n \u0103n m\u00e0 b\u1ea5t c\u1ee9 tr\u1ebb em hay ng\u01b0\u1eddi l\u00e0m v\u0103n ph\u00f2ng n\u00e0o c\u0169ng \u01b0a chu\u1ed9ng. S\u1ea3n ph\u1ea9m \u0111\u01b0\u1ee3c l\u00e0m t\u1eeb nh\u1eefng h\u1ea1t b\u1eafp t\u1ef1 nhi\u00ean \u0111\u01b0\u1ee3c t\u1ea9m \u01b0\u1edbt v\u1ecb ph\u00f4 mai t\u1ea1o c\u1ea3m gi\u00e1c ng\u00f2n ng\u1ecdt, cho b\u1ea1n th\u1ecfa s\u1ee9c th\u01b0\u1edfng th\u1ee9c m\u00e0 kh\u00f4ng lo s\u1ee3 b\u00e9o.<\/span><\/p>\n<p><img decoding=\"async\" class=\"wp-image-28030 aligncenter\" src=\"https:\/\/havamall.vn\/wp-content\/uploads\/2022\/07\/18056011_1033349190129114-300x300.png\" alt=\"\" width=\"621\" height=\"621\" srcset=\"https:\/\/havamall.vn\/wp-content\/uploads\/2022\/07\/18056011_1033349190129114-300x300.png 300w, https:\/\/havamall.vn\/wp-content\/uploads\/2022\/07\/18056011_1033349190129114-430x430.png 430w, https:\/\/havamall.vn\/wp-content\/uploads\/2022\/07\/18056011_1033349190129114-150x150.png 150w, https:\/\/havamall.vn\/wp-content\/uploads\/2022\/07\/18056011_1033349190129114-700x700.png 700w, https:\/\/havamall.vn\/wp-content\/uploads\/2022\/07\/18056011_1033349190129114-768x768.png 768w, https:\/\/havamall.vn\/wp-content\/uploads\/2022\/07\/18056011_1033349190129114-1024x1024.png 1024w, https:\/\/havamall.vn\/wp-content\/uploads\/2022\/07\/18056011_1033349190129114-600x600.png 600w, https:\/\/havamall.vn\/wp-content\/uploads\/2022\/07\/18056011_1033349190129114-100x100.png 100w, https:\/\/havamall.vn\/wp-content\/uploads\/2022\/07\/18056011_1033349190129114.png 1080w\" sizes=\"(max-width: 621px) 100vw, 621px\" \/><\/p>\n<p>Snack Happy Tos v\u1ecb ph\u00f4 mai mang \u0111\u1ebfn cho ng\u01b0\u1eddi th\u01b0\u1edfng th\u1ee9c h\u01b0\u01a1ng v\u1ecb b\u1eafp th\u01a1m ph\u1ee9c, gi\u00fap b\u1ea1n n\u1ebfm tr\u1ecdn v\u1ecb b\u00e9o ng\u1eady v\u00e0 gi\u00f2n r\u1ee5m trong mi\u1ec7ng. \u0110\u00e2y th\u1ef1c s\u1ef1 l\u00e0 m\u00f3n \u0103n v\u1eb7t l\u00fd t\u01b0\u1edfng cho t\u1ea5t c\u1ea3 m\u1ecdi ng\u01b0\u1eddi, nh\u1ea5t l\u00e0 \u0111\u1ed1i v\u1edbi c\u00e1c b\u00e9.<\/p>\n<p>\u0110\u1eb7c bi\u1ec7t v\u1edbi b\u00e9 nh\u1ecf, m\u1eb9 ho\u00e0n to\u00e0n c\u00f3 th\u1ec3 thay th\u1ebf c\u00e1c m\u00f3n x\u00fac x\u00edch r\u00e1n, th\u1ecbt chi\u00ean \u2026 tr\u00ean v\u1ec9a h\u00e8 \u0111\u1ea7y kh\u00f3i b\u1ee5i v\u00e0 d\u1ea7u m\u1ee1 kh\u00f4ng \u0111\u1ea3m b\u1ea3o v\u1ec7 sinh b\u1eb1ng m\u00f3n B\u1eafp rang th\u01a1m th\u01a1m, gi\u00f2n gi\u00f2n \u0111\u1ea3m b\u1ea3o b\u00e9 n\u00e0o c\u0169ng m\u00ea t\u00edt.<\/p>\n<p><img loading=\"lazy\" decoding=\"async\" class=\"wp-image-28031 aligncenter\" src=\"https:\/\/havamall.vn\/wp-content\/uploads\/2022\/07\/87474138_1888733854590639_7668747579697397760_n-300x266.png\" alt=\"\" width=\"610\" height=\"540\" srcset=\"https:\/\/havamall.vn\/wp-content\/uploads\/2022\/07\/87474138_1888733854590639_7668747579697397760_n-300x266.png 300w, https:\/\/havamall.vn\/wp-content\/uploads\/2022\/07\/87474138_1888733854590639_7668747579697397760_n-430x381.png 430w, https:\/\/havamall.vn\/wp-content\/uploads\/2022\/07\/87474138_1888733854590639_7668747579697397760_n-150x133.png 150w, https:\/\/havamall.vn\/wp-content\/uploads\/2022\/07\/87474138_1888733854590639_7668747579697397760_n-700x620.png 700w, https:\/\/havamall.vn\/wp-content\/uploads\/2022\/07\/87474138_1888733854590639_7668747579697397760_n-768x680.png 768w, https:\/\/havamall.vn\/wp-content\/uploads\/2022\/07\/87474138_1888733854590639_7668747579697397760_n-1024x906.png 1024w, https:\/\/havamall.vn\/wp-content\/uploads\/2022\/07\/87474138_1888733854590639_7668747579697397760_n-1200x1062.png 1200w, https:\/\/havamall.vn\/wp-content\/uploads\/2022\/07\/87474138_1888733854590639_7668747579697397760_n-600x531.png 600w, https:\/\/havamall.vn\/wp-content\/uploads\/2022\/07\/87474138_1888733854590639_7668747579697397760_n.png 1280w\" sizes=\"(max-width: 610px) 100vw, 610px\" \/><\/p>\n<h3><strong>\u0110\u1eb7c \u0111i\u1ec3m n\u1ed5i b\u1eadt:\u00a0<\/strong><\/h3>\n<ul>\n<li>Snack gi\u00f2n tan, \u0111\u1ed9 d\u00e0y v\u1eeba ph\u1ea3i, k\u00edch th\u00edch v\u1ecb gi\u00e1c.<\/li>\n<li>Ph\u00f9 h\u1ee3p cho b\u00e9 t\u1eeb 1 tu\u1ed5i tr\u1edf l\u00ean.<\/li>\n<li>B\u00e1nh snack v\u1ecb taco th\u00edch h\u1ee3p v\u1eeba xem phim v\u1eeba \u0103n v\u1eb7t.<\/li>\n<\/ul>\n<h3><img loading=\"lazy\" decoding=\"async\" class=\"wp-image-28032 aligncenter\" src=\"https:\/\/havamall.vn\/wp-content\/uploads\/2022\/07\/52813297_15415927759-300x300.png\" alt=\"\" width=\"618\" height=\"618\" srcset=\"https:\/\/havamall.vn\/wp-content\/uploads\/2022\/07\/52813297_15415927759-300x300.png 300w, https:\/\/havamall.vn\/wp-content\/uploads\/2022\/07\/52813297_15415927759-430x430.png 430w, https:\/\/havamall.vn\/wp-content\/uploads\/2022\/07\/52813297_15415927759-150x150.png 150w, https:\/\/havamall.vn\/wp-content\/uploads\/2022\/07\/52813297_15415927759-700x700.png 700w, https:\/\/havamall.vn\/wp-content\/uploads\/2022\/07\/52813297_15415927759-768x768.png 768w, https:\/\/havamall.vn\/wp-content\/uploads\/2022\/07\/52813297_15415927759-1024x1024.png 1024w, https:\/\/havamall.vn\/wp-content\/uploads\/2022\/07\/52813297_15415927759-600x600.png 600w, https:\/\/havamall.vn\/wp-content\/uploads\/2022\/07\/52813297_15415927759-100x100.png 100w, https:\/\/havamall.vn\/wp-content\/uploads\/2022\/07\/52813297_15415927759.png 1083w\" sizes=\"(max-width: 618px) 100vw, 618px\" \/><\/h3>\n<h3><strong>C\u00f4ng d\u1ee5ng c\u1ee7a snack Happy Tos v\u1ecb ph\u00f4 mai:<\/strong><\/h3>\n<ul>\n<li>Gi\u1ea3m stress v\u00e0 gi\u1ea3i t\u1ecfa \u00e1p l\u1ef1c.<\/li>\n<li>Cung c\u1ea5p dinh d\u01b0\u1ee1ng v\u00e0 n\u0103ng l\u01b0\u1ee3ng cho c\u01a1 th\u1ec3 ho\u1ea1t \u0111\u1ed9ng.<\/li>\n<li>Kh\u00f4ng lo s\u1ee3 b\u00e9o hay t\u0103ng c\u00e2n.<\/li>\n<li>C\u00f3 \u0111\u1ed9 gi\u00f2n ngon v\u00e0 th\u00edch h\u1ee3p v\u1edbi h\u1ea7u h\u1ebft m\u1ecdi ng\u01b0\u1eddi.<\/li>\n<\/ul>\n<p>S\u1ea3n ph\u1ea9m hi\u1ec7n \u0111\u00e3 c\u00f3 m\u1eb7t t\u1ea1i Havamall.<\/p>\n<p><img loading=\"lazy\" decoding=\"async\" class=\"wp-image-28034 aligncenter\" src=\"https:\/\/havamall.vn\/wp-content\/uploads\/2022\/07\/17505104_1011835605613806-300x300.png\" alt=\"\" width=\"623\" height=\"623\" srcset=\"https:\/\/havamall.vn\/wp-content\/uploads\/2022\/07\/17505104_1011835605613806-300x300.png 300w, https:\/\/havamall.vn\/wp-content\/uploads\/2022\/07\/17505104_1011835605613806-430x430.png 430w, https:\/\/havamall.vn\/wp-content\/uploads\/2022\/07\/17505104_1011835605613806-150x150.png 150w, https:\/\/havamall.vn\/wp-content\/uploads\/2022\/07\/17505104_1011835605613806-700x700.png 700w, https:\/\/havamall.vn\/wp-content\/uploads\/2022\/07\/17505104_1011835605613806-768x768.png 768w, https:\/\/havamall.vn\/wp-content\/uploads\/2022\/07\/17505104_1011835605613806-1024x1024.png 1024w, https:\/\/havamall.vn\/wp-content\/uploads\/2022\/07\/17505104_1011835605613806-1200x1200.png 1200w, https:\/\/havamall.vn\/wp-content\/uploads\/2022\/07\/17505104_1011835605613806-600x600.png 600w, https:\/\/havamall.vn\/wp-content\/uploads\/2022\/07\/17505104_1011835605613806-100x100.png 100w, https:\/\/havamall.vn\/wp-content\/uploads\/2022\/07\/17505104_1011835605613806.png 2048w\" sizes=\"(max-width: 623px) 100vw, 623px\" \/><\/p>","protected":false},"excerpt":{"rendered":"<p>N\u00f3i \u0111\u1ebfn \u1ea9m th\u1ef1c Mexico kh\u00f4ng th\u1ec3 kh\u00f4ng nh\u1eafc \u0111\u1ebfn Tortilla, lo\u1ea1i b\u00e1nh m\u00ec d\u1eb9t \u0111\u01b0\u1ee3c l\u00e0m t\u1eeb b\u1ed9t m\u00ec\/<\/p>","protected":false},"featured_media":28035,"comment_status":"open","ping_status":"closed","template":"","meta":[],"product_brand":[],"product_cat":[36,133],"product_tag":[],"class_list":{"0":"post-28027","1":"product","2":"type-product","3":"status-publish","4":"has-post-thumbnail","6":"product_cat-thuc-pham-tieu-dung","7":"product_cat-banh-keo-chocolate","9":"first","10":"instock","11":"sale","12":"shipping-taxable","13":"purchasable","14":"product-type-simple"},"_links":{"self":[{"href":"https:\/\/havamall.vn\/en\/wp-json\/wp\/v2\/product\/28027"}],"collection":[{"href":"https:\/\/havamall.vn\/en\/wp-json\/wp\/v2\/product"}],"about":[{"href":"https:\/\/havamall.vn\/en\/wp-json\/wp\/v2\/types\/product"}],"replies":[{"embeddable":true,"href":"https:\/\/havamall.vn\/en\/wp-json\/wp\/v2\/comments?post=28027"}],"version-history":[{"count":0,"href":"https:\/\/havamall.vn\/en\/wp-json\/wp\/v2\/product\/28027\/revisions"}],"wp:featuredmedia":[{"embeddable":true,"href":"https:\/\/havamall.vn\/en\/wp-json\/wp\/v2\/media\/28035"}],"wp:attachment":[{"href":"https:\/\/havamall.vn\/en\/wp-json\/wp\/v2\/media?parent=28027"}],"wp:term":[{"taxonomy":"product_brand","embeddable":true,"href":"https:\/\/havamall.vn\/en\/wp-json\/wp\/v2\/product_brand?post=28027"},{"taxonomy":"product_cat","embeddable":true,"href":"https:\/\/havamall.vn\/en\/wp-json\/wp\/v2\/product_cat?post=28027"},{"taxonomy":"product_tag","embeddable":true,"href":"https:\/\/havamall.vn\/en\/wp-json\/wp\/v2\/product_tag?post=28027"}],"curies":[{"name":"wp","href":"https:\/\/api.w.org\/{rel}","templated":true}]}}