{"id":28025,"date":"2022-07-18T09:47:27","date_gmt":"2022-07-18T02:47:27","guid":{"rendered":"https:\/\/havamall.vn\/?post_type=product&#038;p=28025"},"modified":"2023-06-09T09:31:10","modified_gmt":"2023-06-09T02:31:10","slug":"muoi-hong-himalaya-min-havafoodies-hop-nhua-cao-cap-260g","status":"publish","type":"product","link":"https:\/\/havamall.vn\/en\/shop\/muoi-hong-himalaya-min-havafoodies-hop-nhua-cao-cap-260g\/","title":{"rendered":"Mu\u1ed1i H\u1ed3ng Himalaya M\u1ecbn Havafoodies H\u1ed9p Nh\u1ef1a Cao C\u1ea5p 260g"},"content":{"rendered":"<h2><strong>MU\u1ed0I H\u1ed2NG HIMALAYA C\u00d3 T\u1ed0T H\u01a0N MU\u1ed0I \u0102N TH\u00d4NG TH\u01af\u1edcNG?<\/strong><\/h2>\n<h3><strong>\u2666 Mu\u1ed1i h\u1ed3ng Himalaya l\u00e0 g\u00ec?<\/strong><\/h3>\n<p>Mu\u1ed1i h\u1ed3ng Himalaya l\u00e0 mu\u1ed1i m\u00e0u h\u1ed3ng \u0111\u01b0\u1ee3c chi\u1ebft xu\u1ea5t t\u1eeb m\u1ecf mu\u1ed1i Khewra, n\u1eb1m g\u1ea7n d\u00e3y Himalaya \u1edf Pakistan. Mu\u1ed1i h\u1ed3ng Himalaya \u0111\u01b0\u1ee3c thu ho\u1ea1ch t\u1eeb m\u1ecf n\u00e0y \u0111\u00e3 \u0111\u01b0\u1ee3c h\u00ecnh th\u00e0nh t\u1eeb h\u00e0ng tri\u1ec7u n\u0103m tr\u01b0\u1edbc t\u1eeb s\u1ef1 b\u1ed1c h\u01a1i c\u1ee7a c\u00e1c ngu\u1ed3n n\u01b0\u1edbc c\u1ed5 x\u01b0a. \u0110\u1eb7c bi\u1ec7t mu\u1ed1i Himalaya ho\u00e0n to\u00e0n l\u00e0 100% t\u1ef1 nhi\u00ean v\u00e0 kh\u00f4ng h\u00f3a ch\u1ea5t, ph\u1ea9m nhu\u1ed9m<\/p>\n<h3><strong>\u2666 Mu\u1ed1i h\u1ed3ng Himalaya \u0111\u01b0\u1ee3c s\u1eed d\u1ee5ng nh\u01b0 th\u1ebf n\u00e0o?<\/strong><\/h3>\n<ul>\n<li>N\u1ea5u \u0103n gi\u1ed1ng nh\u01b0 mu\u1ed1i th\u01b0\u1eddng<\/li>\n<li>D\u00f9ng t\u1ea3ng mu\u1ed1i h\u1ed3ng Himalaya \u0111\u1ec3 n\u01b0\u1edbng gi\u00fap t\u0103ng h\u01b0\u01a1ng v\u1ecb \u0111\u1eadm \u0111\u00e0 cho c\u00e1c m\u00f3n th\u1ecbt v\u00e0 c\u00e1c th\u1ef1c ph\u1ea9m kh\u00e1c.<\/li>\n<li>Ngo\u00e0i ra\u00a0<a href=\"https:\/\/www.facebook.com\/havamall\/\" target=\"_blank\" rel=\"noopener\">#Havamall<\/a>\u00a0c\u00f2n \u0111\u01b0\u1ee3c bi\u1ebft l\u00e0 lo\u1ea1i mu\u1ed1i n\u00e0y c\u00f3 th\u1ec3 cho v\u00e0o b\u1ed3n t\u1eafm \u0111\u1ec3 c\u1ea3i thi\u1ec7n t\u00ecnh tr\u1ea1ng da v\u00e0 gi\u1ea3m \u0111au nh\u1ee9c c\u01a1 b\u1eafp<\/li>\n<\/ul>\n<p><img fetchpriority=\"high\" decoding=\"async\" class=\"wp-image-12327 aligncenter\" src=\"https:\/\/havamall.vn\/wp-content\/uploads\/2019\/11\/muoi-hong-himalaya-dang-hat-300x256.jpg\" alt=\"\" width=\"610\" height=\"521\" srcset=\"https:\/\/havamall.vn\/wp-content\/uploads\/2019\/11\/muoi-hong-himalaya-dang-hat-300x256.jpg 300w, https:\/\/havamall.vn\/wp-content\/uploads\/2019\/11\/muoi-hong-himalaya-dang-hat-430x368.jpg 430w, https:\/\/havamall.vn\/wp-content\/uploads\/2019\/11\/muoi-hong-himalaya-dang-hat-150x128.jpg 150w, https:\/\/havamall.vn\/wp-content\/uploads\/2019\/11\/muoi-hong-himalaya-dang-hat-600x513.jpg 600w, https:\/\/havamall.vn\/wp-content\/uploads\/2019\/11\/muoi-hong-himalaya-dang-hat.jpg 620w\" sizes=\"(max-width: 610px) 100vw, 610px\" \/><\/p>\n<h3><strong>\u2666 C\u00f4ng d\u1ee5ng:<\/strong><\/h3>\n<p>C\u1ea3 mu\u1ed1i \u0103n th\u00f4ng th\u01b0\u1eddng v\u00e0 mu\u1ed1i h\u1ed3ng Himalaya \u0111\u1ec1u ch\u1ee9a ch\u1ee7 y\u1ebfu l\u00e0 natri clorua, nh\u01b0ng mu\u1ed1i h\u1ed3ng Himalaya c\u00f3 t\u1edbi 84 kho\u00e1ng ch\u1ea5t v\u00e0 nguy\u00ean t\u1ed1 vi l\u01b0\u1ee3ng kh\u00e1c. Ngo\u00e0i ra, mu\u1ed1i Himalaya c\u00f2n m\u1ed9t s\u1ed1 l\u1ee3i \u00edch kh\u00e1c nh\u01b0:<\/p>\n<p>\u2705 H\u1ed7 tr\u1ee3 ch\u1ee9c n\u0103ng n\u00e3o, c\u1ea3i thi\u1ec7n r\u00f5 r\u1ec7t tinh th\u1ea7n th\u01b0 gi\u00e3n.<\/p>\n<p>\u2705 Ch\u1ed1ng l\u00e3o h\u00f3a; Th\u1ea3i \u0111\u1ed9c, \u0111\u00e0o th\u1ea3i c\u00e1c \u0111\u1ed9c t\u1ed1 g\u00e2y oxy ho\u00e1 c\u01a1 th\u1ec3. Gi\u1ea3i \u0111\u1ed9c b\u1edfi c\u00e1c kim lo\u1ea1i n\u1eb7ng.<\/p>\n<p>\u2705 Tr\u1ecb c\u0103ng c\u01a1, chu\u1ed9t r\u00fat. Gi\u1ea3m t\u00e1o b\u00f3n, r\u1ed1i lo\u1ea1n ti\u00eau h\u00f3a.<\/p>\n<p>\u2705 Gi\u1ea3i \u0111\u1ed9c m\u00e1u. T\u0103ng c\u01b0\u1eddng l\u01b0u th\u00f4ng m\u00e1u.<\/p>\n<p>\u2705 \u0110i\u1ec1u ch\u1ec9nh l\u01b0\u1ee3ng n\u01b0\u1edbc b\u00ean trong v\u00e0 b\u00ean ngo\u00e0i t\u1ebf b\u00e0o.<\/p>\n<p>\u2705 T\u0103ng ham mu\u1ed1n t\u00ecnh d\u1ee5c.<\/p>\n<p>\u2705 B\u1ed5 sung kho\u00e1ng ch\u1ea5t c\u1ea7n thi\u1ebft, b\u1ed5 sung d\u01b0\u1ee1ng ch\u1ea5t \u0111i\u1ec7n gi\u1ea3i quan tr\u1ecdng cho c\u01a1 th\u1ec3.<\/p>\n<p>\u2705 H\u1ed7 tr\u1ee3 c\u01a1 th\u1ec3 h\u1ea5p thu c\u00e1c ch\u1ea5t dinh d\u01b0\u1ee1ng khi d\u00f9ng trong n\u1ea5u \u0103n. Mu\u1ed1i Himalaya r\u1ea5t gi\u00e0u i-\u1ed1t.<\/p>\n<p><img decoding=\"async\" class=\"wp-image-12322 aligncenter\" src=\"https:\/\/havamall.vn\/wp-content\/uploads\/2019\/11\/4-cach-tay-te-bao-chet-an-toan-cho-da-tai-nha-1-300x201.jpg\" alt=\"\" width=\"558\" height=\"374\" srcset=\"https:\/\/havamall.vn\/wp-content\/uploads\/2019\/11\/4-cach-tay-te-bao-chet-an-toan-cho-da-tai-nha-1-300x201.jpg 300w, https:\/\/havamall.vn\/wp-content\/uploads\/2019\/11\/4-cach-tay-te-bao-chet-an-toan-cho-da-tai-nha-1-430x288.jpg 430w, https:\/\/havamall.vn\/wp-content\/uploads\/2019\/11\/4-cach-tay-te-bao-chet-an-toan-cho-da-tai-nha-1-150x100.jpg 150w, https:\/\/havamall.vn\/wp-content\/uploads\/2019\/11\/4-cach-tay-te-bao-chet-an-toan-cho-da-tai-nha-1-700x468.jpg 700w, https:\/\/havamall.vn\/wp-content\/uploads\/2019\/11\/4-cach-tay-te-bao-chet-an-toan-cho-da-tai-nha-1-768x514.jpg 768w, https:\/\/havamall.vn\/wp-content\/uploads\/2019\/11\/4-cach-tay-te-bao-chet-an-toan-cho-da-tai-nha-1-600x401.jpg 600w, https:\/\/havamall.vn\/wp-content\/uploads\/2019\/11\/4-cach-tay-te-bao-chet-an-toan-cho-da-tai-nha-1.jpg 1000w\" sizes=\"(max-width: 558px) 100vw, 558px\" \/><\/p>\n<p>C\u00f3 th\u1ec3 n\u00f3i, n\u1ebfu b\u1ea1n mu\u1ed1n tr\u00e1nh c\u00e1c ch\u1ea5t ph\u1ee5 gia trong mu\u1ed1i \u0103n th\u00f4ng th\u01b0\u1eddng, mu\u1ed1i h\u1ed3ng Himalaya l\u00e0 m\u1ed9t s\u1ef1 thay th\u1ebf t\u1ef1 nhi\u00ean ho\u00e0n h\u1ea3o. C\u00f3 2 lo\u1ea1i \u0111\u1ec3 l\u1ef1a ch\u1ecdn:<\/p>\n<p>Mu\u1ed1i m\u1ecbn (lo\u1ea1i 500gr): chuy\u00ean d\u00f9ng \u0111\u1ec3 n\u1ea5u \u0103n<\/p>\n<p>Mu\u1ed1i h\u1ea1t (lo\u1ea1i 500gr): d\u00f9ng trong ch\u0103m s\u00f3c da, ch\u0103m s\u00f3c s\u1ee9c kh\u1ecfe,\u2026<\/p>","protected":false},"excerpt":{"rendered":"<p>MU\u1ed0I H\u1ed2NG HIMALAYA C\u00d3 T\u1ed0T H\u01a0N MU\u1ed0I \u0102N TH\u00d4NG TH\u01af\u1edcNG? \u2666 Mu\u1ed1i h\u1ed3ng Himalaya l\u00e0 g\u00ec? Mu\u1ed1i h\u1ed3ng Himalaya l\u00e0<\/p>","protected":false},"featured_media":28026,"comment_status":"open","ping_status":"closed","template":"","meta":[],"product_brand":[],"product_cat":[595,36,134],"product_tag":[],"class_list":{"0":"post-28025","1":"product","2":"type-product","3":"status-publish","4":"has-post-thumbnail","6":"product_cat-gia-vi-va-che-bien","7":"product_cat-thuc-pham-tieu-dung","8":"product_cat-thucpham-saykho","9":"pa_brand-skx","11":"first","12":"instock","13":"sale","14":"shipping-taxable","15":"purchasable","16":"product-type-simple"},"_links":{"self":[{"href":"https:\/\/havamall.vn\/en\/wp-json\/wp\/v2\/product\/28025"}],"collection":[{"href":"https:\/\/havamall.vn\/en\/wp-json\/wp\/v2\/product"}],"about":[{"href":"https:\/\/havamall.vn\/en\/wp-json\/wp\/v2\/types\/product"}],"replies":[{"embeddable":true,"href":"https:\/\/havamall.vn\/en\/wp-json\/wp\/v2\/comments?post=28025"}],"version-history":[{"count":0,"href":"https:\/\/havamall.vn\/en\/wp-json\/wp\/v2\/product\/28025\/revisions"}],"wp:featuredmedia":[{"embeddable":true,"href":"https:\/\/havamall.vn\/en\/wp-json\/wp\/v2\/media\/28026"}],"wp:attachment":[{"href":"https:\/\/havamall.vn\/en\/wp-json\/wp\/v2\/media?parent=28025"}],"wp:term":[{"taxonomy":"product_brand","embeddable":true,"href":"https:\/\/havamall.vn\/en\/wp-json\/wp\/v2\/product_brand?post=28025"},{"taxonomy":"product_cat","embeddable":true,"href":"https:\/\/havamall.vn\/en\/wp-json\/wp\/v2\/product_cat?post=28025"},{"taxonomy":"product_tag","embeddable":true,"href":"https:\/\/havamall.vn\/en\/wp-json\/wp\/v2\/product_tag?post=28025"}],"curies":[{"name":"wp","href":"https:\/\/api.w.org\/{rel}","templated":true}]}}