{"id":27988,"date":"2022-07-13T17:04:12","date_gmt":"2022-07-13T10:04:12","guid":{"rendered":"https:\/\/havamall.vn\/?post_type=product&#038;p=27988"},"modified":"2023-06-09T09:35:27","modified_gmt":"2023-06-09T02:35:27","slug":"hat-ke-havafoodie-hopp-nhua-cao-cap-180g-millet-seed","status":"publish","type":"product","link":"https:\/\/havamall.vn\/en\/shop\/hat-ke-havafoodie-hopp-nhua-cao-cap-180g-millet-seed\/","title":{"rendered":"H\u1ea1t K\u00ea Havafoodies H\u1ed9p Nh\u1ef1a Cao C\u1ea5p 180g &#8211; Millet Seed"},"content":{"rendered":"<p>H\u1ea1t k\u00ea l\u00e0 h\u1ea1t c\u1ee7a c\u00e2y k\u00ea, c\u00e2y k\u00ea c\u00f3 h\u00ecnh d\u00e1ng t\u01b0\u01a1ng t\u1ef1 nh\u01b0 c\u00e2y l\u00faa m\u00ec, tuy nhi\u00ean h\u1ea1t k\u00ea s\u1ebd to h\u01a1n nhi\u1ec1u so v\u1edbi h\u1ea1t l\u00faa m\u00ec. C\u00e2y h\u1ea1t k\u00ea c\u00f3 ngu\u1ed3n g\u1ed1c \u1edf c\u00e1c n\u01b0\u1edbc Ch\u00e2u \u00c2u, \u1ea4n \u0111\u1ed9 v\u00e0 Trung Qu\u1ed1c<\/p>\n<p>H\u1ea1t k\u00ea l\u00e0 lo\u1ea1i l\u01b0\u01a1ng th\u1ef1c \u0111\u01b0\u1ee3c tr\u1ed3ng kh\u00e1 ph\u1ed5 bi\u1ebfn t\u1ea1i khu v\u1ef1c mi\u1ec1n b\u1eafc n\u01b0\u1edbc ta. V\u1edbi gi\u00e1 tr\u1ecb dinh d\u01b0\u1ee1ng cao, ch\u1ec9 m\u1ed9t m\u00ecnh k\u00ea c\u00f3 th\u1ec3 cung c\u1ea5p \u0111\u1ea7y \u0111\u1ee7 t\u1ea5t c\u1ea3 vitamin c\u1ea7n thi\u1ebft cho con ng\u01b0\u1eddi, nhi\u1ec1u nh\u1ea5t l\u00e0 vitamin B1, B2, A,E, Protein&#8230;N\u00ean \u0111\u00e2y l\u00e0 th\u1ef1c ph\u1ea9m v\u00e0ng d\u00e0nh cho ng\u01b0\u1eddi \u1ed1m, ng\u01b0\u1eddi b\u1ecb b\u1ec7nh d\u1ea1 d\u1ea1y, ti\u00eau h\u00f3a k\u00e9m, ph\u1ee5 n\u1eef sau sinh.<\/p>\n<p><img fetchpriority=\"high\" decoding=\"async\" class=\"aligncenter\" src=\"https:\/\/havamall.vn\/wp-content\/uploads\/2022\/07\/OrganicHulledMillet_1024x1024.jpg\" alt=\"Organic Hulled Millet \u2013 healthplanetnz\" width=\"540\" height=\"540\" \/><\/p>\n<p>K\u00ea\u00a0t\u1ebb c\u00f3 h\u1ea1t nh\u1ecf, c\u1ee9ng h\u01a1n so v\u1edbi k\u00ea n\u1ebfp n\u00ean khi vo h\u1ea1t \u0111\u1ec3 n\u1ea5u b\u1ea1n n\u00ean vo m\u1ea1nh tay. K\u00ea \u0111\u00e3 \u0111\u01b0\u1ee3c l\u1ecdc s\u1ea1n, lo\u1ea1i b\u1ecf t\u1ea1p ch\u1ea5t n\u00ean b\u1ea1n ho\u00e0n to\u00e0n y\u00ean t\u00e2m s\u1eed d\u1ee5ng \u0111\u1ec3 ch\u1ebf bi\u1ebfn c\u00e1c m\u00f3n \u0103n y\u00eau th\u00edch t\u1eeb k\u00ea.<\/p>\n<p><img decoding=\"async\" class=\"wp-image-27989 aligncenter\" src=\"https:\/\/havamall.vn\/wp-content\/uploads\/2022\/07\/hat-ke-la-gi-tac-dung-va-cach-dung-hat-ke-dung-cach-202108280951099649-300x169.jpg\" alt=\"\" width=\"537\" height=\"302\" srcset=\"https:\/\/havamall.vn\/wp-content\/uploads\/2022\/07\/hat-ke-la-gi-tac-dung-va-cach-dung-hat-ke-dung-cach-202108280951099649-300x169.jpg 300w, https:\/\/havamall.vn\/wp-content\/uploads\/2022\/07\/hat-ke-la-gi-tac-dung-va-cach-dung-hat-ke-dung-cach-202108280951099649-430x242.jpg 430w, https:\/\/havamall.vn\/wp-content\/uploads\/2022\/07\/hat-ke-la-gi-tac-dung-va-cach-dung-hat-ke-dung-cach-202108280951099649-150x84.jpg 150w, https:\/\/havamall.vn\/wp-content\/uploads\/2022\/07\/hat-ke-la-gi-tac-dung-va-cach-dung-hat-ke-dung-cach-202108280951099649-700x394.jpg 700w, https:\/\/havamall.vn\/wp-content\/uploads\/2022\/07\/hat-ke-la-gi-tac-dung-va-cach-dung-hat-ke-dung-cach-202108280951099649-768x432.jpg 768w, https:\/\/havamall.vn\/wp-content\/uploads\/2022\/07\/hat-ke-la-gi-tac-dung-va-cach-dung-hat-ke-dung-cach-202108280951099649-600x338.jpg 600w, https:\/\/havamall.vn\/wp-content\/uploads\/2022\/07\/hat-ke-la-gi-tac-dung-va-cach-dung-hat-ke-dung-cach-202108280951099649.jpg 800w\" sizes=\"(max-width: 537px) 100vw, 537px\" \/><\/p>\n<p>H\u1ea1t k\u00ea l\u00e0 m\u1ed9t trong nh\u1eefng lo\u1ea1i ng\u0169 c\u1ed1c c\u00f3 ch\u1ee9a r\u1ea5t nhi\u1ec1u th\u00e0nh ph\u1ea7n dinh d\u01b0\u1ee1ng nh\u01b0 tinh b\u1ed9t, Phospholipid, \u0111\u1eb7c bi\u1ec7t l\u00e0 r\u1ea5t gi\u00e0u kho\u00e1ng ch\u1ea5t canxi, Protein hay s\u1eaft v\u00e0 c\u00e1c lo\u1ea1i vitamin nh\u00f3m B nh\u01b0 l\u00e0 B1, B2,\u2026 V\u1edbi nh\u1eefng th\u00e0nh ph\u1ea7n n\u00e0y \u0111\u00e3 khi\u1ebfn c\u00f4ng d\u1ee5ng c\u1ee7a h\u1ea1t k\u00ea v\u01b0\u1ee3t tr\u1ed9i trong vi\u1ec7c b\u1ed5 sung s\u1ee9c kh\u1ecfe cho c\u01a1 th\u1ec3 con ng\u01b0\u1eddi, nh\u1ea5t l\u00e0 nh\u1eefng ng\u01b0\u1eddi k\u00e9m h\u1ea5p thu, ng\u01b0\u1eddi m\u1edbi \u1ed1m d\u1eady,\u2026<\/p>\n<p><img decoding=\"async\" class=\"wp-image-27990 aligncenter\" src=\"https:\/\/havamall.vn\/wp-content\/uploads\/2022\/07\/ch\u1ebf-bi\u00ean-m\u00f3n-\u0103n-v\u1edbi-h\u1ea1t-k\u00ea-c\u01a1m-chi\u00ean-300x200.jpg\" alt=\"\" width=\"528\" height=\"352\" srcset=\"https:\/\/havamall.vn\/wp-content\/uploads\/2022\/07\/ch\u1ebf-bi\u00ean-m\u00f3n-\u0103n-v\u1edbi-h\u1ea1t-k\u00ea-c\u01a1m-chi\u00ean-300x200.jpg 300w, https:\/\/havamall.vn\/wp-content\/uploads\/2022\/07\/ch\u1ebf-bi\u00ean-m\u00f3n-\u0103n-v\u1edbi-h\u1ea1t-k\u00ea-c\u01a1m-chi\u00ean-430x287.jpg 430w, https:\/\/havamall.vn\/wp-content\/uploads\/2022\/07\/ch\u1ebf-bi\u00ean-m\u00f3n-\u0103n-v\u1edbi-h\u1ea1t-k\u00ea-c\u01a1m-chi\u00ean-150x100.jpg 150w, https:\/\/havamall.vn\/wp-content\/uploads\/2022\/07\/ch\u1ebf-bi\u00ean-m\u00f3n-\u0103n-v\u1edbi-h\u1ea1t-k\u00ea-c\u01a1m-chi\u00ean-700x467.jpg 700w, https:\/\/havamall.vn\/wp-content\/uploads\/2022\/07\/ch\u1ebf-bi\u00ean-m\u00f3n-\u0103n-v\u1edbi-h\u1ea1t-k\u00ea-c\u01a1m-chi\u00ean-768x512.jpg 768w, https:\/\/havamall.vn\/wp-content\/uploads\/2022\/07\/ch\u1ebf-bi\u00ean-m\u00f3n-\u0103n-v\u1edbi-h\u1ea1t-k\u00ea-c\u01a1m-chi\u00ean-1024x683.jpg 1024w, https:\/\/havamall.vn\/wp-content\/uploads\/2022\/07\/ch\u1ebf-bi\u00ean-m\u00f3n-\u0103n-v\u1edbi-h\u1ea1t-k\u00ea-c\u01a1m-chi\u00ean-1200x800.jpg 1200w, https:\/\/havamall.vn\/wp-content\/uploads\/2022\/07\/ch\u1ebf-bi\u00ean-m\u00f3n-\u0103n-v\u1edbi-h\u1ea1t-k\u00ea-c\u01a1m-chi\u00ean-600x400.jpg 600w, https:\/\/havamall.vn\/wp-content\/uploads\/2022\/07\/ch\u1ebf-bi\u00ean-m\u00f3n-\u0103n-v\u1edbi-h\u1ea1t-k\u00ea-c\u01a1m-chi\u00ean.jpg 1300w\" sizes=\"(max-width: 528px) 100vw, 528px\" \/><\/p>\n<h3><strong>C\u00f4ng d\u1ee5ng c\u1ee7a h\u1ea1t k\u00ea<\/strong><\/h3>\n<p>&#8211; Gi\u1ea3i \u0111\u1ed9c, thanh nhi\u1ec7t, l\u1ee3i ti\u1ec3u, ng\u1eeba s\u1ecfi th\u1eadn, ti\u00eau ch\u1ea3y v\u00e0 ti\u1ec3u \u0111\u01b0\u1eddng.<\/p>\n<p>&#8211; D\u00f9ng \u0103n h\u00e0ng ng\u00e0y th\u00ec \u0111\u1eb7c bi\u1ec7t c\u00f3 l\u1ee3i cho ng\u01b0\u1eddi \u0111au d\u1ea1 d\u00e0y, m\u1eafc ch\u1ee9ng kh\u00f3 ti\u00eau.<\/p>\n<p>&#8211; K\u00ea c\u00f2n gi\u00fap l\u00e0m s\u1ea1ch mi\u1ec7ng, ch\u1ed1ng h\u00f4i mi\u1ec7ng do c\u00f3 c\u00f4ng d\u1ee5ng l\u00e0m ch\u1eadm qu\u00e1 tr\u00ecnh sinh s\u00f4i n\u1ea3y n\u1edf c\u1ee7a c\u00e1c lo\u1ea1i vi khu\u1ea9n trong mi\u1ec7ng.<\/p>\n<p>&#8211; H\u1ea1t k\u00ea do gi\u00e0u axit amin v\u00e0 silic n\u00ean gi\u00fap c\u00e1c thai ph\u1ee5 ng\u1eeba s\u1ea9y thai v\u00e0 t\u00ecnh tr\u1ea1ng n\u00f4n \u1ecde m\u1ed7i s\u00e1ng. K\u00ea c\u00f2n c\u00f3 t\u00e1c d\u1ee5ng ch\u1ed1ng c\u00e1c lo\u1ea1i n\u1ea5m tr\u00ean c\u01a1 th\u1ec3 v\u00e0 \u0111\u1ed1i v\u1edbi ph\u1ee5 n\u1eef th\u00ec c\u00f3 t\u00e1c d\u1ee5ng l\u00e0m tr\u1eafng da.<\/p>\n<p>&#8211; Nh\u1eefng ng\u01b0\u1eddi th\u1ec3 ch\u1ea5t \u1ed1m y\u1ebfu th\u01b0\u1eddng d\u00f9ng k\u00ea \u0111\u1ec3 b\u1ed3i b\u1ed5 s\u1ee9c kh\u1ecfe do h\u00e0m l\u01b0\u1ee3ng dinh d\u01b0\u1ee1ng cao. H\u1ea1t k\u00ea c\u00f3 \u00edch cho ng\u0169 t\u1ea1ng, b\u1ed5 sung tinh d\u1ecbch, m\u1ea1nh kh\u1ecfe g\u00e2n c\u1ed1t, c\u01a1 b\u1eafp. D\u00f9ng h\u1ea1t k\u00ea n\u1ea5u ch\u00e1o, d\u1ea7u k\u00ea trong ch\u00e1o c\u00f3 t\u00e1c d\u1ee5ng t\u1ed1t h\u01a1n c\u1ea3 canh nh\u00e2n s\u00e2m.<\/p>\n<p><img loading=\"lazy\" decoding=\"async\" class=\"wp-image-27991 aligncenter\" src=\"https:\/\/havamall.vn\/wp-content\/uploads\/2022\/07\/cach_nau_chao_hat_ke_cho_be_7_thang_2_1360b3d4c9-300x200.jpg\" alt=\"\" width=\"530\" height=\"353\" srcset=\"https:\/\/havamall.vn\/wp-content\/uploads\/2022\/07\/cach_nau_chao_hat_ke_cho_be_7_thang_2_1360b3d4c9-300x200.jpg 300w, https:\/\/havamall.vn\/wp-content\/uploads\/2022\/07\/cach_nau_chao_hat_ke_cho_be_7_thang_2_1360b3d4c9-430x287.jpg 430w, https:\/\/havamall.vn\/wp-content\/uploads\/2022\/07\/cach_nau_chao_hat_ke_cho_be_7_thang_2_1360b3d4c9-150x100.jpg 150w, https:\/\/havamall.vn\/wp-content\/uploads\/2022\/07\/cach_nau_chao_hat_ke_cho_be_7_thang_2_1360b3d4c9-700x467.jpg 700w, https:\/\/havamall.vn\/wp-content\/uploads\/2022\/07\/cach_nau_chao_hat_ke_cho_be_7_thang_2_1360b3d4c9-768x512.jpg 768w, https:\/\/havamall.vn\/wp-content\/uploads\/2022\/07\/cach_nau_chao_hat_ke_cho_be_7_thang_2_1360b3d4c9-1024x683.jpg 1024w, https:\/\/havamall.vn\/wp-content\/uploads\/2022\/07\/cach_nau_chao_hat_ke_cho_be_7_thang_2_1360b3d4c9-1200x800.jpg 1200w, https:\/\/havamall.vn\/wp-content\/uploads\/2022\/07\/cach_nau_chao_hat_ke_cho_be_7_thang_2_1360b3d4c9-600x400.jpg 600w, https:\/\/havamall.vn\/wp-content\/uploads\/2022\/07\/cach_nau_chao_hat_ke_cho_be_7_thang_2_1360b3d4c9.jpg 1773w\" sizes=\"(max-width: 530px) 100vw, 530px\" \/><\/p>\n<h3><strong>H\u01b0\u1edbng d\u1eabn s\u1eed d\u1ee5ng:\u00a0<\/strong><\/h3>\n<p>Vo m\u1ea1nh tay, l\u1ecdc \u0111\u00e3i s\u1ea1n (n\u1ebfu c\u00f3). L\u00e0m b\u00e1nh, n\u1ea5u ch\u00e8, b\u00e1nh \u0111a k\u00ea, s\u1eed d\u1ee5ng v\u1edbi c\u01a1m h\u00e0ng ng\u00e0y.<\/p>","protected":false},"excerpt":{"rendered":"<p>H\u1ea1t k\u00ea l\u00e0 h\u1ea1t c\u1ee7a c\u00e2y k\u00ea, c\u00e2y k\u00ea c\u00f3 h\u00ecnh d\u00e1ng t\u01b0\u01a1ng t\u1ef1 nh\u01b0 c\u00e2y l\u00faa m\u00ec, tuy nhi\u00ean<\/p>","protected":false},"featured_media":27992,"comment_status":"open","ping_status":"closed","template":"","meta":[],"product_brand":[],"product_cat":[594,36,134],"product_tag":[],"class_list":{"0":"post-27988","1":"product","2":"type-product","3":"status-publish","4":"has-post-thumbnail","6":"product_cat-dau-cu-qua-kho","7":"product_cat-thuc-pham-tieu-dung","8":"product_cat-thucpham-saykho","9":"pa_brand-skx","11":"first","12":"instock","13":"sale","14":"shipping-taxable","15":"purchasable","16":"product-type-simple"},"_links":{"self":[{"href":"https:\/\/havamall.vn\/en\/wp-json\/wp\/v2\/product\/27988"}],"collection":[{"href":"https:\/\/havamall.vn\/en\/wp-json\/wp\/v2\/product"}],"about":[{"href":"https:\/\/havamall.vn\/en\/wp-json\/wp\/v2\/types\/product"}],"replies":[{"embeddable":true,"href":"https:\/\/havamall.vn\/en\/wp-json\/wp\/v2\/comments?post=27988"}],"version-history":[{"count":0,"href":"https:\/\/havamall.vn\/en\/wp-json\/wp\/v2\/product\/27988\/revisions"}],"wp:featuredmedia":[{"embeddable":true,"href":"https:\/\/havamall.vn\/en\/wp-json\/wp\/v2\/media\/27992"}],"wp:attachment":[{"href":"https:\/\/havamall.vn\/en\/wp-json\/wp\/v2\/media?parent=27988"}],"wp:term":[{"taxonomy":"product_brand","embeddable":true,"href":"https:\/\/havamall.vn\/en\/wp-json\/wp\/v2\/product_brand?post=27988"},{"taxonomy":"product_cat","embeddable":true,"href":"https:\/\/havamall.vn\/en\/wp-json\/wp\/v2\/product_cat?post=27988"},{"taxonomy":"product_tag","embeddable":true,"href":"https:\/\/havamall.vn\/en\/wp-json\/wp\/v2\/product_tag?post=27988"}],"curies":[{"name":"wp","href":"https:\/\/api.w.org\/{rel}","templated":true}]}}