{"id":27937,"date":"2022-07-13T11:49:26","date_gmt":"2022-07-13T04:49:26","guid":{"rendered":"https:\/\/havamall.vn\/?post_type=product&#038;p=27937"},"modified":"2023-04-25T16:51:54","modified_gmt":"2023-04-25T09:51:54","slug":"set-keo-deo-noi-lau-3-ngan-fudge-treats-40g","status":"publish","type":"product","link":"https:\/\/havamall.vn\/en\/shop\/set-keo-deo-noi-lau-3-ngan-fudge-treats-40g\/","title":{"rendered":"Set K\u1eb9o D\u1ebbo N\u1ed3i L\u1ea9u Mini 3 T\u1ea7ng Fudge Treats 40g"},"content":{"rendered":"<p>V\u1edbi c\u00e1c b\u00e9 b\u00e1nh, k\u1eb9o lu\u00f4n l\u00e0 m\u1ed9t ph\u1ea7n kh\u00f4ng th\u1ec3 thi\u1ebfu trong tu\u1ed5i th\u01a1 c\u1ee7a m\u00ecnh, \u0111\u00f3 kh\u00f4ng ch\u1ec9 l\u00e0 s\u1edf th\u00edch m\u00e0 c\u00f2n l\u00e0 m\u00f3n \u0103n kho\u00e1i kh\u1ea9u c\u1ee7a c\u00e1c b\u00e9.<\/p>\n<p>Set k\u1eb9o d\u1ebbo n\u1ed3i l\u1ea9u 3 ng\u0103n Fudge Treats cho b\u00e9 \u0111\u01b0\u1ee3c l\u00e0m t\u1eeb c\u00e1c th\u00e0nh ph\u1ea7n t\u1ef1 nhi\u00ean, mang h\u01b0\u01a1ng v\u1ecb \u0111\u1ed9c l\u1ea1. K\u1eb9o d\u1ebbo n\u1ed3i l\u1ea9u 3 ng\u0103n l\u00e0 m\u1ed9t trong nh\u1eefng lo\u1ea1i k\u1eb9o \u0111ang r\u1ea5t \u0111\u01b0\u1ee3c \u01b0a chu\u1ed9ng v\u1edbi h\u01b0\u01a1ng v\u1ecb tr\u00e1i c\u00e2y h\u1ea5p d\u1eabn.<\/p>\n<p><img fetchpriority=\"high\" decoding=\"async\" class=\"wp-image-27938 aligncenter\" src=\"https:\/\/havamall.vn\/wp-content\/uploads\/2022\/07\/3156339e3e2028f643b6-300x300.png\" alt=\"\" width=\"502\" height=\"502\" srcset=\"https:\/\/havamall.vn\/wp-content\/uploads\/2022\/07\/3156339e3e2028f643b6-300x300.png 300w, https:\/\/havamall.vn\/wp-content\/uploads\/2022\/07\/3156339e3e2028f643b6-430x430.png 430w, https:\/\/havamall.vn\/wp-content\/uploads\/2022\/07\/3156339e3e2028f643b6-150x150.png 150w, https:\/\/havamall.vn\/wp-content\/uploads\/2022\/07\/3156339e3e2028f643b6-700x700.png 700w, https:\/\/havamall.vn\/wp-content\/uploads\/2022\/07\/3156339e3e2028f643b6-768x768.png 768w, https:\/\/havamall.vn\/wp-content\/uploads\/2022\/07\/3156339e3e2028f643b6-600x600.png 600w, https:\/\/havamall.vn\/wp-content\/uploads\/2022\/07\/3156339e3e2028f643b6-100x100.png 100w, https:\/\/havamall.vn\/wp-content\/uploads\/2022\/07\/3156339e3e2028f643b6.png 1024w\" sizes=\"(max-width: 502px) 100vw, 502px\" \/><\/p>\n<div>\n<p>S\u1ea3n ph\u1ea9m kh\u00f4ng ch\u1ee9a h\u00f3a ch\u1ea5t, ch\u1ea5t b\u1ea3o qu\u1ea3n \u0111\u1ed9c h\u1ea1i, \u0111\u1ea3m b\u1ea3o an to\u00e0n cho s\u1ee9c kh\u1ecfe ng\u01b0\u1eddi ti\u00eau d\u00f9ng.<\/p>\n<\/div>\n<div class=\"short-description\">K\u1eb9o c\u00f3 nhi\u1ec1u h\u01b0\u01a1ng v\u1ecb th\u01a1m ngon, thi\u1ebft k\u1ebf bao b\u00ec b\u1eaft m\u1eaft nh\u01b0 m\u1ed9t n\u1ed3i l\u1ea9u nhi\u1ec1u m\u00e0u s\u1eafc h\u1ea5p d\u1eabn tr\u1ebb em.\u00a0K\u1eb9o d\u1ebbo \u0111\u01b0\u1ee3c c\u00e1c em nh\u1ecf r\u1ea5t \u01b0a th\u00edch b\u1edfi h\u01b0\u01a1ng v\u1ecb \u0111a d\u1ea1ng, th\u01a1m ngon. S\u1ea3n ph\u1ea9m kh\u00f4ng ch\u1ee9a c\u00e1c ch\u1ea5t g\u00e2y h\u1ea1i cho s\u1ee9c kh\u1ecfe.<\/div>\n<div><img decoding=\"async\" class=\"wp-image-27939 aligncenter\" src=\"https:\/\/havamall.vn\/wp-content\/uploads\/2022\/07\/e194bc3273445-300x300.png\" alt=\"\" width=\"500\" height=\"500\" srcset=\"https:\/\/havamall.vn\/wp-content\/uploads\/2022\/07\/e194bc3273445-300x300.png 300w, https:\/\/havamall.vn\/wp-content\/uploads\/2022\/07\/e194bc3273445-430x430.png 430w, https:\/\/havamall.vn\/wp-content\/uploads\/2022\/07\/e194bc3273445-150x150.png 150w, https:\/\/havamall.vn\/wp-content\/uploads\/2022\/07\/e194bc3273445-700x700.png 700w, https:\/\/havamall.vn\/wp-content\/uploads\/2022\/07\/e194bc3273445-768x768.png 768w, https:\/\/havamall.vn\/wp-content\/uploads\/2022\/07\/e194bc3273445-600x600.png 600w, https:\/\/havamall.vn\/wp-content\/uploads\/2022\/07\/e194bc3273445-100x100.png 100w, https:\/\/havamall.vn\/wp-content\/uploads\/2022\/07\/e194bc3273445.png 1024w\" sizes=\"(max-width: 500px) 100vw, 500px\" \/><\/div>\n<div>\n<p>K\u1eb9o d\u1ebbo Fudge Treats \u0111\u01b0\u1ee3c thi\u1ebft k\u1ebf th\u00e0nh h\u00ecnh tr\u00e1i c\u00e2y d\u1ec5 th\u01b0\u01a1ng \u0111\u1ec3 ph\u1ee5 huynh c\u00f3 th\u1ec3\u00a0c\u00f9ng h\u1ecdc v\u00e0 ch\u01a1i v\u1edbi con nh\u01b0 h\u00ecnh c\u00e1c con v\u1eadt, tr\u00e1i c\u00e2y\u00a0v\u00e0 \u0111\u1eb7c bi\u1ec7t l\u00e0 nh\u1eefng h\u00ecnh \u0111\u1eb7c tr\u01b0ng nh\u01b0\u00a0h\u00e0m r\u0103ng, qu\u1ea3 tr\u1ee9ng r\u00e1n, ch\u00e2n g\u00e0 nhi\u1ec1u m\u00e0u, chai n\u01b0\u1edbc ng\u1ecdt,\u2026<\/p>\n<p>Ch\u00ednh vi\u1ec7c \u0111a d\u1ea1ng v\u1ec1 h\u00ecnh d\u00e1ng n\u00e0y ph\u1ee5 huynh c\u00f3 th\u1ec3\u00a0gi\u00fap con nh\u1eadn bi\u1ebft c\u00e1c con v\u1eadt v\u00e0 s\u1ef1 v\u1eadt xung quanh.<\/p>\n<p><img decoding=\"async\" class=\"wp-image-27940 aligncenter\" src=\"https:\/\/havamall.vn\/wp-content\/uploads\/2022\/07\/5eb3f3a53c72001-300x300.png\" alt=\"\" width=\"503\" height=\"503\" srcset=\"https:\/\/havamall.vn\/wp-content\/uploads\/2022\/07\/5eb3f3a53c72001-300x300.png 300w, https:\/\/havamall.vn\/wp-content\/uploads\/2022\/07\/5eb3f3a53c72001-430x430.png 430w, https:\/\/havamall.vn\/wp-content\/uploads\/2022\/07\/5eb3f3a53c72001-150x150.png 150w, https:\/\/havamall.vn\/wp-content\/uploads\/2022\/07\/5eb3f3a53c72001-700x700.png 700w, https:\/\/havamall.vn\/wp-content\/uploads\/2022\/07\/5eb3f3a53c72001-768x768.png 768w, https:\/\/havamall.vn\/wp-content\/uploads\/2022\/07\/5eb3f3a53c72001-600x600.png 600w, https:\/\/havamall.vn\/wp-content\/uploads\/2022\/07\/5eb3f3a53c72001-100x100.png 100w, https:\/\/havamall.vn\/wp-content\/uploads\/2022\/07\/5eb3f3a53c72001.png 1024w\" sizes=\"(max-width: 503px) 100vw, 503px\" \/><\/p>\n<h3><strong>\u0110\u1eb7c \u0111i\u1ec3m n\u1ed5i b\u1eadt c\u1ee7a s\u1ea3n ph\u1ea9m:<\/strong><\/h3>\n<p><strong>\u27a4\u00a0<\/strong>Thi\u1ebft k\u1ebf bao b\u00ec \u0111\u1eb9p m\u1eaft, nhi\u1ec1u m\u00e0u s\u1eafc t\u1ea1o c\u1ea3m gi\u00e1c th\u00edch th\u00fa cho b\u00e9.<\/p>\n<p><strong>\u27a4\u00a0<\/strong>K\u1eb9o d\u1ebbo n\u1ed3i l\u1ea9u 3 ng\u0103n Fudge Treats mix v\u1ecb d\u1ebbo dai ngon.<\/p>\n<p><strong>\u27a4\u00a0<\/strong>K\u1eb9o c\u00f3 nhi\u1ec1u h\u00ecnh d\u1ea1ng kh\u00e1c nhau, m\u00e0u s\u1eafc \u0111\u1eb9p m\u1eaft, \u0111\u1ee7 h\u00ecnh d\u1ea1ng v\u00e0 nhi\u1ec1u v\u1ecb kh\u00e1c nhau ngon kh\u00f3 t\u1ea3 t\u1ea1o c\u1ea3m gi\u00e1c th\u00edch th\u00fa khi \u0103n.<\/p>\n<p><strong>\u27a4\u00a0<\/strong>Kh\u00f4ng ch\u1ee9a ch\u1ea5t b\u1ea3o qu\u1ea3n, \u0111\u1ea3m b\u1ea3o an to\u00e0n s\u1ee9c kh\u1ecfe.<\/p>\n<p><strong>\u27a4\u00a0<\/strong>L\u01b0\u1ee3ng \u0111\u01b0\u1eddng trong k\u1eb9o d\u1ebbo \u0111a d\u1ea1ng h\u00ecnh cung c\u1ea5p n\u0103ng l\u01b0\u1ee3ng t\u1ea1m th\u1eddi cho c\u01a1 th\u1ec3.<\/p>\n<p>S\u1ea3n ph\u1ea9m hi\u1ec7n \u0111\u00e3 c\u00f3 m\u1eb7t t\u1ea1i Havamall.<\/p>\n<p><img loading=\"lazy\" decoding=\"async\" class=\"wp-image-27941 aligncenter\" src=\"https:\/\/havamall.vn\/wp-content\/uploads\/2022\/07\/4de666c8dbaff7e40dbc-300x300.png\" alt=\"\" width=\"512\" height=\"512\" srcset=\"https:\/\/havamall.vn\/wp-content\/uploads\/2022\/07\/4de666c8dbaff7e40dbc-300x300.png 300w, https:\/\/havamall.vn\/wp-content\/uploads\/2022\/07\/4de666c8dbaff7e40dbc-430x430.png 430w, https:\/\/havamall.vn\/wp-content\/uploads\/2022\/07\/4de666c8dbaff7e40dbc-150x150.png 150w, https:\/\/havamall.vn\/wp-content\/uploads\/2022\/07\/4de666c8dbaff7e40dbc-700x700.png 700w, https:\/\/havamall.vn\/wp-content\/uploads\/2022\/07\/4de666c8dbaff7e40dbc-768x768.png 768w, https:\/\/havamall.vn\/wp-content\/uploads\/2022\/07\/4de666c8dbaff7e40dbc-600x600.png 600w, https:\/\/havamall.vn\/wp-content\/uploads\/2022\/07\/4de666c8dbaff7e40dbc-100x100.png 100w, https:\/\/havamall.vn\/wp-content\/uploads\/2022\/07\/4de666c8dbaff7e40dbc.png 1024w\" sizes=\"(max-width: 512px) 100vw, 512px\" \/><\/p>\n<\/div>","protected":false},"excerpt":{"rendered":"<p>V\u1edbi c\u00e1c b\u00e9 b\u00e1nh, k\u1eb9o lu\u00f4n l\u00e0 m\u1ed9t ph\u1ea7n kh\u00f4ng th\u1ec3 thi\u1ebfu trong tu\u1ed5i th\u01a1 c\u1ee7a m\u00ecnh, \u0111\u00f3 kh\u00f4ng ch\u1ec9<\/p>","protected":false},"featured_media":27942,"comment_status":"open","ping_status":"closed","template":"","meta":[],"product_brand":[],"product_cat":[36,133],"product_tag":[],"class_list":{"0":"post-27937","1":"product","2":"type-product","3":"status-publish","4":"has-post-thumbnail","6":"product_cat-thuc-pham-tieu-dung","7":"product_cat-banh-keo-chocolate","9":"first","10":"instock","11":"sale","12":"shipping-taxable","13":"purchasable","14":"product-type-simple"},"_links":{"self":[{"href":"https:\/\/havamall.vn\/en\/wp-json\/wp\/v2\/product\/27937"}],"collection":[{"href":"https:\/\/havamall.vn\/en\/wp-json\/wp\/v2\/product"}],"about":[{"href":"https:\/\/havamall.vn\/en\/wp-json\/wp\/v2\/types\/product"}],"replies":[{"embeddable":true,"href":"https:\/\/havamall.vn\/en\/wp-json\/wp\/v2\/comments?post=27937"}],"version-history":[{"count":0,"href":"https:\/\/havamall.vn\/en\/wp-json\/wp\/v2\/product\/27937\/revisions"}],"wp:featuredmedia":[{"embeddable":true,"href":"https:\/\/havamall.vn\/en\/wp-json\/wp\/v2\/media\/27942"}],"wp:attachment":[{"href":"https:\/\/havamall.vn\/en\/wp-json\/wp\/v2\/media?parent=27937"}],"wp:term":[{"taxonomy":"product_brand","embeddable":true,"href":"https:\/\/havamall.vn\/en\/wp-json\/wp\/v2\/product_brand?post=27937"},{"taxonomy":"product_cat","embeddable":true,"href":"https:\/\/havamall.vn\/en\/wp-json\/wp\/v2\/product_cat?post=27937"},{"taxonomy":"product_tag","embeddable":true,"href":"https:\/\/havamall.vn\/en\/wp-json\/wp\/v2\/product_tag?post=27937"}],"curies":[{"name":"wp","href":"https:\/\/api.w.org\/{rel}","templated":true}]}}