{"id":27928,"date":"2022-07-13T11:04:01","date_gmt":"2022-07-13T04:04:01","guid":{"rendered":"https:\/\/havamall.vn\/?post_type=product&#038;p=27928"},"modified":"2022-07-13T11:04:44","modified_gmt":"2022-07-13T04:04:44","slug":"ruou-mo-xanh-nhat-ban-choya-kishu-720ml","status":"publish","type":"product","link":"https:\/\/havamall.vn\/en\/shop\/ruou-mo-xanh-nhat-ban-choya-kishu-720ml\/","title":{"rendered":"R\u01b0\u1ee3u M\u01a1 Xanh Nh\u1eadt B\u1ea3n Choya Kishu 720ml"},"content":{"rendered":"<p>R\u01b0\u1ee3u m\u01a1 Choya Kishu 720ml Nh\u1eadt B\u1ea3n\u00a0l\u00e0 lo\u1ea1i r\u01b0\u1ee3u h\u1ea3o h\u1ea1ng h\u01b0\u01a1ng v\u1ecb ngon l\u1ea1i t\u1ed1t cho s\u1ee9c kh\u1ecfe. T\u1eeb l\u00e2u\u00a0r\u01b0\u1ee3u m\u01a1 Nh\u1eadt\u00a0\u0111\u01b0\u1ee3c \u01b0a chu\u1ed9ng b\u1edfi n\u1ed3ng \u0111\u1ed9 r\u01b0\u1ee3u th\u1ea5p, nam n\u1eef \u0111\u1ec1u c\u00f3 th\u1ec3 u\u1ed1ng, b\u00ean c\u1ea1nh \u0111\u00f3 l\u1ea1i h\u1ed7 tr\u1ee3 l\u00e0m \u0111\u1eb9p da, thanh l\u1ecdc c\u01a1 th\u1ec3, c\u1ea3i thi\u1ec7n h\u1ec7 ti\u00eau h\u00f3a v\u00e0 tu\u1ea7n ho\u00e0n m\u00e1u, gi\u1ea3m m\u1ec7t m\u1ecfi stress,&#8230;<\/p>\n<p>R\u01b0\u1ee3u m\u01a1 \u0111\u01b0\u1ee3c xem l\u00e0 \u0111\u1eb7c s\u1ea3n c\u1ee7a Nh\u1eadt B\u1ea3n v\u00e0 l\u00e0 m\u1ed9t lo\u1ea1i r\u01b0\u1ee3u truy\u1ec1n th\u1ed1ng c\u00f3 t\u1eeb l\u00e2u \u0111\u1eddi.\u00a0R\u01b0\u1ee3u m\u01a1 kh\u00e1c v\u1edbi c\u00e1c lo\u1ea1i r\u01b0\u1ee3u kh\u00e1c \u1edf ch\u1ed7 n\u00f3 c\u00f3 n\u1ed3ng \u0111\u1ed9 nh\u1eb9, th\u00edch h\u1ee3p cho c\u1ea3 nam v\u00e0 n\u1eef. \u0110\u1eb7c bi\u1ec7t, lo\u1ea1i r\u01b0\u1ee3u n\u00e0y ch\u1ee9a nhi\u1ec1u\u00a0vitamin, d\u01b0\u1ee1ng ch\u1ea5t t\u1eeb qu\u1ea3 m\u01a1\u00a0r\u1ea5t t\u1ed1t cho s\u1ee9c kh\u1ecfe.<\/p>\n<p><img fetchpriority=\"high\" decoding=\"async\" class=\"wp-image-27931 aligncenter\" src=\"https:\/\/havamall.vn\/wp-content\/uploads\/2022\/07\/O1CN01LeHo8J1RRy2dAmueO_3330482109-300x229.png\" alt=\"\" width=\"540\" height=\"412\" srcset=\"https:\/\/havamall.vn\/wp-content\/uploads\/2022\/07\/O1CN01LeHo8J1RRy2dAmueO_3330482109-300x229.png 300w, https:\/\/havamall.vn\/wp-content\/uploads\/2022\/07\/O1CN01LeHo8J1RRy2dAmueO_3330482109-430x328.png 430w, https:\/\/havamall.vn\/wp-content\/uploads\/2022\/07\/O1CN01LeHo8J1RRy2dAmueO_3330482109-150x114.png 150w, https:\/\/havamall.vn\/wp-content\/uploads\/2022\/07\/O1CN01LeHo8J1RRy2dAmueO_3330482109-700x534.png 700w, https:\/\/havamall.vn\/wp-content\/uploads\/2022\/07\/O1CN01LeHo8J1RRy2dAmueO_3330482109-768x586.png 768w, https:\/\/havamall.vn\/wp-content\/uploads\/2022\/07\/O1CN01LeHo8J1RRy2dAmueO_3330482109-600x458.png 600w, https:\/\/havamall.vn\/wp-content\/uploads\/2022\/07\/O1CN01LeHo8J1RRy2dAmueO_3330482109.png 800w\" sizes=\"(max-width: 540px) 100vw, 540px\" \/><\/p>\n<p>Ng\u01b0\u1eddi u\u1ed1ng\u00a0r\u01b0\u1ee3u m\u01a1 Choya\u00a0Kishu\u00a0v\u1eeba l\u00e0 th\u01b0\u1edfng th\u1ee9c \u0111\u01b0\u1ee3c h\u01b0\u01a1ng v\u1ecb r\u01b0\u1ee3u \u0111\u1eb7c tr\u01b0ng c\u1ee7a Nh\u1eadt, v\u1eeba l\u00e0 \u0111\u1ec3 k\u00edch th\u00edch \u0103n ngon, ti\u00eau h\u00f3a t\u1ed1t h\u01a1n.<\/p>\n<p>T\u1eeb nh\u1eefng th\u1eddi xa x\u01b0a cho \u0111\u1ebfn ng\u00e0y nay,\u00a0r\u01b0\u1ee3u m\u01a1\u00a0Choya Nh\u1eadt\u00a0\u0111\u00e3 l\u00e0 m\u1ed9t \u0111\u1ed3 u\u1ed1ng quen thu\u1ed9c \u0111\u01b0\u1ee3c bi\u1ebft \u0111\u1ebfn v\u00e0 y\u00eau th\u00edch \u1edf nh\u1eefng gia \u0111\u00ecnh Nh\u1eadt. Nh\u1eefng n\u0103m tr\u1edf l\u1ea1i \u0111\u00e2y, lo\u1ea1i r\u01b0\u1ee3u n\u00e0y c\u00e0ng ph\u1ed5 bi\u1ebfn h\u01a1n tr\u00ean th\u1ecb tr\u01b0\u1eddng ch\u00e2u \u00c1, \u0111\u1eb7c bi\u1ec7t l\u00e0 \u1edf Vi\u1ec7t Nam.<\/p>\n<p><img decoding=\"async\" class=\"wp-image-27932 aligncenter\" src=\"https:\/\/havamall.vn\/wp-content\/uploads\/2022\/07\/22449694_94010-300x212.png\" alt=\"\" width=\"545\" height=\"385\" srcset=\"https:\/\/havamall.vn\/wp-content\/uploads\/2022\/07\/22449694_94010-300x212.png 300w, https:\/\/havamall.vn\/wp-content\/uploads\/2022\/07\/22449694_94010-430x304.png 430w, https:\/\/havamall.vn\/wp-content\/uploads\/2022\/07\/22449694_94010-150x106.png 150w, https:\/\/havamall.vn\/wp-content\/uploads\/2022\/07\/22449694_94010-700x495.png 700w, https:\/\/havamall.vn\/wp-content\/uploads\/2022\/07\/22449694_94010-768x543.png 768w, https:\/\/havamall.vn\/wp-content\/uploads\/2022\/07\/22449694_94010-220x154.png 220w, https:\/\/havamall.vn\/wp-content\/uploads\/2022\/07\/22449694_94010-600x424.png 600w, https:\/\/havamall.vn\/wp-content\/uploads\/2022\/07\/22449694_94010.png 842w\" sizes=\"(max-width: 545px) 100vw, 545px\" \/><\/p>\n<h3><strong>\u0110\u1eb7c \u0111i\u1ec3m c\u1ee7a r\u01b0\u1ee3u m\u01a1 Choya Kishu h\u1ea3o h\u1ea1ng Nh\u1eadt B\u1ea3n:<\/strong><\/h3>\n<p><strong>\u27a4 <\/strong>R\u01b0\u1ee3u m\u01a1 Nh\u1eadt Choya Kishul\u1ef1a ch\u1ecdn nh\u1eefng qu\u1ea3 m\u01a1 t\u01b0\u01a1i ngon, \u0111\u01b0\u1ee3c tr\u1ed3ng b\u1edfi k\u1ef9 thu\u1eadt ti\u00ean ti\u1ebfn v\u00e0 ch\u0103m b\u00f3n h\u1eefu c\u01a1. Qu\u1ea3 m\u01a1 \u0111\u1ec1u \u0111\u1ea3m b\u1ea3o ch\u1ea5t l\u01b0\u1ee3ng ki\u1ec3m \u0111\u1ecbnh nghi\u00eam ng\u1eb7t tr\u01b0\u1edbc khi ng\u00e2m v\u00e0o r\u01b0\u1ee3u Sake truy\u1ec1n th\u1ed1ng + \u0111\u01b0\u1eddng ph\u00e8n tinh khi\u1ebft, t\u1ea1o n\u00ean v\u1ecb th\u01a1m ngon cho r\u01b0\u1ee3u.<\/p>\n<p><strong>\u27a4 <\/strong>R\u01b0\u1ee3u m\u01a1 Choya Nh\u1eadt B\u1ea3n\u00a0c\u00f3 h\u01b0\u01a1ng v\u1ecb \u0111\u1eb7c tr\u01b0ng, v\u1ecb th\u01a1m m\u1ec1m m\u1ea1i v\u00e0 h\u00e0m l\u01b0\u1ee3ng acid c\u00e2n b\u1eb1ng, r\u1ea5t d\u1ec5 u\u1ed1ng, chinh ph\u1ee5c d\u00e2n s\u00e0nh r\u01b0\u1ee3u kh\u00f3 t\u00ednh.<\/p>\n<p>\u27a4 N\u1ed3ng \u0111\u1ed9 r\u01b0\u1ee3u l\u00e0 14%.<\/p>\n<p>\u27a4 R\u01b0\u1ee3u \u0111\u01b0\u1ee3c \u0111\u00f3ng chai \u0111\u01a1n gi\u1ea3n, sang tr\u1ecdng. S\u1ea3n ph\u1ea9m \u0111\u01b0\u1ee3c \u0111\u00f3ng h\u1ed9p ho\u1eb7c kh\u00f4ng. Tuy nhi\u00ean, t\u1ea1i \u0110\u1ea1i l\u00fd c\u1ea5p 1 &#8211; H\u00e0ng Ngo\u1ea1i Nh\u1eadp l\u00e0 c\u00f3 h\u1ed9p, ch\u00ednh v\u00ec v\u1eady c\u00f3 th\u1ec3 gi\u00e1 cao h\u01a1n 1 ch\u00fat so v\u1edbi chai kh\u00f4ng h\u1ed9p nh\u01b0 b\u00e1n tr\u00ean th\u1ecb tr\u01b0\u1eddng.\u00a0B\u1ea1n c\u00f3 th\u1ec3 l\u00e0m qu\u00e0 bi\u1ebfu t\u1eb7ng ho\u1eb7c s\u1eed d\u1ee5ng trong d\u1ecbp l\u1ec5 T\u1ebft, \u0111o\u00e0n vi\u00ean gia \u0111\u00ecnh.<\/p>\n<p><img decoding=\"async\" class=\"wp-image-27933 aligncenter\" src=\"https:\/\/havamall.vn\/wp-content\/uploads\/2022\/07\/O1CN01YuhNty1LEKWjLj-300x284.png\" alt=\"\" width=\"554\" height=\"524\" srcset=\"https:\/\/havamall.vn\/wp-content\/uploads\/2022\/07\/O1CN01YuhNty1LEKWjLj-300x284.png 300w, https:\/\/havamall.vn\/wp-content\/uploads\/2022\/07\/O1CN01YuhNty1LEKWjLj-430x407.png 430w, https:\/\/havamall.vn\/wp-content\/uploads\/2022\/07\/O1CN01YuhNty1LEKWjLj-150x142.png 150w, https:\/\/havamall.vn\/wp-content\/uploads\/2022\/07\/O1CN01YuhNty1LEKWjLj-700x663.png 700w, https:\/\/havamall.vn\/wp-content\/uploads\/2022\/07\/O1CN01YuhNty1LEKWjLj-768x728.png 768w, https:\/\/havamall.vn\/wp-content\/uploads\/2022\/07\/O1CN01YuhNty1LEKWjLj-600x569.png 600w, https:\/\/havamall.vn\/wp-content\/uploads\/2022\/07\/O1CN01YuhNty1LEKWjLj.png 800w\" sizes=\"(max-width: 554px) 100vw, 554px\" \/><\/p>\n<h3><strong>C\u00f4ng d\u1ee5ng c\u1ee7a r\u01b0\u1ee3u m\u01a1 Choya Kishu 720ml Nh\u1eadt B\u1ea3n<\/strong><\/h3>\n<p>\u2714 \u00a0R\u01b0\u1ee3u tr\u00e1i m\u01a1 Choya\u00a0t\u0103ng c\u01b0\u1eddng th\u1ea9m th\u1ea5u v\u00e0o t\u1ebf b\u00e0o, k\u00edch th\u00edch d\u1ecbch v\u1ecb ti\u00eau h\u00f3a, gi\u00fap t\u0103ng c\u1ea3m gi\u00e1c ngon mi\u1ec7ng.<\/p>\n<p>\u2714 \u00a0C\u1ea3i thi\u1ec7n h\u1ec7 ti\u00eau h\u00f3a, h\u1ed7 tr\u1ee3 gi\u1ea3i quy\u1ebfn r\u1eafc r\u1ed1i v\u1ec1 \u0111\u01b0\u1eddng ru\u1ed9t.<\/p>\n<p>\u2714 \u00a0Cung c\u1ea5p\u00a0vitamin C, A, mu\u1ed1i kho\u00e1ng v\u00e0 c\u00e1c axit h\u1eefu c\u01a1 gi\u00fap t\u0103ng c\u01b0\u1eddng s\u1ee9c \u0111\u1ec1 kh\u00e1ng.<\/p>\n<p>\u2714 \u00a0Acid Citric gi\u00fap gi\u1ea3m m\u1ec7t m\u1ecfi, h\u1ed7 tr\u1ee3 gi\u1ea3i t\u1ecfa c\u0103ng th\u1eb3ng th\u1ea7n kinh, gi\u1ea3m m\u1ec7t m\u1ecfi<\/p>\n<p>\u2714 \u00a0Thanh l\u1ecdc c\u01a1 th\u1ec3, t\u1ea1o c\u1ea3m gi\u00e1c th\u01b0 gi\u00e3n, s\u1ea3ng kho\u00e1i.<\/p>\n<p><img loading=\"lazy\" decoding=\"async\" class=\"wp-image-27934 aligncenter\" src=\"https:\/\/havamall.vn\/wp-content\/uploads\/2022\/07\/O1CN01kU0rDX28iTkZp-300x269.png\" alt=\"\" width=\"546\" height=\"490\" srcset=\"https:\/\/havamall.vn\/wp-content\/uploads\/2022\/07\/O1CN01kU0rDX28iTkZp-300x269.png 300w, https:\/\/havamall.vn\/wp-content\/uploads\/2022\/07\/O1CN01kU0rDX28iTkZp-430x386.png 430w, https:\/\/havamall.vn\/wp-content\/uploads\/2022\/07\/O1CN01kU0rDX28iTkZp-150x135.png 150w, https:\/\/havamall.vn\/wp-content\/uploads\/2022\/07\/O1CN01kU0rDX28iTkZp-700x628.png 700w, https:\/\/havamall.vn\/wp-content\/uploads\/2022\/07\/O1CN01kU0rDX28iTkZp-768x689.png 768w, https:\/\/havamall.vn\/wp-content\/uploads\/2022\/07\/O1CN01kU0rDX28iTkZp-600x539.png 600w, https:\/\/havamall.vn\/wp-content\/uploads\/2022\/07\/O1CN01kU0rDX28iTkZp.png 800w\" sizes=\"(max-width: 546px) 100vw, 546px\" \/><\/p>","protected":false},"excerpt":{"rendered":"<p>R\u01b0\u1ee3u m\u01a1 Choya Kishu 720ml Nh\u1eadt B\u1ea3n\u00a0l\u00e0 lo\u1ea1i r\u01b0\u1ee3u h\u1ea3o h\u1ea1ng h\u01b0\u01a1ng v\u1ecb ngon l\u1ea1i t\u1ed1t cho s\u1ee9c kh\u1ecfe. T\u1eeb<\/p>","protected":false},"featured_media":27935,"comment_status":"open","ping_status":"closed","template":"","meta":[],"product_brand":[],"product_cat":[36,135],"product_tag":[],"class_list":{"0":"post-27928","1":"product","2":"type-product","3":"status-publish","4":"has-post-thumbnail","6":"product_cat-thuc-pham-tieu-dung","7":"product_cat-sua-do-uong","9":"first","10":"instock","11":"sale","12":"shipping-taxable","13":"purchasable","14":"product-type-simple"},"_links":{"self":[{"href":"https:\/\/havamall.vn\/en\/wp-json\/wp\/v2\/product\/27928"}],"collection":[{"href":"https:\/\/havamall.vn\/en\/wp-json\/wp\/v2\/product"}],"about":[{"href":"https:\/\/havamall.vn\/en\/wp-json\/wp\/v2\/types\/product"}],"replies":[{"embeddable":true,"href":"https:\/\/havamall.vn\/en\/wp-json\/wp\/v2\/comments?post=27928"}],"version-history":[{"count":0,"href":"https:\/\/havamall.vn\/en\/wp-json\/wp\/v2\/product\/27928\/revisions"}],"wp:featuredmedia":[{"embeddable":true,"href":"https:\/\/havamall.vn\/en\/wp-json\/wp\/v2\/media\/27935"}],"wp:attachment":[{"href":"https:\/\/havamall.vn\/en\/wp-json\/wp\/v2\/media?parent=27928"}],"wp:term":[{"taxonomy":"product_brand","embeddable":true,"href":"https:\/\/havamall.vn\/en\/wp-json\/wp\/v2\/product_brand?post=27928"},{"taxonomy":"product_cat","embeddable":true,"href":"https:\/\/havamall.vn\/en\/wp-json\/wp\/v2\/product_cat?post=27928"},{"taxonomy":"product_tag","embeddable":true,"href":"https:\/\/havamall.vn\/en\/wp-json\/wp\/v2\/product_tag?post=27928"}],"curies":[{"name":"wp","href":"https:\/\/api.w.org\/{rel}","templated":true}]}}