{"id":27921,"date":"2022-07-13T09:52:22","date_gmt":"2022-07-13T02:52:22","guid":{"rendered":"https:\/\/havamall.vn\/?post_type=product&#038;p=27921"},"modified":"2022-09-14T10:35:45","modified_gmt":"2022-09-14T03:35:45","slug":"hat-do-rang-muoi-martin-nga-100g","status":"publish","type":"product","link":"https:\/\/havamall.vn\/en\/shop\/hat-do-rang-muoi-martin-nga-100g\/","title":{"rendered":"H\u1ea1t B\u00ed Rang Mu\u1ed1i Hi\u1ec7u Martin Nga 100g"},"content":{"rendered":"<p>\u0110\u1ed1i v\u1edbi ng\u01b0\u1eddi d\u00e2n Vi\u1ec7t Nam, h\u1ea1t b\u00ed \u0111\u01b0\u1ee3c bi\u1ebft \u0111\u1ebfn nh\u01b0 m\u1ed9t m\u00f3n \u0103n v\u1eb7t v\u00f4 c\u00f9ng quen thu\u1ed9c v\u00e0 kh\u00f4ng th\u1ec3 thi\u1ebfu v\u1eafng trong nh\u1eefng d\u1ecbp l\u1ec5 T\u1ebft, ho\u1eb7c ngay c\u1ea3 trong cu\u1ed9c s\u1ed1ng th\u01b0\u1eddng ng\u00e0y.<\/p>\n<p>B\u00ean c\u1ea1nh h\u01b0\u01a1ng v\u1ecb \u0111\u1eb7c tr\u01b0ng th\u01a1m ngon h\u1ea5p d\u1eabn, h\u1ea1t b\u00ed c\u0169ng cung c\u1ea5p nhi\u1ec1u d\u01b0\u1ee1ng ch\u1ea5t thi\u1ebfu y\u1ebfu cho c\u01a1 th\u1ec3.<\/p>\n<p><img fetchpriority=\"high\" decoding=\"async\" class=\"wp-image-27924 aligncenter\" src=\"https:\/\/havamall.vn\/wp-content\/uploads\/2022\/07\/otbornye-premium-273x300.jpg\" alt=\"\" width=\"530\" height=\"582\" srcset=\"https:\/\/havamall.vn\/wp-content\/uploads\/2022\/07\/otbornye-premium-273x300.jpg 273w, https:\/\/havamall.vn\/wp-content\/uploads\/2022\/07\/otbornye-premium-430x473.jpg 430w, https:\/\/havamall.vn\/wp-content\/uploads\/2022\/07\/otbornye-premium-150x165.jpg 150w, https:\/\/havamall.vn\/wp-content\/uploads\/2022\/07\/otbornye-premium-700x769.jpg 700w, https:\/\/havamall.vn\/wp-content\/uploads\/2022\/07\/otbornye-premium.jpg 768w, https:\/\/havamall.vn\/wp-content\/uploads\/2022\/07\/otbornye-premium-600x659.jpg 600w\" sizes=\"(max-width: 530px) 100vw, 530px\" \/><\/p>\n<p id=\"tw-target-text\" class=\"tw-data-text tw-text-large tw-ta\" dir=\"ltr\"><span class=\"Y2IQFc\" lang=\"vi\">Gi\u00e1 tr\u1ecb dinh d\u01b0\u1ee1ng cao c\u1ee7a h\u1ea1t b\u00ed ng\u00f4 \u0111\u01b0\u1ee3c x\u1ebfp ngang h\u00e0ng v\u1edbi c\u00e1c lo\u1ea1i h\u1ea1t v\u00e0 tr\u00e1i c\u00e2y s\u1ea5y kh\u00f4. Carbohydrate, protein, ch\u1ea5t x\u01a1, nhi\u1ec1u lo\u1ea1i vitamin v\u00e0 axit b\u00e9o &#8211; nh\u1edd \u0111\u00f3, \u1edf qu\u00ea h\u01b0\u01a1ng c\u1ee7a b\u00ed ng\u00f4, \u1edf ch\u00e2u M\u1ef9 Latinh, nh\u1eefng h\u1ea1t n\u00e0y ch\u1ec9 \u0111\u01b0\u1ee3c s\u1eed d\u1ee5ng \u0111\u1ec3 s\u1ea3n xu\u1ea5t c\u00e1c lo\u1ea1i thu\u1ed1c b\u1ed5 t\u1ef1 nhi\u00ean.<\/span><\/p>\n<p dir=\"ltr\">H\u1ea1t b\u00ed ng\u00f4 Martin \u0111\u01b0\u1ee3c s\u1ea3n xu\u1ea5t v\u00e0 \u0111\u00f3ng g\u00f3i theo d\u00e2y chuy\u1ec1n c\u00f4ng ngh\u1ec7 hi\u1ec7n \u0111\u1ea1i. H\u1ea1t nh\u1ecf th\u01a1m, m\u1ea9y v\u00e0 \u0111\u1ea7y, kh\u00f4ng b\u1ecb l\u00e9p. S\u1ea3n ph\u1ea9m kh\u00f4ng d\u00f9ng ch\u1ea5t b\u1ea3o qu\u1ea3n, \u0111\u1ea3m b\u1ea3o an to\u00e0n v\u1ec7 sinh th\u1ef1c ph\u1ea9m.<\/p>\n<p dir=\"ltr\"><img decoding=\"async\" class=\"wp-image-27925 aligncenter\" src=\"https:\/\/havamall.vn\/wp-content\/uploads\/2022\/07\/hat-bi-rang-muoi-nga-300x191.jpg\" alt=\"\" width=\"528\" height=\"336\" srcset=\"https:\/\/havamall.vn\/wp-content\/uploads\/2022\/07\/hat-bi-rang-muoi-nga-300x191.jpg 300w, https:\/\/havamall.vn\/wp-content\/uploads\/2022\/07\/hat-bi-rang-muoi-nga-430x274.jpg 430w, https:\/\/havamall.vn\/wp-content\/uploads\/2022\/07\/hat-bi-rang-muoi-nga-150x96.jpg 150w, https:\/\/havamall.vn\/wp-content\/uploads\/2022\/07\/hat-bi-rang-muoi-nga-700x446.jpg 700w, https:\/\/havamall.vn\/wp-content\/uploads\/2022\/07\/hat-bi-rang-muoi-nga-768x490.jpg 768w, https:\/\/havamall.vn\/wp-content\/uploads\/2022\/07\/hat-bi-rang-muoi-nga-1024x653.jpg 1024w, https:\/\/havamall.vn\/wp-content\/uploads\/2022\/07\/hat-bi-rang-muoi-nga-1200x765.jpg 1200w, https:\/\/havamall.vn\/wp-content\/uploads\/2022\/07\/hat-bi-rang-muoi-nga-600x383.jpg 600w, https:\/\/havamall.vn\/wp-content\/uploads\/2022\/07\/hat-bi-rang-muoi-nga.jpg 1280w\" sizes=\"(max-width: 528px) 100vw, 528px\" \/><\/p>\n<h3><strong>C\u00f4ng d\u1ee5ng c\u1ee7a h\u1ea1t b\u00ed \u0111\u1ecf:<\/strong><\/h3>\n<h5><em><strong><span id=\"21-nang-cao-he-mien-dich\">N\u00e2ng cao h\u1ec7 mi\u1ec5n d\u1ecbch<\/span><\/strong><\/em><\/h5>\n<p>K\u1ebdm \u0111\u01b0\u1ee3c bi\u1ebft \u0111\u1ebfn l\u00e0 m\u1ed9t kho\u00e1ng ch\u1ea5t \u0111\u00f3ng vai tr\u00f2 quan tr\u1ecdng trong vi\u1ec7c t\u0103ng c\u01b0\u1eddng h\u1ec7 th\u1ed1ng mi\u1ec5n d\u1ecbch cho c\u01a1 th\u1ec3, \u0111\u1ed3ng th\u1eddi th\u00fac \u0111\u1ea9y qu\u00e1 tr\u00ecnh h\u1ed3i ph\u1ee5c v\u1ebft th\u01b0\u01a1ng h\u1eadu ch\u1ea5n th\u01b0\u01a1ng ho\u1eb7c nhi\u1ec5m tr\u00f9ng.<\/p>\n<p>Th\u1ebf nh\u01b0ng c\u01a1 th\u1ec3 con ng\u01b0\u1eddi l\u1ea1i kh\u00f4ng th\u1ec3 t\u1ef1 l\u01b0u tr\u1eef v\u00e0 t\u00e1i t\u1ea1o ngu\u1ed3n kho\u00e1ng ch\u1ea5t n\u00e0y m\u00e0 ph\u1ea3i \u0111\u01b0\u1ee3c cung c\u1ea5p th\u00f4ng qua ch\u1ebf \u0111\u1ed9 \u0103n u\u1ed1ng h\u1eb1ng ng\u00e0y. Ch\u00ednh v\u00ec th\u1ebf, b\u1ea1n n\u00ean l\u1ef1a ch\u1ecdn b\u1ed5 sung th\u00eam nh\u1eefng lo\u1ea1i th\u1ef1c ph\u1ea9m ch\u1ee9a h\u00e0m l\u01b0\u1ee3ng k\u1ebdm d\u1ed3i d\u00e0o \u0111\u1ec3 \u0111\u00e1p \u1ee9ng \u0111\u1ee7 cho c\u01a1 th\u1ec3, \u0111i\u1ec3n h\u00ecnh nh\u01b0 h\u1ea1t b\u00ed.<\/p>\n<h5><em><strong><span id=\"22-so-huu-nguon-chat-beo-omega-3-doi-dao\">S\u1edf h\u1eefu ngu\u1ed3n ch\u1ea5t b\u00e9o Omega-3 d\u1ed3i d\u00e0o<\/span><\/strong><\/em><\/h5>\n<p>H\u1ea7u nh\u01b0 c\u00e1c lo\u1ea1i h\u1ea1t th\u00f4 v\u00e0 h\u1ea1t trong \u0111\u00f3 c\u00f3 h\u1ea1t b\u00ed ng\u00f4, \u0111\u1ec1u \u0111\u01b0\u1ee3c xem nh\u01b0 l\u00e0 ngu\u1ed3n ch\u1ee9a h\u00e0m l\u01b0\u1ee3ng cao omega-3 th\u1ef1c v\u1eadt (axit alpha-linolenic hay vi\u1ebft t\u1eaft l\u00e0 ALA). \u0110\u00e2y l\u00e0 ngu\u1ed3n ch\u1ea5t b\u00e9o c\u1ef1c t\u1ed1t cho c\u01a1 th\u1ec3 m\u00e0 ch\u00fang ta c\u00f3 th\u1ec3 b\u1ed5 sung m\u1ed9t c\u00e1ch \u0111\u01a1n gi\u1ea3n b\u1eb1ng c\u00e1ch ti\u00eau th\u1ee5 th\u01b0\u1eddng xuy\u00ean m\u1ed9t l\u01b0\u1ee3ng h\u1ea1t b\u00ed ng\u00f4 v\u1eeba \u0111\u1ee7.<\/p>\n<p><img decoding=\"async\" class=\"wp-image-27926 aligncenter\" src=\"https:\/\/havamall.vn\/wp-content\/uploads\/2022\/07\/hat-bi-ngo-300x200.png\" alt=\"\" width=\"524\" height=\"349\" srcset=\"https:\/\/havamall.vn\/wp-content\/uploads\/2022\/07\/hat-bi-ngo-300x200.png 300w, https:\/\/havamall.vn\/wp-content\/uploads\/2022\/07\/hat-bi-ngo-430x287.png 430w, https:\/\/havamall.vn\/wp-content\/uploads\/2022\/07\/hat-bi-ngo-150x100.png 150w, https:\/\/havamall.vn\/wp-content\/uploads\/2022\/07\/hat-bi-ngo-700x467.png 700w, https:\/\/havamall.vn\/wp-content\/uploads\/2022\/07\/hat-bi-ngo-768x512.png 768w, https:\/\/havamall.vn\/wp-content\/uploads\/2022\/07\/hat-bi-ngo-1024x683.png 1024w, https:\/\/havamall.vn\/wp-content\/uploads\/2022\/07\/hat-bi-ngo-600x400.png 600w, https:\/\/havamall.vn\/wp-content\/uploads\/2022\/07\/hat-bi-ngo.png 1080w\" sizes=\"(max-width: 524px) 100vw, 524px\" \/><\/p>\n<h5><em><strong><span id=\"23-chong-oxy-hoa\">C<\/span>h\u1ed1ng oxy h\u00f3a<\/strong><\/em><\/h5>\n<p>Kh\u00f4ng th\u1ec3 b\u1ecf qua h\u00e0m l\u01b0\u1ee3ng l\u1edbn c\u00e1c ch\u1ea5t ch\u1ed1ng oxy h\u00f3a tuy\u1ec7t v\u1eddi c\u00f3 trong h\u1ea1t b\u00ed bao g\u1ed3m vitamin E v\u00e0 carotenoid. Do \u0111\u00f3 h\u1ea1t b\u00ed ng\u00f4 th\u01b0\u1eddng n\u1eb1m trong nh\u1eefng danh s\u00e1ch nh\u1eefng th\u1ef1c ph\u1ea9m \u0111\u01b0\u1ee3c khuy\u00ean d\u00f9ng b\u1edfi c\u00e1c chuy\u00ean gia dinh d\u01b0\u1ee1ng nh\u1eb1m h\u1ed7 tr\u1ee3 c\u01a1 th\u1ec3 ph\u00f2ng ch\u1ed1ng nhi\u1ec1u b\u1ec7nh t\u1eadt, gi\u1ea3m vi\u00eam kh\u1edbp hi\u1ec7u qu\u1ea3 m\u00e0 kh\u00f4ng c\u00f3 b\u1ea5t k\u1ef3 t\u00e1c d\u1ee5ng ph\u1ee5 n\u00e0o.<\/p>\n<h5><em><strong><span id=\"24-tot-cho-suc-khoe-tim-mach\">T\u1ed1t cho s\u1ee9c kh\u1ecfe tim m\u1ea1ch<\/span><\/strong><\/em><\/h5>\n<p>Nhi\u1ec1u nghi\u00ean c\u1ee9u \u0111\u00e3 ch\u1ec9 ra r\u1eb1ng h\u1ea1t b\u00ed ng\u00f4 c\u00f2n c\u00f3 t\u00e1c d\u1ee5ng cho vi\u1ec7c c\u1ea3i thi\u1ec7n s\u1ee9c kh\u1ecfe tim m\u1ea1ch, gi\u00fap l\u00e0m gi\u1ea3m b\u1edbt n\u1ed3ng \u0111\u1ed9 cholesterol g\u00e2y h\u1ea1i, c\u0169ng nh\u01b0 ph\u00f2ng ng\u1eeba c\u00e1c tri\u1ec7u ch\u1ee9ng c\u1ee7a huy\u1ebft \u00e1p cao v\u00f4 c\u00f9ng h\u1eefu hi\u1ec7u. \u0110\u00f3 l\u00e0 nh\u1edd v\u00e0o nh\u1eefng d\u01b0\u1ee1ng ch\u1ea5t c\u00f3 l\u1ee3i ch\u1ee9a trong h\u1ea1t b\u00ed ch\u1eb3ng h\u1ea1n nh\u01b0: c\u00e1c ch\u1ea5t ch\u1ed1ng oxy h\u00f3a, axit b\u00e9o, k\u1ebdm v\u00e0 magie.<\/p>\n<h5><em><strong><span id=\"25-lam-giam-duong-huyet\">L\u00e0m gi\u1ea3m \u0111\u01b0\u1eddng huy\u1ebft<\/span><\/strong><\/em><\/h5>\n<p>C\u00e1c chuy\u00ean gia dinh d\u01b0\u1ee1ng th\u01b0\u1eddng khuy\u00ean nh\u1eefng b\u1ec7nh nh\u00e2n m\u1eafc b\u1ec7nh ti\u1ec3u \u0111\u01b0\u1eddng b\u1ed5 sung nh\u1eefng lo\u1ea1i th\u1ef1c ph\u1ea9m l\u00e0m t\u1eeb b\u00ed ng\u00f4 trong th\u1ef1c \u0111\u01a1n h\u1eb1ng ng\u00e0y. V\u00ed d\u1ee5 nh\u01b0 h\u1ea1t b\u00ed, n\u01b0\u1edbc \u00e9p b\u00ed \u0111\u1ecf, n\u01b0\u1edbc lu\u1ed9c b\u00ed \u0111\u1ecf ho\u1eb7c b\u1ed9t h\u1ea1t b\u00ed, v\u1edbi c\u00f4ng d\u1ee5ng ki\u1ec3m so\u00e1t h\u00e0m l\u01b0\u1ee3ng \u0111\u01b0\u1eddng trong m\u00e1u cho c\u01a1 th\u1ec3 m\u1ed9t c\u00e1ch t\u1ef1 nhi\u00ean.<\/p>","protected":false},"excerpt":{"rendered":"<p>\u0110\u1ed1i v\u1edbi ng\u01b0\u1eddi d\u00e2n Vi\u1ec7t Nam, h\u1ea1t b\u00ed \u0111\u01b0\u1ee3c bi\u1ebft \u0111\u1ebfn nh\u01b0 m\u1ed9t m\u00f3n \u0103n v\u1eb7t v\u00f4 c\u00f9ng quen thu\u1ed9c<\/p>","protected":false},"featured_media":27927,"comment_status":"open","ping_status":"closed","template":"","meta":[],"product_brand":[],"product_cat":[36,134],"product_tag":[],"class_list":{"0":"post-27921","1":"product","2":"type-product","3":"status-publish","4":"has-post-thumbnail","6":"product_cat-thuc-pham-tieu-dung","7":"product_cat-thucpham-saykho","9":"first","10":"outofstock","11":"sale","12":"shipping-taxable","13":"purchasable","14":"product-type-simple"},"_links":{"self":[{"href":"https:\/\/havamall.vn\/en\/wp-json\/wp\/v2\/product\/27921"}],"collection":[{"href":"https:\/\/havamall.vn\/en\/wp-json\/wp\/v2\/product"}],"about":[{"href":"https:\/\/havamall.vn\/en\/wp-json\/wp\/v2\/types\/product"}],"replies":[{"embeddable":true,"href":"https:\/\/havamall.vn\/en\/wp-json\/wp\/v2\/comments?post=27921"}],"version-history":[{"count":0,"href":"https:\/\/havamall.vn\/en\/wp-json\/wp\/v2\/product\/27921\/revisions"}],"wp:featuredmedia":[{"embeddable":true,"href":"https:\/\/havamall.vn\/en\/wp-json\/wp\/v2\/media\/27927"}],"wp:attachment":[{"href":"https:\/\/havamall.vn\/en\/wp-json\/wp\/v2\/media?parent=27921"}],"wp:term":[{"taxonomy":"product_brand","embeddable":true,"href":"https:\/\/havamall.vn\/en\/wp-json\/wp\/v2\/product_brand?post=27921"},{"taxonomy":"product_cat","embeddable":true,"href":"https:\/\/havamall.vn\/en\/wp-json\/wp\/v2\/product_cat?post=27921"},{"taxonomy":"product_tag","embeddable":true,"href":"https:\/\/havamall.vn\/en\/wp-json\/wp\/v2\/product_tag?post=27921"}],"curies":[{"name":"wp","href":"https:\/\/api.w.org\/{rel}","templated":true}]}}