{"id":27913,"date":"2022-07-12T17:06:09","date_gmt":"2022-07-12T10:06:09","guid":{"rendered":"https:\/\/havamall.vn\/?post_type=product&#038;p=27913"},"modified":"2023-02-03T10:04:27","modified_gmt":"2023-02-03T03:04:27","slug":"keo-chocolate-caramen-dau-phong-snickers-miniatures-goi-150g","status":"publish","type":"product","link":"https:\/\/havamall.vn\/en\/shop\/keo-chocolate-caramen-dau-phong-snickers-miniatures-goi-150g\/","title":{"rendered":"K\u1eb9o Chocolate Caramen \u0110\u1eadu Ph\u1ed9ng Snickers Miniatures G\u00f3i 150g"},"content":{"rendered":"<div>\n<p>K\u1eb9o Chocolate Caramen \u0110\u1eadu Ph\u1ed9ng Snickers Miniatures G\u00f3i 150g l\u00e0 nh\u1eefng thanh socola s\u1eefa k\u1ebft h\u1ee3p c\u00f9ng l\u1edbp caramen tan ch\u1ea3y c\u00f9ng nh\u1eefng h\u1ea1t \u0111\u1eadu ph\u1ed9ng gi\u00f2n tan. B\u1ea1n s\u1ebd c\u1ea3m nh\u1eadn s\u1ef1 th\u00fa v\u1ecb v\u00e0 ngon mi\u1ec7ng khi th\u01b0\u1edfng th\u1ee9c th\u1ecfi socola\u00a0Snickers Milk Chocolate Peanuts Caramen.<\/p>\n<p>B\u1ecbch\u00a0Snickers Funsize s\u1ebd l\u00e0 m\u00f3n qu\u00e0 tuy\u1ec7t v\u1eddi cho nh\u1eefng t\u00edn \u0111\u1ed3 h\u1ea3o ng\u1ecdt v\u00e0 m\u00ea socola. M\u1ed7i th\u1ecfi socola\u00a0Snickers s\u1ebd \u0111\u01b0\u1ee3c \u0111\u00f3ng g\u00f3i ri\u00eang n\u00ean b\u1ea1n c\u00f3 th\u1ec3 mang ch\u00fang \u0111i b\u1ea5t c\u1ee9 \u0111\u00e2u v\u00e0 d\u00f9ng b\u1ea5t c\u1ee9 khi n\u00e0o b\u1ea1n th\u00edch.<\/p>\n<p><img fetchpriority=\"high\" decoding=\"async\" class=\"wp-image-27914 aligncenter\" src=\"https:\/\/havamall.vn\/wp-content\/uploads\/2022\/07\/61g1rRRpziL._SL1000_-300x300.jpg\" alt=\"\" width=\"545\" height=\"545\" srcset=\"https:\/\/havamall.vn\/wp-content\/uploads\/2022\/07\/61g1rRRpziL._SL1000_-300x300.jpg 300w, https:\/\/havamall.vn\/wp-content\/uploads\/2022\/07\/61g1rRRpziL._SL1000_-430x430.jpg 430w, https:\/\/havamall.vn\/wp-content\/uploads\/2022\/07\/61g1rRRpziL._SL1000_-150x150.jpg 150w, https:\/\/havamall.vn\/wp-content\/uploads\/2022\/07\/61g1rRRpziL._SL1000_-700x700.jpg 700w, https:\/\/havamall.vn\/wp-content\/uploads\/2022\/07\/61g1rRRpziL._SL1000_-768x768.jpg 768w, https:\/\/havamall.vn\/wp-content\/uploads\/2022\/07\/61g1rRRpziL._SL1000_-600x600.jpg 600w, https:\/\/havamall.vn\/wp-content\/uploads\/2022\/07\/61g1rRRpziL._SL1000_-100x100.jpg 100w, https:\/\/havamall.vn\/wp-content\/uploads\/2022\/07\/61g1rRRpziL._SL1000_.jpg 1000w\" sizes=\"(max-width: 545px) 100vw, 545px\" \/><\/p>\n<p>K\u1eb9o s\u00f4 c\u00f4 la Snickers \u0111\u01b0\u1ee3c s\u1ea3n xu\u1ea5t t\u1eeb ngu\u1ed3n nguy\u00ean li\u1ec7u \u0111\u00e3 qua ch\u1ecdn l\u1ecdc k\u1ef9 l\u01b0\u1ee1ng c\u00f9ng c\u00f4ng th\u1ee9c ch\u1ebf bi\u1ebfn \u0111\u1eb7c bi\u1ec7t, \u0111\u1ea3m b\u1ea3o mang t\u1edbi tay ng\u01b0\u1eddi ti\u00eau d\u00f9ng s\u1ef1 h\u00e0i l\u00f2ng v\u00e0 ch\u1ea5t l\u01b0\u1ee3ng.<\/p>\n<\/div>\n<div>K\u1eb9o Socola Snickers l\u00e0 m\u00f3n \u0103n \u0111\u01b0\u1ee3c r\u1ea5t nhi\u1ec1u ng\u01b0\u1eddi tr\u00ean kh\u1eafp th\u1ebf gi\u1edbi y\u00eau th\u00edch. S\u1ea3n ph\u1ea9m v\u1edbi c\u00f4ng th\u1ee9c ch\u1ebf bi\u1ebfn \u0111\u01b0\u1ee3c nghi\u00ean c\u1ee9u l\u00e2u n\u0103m \u0111em t\u1edbi ng\u01b0\u1eddi ti\u00eau d\u00f9ng tr\u1ea3i nghi\u1ec7m tuy\u1ec7t v\u1eddi v\u1ec1 v\u1ecb gi\u00e1c, chinh ph\u1ee5c \u0111\u01b0\u1ee3c m\u1ecdi l\u1ee9a tu\u1ed5i.<\/div>\n<div><img decoding=\"async\" class=\"wp-image-27915 aligncenter\" src=\"https:\/\/havamall.vn\/wp-content\/uploads\/2022\/07\/104c4953f5fcaea0b2670bb11b57de49-300x300.jpg\" alt=\"\" width=\"543\" height=\"543\" srcset=\"https:\/\/havamall.vn\/wp-content\/uploads\/2022\/07\/104c4953f5fcaea0b2670bb11b57de49-300x300.jpg 300w, https:\/\/havamall.vn\/wp-content\/uploads\/2022\/07\/104c4953f5fcaea0b2670bb11b57de49-430x430.jpg 430w, https:\/\/havamall.vn\/wp-content\/uploads\/2022\/07\/104c4953f5fcaea0b2670bb11b57de49-150x150.jpg 150w, https:\/\/havamall.vn\/wp-content\/uploads\/2022\/07\/104c4953f5fcaea0b2670bb11b57de49-700x700.jpg 700w, https:\/\/havamall.vn\/wp-content\/uploads\/2022\/07\/104c4953f5fcaea0b2670bb11b57de49-768x768.jpg 768w, https:\/\/havamall.vn\/wp-content\/uploads\/2022\/07\/104c4953f5fcaea0b2670bb11b57de49-1024x1024.jpg 1024w, https:\/\/havamall.vn\/wp-content\/uploads\/2022\/07\/104c4953f5fcaea0b2670bb11b57de49.jpg 1200w, https:\/\/havamall.vn\/wp-content\/uploads\/2022\/07\/104c4953f5fcaea0b2670bb11b57de49-600x600.jpg 600w, https:\/\/havamall.vn\/wp-content\/uploads\/2022\/07\/104c4953f5fcaea0b2670bb11b57de49-100x100.jpg 100w\" sizes=\"(max-width: 543px) 100vw, 543px\" \/><\/div>\n<div>L\u1edbp Socola m\u1ec1m m\u1ecbn b\u00ean ngo\u00e0i bao ph\u1ee7 \u0111\u1eadu ph\u1ed9ng gi\u00f2n tan b\u00e9o ng\u1eady b\u00ean trong cho b\u1ea1n h\u01b0\u01a1ng v\u1ecb ng\u1ecdt ng\u00e0o kh\u00f3 qu\u00ean. Kh\u00f4ng ch\u1ec9 ng\u1ecdt ng\u00e0o h\u1ea5p d\u1eabn, s\u1ea3n ph\u1ea9m c\u00f2n \u0111\u01b0\u1ee3c \u0111\u00f3ng g\u00f3i nh\u1ecf g\u1ecdn, ti\u1ec7n l\u1ee3i cho vi\u1ec7c s\u1eed d\u1ee5ng v\u00e0 b\u1ea3o qu\u1ea3n.<\/div>\n<div>\n<p>Ngo\u00e0i d\u00f9ng trong gia \u0111\u00ecnh, k\u1eb9o s\u00f4 c\u00f4 la Snickers c\u00f2n d\u1ec5 d\u00e0ng b\u1ecf t\u00fai mang theo khi \u0111i h\u1ecdc, \u0111i l\u00e0m, du l\u1ecbch d\u00e3 ngo\u1ea1i \u0111\u1ec3 b\u1ed5 sung n\u0103ng l\u01b0\u1ee3ng cho c\u01a1 th\u1ec3.<\/p>\n<p><img decoding=\"async\" class=\"wp-image-27916 aligncenter\" src=\"https:\/\/havamall.vn\/wp-content\/uploads\/2022\/07\/157344180_10159177896884462_3500373824455028387_n-300x293.jpg\" alt=\"\" width=\"551\" height=\"538\" srcset=\"https:\/\/havamall.vn\/wp-content\/uploads\/2022\/07\/157344180_10159177896884462_3500373824455028387_n-300x293.jpg 300w, https:\/\/havamall.vn\/wp-content\/uploads\/2022\/07\/157344180_10159177896884462_3500373824455028387_n-430x420.jpg 430w, https:\/\/havamall.vn\/wp-content\/uploads\/2022\/07\/157344180_10159177896884462_3500373824455028387_n-150x146.jpg 150w, https:\/\/havamall.vn\/wp-content\/uploads\/2022\/07\/157344180_10159177896884462_3500373824455028387_n-700x683.jpg 700w, https:\/\/havamall.vn\/wp-content\/uploads\/2022\/07\/157344180_10159177896884462_3500373824455028387_n-768x750.jpg 768w, https:\/\/havamall.vn\/wp-content\/uploads\/2022\/07\/157344180_10159177896884462_3500373824455028387_n-1024x999.jpg 1024w, https:\/\/havamall.vn\/wp-content\/uploads\/2022\/07\/157344180_10159177896884462_3500373824455028387_n-600x586.jpg 600w, https:\/\/havamall.vn\/wp-content\/uploads\/2022\/07\/157344180_10159177896884462_3500373824455028387_n.jpg 1080w\" sizes=\"(max-width: 551px) 100vw, 551px\" \/><\/p>\n<h3><strong>\u0110\u1eb7c \u0111i\u1ec3m n\u1ed5i b\u1eadt c\u1ee7a s\u1ea3n ph\u1ea9m:<\/strong><\/h3>\n<p>&gt; L\u00e0 si\u00eau ph\u1ea9m d\u1eabn \u0111\u1ea7u danh s\u00e1ch b\u00e1n ch\u1ea1y nh\u1ea5t bao m\u00f9a c\u1ee7a Mars, d\u00f9 bao nhi\u00eau lo\u1ea1i socola m\u1edbi xu\u1ea5t hi\u1ec7n, v\u1ecb tr\u00ed c\u1ee7a &#8220;anh c\u1ea3&#8221; Snickers v\u1eabn ch\u01b0a bao gi\u1edd lung lay.<\/p>\n<p>&gt; M\u1ec1m m\u1ea1i b\u00e9o th\u01a1m, v\u1edbi l\u1edbp nh\u00e2n \u0111\u1eb7c quy\u1ec7n v\u00e0o nhau t\u1eeb \u0111\u1eadu ph\u1ed9ng gi\u00f2n gi\u00f2n, k\u1eb9o b\u01a1 toffee ng\u1ecdt thanh v\u00e0 socola s\u1eefa \u0111\u1eb7c tr\u01b0ng.<\/p>\n<p>&gt; Ch\u1ee9a c\u00e1c ch\u1ea5t ch\u1ed1ng oxy h\u00f3a, theobromine, nhi\u1ec1u lo\u1ea1i vitamin v\u00e0 kho\u00e1ng ch\u1ea5t h\u1eefu \u00edch kh\u00e1c trong s\u00f4 c\u00f4 la gi\u00fap ng\u01b0\u1eddi \u0103n gi\u1ea3m b\u1edbt s\u1ef1 lo \u00e2u, \u1ed5n \u0111\u1ecbnh huy\u1ebft \u00e1p, b\u1edbt tr\u1ea7m c\u1ea3m, ki\u1ec3m so\u00e1t l\u01b0\u1ee3ng \u0111\u01b0\u1eddng trong m\u00e1u.<\/p>\n<p>&gt; S\u1ea3n ph\u1ea9m c\u00f2n \u0111\u01b0\u1ee3c \u0111\u00f3ng g\u00f3i nh\u1ecf g\u1ecdn, ti\u1ec7n l\u1ee3i cho vi\u1ec7c s\u1eed d\u1ee5ng v\u00e0 b\u1ea3o qu\u1ea3n.<\/p>\n<p>S\u1ea3n ph\u1ea9m hi\u1ec7n \u0111\u00e3 c\u00f3 m\u1eb7t t\u1ea1i Havamall.<\/p>\n<p><img loading=\"lazy\" decoding=\"async\" class=\"wp-image-27917 aligncenter\" src=\"https:\/\/havamall.vn\/wp-content\/uploads\/2022\/07\/145811309_10159100062249462_2300972862965146713_n-240x300.jpg\" alt=\"\" width=\"548\" height=\"685\" srcset=\"https:\/\/havamall.vn\/wp-content\/uploads\/2022\/07\/145811309_10159100062249462_2300972862965146713_n-240x300.jpg 240w, https:\/\/havamall.vn\/wp-content\/uploads\/2022\/07\/145811309_10159100062249462_2300972862965146713_n-430x538.jpg 430w, https:\/\/havamall.vn\/wp-content\/uploads\/2022\/07\/145811309_10159100062249462_2300972862965146713_n-150x188.jpg 150w, https:\/\/havamall.vn\/wp-content\/uploads\/2022\/07\/145811309_10159100062249462_2300972862965146713_n-700x875.jpg 700w, https:\/\/havamall.vn\/wp-content\/uploads\/2022\/07\/145811309_10159100062249462_2300972862965146713_n-768x960.jpg 768w, https:\/\/havamall.vn\/wp-content\/uploads\/2022\/07\/145811309_10159100062249462_2300972862965146713_n-819x1024.jpg 819w, https:\/\/havamall.vn\/wp-content\/uploads\/2022\/07\/145811309_10159100062249462_2300972862965146713_n-600x750.jpg 600w, https:\/\/havamall.vn\/wp-content\/uploads\/2022\/07\/145811309_10159100062249462_2300972862965146713_n.jpg 1080w\" sizes=\"(max-width: 548px) 100vw, 548px\" \/><\/p>\n<\/div>","protected":false},"excerpt":{"rendered":"<p>K\u1eb9o Chocolate Caramen \u0110\u1eadu Ph\u1ed9ng Snickers Miniatures G\u00f3i 150g l\u00e0 nh\u1eefng thanh socola s\u1eefa k\u1ebft h\u1ee3p c\u00f9ng l\u1edbp caramen tan<\/p>","protected":false},"featured_media":27919,"comment_status":"open","ping_status":"closed","template":"","meta":[],"product_brand":[],"product_cat":[36,133],"product_tag":[],"class_list":{"0":"post-27913","1":"product","2":"type-product","3":"status-publish","4":"has-post-thumbnail","6":"product_cat-thuc-pham-tieu-dung","7":"product_cat-banh-keo-chocolate","9":"first","10":"instock","11":"sale","12":"shipping-taxable","13":"purchasable","14":"product-type-simple"},"_links":{"self":[{"href":"https:\/\/havamall.vn\/en\/wp-json\/wp\/v2\/product\/27913"}],"collection":[{"href":"https:\/\/havamall.vn\/en\/wp-json\/wp\/v2\/product"}],"about":[{"href":"https:\/\/havamall.vn\/en\/wp-json\/wp\/v2\/types\/product"}],"replies":[{"embeddable":true,"href":"https:\/\/havamall.vn\/en\/wp-json\/wp\/v2\/comments?post=27913"}],"version-history":[{"count":0,"href":"https:\/\/havamall.vn\/en\/wp-json\/wp\/v2\/product\/27913\/revisions"}],"wp:featuredmedia":[{"embeddable":true,"href":"https:\/\/havamall.vn\/en\/wp-json\/wp\/v2\/media\/27919"}],"wp:attachment":[{"href":"https:\/\/havamall.vn\/en\/wp-json\/wp\/v2\/media?parent=27913"}],"wp:term":[{"taxonomy":"product_brand","embeddable":true,"href":"https:\/\/havamall.vn\/en\/wp-json\/wp\/v2\/product_brand?post=27913"},{"taxonomy":"product_cat","embeddable":true,"href":"https:\/\/havamall.vn\/en\/wp-json\/wp\/v2\/product_cat?post=27913"},{"taxonomy":"product_tag","embeddable":true,"href":"https:\/\/havamall.vn\/en\/wp-json\/wp\/v2\/product_tag?post=27913"}],"curies":[{"name":"wp","href":"https:\/\/api.w.org\/{rel}","templated":true}]}}