{"id":27906,"date":"2022-07-12T16:45:10","date_gmt":"2022-07-12T09:45:10","guid":{"rendered":"https:\/\/havamall.vn\/?post_type=product&#038;p=27906"},"modified":"2025-11-24T09:53:03","modified_gmt":"2025-11-24T02:53:03","slug":"keo-socola-nhan-dua-soi-bounty-miniatures-150g","status":"publish","type":"product","link":"https:\/\/havamall.vn\/en\/shop\/keo-socola-nhan-dua-soi-bounty-miniatures-150g\/","title":{"rendered":"K\u1eb9o Socola Nh\u00e2n D\u1eeba Jamajka 270g"},"content":{"rendered":"<p>S\u1ea3n ph\u1ea9m l\u00e0 s\u1ef1 k\u1ebft h\u1ee3p gi\u1eefa socola s\u1eefa ch\u1ee9a \u0111\u1ea7y c\u00f9i d\u1eeba tr\u1eafng, ngon ng\u1ecdt., m\u1ed9t trong nh\u1eefng s\u1ea3n ph\u1ea9m bestseller \u0111\u1ee9ng \u0111\u1ea7u c\u1ee7a t\u1eadp \u0111o\u00e0n Mars n\u1ed5i ti\u1ebfng kh\u1eafp ch\u00e2u \u00c2u.<\/p>\n<p style=\"font-weight: 400\">H\u01b0\u01a1ng v\u1ecb th\u01a1m ngon c\u1ef1c \u0111\u1ec9nh v\u1edbi l\u1edbp socola s\u1eefa m\u1ec1m m\u1ecbn, tan ch\u1ea3y bao b\u1ecdc m\u1ed9t c\u00e1ch c\u1ea9n th\u1eadn l\u1edbp nh\u00e2n d\u1eeba m\u1ec1m m\u1ecbn, ng\u1ecdt thanh b\u00ean trong \u0111\u00e3 chinh ph\u1ee5c kh\u00f4ng bi\u1ebft bao ng\u01b0\u1eddi y\u00eau socola.<\/p>\n<p><img fetchpriority=\"high\" decoding=\"async\" class=\"wp-image-28758 aligncenter\" src=\"https:\/\/havamall.com\/wp-content\/uploads\/2025\/11\/273829806_148338580949049_-300x300.jpg\" alt=\"\" width=\"602\" height=\"602\" \/><\/p>\n<p>B\u00ean trong mang \u0111\u1ea7y \u0111\u1ee7 h\u01b0\u01a1ng v\u1ecb tuy\u1ec7t h\u1ea3o cho b\u1ea1n. N\u1ebfu b\u1ea1n l\u00e0 m\u1ed9t t\u00edn \u0111\u1ed3 c\u1ee7a chocolate, nh\u1ea5t \u0111\u1ecbnh b\u1ea1n kh\u00f4ng n\u00ean b\u1ecf qua s\u1ea3n ph\u1ea9m n\u00e0y. Ch\u1ec9 v\u1edbi 1 c\u1ee5c k\u1eb9o nh\u1ecf s\u1ebd gi\u00fap b\u1ea1n th\u01b0 gi\u00e3n gi\u1eefa nh\u1eefng l\u00fac l\u00e0m vi\u1ec7c h\u1ecdc t\u1eadp c\u0103ng th\u1eb3ng hay nh\u1eefng l\u00fac b\u1ea1n \u0111ang t\u00ecm m\u1ed9t th\u1ee9 g\u00ec \u0111\u00f3 \u0111\u1ec3 nh\u1ea5m nh\u00e1p. S\u1ea3n ph\u1ea9m n\u00e0y s\u1ebd l\u00e0 m\u1ed9t tr\u1ea3i nghi\u1ec7m tuy\u1ec7t v\u1eddi d\u00e0nh cho b\u1ea1n.<\/p>\n<p><img decoding=\"async\" class=\"wp-image-28760 aligncenter\" src=\"https:\/\/havamall.com\/wp-content\/uploads\/2025\/11\/Slodka-Wielkanoc-z-Vobro-pyszne-nowosci-5-224x300.jpg\" alt=\"\" width=\"593\" height=\"794\" \/><\/p>\n<p style=\"font-weight: 400\">S\u1eed d\u1ee5ng\u00a0Chocolate D\u1eeba Bounty\u00a0nh\u01b0 m\u1ed9t m\u00f3n qu\u00e0 cho nh\u00e2n vi\u00ean, b\u1ea1n b\u00e8 ho\u1eb7c gia \u0111\u00ecnh. Ho\u00e0n to\u00e0n \u0111\u01b0\u1ee3c tuy\u1ec3n ch\u1ecdn b\u1eb1ng t\u00ecnh y\u00eau th\u01b0\u01a1ng, g\u00f3i qu\u00e0 t\u1eb7ng s\u00f4 c\u00f4 la th\u01a1m ngon \u0111\u1eadm \u0111\u00e0 Chocolate D\u1eeba Bounty\u00a0l\u00e0 l\u1ef1a ch\u1ecdn ho\u00e0n h\u1ea3o cho m\u1ecdi d\u1ecbp, l\u00e0 m\u1ed9t m\u00f3n qu\u00e0 ho\u00e0n h\u1ea3o cho nh\u1eefng ng\u01b0\u1eddi th\u00e2n y\u00eau c\u1ee7a b\u1ea1n.<\/p>\n<p style=\"font-weight: 400\">V\u1ecb s\u1eefa nguy\u00ean ch\u1ea5t pha ch\u00fat v\u1ecb d\u1eeba t\u01b0\u01a1i l\u1ea1 mi\u1ec7ng l\u00f4i cu\u1ed1n c\u00e1c gi\u00e1c quan c\u1ee7a b\u1ea1n v\u00e0o m\u1ed9t gi\u1ea5c m\u01a1 th\u00fa v\u1ecb. M\u00f3n tr\u00e1ng mi\u1ec7ng Bounty Ministures k\u1ebft h\u1ee3p s\u00f4 c\u00f4 la s\u1eefa v\u1edbi c\u00f9i d\u1eeba tr\u1eafng, ngon ng\u1ecdt trong c\u00e1c thanh nh\u1ecf, k\u00edch th\u01b0\u1edbc b\u1ecf t\u00fai.<\/p>\n<p><img decoding=\"async\" class=\"wp-image-28761 aligncenter\" src=\"https:\/\/havamall.com\/wp-content\/uploads\/2025\/11\/P1080203-300x201.jpg\" alt=\"\" width=\"592\" height=\"397\" \/><\/p>\n<p>S\u1ef1 ho\u00e0 quy\u1ec7n tuy\u1ec7t h\u1ea3o gi\u1eefa s\u00f4 c\u00f4 la s\u1eefa th\u01a1m n\u1ee9c c\u00f9ng l\u1edbp d\u1eeba xay nhuy\u1ec5n b\u00e9o ng\u1eady c\u1ef1c k\u00ec ngon.\u00a0 &#8211; V\u1ecb \u00edt ng\u1ecdt l\u1eafm nhen c\u00f9ng t\u1eebng vi\u00ean g\u00f3i trong 1 t\u00fai gi\u1ea5y gi\u00fap b\u1ea3o qu\u1ea3n s\u1ea3n ph\u1ea9m t\u1ed1t h\u01a1n.<\/p>\n<p style=\"font-weight: 400\">S\u1ea3n ph\u1ea9m c\u00f3 th\u00e0nh ph\u1ea7n bao g\u1ed3m \u0111\u01b0\u1eddng, c\u01a1m d\u1eeba n\u1ea1o s\u1ea5y (21%), xi-r\u00f4 glucose, b\u01a1 ca cao, s\u1eefa b\u1ed9t t\u00e1ch kem, kh\u1ed1i ca cao,(lecithin \u0111\u1eadu n\u00e0nh, E471), ch\u1ea5t b\u00e9o b\u01a1, b\u1ed9t whey, s\u1eefa, \u0111\u01b0\u1eddng, ch\u1ea5t gi\u1eef \u1ea9m (glycerol), mu\u1ed1i, vani t\u1ef1 nhi\u00ean tr\u00edch xu\u1ea5t.<\/p>\n<p>S\u1ea3n ph\u1ea9m hi\u1ec7n \u0111\u00e3 c\u00f3 m\u1eb7t t\u1ea1i Havamall.<\/p>\n<p><img loading=\"lazy\" decoding=\"async\" class=\"wp-image-28762 aligncenter\" src=\"https:\/\/havamall.com\/wp-content\/uploads\/2025\/11\/P1080195-300x269.jpg\" alt=\"\" width=\"608\" height=\"545\" \/><\/p>","protected":false},"excerpt":{"rendered":"<p>S\u1ea3n ph\u1ea9m l\u00e0 s\u1ef1 k\u1ebft h\u1ee3p gi\u1eefa socola s\u1eefa ch\u1ee9a \u0111\u1ea7y c\u00f9i d\u1eeba tr\u1eafng, ngon ng\u1ecdt., m\u1ed9t trong nh\u1eefng s\u1ea3n<\/p>","protected":false},"featured_media":43512,"comment_status":"open","ping_status":"closed","template":"","meta":[],"product_brand":[],"product_cat":[36,133],"product_tag":[],"class_list":{"0":"post-27906","1":"product","2":"type-product","3":"status-publish","4":"has-post-thumbnail","6":"product_cat-thuc-pham-tieu-dung","7":"product_cat-banh-keo-chocolate","9":"first","10":"instock","11":"sale","12":"shipping-taxable","13":"purchasable","14":"product-type-simple"},"_links":{"self":[{"href":"https:\/\/havamall.vn\/en\/wp-json\/wp\/v2\/product\/27906"}],"collection":[{"href":"https:\/\/havamall.vn\/en\/wp-json\/wp\/v2\/product"}],"about":[{"href":"https:\/\/havamall.vn\/en\/wp-json\/wp\/v2\/types\/product"}],"replies":[{"embeddable":true,"href":"https:\/\/havamall.vn\/en\/wp-json\/wp\/v2\/comments?post=27906"}],"version-history":[{"count":0,"href":"https:\/\/havamall.vn\/en\/wp-json\/wp\/v2\/product\/27906\/revisions"}],"wp:featuredmedia":[{"embeddable":true,"href":"https:\/\/havamall.vn\/en\/wp-json\/wp\/v2\/media\/43512"}],"wp:attachment":[{"href":"https:\/\/havamall.vn\/en\/wp-json\/wp\/v2\/media?parent=27906"}],"wp:term":[{"taxonomy":"product_brand","embeddable":true,"href":"https:\/\/havamall.vn\/en\/wp-json\/wp\/v2\/product_brand?post=27906"},{"taxonomy":"product_cat","embeddable":true,"href":"https:\/\/havamall.vn\/en\/wp-json\/wp\/v2\/product_cat?post=27906"},{"taxonomy":"product_tag","embeddable":true,"href":"https:\/\/havamall.vn\/en\/wp-json\/wp\/v2\/product_tag?post=27906"}],"curies":[{"name":"wp","href":"https:\/\/api.w.org\/{rel}","templated":true}]}}