{"id":27870,"date":"2022-07-12T10:52:45","date_gmt":"2022-07-12T03:52:45","guid":{"rendered":"https:\/\/havamall.vn\/?post_type=product&#038;p=27870"},"modified":"2022-08-30T17:21:57","modified_gmt":"2022-08-30T10:21:57","slug":"banh-trung-thu-ngan-lop-trung-chay-nhan-khoai-mon-lava-moxiaoyan-hop-300g","status":"publish","type":"product","link":"https:\/\/havamall.vn\/en\/shop\/banh-trung-thu-ngan-lop-trung-chay-nhan-khoai-mon-lava-moxiaoyan-hop-300g\/","title":{"rendered":"B\u00e1nh Tr\u1ee9ng Ch\u1ea3y Ng\u00e0n L\u1edbp Nh\u00e2n Khoai M\u00f4n Lava Moxiaoyan H\u1ed9p 300g"},"content":{"rendered":"<p>B\u00e1nh trung thu\u00a0ng\u00e0y tr\u01b0\u1edbc ch\u1ec9 c\u00f3 lo\u1ea1i b\u00e1nh trung thu n\u01b0\u1edbng truy\u1ec1n th\u1ed1ng th\u1ebf nh\u01b0ng \u0111\u1ebfn nay b\u00e1nh trung thu c\u00f3 r\u1ea5t nhi\u1ec1u lo\u1ea1i v\u1edbi nhi\u1ec1u nh\u00e2n kh\u00e1c nhau. Trong kh\u00f4ng kh\u00ed r\u1ed9n r\u00e0ng v\u00e0o nh\u1eefng d\u1ecbp g\u1ea7n \u0111\u1ebfn T\u1ebft Trung Thu th\u00ec c\u00e1c l\u00f2 n\u01b0\u1edbng \u0111\u00e3 r\u1ee5c r\u1ecbch chu\u1ea9n b\u1ecb t\u1eebng kh\u00e2u \u0111\u1ec3 cho ra \u0111\u1eddi m\u00f3n b\u00e1nh trung thu \u0111\u1ec3 c\u1ea3 gia \u0111\u00ecnh c\u00f3 th\u1ec3 qu\u00e2y qu\u1ea7n ng\u1ed3i b\u00ea nhau \u0111\u00f3n c\u00e1i T\u1ebft \u0111o\u00e0n vi\u00ean truy\u1ec1n th\u1ed1ng n\u00e0y.<\/p>\n<p>B\u00e1nh Trung thu\u00a0ng\u00e0y tr\u01b0\u1edbc ch\u1ec9 c\u00f3 lo\u1ea1i b\u00e1nh n\u01b0\u1edbng truy\u1ec1n th\u1ed1ng th\u1ebf n\u00ean hi\u1ec7n nay c\u00f9ng v\u1edbi s\u1ef1 \u0111a d\u1ea1ng c\u1ee7a c\u00e1c nh\u00e2n b\u00e1nh v\u00e0 th\u00eam t\u00e0i ngh\u1ec7 l\u00e0m b\u00e1nh b\u1eadc nh\u1ea5t c\u1ee7a c\u00e1c nh\u00e0 l\u00e0m b\u00e1nh \u0111\u00e3 cho ra \u0111\u1eddi nhi\u1ec1u lo\u1ea1i b\u00e1nh v\u1edbi nhi\u1ec1u lo\u1ea1i nh\u00e2n kh\u00e1c nhau.<\/p>\n<p><img fetchpriority=\"high\" decoding=\"async\" class=\"wp-image-27860 aligncenter\" src=\"https:\/\/havamall.vn\/wp-content\/uploads\/2022\/07\/maxresdefault-30-300x169.jpg\" alt=\"\" width=\"562\" height=\"317\" srcset=\"https:\/\/havamall.vn\/wp-content\/uploads\/2022\/07\/maxresdefault-30-300x169.jpg 300w, https:\/\/havamall.vn\/wp-content\/uploads\/2022\/07\/maxresdefault-30-430x242.jpg 430w, https:\/\/havamall.vn\/wp-content\/uploads\/2022\/07\/maxresdefault-30-150x84.jpg 150w, https:\/\/havamall.vn\/wp-content\/uploads\/2022\/07\/maxresdefault-30-700x394.jpg 700w, https:\/\/havamall.vn\/wp-content\/uploads\/2022\/07\/maxresdefault-30-768x432.jpg 768w, https:\/\/havamall.vn\/wp-content\/uploads\/2022\/07\/maxresdefault-30-1024x576.jpg 1024w, https:\/\/havamall.vn\/wp-content\/uploads\/2022\/07\/maxresdefault-30-1200x675.jpg 1200w, https:\/\/havamall.vn\/wp-content\/uploads\/2022\/07\/maxresdefault-30-600x338.jpg 600w, https:\/\/havamall.vn\/wp-content\/uploads\/2022\/07\/maxresdefault-30.jpg 1280w\" sizes=\"(max-width: 562px) 100vw, 562px\" \/><\/p>\n<p>B\u00e1nh khoai m\u00f4n ng\u00e0n l\u1edbp hay c\u00f2n g\u1ecdi l\u00e0 b\u00e1nh trung thu khoai m\u00f4n. \u0110\u00e2y l\u00e0 m\u1ed9t lo\u1ea1i b\u00e1nh \u0111\u1eb7c s\u1ea3n c\u1ee7a \u0110\u00e0i Loan v\u00e0 hi\u1ec7n gi\u1edd l\u00e0 m\u1ed9t trong nh\u1eefng lo\u1ea1i\u00a0b\u00e1nh k\u1eb9o \u0110\u00e0i Loan nh\u1eadp kh\u1ea9u\u00a0\u0111\u01b0\u1ee3c y\u00eau th\u00edch \u1edf Vi\u1ec7t Nam. B\u00e1nh th\u01b0\u1eddng \u0111\u01b0\u1ee3c s\u1eed d\u1ee5ng \u0111\u1ec3 l\u00e0m qu\u00e0 th\u1ec3 hi\u1ec7n t\u00ecnh c\u1ea3m v\u1edbi ng\u01b0\u1eddi th\u00e2n, b\u1ea1n b\u00e8 kh\u00f4ng ch\u1ec9 v\u00e0o m\u1ed7i d\u1ecbp Trung thu m\u00e0 c\u00f3 th\u1ec3 d\u00e0nh cho c\u00e1c d\u1ecbp \u0111\u1eb7c bi\u1ec7t kh\u00e1c.<\/p>\n<p><img decoding=\"async\" class=\"wp-image-27871 aligncenter\" src=\"https:\/\/havamall.vn\/wp-content\/uploads\/2022\/07\/5-300x275.png\" alt=\"\" width=\"568\" height=\"521\" srcset=\"https:\/\/havamall.vn\/wp-content\/uploads\/2022\/07\/5-300x275.png 300w, https:\/\/havamall.vn\/wp-content\/uploads\/2022\/07\/5-430x395.png 430w, https:\/\/havamall.vn\/wp-content\/uploads\/2022\/07\/5-150x138.png 150w, https:\/\/havamall.vn\/wp-content\/uploads\/2022\/07\/5-700x642.png 700w, https:\/\/havamall.vn\/wp-content\/uploads\/2022\/07\/5-768x705.png 768w, https:\/\/havamall.vn\/wp-content\/uploads\/2022\/07\/5-600x551.png 600w, https:\/\/havamall.vn\/wp-content\/uploads\/2022\/07\/5.png 800w\" sizes=\"(max-width: 568px) 100vw, 568px\" \/><\/p>\n<div>B\u00e1nh \u0111\u01b0\u1ee3c thi\u1ebft k\u1ebf h\u00ecnh h\u1ed9p m\u00e0u t\u00edm nh\u1eb9 sang tr\u1ecdng v\u00e0 l\u1ecbch s\u1ef1. Lo\u1ea1i\u00a0b\u00e1nh nh\u1eadp kh\u1ea9u \u0110\u00e0i Loan\u00a0r\u1ea5t ph\u00f9 h\u1ee3p \u0111\u1ec3 l\u00e0m b\u1eefa \u0103n nh\u1eb9. Ho\u1eb7c gi\u00e0nh l\u00e0m qu\u00e0 t\u1eb7ng nhau v\u00e0o m\u1ed7i d\u1ecbp Trung Thu \u0111\u1ec3 th\u1ec3 hi\u1ec7n t\u00ecnh c\u1ea3m \u0111\u1ed1i v\u1edbi ng\u01b0\u1eddi th\u00e2n, b\u1ea1n b\u00e8 hay \u0111\u01a1n gi\u1ea3n l\u00e0 nh\u1eefng ng\u01b0\u1eddi trong nh\u00e0 ng\u1ed3i qu\u00e2y qu\u1ea7n th\u01b0\u1ee1ng th\u1ee9c m\u00f3n b\u00e1nh truy\u1ec1n th\u1ed1ng x\u1ee9 \u0110\u00e0i b\u00ean ch\u00e9n tr\u00e0.<\/div>\n<div><img decoding=\"async\" class=\"wp-image-27872 aligncenter\" src=\"https:\/\/havamall.vn\/wp-content\/uploads\/2022\/07\/57cc420f-b218-4994-9921-8eeg-300x257.png\" alt=\"\" width=\"574\" height=\"492\" srcset=\"https:\/\/havamall.vn\/wp-content\/uploads\/2022\/07\/57cc420f-b218-4994-9921-8eeg-300x257.png 300w, https:\/\/havamall.vn\/wp-content\/uploads\/2022\/07\/57cc420f-b218-4994-9921-8eeg-430x368.png 430w, https:\/\/havamall.vn\/wp-content\/uploads\/2022\/07\/57cc420f-b218-4994-9921-8eeg-150x128.png 150w, https:\/\/havamall.vn\/wp-content\/uploads\/2022\/07\/57cc420f-b218-4994-9921-8eeg-700x599.png 700w, https:\/\/havamall.vn\/wp-content\/uploads\/2022\/07\/57cc420f-b218-4994-9921-8eeg-768x657.png 768w, https:\/\/havamall.vn\/wp-content\/uploads\/2022\/07\/57cc420f-b218-4994-9921-8eeg-600x513.png 600w, https:\/\/havamall.vn\/wp-content\/uploads\/2022\/07\/57cc420f-b218-4994-9921-8eeg.png 800w\" sizes=\"(max-width: 574px) 100vw, 574px\" \/><\/div>\n<div>\n<h3><strong>\u0110\u1eb7c tr\u01b0ng h\u01b0\u01a1ng v\u1ecb c\u1ee7a b\u00e1nh trung thu ng\u00e0n l\u1edbp tr\u1ee9ng ch\u1ea3y nh\u00e2n khoai m\u00f4n mu\u1ed1i Lava Moxiaoyan:<\/strong><\/h3>\n<\/div>\n<p>&gt; \u0110i\u1ec1u \u0111\u1eb7c b\u1ec7t \u0111\u01b0\u1ee3c n\u00f3i \u0111\u1ebfn ch\u00ednh l\u00e0 l\u1edbp ngo\u00e0i c\u1ee7a b\u00e1nh kh\u00f4ng h\u1ec1 c\u00f3 c\u1ea3m gi\u00e1c b\u1ecb kh\u00f4, ho\u1eb7c khi \u0103n v\u00e0o s\u1ebd kh\u00f4, b\u1edfi l\u1edbp b\u00e1nh \u0111\u00e3 \u0111\u01b0\u1ee3c \u0111i k\u00e8m v\u1edbi l\u1edbp mochi g\u1ea1o d\u1ebbo khi\u1ebfn cho b\u00e1nh s\u1ebd m\u1ec1m h\u01a1n v\u00e0 d\u1ec5 \u0103n h\u01a1n. K\u1ebft h\u1ee3p th\u00eam v\u1ecb tr\u1ee9ng mu\u1ed1i s\u1ebd khi\u1ebfn cho v\u1ecb th\u00eam \u0111\u1eadm \u0111\u00e0.<\/p>\n<div>&gt; B\u00e1nh khoai m\u00f4n ng\u00e0n l\u1edbp r\u1ea5t \u0111\u01b0\u1ee3c \u01b0a chu\u1ed9ng b\u1edfi l\u1edbp nh\u00e2n mochi d\u1ebbo dai r\u1ea5t l\u1ea1 mi\u1ec7ng khi \u0103n, ngon v\u00f4 \u0111\u1ed1i m\u00e0 kh\u00f4ng m\u1ed9t th\u01b0\u01a1ng hi\u1ec7u n\u00e0o kh\u00e1c c\u00f3 th\u1ec3 l\u00e0m gi\u1ed1ng \u0111\u01b0\u1ee3c.<\/div>\n<div>&gt; L\u1edbp v\u1ecf b\u00e1nh m\u1ec1m th\u01a1m khoai m\u00f4n b\u00f9i b\u00e9o b\u00ean trong l\u00e0 nh\u00e2n khoai m\u00f4n r\u1ea5t m\u1ecbn v\u00e0 c\u1ef1c k\u1ef3 th\u01a1m ngon b\u1ecdc ngo\u00e0i vi\u00ean mochi c\u00e0ng l\u00e0m t\u0103ng h\u01b0\u01a1ng v\u1ecb th\u00eam th\u01a1m ngon \u0111\u1eb7c bi\u1ec7t. B\u00e1nh c\u00f3 \u0111\u1ed9 ng\u1ecdt v\u1eeba ph\u1ea3i kh\u00f4ng b\u1ecb g\u1eaft n\u00ean \u0103n kh\u00f4ng b\u1ecb ng\u00e1n.<\/div>\n<div>\n<h3><img loading=\"lazy\" decoding=\"async\" class=\"wp-image-27873 aligncenter\" src=\"https:\/\/havamall.vn\/wp-content\/uploads\/2022\/07\/1.1-300x206.png\" alt=\"\" width=\"555\" height=\"381\" srcset=\"https:\/\/havamall.vn\/wp-content\/uploads\/2022\/07\/1.1-300x206.png 300w, https:\/\/havamall.vn\/wp-content\/uploads\/2022\/07\/1.1-430x295.png 430w, https:\/\/havamall.vn\/wp-content\/uploads\/2022\/07\/1.1-150x103.png 150w, https:\/\/havamall.vn\/wp-content\/uploads\/2022\/07\/1.1-700x481.png 700w, https:\/\/havamall.vn\/wp-content\/uploads\/2022\/07\/1.1-768x527.png 768w, https:\/\/havamall.vn\/wp-content\/uploads\/2022\/07\/1.1-600x412.png 600w, https:\/\/havamall.vn\/wp-content\/uploads\/2022\/07\/1.1.png 807w\" sizes=\"(max-width: 555px) 100vw, 555px\" \/><\/h3>\n<h3><strong>\u01afu c\u1ee7a s\u1ea3n ph\u1ea9m:<\/strong><\/h3>\n<p>&#8211; H\u1ed9p \u0111\u1ef1ng \u0111\u01b0\u1ee3c thi\u1ebft k\u1ebf sang tr\u1ecdng th\u1ecbch h\u1ee3p l\u00e0m qu\u00e0 bi\u1ebfu t\u1eb7ng nh\u00e2n d\u1ecbp trung thu, ch\u1eafc ch\u1eafc ng\u01b0\u1eddi th\u00e2n, b\u1ea1n b\u00e8, \u0111\u1ed3ng nghi\u1ec7p c\u1ee7a b\u1ea1n s\u1ebd v\u00f4 c\u00f9ng th\u00edch th\u00fa.<\/p>\n<p>&#8211; C\u00f3 nhi\u1ec1u h\u01b0\u01a1ng v\u1ecb th\u01a1m ngon \u0111\u1ec3 \u0111\u1ed5i v\u1ecb m\u00e0 kh\u00f4ng lo b\u1ecb ng\u00e1n<\/p>\n<p>&#8211; T\u1eebng l\u1edbp h\u00f2a quy\u1ec7n v\u1edbi nhau kh\u00f4ng nh\u1eefng \u0111\u1eb9p m\u1eaft m\u00e0 c\u00f2n th\u01a1m ngon kh\u00f3 c\u01b0\u1ee1ng, v\u1ecb ng\u1ecdt d\u1ecbu ch\u1ee9 ko ng\u1ecdt g\u1eaft nh\u01b0 nhi\u1ec1u lo\u1ea1i b\u00e1nh kh\u00e1c tr\u00ean th\u1ecb tr\u01b0\u1eddng.<\/p>\n<p>&#8211; B\u00e1nh c\u00f3 ngu\u1ed3n g\u1ed1c t\u1eeb \u0110\u00e0i Loan, l\u00e0 x\u1ee9 s\u1edf c\u1ee7a nh\u1eefng lo\u1ea1i b\u00e1nh ng\u00e0n l\u1edbp c\u00f3 ch\u1ea5t l\u01b0\u1ee3ng tuy\u1ec7t v\u1eddi,.<\/p>\n<p>&#8211; B\u00e1nh Tr\u1ee9ng Ch\u1ea3y H\u1ed9p 6 b\u00e1nh 300g v\u1edbi nh\u1eefng nguy\u00ean li\u1ec7u \u0111\u01b0\u1ee3c tuy\u1ec3n ch\u1ecdn k\u1ef9 c\u00e0ng mang cho b\u1ea1n nh\u1eefng chi\u1ebfc b\u00e1nh th\u01a1m ngon h\u1ea5p d\u1eabn. B\u00e1nh tr\u1ee9ng ch\u1ea3y c\u00f3 nhi\u1ec1u h\u01b0\u01a1ng v\u1ecb cho b\u1ea1n l\u1ef1a ch\u1ecdn: S\u1ea7u ri\u00eang, Tr\u1ee9ng Mu\u1ed1i, Khoai M\u00f4n,&#8230;<\/p>\n<p>S\u1ea3n ph\u1ea9m hi\u1ec7n \u0111\u00e3 c\u00f3 m\u1eb7t t\u1ea1i Havamall.<\/p>\n<p><img loading=\"lazy\" decoding=\"async\" class=\"wp-image-27874 aligncenter\" src=\"https:\/\/havamall.vn\/wp-content\/uploads\/2022\/07\/6e3cb6baf3ea013d95aa5b5f6f64ec5e-300x261.jpg\" alt=\"\" width=\"553\" height=\"481\" srcset=\"https:\/\/havamall.vn\/wp-content\/uploads\/2022\/07\/6e3cb6baf3ea013d95aa5b5f6f64ec5e-300x261.jpg 300w, https:\/\/havamall.vn\/wp-content\/uploads\/2022\/07\/6e3cb6baf3ea013d95aa5b5f6f64ec5e-430x374.jpg 430w, https:\/\/havamall.vn\/wp-content\/uploads\/2022\/07\/6e3cb6baf3ea013d95aa5b5f6f64ec5e-150x130.jpg 150w, https:\/\/havamall.vn\/wp-content\/uploads\/2022\/07\/6e3cb6baf3ea013d95aa5b5f6f64ec5e-700x609.jpg 700w, https:\/\/havamall.vn\/wp-content\/uploads\/2022\/07\/6e3cb6baf3ea013d95aa5b5f6f64ec5e-768x668.jpg 768w, https:\/\/havamall.vn\/wp-content\/uploads\/2022\/07\/6e3cb6baf3ea013d95aa5b5f6f64ec5e-600x522.jpg 600w, https:\/\/havamall.vn\/wp-content\/uploads\/2022\/07\/6e3cb6baf3ea013d95aa5b5f6f64ec5e.jpg 898w\" sizes=\"(max-width: 553px) 100vw, 553px\" \/><\/p>\n<\/div>","protected":false},"excerpt":{"rendered":"<p>B\u00e1nh trung thu\u00a0ng\u00e0y tr\u01b0\u1edbc ch\u1ec9 c\u00f3 lo\u1ea1i b\u00e1nh trung thu n\u01b0\u1edbng truy\u1ec1n th\u1ed1ng th\u1ebf nh\u01b0ng \u0111\u1ebfn nay b\u00e1nh trung thu<\/p>","protected":false},"featured_media":27882,"comment_status":"open","ping_status":"closed","template":"","meta":[],"product_brand":[],"product_cat":[36,133],"product_tag":[],"class_list":{"0":"post-27870","1":"product","2":"type-product","3":"status-publish","4":"has-post-thumbnail","6":"product_cat-thuc-pham-tieu-dung","7":"product_cat-banh-keo-chocolate","9":"first","10":"outofstock","11":"sale","12":"shipping-taxable","13":"purchasable","14":"product-type-simple"},"_links":{"self":[{"href":"https:\/\/havamall.vn\/en\/wp-json\/wp\/v2\/product\/27870"}],"collection":[{"href":"https:\/\/havamall.vn\/en\/wp-json\/wp\/v2\/product"}],"about":[{"href":"https:\/\/havamall.vn\/en\/wp-json\/wp\/v2\/types\/product"}],"replies":[{"embeddable":true,"href":"https:\/\/havamall.vn\/en\/wp-json\/wp\/v2\/comments?post=27870"}],"version-history":[{"count":0,"href":"https:\/\/havamall.vn\/en\/wp-json\/wp\/v2\/product\/27870\/revisions"}],"wp:featuredmedia":[{"embeddable":true,"href":"https:\/\/havamall.vn\/en\/wp-json\/wp\/v2\/media\/27882"}],"wp:attachment":[{"href":"https:\/\/havamall.vn\/en\/wp-json\/wp\/v2\/media?parent=27870"}],"wp:term":[{"taxonomy":"product_brand","embeddable":true,"href":"https:\/\/havamall.vn\/en\/wp-json\/wp\/v2\/product_brand?post=27870"},{"taxonomy":"product_cat","embeddable":true,"href":"https:\/\/havamall.vn\/en\/wp-json\/wp\/v2\/product_cat?post=27870"},{"taxonomy":"product_tag","embeddable":true,"href":"https:\/\/havamall.vn\/en\/wp-json\/wp\/v2\/product_tag?post=27870"}],"curies":[{"name":"wp","href":"https:\/\/api.w.org\/{rel}","templated":true}]}}