{"id":27858,"date":"2022-07-12T09:37:41","date_gmt":"2022-07-12T02:37:41","guid":{"rendered":"https:\/\/havamall.vn\/?post_type=product&#038;p=27858"},"modified":"2022-08-17T15:49:49","modified_gmt":"2022-08-17T08:49:49","slug":"banh-trung-thu-ngan-lop-trung-chay-nhan-trung-muoi-lava-moxiaoyan-hop-300g","status":"publish","type":"product","link":"https:\/\/havamall.vn\/en\/shop\/banh-trung-thu-ngan-lop-trung-chay-nhan-trung-muoi-lava-moxiaoyan-hop-300g\/","title":{"rendered":"B\u00e1nh Tr\u1ee9ng Ch\u1ea3y Ng\u00e0n L\u1edbp Nh\u00e2n Tr\u1ee9ng Mu\u1ed1i Lava Moxiaoyan H\u1ed9p 300g"},"content":{"rendered":"<p>B\u00e1nh trung thu\u00a0ng\u00e0y tr\u01b0\u1edbc ch\u1ec9 c\u00f3 lo\u1ea1i b\u00e1nh trung thu n\u01b0\u1edbng truy\u1ec1n th\u1ed1ng th\u1ebf nh\u01b0ng \u0111\u1ebfn nay b\u00e1nh trung thu c\u00f3 r\u1ea5t nhi\u1ec1u lo\u1ea1i v\u1edbi nhi\u1ec1u nh\u00e2n kh\u00e1c nhau. Trong kh\u00f4ng kh\u00ed r\u1ed9n r\u00e0ng v\u00e0o nh\u1eefng d\u1ecbp g\u1ea7n \u0111\u1ebfn T\u1ebft Trung Thu th\u00ec c\u00e1c l\u00f2 n\u01b0\u1edbng \u0111\u00e3 r\u1ee5c r\u1ecbch chu\u1ea9n b\u1ecb t\u1eebng kh\u00e2u \u0111\u1ec3 cho ra \u0111\u1eddi m\u00f3n b\u00e1nh trung thu \u0111\u1ec3 c\u1ea3 gia \u0111\u00ecnh c\u00f3 th\u1ec3 qu\u00e2y qu\u1ea7n ng\u1ed3i b\u00ea nhau \u0111\u00f3n c\u00e1i T\u1ebft \u0111o\u00e0n vi\u00ean truy\u1ec1n th\u1ed1ng n\u00e0y.<\/p>\n<p>B\u00e1nh Trung thu\u00a0ng\u00e0y tr\u01b0\u1edbc ch\u1ec9 c\u00f3 lo\u1ea1i b\u00e1nh n\u01b0\u1edbng truy\u1ec1n th\u1ed1ng th\u1ebf n\u00ean hi\u1ec7n nay c\u00f9ng v\u1edbi s\u1ef1 \u0111a d\u1ea1ng c\u1ee7a c\u00e1c nh\u00e2n b\u00e1nh v\u00e0 th\u00eam t\u00e0i ngh\u1ec7 l\u00e0m b\u00e1nh b\u1eadc nh\u1ea5t c\u1ee7a c\u00e1c nh\u00e0 l\u00e0m b\u00e1nh \u0111\u00e3 cho ra \u0111\u1eddi nhi\u1ec1u lo\u1ea1i b\u00e1nh v\u1edbi nhi\u1ec1u lo\u1ea1i nh\u00e2n kh\u00e1c nhau.<\/p>\n<p><img fetchpriority=\"high\" decoding=\"async\" class=\"wp-image-27860 aligncenter\" src=\"https:\/\/havamall.vn\/wp-content\/uploads\/2022\/07\/maxresdefault-30-300x169.jpg\" alt=\"\" width=\"573\" height=\"323\" srcset=\"https:\/\/havamall.vn\/wp-content\/uploads\/2022\/07\/maxresdefault-30-300x169.jpg 300w, https:\/\/havamall.vn\/wp-content\/uploads\/2022\/07\/maxresdefault-30-430x242.jpg 430w, https:\/\/havamall.vn\/wp-content\/uploads\/2022\/07\/maxresdefault-30-150x84.jpg 150w, https:\/\/havamall.vn\/wp-content\/uploads\/2022\/07\/maxresdefault-30-700x394.jpg 700w, https:\/\/havamall.vn\/wp-content\/uploads\/2022\/07\/maxresdefault-30-768x432.jpg 768w, https:\/\/havamall.vn\/wp-content\/uploads\/2022\/07\/maxresdefault-30-1024x576.jpg 1024w, https:\/\/havamall.vn\/wp-content\/uploads\/2022\/07\/maxresdefault-30-1200x675.jpg 1200w, https:\/\/havamall.vn\/wp-content\/uploads\/2022\/07\/maxresdefault-30-600x338.jpg 600w, https:\/\/havamall.vn\/wp-content\/uploads\/2022\/07\/maxresdefault-30.jpg 1280w\" sizes=\"(max-width: 573px) 100vw, 573px\" \/><\/p>\n<p>B\u00e1nh trung thu ng\u00e0n l\u1edbp tr\u1ee9ng ch\u1ea3y nh\u00e2n tr\u1ee9ng mu\u1ed1i Lava Moxiaoyan l\u00e0 lo\u1ea1i b\u00e1nh trung thu b\u00e1n ch\u1ea1y nh\u1ea5t \u1edf \u0110\u00e0i Loan hi\u1ec7n nay \u0111\u00e3 ph\u1ed5 bi\u1ebfn tr\u00ean th\u1ecb tr\u01b0\u1eddng Vi\u1ec7t Nam.<\/p>\n<p>Chi\u1ebfc b\u00e1nh h\u1ea5p d\u1eabn v\u1edbi ng\u00e0n l\u1edbp m\u1ecfng n\u01b0\u1edbng v\u00e0ng ru\u1ed9m, l\u1edbp mochi m\u1ecfng m\u1ec1m th\u01a1m d\u1ebbo, trong c\u00f9ng l\u00e0 nh\u00e2n\u00a0<em><strong>\u201c<\/strong><\/em>kim sa tr\u1ee9ng ch\u1ea3y<em><strong>\u201d<\/strong><\/em>\u00a0\u0111\u1eadm \u0111\u00e0, ngon m\u00e0 kh\u00f4ng h\u1ec1 b\u1ecb ng\u00e1n. B\u00e1nh trung thu ng\u00e0n l\u1edbp tr\u1ee9ng ch\u1ea3y nh\u00e2n tr\u1ee9ng mu\u1ed1i Lava Moxiaoyan \u0111\u01b0\u1ee3c m\u1ecdi l\u1ee9a tu\u1ed5i y\u00eau th\u00edch.<\/p>\n<p><img decoding=\"async\" class=\"wp-image-27885 aligncenter\" src=\"https:\/\/havamall.vn\/wp-content\/uploads\/2022\/07\/O1CN01nCRE6R1CBjh-300x300.png\" alt=\"\" width=\"570\" height=\"570\" srcset=\"https:\/\/havamall.vn\/wp-content\/uploads\/2022\/07\/O1CN01nCRE6R1CBjh-300x300.png 300w, https:\/\/havamall.vn\/wp-content\/uploads\/2022\/07\/O1CN01nCRE6R1CBjh-430x430.png 430w, https:\/\/havamall.vn\/wp-content\/uploads\/2022\/07\/O1CN01nCRE6R1CBjh-150x150.png 150w, https:\/\/havamall.vn\/wp-content\/uploads\/2022\/07\/O1CN01nCRE6R1CBjh-700x700.png 700w, https:\/\/havamall.vn\/wp-content\/uploads\/2022\/07\/O1CN01nCRE6R1CBjh-768x768.png 768w, https:\/\/havamall.vn\/wp-content\/uploads\/2022\/07\/O1CN01nCRE6R1CBjh-600x600.png 600w, https:\/\/havamall.vn\/wp-content\/uploads\/2022\/07\/O1CN01nCRE6R1CBjh-100x100.png 100w, https:\/\/havamall.vn\/wp-content\/uploads\/2022\/07\/O1CN01nCRE6R1CBjh.png 800w\" sizes=\"(max-width: 570px) 100vw, 570px\" \/><\/p>\n<p>B\u00e1nh trung thu ng\u00e0n l\u1edbp Lava Moxiaoyan gi\u1ed1ng nh\u01b0 m\u1ed9t phi\u00ean b\u1ea3n kh\u00e1c c\u1ee7a b\u00e1nh trung thu th\u00f4ng th\u01b0\u1eddng, nh\u01b0ng \u0111i\u1ec1u \u0111\u1eb7c bi\u1ec7t \u1edf \u0111\u00e2y \u0111\u00e1ng k\u1ec3 \u0111\u1ebfn l\u00e0 h\u01b0\u01a1ng v\u1ecb c\u1ee7a b\u00e1nh r\u1ea5t \u0111\u1ed9c \u0111\u00e1o, h\u1ea5p d\u1eabn kh\u00f3 ch\u1ed1i t\u1eeb. Nh\u00e2n\u00a0<strong>\u201d <\/strong>tr\u1ee9ng mu\u1ed1i tan ch\u1ea3y<strong> \u201c<\/strong>\u00a0m\u1ed9t l\u1ea7n n\u1eefa xu\u1ea5t hi\u1ec7n v\u00e0 chinh ph\u1ee5c h\u00e0ng tri\u1ec7u kh\u00e1ch h\u00e0ng kh\u00f3 t\u00ednh.<\/p>\n<p><img decoding=\"async\" class=\"wp-image-27880 aligncenter\" src=\"https:\/\/havamall.vn\/wp-content\/uploads\/2022\/07\/821b2e6b-a06e-4cae--300x256.png\" alt=\"\" width=\"580\" height=\"495\" srcset=\"https:\/\/havamall.vn\/wp-content\/uploads\/2022\/07\/821b2e6b-a06e-4cae--300x256.png 300w, https:\/\/havamall.vn\/wp-content\/uploads\/2022\/07\/821b2e6b-a06e-4cae--430x367.png 430w, https:\/\/havamall.vn\/wp-content\/uploads\/2022\/07\/821b2e6b-a06e-4cae--150x128.png 150w, https:\/\/havamall.vn\/wp-content\/uploads\/2022\/07\/821b2e6b-a06e-4cae--700x597.png 700w, https:\/\/havamall.vn\/wp-content\/uploads\/2022\/07\/821b2e6b-a06e-4cae--768x655.png 768w, https:\/\/havamall.vn\/wp-content\/uploads\/2022\/07\/821b2e6b-a06e-4cae--600x512.png 600w, https:\/\/havamall.vn\/wp-content\/uploads\/2022\/07\/821b2e6b-a06e-4cae-.png 800w\" sizes=\"(max-width: 580px) 100vw, 580px\" \/><\/p>\n<h3><strong>\u0110\u1eb7c tr\u01b0ng h\u01b0\u01a1ng v\u1ecb c\u1ee7a b\u00e1nh trung thu ng\u00e0n l\u1edbp tr\u1ee9ng ch\u1ea3y nh\u00e2n tr\u1ee9ng mu\u1ed1i Lava Moxiaoyan:<\/strong><\/h3>\n<p>&gt; B\u00e1nh trung thu ng\u00e0n l\u1edbp tr\u1ee9ng ch\u1ea3y nh\u00e2n tr\u1ee9ng mu\u1ed1i Lava Moxiaoyan \u0111\u01b0\u1ee3c t\u1ea1o ra b\u1edfi r\u1ea5t nhi\u1ec1u l\u1edbp v\u1ecf b\u00e1nh m\u1ec1m m\u1ecfng, \u0111\u01b0\u1ee3c n\u01b0\u1edbng v\u1edbi \u0111\u1ed9 l\u1eeda v\u1eeba khi\u1ebfn cho l\u1edbp v\u1ecf v\u00e0ng \u01b0\u01a1m. V\u00e0 th\u00eam m\u1ed9t \u00edt v\u1eebng \u0111en \u1edf b\u00ean tr\u00ean b\u00e1nh c\u00e0ng t\u1ea1o \u0111\u01b0\u1ee3c \u0111i\u1ec3m nh\u1ea5n, nh\u01b0ng l\u1ea1i khi\u1ebfn d\u1eady m\u00f9i th\u01a1m h\u01a1n t\u1eeb m\u00e8 v\u1eebng.<\/p>\n<p>&gt; Ti\u1ebfn v\u00e0o s\u00e2u b\u00ean trong b\u00e1nh l\u00e0 m\u1ed9t l\u1edbp mochi g\u1ea1o m\u1ecfng v\u00e0 d\u1ebbo, dai dai, v\u00e0 h\u01b0\u01a1ng th\u01a1m c\u1ee7a l\u1edbp mochi thoang tho\u1ea3ng gi\u00fap l\u00e0m t\u0103ng th\u00eam h\u01b0\u01a1ng v\u1ecb b\u00e1nh quy\u1ec7n v\u00e0o nhau m\u00e0 kh\u00f4ng h\u1ec1 b\u1ecb ng\u1ea5y ho\u1eb7c ng\u00e1n.<\/p>\n<p><img loading=\"lazy\" decoding=\"async\" class=\"wp-image-27898 aligncenter\" src=\"https:\/\/havamall.vn\/wp-content\/uploads\/2022\/07\/O1CN01Lgd9s92JIKxwDLgSf_2212137619398.jpg_Q75.jpg_-300x300.png\" alt=\"\" width=\"569\" height=\"569\" srcset=\"https:\/\/havamall.vn\/wp-content\/uploads\/2022\/07\/O1CN01Lgd9s92JIKxwDLgSf_2212137619398.jpg_Q75.jpg_-300x300.png 300w, https:\/\/havamall.vn\/wp-content\/uploads\/2022\/07\/O1CN01Lgd9s92JIKxwDLgSf_2212137619398.jpg_Q75.jpg_-430x430.png 430w, https:\/\/havamall.vn\/wp-content\/uploads\/2022\/07\/O1CN01Lgd9s92JIKxwDLgSf_2212137619398.jpg_Q75.jpg_-150x150.png 150w, https:\/\/havamall.vn\/wp-content\/uploads\/2022\/07\/O1CN01Lgd9s92JIKxwDLgSf_2212137619398.jpg_Q75.jpg_-700x700.png 700w, https:\/\/havamall.vn\/wp-content\/uploads\/2022\/07\/O1CN01Lgd9s92JIKxwDLgSf_2212137619398.jpg_Q75.jpg_-768x768.png 768w, https:\/\/havamall.vn\/wp-content\/uploads\/2022\/07\/O1CN01Lgd9s92JIKxwDLgSf_2212137619398.jpg_Q75.jpg_-600x600.png 600w, https:\/\/havamall.vn\/wp-content\/uploads\/2022\/07\/O1CN01Lgd9s92JIKxwDLgSf_2212137619398.jpg_Q75.jpg_-100x100.png 100w, https:\/\/havamall.vn\/wp-content\/uploads\/2022\/07\/O1CN01Lgd9s92JIKxwDLgSf_2212137619398.jpg_Q75.jpg_.png 800w\" sizes=\"(max-width: 569px) 100vw, 569px\" \/><\/p>\n<p>&gt; L\u1edbp trong c\u00f9ng l\u00e0 nh\u00e2n\u00a0<strong>\u201d <\/strong>tr\u1ee9ng mu\u1ed1i tan ch\u1ea3y<strong> \u201c<\/strong>\u00a0c\u00f2n \u0111\u01b0\u1ee3c g\u1ecdi l\u00e0\u00a0<strong>\u201d <\/strong>kim sa tr\u1ee9ng ch\u1ea3y <strong>\u201c<\/strong>\u00a0th\u01a1m l\u1eebng m\u00f9i tr\u1ee9ng, ng\u1ecdt nh\u1eb9 v\u1ecb b\u01a1, t\u1eebng l\u1edbp tr\u1ee9ng mu\u1ed1i tan ch\u1ea3y nh\u1eb9 h\u00f2a quy\u1ec7n c\u00f9ng l\u1edbp mochi g\u1ea1o dai v\u00e0 d\u1ebbo, \u0111\u1ecdng l\u1ea1i trong v\u00f2m h\u1ecdng l\u00e0 m\u1ed9t m\u00f9i v\u1ecb th\u01a1m n\u1ed5i b\u1eadt.<\/p>\n<p>&gt; \u0110i\u1ec1u \u0111\u1eb7c b\u1ec7t \u0111\u01b0\u1ee3c n\u00f3i \u0111\u1ebfn ch\u00ednh l\u00e0 l\u1edbp ngo\u00e0i c\u1ee7a b\u00e1nh kh\u00f4ng h\u1ec1 c\u00f3 c\u1ea3m gi\u00e1c b\u1ecb kh\u00f4, ho\u1eb7c khi \u0103n v\u00e0o s\u1ebd kh\u00f4, b\u1edfi l\u1edbp b\u00e1nh \u0111\u00e3 \u0111\u01b0\u1ee3c \u0111i k\u00e8m v\u1edbi l\u1edbp mochi g\u1ea1o d\u1ebbo khi\u1ebfn cho b\u00e1nh s\u1ebd m\u1ec1m h\u01a1n v\u00e0 d\u1ec5 \u0103n h\u01a1n. K\u1ebft h\u1ee3p th\u00eam v\u1ecb tr\u1ee9ng mu\u1ed1i s\u1ebd khi\u1ebfn cho v\u1ecb th\u00eam \u0111\u1eadm \u0111\u00e0.<\/p>\n<h3><img loading=\"lazy\" decoding=\"async\" class=\"wp-image-27864 aligncenter\" src=\"https:\/\/havamall.vn\/wp-content\/uploads\/2022\/07\/287636586_133873792360-300x300.png\" alt=\"\" width=\"572\" height=\"572\" srcset=\"https:\/\/havamall.vn\/wp-content\/uploads\/2022\/07\/287636586_133873792360-300x300.png 300w, https:\/\/havamall.vn\/wp-content\/uploads\/2022\/07\/287636586_133873792360-430x430.png 430w, https:\/\/havamall.vn\/wp-content\/uploads\/2022\/07\/287636586_133873792360-150x150.png 150w, https:\/\/havamall.vn\/wp-content\/uploads\/2022\/07\/287636586_133873792360-700x700.png 700w, https:\/\/havamall.vn\/wp-content\/uploads\/2022\/07\/287636586_133873792360-768x768.png 768w, https:\/\/havamall.vn\/wp-content\/uploads\/2022\/07\/287636586_133873792360-600x600.png 600w, https:\/\/havamall.vn\/wp-content\/uploads\/2022\/07\/287636586_133873792360-100x100.png 100w, https:\/\/havamall.vn\/wp-content\/uploads\/2022\/07\/287636586_133873792360.png 800w\" sizes=\"(max-width: 572px) 100vw, 572px\" \/><\/h3>\n<h3><strong>\u0110\u1eb7c \u0111i\u1ec3m n\u1ed5i b\u1eadt c\u1ee7a s\u1ea3n ph\u1ea9m:<\/strong><\/h3>\n<p>&#8211; H\u1ed9p \u0111\u1ef1ng \u0111\u01b0\u1ee3c thi\u1ebft k\u1ebf sang tr\u1ecdng th\u1ecbch h\u1ee3p l\u00e0m qu\u00e0 bi\u1ebfu t\u1eb7ng nh\u00e2n d\u1ecbp trung thu, ch\u1eafc ch\u1eafc ng\u01b0\u1eddi th\u00e2n, b\u1ea1n b\u00e8, \u0111\u1ed3ng nghi\u1ec7p c\u1ee7a b\u1ea1n s\u1ebd v\u00f4 c\u00f9ng th\u00edch th\u00fa.<\/p>\n<p>&#8211; C\u00f3 nhi\u1ec1u h\u01b0\u01a1ng v\u1ecb th\u01a1m ngon \u0111\u1ec3 \u0111\u1ed5i v\u1ecb m\u00e0 kh\u00f4ng lo b\u1ecb ng\u00e1n<\/p>\n<p>&#8211; T\u1eebng l\u1edbp h\u00f2a quy\u1ec7n v\u1edbi nhau kh\u00f4ng nh\u1eefng \u0111\u1eb9p m\u1eaft m\u00e0 c\u00f2n th\u01a1m ngon kh\u00f3 c\u01b0\u1ee1ng, v\u1ecb ng\u1ecdt d\u1ecbu ch\u1ee9 ko ng\u1ecdt g\u1eaft nh\u01b0 nhi\u1ec1u lo\u1ea1i b\u00e1nh kh\u00e1c tr\u00ean th\u1ecb tr\u01b0\u1eddng.<\/p>\n<p>&#8211; B\u00e1nh c\u00f3 ngu\u1ed3n g\u1ed1c t\u1eeb \u0110\u00e0i Loan, l\u00e0 x\u1ee9 s\u1edf c\u1ee7a nh\u1eefng lo\u1ea1i b\u00e1nh ng\u00e0n l\u1edbp c\u00f3 ch\u1ea5t l\u01b0\u1ee3ng tuy\u1ec7t v\u1eddi,.<\/p>\n<p>&#8211; B\u00e1nh Tr\u1ee9ng Ch\u1ea3y H\u1ed9p 6 b\u00e1nh 300g v\u1edbi nh\u1eefng nguy\u00ean li\u1ec7u \u0111\u01b0\u1ee3c tuy\u1ec3n ch\u1ecdn k\u1ef9 c\u00e0ng mang cho b\u1ea1n nh\u1eefng chi\u1ebfc b\u00e1nh th\u01a1m ngon h\u1ea5p d\u1eabn. B\u00e1nh tr\u1ee9ng ch\u1ea3y c\u00f3 nhi\u1ec1u h\u01b0\u01a1ng v\u1ecb cho b\u1ea1n l\u1ef1a ch\u1ecdn: S\u1ea7u ri\u00eang, Tr\u1ee9ng Mu\u1ed1i, Khoai M\u00f4n,&#8230;<\/p>\n<p><img loading=\"lazy\" decoding=\"async\" class=\"wp-image-27863 aligncenter\" src=\"https:\/\/havamall.vn\/wp-content\/uploads\/2022\/07\/1-300x300.png\" alt=\"\" width=\"569\" height=\"569\" srcset=\"https:\/\/havamall.vn\/wp-content\/uploads\/2022\/07\/1-300x300.png 300w, https:\/\/havamall.vn\/wp-content\/uploads\/2022\/07\/1-430x430.png 430w, https:\/\/havamall.vn\/wp-content\/uploads\/2022\/07\/1-150x150.png 150w, https:\/\/havamall.vn\/wp-content\/uploads\/2022\/07\/1-700x700.png 700w, https:\/\/havamall.vn\/wp-content\/uploads\/2022\/07\/1-768x768.png 768w, https:\/\/havamall.vn\/wp-content\/uploads\/2022\/07\/1-600x600.png 600w, https:\/\/havamall.vn\/wp-content\/uploads\/2022\/07\/1-100x100.png 100w, https:\/\/havamall.vn\/wp-content\/uploads\/2022\/07\/1.png 800w\" sizes=\"(max-width: 569px) 100vw, 569px\" \/><\/p>\n<h3><strong>H\u01b0\u1edbng d\u1eabn s\u1eed d\u1ee5ng v\u00e0 b\u1ea3o qu\u1ea3n:\u00a0<\/strong><\/h3>\n<ul>\n<li>\u0102n tr\u1ef1c ti\u1ebfp sau khi m\u1edf. C\u00f3 th\u1ec3 c\u00f9ng th\u01b0\u1edfng th\u1ee9c b\u00e1nh k\u1ebft h\u1ee3p th\u00eam tr\u00e0 \u0111\u1ec3 t\u0103ng th\u00eam v\u1ecb th\u01a1m c\u1ee7a b\u00e1nh.<\/li>\n<li>B\u1ea3o qu\u1ea3n n\u01a1i kh\u00f4 r\u00e1o tho\u00e1ng m\u00e1t, tr\u00e1nh \u1ea9m v\u00e0 nhi\u1ec7t \u0111\u1ed9 cao<\/li>\n<\/ul>\n<p>S\u1ea3n ph\u1ea9m hi\u1ec7n \u0111\u00e3 c\u00f3 m\u1eb7t t\u1ea1I Havamall.<\/p>\n<p><img loading=\"lazy\" decoding=\"async\" class=\"wp-image-27861 aligncenter\" src=\"https:\/\/havamall.vn\/wp-content\/uploads\/2022\/07\/4af841777db9cccc-300x197.png\" alt=\"\" width=\"579\" height=\"380\" srcset=\"https:\/\/havamall.vn\/wp-content\/uploads\/2022\/07\/4af841777db9cccc-300x197.png 300w, https:\/\/havamall.vn\/wp-content\/uploads\/2022\/07\/4af841777db9cccc-430x282.png 430w, https:\/\/havamall.vn\/wp-content\/uploads\/2022\/07\/4af841777db9cccc-150x98.png 150w, https:\/\/havamall.vn\/wp-content\/uploads\/2022\/07\/4af841777db9cccc-700x459.png 700w, https:\/\/havamall.vn\/wp-content\/uploads\/2022\/07\/4af841777db9cccc-768x503.png 768w, https:\/\/havamall.vn\/wp-content\/uploads\/2022\/07\/4af841777db9cccc-600x393.png 600w, https:\/\/havamall.vn\/wp-content\/uploads\/2022\/07\/4af841777db9cccc.png 800w\" sizes=\"(max-width: 579px) 100vw, 579px\" \/><\/p>","protected":false},"excerpt":{"rendered":"<p>B\u00e1nh trung thu\u00a0ng\u00e0y tr\u01b0\u1edbc ch\u1ec9 c\u00f3 lo\u1ea1i b\u00e1nh trung thu n\u01b0\u1edbng truy\u1ec1n th\u1ed1ng th\u1ebf nh\u01b0ng \u0111\u1ebfn nay b\u00e1nh trung thu<\/p>","protected":false},"featured_media":27881,"comment_status":"open","ping_status":"closed","template":"","meta":[],"product_brand":[],"product_cat":[36,133],"product_tag":[],"class_list":{"0":"post-27858","1":"product","2":"type-product","3":"status-publish","4":"has-post-thumbnail","6":"product_cat-thuc-pham-tieu-dung","7":"product_cat-banh-keo-chocolate","9":"first","10":"outofstock","11":"sale","12":"shipping-taxable","13":"purchasable","14":"product-type-simple"},"_links":{"self":[{"href":"https:\/\/havamall.vn\/en\/wp-json\/wp\/v2\/product\/27858"}],"collection":[{"href":"https:\/\/havamall.vn\/en\/wp-json\/wp\/v2\/product"}],"about":[{"href":"https:\/\/havamall.vn\/en\/wp-json\/wp\/v2\/types\/product"}],"replies":[{"embeddable":true,"href":"https:\/\/havamall.vn\/en\/wp-json\/wp\/v2\/comments?post=27858"}],"version-history":[{"count":0,"href":"https:\/\/havamall.vn\/en\/wp-json\/wp\/v2\/product\/27858\/revisions"}],"wp:featuredmedia":[{"embeddable":true,"href":"https:\/\/havamall.vn\/en\/wp-json\/wp\/v2\/media\/27881"}],"wp:attachment":[{"href":"https:\/\/havamall.vn\/en\/wp-json\/wp\/v2\/media?parent=27858"}],"wp:term":[{"taxonomy":"product_brand","embeddable":true,"href":"https:\/\/havamall.vn\/en\/wp-json\/wp\/v2\/product_brand?post=27858"},{"taxonomy":"product_cat","embeddable":true,"href":"https:\/\/havamall.vn\/en\/wp-json\/wp\/v2\/product_cat?post=27858"},{"taxonomy":"product_tag","embeddable":true,"href":"https:\/\/havamall.vn\/en\/wp-json\/wp\/v2\/product_tag?post=27858"}],"curies":[{"name":"wp","href":"https:\/\/api.w.org\/{rel}","templated":true}]}}