{"id":27851,"date":"2022-07-11T16:10:43","date_gmt":"2022-07-11T09:10:43","guid":{"rendered":"https:\/\/havamall.vn\/?post_type=product&#038;p=27851"},"modified":"2025-08-20T16:13:38","modified_gmt":"2025-08-20T09:13:38","slug":"sot-ot-mexico-la-costena-140ml-mexican-hot-sauce","status":"publish","type":"product","link":"https:\/\/havamall.vn\/en\/shop\/sot-ot-mexico-la-costena-140ml-mexican-hot-sauce\/","title":{"rendered":"S\u1ed1t \u1edat Mexico La Coste\u00f1a 140ml &#8211; Mexican Hot Sauce"},"content":{"rendered":"<p>La Coste\u00f1a\u00a0l\u00e0 m\u1ed9t doanh nghi\u1ec7p v\u1edbi h\u01a1n 97 n\u0103m kinh nghi\u1ec7m x\u00e2y d\u1ef1ng v\u00e0 ph\u00e1t tri\u1ec3n c\u00e1c s\u1ea3n ph\u1ea9m v\u1ec1 th\u1ef1c ph\u1ea9m v\u1edbi ch\u1ea5t l\u01b0\u1ee3ng cao.<\/p>\n<p>Ng\u00e0y nay, doanh nghi\u1ec7p n\u00e0y hi\u1ec7n \u0111ang c\u00f3 7 nh\u00e0 m\u00e1y \u0111ang trong qu\u00e1 tr\u00ecnh ho\u1ea1t \u0111\u1ed9ng, v\u1edbi h\u01a1n 4000 c\u00f4ng nh\u00e2n v\u00e0 m\u1ed9t m\u00f4i tr\u01b0\u1eddng l\u00e0m vi\u1ec7c tuy\u1ec7t v\u1eddi, c\u00f9ng v\u1edbi \u0111\u00f3 l\u00e0 tri\u1ebft l\u00fd \u201cN\u1ed7 l\u1ef1c kh\u00f4ng ng\u1eebng \u0111\u1ec3 t\u1ea1o ra nh\u1eefng s\u1ea3n ph\u1ea9m ch\u1ea5t l\u01b0\u1ee3ng h\u00e0ng \u0111\u1ea7u v\u1edbi gi\u00e1 c\u1ea3 h\u1ee3p l\u00fd\u201d.<\/p>\n<p><img fetchpriority=\"high\" decoding=\"async\" class=\"wp-image-27853 aligncenter\" src=\"https:\/\/havamall.com\/wp-content\/uploads\/2025\/08\/El-Metodo-De-Productos-300x168.png\" alt=\"\" width=\"607\" height=\"340\" \/><\/p>\n<p>\u1edat \u0111\u00e3 tr\u1edf th\u00e0nh m\u1ed9t th\u00e0nh ph\u1ea7n quan tr\u1ecdng trong \u1ea9m th\u1ef1c c\u1ee7a Mexico v\u00e0 \u0111\u01b0\u1ee3c s\u1eed d\u1ee5ng l\u00e0m nhi\u1ec1u lo\u1ea1i n\u01b0\u1edbc s\u1ed1t, gia v\u1ecb \u0111i c\u00f9ng trong h\u1ea7u h\u1ebft c\u00e1c m\u00f3n \u0103n c\u1ee7a Mexico.<\/p>\n<p>N\u01b0\u1edbc s\u1ed1t t\u1eadp trung nhi\u1ec1u v\u00e0o h\u01b0\u01a1ng v\u1ecb h\u01a1n l\u00e0 \u0111\u1ed9 cay n\u00f3ng c\u1ee7a n\u00f3. Ba lo\u1ea1i \u1edbt \u0111\u01b0\u1ee3c s\u1eed d\u1ee5ng l\u00e0m nguy\u00ean li\u1ec7u cho lo\u1ea1i n\u01b0\u1edbc s\u1ed1t n\u00e0y \u0111\u00f3 l\u00e0 jalapeno, chipotle v\u00e0 habanero. Nguy\u00ean li\u1ec7u gi\u1ea5m m\u00eda \u0111\u01b0\u1ee3c c\u0169ng t\u1ef1 s\u1ea3n xu\u1ea5t n\u01a1i \u0111\u00e2y \u0111\u1ec3 \u0111\u1ea3m b\u1ea3o s\u1ea3n ph\u1ea9m mang h\u01b0\u01a1ng v\u1ecb truy\u1ec1n th\u1ed1ng c\u1ee7a Mexico.<\/p>\n<p><img decoding=\"async\" class=\"wp-image-27854 aligncenter\" src=\"https:\/\/havamall.com\/wp-content\/uploads\/2025\/08\/89435878_513814585968993-300x300.png\" alt=\"\" width=\"604\" height=\"604\" \/><\/p>\n<p>V\u1edbi c\u00f4ng th\u1ee9c \u0111\u1eb7c bi\u1ec7t, s\u1ea3n ph\u1ea9m l\u00e0 s\u1ef1 h\u00f2a quy\u1ec7n h\u00e0i h\u00f2a gi\u1eefa \u1edbt, gi\u1ea5m m\u00eda v\u00e0 c\u00e1c lo\u1ea1i gia v\u1ecb kh\u00e1c \u0111\u1ec3 t\u1ea1o n\u00ean m\u1ed9t h\u01b0\u01a1ng v\u1ecb cay \u0111\u1eb7c tr\u01b0ng c\u1ee7a Mexico. C\u00f3 th\u1ec3 \u0111\u01b0\u1ee3c s\u1eed d\u1ee5ng trong nhi\u1ec1u m\u00f3n \u0103n, th\u00edch h\u1ee3p v\u1edbi h\u1ea3i s\u1ea3n, m\u00ec \u1ed1ng, pizza, b\u00e1nh m\u00ec k\u1eb9p th\u1ecbt\u2026.M\u1ecbn v\u00e0 cay, ti\u1ec7n l\u1ee3i, d\u1ec5 d\u00e0ng s\u1eed d\u1ee5ng.<\/p>\n<p>N\u01b0\u1edbc s\u1ed1t ch\u00ednh th\u1ed1ng c\u1ee7a Mexico n\u00e0y c\u00f3 h\u01b0\u01a1ng v\u1ecb \u0111\u1eadm \u0111\u00e0, th\u01a1m ngon, l\u00fd t\u01b0\u1edfng cho r\u1ea5t nhi\u1ec1u m\u00f3n \u0103n, t\u1eeb tr\u1ee9ng v\u00e0 b\u00e1nh Taco \u0111\u1ec3 t\u0103ng th\u00eam \u0111\u1ed9 cay n\u00f3ng cho n\u01b0\u1edbc s\u1ed1t, s\u00fap v\u00e0 h\u01a1n th\u1ebf n\u1eefa. S\u1ea3n ph\u1ea9m l\u00e0 s\u1ef1 pha tr\u1ed9n c\u1ee7a \u1edbt cay \u0111\u1ec3 k\u00edch th\u00edch v\u1ecb gi\u00e1c.<\/p>\n<p><img decoding=\"async\" class=\"wp-image-27855 aligncenter\" src=\"https:\/\/havamall.com\/wp-content\/uploads\/2025\/08\/download-1-300x240.png\" alt=\"\" width=\"595\" height=\"476\" \/><\/p>\n<h3><strong>H\u01b0\u1edbng d\u1eabn s\u1eed d\u1ee5ng:<\/strong><\/h3>\n<p>&#8211; D\u00f9ng v\u1edbi b\u00f2 beefsteak, pizza, m\u00ec \u00dd, c\u00e1c lo\u1ea1i m\u00ec x\u00e0o, tr\u1ee9ng \u1ed1p la, c\u01a1m chi\u00ean,&#8230;<\/p>\n<p>&#8211; D\u00f9ng \u0111\u1ec3 \u01b0\u1edbp c\u00e1c m\u00f3n n\u01b0\u1edbng cay nh\u01b0: c\u00e1nh g\u00e0 n\u01b0\u1edbng cay, s\u01b0\u1eddn s\u1ed1t ho\u1eb7c l\u00e0m n\u01b0\u1edbc s\u1ed1t cho c\u00e1c m\u00f3n n\u01b0\u1edbng.<\/p>\n<p>&#8211; C\u00f3 th\u1ec3 l\u00e0m m\u00f3n mu\u1ed1i ti\u00eau ch\u1ea5m v\u1edbi c\u00e1c m\u00f3n n\u01b0\u1edbng.<\/p>\n<p>&#8211; Ho\u1eb7c s\u1eed d\u1ee5ng t\u00f9y s\u1edf th\u00edch.<\/p>\n<p>S\u1ea3n ph\u1ea9m hi\u1ec7n \u0111\u00e3 c\u00f3 m\u1eb7t t\u1ea1i Havamall.<\/p>\n<p><img loading=\"lazy\" decoding=\"async\" class=\"wp-image-27856 aligncenter\" src=\"https:\/\/havamall.com\/wp-content\/uploads\/2025\/08\/60ba27eeb-300x300.png\" alt=\"\" width=\"616\" height=\"616\" \/><\/p>","protected":false},"excerpt":{"rendered":"<p>La Coste\u00f1a\u00a0l\u00e0 m\u1ed9t doanh nghi\u1ec7p v\u1edbi h\u01a1n 97 n\u0103m kinh nghi\u1ec7m x\u00e2y d\u1ef1ng v\u00e0 ph\u00e1t tri\u1ec3n c\u00e1c s\u1ea3n ph\u1ea9m v\u1ec1<\/p>","protected":false},"featured_media":27857,"comment_status":"open","ping_status":"closed","template":"","meta":[],"product_brand":[],"product_cat":[677,36],"product_tag":[],"class_list":{"0":"post-27851","1":"product","2":"type-product","3":"status-publish","4":"has-post-thumbnail","6":"product_cat-cac-nuoc-khac","7":"product_cat-thuc-pham-tieu-dung","9":"first","10":"outofstock","11":"sale","12":"shipping-taxable","13":"purchasable","14":"product-type-simple"},"_links":{"self":[{"href":"https:\/\/havamall.vn\/en\/wp-json\/wp\/v2\/product\/27851"}],"collection":[{"href":"https:\/\/havamall.vn\/en\/wp-json\/wp\/v2\/product"}],"about":[{"href":"https:\/\/havamall.vn\/en\/wp-json\/wp\/v2\/types\/product"}],"replies":[{"embeddable":true,"href":"https:\/\/havamall.vn\/en\/wp-json\/wp\/v2\/comments?post=27851"}],"version-history":[{"count":0,"href":"https:\/\/havamall.vn\/en\/wp-json\/wp\/v2\/product\/27851\/revisions"}],"wp:featuredmedia":[{"embeddable":true,"href":"https:\/\/havamall.vn\/en\/wp-json\/wp\/v2\/media\/27857"}],"wp:attachment":[{"href":"https:\/\/havamall.vn\/en\/wp-json\/wp\/v2\/media?parent=27851"}],"wp:term":[{"taxonomy":"product_brand","embeddable":true,"href":"https:\/\/havamall.vn\/en\/wp-json\/wp\/v2\/product_brand?post=27851"},{"taxonomy":"product_cat","embeddable":true,"href":"https:\/\/havamall.vn\/en\/wp-json\/wp\/v2\/product_cat?post=27851"},{"taxonomy":"product_tag","embeddable":true,"href":"https:\/\/havamall.vn\/en\/wp-json\/wp\/v2\/product_tag?post=27851"}],"curies":[{"name":"wp","href":"https:\/\/api.w.org\/{rel}","templated":true}]}}