{"id":27846,"date":"2022-07-11T14:48:26","date_gmt":"2022-07-11T07:48:26","guid":{"rendered":"https:\/\/havamall.vn\/?post_type=product&#038;p=27846"},"modified":"2022-09-16T14:24:47","modified_gmt":"2022-09-16T07:24:47","slug":"ban-go-ngoi-bet-mini","status":"publish","type":"product","link":"https:\/\/havamall.vn\/en\/shop\/ban-go-ngoi-bet-mini\/","title":{"rendered":"B\u00e0n G\u1ed7 Ng\u1ed3i B\u1ec7t Mini"},"content":{"rendered":"<p>Chi\u1ebfc b\u00e0n tr\u00e0, b\u00e0n ng\u1ed3i sofa, b\u00e0n cafe v\u1edbi phong c\u00e1ch thi\u1ebft k\u1ebf \u0111\u01a1n gi\u1ea3n, tinh t\u1ebf, \u0111\u1eb9p m\u1eb7t k\u1ebft h\u1ee3p m\u00e0u s\u00e1ng c\u1ee7a ch\u00e2n g\u1ed7 t\u1ef1 nhi\u00ean l\u00e0m n\u1ed5i b\u1eadt m\u1ecdi kh\u00f4ng gian trong ng\u00f4i nh\u00e0. B\u1ea1n c\u00f3 th\u1ec3 s\u1eed d\u1ee5ng l\u00e0m b\u00e0n tr\u00e0, b\u00e0n \u0111\u1ecdc s\u00e1ch, b\u00e0n sofa, b\u00e0n cafe, b\u00e0n \u0111\u1ec3 \u0111\u1ed3, trong ph\u00f2ng kh\u00e1ch, ph\u00f2ng ng\u1ee7.<\/p>\n<p><img fetchpriority=\"high\" decoding=\"async\" class=\"wp-image-27847 aligncenter\" src=\"https:\/\/havamall.vn\/wp-content\/uploads\/2022\/07\/c06ae6a4ce250d7b5434-247x300.jpg\" alt=\"\" width=\"574\" height=\"698\" srcset=\"https:\/\/havamall.vn\/wp-content\/uploads\/2022\/07\/c06ae6a4ce250d7b5434-247x300.jpg 247w, https:\/\/havamall.vn\/wp-content\/uploads\/2022\/07\/c06ae6a4ce250d7b5434-430x522.jpg 430w, https:\/\/havamall.vn\/wp-content\/uploads\/2022\/07\/c06ae6a4ce250d7b5434-150x182.jpg 150w, https:\/\/havamall.vn\/wp-content\/uploads\/2022\/07\/c06ae6a4ce250d7b5434-768x932.jpg 768w\" sizes=\"(max-width: 574px) 100vw, 574px\" \/><\/p>\n<p>B\u00e0n g\u1ed7 mini s\u1edf h\u1eefu m\u1ed9t ki\u1ec3u d\u00e1ng h\u1ebft s\u1ee9c \u0111\u01a1n gi\u1ea3n m\u00e0 ti\u1ec7n l\u1ee3i, t\u1ea5m m\u1eb7t b\u00e0n g\u1ed7 \u0111\u01b0\u1ee3c g\u1eafn c\u1ed1 \u0111\u1ecbnh v\u1edbi ph\u1ea7n khung ch\u00e2n c\u1ee9ng c\u00e1p, t\u1ea1o th\u00e0nh m\u1ed9t kh\u1ed1i ch\u1eafc ch\u1eafn v\u1edbi d\u00e1ng v\u1ebb hi\u1ec7n \u0111\u1ea1i. B\u1ec1 m\u1eb7t c\u1ee7a b\u00e0n r\u1ea5t c\u1ee9ng, kh\u00f3 b\u1ecb tr\u1ea7y x\u01b0\u1edbc, khi s\u1edd v\u00e0o c\u00f3 c\u1ea3m gi\u00e1c \u00eam tay v\u00e0 m\u01b0\u1ee3t m\u00e0. V\u00e2n g\u1ed7 \u0111\u1ed9c \u0111\u00e1o \u0111\u01b0\u1ee3c th\u1ec3 hi\u1ec7n r\u00f5 n\u00e9t qua \u0111\u00f3 t\u1ea1o ngu\u1ed3n c\u1ea3m h\u1ee9ng tuy\u1ec7t v\u1eddi cho kh\u00f4ng gian n\u1ed9i th\u1ea5t nh\u00e0 b\u1ea1n.<\/p>\n<p><img decoding=\"async\" class=\"wp-image-27848 aligncenter\" src=\"https:\/\/havamall.vn\/wp-content\/uploads\/2022\/07\/a335181f41deb314a29619ae10ee81ee-300x300.jpg\" alt=\"\" width=\"584\" height=\"584\" srcset=\"https:\/\/havamall.vn\/wp-content\/uploads\/2022\/07\/a335181f41deb314a29619ae10ee81ee-300x300.jpg 300w, https:\/\/havamall.vn\/wp-content\/uploads\/2022\/07\/a335181f41deb314a29619ae10ee81ee-430x430.jpg 430w, https:\/\/havamall.vn\/wp-content\/uploads\/2022\/07\/a335181f41deb314a29619ae10ee81ee-150x150.jpg 150w, https:\/\/havamall.vn\/wp-content\/uploads\/2022\/07\/a335181f41deb314a29619ae10ee81ee-700x700.jpg 700w, https:\/\/havamall.vn\/wp-content\/uploads\/2022\/07\/a335181f41deb314a29619ae10ee81ee-768x768.jpg 768w, https:\/\/havamall.vn\/wp-content\/uploads\/2022\/07\/a335181f41deb314a29619ae10ee81ee-600x600.jpg 600w, https:\/\/havamall.vn\/wp-content\/uploads\/2022\/07\/a335181f41deb314a29619ae10ee81ee-100x100.jpg 100w, https:\/\/havamall.vn\/wp-content\/uploads\/2022\/07\/a335181f41deb314a29619ae10ee81ee.jpg 800w\" sizes=\"(max-width: 584px) 100vw, 584px\" \/><\/p>\n<h3><strong>\u0110\u1eb7c \u0111i\u1ec3m n\u1ed5i b\u1eadt c\u1ee7a s\u1ea3n ph\u1ea9m:<\/strong><\/h3>\n<p>&#8211; B\u00e0n th\u00edch h\u1ee3p s\u1eed d\u1ee5ng ng\u1ed3i d\u01b0\u1edbi \u0111\u1ea5t. Gam m\u00e0u g\u1ed7 t\u1ef1 nhi\u00ean.<\/p>\n<p>&#8211; V\u1edbi ch\u1ea5t li\u1ec7u g\u1ed7 t\u1ef1 nhi\u00ean, b\u1ec1n \u0111\u1eb9p th\u00e2n thi\u1ec7n v\u1edbi m\u00f4i tr\u01b0\u1eddng,ch\u1ecbu n\u01b0\u1edbc kh\u00f4ng s\u1ee3 h\u01b0.<\/p>\n<p>&#8211; \u0110\u01b0\u1ee3c l\u00e0m t\u1eeb g\u1ed7 t\u1ef1 nhi\u00ean \u0111\u00e3 qua x\u1eed l\u00fd ch\u1ed1ng cong v\u00eanh, ch\u1ed1ng m\u1ed1i m\u1ecdt, \u0111\u1ea3m b\u1ea3o \u0111\u1ed9 b\u1ec1n cho s\u1ea3n ph\u1ea9m.<\/p>\n<p>&#8211; B\u1ec1 m\u1eb7t b\u00e0n \u0111\u01b0\u1ee3c gia c\u00f4ng t\u1ec9 m\u1ec9, nh\u1eb5n m\u1ecbn, an to\u00e0n cho ng\u01b0\u1eddi s\u1eed d\u1ee5ng. S\u1ea3n ph\u1ea9m r\u1ea5t l\u00fd t\u01b0\u1edfng \u0111\u1ec3 l\u00e0m b\u00e0n h\u1ecdc, b\u00e0n l\u00e0m vi\u1ec7c, \u0111\u1ecdc s\u00e1ch b\u00e1o, \u0111\u1eb7t m\u00e1y t\u00ednh x\u00e1ch tay\u2026<\/p>\n<p>&#8211; K\u1ebft c\u1ea5u b\u00e0n ch\u1eafc ch\u1eafn, ch\u00e2n x\u1ebfp v\u1eefng ch\u00e3i, kh\u00f4ng b\u1ecb l\u1ecfng qua th\u1eddi gian v\u00e0 kh\u00f4ng b\u1ecb tr\u01b0\u1ee3t hay \u0111\u1ed5 khi s\u1eed d\u1ee5ng.<\/p>\n<p>&#8211; S\u1ea3n ph\u1ea9m v\u1edbi k\u00edch th\u01b0\u1edbc c\u00f9ng tr\u1ecdng l\u01b0\u1ee3ng g\u1ecdn nh\u1eb9, gi\u00fap ti\u1ebft ki\u1ec7m kh\u00f4ng gian t\u1ed1i \u0111a.<\/p>\n<p>S\u1ea3n ph\u1ea9m hi\u1ec7n \u0111\u00e3 c\u00f3 m\u1eb7t t\u1ea1i Havamall.<\/p>\n<p><img decoding=\"async\" class=\"wp-image-27849 aligncenter\" src=\"https:\/\/havamall.vn\/wp-content\/uploads\/2022\/07\/8afee4ea1d02f3affd82d4a2eae142fa-300x300.jpg\" alt=\"\" width=\"600\" height=\"600\" srcset=\"https:\/\/havamall.vn\/wp-content\/uploads\/2022\/07\/8afee4ea1d02f3affd82d4a2eae142fa-300x300.jpg 300w, https:\/\/havamall.vn\/wp-content\/uploads\/2022\/07\/8afee4ea1d02f3affd82d4a2eae142fa-430x430.jpg 430w, https:\/\/havamall.vn\/wp-content\/uploads\/2022\/07\/8afee4ea1d02f3affd82d4a2eae142fa-150x150.jpg 150w, https:\/\/havamall.vn\/wp-content\/uploads\/2022\/07\/8afee4ea1d02f3affd82d4a2eae142fa-700x700.jpg 700w, https:\/\/havamall.vn\/wp-content\/uploads\/2022\/07\/8afee4ea1d02f3affd82d4a2eae142fa-768x768.jpg 768w, https:\/\/havamall.vn\/wp-content\/uploads\/2022\/07\/8afee4ea1d02f3affd82d4a2eae142fa-600x600.jpg 600w, https:\/\/havamall.vn\/wp-content\/uploads\/2022\/07\/8afee4ea1d02f3affd82d4a2eae142fa-100x100.jpg 100w, https:\/\/havamall.vn\/wp-content\/uploads\/2022\/07\/8afee4ea1d02f3affd82d4a2eae142fa.jpg 1024w\" sizes=\"(max-width: 600px) 100vw, 600px\" \/><\/p>","protected":false},"excerpt":{"rendered":"<p>Chi\u1ebfc b\u00e0n tr\u00e0, b\u00e0n ng\u1ed3i sofa, b\u00e0n cafe v\u1edbi phong c\u00e1ch thi\u1ebft k\u1ebf \u0111\u01a1n gi\u1ea3n, tinh t\u1ebf, \u0111\u1eb9p m\u1eb7t k\u1ebft<\/p>","protected":false},"featured_media":27850,"comment_status":"open","ping_status":"closed","template":"","meta":[],"product_brand":[],"product_cat":[394,35],"product_tag":[],"class_list":{"0":"post-27846","1":"product","2":"type-product","3":"status-publish","4":"has-post-thumbnail","6":"product_cat-trang-tri-nha-cua","7":"product_cat-nha-cua-doi-song","9":"first","10":"instock","11":"sale","12":"shipping-taxable","13":"purchasable","14":"product-type-simple"},"_links":{"self":[{"href":"https:\/\/havamall.vn\/en\/wp-json\/wp\/v2\/product\/27846"}],"collection":[{"href":"https:\/\/havamall.vn\/en\/wp-json\/wp\/v2\/product"}],"about":[{"href":"https:\/\/havamall.vn\/en\/wp-json\/wp\/v2\/types\/product"}],"replies":[{"embeddable":true,"href":"https:\/\/havamall.vn\/en\/wp-json\/wp\/v2\/comments?post=27846"}],"version-history":[{"count":0,"href":"https:\/\/havamall.vn\/en\/wp-json\/wp\/v2\/product\/27846\/revisions"}],"wp:featuredmedia":[{"embeddable":true,"href":"https:\/\/havamall.vn\/en\/wp-json\/wp\/v2\/media\/27850"}],"wp:attachment":[{"href":"https:\/\/havamall.vn\/en\/wp-json\/wp\/v2\/media?parent=27846"}],"wp:term":[{"taxonomy":"product_brand","embeddable":true,"href":"https:\/\/havamall.vn\/en\/wp-json\/wp\/v2\/product_brand?post=27846"},{"taxonomy":"product_cat","embeddable":true,"href":"https:\/\/havamall.vn\/en\/wp-json\/wp\/v2\/product_cat?post=27846"},{"taxonomy":"product_tag","embeddable":true,"href":"https:\/\/havamall.vn\/en\/wp-json\/wp\/v2\/product_tag?post=27846"}],"curies":[{"name":"wp","href":"https:\/\/api.w.org\/{rel}","templated":true}]}}