{"id":27829,"date":"2022-07-08T17:27:06","date_gmt":"2022-07-08T10:27:06","guid":{"rendered":"https:\/\/havamall.vn\/?post_type=product&#038;p=27829"},"modified":"2022-07-12T15:13:35","modified_gmt":"2022-07-12T08:13:35","slug":"ke-go-3-tang-decor-phong-cach-han-quoc","status":"publish","type":"product","link":"https:\/\/havamall.vn\/en\/shop\/ke-go-3-tang-decor-phong-cach-han-quoc\/","title":{"rendered":"K\u1ec7 G\u1ed7 3 T\u1ea7ng Decor Phong C\u00e1ch H\u00e0n Qu\u1ed1c"},"content":{"rendered":"<p>K\u1ec7 g\u1ed7 \u0111\u1ec3 \u0111\u1ed3 3 t\u1ea7ngc\u00f3 c\u00f4ng d\u1ee5ng \u0111a n\u0103ng, \u0111\u00e1p \u1ee9ng \u0111a d\u1ea1ng nhu c\u1ea7u c\u1ee7a ng\u01b0\u1eddi d\u00f9ng. K\u1ec7 c\u00f3 thi\u1ebft k\u1ebf \u0111\u01a1n gi\u1ea3n, hi\u1ec7n \u0111\u1ea1i n\u00ean th\u00edch h\u1ee3p s\u1eed d\u1ee5ng trong nhi\u1ec1u kh\u00f4ng gian kh\u00e1c nhau. T\u1eeb ph\u00f2ng ng\u1ee7, ph\u00f2ng t\u1eafm gia \u0111\u00ecnh \u0111\u1ebfn spa, salon, qu\u00e1n cafe, tr\u00e0 s\u1eefa\u2026<\/p>\n<p>K\u1ec7 bao g\u1ed3m 3 m\u1eb7t, k\u00e8m theo ch\u00e2n g\u1ed7 th\u00f4ng t\u1ef1 nhi\u00ean \u0111\u00e3 qua x\u1eed l\u00fd t\u1ec9 m\u1ec9 ch\u1ed1ng cong v\u00eanh, m\u1ed1i m\u1ecdt, m\u1eb7t t\u1ea5m ch\u1ed1ng x\u01b0\u1edbc. V\u1edbi thi\u1ebft k\u1ebf t\u1ed1i \u01b0u n\u00ean \u0111\u1ec3 \u0111\u1ed3 d\u00f9ng c\u00e1 nh\u00e2n r\u1ea5t t\u1ed1i \u01b0u gi\u00fap t\u1ea1o n\u00ean m\u1ed9t kh\u00f4ng gian s\u1ed1ng hi\u1ec7n \u0111\u1ea1i, g\u1ecdn g\u00e0ng, mang phong c\u00e1ch t\u1ed1i gi\u1ea3n Minimalism.<\/p>\n<p><img fetchpriority=\"high\" decoding=\"async\" class=\"wp-image-27830 aligncenter\" src=\"https:\/\/havamall.vn\/wp-content\/uploads\/2022\/07\/2b22a014575a9f76157d27c1b82b347c-300x249.jpg\" alt=\"\" width=\"563\" height=\"467\" srcset=\"https:\/\/havamall.vn\/wp-content\/uploads\/2022\/07\/2b22a014575a9f76157d27c1b82b347c-300x249.jpg 300w, https:\/\/havamall.vn\/wp-content\/uploads\/2022\/07\/2b22a014575a9f76157d27c1b82b347c-430x357.jpg 430w, https:\/\/havamall.vn\/wp-content\/uploads\/2022\/07\/2b22a014575a9f76157d27c1b82b347c-150x124.jpg 150w, https:\/\/havamall.vn\/wp-content\/uploads\/2022\/07\/2b22a014575a9f76157d27c1b82b347c-700x580.jpg 700w, https:\/\/havamall.vn\/wp-content\/uploads\/2022\/07\/2b22a014575a9f76157d27c1b82b347c-768x637.jpg 768w, https:\/\/havamall.vn\/wp-content\/uploads\/2022\/07\/2b22a014575a9f76157d27c1b82b347c.jpg 1024w, https:\/\/havamall.vn\/wp-content\/uploads\/2022\/07\/2b22a014575a9f76157d27c1b82b347c-600x497.jpg 600w\" sizes=\"(max-width: 563px) 100vw, 563px\" \/><\/p>\n<p>V\u1edbi k\u1ebft c\u1ea5u v\u1eefng ch\u1eafc c\u0169ng v\u1ebb b\u1eaft m\u1eaft c\u1ee7a m\u00ecnh, k\u1ec7 trang tr\u00ed mang \u0111\u1ebfn s\u1ef1 hi\u1ec7n \u0111\u1ea1i cho kh\u00f4ng gian. K\u1ec7 gi\u00fap ch\u1ee9a c\u00e1c \u0111\u1ed3 v\u1eadt nh\u01b0 s\u00e1ch b\u00e1o, t\u00e0i li\u1ec7u, \u0111\u1ed3 decor mang l\u1ea1i v\u1ebb \u0111\u1eb9p ho\u00e0n h\u1ea3o v\u00e0 s\u1ef1 g\u1ecdn g\u00e0ng cho kh\u00f4ng gian. Khung g\u1ed7 c\u00f3 \u0111\u1ed9 b\u1ec1n \u0111\u1eb9p cao. \u0110\u00e2y ch\u1eafc ch\u1eafn l\u00e0 l\u1ef1a ch\u1ecdn m\u00e0 b\u1ea1n kh\u00f4ng th\u1ec3 b\u1ecf qua cho m\u1ed9t kh\u00f4ng gian ho\u00e0n thi\u1ec7n.<\/p>\n<p><img decoding=\"async\" class=\"wp-image-27831 aligncenter\" src=\"https:\/\/havamall.vn\/wp-content\/uploads\/2022\/07\/ke-go-decor-3-tang-da-nang-phong-cach-han-quoc-626b42ece0d8c-29042022084412-300x278.jpg\" alt=\"\" width=\"556\" height=\"516\" srcset=\"https:\/\/havamall.vn\/wp-content\/uploads\/2022\/07\/ke-go-decor-3-tang-da-nang-phong-cach-han-quoc-626b42ece0d8c-29042022084412-300x278.jpg 300w, https:\/\/havamall.vn\/wp-content\/uploads\/2022\/07\/ke-go-decor-3-tang-da-nang-phong-cach-han-quoc-626b42ece0d8c-29042022084412-430x398.jpg 430w, https:\/\/havamall.vn\/wp-content\/uploads\/2022\/07\/ke-go-decor-3-tang-da-nang-phong-cach-han-quoc-626b42ece0d8c-29042022084412-150x139.jpg 150w, https:\/\/havamall.vn\/wp-content\/uploads\/2022\/07\/ke-go-decor-3-tang-da-nang-phong-cach-han-quoc-626b42ece0d8c-29042022084412-700x648.jpg 700w\" sizes=\"(max-width: 556px) 100vw, 556px\" \/><\/p>\n<h3><strong>C\u00d4NG D\u1ee4NG: <\/strong><\/h3>\n<p>&#8211; Ke\u0323\u0302 go\u0302\u0303 \u0111a na\u0306ng la\u0300 sa\u0309n pha\u0302\u0309m mang ho\u031bi tho\u031b\u0309 cu\u0309a vu\u0300ng \u0111a\u0302\u0301t Ba\u0306\u0301c A\u0302u. Vo\u031b\u0301i ki\u0301ch thu\u031bo\u031b\u0301c nho\u0309 go\u0323n, no\u0301 cung ca\u0302\u0301p cho ba\u0323n nhie\u0302\u0300u lu\u031b\u0323a cho\u0323n ho\u031bn cho kho\u0302ng gian khi chi\u0309 chie\u0302\u0301m mo\u0323\u0302t die\u0323\u0302n ti\u0301ch nho\u0309.<\/p>\n<p>&#8211; Gi\u00e1 g\u1ed7 3 ta\u0302\u0300ng giu\u0301p ba\u0323n ca\u0302\u0301t go\u0323n \u0111o\u0302\u0300 \u0111a\u0323c, tie\u0302\u0301t kie\u0323\u0302m tho\u031b\u0300i gian ti\u0300m kie\u0302\u0301m va\u0300 to\u0302\u0301i u\u031bu kho\u0302ng gian so\u0302\u0301ng cu\u0309a mi\u0300nh.<\/p>\n<p>&#8211; Sa\u0309n pha\u0302\u0309m ke\u0323\u0302 go\u0302\u0303 \u0111a na\u0306ng co\u0301 the\u0302\u0309 tha\u0301o la\u0306\u0301p de\u0302\u0303 da\u0300ng, tie\u0323\u0302n du\u0323ng cho ba\u0323n khi ca\u0302\u0300n di chuye\u0302\u0309n hay ve\u0323\u0302 sinh sa\u0309n pha\u0302\u0309m.<\/p>\n<p>&#8211; Vo\u031b\u0301i ma\u0300u sa\u0306\u0301c nha\u0303 nha\u0323\u0306n, ha\u0300i ho\u0300a, ke\u0323\u0302 go\u0302\u0303 \u0111a na\u0306ng phu\u0300 ho\u031b\u0323p cho mo\u0323i kho\u0302ng gian, tu\u031b\u0300 pho\u0300ng ngu\u0309, pho\u0300ng kha\u0301ch, pho\u0300ng be\u0302\u0301p \u0111e\u0302\u0301n nhu\u031b\u0303ng qua\u0301n cafe, spa, cu\u031b\u0309a ha\u0300ng, thi\u0301ch ho\u031b\u0323p cho ca\u0309 ca\u0301c co-working va\u0300 va\u0306n pho\u0300ng co\u0302ng so\u031b\u0309.<\/p>\n<p><img decoding=\"async\" class=\"wp-image-27832 aligncenter\" src=\"https:\/\/havamall.vn\/wp-content\/uploads\/2022\/07\/f160dcb92c4a380bce7c92d826d0f9b0.png_1200x1200q80.jpg_-300x256.png\" alt=\"\" width=\"557\" height=\"476\" srcset=\"https:\/\/havamall.vn\/wp-content\/uploads\/2022\/07\/f160dcb92c4a380bce7c92d826d0f9b0.png_1200x1200q80.jpg_-300x256.png 300w, https:\/\/havamall.vn\/wp-content\/uploads\/2022\/07\/f160dcb92c4a380bce7c92d826d0f9b0.png_1200x1200q80.jpg_-430x367.png 430w, https:\/\/havamall.vn\/wp-content\/uploads\/2022\/07\/f160dcb92c4a380bce7c92d826d0f9b0.png_1200x1200q80.jpg_-150x128.png 150w, https:\/\/havamall.vn\/wp-content\/uploads\/2022\/07\/f160dcb92c4a380bce7c92d826d0f9b0.png_1200x1200q80.jpg_-700x598.png 700w, https:\/\/havamall.vn\/wp-content\/uploads\/2022\/07\/f160dcb92c4a380bce7c92d826d0f9b0.png_1200x1200q80.jpg_-768x656.png 768w, https:\/\/havamall.vn\/wp-content\/uploads\/2022\/07\/f160dcb92c4a380bce7c92d826d0f9b0.png_1200x1200q80.jpg_-600x513.png 600w, https:\/\/havamall.vn\/wp-content\/uploads\/2022\/07\/f160dcb92c4a380bce7c92d826d0f9b0.png_1200x1200q80.jpg_.png 960w\" sizes=\"(max-width: 557px) 100vw, 557px\" \/><\/p>\n<h3><strong>H\u01af\u1edaNG D\u1eaaN S\u1eec D\u1ee4NG:<\/strong><\/h3>\n<p>&#8211; S\u1ea3n ph\u1ea9m t\u1ef1 l\u1eafp r\u00e1p, nguy\u00ean ki\u1ec7n bao g\u1ed3m b\u1ed9 d\u1ee5ng c\u1ee5 l\u1eafp r\u00e1p v\u00e0 h\u01b0\u1edbng d\u1eabn s\u1eed d\u1ee5ng.<\/p>\n<p>&#8211; H\u1ea1n ch\u1ebf ti\u1ebfp x\u00fac v\u1edbi \u00e1nh n\u1eafng m\u1eb7t tr\u1eddi, n\u01a1i \u1ea9m \u01b0\u1edbt.<\/p>\n<p>&#8211; Kh\u00f4ng s\u1eed d\u1ee5ng c\u00e1c ch\u1ea5t t\u1ea9y r\u1eeda chuy\u00ean d\u1ee5ng d\u1ec5 l\u00e0m m\u1ea5t \u0111\u1ed9 th\u1ea9m m\u1ef9 c\u1ee7a b\u1ec1 m\u1eb7t g\u1ed7.<\/p>\n<p>S\u1ea3n ph\u1ea9m hi\u1ec7n \u0111a c\u00f3 m\u1eb7t t\u1ea1i Havamall.<\/p>","protected":false},"excerpt":{"rendered":"<p>K\u1ec7 g\u1ed7 \u0111\u1ec3 \u0111\u1ed3 3 t\u1ea7ngc\u00f3 c\u00f4ng d\u1ee5ng \u0111a n\u0103ng, \u0111\u00e1p \u1ee9ng \u0111a d\u1ea1ng nhu c\u1ea7u c\u1ee7a ng\u01b0\u1eddi d\u00f9ng. K\u1ec7<\/p>","protected":false},"featured_media":27838,"comment_status":"open","ping_status":"closed","template":"","meta":[],"product_brand":[],"product_cat":[394,35],"product_tag":[],"class_list":{"0":"post-27829","1":"product","2":"type-product","3":"status-publish","4":"has-post-thumbnail","6":"product_cat-trang-tri-nha-cua","7":"product_cat-nha-cua-doi-song","9":"first","10":"instock","11":"sale","12":"shipping-taxable","13":"purchasable","14":"product-type-simple"},"_links":{"self":[{"href":"https:\/\/havamall.vn\/en\/wp-json\/wp\/v2\/product\/27829"}],"collection":[{"href":"https:\/\/havamall.vn\/en\/wp-json\/wp\/v2\/product"}],"about":[{"href":"https:\/\/havamall.vn\/en\/wp-json\/wp\/v2\/types\/product"}],"replies":[{"embeddable":true,"href":"https:\/\/havamall.vn\/en\/wp-json\/wp\/v2\/comments?post=27829"}],"version-history":[{"count":0,"href":"https:\/\/havamall.vn\/en\/wp-json\/wp\/v2\/product\/27829\/revisions"}],"wp:featuredmedia":[{"embeddable":true,"href":"https:\/\/havamall.vn\/en\/wp-json\/wp\/v2\/media\/27838"}],"wp:attachment":[{"href":"https:\/\/havamall.vn\/en\/wp-json\/wp\/v2\/media?parent=27829"}],"wp:term":[{"taxonomy":"product_brand","embeddable":true,"href":"https:\/\/havamall.vn\/en\/wp-json\/wp\/v2\/product_brand?post=27829"},{"taxonomy":"product_cat","embeddable":true,"href":"https:\/\/havamall.vn\/en\/wp-json\/wp\/v2\/product_cat?post=27829"},{"taxonomy":"product_tag","embeddable":true,"href":"https:\/\/havamall.vn\/en\/wp-json\/wp\/v2\/product_tag?post=27829"}],"curies":[{"name":"wp","href":"https:\/\/api.w.org\/{rel}","templated":true}]}}