{"id":27812,"date":"2022-07-08T14:52:09","date_gmt":"2022-07-08T07:52:09","guid":{"rendered":"https:\/\/havamall.vn\/?post_type=product&#038;p=27812"},"modified":"2023-09-23T17:10:07","modified_gmt":"2023-09-23T10:10:07","slug":"ke-go-dung-cu-pha-ca-phe-staresso-mini","status":"publish","type":"product","link":"https:\/\/havamall.vn\/en\/shop\/ke-go-dung-cu-pha-ca-phe-staresso-mini\/","title":{"rendered":"K\u1ec7 G\u1ed7 D\u1ee5ng C\u1ee5 Pha C\u00e0 Ph\u00ea Staresso Mini"},"content":{"rendered":"<p>Gi\u00e1 \u0111\u1ee1 pha c\u00e0 ph\u00ea \u0111\u01b0\u1ee3c l\u00e0m t\u1eeb g\u1ed7 th\u1ecbt t\u1ef1 nhi\u00ean k\u1ebft h\u1ee3p v\u1edbi 4 l\u1edbp b\u1ea3o v\u1ec7 gi\u00fap ch\u1ed1ng th\u1ea5m n\u01b0\u1edbc v\u00e0 an to\u00e0n trong c\u00e1c \u0111\u1ed3 d\u00f9ng cho th\u1ef1c ph\u1ea9m. S\u1ea3n ph\u1ea9m kh\u00f4ng b\u1ecb th\u1ea5m n\u01b0\u1edbc n\u00ean c\u00f3 th\u1ec3 d\u1ec5 d\u00e0ng lau b\u1eb1ng kh\u0103n \u01b0\u1edbt khi b\u1ecb r\u1edbt c\u00e0 ph\u00ea.<\/p>\n<p>S\u1ea3n ph\u1ea9m h\u00ecnh th\u1ee9c b\u1eaft m\u1eaft ch\u1ea5t li\u1ec7u g\u1ed7 sang tr\u1ecdng v\u00e0 an to\u00e0n th\u1ef1c ph\u1ea9m, gi\u00fap thu\u1eadn ti\u1ec7n h\u01a1n trong qu\u00e1 tr\u00ecnh pha ch\u1ebf ho\u1eb7c c\u00f3 th\u1ec3 l\u00e0m v\u1eadt d\u1ee5ng trang tr\u00ed.<\/p>\n<p>L\u00e0 m\u1ed9t chi\u1ebfc k\u1ec7 nh\u1ecf g\u1ecdn nh\u01b0ng ch\u1eafc ch\u1eafn, an to\u00e0n khi s\u1eed d\u1ee5ng. N\u00ean b\u1ea1n c\u00f3 th\u1ec3 d\u1ec5 d\u00e0ng mang \u0111i. D\u00f9 \u0111i l\u00e0m, \u0111i picnic hay \u0111i du l\u1ecbch,&#8230; b\u1ea1n \u0111\u1ec1u c\u00f3 th\u1ec3 mang theo \u0111\u1ec3 ti\u1ec7n l\u1ee3i cho vi\u1ec7c pha ch\u1ebf c\u1ee7a b\u1ea1n.<\/p>\n<p><img fetchpriority=\"high\" decoding=\"async\" class=\"wp-image-27814 aligncenter\" src=\"https:\/\/havamall.vn\/wp-content\/uploads\/2022\/07\/aad8212f02aa8fe3-300x227.jpg\" alt=\"\" width=\"562\" height=\"425\" srcset=\"https:\/\/havamall.vn\/wp-content\/uploads\/2022\/07\/aad8212f02aa8fe3-300x227.jpg 300w, https:\/\/havamall.vn\/wp-content\/uploads\/2022\/07\/aad8212f02aa8fe3-430x325.jpg 430w, https:\/\/havamall.vn\/wp-content\/uploads\/2022\/07\/aad8212f02aa8fe3-150x113.jpg 150w, https:\/\/havamall.vn\/wp-content\/uploads\/2022\/07\/aad8212f02aa8fe3-700x529.jpg 700w, https:\/\/havamall.vn\/wp-content\/uploads\/2022\/07\/aad8212f02aa8fe3-768x580.jpg 768w, https:\/\/havamall.vn\/wp-content\/uploads\/2022\/07\/aad8212f02aa8fe3-600x453.jpg 600w, https:\/\/havamall.vn\/wp-content\/uploads\/2022\/07\/aad8212f02aa8fe3.jpg 800w\" sizes=\"(max-width: 562px) 100vw, 562px\" \/><\/p>\n<h3><strong>\u0110\u1eb7c \u0111i\u1ec3m n\u1ed5i b\u1eadt c\u1ee7a s\u1ea3n ph\u1ea9m:<\/strong><\/h3>\n<p>&#8211; S\u1ea3n ph\u1ea9m ph\u1ee5 ki\u1ec7n c\u00e0 ph\u00ea 100% gi\u1ed1ng m\u00f4 t\u1ea3. H\u00ecnh \u1ea3nh c\u1ee7a shop l\u00e0 100% gi\u1ed1ng.<\/p>\n<p>&#8211; S\u1ea3n ph\u1ea9m \u0111\u01b0\u1ee3c l\u00e0m t\u1eeb g\u1ed7 t\u1ef1 nhi\u00ean.<\/p>\n<p>&#8211; B\u1ec1 m\u1eb7t trong ngo\u00e0i \u0111\u01b0\u1ee3c x\u1eed l\u00fd nh\u1eb5n b\u00f3ng, d\u1ec5 d\u00e0ng v\u1ec7 sinh khi s\u1eed d\u1ee5ng.<\/p>\n<p>&#8211; S\u1ea3n ph\u1ea9m ch\u1ecbu \u0111\u01b0\u1ee3c n\u00f3ng l\u1ea1nh (tr\u1eeb nhi\u1ec7t \u0111\u1ed9 qu\u00e1 cao).<\/p>\n<p><img decoding=\"async\" class=\"wp-image-27815 aligncenter\" src=\"https:\/\/havamall.vn\/wp-content\/uploads\/2022\/07\/e6e3185df137145dd739668aa77ea8b2.jpg_1500x1500q80-300x279.jpg\" alt=\"\" width=\"565\" height=\"526\" srcset=\"https:\/\/havamall.vn\/wp-content\/uploads\/2022\/07\/e6e3185df137145dd739668aa77ea8b2.jpg_1500x1500q80-300x279.jpg 300w, https:\/\/havamall.vn\/wp-content\/uploads\/2022\/07\/e6e3185df137145dd739668aa77ea8b2.jpg_1500x1500q80-430x400.jpg 430w, https:\/\/havamall.vn\/wp-content\/uploads\/2022\/07\/e6e3185df137145dd739668aa77ea8b2.jpg_1500x1500q80-150x140.jpg 150w, https:\/\/havamall.vn\/wp-content\/uploads\/2022\/07\/e6e3185df137145dd739668aa77ea8b2.jpg_1500x1500q80-700x651.jpg 700w, https:\/\/havamall.vn\/wp-content\/uploads\/2022\/07\/e6e3185df137145dd739668aa77ea8b2.jpg_1500x1500q80-768x715.jpg 768w, https:\/\/havamall.vn\/wp-content\/uploads\/2022\/07\/e6e3185df137145dd739668aa77ea8b2.jpg_1500x1500q80-1024x953.jpg 1024w, https:\/\/havamall.vn\/wp-content\/uploads\/2022\/07\/e6e3185df137145dd739668aa77ea8b2.jpg_1500x1500q80-1200x1117.jpg 1200w, https:\/\/havamall.vn\/wp-content\/uploads\/2022\/07\/e6e3185df137145dd739668aa77ea8b2.jpg_1500x1500q80-600x558.jpg 600w, https:\/\/havamall.vn\/wp-content\/uploads\/2022\/07\/e6e3185df137145dd739668aa77ea8b2.jpg_1500x1500q80.jpg 1500w\" sizes=\"(max-width: 565px) 100vw, 565px\" \/><\/p>\n<h3><strong>H\u01b0\u1edbng d\u1eabn s\u1eed d\u1ee5ng v\u00e0 b\u1ea3o qu\u1ea3n:<\/strong><\/h3>\n<p>&#8211; R\u1eeda s\u1ea1ch ngay sau khi d\u00f9ng, h\u1ea1n ch\u1ebf ng\u00e2m n\u01b0\u1edbc l\u00e2u.<\/p>\n<p>&#8211; Kh\u00f4ng ch\u00e0 x\u00e1t s\u1ea3n ph\u1ea9m v\u1edbi v\u1eadt c\u1ee9ng \u0111\u1ec3 tr\u00e1nh tr\u1ea7y x\u01b0\u1edbc.<\/p>\n<p>&#8211; Kh\u00f4ng d\u00f9ng trong l\u00f2 vi s\u00f3ng ho\u1eb7c m\u00e1y r\u1eeda ch\u00e9n.<\/p>\n<p>&#8211; \u0110\u1ec3 gi\u1eef \u0111\u1ed9 b\u00f3ng v\u00e0 b\u1ec1n cho s\u1ea3n ph\u1ea9m, h\u00e3y lau th\u1eadt kh\u00f4 b\u1eb1ng kh\u0103n m\u1ec1m.<\/p>","protected":false},"excerpt":{"rendered":"<p>Gi\u00e1 \u0111\u1ee1 pha c\u00e0 ph\u00ea \u0111\u01b0\u1ee3c l\u00e0m t\u1eeb g\u1ed7 th\u1ecbt t\u1ef1 nhi\u00ean k\u1ebft h\u1ee3p v\u1edbi 4 l\u1edbp b\u1ea3o v\u1ec7 gi\u00fap<\/p>","protected":false},"featured_media":27837,"comment_status":"open","ping_status":"closed","template":"","meta":[],"product_brand":[],"product_cat":[393,35],"product_tag":[],"class_list":{"0":"post-27812","1":"product","2":"type-product","3":"status-publish","4":"has-post-thumbnail","6":"product_cat-bep-phong-an","7":"product_cat-nha-cua-doi-song","9":"first","10":"instock","11":"sale","12":"shipping-taxable","13":"purchasable","14":"product-type-simple"},"_links":{"self":[{"href":"https:\/\/havamall.vn\/en\/wp-json\/wp\/v2\/product\/27812"}],"collection":[{"href":"https:\/\/havamall.vn\/en\/wp-json\/wp\/v2\/product"}],"about":[{"href":"https:\/\/havamall.vn\/en\/wp-json\/wp\/v2\/types\/product"}],"replies":[{"embeddable":true,"href":"https:\/\/havamall.vn\/en\/wp-json\/wp\/v2\/comments?post=27812"}],"version-history":[{"count":0,"href":"https:\/\/havamall.vn\/en\/wp-json\/wp\/v2\/product\/27812\/revisions"}],"wp:featuredmedia":[{"embeddable":true,"href":"https:\/\/havamall.vn\/en\/wp-json\/wp\/v2\/media\/27837"}],"wp:attachment":[{"href":"https:\/\/havamall.vn\/en\/wp-json\/wp\/v2\/media?parent=27812"}],"wp:term":[{"taxonomy":"product_brand","embeddable":true,"href":"https:\/\/havamall.vn\/en\/wp-json\/wp\/v2\/product_brand?post=27812"},{"taxonomy":"product_cat","embeddable":true,"href":"https:\/\/havamall.vn\/en\/wp-json\/wp\/v2\/product_cat?post=27812"},{"taxonomy":"product_tag","embeddable":true,"href":"https:\/\/havamall.vn\/en\/wp-json\/wp\/v2\/product_tag?post=27812"}],"curies":[{"name":"wp","href":"https:\/\/api.w.org\/{rel}","templated":true}]}}