{"id":27795,"date":"2022-07-07T17:03:13","date_gmt":"2022-07-07T10:03:13","guid":{"rendered":"https:\/\/havamall.vn\/?post_type=product&#038;p=27795"},"modified":"2023-06-20T10:20:39","modified_gmt":"2023-06-20T03:20:39","slug":"gia-do-trung-bay-dong-ho-bang-go-4-tru","status":"publish","type":"product","link":"https:\/\/havamall.vn\/en\/shop\/gia-do-trung-bay-dong-ho-bang-go-4-tru\/","title":{"rendered":"Gi\u00e1 \u0110\u1ee1 Tr\u01b0ng B\u00e0y \u0110\u1ed3ng H\u1ed3 B\u1eb1ng G\u1ed7 4 Tr\u1ee5"},"content":{"rendered":"<p>Nh\u1eefng chi\u1ebfc gi\u00e1 \u0111\u1ee1 \u0111\u1ed3ng h\u1ed3 \u0111\u1eb9p m\u1eaft v\u00e0 tinh t\u1ebf \u0111\u01b0\u1ee3c ch\u00fang t\u00f4i l\u00e0m ho\u00e0n to\u00e0n th\u1ee7 c\u00f4ng t\u1ea1i x\u01b0\u1edfng g\u1ed7 c\u1ee7a ch\u00fang t\u00f4i. Ch\u00fang t\u00f4i l\u1ef1a ch\u1ecdn g\u1ed7 g\u00f5 \u0111\u1ecf b\u1edfi ch\u1ea5t l\u01b0\u1ee3ng t\u1ed1t nh\u1ea5t \u1edf th\u1eddi \u0111i\u1ec3m hi\u1ec7n t\u1ea1i.<\/p>\n<p>N\u00f3 \u0111\u01b0\u1ee3c l\u00e0m t\u1eeb g\u1ed7 t\u1ef1 nhi\u00ean 100%. C\u00e1c b\u1ea1n c\u00f3 th\u1ec3 s\u1eed d\u1ee5ng m\u00f3n \u0111\u1ed3 nh\u01b0 m\u1ed9t m\u00f3n qu\u00e0 t\u1eb7ng \u0111\u1ed9c \u0111\u00e1o cho ng\u01b0\u1eddi th\u00e2n c\u1ee7a m\u00ecnh, n\u00f3 \u0111\u01b0\u1ee3c c\u00e1 nh\u00e2n ho\u00e1 theo nhu c\u1ea7u c\u1ee7a b\u1ea1n. B\u1ea1n c\u00f3 th\u1ec3 ghi t\u00ean m\u00ecnh, hay m\u1ed9t th\u00f4ng \u0111i\u1ec7p l\u00ean s\u1ea3n ph\u1ea9m. H\u00e3y cho ch\u00fang t\u00f4i bi\u1ebft \u00fd t\u01b0\u1edfng c\u1ee7a b\u1ea1n.<\/p>\n<p><img fetchpriority=\"high\" decoding=\"async\" class=\"wp-image-27796 aligncenter\" src=\"https:\/\/havamall.vn\/wp-content\/uploads\/2022\/07\/personalised_watch_stand_4_watches_mijmoj_19042-e1571822171645-300x300.jpg\" alt=\"\" width=\"574\" height=\"574\" srcset=\"https:\/\/havamall.vn\/wp-content\/uploads\/2022\/07\/personalised_watch_stand_4_watches_mijmoj_19042-e1571822171645-300x300.jpg 300w, https:\/\/havamall.vn\/wp-content\/uploads\/2022\/07\/personalised_watch_stand_4_watches_mijmoj_19042-e1571822171645-430x430.jpg 430w, https:\/\/havamall.vn\/wp-content\/uploads\/2022\/07\/personalised_watch_stand_4_watches_mijmoj_19042-e1571822171645-150x150.jpg 150w, https:\/\/havamall.vn\/wp-content\/uploads\/2022\/07\/personalised_watch_stand_4_watches_mijmoj_19042-e1571822171645-700x700.jpg 700w, https:\/\/havamall.vn\/wp-content\/uploads\/2022\/07\/personalised_watch_stand_4_watches_mijmoj_19042-e1571822171645-768x768.jpg 768w, https:\/\/havamall.vn\/wp-content\/uploads\/2022\/07\/personalised_watch_stand_4_watches_mijmoj_19042-e1571822171645-1024x1024.jpg 1024w, https:\/\/havamall.vn\/wp-content\/uploads\/2022\/07\/personalised_watch_stand_4_watches_mijmoj_19042-e1571822171645-1200x1200.jpg 1200w, https:\/\/havamall.vn\/wp-content\/uploads\/2022\/07\/personalised_watch_stand_4_watches_mijmoj_19042-e1571822171645-600x600.jpg 600w, https:\/\/havamall.vn\/wp-content\/uploads\/2022\/07\/personalised_watch_stand_4_watches_mijmoj_19042-e1571822171645-100x100.jpg 100w, https:\/\/havamall.vn\/wp-content\/uploads\/2022\/07\/personalised_watch_stand_4_watches_mijmoj_19042-e1571822171645.jpg 1500w\" sizes=\"(max-width: 574px) 100vw, 574px\" \/><\/p>\n<p><span class=\"a-list-item\">\u0110\u01b0\u1ee3c l\u00e0m b\u1eb1ng g\u1ed7 s\u1ed3i nguy\u00ean kh\u1ed1i ch\u1ea5t l\u01b0\u1ee3ng m\u1ed9c m\u1ea1c, m\u1ed9t c\u00e1ch \u0111\u1ed9c \u0111\u00e1o v\u00e0 \u0111\u1eb9p m\u1eaft \u0111\u1ec3 tr\u01b0ng b\u00e0y b\u1ed9 s\u01b0u t\u1eadp \u0111\u1ed3ng h\u1ed3 c\u1ee7a b\u1ea1n.\u00a0Thi\u1ebft k\u1ebf 4 Tr\u1ee5 c\u00f3 ch\u1ed7 \u0111\u1ec3 tr\u01b0ng b\u00e0y 4 chi\u1ebfc \u0111\u1ed3ng h\u1ed3 ho\u1eb7c k\u1ebft h\u1ee3p gi\u1eefa \u0111\u1ed3ng h\u1ed3 v\u00e0 c\u00e1c m\u00f3n \u0111\u1ed3 trang s\u1ee9c kh\u00e1c.<\/span><\/p>\n<p>Gi\u00e1 \u0111\u1ee1 \u0111\u1ed3ng h\u1ed3 \u0111\u01b0\u1ee3c l\u00e0m th\u1ee7 c\u00f4ng, n\u00f3 s\u1ebd t\u1ea1o n\u00ean m\u1ed9t s\u1ef1 b\u1ed5 sung tuy\u1ec7t \u0111\u1eb9p cho b\u1ea5t k\u1ef3 t\u1ee7 trang \u0111i\u1ec3m ph\u00f2ng ng\u1ee7 n\u00e0o. V\u00e0 l\u00e0 m\u1ed9t gi\u1ea3i ph\u00e1p thay th\u1ebf ho\u00e0n h\u1ea3o \u0111\u1ec3 c\u1ea5t gi\u1eef \u0111\u1ed3ng h\u1ed3 cho h\u1ed9p \u0111\u1ef1ng \u0111\u1ed3ng h\u1ed3 b\u1eb1ng da truy\u1ec1n th\u1ed1ng h\u01a1n cho ph\u00e9p b\u1ea1n xem \u0111\u1ed3ng h\u1ed3 m\u1ecdi l\u00fac.<\/p>\n<p><img decoding=\"async\" class=\"wp-image-27798 aligncenter\" src=\"https:\/\/havamall.vn\/wp-content\/uploads\/2022\/07\/original_watch-stand-1-300x237.jpg\" alt=\"\" width=\"577\" height=\"456\" srcset=\"https:\/\/havamall.vn\/wp-content\/uploads\/2022\/07\/original_watch-stand-1-300x237.jpg 300w, https:\/\/havamall.vn\/wp-content\/uploads\/2022\/07\/original_watch-stand-1-430x339.jpg 430w, https:\/\/havamall.vn\/wp-content\/uploads\/2022\/07\/original_watch-stand-1-150x118.jpg 150w, https:\/\/havamall.vn\/wp-content\/uploads\/2022\/07\/original_watch-stand-1-700x553.jpg 700w, https:\/\/havamall.vn\/wp-content\/uploads\/2022\/07\/original_watch-stand-1-768x606.jpg 768w, https:\/\/havamall.vn\/wp-content\/uploads\/2022\/07\/original_watch-stand-1-600x474.jpg 600w, https:\/\/havamall.vn\/wp-content\/uploads\/2022\/07\/original_watch-stand-1.jpg 874w\" sizes=\"(max-width: 577px) 100vw, 577px\" \/><\/p>\n<p><span class=\"a-list-item\">Tr\u01b0ng b\u00e0y \u0110\u1ed3ng h\u1ed3, v\u00f2ng tay, d\u00e2y chuy\u1ec1n v\u00e0 c\u00e1c m\u00f3n \u0111\u1ed3 trang s\u1ee9c kh\u00e1c c\u1ee7a b\u1ea1n h\u01a1n bao gi\u1edd h\u1ebft.\u00a0S\u1eed d\u1ee5ng n\u00f3 c\u00f3 ho\u1eb7c kh\u00f4ng c\u00f3 n\u1eafp k\u00ednh cho b\u1ea1n c\u00e1c t\u00f9y ch\u1ecdn kh\u00e1c nhau \u0111\u1ec3 hi\u1ec3n th\u1ecb gi\u00e1 \u0111\u1ee1 \u0111\u1ed3ng h\u1ed3 c\u1ee7a b\u1ea1n<\/span><\/p>\n<p>\u0110\u00e2y l\u00e0 m\u1ed9t m\u00f3n qu\u00e0 sinh nh\u1eadt th\u1ef1c s\u1ef1 \u0111\u1ed9c \u0111\u00e1o, Ng\u00e0y l\u1ec5 t\u00ecnh nh\u00e2n, Ng\u00e0y c\u1ee7a cha ho\u1eb7c m\u00f3n qu\u00e0 k\u1ef7 ni\u1ec7m d\u00e0nh cho ng\u01b0\u1eddi y\u00eau. \u0110\u1ed3ng h\u1ed3 c\u1ee7a h\u1ecd \u0111\u01b0\u1ee3c n\u00e2ng cao b\u1eb1ng c\u00e1ch th\u00eam m\u1ed9t th\u00f4ng \u0111i\u1ec7p \u0111\u1eb7c bi\u1ec7t \u0111\u1ec3 nh\u1eafc nh\u1edf b\u1ea1n ho\u1eb7c ng\u01b0\u1eddi th\u00e2n y\u00eau c\u1ee7a b\u1ea1n v\u1ec1 nh\u1eefng th\u1eddi \u0111i\u1ec3m \u0111\u1eb7c bi\u1ec7t, \u0111i\u1ec1u g\u00ec th\u1ef1c s\u1ef1 quan tr\u1ecdng trong cu\u1ed9c s\u1ed1ng c\u1ee7a b\u1ea1n<\/p>\n<p>S\u1ea3n ph\u1ea9m hi\u1ec7n \u0111\u00e3 c\u00f3 m\u1eb7t t\u1ea1i Havamall.<\/p>\n<p><img decoding=\"async\" class=\"wp-image-27799 aligncenter\" src=\"https:\/\/havamall.vn\/wp-content\/uploads\/2022\/07\/81tWUBPUNiL._AC_SL1500_-300x190.jpg\" alt=\"\" width=\"581\" height=\"368\" srcset=\"https:\/\/havamall.vn\/wp-content\/uploads\/2022\/07\/81tWUBPUNiL._AC_SL1500_-300x190.jpg 300w, https:\/\/havamall.vn\/wp-content\/uploads\/2022\/07\/81tWUBPUNiL._AC_SL1500_-430x272.jpg 430w, https:\/\/havamall.vn\/wp-content\/uploads\/2022\/07\/81tWUBPUNiL._AC_SL1500_-150x95.jpg 150w, https:\/\/havamall.vn\/wp-content\/uploads\/2022\/07\/81tWUBPUNiL._AC_SL1500_-700x442.jpg 700w, https:\/\/havamall.vn\/wp-content\/uploads\/2022\/07\/81tWUBPUNiL._AC_SL1500_-768x485.jpg 768w, https:\/\/havamall.vn\/wp-content\/uploads\/2022\/07\/81tWUBPUNiL._AC_SL1500_-1024x647.jpg 1024w, https:\/\/havamall.vn\/wp-content\/uploads\/2022\/07\/81tWUBPUNiL._AC_SL1500_-1200x758.jpg 1200w, https:\/\/havamall.vn\/wp-content\/uploads\/2022\/07\/81tWUBPUNiL._AC_SL1500_-600x379.jpg 600w, https:\/\/havamall.vn\/wp-content\/uploads\/2022\/07\/81tWUBPUNiL._AC_SL1500_.jpg 1500w\" sizes=\"(max-width: 581px) 100vw, 581px\" \/><\/p>","protected":false},"excerpt":{"rendered":"<p>Nh\u1eefng chi\u1ebfc gi\u00e1 \u0111\u1ee1 \u0111\u1ed3ng h\u1ed3 \u0111\u1eb9p m\u1eaft v\u00e0 tinh t\u1ebf \u0111\u01b0\u1ee3c ch\u00fang t\u00f4i l\u00e0m ho\u00e0n to\u00e0n th\u1ee7 c\u00f4ng t\u1ea1i<\/p>","protected":false},"featured_media":27840,"comment_status":"open","ping_status":"closed","template":"","meta":[],"product_brand":[],"product_cat":[394,35],"product_tag":[],"class_list":{"0":"post-27795","1":"product","2":"type-product","3":"status-publish","4":"has-post-thumbnail","6":"product_cat-trang-tri-nha-cua","7":"product_cat-nha-cua-doi-song","9":"first","10":"instock","11":"sale","12":"shipping-taxable","13":"purchasable","14":"product-type-simple"},"_links":{"self":[{"href":"https:\/\/havamall.vn\/en\/wp-json\/wp\/v2\/product\/27795"}],"collection":[{"href":"https:\/\/havamall.vn\/en\/wp-json\/wp\/v2\/product"}],"about":[{"href":"https:\/\/havamall.vn\/en\/wp-json\/wp\/v2\/types\/product"}],"replies":[{"embeddable":true,"href":"https:\/\/havamall.vn\/en\/wp-json\/wp\/v2\/comments?post=27795"}],"version-history":[{"count":0,"href":"https:\/\/havamall.vn\/en\/wp-json\/wp\/v2\/product\/27795\/revisions"}],"wp:featuredmedia":[{"embeddable":true,"href":"https:\/\/havamall.vn\/en\/wp-json\/wp\/v2\/media\/27840"}],"wp:attachment":[{"href":"https:\/\/havamall.vn\/en\/wp-json\/wp\/v2\/media?parent=27795"}],"wp:term":[{"taxonomy":"product_brand","embeddable":true,"href":"https:\/\/havamall.vn\/en\/wp-json\/wp\/v2\/product_brand?post=27795"},{"taxonomy":"product_cat","embeddable":true,"href":"https:\/\/havamall.vn\/en\/wp-json\/wp\/v2\/product_cat?post=27795"},{"taxonomy":"product_tag","embeddable":true,"href":"https:\/\/havamall.vn\/en\/wp-json\/wp\/v2\/product_tag?post=27795"}],"curies":[{"name":"wp","href":"https:\/\/api.w.org\/{rel}","templated":true}]}}