{"id":27771,"date":"2022-07-07T10:36:52","date_gmt":"2022-07-07T03:36:52","guid":{"rendered":"https:\/\/havamall.vn\/?post_type=product&#038;p=27771"},"modified":"2022-07-07T10:36:52","modified_gmt":"2022-07-07T03:36:52","slug":"khay-nuong-bbq-dung-mot-lan-phu-hop-mang-di-du-lich-uncle-bills-instant-disposable-bbq","status":"publish","type":"product","link":"https:\/\/havamall.vn\/en\/shop\/khay-nuong-bbq-dung-mot-lan-phu-hop-mang-di-du-lich-uncle-bills-instant-disposable-bbq\/","title":{"rendered":"Khay N\u01b0\u1edbng BBQ D\u00f9ng M\u1ed9t L\u1ea7n Ph\u00f9 H\u1ee3p Mang \u0110i Du L\u1ecbch Uncle Bills &#8211; Instant Disposable BBQ"},"content":{"rendered":"<p>Uncle Bills (UBL) cung c\u1ea5p h\u01a1n 1800 s\u1ea3n ph\u1ea9m ti\u00eau d\u00f9ng phi th\u01b0\u0323c ph\u00e2\u0309m h\u00e2\u0301p d\u00e2\u0303n, ti\u00ea\u0323n i\u0301ch, gia\u0301 ph\u1ea3i ch\u0103ng. S\u1ea3n ph\u1ea9m bao g\u1ed3m nhi\u1ec1u lo\u1ea1i ha\u0300ng ho\u0301a kh\u00e1c nhau, t\u1eeb \u0111\u1ed3 du\u0300ng nh\u00e0 b\u1ebfp, ch\u0103m s\u00f3c c\u00e1 nh\u00e2n, l\u00e0m s\u1ea1ch nha\u0300 c\u01b0\u0309a, \u0111\u00f4\u0300 l\u01b0u tr\u1eef, ca\u0301c loa\u0323i du\u0323ng cu\u0323, v\u00e2\u0323t du\u0323ng ngo\u00e0i tr\u1eddi v\u00e0 ca\u0309 cho tr\u1ebb em. UBL Lu\u00f4n lu\u00f4n c\u00e2\u0323p nh\u00e2\u0323t ca\u0301c sa\u0309n ph\u00e2\u0309m m\u01a1\u0301i.<\/p>\n<p>S\u1ea3n ph\u1ea9m UBL \u0111\u01b0\u1ee3c s\u1ea3n xu\u1ea5t theo ti\u00eau chu\u1ea9n ch\u1ea5t l\u01b0\u1ee3ng nghi\u00eam ng\u1eb7t c\u1ee7a UBL Hongkong v\u00e0 b\u00e1n t\u1ea1i h\u01a1n 50 qu\u1ed1c gia v\u01a1\u0301i h\u01a1n 10.000 c\u1eeda h\u00e0ng, bao g\u1ed3m ch\u00e2u \u00c2u, \u00dac, Ch\u00e2u \u00c1, Ch\u00e2u Phi. S\u1ee9 m\u1ec7nh c\u1ee7a UBL l\u00e0 cung c\u1ea5p nh\u1eefng s\u1ea3n ph\u1ea9m ti\u1ec7n \u00edch v\u00e0 h\u1ea5p d\u1eabn cho ng\u00f4i nh\u00e0 hi\u1ec7n \u0111\u1ea1i c\u1ee7a ng\u01b0\u1eddi Vi\u1ec7t Nam.<\/p>\n<p><img fetchpriority=\"high\" decoding=\"async\" class=\"aligncenter\" src=\"https:\/\/cf.shopee.vn\/file\/f6797de1ee745a2dc0d45cb02727d617\" alt=\"T\u00fai \u0110\u1ef1ng R\u00e1c Th\u00fa C\u01b0ng T\u1ef1 Ph\u00e2n H\u1ee7y Uncle Bills PA3372 | Shopee Vi\u1ec7t Nam\" width=\"590\" height=\"590\" \/><\/p>\n<p>V\u1ec9 n\u01b0\u1edbng BBQ d\u00f9ng 1 l\u1ea7n cho gia \u0111\u00ecnh b\u1ea1n th\u01b0\u1edfng th\u1ee9c nh\u1eefng m\u00f3n n\u01b0\u1edbng th\u01a1m ngon v\u00e0 n\u00f3ng h\u1ed5i m\u1ed9t c\u00e1ch d\u1ec5 d\u00e0ng, nhanh ch\u00f3ng v\u00e0 ti\u1ec7n l\u1ee3i. S\u1ea3n ph\u1ea9m c\u00f3 th\u1ec3 th\u00e1o l\u1eafp v\u00e0 g\u1eafn c\u00e1c b\u1ed9 ph\u1eadn c\u1ee7a b\u1ebfp v\u1edbi nhau r\u1ea5t \u0111\u01a1n gi\u1ea3n, nhanh g\u1ecdn, ti\u1ec7n cho vi\u1ec7c c\u1ea5t gi\u1eef hay mang \u0111i d\u00e3 ngo\u1ea1i, du l\u1ecbch .. Ti\u1ebft ki\u1ec7m th\u1eddi gian nh\u00f3m than, \u00edt kh\u00f3i. \u00cdt ti\u00eau hao nhi\u00ean li\u1ec7u, d\u1ec5 d\u00e0ng v\u1ec7 sinh v\u00e0 l\u00e0m s\u1ea1ch.<\/p>\n<p><img decoding=\"async\" class=\"wp-image-27772 aligncenter\" src=\"https:\/\/havamall.vn\/wp-content\/uploads\/2022\/07\/20160816-DSC_6650-750x500-300x200.jpg\" alt=\"\" width=\"592\" height=\"394\" srcset=\"https:\/\/havamall.vn\/wp-content\/uploads\/2022\/07\/20160816-DSC_6650-750x500-300x200.jpg 300w, https:\/\/havamall.vn\/wp-content\/uploads\/2022\/07\/20160816-DSC_6650-750x500-430x287.jpg 430w, https:\/\/havamall.vn\/wp-content\/uploads\/2022\/07\/20160816-DSC_6650-750x500-150x100.jpg 150w, https:\/\/havamall.vn\/wp-content\/uploads\/2022\/07\/20160816-DSC_6650-750x500-700x467.jpg 700w, https:\/\/havamall.vn\/wp-content\/uploads\/2022\/07\/20160816-DSC_6650-750x500-600x400.jpg 600w, https:\/\/havamall.vn\/wp-content\/uploads\/2022\/07\/20160816-DSC_6650-750x500.jpg 750w\" sizes=\"(max-width: 592px) 100vw, 592px\" \/><\/p>\n<p>B\u1ebfp l\u1ea9u n\u01b0\u1edbng ph\u00f9 h\u1ee3p cho \u0111i choi picnic cu\u1ed1i tu\u1ea7n ,N\u01b0\u1edbng cho nh\u00e0 h\u00e0ng, gia \u0111\u00ecnh, ngo\u00e0i tr\u1eddi, trong nh\u00e0. B\u1ebfp c\u00f3 th\u1ec3\u00a0ngay t\u1ea1i b\u00e0n v\u1eeba c\u00f3 th\u1ec3 n\u01b0\u1edbng, v\u1eeba c\u00f3 th\u1ec3 n\u1ea5u \u0103n l\u1ea9u r\u1ea5t ti\u1ec7n d\u1ee5ng.<\/p>\n<p><img decoding=\"async\" class=\"wp-image-27773 aligncenter\" src=\"https:\/\/havamall.vn\/wp-content\/uploads\/2022\/07\/3718e84042d71af5243b4aeb0a9851a8-300x240.jpg\" alt=\"\" width=\"585\" height=\"468\" srcset=\"https:\/\/havamall.vn\/wp-content\/uploads\/2022\/07\/3718e84042d71af5243b4aeb0a9851a8-300x240.jpg 300w, https:\/\/havamall.vn\/wp-content\/uploads\/2022\/07\/3718e84042d71af5243b4aeb0a9851a8-430x344.jpg 430w, https:\/\/havamall.vn\/wp-content\/uploads\/2022\/07\/3718e84042d71af5243b4aeb0a9851a8-150x120.jpg 150w, https:\/\/havamall.vn\/wp-content\/uploads\/2022\/07\/3718e84042d71af5243b4aeb0a9851a8-700x560.jpg 700w, https:\/\/havamall.vn\/wp-content\/uploads\/2022\/07\/3718e84042d71af5243b4aeb0a9851a8-768x614.jpg 768w, https:\/\/havamall.vn\/wp-content\/uploads\/2022\/07\/3718e84042d71af5243b4aeb0a9851a8-1024x819.jpg 1024w, https:\/\/havamall.vn\/wp-content\/uploads\/2022\/07\/3718e84042d71af5243b4aeb0a9851a8.jpg 1200w, https:\/\/havamall.vn\/wp-content\/uploads\/2022\/07\/3718e84042d71af5243b4aeb0a9851a8-600x480.jpg 600w\" sizes=\"(max-width: 585px) 100vw, 585px\" \/><\/p>\n<h3><strong>\u0110\u1eb6C \u0110I\u1ec2M N\u1ed4I B\u1eacT:<\/strong><\/h3>\n<p>\u2013 Thi\u1ebft k\u1ebf theo ki\u1ec3u d\u00e1ng n\u0103ng \u0111\u1ed9ng, th\u00f4ng minh d\u1ec5 d\u00e0ng g\u1ea5p g\u1ecdn l\u1ea1i mang \u0111i, c\u1ea5t gi\u1eef d\u1ec5 d\u00e0ng.<\/p>\n<p>\u2013 S\u1eed d\u1ee5ng b\u1ed9t than v\u00e0 b\u1ed9t ng\u00f4 khi\u1ebfn than d\u1ec5 ch\u00e1y r\u1ea5t an to\u00e0n v\u00e0 h\u1ee3p kinh t\u1ebf gia \u0111\u00ecnh.<\/p>\n<p>\u2013 V\u1ec9 n\u01b0\u1edbng, khay ph\u1ea3n nhi\u1ec7t \u0111\u01b0\u1ee3c l\u00e0m b\u1eb1ng ch\u1ea5t li\u1ec7u s\u1eaft kh\u00f4ng r\u1ec9, \u0111\u1ea3m b\u1ea3o v\u1ec7 sinh th\u1ef1c ph\u1ea9m khi ch\u1ebf bi\u1ebfn.<\/p>\n<p>\u2013 Kh\u00f3i t\u1eeb b\u1ed9t ng\u00f4 v\u00e0 than c\u00f3 m\u00f9i \u0111\u1eb7c tr\u01b0ng gi\u00fap th\u1ee9c \u0103n \u00e1m nh\u1eb9 m\u00f9i kh\u00f3i \u0111\u1eb7c tr\u01b0ng l\u00e0m n\u1ed5i b\u1eadt h\u01b0\u01a1ng v\u1ecb n\u01b0\u1edbng.<\/p>\n<p>\u2013 Thi\u1ebft k\u1ebf theo ki\u1ec3u d\u00e1ng n\u0103ng \u0111\u1ed9ng, th\u00f4ng minh d\u1ec5 d\u00e0ng mang \u0111i, c\u1ea5t gi\u1eef d\u1ec5 d\u00e0ng.<\/p>\n<p>\u2013 V\u1ec9 n\u01b0\u1edbng ch\u1ecbu nhi\u1ec7t \u0111\u1ea3m b\u1ea3o v\u1ec7 sinh th\u1ef1c ph\u1ea9m khi ch\u1ebf bi\u1ebfn.<\/p>\n<p>\u2013 D\u1ec5 d\u00e0ng d\u1eadp l\u1eeda, ti\u00eau h\u1ee7y, th\u00e2n thi\u1ec7n v\u1edbi m\u00f4i tr\u01b0\u1eddng<\/p>\n<p>\u2013 Than ch\u00e1y 120p \u0111\u1ee7 cho gia \u0111\u00ecnh, b\u1ea1n b\u00e8 c\u00f3 m\u1ed9t b\u1eefa \u0103n \u1ea5m c\u00fang<\/p>\n<p>\u2013 B\u1ed9 s\u1ea3n ph\u1ea9m bao g\u1ed3m: 1 khay than , 01 gi\u00e1 \u0111\u1ec3 than, 01 v\u1ec9 n\u01b0\u1edbng, than b\u1ed9t ng\u00f4.<\/p>\n<p><img loading=\"lazy\" decoding=\"async\" class=\"wp-image-27774 aligncenter\" src=\"https:\/\/havamall.vn\/wp-content\/uploads\/2022\/07\/Instant-bbq-6-300x188.png\" alt=\"\" width=\"595\" height=\"373\" srcset=\"https:\/\/havamall.vn\/wp-content\/uploads\/2022\/07\/Instant-bbq-6-300x188.png 300w, https:\/\/havamall.vn\/wp-content\/uploads\/2022\/07\/Instant-bbq-6-430x269.png 430w, https:\/\/havamall.vn\/wp-content\/uploads\/2022\/07\/Instant-bbq-6-150x94.png 150w, https:\/\/havamall.vn\/wp-content\/uploads\/2022\/07\/Instant-bbq-6-700x438.png 700w, https:\/\/havamall.vn\/wp-content\/uploads\/2022\/07\/Instant-bbq-6.png 768w, https:\/\/havamall.vn\/wp-content\/uploads\/2022\/07\/Instant-bbq-6-600x375.png 600w\" sizes=\"(max-width: 595px) 100vw, 595px\" \/><\/p>","protected":false},"excerpt":{"rendered":"<p>Uncle Bills (UBL) cung c\u1ea5p h\u01a1n 1800 s\u1ea3n ph\u1ea9m ti\u00eau d\u00f9ng phi th\u01b0\u0323c ph\u00e2\u0309m h\u00e2\u0301p d\u00e2\u0303n, ti\u00ea\u0323n i\u0301ch, gia\u0301 ph\u1ea3i<\/p>","protected":false},"featured_media":27775,"comment_status":"open","ping_status":"closed","template":"","meta":[],"product_brand":[],"product_cat":[393,35],"product_tag":[],"class_list":{"0":"post-27771","1":"product","2":"type-product","3":"status-publish","4":"has-post-thumbnail","6":"product_cat-bep-phong-an","7":"product_cat-nha-cua-doi-song","8":"pa_brand-uncle-bills","10":"first","11":"instock","12":"sale","13":"shipping-taxable","14":"purchasable","15":"product-type-simple"},"_links":{"self":[{"href":"https:\/\/havamall.vn\/en\/wp-json\/wp\/v2\/product\/27771"}],"collection":[{"href":"https:\/\/havamall.vn\/en\/wp-json\/wp\/v2\/product"}],"about":[{"href":"https:\/\/havamall.vn\/en\/wp-json\/wp\/v2\/types\/product"}],"replies":[{"embeddable":true,"href":"https:\/\/havamall.vn\/en\/wp-json\/wp\/v2\/comments?post=27771"}],"version-history":[{"count":0,"href":"https:\/\/havamall.vn\/en\/wp-json\/wp\/v2\/product\/27771\/revisions"}],"wp:featuredmedia":[{"embeddable":true,"href":"https:\/\/havamall.vn\/en\/wp-json\/wp\/v2\/media\/27775"}],"wp:attachment":[{"href":"https:\/\/havamall.vn\/en\/wp-json\/wp\/v2\/media?parent=27771"}],"wp:term":[{"taxonomy":"product_brand","embeddable":true,"href":"https:\/\/havamall.vn\/en\/wp-json\/wp\/v2\/product_brand?post=27771"},{"taxonomy":"product_cat","embeddable":true,"href":"https:\/\/havamall.vn\/en\/wp-json\/wp\/v2\/product_cat?post=27771"},{"taxonomy":"product_tag","embeddable":true,"href":"https:\/\/havamall.vn\/en\/wp-json\/wp\/v2\/product_tag?post=27771"}],"curies":[{"name":"wp","href":"https:\/\/api.w.org\/{rel}","templated":true}]}}