{"id":27765,"date":"2022-07-07T09:43:25","date_gmt":"2022-07-07T02:43:25","guid":{"rendered":"https:\/\/havamall.vn\/?post_type=product&#038;p=27765"},"modified":"2022-07-07T14:47:22","modified_gmt":"2022-07-07T07:47:22","slug":"dung-dich-ve-sinh-toilet-4-cai-uncle-bills-toilet-cleaning-blocks","status":"publish","type":"product","link":"https:\/\/havamall.vn\/en\/shop\/dung-dich-ve-sinh-toilet-4-cai-uncle-bills-toilet-cleaning-blocks\/","title":{"rendered":"Vi\u00ean T\u1ea9y B\u1ed3n C\u1ea7u 4 C\u00e1i Uncle Bills &#8211; Toilet Cleaning Blocks"},"content":{"rendered":"<p>Uncle Bills (UBL) cung c\u1ea5p h\u01a1n 1800 s\u1ea3n ph\u1ea9m ti\u00eau d\u00f9ng phi th\u01b0\u0323c ph\u00e2\u0309m h\u00e2\u0301p d\u00e2\u0303n, ti\u00ea\u0323n i\u0301ch, gia\u0301 ph\u1ea3i ch\u0103ng. S\u1ea3n ph\u1ea9m bao g\u1ed3m nhi\u1ec1u lo\u1ea1i ha\u0300ng ho\u0301a kh\u00e1c nhau, t\u1eeb \u0111\u1ed3 du\u0300ng nh\u00e0 b\u1ebfp, ch\u0103m s\u00f3c c\u00e1 nh\u00e2n, l\u00e0m s\u1ea1ch nha\u0300 c\u01b0\u0309a, \u0111\u00f4\u0300 l\u01b0u tr\u1eef, ca\u0301c loa\u0323i du\u0323ng cu\u0323, v\u00e2\u0323t du\u0323ng ngo\u00e0i tr\u1eddi v\u00e0 ca\u0309 cho tr\u1ebb em. UBL Lu\u00f4n lu\u00f4n c\u00e2\u0323p nh\u00e2\u0323t ca\u0301c sa\u0309n ph\u00e2\u0309m m\u01a1\u0301i.<\/p>\n<p>S\u1ea3n ph\u1ea9m UBL \u0111\u01b0\u1ee3c s\u1ea3n xu\u1ea5t theo ti\u00eau chu\u1ea9n ch\u1ea5t l\u01b0\u1ee3ng nghi\u00eam ng\u1eb7t c\u1ee7a UBL Hongkong v\u00e0 b\u00e1n t\u1ea1i h\u01a1n 50 qu\u1ed1c gia v\u01a1\u0301i h\u01a1n 10.000 c\u1eeda h\u00e0ng, bao g\u1ed3m ch\u00e2u \u00c2u, \u00dac, Ch\u00e2u \u00c1, Ch\u00e2u Phi. S\u1ee9 m\u1ec7nh c\u1ee7a UBL l\u00e0 cung c\u1ea5p nh\u1eefng s\u1ea3n ph\u1ea9m ti\u1ec7n \u00edch v\u00e0 h\u1ea5p d\u1eabn cho ng\u00f4i nh\u00e0 hi\u1ec7n \u0111\u1ea1i c\u1ee7a ng\u01b0\u1eddi Vi\u1ec7t Nam.<\/p>\n<p><img fetchpriority=\"high\" decoding=\"async\" class=\"aligncenter\" src=\"https:\/\/cf.shopee.vn\/file\/f6797de1ee745a2dc0d45cb02727d617\" alt=\"T\u00fai \u0110\u1ef1ng R\u00e1c Th\u00fa C\u01b0ng T\u1ef1 Ph\u00e2n H\u1ee7y Uncle Bills PA3372 | Shopee Vi\u1ec7t Nam\" width=\"590\" height=\"590\" \/><\/p>\n<p>Khoa h\u1ecdc \u0111\u00e3 ch\u1ee9ng minh ngay c\u1ea3 khi m\u1ed9t toilet nh\u00ecn s\u1ea1ch b\u1eb1ng m\u1eaft th\u01b0\u1eddng nh\u01b0ng v\u1eabn c\u00f2n h\u01a1n 189 lo\u1ea1i vi tr\u00f9ng sinh s\u1ed1ng, v\u00e0 \u0111\u00e2y l\u00e0 m\u1ed9t m\u1ed1i nguy hi\u1ec3m l\u1edbn cho b\u1ea1n v\u00e0 c\u1ea3 gia \u0111\u00ecnh.<\/p>\n<p>B\u1ed9 4 mi\u1ebfng dung d\u1ecbch v\u1ec7 sinh toilet Uncle-Bills\u00a0l\u00e0 gi\u1ea3i ph\u00e1p ho\u00e0n h\u1ea3o cho b\u1ea1n. Gi\u00fap b\u1ea1n d\u1ec5 d\u00e0ng \u0111\u00e1nh b\u1eadt c\u00e1c lo\u1ea1i v\u1ebft b\u1ea9n c\u1ee9ng \u0111\u1ea7u, v\u00e0 c\u00e1c lo\u1ea1i vi tr\u00f9ng \u1ea9n n\u1ea5p s\u00e2u trong toilet. T\u1eeb nay toilet nh\u00e0 b\u1ea1n s\u1ebd lu\u00f4n s\u1ea1ch s\u1ebd v\u00e0 s\u00e1ng b\u00f3ng.<\/p>\n<p><img decoding=\"async\" class=\"aligncenter\" src=\"https:\/\/havamall.vn\/wp-content\/uploads\/2022\/07\/47376f30b3185c56cc0829c0ae40c44bf6138298_original.jpeg\" alt='Buy Toilet Detergent Toilet Bowl Cleaners Toilet Cleaning Tablets Toilet  Deodorizer Bathroom Cleaners 10PCS at affordable prices \u2014 free shipping,  real reviews with photos \u2014 Joom' width=\"603\" height=\"603\" \/><\/p>\n<p>Gi\u1eef cho toilet s\u1ea1ch s\u1ebd, v\u1ec7 sinh ch\u00ednh l\u00e0 c\u00e1ch t\u1ed1t nh\u1ea5t \u0111\u1ec3 b\u1ea1n b\u1ea3o v\u1ec7 gia \u0111\u00ecnh th\u00e2n y\u00eau c\u1ee7a m\u00ecnh tr\u00e1nh kh\u1ecfi c\u00e1c m\u1ea7m m\u1ed1ng vi tr\u00f9ng th\u01b0\u1eddng l\u1ea9n tr\u1ed1n trong toilet. \u0110\u1eb7c bi\u1ec7t v\u1edbi nh\u1eefng gia \u0111\u00ecnh c\u00f3 tr\u1ebb nh\u1ecf vi\u1ec7c gi\u1eef g\u00ecn v\u1ec7 sinh toilet l\u00e0 m\u1ed9t c\u00f4ng vi\u1ec7c r\u1ea5t quan tr\u1ecdng<\/p>\n<h3><strong>\u0110\u1eb6C \u0110I\u1ec2M N\u1ed4I B\u1eacT<\/strong><\/h3>\n<p>&#8211; S\u1ea1ch m\u1ecdi vi tr\u00f9ng, v\u1ebft b\u1ea9n c\u1ee9ng \u0111\u1ea7u<\/p>\n<p>&#8211; B\u1ed9 4 mi\u1ebfng dung d\u1ecbch v\u1ec7 sinh c\u00f3 t\u00e1c d\u1ee5ng c\u1ef1c m\u1ea1nh, gi\u00fap \u0111\u00e1nh tan m\u1ecdi v\u1ebft b\u1ea9n kh\u00f3 ch\u00f9i nh\u1ea5t. Di\u1ec7t s\u1ea1ch c\u00e1c lo\u1ea1i vi tr\u00f9ng.<\/p>\n<p>&#8211; M\u00f9i h\u01b0\u01a1ng nh\u1eb9 nh\u00e0ng, d\u1ec5 ch\u1ecbu<\/p>\n<p><img decoding=\"async\" class=\"wp-image-27767 aligncenter\" src=\"https:\/\/havamall.vn\/wp-content\/uploads\/2022\/07\/0a887c6129c1fb9cbfa87ab11deb4e34-300x165.jpg\" alt=\"\" width=\"589\" height=\"324\" srcset=\"https:\/\/havamall.vn\/wp-content\/uploads\/2022\/07\/0a887c6129c1fb9cbfa87ab11deb4e34-300x165.jpg 300w, https:\/\/havamall.vn\/wp-content\/uploads\/2022\/07\/0a887c6129c1fb9cbfa87ab11deb4e34-430x237.jpg 430w, https:\/\/havamall.vn\/wp-content\/uploads\/2022\/07\/0a887c6129c1fb9cbfa87ab11deb4e34-150x83.jpg 150w, https:\/\/havamall.vn\/wp-content\/uploads\/2022\/07\/0a887c6129c1fb9cbfa87ab11deb4e34-700x385.jpg 700w, https:\/\/havamall.vn\/wp-content\/uploads\/2022\/07\/0a887c6129c1fb9cbfa87ab11deb4e34-768x422.jpg 768w, https:\/\/havamall.vn\/wp-content\/uploads\/2022\/07\/0a887c6129c1fb9cbfa87ab11deb4e34-600x330.jpg 600w, https:\/\/havamall.vn\/wp-content\/uploads\/2022\/07\/0a887c6129c1fb9cbfa87ab11deb4e34.jpg 900w\" sizes=\"(max-width: 589px) 100vw, 589px\" \/><\/p>\n<h3><strong>H\u01af\u1edaNG D\u1eaaN S\u1eec D\u1ee4NG<\/strong><\/h3>\n<p>&gt; B\u01b0\u1edbc 1: L\u1ea5y l\u01b0\u1ee3ng vi\u00ean t\u1ea9y b\u1ed3n c\u1ea7u theo h\u01b0\u1edbng d\u1eabn tr\u00ean bao b\u00ec s\u1ea3n ph\u1ea9m.<\/p>\n<p>&gt; B\u01b0\u1edbc 2: X\u1ea3 h\u1ebft n\u01b0\u1edbc trong b\u1ed3n ch\u1ee9a n\u01b0\u1edbc, \u0111\u1eb7t vi\u00ean t\u1ea9y v\u00e0o l\u01b0\u1edbi l\u1ecdc b\u1ed3n c\u1ea7u.<\/p>\n<p>&gt; B\u01b0\u1edbc 3: Ch\u1edd trong kho\u1ea3ng 30 &#8211; 60 ph\u00fat \u0111\u1ec3 vi\u00ean t\u1ea9y b\u1ed3n c\u1ea7u t\u1ef1 tan h\u1ebft, n\u01b0\u1edbc trong b\u1ed3n ch\u1ee9a chuy\u1ec3n th\u00e0nh m\u00e0y xanh v\u00e0 b\u1ea1n gi\u1eadt n\u01b0\u1edbc \u0111\u1ec3 t\u1ea9y s\u1ea1ch m\u1ea3ng b\u00e1m, vi khu\u1ea9n, c\u00e1c v\u1ec7t \u1ed1 v\u00e0ng tr\u00ean b\u1ed3n c\u1ea7u.<\/p>\n<p>&gt; C\u00f3 th\u1ec3 k\u1ebft h\u1ee3p d\u00f9ng th\u00eam b\u00e0n ch\u1ea3i v\u00e0 n\u01b0\u1edbc t\u1ea9y b\u1ed3n c\u1ea7u \u0111\u1ec3 c\u1ecd s\u1ea1ch nh\u1eefng v\u1ebft b\u1ea9n c\u1ee9ng \u0111\u1ea7u c\u00f2n s\u00f3t l\u1ea1i.<\/p>\n<p><img loading=\"lazy\" decoding=\"async\" class=\"wp-image-27768 aligncenter\" src=\"https:\/\/havamall.vn\/wp-content\/uploads\/2022\/07\/e374932ca85fd52de42934141248bd50-300x300.jpg\" alt=\"\" width=\"581\" height=\"581\" srcset=\"https:\/\/havamall.vn\/wp-content\/uploads\/2022\/07\/e374932ca85fd52de42934141248bd50-300x300.jpg 300w, https:\/\/havamall.vn\/wp-content\/uploads\/2022\/07\/e374932ca85fd52de42934141248bd50-430x430.jpg 430w, https:\/\/havamall.vn\/wp-content\/uploads\/2022\/07\/e374932ca85fd52de42934141248bd50-150x150.jpg 150w, https:\/\/havamall.vn\/wp-content\/uploads\/2022\/07\/e374932ca85fd52de42934141248bd50-700x700.jpg 700w, https:\/\/havamall.vn\/wp-content\/uploads\/2022\/07\/e374932ca85fd52de42934141248bd50-768x768.jpg 768w, https:\/\/havamall.vn\/wp-content\/uploads\/2022\/07\/e374932ca85fd52de42934141248bd50-600x600.jpg 600w, https:\/\/havamall.vn\/wp-content\/uploads\/2022\/07\/e374932ca85fd52de42934141248bd50-100x100.jpg 100w, https:\/\/havamall.vn\/wp-content\/uploads\/2022\/07\/e374932ca85fd52de42934141248bd50.jpg 800w\" sizes=\"(max-width: 581px) 100vw, 581px\" \/><\/p>","protected":false},"excerpt":{"rendered":"<p>Uncle Bills (UBL) cung c\u1ea5p h\u01a1n 1800 s\u1ea3n ph\u1ea9m ti\u00eau d\u00f9ng phi th\u01b0\u0323c ph\u00e2\u0309m h\u00e2\u0301p d\u00e2\u0303n, ti\u00ea\u0323n i\u0301ch, gia\u0301 ph\u1ea3i<\/p>","protected":false},"featured_media":27769,"comment_status":"open","ping_status":"closed","template":"","meta":[],"product_brand":[],"product_cat":[35],"product_tag":[],"class_list":{"0":"post-27765","1":"product","2":"type-product","3":"status-publish","4":"has-post-thumbnail","6":"product_cat-nha-cua-doi-song","7":"pa_brand-uncle-bills","9":"first","10":"instock","11":"sale","12":"shipping-taxable","13":"purchasable","14":"product-type-simple"},"_links":{"self":[{"href":"https:\/\/havamall.vn\/en\/wp-json\/wp\/v2\/product\/27765"}],"collection":[{"href":"https:\/\/havamall.vn\/en\/wp-json\/wp\/v2\/product"}],"about":[{"href":"https:\/\/havamall.vn\/en\/wp-json\/wp\/v2\/types\/product"}],"replies":[{"embeddable":true,"href":"https:\/\/havamall.vn\/en\/wp-json\/wp\/v2\/comments?post=27765"}],"version-history":[{"count":0,"href":"https:\/\/havamall.vn\/en\/wp-json\/wp\/v2\/product\/27765\/revisions"}],"wp:featuredmedia":[{"embeddable":true,"href":"https:\/\/havamall.vn\/en\/wp-json\/wp\/v2\/media\/27769"}],"wp:attachment":[{"href":"https:\/\/havamall.vn\/en\/wp-json\/wp\/v2\/media?parent=27765"}],"wp:term":[{"taxonomy":"product_brand","embeddable":true,"href":"https:\/\/havamall.vn\/en\/wp-json\/wp\/v2\/product_brand?post=27765"},{"taxonomy":"product_cat","embeddable":true,"href":"https:\/\/havamall.vn\/en\/wp-json\/wp\/v2\/product_cat?post=27765"},{"taxonomy":"product_tag","embeddable":true,"href":"https:\/\/havamall.vn\/en\/wp-json\/wp\/v2\/product_tag?post=27765"}],"curies":[{"name":"wp","href":"https:\/\/api.w.org\/{rel}","templated":true}]}}