{"id":27758,"date":"2022-07-06T17:26:03","date_gmt":"2022-07-06T10:26:03","guid":{"rendered":"https:\/\/havamall.vn\/?post_type=product&#038;p=27758"},"modified":"2022-07-06T17:26:42","modified_gmt":"2022-07-06T10:26:42","slug":"keo-nhua-epoxy-24g-uncle-bills-tac-dung-trong-5-phut-epoxy-glue","status":"publish","type":"product","link":"https:\/\/havamall.vn\/en\/shop\/keo-nhua-epoxy-24g-uncle-bills-tac-dung-trong-5-phut-epoxy-glue\/","title":{"rendered":"Keo Nh\u1ef1a Epoxy 24G Uncle Bills (T\u00e1c D\u1ee5ng Trong 5 Ph\u00fat) &#8211; Epoxy Glue"},"content":{"rendered":"<p>Uncle Bills (UBL) cung c\u1ea5p h\u01a1n 1800 s\u1ea3n ph\u1ea9m ti\u00eau d\u00f9ng phi th\u01b0\u0323c ph\u00e2\u0309m h\u00e2\u0301p d\u00e2\u0303n, ti\u00ea\u0323n i\u0301ch, gia\u0301 ph\u1ea3i ch\u0103ng. S\u1ea3n ph\u1ea9m bao g\u1ed3m nhi\u1ec1u lo\u1ea1i ha\u0300ng ho\u0301a kh\u00e1c nhau, t\u1eeb \u0111\u1ed3 du\u0300ng nh\u00e0 b\u1ebfp, ch\u0103m s\u00f3c c\u00e1 nh\u00e2n, l\u00e0m s\u1ea1ch nha\u0300 c\u01b0\u0309a, \u0111\u00f4\u0300 l\u01b0u tr\u1eef, ca\u0301c loa\u0323i du\u0323ng cu\u0323, v\u00e2\u0323t du\u0323ng ngo\u00e0i tr\u1eddi v\u00e0 ca\u0309 cho tr\u1ebb em. UBL Lu\u00f4n lu\u00f4n c\u00e2\u0323p nh\u00e2\u0323t ca\u0301c sa\u0309n ph\u00e2\u0309m m\u01a1\u0301i.<\/p>\n<p>S\u1ea3n ph\u1ea9m UBL \u0111\u01b0\u1ee3c s\u1ea3n xu\u1ea5t theo ti\u00eau chu\u1ea9n ch\u1ea5t l\u01b0\u1ee3ng nghi\u00eam ng\u1eb7t c\u1ee7a UBL Hongkong v\u00e0 b\u00e1n t\u1ea1i h\u01a1n 50 qu\u1ed1c gia v\u01a1\u0301i h\u01a1n 10.000 c\u1eeda h\u00e0ng, bao g\u1ed3m ch\u00e2u \u00c2u, \u00dac, Ch\u00e2u \u00c1, Ch\u00e2u Phi. S\u1ee9 m\u1ec7nh c\u1ee7a UBL l\u00e0 cung c\u1ea5p nh\u1eefng s\u1ea3n ph\u1ea9m ti\u1ec7n \u00edch v\u00e0 h\u1ea5p d\u1eabn cho ng\u00f4i nh\u00e0 hi\u1ec7n \u0111\u1ea1i c\u1ee7a ng\u01b0\u1eddi Vi\u1ec7t Nam.<\/p>\n<p><img fetchpriority=\"high\" decoding=\"async\" class=\"aligncenter\" src=\"https:\/\/cf.shopee.vn\/file\/f6797de1ee745a2dc0d45cb02727d617\" alt=\"T\u00fai \u0110\u1ef1ng R\u00e1c Th\u00fa C\u01b0ng T\u1ef1 Ph\u00e2n H\u1ee7y Uncle Bills PA3372 | Shopee Vi\u1ec7t Nam\" width=\"590\" height=\"590\" \/><\/p>\n<p>Keo Nh\u1ef1a Epoxy 24G\u00a0\u0111\u01b0\u1ee3c s\u1ea3n xu\u1ea5t tr\u00ean d\u00e2y chuy\u1ec1n c\u00f4ng ngh\u1ec7 hi\u1ec7n \u0111\u1ea1i, th\u00e0nh ph\u1ea7n t\u1eeb nh\u1ef1a c\u00e2y v\u00e0 ch\u1ea5t l\u00e0m c\u1ee9ng cao c\u1ea5p n\u00ean c\u00f3 \u0111\u1ed9 d\u00ednh r\u1ea5t ch\u1eafc ch\u1eafn.<\/p>\n<p>S\u1ea3n ph\u1ea9m c\u00f3 th\u1ec3 d\u00ednh ch\u1eafc ch\u1eafn tr\u00ean c\u00e1c b\u1ec1 m\u1eb7t kim lo\u1ea1i, g\u1ed7, da, g\u1ed1m, cao su, nh\u1ef1a&#8230;. S\u1ea3n ph\u1ea9m v\u00f4 c\u00f9ng h\u1eefu d\u1ee5ng khi l\u00e0m nh\u1eefng c\u00f4ng vi\u1ec7c th\u1ee7 c\u00f4ng. Keo kh\u00f4 nhanh ch\u00f3ng, gi\u00fap b\u1ea1n thu\u1eadn ti\u1ec7n v\u00e0 tho\u1ea3i m\u00e1i khi s\u1eed d\u1ee5ng. Keo si\u00eau d\u00ednh epoxy \u0111\u00f3ng tu\u00fdp nh\u1ecf xinh x\u1eafn r\u1ea5t ti\u1ec7n d\u1ee5ng, b\u1ea1n c\u00f3 th\u1ec3 c\u1ea5t gi\u1eef v\u00e0 b\u1ea3o qu\u1ea3n d\u1ec5 d\u00e0ng.<\/p>\n<p><img decoding=\"async\" class=\"wp-image-27762 aligncenter\" src=\"https:\/\/havamall.vn\/wp-content\/uploads\/2022\/07\/keo-ab-dan-duoc-nhung-gi-300x266.png\" alt=\"\" width=\"588\" height=\"522\" srcset=\"https:\/\/havamall.vn\/wp-content\/uploads\/2022\/07\/keo-ab-dan-duoc-nhung-gi-300x266.png 300w, https:\/\/havamall.vn\/wp-content\/uploads\/2022\/07\/keo-ab-dan-duoc-nhung-gi-430x381.png 430w, https:\/\/havamall.vn\/wp-content\/uploads\/2022\/07\/keo-ab-dan-duoc-nhung-gi-150x133.png 150w, https:\/\/havamall.vn\/wp-content\/uploads\/2022\/07\/keo-ab-dan-duoc-nhung-gi-700x620.png 700w, https:\/\/havamall.vn\/wp-content\/uploads\/2022\/07\/keo-ab-dan-duoc-nhung-gi-768x680.png 768w\" sizes=\"(max-width: 588px) 100vw, 588px\" \/><\/p>\n<h3><strong>\u0110\u1eb7c \u0111i\u1ec3m n\u1ed5i b\u1eadt c\u1ee7a s\u1ea3n ph\u1ea9m:<\/strong><\/h3>\n<p>&#8211; Keo nh\u1ef1a Epoxy hai th\u00e0nh ph\u1ea7n Uncle Bills chuy\u00ean s\u1eed d\u1ee5ng trong c\u00e1c \u1ee9ng d\u1ee5ng n\u1ed1i gh\u00e9p \/ d\u00e1n c\u1ea7n c\u01b0\u1eddng l\u1ef1c t\u1ed1t, ch\u1ecbu \u0111\u01b0\u1ee3c va \u0111\u1eadp.<\/p>\n<p>&#8211; Keo nh\u1ef1a Epoxy d\u1ec5 s\u1eed d\u1ee5ng, pha tr\u1ed9n.<\/p>\n<p>&#8211; Keo nh\u1ef1a Epoxy kh\u00f4 trong v\u00f2ng 5 ph\u00fat.<\/p>\n<p>&#8211; D\u00e1n ch\u1eafc c\u00f3 th\u1ec3 k\u1ebft d\u00ednh t\u1ed1t v\u1edbi nhi\u1ec1u ch\u1ea5t li\u1ec7u nh\u01b0 g\u1ed7, kim lo\u1ea1i, nh\u1ef1a, s\u1ee9, \u0111\u00e1,&#8230;<\/p>\n<p><img decoding=\"async\" class=\"wp-image-27763 aligncenter\" src=\"https:\/\/havamall.vn\/wp-content\/uploads\/2022\/07\/keo-ab-dan-giay-300x265.png\" alt=\"\" width=\"584\" height=\"516\" srcset=\"https:\/\/havamall.vn\/wp-content\/uploads\/2022\/07\/keo-ab-dan-giay-300x265.png 300w, https:\/\/havamall.vn\/wp-content\/uploads\/2022\/07\/keo-ab-dan-giay-430x379.png 430w, https:\/\/havamall.vn\/wp-content\/uploads\/2022\/07\/keo-ab-dan-giay-150x132.png 150w, https:\/\/havamall.vn\/wp-content\/uploads\/2022\/07\/keo-ab-dan-giay-700x618.png 700w, https:\/\/havamall.vn\/wp-content\/uploads\/2022\/07\/keo-ab-dan-giay-768x678.png 768w, https:\/\/havamall.vn\/wp-content\/uploads\/2022\/07\/keo-ab-dan-giay-600x530.png 600w, https:\/\/havamall.vn\/wp-content\/uploads\/2022\/07\/keo-ab-dan-giay.png 800w\" sizes=\"(max-width: 584px) 100vw, 584px\" \/><\/p>\n<h3><strong>H\u01b0\u1edbng d\u1eabn s\u1eed d\u1ee5ng:<\/strong><\/h3>\n<ul>\n<li>V\u1ec7 sinh, l\u00e0m s\u1ea1ch b\u1ec1 m\u1eb7t v\u1eadt li\u1ec7u c\u1ea7n d\u00ednh.<\/li>\n<li>B\u01a1m keo t\u1eeb hai \u1ed1ng keo ra ( t\u1ec9 l\u1ec7 keo t\u1eeb hai \u1ed1ng l\u00e0 1:1)<\/li>\n<li>D\u00f9ng t\u0103m tre\/t\u0103m nh\u1ef1a tr\u1ed9n \u0111\u1ec1u, sau \u0111\u00f3 s\u1eed d\u1ee5ng keo \u0111\u00e3 tr\u1ed9n \u0111\u1ec3 b\u00f4i v\u00e0 ph\u1ee7 \u0111\u1ec1u b\u1ec1 m\u1eb7t v\u1eadt li\u1ec7u.<\/li>\n<li>L\u01b0u \u00fd keo kh\u00f4 nhanh trong 5 ph\u00fat ( t\u1eeb khi l\u1ea5y ra kh\u1ecfi \u1ed1ng keo), n\u00ean b\u1ea1n thao t\u00e1c trong v\u00f2ng 5 ph\u00fat (t\u1eeb l\u00fac tr\u1ed9n \u0111\u1ebfn l\u00fac d\u00e1n).<\/li>\n<\/ul>","protected":false},"excerpt":{"rendered":"<p>Uncle Bills (UBL) cung c\u1ea5p h\u01a1n 1800 s\u1ea3n ph\u1ea9m ti\u00eau d\u00f9ng phi th\u01b0\u0323c ph\u00e2\u0309m h\u00e2\u0301p d\u00e2\u0303n, ti\u00ea\u0323n i\u0301ch, gia\u0301 ph\u1ea3i<\/p>","protected":false},"featured_media":27764,"comment_status":"open","ping_status":"closed","template":"","meta":[],"product_brand":[],"product_cat":[35],"product_tag":[],"class_list":{"0":"post-27758","1":"product","2":"type-product","3":"status-publish","4":"has-post-thumbnail","6":"product_cat-nha-cua-doi-song","7":"pa_brand-uncle-bills","9":"first","10":"instock","11":"sale","12":"shipping-taxable","13":"purchasable","14":"product-type-simple"},"_links":{"self":[{"href":"https:\/\/havamall.vn\/en\/wp-json\/wp\/v2\/product\/27758"}],"collection":[{"href":"https:\/\/havamall.vn\/en\/wp-json\/wp\/v2\/product"}],"about":[{"href":"https:\/\/havamall.vn\/en\/wp-json\/wp\/v2\/types\/product"}],"replies":[{"embeddable":true,"href":"https:\/\/havamall.vn\/en\/wp-json\/wp\/v2\/comments?post=27758"}],"version-history":[{"count":0,"href":"https:\/\/havamall.vn\/en\/wp-json\/wp\/v2\/product\/27758\/revisions"}],"wp:featuredmedia":[{"embeddable":true,"href":"https:\/\/havamall.vn\/en\/wp-json\/wp\/v2\/media\/27764"}],"wp:attachment":[{"href":"https:\/\/havamall.vn\/en\/wp-json\/wp\/v2\/media?parent=27758"}],"wp:term":[{"taxonomy":"product_brand","embeddable":true,"href":"https:\/\/havamall.vn\/en\/wp-json\/wp\/v2\/product_brand?post=27758"},{"taxonomy":"product_cat","embeddable":true,"href":"https:\/\/havamall.vn\/en\/wp-json\/wp\/v2\/product_cat?post=27758"},{"taxonomy":"product_tag","embeddable":true,"href":"https:\/\/havamall.vn\/en\/wp-json\/wp\/v2\/product_tag?post=27758"}],"curies":[{"name":"wp","href":"https:\/\/api.w.org\/{rel}","templated":true}]}}