{"id":27747,"date":"2022-07-06T16:27:09","date_gmt":"2022-07-06T09:27:09","guid":{"rendered":"https:\/\/havamall.vn\/?post_type=product&#038;p=27747"},"modified":"2022-07-12T11:35:21","modified_gmt":"2022-07-12T04:35:21","slug":"bo-chai-nhua-dung-chat-long-gel-khi-di-du-lich-uncle-bills-travel-bottle-containers-6-piece-set","status":"publish","type":"product","link":"https:\/\/havamall.vn\/en\/shop\/bo-chai-nhua-dung-chat-long-gel-khi-di-du-lich-uncle-bills-travel-bottle-containers-6-piece-set\/","title":{"rendered":"Set 5 L\u1ecd Chi\u1ebft M\u1ef9 Ph\u1ea9m Du L\u1ecbch Mini Cao C\u1ea5p Uncle Bills &#8211; Travel Bottle Containers 6 Piece Set"},"content":{"rendered":"<p>Uncle Bills (UBL) cung c\u1ea5p h\u01a1n 1800 s\u1ea3n ph\u1ea9m ti\u00eau d\u00f9ng phi th\u01b0\u0323c ph\u00e2\u0309m h\u00e2\u0301p d\u00e2\u0303n, ti\u00ea\u0323n i\u0301ch, gia\u0301 ph\u1ea3i ch\u0103ng. S\u1ea3n ph\u1ea9m bao g\u1ed3m nhi\u1ec1u lo\u1ea1i ha\u0300ng ho\u0301a kh\u00e1c nhau, t\u1eeb \u0111\u1ed3 du\u0300ng nh\u00e0 b\u1ebfp, ch\u0103m s\u00f3c c\u00e1 nh\u00e2n, l\u00e0m s\u1ea1ch nha\u0300 c\u01b0\u0309a, \u0111\u00f4\u0300 l\u01b0u tr\u1eef, ca\u0301c loa\u0323i du\u0323ng cu\u0323, v\u00e2\u0323t du\u0323ng ngo\u00e0i tr\u1eddi v\u00e0 ca\u0309 cho tr\u1ebb em. UBL Lu\u00f4n lu\u00f4n c\u00e2\u0323p nh\u00e2\u0323t ca\u0301c sa\u0309n ph\u00e2\u0309m m\u01a1\u0301i.<\/p>\n<p>S\u1ea3n ph\u1ea9m UBL \u0111\u01b0\u1ee3c s\u1ea3n xu\u1ea5t theo ti\u00eau chu\u1ea9n ch\u1ea5t l\u01b0\u1ee3ng nghi\u00eam ng\u1eb7t c\u1ee7a UBL Hongkong v\u00e0 b\u00e1n t\u1ea1i h\u01a1n 50 qu\u1ed1c gia v\u01a1\u0301i h\u01a1n 10.000 c\u1eeda h\u00e0ng, bao g\u1ed3m ch\u00e2u \u00c2u, \u00dac, Ch\u00e2u \u00c1, Ch\u00e2u Phi. S\u1ee9 m\u1ec7nh c\u1ee7a UBL l\u00e0 cung c\u1ea5p nh\u1eefng s\u1ea3n ph\u1ea9m ti\u1ec7n \u00edch v\u00e0 h\u1ea5p d\u1eabn cho ng\u00f4i nh\u00e0 hi\u1ec7n \u0111\u1ea1i c\u1ee7a ng\u01b0\u1eddi Vi\u1ec7t Nam.<\/p>\n<p><img fetchpriority=\"high\" decoding=\"async\" class=\"aligncenter\" src=\"https:\/\/cf.shopee.vn\/file\/f6797de1ee745a2dc0d45cb02727d617\" alt=\"T\u00fai \u0110\u1ef1ng R\u00e1c Th\u00fa C\u01b0ng T\u1ef1 Ph\u00e2n H\u1ee7y Uncle Bills PA3372 | Shopee Vi\u1ec7t Nam\" width=\"590\" height=\"590\" \/><\/p>\n<p>B\u1ed9 chai chi\u1ebft m\u1ef9 ph\u1ea9m khi \u0111i du l\u1ecbch UBL c\u00f3 thi\u1ebft k\u1ebf nh\u1ecf g\u1ecdn, n\u1eafp \u0111\u1eady ch\u1eafc ch\u1eafn, ch\u1ed1ng tr\u00e0n tuy\u1ec7t \u0111\u1ed1i. \u0110\u1ed3ngth\u1eddi b\u1ed9 s\u1ea3n ph\u1ea9m c\u00f3 2 chai thi\u1ebft k\u1ebf d\u1ea1ng n\u1eafp b\u01a1m, 2 chai d\u1ea1ng n\u1eafp b\u1ea5m v\u00e0 2 chaid\u1ea1ng n\u1eafp v\u1eb7n th\u00f4ng d\u1ee5ng \u0111\u1ec3 b\u1ea1n d\u1ec5 d\u00e0ng \u0111\u1ef1ng c\u00e1c lo\u1ea1i m\u1ef9 ph\u1ea9m kh\u00e1c nhau v\u00e0 s\u1eed d\u1ee5ngh\u1ebft ph\u1ea7n m\u1ef9 ph\u1ea9m \u0111\u01b0\u1ee3c chi\u1ebft trong chai.<\/p>\n<p><img decoding=\"async\" class=\"wp-image-27748 aligncenter\" src=\"https:\/\/havamall.vn\/wp-content\/uploads\/2022\/07\/7b6697de8b5569b3edb239cab6dc0f2c-300x300.jpg\" alt=\"\" width=\"584\" height=\"584\" srcset=\"https:\/\/havamall.vn\/wp-content\/uploads\/2022\/07\/7b6697de8b5569b3edb239cab6dc0f2c-300x300.jpg 300w, https:\/\/havamall.vn\/wp-content\/uploads\/2022\/07\/7b6697de8b5569b3edb239cab6dc0f2c-430x430.jpg 430w, https:\/\/havamall.vn\/wp-content\/uploads\/2022\/07\/7b6697de8b5569b3edb239cab6dc0f2c-150x150.jpg 150w, https:\/\/havamall.vn\/wp-content\/uploads\/2022\/07\/7b6697de8b5569b3edb239cab6dc0f2c-700x700.jpg 700w, https:\/\/havamall.vn\/wp-content\/uploads\/2022\/07\/7b6697de8b5569b3edb239cab6dc0f2c-768x768.jpg 768w, https:\/\/havamall.vn\/wp-content\/uploads\/2022\/07\/7b6697de8b5569b3edb239cab6dc0f2c-600x600.jpg 600w, https:\/\/havamall.vn\/wp-content\/uploads\/2022\/07\/7b6697de8b5569b3edb239cab6dc0f2c-100x100.jpg 100w, https:\/\/havamall.vn\/wp-content\/uploads\/2022\/07\/7b6697de8b5569b3edb239cab6dc0f2c.jpg 900w\" sizes=\"(max-width: 584px) 100vw, 584px\" \/><\/p>\n<p>B\u1ed9 s\u1ea3n ph\u1ea9m c\u00f3 \u0111\u1ebfn 6 m\u00f3n,\u0111\u1ea7y \u0111\u1ee7 nh\u1eefng d\u1ee5ng c\u1ee5 \u0111\u1ec3 b\u1ea1n chi\u1ebft c\u00e1c lo\u1ea1i m\u1ef9 ph\u1ea9m kh\u00e1c nhau nh\u01b0 d\u1ea7u g\u1ed9i, s\u1eefa t\u1eafm,kem d\u01b0\u1ee1ng da, dung d\u1ecbch d\u01b0\u1ee1ng t\u00f3c\u2026<\/p>\n<p>Ch\u1ea5t li\u1ec7u nh\u1ef1a cao c\u1ea5p \u0111\u01b0\u1ee3c l\u00e0m ho\u00e0n to\u00e0n t\u1eeb 100% nh\u1ef1a cao c\u1ea5p, tuy\u1ec7t \u0111\u1ed1i an to\u00e0n khi \u0111\u1ef1ng m\u1ef9 ph\u1ea9m.\u00a0\u00a0\u00a0M\u00e0u s\u1eafc th\u1eddi trang\u00a0Ngo\u00e0i t\u00ednh an to\u00e0n v\u00e0 ti\u1ec7n d\u1ee5ng th\u00ec b\u1ed9 s\u1ea3n ph\u1ea9m c\u00f2n c\u00f3 thi\u1ebft k\u1ebf v\u00e0 m\u00e0u s\u1eafc r\u1ea5t th\u1eddi trang. L\u00e0 m\u00f3n \u0111\u1ed3 y\u00eau th\u00edch c\u1ee7a t\u1ea5t c\u1ea3 c\u00e1c b\u1ea1n g\u00e1i.<\/p>\n<p><img decoding=\"async\" class=\"wp-image-27749 aligncenter\" src=\"https:\/\/havamall.vn\/wp-content\/uploads\/2022\/07\/678380071cb7853ddcbb0c0473feaa03-300x300.jpg\" alt=\"\" width=\"577\" height=\"577\" srcset=\"https:\/\/havamall.vn\/wp-content\/uploads\/2022\/07\/678380071cb7853ddcbb0c0473feaa03-300x300.jpg 300w, https:\/\/havamall.vn\/wp-content\/uploads\/2022\/07\/678380071cb7853ddcbb0c0473feaa03-430x430.jpg 430w, https:\/\/havamall.vn\/wp-content\/uploads\/2022\/07\/678380071cb7853ddcbb0c0473feaa03-150x150.jpg 150w, https:\/\/havamall.vn\/wp-content\/uploads\/2022\/07\/678380071cb7853ddcbb0c0473feaa03-700x700.jpg 700w, https:\/\/havamall.vn\/wp-content\/uploads\/2022\/07\/678380071cb7853ddcbb0c0473feaa03-768x768.jpg 768w, https:\/\/havamall.vn\/wp-content\/uploads\/2022\/07\/678380071cb7853ddcbb0c0473feaa03-600x600.jpg 600w, https:\/\/havamall.vn\/wp-content\/uploads\/2022\/07\/678380071cb7853ddcbb0c0473feaa03-100x100.jpg 100w, https:\/\/havamall.vn\/wp-content\/uploads\/2022\/07\/678380071cb7853ddcbb0c0473feaa03.jpg 800w\" sizes=\"(max-width: 577px) 100vw, 577px\" \/><\/p>\n<p>S\u1ea3n ph\u1ea9m c\u00f3 \u0111\u1ea7y \u0111\u1ee7 nh\u1eefng v\u1eadt d\u1ee5ng chi\u1ebft m\u1ef9 ph\u1ea9m d\u00e0nh cho ph\u00e1i n\u1eef, s\u1ebd gi\u00fap c\u00e1c b\u1ea1n ti\u1ebft ki\u1ec7m th\u1eddi gian, c\u00f4ng s\u1ee9c \u0111\u1ec3 c\u00f3 m\u1ed9t chuy\u1ebfn \u0111i th\u1eadt tho\u1ea3i m\u00e1i v\u00e0 th\u00fa v\u1ecb. V\u1edbi \u0111\u1eb7c t\u00ednh di chuy\u1ec3n th\u01b0\u1eddng xuy\u00ean n\u00ean s\u1ea3n ph\u1ea9m \u0111\u01b0\u1ee3c l\u00e0m r\u1ea5t ch\u1eafc ch\u1eafn v\u00e0 ch\u1ed1ng va \u0111\u1eadp t\u1ed1t n\u00ean b\u1ea1n c\u00f3 th\u1ec3 ho\u00e0n to\u00e0n y\u00ean t\u00e2m.<\/p>\n<p>B\u1ed9 s\u1ea3n ph\u1ea9m \u0111\u01b0\u1ee3c \u0111\u1ef1ng trong t\u00fai nh\u1ef1a trong su\u1ed1t n\u00ean c\u00e0ng ti\u1ec7n d\u1ee5ng h\u01a1n bao gi\u1edd h\u1ebft. C\u00e1c b\u1ea1n d\u1ec5 d\u00e0ng l\u1ea5y s\u1ea3n ph\u1ea9m c\u1ea7n d\u00f9ng ho\u1eb7c ki\u1ec3m tra xem m\u1ecdi th\u1ee9 \u0111\u00e3 \u0111\u1ea7y \u0111\u1ee7 hay ch\u01b0a.. M\u1ed9t s\u1ea3n ph\u1ea9m nh\u01b0ng mang l\u1ea1i nhi\u1ec1u ti\u1ec7n \u00edch thi\u1ebft th\u1ef1c. Ch\u1eafc ch\u1eafn b\u1ea1n g\u00e1i n\u00e0o c\u0169ng s\u1ebd th\u00edch th\u00fa khi nh\u1eadn nh\u1eefng m\u00f3n \u0111\u1ed3 xinh x\u1eafn n\u00e0y.<\/p>\n<p><img loading=\"lazy\" decoding=\"async\" class=\"wp-image-27750 aligncenter\" src=\"https:\/\/havamall.vn\/wp-content\/uploads\/2022\/07\/02ecad902e4b152f62bcec1ca4902e3d-300x300.jpg\" alt=\"\" width=\"570\" height=\"570\" srcset=\"https:\/\/havamall.vn\/wp-content\/uploads\/2022\/07\/02ecad902e4b152f62bcec1ca4902e3d-300x300.jpg 300w, https:\/\/havamall.vn\/wp-content\/uploads\/2022\/07\/02ecad902e4b152f62bcec1ca4902e3d-430x430.jpg 430w, https:\/\/havamall.vn\/wp-content\/uploads\/2022\/07\/02ecad902e4b152f62bcec1ca4902e3d-150x150.jpg 150w, https:\/\/havamall.vn\/wp-content\/uploads\/2022\/07\/02ecad902e4b152f62bcec1ca4902e3d-700x700.jpg 700w, https:\/\/havamall.vn\/wp-content\/uploads\/2022\/07\/02ecad902e4b152f62bcec1ca4902e3d-768x768.jpg 768w, https:\/\/havamall.vn\/wp-content\/uploads\/2022\/07\/02ecad902e4b152f62bcec1ca4902e3d-600x600.jpg 600w, https:\/\/havamall.vn\/wp-content\/uploads\/2022\/07\/02ecad902e4b152f62bcec1ca4902e3d-100x100.jpg 100w, https:\/\/havamall.vn\/wp-content\/uploads\/2022\/07\/02ecad902e4b152f62bcec1ca4902e3d.jpg 1000w\" sizes=\"(max-width: 570px) 100vw, 570px\" \/><\/p>\n<h3 class=\"product-well-title\"><strong>\u0110i\u1ec3m n\u1ed5i b\u1eadt c\u1ee7a s\u1ea3n ph\u1ea9m:<\/strong><\/h3>\n<div class=\"wysiwyg\">\n<p>&#8211; B\u1ed9 chai \u0111\u1ef1ng ch\u1ea5t l\u1ecfng\/gel \u0111\u01b0\u1ee3c l\u00e0m t\u1eeb ch\u1ea5t li\u1ec7u nh\u1ef1a PE cao c\u1ea5p, an to\u00e0n cho s\u1ee9c kh\u1ecfe, d\u1ec5 v\u1ec7 sinh.<\/p>\n<p>&#8211; Chai nh\u1ef1a m\u00e0u tr\u1eafng trong su\u1ed1t c\u00f3 t\u00e1c d\u1ee5ng gi\u00fap d\u1ec5 ph\u00e2n bi\u1ec7t ch\u1ea5t l\u1ecfng b\u00ean trong<\/p>\n<p>&#8211; Thi\u1ebft k\u1ebf tr\u01a1n hi\u1ec7n \u0111\u1ea1i, th\u00edch h\u1ee3p s\u1eed d\u1ee5ng cho cho nh\u1eefng chuy\u1ebfn \u0111i du l\u1ecbch, c\u00f4ng t\u00e1c xa.<\/p>\n<p>&#8211; Kh\u00f3a m\u00e0u tr\u1eafng, ch\u1eafc ch\u1eafn, kh\u00f4ng l\u00e0m tr\u00e0n ch\u1ea5t l\u1ecfng\/gel ra b\u00ean ngo\u00e0i.<\/p>\n<p>S\u1ea3n ph\u1ea9m hi\u1ec7n \u0111\u00e3 c\u00f3 m\u1eb7t t\u1ea1i Havamall.<\/p>\n<p><img loading=\"lazy\" decoding=\"async\" class=\"wp-image-27751 aligncenter\" src=\"https:\/\/havamall.vn\/wp-content\/uploads\/2022\/07\/2f2d901cb7fe6e4b0c85196081e7311f-300x238.jpg\" alt=\"\" width=\"569\" height=\"452\" srcset=\"https:\/\/havamall.vn\/wp-content\/uploads\/2022\/07\/2f2d901cb7fe6e4b0c85196081e7311f-300x238.jpg 300w, https:\/\/havamall.vn\/wp-content\/uploads\/2022\/07\/2f2d901cb7fe6e4b0c85196081e7311f-430x341.jpg 430w, https:\/\/havamall.vn\/wp-content\/uploads\/2022\/07\/2f2d901cb7fe6e4b0c85196081e7311f-150x119.jpg 150w, https:\/\/havamall.vn\/wp-content\/uploads\/2022\/07\/2f2d901cb7fe6e4b0c85196081e7311f-700x555.jpg 700w, https:\/\/havamall.vn\/wp-content\/uploads\/2022\/07\/2f2d901cb7fe6e4b0c85196081e7311f-600x476.jpg 600w, https:\/\/havamall.vn\/wp-content\/uploads\/2022\/07\/2f2d901cb7fe6e4b0c85196081e7311f.jpg 744w\" sizes=\"(max-width: 569px) 100vw, 569px\" \/><\/p>\n<\/div>","protected":false},"excerpt":{"rendered":"<p>Uncle Bills (UBL) cung c\u1ea5p h\u01a1n 1800 s\u1ea3n ph\u1ea9m ti\u00eau d\u00f9ng phi th\u01b0\u0323c ph\u00e2\u0309m h\u00e2\u0301p d\u00e2\u0303n, ti\u00ea\u0323n i\u0301ch, gia\u0301 ph\u1ea3i<\/p>","protected":false},"featured_media":27752,"comment_status":"open","ping_status":"closed","template":"","meta":[],"product_brand":[],"product_cat":[396,35],"product_tag":[],"class_list":{"0":"post-27747","1":"product","2":"type-product","3":"status-publish","4":"has-post-thumbnail","6":"product_cat-suc-khoe-lam-dep","7":"product_cat-nha-cua-doi-song","8":"pa_brand-uncle-bills","10":"first","11":"instock","12":"sale","13":"shipping-taxable","14":"purchasable","15":"product-type-simple"},"_links":{"self":[{"href":"https:\/\/havamall.vn\/en\/wp-json\/wp\/v2\/product\/27747"}],"collection":[{"href":"https:\/\/havamall.vn\/en\/wp-json\/wp\/v2\/product"}],"about":[{"href":"https:\/\/havamall.vn\/en\/wp-json\/wp\/v2\/types\/product"}],"replies":[{"embeddable":true,"href":"https:\/\/havamall.vn\/en\/wp-json\/wp\/v2\/comments?post=27747"}],"version-history":[{"count":0,"href":"https:\/\/havamall.vn\/en\/wp-json\/wp\/v2\/product\/27747\/revisions"}],"wp:featuredmedia":[{"embeddable":true,"href":"https:\/\/havamall.vn\/en\/wp-json\/wp\/v2\/media\/27752"}],"wp:attachment":[{"href":"https:\/\/havamall.vn\/en\/wp-json\/wp\/v2\/media?parent=27747"}],"wp:term":[{"taxonomy":"product_brand","embeddable":true,"href":"https:\/\/havamall.vn\/en\/wp-json\/wp\/v2\/product_brand?post=27747"},{"taxonomy":"product_cat","embeddable":true,"href":"https:\/\/havamall.vn\/en\/wp-json\/wp\/v2\/product_cat?post=27747"},{"taxonomy":"product_tag","embeddable":true,"href":"https:\/\/havamall.vn\/en\/wp-json\/wp\/v2\/product_tag?post=27747"}],"curies":[{"name":"wp","href":"https:\/\/api.w.org\/{rel}","templated":true}]}}