{"id":27733,"date":"2022-07-06T14:45:28","date_gmt":"2022-07-06T07:45:28","guid":{"rendered":"https:\/\/havamall.vn\/?post_type=product&#038;p=27733"},"modified":"2022-07-06T14:45:28","modified_gmt":"2022-07-06T07:45:28","slug":"kinh-boi-co-the-dieu-chinh-ucle-bills-swimming-goggles","status":"publish","type":"product","link":"https:\/\/havamall.vn\/en\/shop\/kinh-boi-co-the-dieu-chinh-ucle-bills-swimming-goggles\/","title":{"rendered":"K\u00ednh B\u01a1i C\u00f3 Th\u1ec3 \u0110i\u1ec1u Ch\u1ec9nh Ucle Bills &#8211; Swimming Goggles"},"content":{"rendered":"<p>Uncle Bills (UBL) cung c\u1ea5p h\u01a1n 1800 s\u1ea3n ph\u1ea9m ti\u00eau d\u00f9ng phi th\u01b0\u0323c ph\u00e2\u0309m h\u00e2\u0301p d\u00e2\u0303n, ti\u00ea\u0323n i\u0301ch, gia\u0301 ph\u1ea3i ch\u0103ng. S\u1ea3n ph\u1ea9m bao g\u1ed3m nhi\u1ec1u lo\u1ea1i ha\u0300ng ho\u0301a kh\u00e1c nhau, t\u1eeb \u0111\u1ed3 du\u0300ng nh\u00e0 b\u1ebfp, ch\u0103m s\u00f3c c\u00e1 nh\u00e2n, l\u00e0m s\u1ea1ch nha\u0300 c\u01b0\u0309a, \u0111\u00f4\u0300 l\u01b0u tr\u1eef, ca\u0301c loa\u0323i du\u0323ng cu\u0323, v\u00e2\u0323t du\u0323ng ngo\u00e0i tr\u1eddi v\u00e0 ca\u0309 cho tr\u1ebb em. UBL Lu\u00f4n lu\u00f4n c\u00e2\u0323p nh\u00e2\u0323t ca\u0301c sa\u0309n ph\u00e2\u0309m m\u01a1\u0301i.<\/p>\n<p>S\u1ea3n ph\u1ea9m UBL \u0111\u01b0\u1ee3c s\u1ea3n xu\u1ea5t theo ti\u00eau chu\u1ea9n ch\u1ea5t l\u01b0\u1ee3ng nghi\u00eam ng\u1eb7t c\u1ee7a UBL Hongkong v\u00e0 b\u00e1n t\u1ea1i h\u01a1n 50 qu\u1ed1c gia v\u01a1\u0301i h\u01a1n 10.000 c\u1eeda h\u00e0ng, bao g\u1ed3m ch\u00e2u \u00c2u, \u00dac, Ch\u00e2u \u00c1, Ch\u00e2u Phi. S\u1ee9 m\u1ec7nh c\u1ee7a UBL l\u00e0 cung c\u1ea5p nh\u1eefng s\u1ea3n ph\u1ea9m ti\u1ec7n \u00edch v\u00e0 h\u1ea5p d\u1eabn cho ng\u00f4i nh\u00e0 hi\u1ec7n \u0111\u1ea1i c\u1ee7a ng\u01b0\u1eddi Vi\u1ec7t Nam.<\/p>\n<p><img fetchpriority=\"high\" decoding=\"async\" class=\"aligncenter\" src=\"https:\/\/cf.shopee.vn\/file\/f6797de1ee745a2dc0d45cb02727d617\" alt=\"T\u00fai \u0110\u1ef1ng R\u00e1c Th\u00fa C\u01b0ng T\u1ef1 Ph\u00e2n H\u1ee7y Uncle Bills PA3372 | Shopee Vi\u1ec7t Nam\" width=\"590\" height=\"590\" \/><\/p>\n<p>B\u01a1i l\u1ed9i l\u00e0 m\u00f4n th\u1ec3 thao \u0111\u01b0\u1ee3c r\u1ea5t nhi\u1ec1u ng\u01b0\u1eddi y\u00eau th\u00edch d\u00f9 \u1edf b\u1ea5t c\u1ee9 l\u1ee9a tu\u1ed5i n\u00e0o. N\u00f3 v\u1eeba gi\u00fap ta c\u00f3 th\u00eam s\u1ee9c kh\u1ecfe, v\u1eeba t\u0103ng \u0111\u1ed9 \u0111\u00e0n h\u1ed3i c\u0169ng nh\u01b0 t\u00ednh d\u1ebbo dai cho c\u00e1c kh\u1edbp x\u01b0\u01a1ng. K\u00ednh b\u01a1i l\u00e0 v\u1eadt d\u1ee5ng kh\u00f4ng th\u1ec3 thi\u1ebfu cho nh\u1eefng ai y\u00eau th\u00edch b\u1ed9 m\u00f4n n\u00e0y. \u0110\u1eb7c bi\u1ec7t h\u01a1n v\u1edbi k\u00ednh b\u01a1i c\u00f3 th\u1ec3 \u0111i\u1ec1u ch\u1ec9nh UBL LP0015 ti\u1ec7n l\u1ee3i h\u01a1n cho ng\u01b0\u1eddi s\u1eed d\u1ee5ng.<\/p>\n<p><img decoding=\"async\" class=\"wp-image-27734 aligncenter\" src=\"https:\/\/havamall.vn\/wp-content\/uploads\/2022\/07\/2225b2e2d5c956034605b5cbc1ae7bc5-300x234.jpg\" alt=\"\" width=\"591\" height=\"461\" srcset=\"https:\/\/havamall.vn\/wp-content\/uploads\/2022\/07\/2225b2e2d5c956034605b5cbc1ae7bc5-300x234.jpg 300w, https:\/\/havamall.vn\/wp-content\/uploads\/2022\/07\/2225b2e2d5c956034605b5cbc1ae7bc5-430x336.jpg 430w, https:\/\/havamall.vn\/wp-content\/uploads\/2022\/07\/2225b2e2d5c956034605b5cbc1ae7bc5-150x117.jpg 150w, https:\/\/havamall.vn\/wp-content\/uploads\/2022\/07\/2225b2e2d5c956034605b5cbc1ae7bc5-700x547.jpg 700w, https:\/\/havamall.vn\/wp-content\/uploads\/2022\/07\/2225b2e2d5c956034605b5cbc1ae7bc5-768x600.jpg 768w, https:\/\/havamall.vn\/wp-content\/uploads\/2022\/07\/2225b2e2d5c956034605b5cbc1ae7bc5-600x469.jpg 600w, https:\/\/havamall.vn\/wp-content\/uploads\/2022\/07\/2225b2e2d5c956034605b5cbc1ae7bc5.jpg 850w\" sizes=\"(max-width: 591px) 100vw, 591px\" \/><\/p>\n<p>K\u00ednh B\u01a1i Uncle Billsc\u00f3 tr\u00f2ng k\u00ednh \u0111\u01b0\u1ee3c l\u00e0m t\u1eeb nh\u1ef1a acrylic trong su\u1ed1t cho \u0111\u1ed9 quan s\u00e1t cao h\u01a1n v\u00e0 ch\u1ed1ng \u0111\u01b0\u1ee3c va \u0111\u1eadp. S\u1ea3n ph\u1ea9m \u0111\u01b0\u1ee3c thi\u1ebft k\u1ebf d\u00e0nh ri\u00eang cho b\u1ed9 m\u00f4n b\u01a1i l\u1ed9i nh\u1eb1m b\u1ea3o v\u1ec7 hi\u1ec7u qu\u1ea3 v\u00f9ng m\u1eaft c\u1ee7a ng\u01b0\u1eddi b\u01a1i. M\u00e0u s\u1eafc \u0111\u01b0\u1ee3c thi\u1ebft k\u1ebf \u0111\u1eb9p m\u1eaft v\u00e0 \u0111\u1ed3ng b\u1ed9 mang \u0111\u1ebfn n\u00e9t th\u1ea9m m\u1ef9 cao cho ng\u01b0\u1eddi s\u1eed d\u1ee5ng.<\/p>\n<p>K\u00ednh B\u01a1i Uncle Bills c\u00f3 tr\u00f2ng k\u00ednh \u0111\u01b0\u1ee3c l\u00e0m t\u1eeb nh\u1ef1a trong su\u1ed1t n\u00ean cho \u0111\u1ed9 quan s\u00e1t cao, r\u00f5 r\u00e0ng h\u01a1n, \u0111\u1ea3m b\u1ea3o t\u1ea7m nh\u00ecn khi b\u01a1i.\u00a0C\u00e1c chi ti\u1ebft nh\u01b0 d\u00e2y \u0111eo, v\u00e0nh b\u1ea3o v\u1ec7 \u0111\u01b0\u1ee3c l\u00e0m t\u1eeb cao su, m\u1ec1m d\u1ebbo v\u00e0 \u0111\u1ea3m b\u1ea3o an to\u00e0n, kh\u00f4ng g\u00e2y k\u00edch \u1ee9ng da.<\/p>\n<p><img decoding=\"async\" class=\"wp-image-27735 aligncenter\" src=\"https:\/\/havamall.vn\/wp-content\/uploads\/2022\/07\/d5d28f2b-300x300.jpg\" alt=\"\" width=\"596\" height=\"596\" srcset=\"https:\/\/havamall.vn\/wp-content\/uploads\/2022\/07\/d5d28f2b-300x300.jpg 300w, https:\/\/havamall.vn\/wp-content\/uploads\/2022\/07\/d5d28f2b-430x430.jpg 430w, https:\/\/havamall.vn\/wp-content\/uploads\/2022\/07\/d5d28f2b-150x150.jpg 150w, https:\/\/havamall.vn\/wp-content\/uploads\/2022\/07\/d5d28f2b-700x700.jpg 700w, https:\/\/havamall.vn\/wp-content\/uploads\/2022\/07\/d5d28f2b-768x768.jpg 768w, https:\/\/havamall.vn\/wp-content\/uploads\/2022\/07\/d5d28f2b-600x600.jpg 600w, https:\/\/havamall.vn\/wp-content\/uploads\/2022\/07\/d5d28f2b-100x100.jpg 100w, https:\/\/havamall.vn\/wp-content\/uploads\/2022\/07\/d5d28f2b.jpg 1001w\" sizes=\"(max-width: 596px) 100vw, 596px\" \/><\/p>\n<p>B\u1ea1n c\u00f3 th\u1ec3 \u0111i\u1ec1u ch\u1ec9nh d\u00e2y \u0111eo c\u1ee7a k\u00ednh m\u1ed9t c\u00e1ch d\u1ec5 d\u00e0ng sao cho v\u1eeba v\u1eb7n v\u00e0 \u00f4m s\u00e1t khu\u00f4n m\u1eb7t, ng\u0103n n\u01b0\u1edbc ti\u1ebfp x\u00fac v\u1edbi m\u1eaft, b\u1ea3o v\u1ec7 v\u00f9ng m\u1eaft t\u1ed1i \u01b0u khi b\u01a1i.<\/p>\n<p>Nh\u1edd thi\u1ebft k\u1ebf hi\u1ec7n \u0111\u1ea1i c\u00f9ng m\u00e0u s\u1eafc \u0111\u1ed3ng b\u1ed9, h\u00e0i h\u00f2a t\u1eeb tr\u00f2ng &#8211; m\u1ed1i n\u1ed1i &#8211; g\u1ecdng, kh\u00f4ng ch\u1ec9 mang \u0111\u1ebfn n\u00e9t th\u1ea9m m\u1ef9 cho s\u1ea3n ph\u1ea9m m\u00e0 c\u00f2n gi\u00fap ng\u01b0\u1eddi s\u1eed d\u1ee5ng th\u1ec3 hi\u1ec7n \u0111\u01b0\u1ee3c v\u1ebb ngo\u00e0i n\u0103ng \u0111\u1ed9ng, th\u1eddi trang.<\/p>\n<p><img loading=\"lazy\" decoding=\"async\" class=\"wp-image-27736 aligncenter\" src=\"https:\/\/havamall.vn\/wp-content\/uploads\/2022\/07\/Adult-Lap-300x225.png\" alt=\"\" width=\"601\" height=\"451\" srcset=\"https:\/\/havamall.vn\/wp-content\/uploads\/2022\/07\/Adult-Lap-300x225.png 300w, https:\/\/havamall.vn\/wp-content\/uploads\/2022\/07\/Adult-Lap-430x323.png 430w, https:\/\/havamall.vn\/wp-content\/uploads\/2022\/07\/Adult-Lap-150x113.png 150w, https:\/\/havamall.vn\/wp-content\/uploads\/2022\/07\/Adult-Lap-700x525.png 700w, https:\/\/havamall.vn\/wp-content\/uploads\/2022\/07\/Adult-Lap-768x576.png 768w, https:\/\/havamall.vn\/wp-content\/uploads\/2022\/07\/Adult-Lap-600x450.png 600w, https:\/\/havamall.vn\/wp-content\/uploads\/2022\/07\/Adult-Lap.png 800w\" sizes=\"(max-width: 601px) 100vw, 601px\" \/><\/p>\n<h3><strong>\u01afu \u0111i\u1ec3m c\u1ee7a s\u1ea3n ph\u1ea9m:<\/strong><\/h3>\n<p>&#8211; K\u00ednh b\u01a1i c\u00f3 th\u1ec3 \u0111i\u1ec1u ch\u1ec9nh c\u00f3 thi\u1ebft k\u1ebf an to\u00e0n v\u00e0 \u0111\u1ed9 th\u1ea9m m\u1ef9 cao.<\/p>\n<p>&#8211; K\u00ednh b\u01a1i c\u00f3 th\u1ec3 \u0111i\u1ec1u ch\u1ec9nh \u00f4m s\u00e1t khu\u00f4n m\u1eb7t c\u00e1c k\u00ecnh ng\u01b0, ng\u0103n n\u01b0\u1edbc ti\u1ebfp x\u00fac tr\u1ef1c ti\u1ebfp v\u1edbi m\u1eaft, c\u00f3 th\u1ec3 b\u1ea3o v\u1ec7 \u0111\u00f4i m\u1eaft c\u1ee7a ch\u00fang ta khi b\u01a1i, tr\u00e1nh l\u00e0m m\u1eaft b\u1ecb cay, b\u1ecb nh\u1ee9c r\u00e1t ho\u1eb7c th\u1eadm ch\u00ed l\u00e0 c\u00e1c b\u1ec7nh v\u1ec1 m\u1eaft khi \u0111i b\u01a1i.<\/p>\n<p>&#8211; Ngo\u00e0i ra, k\u00ednh b\u01a1i c\u00f3 th\u1ec3 \u0111i\u1ec1u ch\u1ec9nh c\u00f2n c\u00f3 thi\u1ebft k\u1ebf mang t\u00ednh th\u1ea9m m\u0129 cao cho ng\u01b0\u1eddi s\u1eed d\u1ee5ng nh\u1edd m\u00e0u s\u1eafc \u0111\u01b0\u1ee3c thi\u1ebft k\u1ebf \u0111\u1ed3ng b\u1ed9 gi\u1eefa m\u1eaft k\u00ednh &#8211; m\u1ed1i n\u1ed1i v\u00e0 g\u1ecdng t\u1ea1o n\u00ean n\u00e9t s\u00e0nh \u0111i\u1ec7u v\u00e0 h\u1ee3p th\u1eddi trang.<\/p>","protected":false},"excerpt":{"rendered":"<p>Uncle Bills (UBL) cung c\u1ea5p h\u01a1n 1800 s\u1ea3n ph\u1ea9m ti\u00eau d\u00f9ng phi th\u01b0\u0323c ph\u00e2\u0309m h\u00e2\u0301p d\u00e2\u0303n, ti\u00ea\u0323n i\u0301ch, gia\u0301 ph\u1ea3i<\/p>","protected":false},"featured_media":27737,"comment_status":"open","ping_status":"closed","template":"","meta":[],"product_brand":[],"product_cat":[396,35],"product_tag":[],"class_list":{"0":"post-27733","1":"product","2":"type-product","3":"status-publish","4":"has-post-thumbnail","6":"product_cat-suc-khoe-lam-dep","7":"product_cat-nha-cua-doi-song","8":"pa_brand-uncle-bills","10":"first","11":"instock","12":"sale","13":"shipping-taxable","14":"purchasable","15":"product-type-simple"},"_links":{"self":[{"href":"https:\/\/havamall.vn\/en\/wp-json\/wp\/v2\/product\/27733"}],"collection":[{"href":"https:\/\/havamall.vn\/en\/wp-json\/wp\/v2\/product"}],"about":[{"href":"https:\/\/havamall.vn\/en\/wp-json\/wp\/v2\/types\/product"}],"replies":[{"embeddable":true,"href":"https:\/\/havamall.vn\/en\/wp-json\/wp\/v2\/comments?post=27733"}],"version-history":[{"count":0,"href":"https:\/\/havamall.vn\/en\/wp-json\/wp\/v2\/product\/27733\/revisions"}],"wp:featuredmedia":[{"embeddable":true,"href":"https:\/\/havamall.vn\/en\/wp-json\/wp\/v2\/media\/27737"}],"wp:attachment":[{"href":"https:\/\/havamall.vn\/en\/wp-json\/wp\/v2\/media?parent=27733"}],"wp:term":[{"taxonomy":"product_brand","embeddable":true,"href":"https:\/\/havamall.vn\/en\/wp-json\/wp\/v2\/product_brand?post=27733"},{"taxonomy":"product_cat","embeddable":true,"href":"https:\/\/havamall.vn\/en\/wp-json\/wp\/v2\/product_cat?post=27733"},{"taxonomy":"product_tag","embeddable":true,"href":"https:\/\/havamall.vn\/en\/wp-json\/wp\/v2\/product_tag?post=27733"}],"curies":[{"name":"wp","href":"https:\/\/api.w.org\/{rel}","templated":true}]}}