{"id":27728,"date":"2022-07-06T14:19:08","date_gmt":"2022-07-06T07:19:08","guid":{"rendered":"https:\/\/havamall.vn\/?post_type=product&#038;p=27728"},"modified":"2023-06-14T09:53:08","modified_gmt":"2023-06-14T02:53:08","slug":"ban-chai-danh-rang-tre-em-uncle-bills-bo-2-cai-kids-toothbrushes","status":"publish","type":"product","link":"https:\/\/havamall.vn\/en\/shop\/ban-chai-danh-rang-tre-em-uncle-bills-bo-2-cai-kids-toothbrushes\/","title":{"rendered":"B\u00e0n Ch\u1ea3i \u0110\u00e1nh R\u0103ng Tr\u1ebb Em Uncle Bills B\u1ed9 2 C\u00e1i &#8211; Kids Toothbrushes"},"content":{"rendered":"<p>Uncle Bills (UBL) cung c\u1ea5p h\u01a1n 1800 s\u1ea3n ph\u1ea9m ti\u00eau d\u00f9ng phi th\u01b0\u0323c ph\u00e2\u0309m h\u00e2\u0301p d\u00e2\u0303n, ti\u00ea\u0323n i\u0301ch, gia\u0301 ph\u1ea3i ch\u0103ng. S\u1ea3n ph\u1ea9m bao g\u1ed3m nhi\u1ec1u lo\u1ea1i ha\u0300ng ho\u0301a kh\u00e1c nhau, t\u1eeb \u0111\u1ed3 du\u0300ng nh\u00e0 b\u1ebfp, ch\u0103m s\u00f3c c\u00e1 nh\u00e2n, l\u00e0m s\u1ea1ch nha\u0300 c\u01b0\u0309a, \u0111\u00f4\u0300 l\u01b0u tr\u1eef, ca\u0301c loa\u0323i du\u0323ng cu\u0323, v\u00e2\u0323t du\u0323ng ngo\u00e0i tr\u1eddi v\u00e0 ca\u0309 cho tr\u1ebb em. UBL Lu\u00f4n lu\u00f4n c\u00e2\u0323p nh\u00e2\u0323t ca\u0301c sa\u0309n ph\u00e2\u0309m m\u01a1\u0301i.<\/p>\n<p>S\u1ea3n ph\u1ea9m UBL \u0111\u01b0\u1ee3c s\u1ea3n xu\u1ea5t theo ti\u00eau chu\u1ea9n ch\u1ea5t l\u01b0\u1ee3ng nghi\u00eam ng\u1eb7t c\u1ee7a UBL Hongkong v\u00e0 b\u00e1n t\u1ea1i h\u01a1n 50 qu\u1ed1c gia v\u01a1\u0301i h\u01a1n 10.000 c\u1eeda h\u00e0ng, bao g\u1ed3m ch\u00e2u \u00c2u, \u00dac, Ch\u00e2u \u00c1, Ch\u00e2u Phi. S\u1ee9 m\u1ec7nh c\u1ee7a UBL l\u00e0 cung c\u1ea5p nh\u1eefng s\u1ea3n ph\u1ea9m ti\u1ec7n \u00edch v\u00e0 h\u1ea5p d\u1eabn cho ng\u00f4i nh\u00e0 hi\u1ec7n \u0111\u1ea1i c\u1ee7a ng\u01b0\u1eddi Vi\u1ec7t Nam.<\/p>\n<p><img fetchpriority=\"high\" decoding=\"async\" class=\"aligncenter\" src=\"https:\/\/cf.shopee.vn\/file\/f6797de1ee745a2dc0d45cb02727d617\" alt=\"T\u00fai \u0110\u1ef1ng R\u00e1c Th\u00fa C\u01b0ng T\u1ef1 Ph\u00e2n H\u1ee7y Uncle Bills PA3372 | Shopee Vi\u1ec7t Nam\" width=\"590\" height=\"590\" \/><\/p>\n<p>\u0110\u00e1nh r\u0103ng l\u00e0 m\u1ed9t th\u00f3i quen r\u1ea5t quan tr\u1ecdng \u0111\u1eb7c bi\u1ec7t l\u00e0 \u0111\u1ed1i v\u1edbi\u00a0c\u00e1c b\u00e9 \u0111ang t\u1eadp \u0111\u00e1nh r\u0103ng . V\u00ec v\u1eady \u0111\u1ec3 t\u1ea1o ni\u1ec1m vui v\u00e0 s\u1ef1 h\u1ee9ng th\u00fa m\u1ed7i khi \u0111\u00e1nh r\u0103ng th\u00ec d\u1ee5ng c\u1ee5 b\u00e0n ch\u1ea3i r\u0103ng r\u1ea5t quan tr\u1ecdng.<\/p>\n<p>B\u00e0n ch\u1ea3i \u0111\u00e1nh r\u0103ng tr\u1ebb em Uncle Bills v\u1edbi h\u00ecnh m\u1eb7t c\u01b0\u1eddi c\u00e1c b\u00e9 s\u1ebd c\u1ea3m th\u1ea5y th\u00edch th\u00fa v\u00e0 say m\u00ea trong vi\u1ec7c \u0111\u00e1nh r\u0103ng, ch\u00e2n b\u00e0n ch\u1ea3i l\u1ea1i c\u00f3 th\u1ec3 h\u00edt d\u00ednh \u0111\u01b0\u1ee3c.<\/p>\n<p><img decoding=\"async\" class=\"wp-image-27729 aligncenter\" src=\"https:\/\/havamall.vn\/wp-content\/uploads\/2022\/07\/4c78493d9313b0-300x275.jpg\" alt=\"\" width=\"595\" height=\"545\" srcset=\"https:\/\/havamall.vn\/wp-content\/uploads\/2022\/07\/4c78493d9313b0-300x275.jpg 300w, https:\/\/havamall.vn\/wp-content\/uploads\/2022\/07\/4c78493d9313b0-430x394.jpg 430w, https:\/\/havamall.vn\/wp-content\/uploads\/2022\/07\/4c78493d9313b0-150x137.jpg 150w, https:\/\/havamall.vn\/wp-content\/uploads\/2022\/07\/4c78493d9313b0-700x641.jpg 700w, https:\/\/havamall.vn\/wp-content\/uploads\/2022\/07\/4c78493d9313b0-768x704.jpg 768w, https:\/\/havamall.vn\/wp-content\/uploads\/2022\/07\/4c78493d9313b0-600x550.jpg 600w, https:\/\/havamall.vn\/wp-content\/uploads\/2022\/07\/4c78493d9313b0.jpg 1001w\" sizes=\"(max-width: 595px) 100vw, 595px\" \/><\/p>\n<p>B\u00e0n ch\u1ea3i \u0111\u00e1nh r\u0103ng c\u00f3 \u0111\u1ea7u thu\u00f4n tr\u00f2n, d\u1ec5 d\u00e0ng \u0111\u01b0a v\u00e0o khoang mi\u1ec7ng c\u00f2n nh\u1ecf v\u00e0 kh\u00f4ng l\u00e0m \u0111au, x\u01b0\u1edbc h\u00e0m c\u1ee7a b\u00e9. C\u1ea5u tr\u00fac l\u00f4ng b\u00e0n ch\u1ea3i m\u1ec1m v\u00e0 si\u00eau m\u1ea3nh, v\u1edbi ph\u1ea7n c\u00e1n thi\u1ebft k\u1ebf ph\u00f9 h\u1ee3p v\u1edbi tr\u1ebb em d\u01b0\u1edbi 10 tu\u1ed5i, gi\u00fap vi\u1ec7c v\u1ec7 sinh r\u0103ng mi\u1ec7ng cho b\u00e9 \u0111\u1ea1t hi\u1ec7u qu\u1ea3 cao nh\u1ea5t v\u00e0 an to\u00e0n nh\u1ea5t.<\/p>\n<p>Tay c\u1ea7m thi\u1ebft k\u1ebf th\u00f4ng minh v\u1edbi c\u00e1c n\u1ea5c c\u00f9ng h\u00ecnh d\u00e1ng ph\u00f9 h\u1ee3p v\u1edbi b\u00e0n tay B\u00e9 gi\u00fap B\u00e9 c\u1ea7m n\u1eafm th\u1eadt d\u1ec5 d\u00e0ng v\u00e0 nhanh ch\u00f3ng l\u00e0m quen v\u1edbi vi\u1ec7c c\u1ea7m, \u0111i\u1ec1u khi\u1ec3n b\u00e0n ch\u1ea3i \u0111\u1ec3 ch\u1ea3i r\u0103ng h\u00e0ng ng\u00e0y.<\/p>\n<p><img decoding=\"async\" class=\"wp-image-27730 aligncenter\" src=\"https:\/\/havamall.vn\/wp-content\/uploads\/2022\/07\/8dccae91410a05-300x300.jpg\" alt=\"\" width=\"596\" height=\"596\" srcset=\"https:\/\/havamall.vn\/wp-content\/uploads\/2022\/07\/8dccae91410a05-300x300.jpg 300w, https:\/\/havamall.vn\/wp-content\/uploads\/2022\/07\/8dccae91410a05-430x430.jpg 430w, https:\/\/havamall.vn\/wp-content\/uploads\/2022\/07\/8dccae91410a05-150x150.jpg 150w, https:\/\/havamall.vn\/wp-content\/uploads\/2022\/07\/8dccae91410a05-600x600.jpg 600w, https:\/\/havamall.vn\/wp-content\/uploads\/2022\/07\/8dccae91410a05-100x100.jpg 100w, https:\/\/havamall.vn\/wp-content\/uploads\/2022\/07\/8dccae91410a05.jpg 700w\" sizes=\"(max-width: 596px) 100vw, 596px\" \/><\/p>\n<h3><strong>\u0110\u1eb7c \u0111i\u1ec3m n\u1ed5i b\u1eadt:<\/strong><\/h3>\n<p>&#8211; L\u00f4ng ch\u1ea3i m\u1ec1m m\u1ea1i gi\u00fap b\u00e9 ch\u0103m s\u00f3c r\u0103ng mi\u1ec7ng m\u1ed7i ng\u00e0y, kh\u00f4ng l\u00e0m t\u1ed5n h\u1ea1i n\u01b0\u1edbu.<\/p>\n<p>&#8211; C\u00e1n c\u1ea7m b\u00e0n ch\u1ea3i h\u00ecnh m\u1eb7t c\u01b0\u1eddi \u0111\u00e1ng y\u00eau t\u1ea1o c\u1ea3m gi\u00e1c h\u1ee9ng th\u00fa \u0111\u00e1nh r\u0103ng m\u1ed7i ng\u00e0y cho c\u00e1c b\u00e9 nh\u1ecf.<\/p>\n<p>&#8211; \u0110\u1ebf si\u00eau h\u00edt d\u1ef1ng \u0111\u1ee9ng b\u00e0n ch\u1ea3i, b\u1ec1 m\u1eb7t nh\u1eb5n b\u00f3ng ng c\u00f3 th\u1ec3 h\u00edt kh\u00f4ng cho\u00e1ng ch\u1ed7.<\/p>\n<p>&#8211; L\u00f4ng b\u00e0n ch\u1ea3i c\u1ef1c nh\u1ecf, c\u1ef1c m\u1ec1m, chui l\u1ecdt v\u00e0o k\u1ebd r\u0103ng v\u00e0 b\u1ec1 m\u1eb7t r\u0103ng, l\u00e0m s\u1ea1ch r\u0103ng nh\u1eb9 nh\u00e0ng.<\/p>\n<p><img loading=\"lazy\" decoding=\"async\" class=\"wp-image-27731 aligncenter\" src=\"https:\/\/havamall.vn\/wp-content\/uploads\/2022\/07\/Smiley-Face-300x300.jpg\" alt=\"\" width=\"562\" height=\"562\" srcset=\"https:\/\/havamall.vn\/wp-content\/uploads\/2022\/07\/Smiley-Face-300x300.jpg 300w, https:\/\/havamall.vn\/wp-content\/uploads\/2022\/07\/Smiley-Face-430x430.jpg 430w, https:\/\/havamall.vn\/wp-content\/uploads\/2022\/07\/Smiley-Face-150x150.jpg 150w, https:\/\/havamall.vn\/wp-content\/uploads\/2022\/07\/Smiley-Face-600x600.jpg 600w, https:\/\/havamall.vn\/wp-content\/uploads\/2022\/07\/Smiley-Face-100x100.jpg 100w, https:\/\/havamall.vn\/wp-content\/uploads\/2022\/07\/Smiley-Face.jpg 640w\" sizes=\"(max-width: 562px) 100vw, 562px\" \/><\/p>\n<h3><b>H\u01b0\u1edbng d\u1eabn s\u1eed d\u1ee5ng:<\/b><\/h3>\n<ul>\n<li>R\u1eeda s\u1ea1ch b\u00e0n ch\u1ea3i.<\/li>\n<li>Cho l\u01b0\u1ee3ng kem \u0111\u00e1nh r\u0103ng b\u1eb1ng h\u1ea1t g\u1ea1o t\u01b0\u01a1ng \u0111\u01b0\u01a1ng 2 h\u00e0ng l\u00f4ng ch\u1ea3i.<\/li>\n<li>\u0110\u00e1nh r\u0103ng 2 l\u1ea7n\/ng\u00e0y (s\u00e1ng v\u00e0 t\u1ed1i) \u0111\u1ec3 \u0111\u1ea3m b\u1ea3o s\u1ef1 ph\u00e1t tri\u1ec3n r\u0103ng c\u1ee7a b\u00e9 m\u1ed9t c\u00e1ch t\u1ed1t nh\u1ea5t.<\/li>\n<\/ul>","protected":false},"excerpt":{"rendered":"<p>Uncle Bills (UBL) cung c\u1ea5p h\u01a1n 1800 s\u1ea3n ph\u1ea9m ti\u00eau d\u00f9ng phi th\u01b0\u0323c ph\u00e2\u0309m h\u00e2\u0301p d\u00e2\u0303n, ti\u00ea\u0323n i\u0301ch, gia\u0301 ph\u1ea3i<\/p>","protected":false},"featured_media":27732,"comment_status":"open","ping_status":"closed","template":"","meta":[],"product_brand":[],"product_cat":[397,35],"product_tag":[],"class_list":{"0":"post-27728","1":"product","2":"type-product","3":"status-publish","4":"has-post-thumbnail","6":"product_cat-hang-me-be-do-choi","7":"product_cat-nha-cua-doi-song","8":"pa_brand-uncle-bills","10":"first","11":"outofstock","12":"sale","13":"shipping-taxable","14":"purchasable","15":"product-type-simple"},"_links":{"self":[{"href":"https:\/\/havamall.vn\/en\/wp-json\/wp\/v2\/product\/27728"}],"collection":[{"href":"https:\/\/havamall.vn\/en\/wp-json\/wp\/v2\/product"}],"about":[{"href":"https:\/\/havamall.vn\/en\/wp-json\/wp\/v2\/types\/product"}],"replies":[{"embeddable":true,"href":"https:\/\/havamall.vn\/en\/wp-json\/wp\/v2\/comments?post=27728"}],"version-history":[{"count":0,"href":"https:\/\/havamall.vn\/en\/wp-json\/wp\/v2\/product\/27728\/revisions"}],"wp:featuredmedia":[{"embeddable":true,"href":"https:\/\/havamall.vn\/en\/wp-json\/wp\/v2\/media\/27732"}],"wp:attachment":[{"href":"https:\/\/havamall.vn\/en\/wp-json\/wp\/v2\/media?parent=27728"}],"wp:term":[{"taxonomy":"product_brand","embeddable":true,"href":"https:\/\/havamall.vn\/en\/wp-json\/wp\/v2\/product_brand?post=27728"},{"taxonomy":"product_cat","embeddable":true,"href":"https:\/\/havamall.vn\/en\/wp-json\/wp\/v2\/product_cat?post=27728"},{"taxonomy":"product_tag","embeddable":true,"href":"https:\/\/havamall.vn\/en\/wp-json\/wp\/v2\/product_tag?post=27728"}],"curies":[{"name":"wp","href":"https:\/\/api.w.org\/{rel}","templated":true}]}}