{"id":27724,"date":"2022-07-06T13:39:22","date_gmt":"2022-07-06T06:39:22","guid":{"rendered":"https:\/\/havamall.vn\/?post_type=product&#038;p=27724"},"modified":"2022-07-06T14:20:43","modified_gmt":"2022-07-06T07:20:43","slug":"ban-chai-danh-rang-dau-linh-hoat-bo-6-cai-uncle-bills-toothbrushes","status":"publish","type":"product","link":"https:\/\/havamall.vn\/en\/shop\/ban-chai-danh-rang-dau-linh-hoat-bo-6-cai-uncle-bills-toothbrushes\/","title":{"rendered":"B\u00e0n Ch\u1ea3i \u0110\u00e1nh R\u0103ng \u0110\u1ea7u Linh Ho\u1ea1t B\u1ed9 6 C\u00e1i Uncle Bills &#8211; Toothbrushes"},"content":{"rendered":"<p>Uncle Bills (UBL) cung c\u1ea5p h\u01a1n 1800 s\u1ea3n ph\u1ea9m ti\u00eau d\u00f9ng phi th\u01b0\u0323c ph\u00e2\u0309m h\u00e2\u0301p d\u00e2\u0303n, ti\u00ea\u0323n i\u0301ch, gia\u0301 ph\u1ea3i ch\u0103ng. S\u1ea3n ph\u1ea9m bao g\u1ed3m nhi\u1ec1u lo\u1ea1i ha\u0300ng ho\u0301a kh\u00e1c nhau, t\u1eeb \u0111\u1ed3 du\u0300ng nh\u00e0 b\u1ebfp, ch\u0103m s\u00f3c c\u00e1 nh\u00e2n, l\u00e0m s\u1ea1ch nha\u0300 c\u01b0\u0309a, \u0111\u00f4\u0300 l\u01b0u tr\u1eef, ca\u0301c loa\u0323i du\u0323ng cu\u0323, v\u00e2\u0323t du\u0323ng ngo\u00e0i tr\u1eddi v\u00e0 ca\u0309 cho tr\u1ebb em. UBL Lu\u00f4n lu\u00f4n c\u00e2\u0323p nh\u00e2\u0323t ca\u0301c sa\u0309n ph\u00e2\u0309m m\u01a1\u0301i.<\/p>\n<p>S\u1ea3n ph\u1ea9m UBL \u0111\u01b0\u1ee3c s\u1ea3n xu\u1ea5t theo ti\u00eau chu\u1ea9n ch\u1ea5t l\u01b0\u1ee3ng nghi\u00eam ng\u1eb7t c\u1ee7a UBL Hongkong v\u00e0 b\u00e1n t\u1ea1i h\u01a1n 50 qu\u1ed1c gia v\u01a1\u0301i h\u01a1n 10.000 c\u1eeda h\u00e0ng, bao g\u1ed3m ch\u00e2u \u00c2u, \u00dac, Ch\u00e2u \u00c1, Ch\u00e2u Phi. S\u1ee9 m\u1ec7nh c\u1ee7a UBL l\u00e0 cung c\u1ea5p nh\u1eefng s\u1ea3n ph\u1ea9m ti\u1ec7n \u00edch v\u00e0 h\u1ea5p d\u1eabn cho ng\u00f4i nh\u00e0 hi\u1ec7n \u0111\u1ea1i c\u1ee7a ng\u01b0\u1eddi Vi\u1ec7t Nam.<\/p>\n<p><img fetchpriority=\"high\" decoding=\"async\" class=\"aligncenter\" src=\"https:\/\/cf.shopee.vn\/file\/f6797de1ee745a2dc0d45cb02727d617\" alt=\"T\u00fai \u0110\u1ef1ng R\u00e1c Th\u00fa C\u01b0ng T\u1ef1 Ph\u00e2n H\u1ee7y Uncle Bills PA3372 | Shopee Vi\u1ec7t Nam\" width=\"590\" height=\"590\" \/><\/p>\n<p>\u0110\u00e1nh r\u0103ng th\u01b0\u1eddng xuy\u00ean v\u00e0 \u0111\u00fang c\u00e1ch l\u00e0 ph\u01b0\u01a1ng ph\u00e1p ch\u0103m s\u00f3c r\u0103ng mi\u1ec7ng hi\u1ec7u qu\u1ea3 nh\u1ea5t v\u00e0 \u0111\u01b0\u1ee3c c\u00e1c nha s\u0129 khuy\u1ebfn c\u00e1o. \u0110\u1ed3ng th\u1eddi C\u00e1c nha s\u0129 c\u0169ng khuy\u1ebfn c\u00e1o n\u00ean thay b\u00e0n ch\u1ea3i t\u1ed1t nh\u1ea5t 3 th\u00e1ng m\u1ed9t l\u1ea7n \u0111\u1ec3 vi\u1ec7c v\u1ec7 sinh r\u0103ng mi\u1ec7ng \u0111\u01b0\u1ee3c hi\u1ec7u qu\u1ea3 nh\u1ea5t.<\/p>\n<p>Uncle-Bills xin gi\u1edbi thi\u1ec7u b\u1ed9 b\u00e0n ch\u1ea3i \u0111\u00e1nh r\u0103ng 6 c\u00e1i. Gi\u00fap b\u1ea1n v\u00e0 c\u1ea3 gia \u0111\u00ecnh ch\u0103m s\u00f3c r\u0103ng mi\u1ec7ng hi\u1ec7u qu\u1ea3. Thi\u1ebft k\u1ebf c\u1ee7a nh\u1eefng s\u1ee3i l\u00f4ng b\u00e0n ch\u1ea3i m\u1ec1m v\u00e0 \u0111\u1eb7c bi\u1ec7t gi\u00fap d\u1ec5 d\u00e0ng len l\u00f5i v\u00e0o k\u1ebd r\u0103ng, ch\u1ea3i s\u1ea1ch m\u1ecdi m\u1ea3ng b\u00e1m, th\u1ee9c \u0103n c\u00f2n s\u00f3t l\u1ea1i m\u00e0 kh\u00f4ng l\u00e0m \u1ea3nh h\u01b0\u1edfng \u0111\u1ebfn n\u01b0\u1edbu v\u00e0 l\u1ee3i.<\/p>\n<p><img decoding=\"async\" class=\"aligncenter\" src=\"https:\/\/havamall.vn\/wp-content\/uploads\/2022\/07\/ban-chai-danh-rang-trong-ly.jpg\" alt=\"B\u1ea1n \u0111\u00e3 bi\u1ebft c\u00e1ch v\u1ec7 sinh b\u00e0n ch\u1ea3i \u0111\u00e1nh r\u0103ng ch\u01b0a?\" width=\"588\" height=\"392\" \/><\/p>\n<h3><strong>\u0110\u1eb7c \u0111i\u1ec3m n\u1ed5i b\u1eadt c\u1ee7a s\u1ea3n ph\u1ea9m:<\/strong><\/h3>\n<p>&#8211; B\u00e0n ch\u1ea3i\u00a0v\u1edbi \u0111\u1ea7u b\u00e0n ch\u1ea3i si\u00eau m\u1ea3nh, m\u1ec1m, len l\u1ecfi s\u00e2u v\u00e0o k\u1ebd r\u0103ng \u0111\u1ec3 l\u00e0m s\u1ea1ch.<\/p>\n<p>&#8211; \u0110\u1ea7u b\u00e0n ch\u1ea3i v\u1edbi ch\u1ea5t li\u1ec7u an to\u00e0n, kh\u00f4ng g\u00e2y ch\u1ea3y m\u00e1u r\u0103ng ho\u1eb7c t\u1ed5n th\u01b0\u01a1ng \u0111\u1ebfn n\u01b0\u1edbu<\/p>\n<p>&#8211; Lo\u1ea1i b\u1ecf m\u1ea3ng b\u00e1m, cao r\u0103ng, gi\u00fap ch\u0103m s\u00f3c r\u0103ng mi\u1ec7ng m\u1ed9t c\u00e1ch t\u1ed1t nh\u1ea5t<\/p>\n<p>&#8211; Ng\u0103n ng\u1eeba s\u00e2u r\u0103ng, gi\u1ea3m c\u00e1c b\u1ec7nh l\u00fd v\u1ec1\u00a0r\u0103ng mi\u1ec7ng<\/p>\n<p>&#8211; Thi\u1ebft k\u1ebf ph\u1ea7n th\u00e2n c\u00f3 vi\u1ec1n ch\u1ed1ng tr\u01a1n tu\u1ed9t khi s\u1eed d\u1ee5ng<\/p>\n<p>&#8211; G\u1ecdn nh\u1eb9, d\u1ec5 s\u1eed d\u1ee5ng v\u00e0 ph\u00f9 h\u1ee3p cho m\u1ecdi \u0111\u1ed1i t\u01b0\u1ee3ng<\/p>\n<p>&#8211; Set 6 c\u00e1i v\u1edbi m\u00e0u s\u1eafc kh\u00e1c nhau, s\u1eed d\u1ee5ng cho c\u1ea3 gia \u0111\u00ecnh.<\/p>\n<p><img decoding=\"async\" class=\"aligncenter\" src=\"https:\/\/havamall.vn\/wp-content\/uploads\/2022\/07\/8409730006412_b2ce46ec-4b1f-48be-886b-1effd5c315b5_1024x1024.png\" width=\"657\" height=\"660\" \/><\/p>","protected":false},"excerpt":{"rendered":"<p>Uncle Bills (UBL) cung c\u1ea5p h\u01a1n 1800 s\u1ea3n ph\u1ea9m ti\u00eau d\u00f9ng phi th\u01b0\u0323c ph\u00e2\u0309m h\u00e2\u0301p d\u00e2\u0303n, ti\u00ea\u0323n i\u0301ch, gia\u0301 ph\u1ea3i<\/p>","protected":false},"featured_media":27725,"comment_status":"open","ping_status":"closed","template":"","meta":[],"product_brand":[],"product_cat":[396,35],"product_tag":[],"class_list":{"0":"post-27724","1":"product","2":"type-product","3":"status-publish","4":"has-post-thumbnail","6":"product_cat-suc-khoe-lam-dep","7":"product_cat-nha-cua-doi-song","8":"pa_brand-uncle-bills","10":"first","11":"instock","12":"sale","13":"shipping-taxable","14":"purchasable","15":"product-type-simple"},"_links":{"self":[{"href":"https:\/\/havamall.vn\/en\/wp-json\/wp\/v2\/product\/27724"}],"collection":[{"href":"https:\/\/havamall.vn\/en\/wp-json\/wp\/v2\/product"}],"about":[{"href":"https:\/\/havamall.vn\/en\/wp-json\/wp\/v2\/types\/product"}],"replies":[{"embeddable":true,"href":"https:\/\/havamall.vn\/en\/wp-json\/wp\/v2\/comments?post=27724"}],"version-history":[{"count":0,"href":"https:\/\/havamall.vn\/en\/wp-json\/wp\/v2\/product\/27724\/revisions"}],"wp:featuredmedia":[{"embeddable":true,"href":"https:\/\/havamall.vn\/en\/wp-json\/wp\/v2\/media\/27725"}],"wp:attachment":[{"href":"https:\/\/havamall.vn\/en\/wp-json\/wp\/v2\/media?parent=27724"}],"wp:term":[{"taxonomy":"product_brand","embeddable":true,"href":"https:\/\/havamall.vn\/en\/wp-json\/wp\/v2\/product_brand?post=27724"},{"taxonomy":"product_cat","embeddable":true,"href":"https:\/\/havamall.vn\/en\/wp-json\/wp\/v2\/product_cat?post=27724"},{"taxonomy":"product_tag","embeddable":true,"href":"https:\/\/havamall.vn\/en\/wp-json\/wp\/v2\/product_tag?post=27724"}],"curies":[{"name":"wp","href":"https:\/\/api.w.org\/{rel}","templated":true}]}}