{"id":27718,"date":"2022-07-06T10:56:14","date_gmt":"2022-07-06T03:56:14","guid":{"rendered":"https:\/\/havamall.vn\/?post_type=product&#038;p=27718"},"modified":"2022-07-06T14:20:55","modified_gmt":"2022-07-06T07:20:55","slug":"ban-chai-danh-rang-long-mem-bang-tre-uncle-bills-bamboo-toothbrush","status":"publish","type":"product","link":"https:\/\/havamall.vn\/en\/shop\/ban-chai-danh-rang-long-mem-bang-tre-uncle-bills-bamboo-toothbrush\/","title":{"rendered":"B\u00e0n Ch\u1ea3i \u0110\u00e1nh R\u0103ng L\u00f4ng M\u1ec1m B\u1eb1ng Tre Uncle Bills &#8211; Bamboo Toothbrush"},"content":{"rendered":"<p>Uncle Bills (UBL) cung c\u1ea5p h\u01a1n 1800 s\u1ea3n ph\u1ea9m ti\u00eau d\u00f9ng phi th\u01b0\u0323c ph\u00e2\u0309m h\u00e2\u0301p d\u00e2\u0303n, ti\u00ea\u0323n i\u0301ch, gia\u0301 ph\u1ea3i ch\u0103ng. S\u1ea3n ph\u1ea9m bao g\u1ed3m nhi\u1ec1u lo\u1ea1i ha\u0300ng ho\u0301a kh\u00e1c nhau, t\u1eeb \u0111\u1ed3 du\u0300ng nh\u00e0 b\u1ebfp, ch\u0103m s\u00f3c c\u00e1 nh\u00e2n, l\u00e0m s\u1ea1ch nha\u0300 c\u01b0\u0309a, \u0111\u00f4\u0300 l\u01b0u tr\u1eef, ca\u0301c loa\u0323i du\u0323ng cu\u0323, v\u00e2\u0323t du\u0323ng ngo\u00e0i tr\u1eddi v\u00e0 ca\u0309 cho tr\u1ebb em. UBL Lu\u00f4n lu\u00f4n c\u00e2\u0323p nh\u00e2\u0323t ca\u0301c sa\u0309n ph\u00e2\u0309m m\u01a1\u0301i.<\/p>\n<p>S\u1ea3n ph\u1ea9m UBL \u0111\u01b0\u1ee3c s\u1ea3n xu\u1ea5t theo ti\u00eau chu\u1ea9n ch\u1ea5t l\u01b0\u1ee3ng nghi\u00eam ng\u1eb7t c\u1ee7a UBL Hongkong v\u00e0 b\u00e1n t\u1ea1i h\u01a1n 50 qu\u1ed1c gia v\u01a1\u0301i h\u01a1n 10.000 c\u1eeda h\u00e0ng, bao g\u1ed3m ch\u00e2u \u00c2u, \u00dac, Ch\u00e2u \u00c1, Ch\u00e2u Phi. S\u1ee9 m\u1ec7nh c\u1ee7a UBL l\u00e0 cung c\u1ea5p nh\u1eefng s\u1ea3n ph\u1ea9m ti\u1ec7n \u00edch v\u00e0 h\u1ea5p d\u1eabn cho ng\u00f4i nh\u00e0 hi\u1ec7n \u0111\u1ea1i c\u1ee7a ng\u01b0\u1eddi Vi\u1ec7t Nam.<\/p>\n<p><img fetchpriority=\"high\" decoding=\"async\" class=\"aligncenter\" src=\"https:\/\/cf.shopee.vn\/file\/f6797de1ee745a2dc0d45cb02727d617\" alt=\"T\u00fai \u0110\u1ef1ng R\u00e1c Th\u00fa C\u01b0ng T\u1ef1 Ph\u00e2n H\u1ee7y Uncle Bills PA3372 | Shopee Vi\u1ec7t Nam\" width=\"590\" height=\"590\" \/><\/p>\n<p>B\u00e0n ch\u1ea3i tre \u0111ang nhanh ch\u00f3ng tr\u1edf th\u00e0nh m\u1ed9t m\u1eb7t h\u00e0ng ch\u1ee7 l\u1ef1c trong nhi\u1ec1u h\u1ed9 gia \u0111\u00ecnh, kh\u00f4ng ch\u1ec9 v\u00ec ch\u00fang c\u00f3 kh\u1ea3 n\u0103ng kh\u00e1ng khu\u1ea9n t\u1ef1 nhi\u00ean m\u00e0 c\u00f2n v\u00ec t\u00ednh th\u00e2n thi\u1ec7n v\u1edbi m\u00f4i tr\u01b0\u1eddng v\u00e0 kh\u1ea3 n\u0103ng ph\u00e2n h\u1ee7y sinh h\u1ecdc c\u1ee7a ch\u00fang.<\/p>\n<p>Trong khi m\u1ed9t b\u00e0n ch\u1ea3i \u0111\u00e1nh r\u0103ng b\u1eb1ng nh\u1ef1a s\u1ebd n\u1eb1m trong b\u00e3i r\u00e1c, b\u00e0n ch\u1ea3i \u0111\u00e1nh r\u0103ng b\u1eb1ng tre t\u1ed1t nh\u1ea5t s\u1ebd t\u1ef1 nhi\u00ean b\u1ecb ph\u00e2n h\u1ee7y sau khi n\u00f3 b\u1ecb v\u1ee9t \u0111i.<\/p>\n<p><img decoding=\"async\" class=\"wp-image-27719 aligncenter\" src=\"https:\/\/havamall.vn\/wp-content\/uploads\/2022\/07\/0339d062a6267-300x300.png\" alt=\"\" width=\"594\" height=\"594\" srcset=\"https:\/\/havamall.vn\/wp-content\/uploads\/2022\/07\/0339d062a6267-300x300.png 300w, https:\/\/havamall.vn\/wp-content\/uploads\/2022\/07\/0339d062a6267-430x430.png 430w, https:\/\/havamall.vn\/wp-content\/uploads\/2022\/07\/0339d062a6267-150x150.png 150w, https:\/\/havamall.vn\/wp-content\/uploads\/2022\/07\/0339d062a6267-700x700.png 700w, https:\/\/havamall.vn\/wp-content\/uploads\/2022\/07\/0339d062a6267-768x768.png 768w, https:\/\/havamall.vn\/wp-content\/uploads\/2022\/07\/0339d062a6267-600x600.png 600w, https:\/\/havamall.vn\/wp-content\/uploads\/2022\/07\/0339d062a6267-100x100.png 100w, https:\/\/havamall.vn\/wp-content\/uploads\/2022\/07\/0339d062a6267.png 1010w\" sizes=\"(max-width: 594px) 100vw, 594px\" \/><\/p>\n<p>B\u00e0n ch\u1ea3i \u0111\u00e1nh r\u0103ng m\u1ec1m b\u1eb1ng tre UBL c\u00f3 tay c\u1ea7m l\u00e0m b\u1eb1ng tre ho\u00e0n to\u00e0n t\u1ef1 nhi\u00ean B\u00e0n ch\u1ea3i m\u1ec1m b\u1eb1ng tre UBL \u0111\u01b0\u1ee3c l\u00e0m t\u1eeb 90% tre v\u00e0 10% nylon L\u00f4ng b\u00e0n ch\u1ea3i m\u00e0u tr\u1eafng l\u00e0m t\u1eeb nylon si\u00eau m\u1ec1m c\u00f3 th\u1ec3 gi\u1eef cho r\u0103ng v\u00e0 n\u1ee9u kh\u1ecfe m\u1ea1nh S\u1ea3n ph\u1ea9m b\u00e0n ch\u1ea3i m\u1ec1m UBL b\u1ec1n v\u00e0 th\u00e2n thi\u1ec7n v\u1edbi m\u00f4i tr\u01b0\u1eddng K\u00edch th\u01b0\u1edbc 1x24cm.<\/p>\n<p><img decoding=\"async\" class=\"wp-image-27720 aligncenter\" src=\"https:\/\/havamall.vn\/wp-content\/uploads\/2022\/07\/z2080824014387_8c2033f77dc3b25a70cab9-300x248.png\" alt=\"\" width=\"589\" height=\"487\" srcset=\"https:\/\/havamall.vn\/wp-content\/uploads\/2022\/07\/z2080824014387_8c2033f77dc3b25a70cab9-300x248.png 300w, https:\/\/havamall.vn\/wp-content\/uploads\/2022\/07\/z2080824014387_8c2033f77dc3b25a70cab9-430x355.png 430w, https:\/\/havamall.vn\/wp-content\/uploads\/2022\/07\/z2080824014387_8c2033f77dc3b25a70cab9-150x124.png 150w, https:\/\/havamall.vn\/wp-content\/uploads\/2022\/07\/z2080824014387_8c2033f77dc3b25a70cab9-700x579.png 700w, https:\/\/havamall.vn\/wp-content\/uploads\/2022\/07\/z2080824014387_8c2033f77dc3b25a70cab9-768x635.png 768w, https:\/\/havamall.vn\/wp-content\/uploads\/2022\/07\/z2080824014387_8c2033f77dc3b25a70cab9-1024x847.png 1024w, https:\/\/havamall.vn\/wp-content\/uploads\/2022\/07\/z2080824014387_8c2033f77dc3b25a70cab9-1200x992.png 1200w, https:\/\/havamall.vn\/wp-content\/uploads\/2022\/07\/z2080824014387_8c2033f77dc3b25a70cab9-600x496.png 600w, https:\/\/havamall.vn\/wp-content\/uploads\/2022\/07\/z2080824014387_8c2033f77dc3b25a70cab9.png 1800w\" sizes=\"(max-width: 589px) 100vw, 589px\" \/><\/p>\n<p>Ph\u1ea7n l\u1edbn b\u00e0n ch\u1ea3i \u0111\u00e1nh r\u0103ng b\u1eb1ng tre \u0111i k\u00e8m v\u1edbi l\u00f4ng nylon c\u00f3 c\u1ea3m gi\u00e1c d\u1ec5 ch\u1ecbu v\u1edbi r\u0103ng nh\u01b0ng c\u0169ng \u0111\u1ee7 ch\u1eafc ch\u1eafn \u0111\u1ec3 qu\u00e9t s\u1ea1ch vi khu\u1ea9n v\u00e0 m\u1ea3ng b\u00e1m quanh m\u1ed7i r\u0103ng. Nhi\u1ec1u trong s\u1ed1 c\u00e1c l\u00f4ng nylon n\u00e0y \u0111\u01b0\u1ee3c truy\u1ec1n than gi\u00fap h\u1ea5p th\u1ee5 v\u00e0 li\u00ean k\u1ebft vi khu\u1ea9n v\u1edbi nhau v\u00e0 sau \u0111\u00f3 lo\u1ea1i b\u1ecf n\u00f3 kh\u1ecfi mi\u1ec7ng.<\/p>\n<p>Ch\u00fang c\u0169ng tuy\u1ec7t v\u1eddi \u0111\u1ec3 l\u00e0m tr\u1eafng r\u0103ng, v\u00ec ch\u00fang h\u1ea5p th\u1ee5 ph\u1ea7n l\u1edbn nh\u1eefng g\u00ec th\u01b0\u1eddng l\u00e0m \u1ed1 r\u0103ng c\u1ee7a b\u1ea1n khi b\u1ea1n u\u1ed1ng tr\u00e0, c\u00e0 ph\u00ea v\u00e0 r\u01b0\u1ee3u vang \u0111\u1ecf.<\/p>\n<p><img loading=\"lazy\" decoding=\"async\" class=\"wp-image-27721 aligncenter\" src=\"https:\/\/havamall.vn\/wp-content\/uploads\/2022\/07\/v-300x300.jpg\" alt=\"\" width=\"591\" height=\"591\" srcset=\"https:\/\/havamall.vn\/wp-content\/uploads\/2022\/07\/v-300x300.jpg 300w, https:\/\/havamall.vn\/wp-content\/uploads\/2022\/07\/v-430x430.jpg 430w, https:\/\/havamall.vn\/wp-content\/uploads\/2022\/07\/v-150x150.jpg 150w, https:\/\/havamall.vn\/wp-content\/uploads\/2022\/07\/v-700x700.jpg 700w, https:\/\/havamall.vn\/wp-content\/uploads\/2022\/07\/v-768x768.jpg 768w, https:\/\/havamall.vn\/wp-content\/uploads\/2022\/07\/v-600x600.jpg 600w, https:\/\/havamall.vn\/wp-content\/uploads\/2022\/07\/v-100x100.jpg 100w, https:\/\/havamall.vn\/wp-content\/uploads\/2022\/07\/v.jpg 1000w\" sizes=\"(max-width: 591px) 100vw, 591px\" \/><\/p>\n<h3><strong>\u0110\u1eb7c \u0111i\u1ec3m n\u1ed5i b\u1eadt c\u1ee7a s\u1ea3n ph\u1ea9m:<\/strong><\/h3>\n<ul>\n<li>B\u00e0n ch\u1ea3i \u0111\u00e1nh r\u0103ng m\u1ec1m b\u1eb1ng tre UBL c\u00f3 tay c\u1ea7m l\u00e0m b\u1eb1ng tre ho\u00e0n to\u00e0n t\u1ef1 nhi\u00ean<\/li>\n<li>B\u00e0n ch\u1ea3i m\u1ec1m b\u1eb1ng tre UBL \u0111\u01b0\u1ee3c l\u00e0m t\u1eeb 90% tre v\u00e0 10% nylon<\/li>\n<li>L\u00f4ng b\u00e0n ch\u1ea3i m\u00e0u tr\u1eafng l\u00e0m t\u1eeb nylon si\u00eau m\u1ec1m c\u00f3 th\u1ec3 gi\u1eef cho r\u0103ng v\u00e0 n\u1ee9u kh\u1ecfe m\u1ea1nh<\/li>\n<li>S\u1ea3n ph\u1ea9m b\u00e0n ch\u1ea3i m\u1ec1m UBL b\u1ec1n v\u00e0 th\u00e2n thi\u1ec7n v\u1edbi m\u00f4i tr\u01b0\u1eddng<\/li>\n<\/ul>\n<p><img loading=\"lazy\" decoding=\"async\" class=\"wp-image-27722 aligncenter\" src=\"https:\/\/havamall.vn\/wp-content\/uploads\/2022\/07\/Brosses-\u00e0-dents--300x200.jpg\" alt=\"\" width=\"589\" height=\"392\" srcset=\"https:\/\/havamall.vn\/wp-content\/uploads\/2022\/07\/Brosses-\u00e0-dents--300x200.jpg 300w, https:\/\/havamall.vn\/wp-content\/uploads\/2022\/07\/Brosses-\u00e0-dents--430x287.jpg 430w, https:\/\/havamall.vn\/wp-content\/uploads\/2022\/07\/Brosses-\u00e0-dents--150x100.jpg 150w, https:\/\/havamall.vn\/wp-content\/uploads\/2022\/07\/Brosses-\u00e0-dents--700x467.jpg 700w, https:\/\/havamall.vn\/wp-content\/uploads\/2022\/07\/Brosses-\u00e0-dents--768x512.jpg 768w, https:\/\/havamall.vn\/wp-content\/uploads\/2022\/07\/Brosses-\u00e0-dents--1024x682.jpg 1024w, https:\/\/havamall.vn\/wp-content\/uploads\/2022\/07\/Brosses-\u00e0-dents--1200x800.jpg 1200w, https:\/\/havamall.vn\/wp-content\/uploads\/2022\/07\/Brosses-\u00e0-dents--600x400.jpg 600w, https:\/\/havamall.vn\/wp-content\/uploads\/2022\/07\/Brosses-\u00e0-dents-.jpg 1454w\" sizes=\"(max-width: 589px) 100vw, 589px\" \/><\/p>","protected":false},"excerpt":{"rendered":"<p>Uncle Bills (UBL) cung c\u1ea5p h\u01a1n 1800 s\u1ea3n ph\u1ea9m ti\u00eau d\u00f9ng phi th\u01b0\u0323c ph\u00e2\u0309m h\u00e2\u0301p d\u00e2\u0303n, ti\u00ea\u0323n i\u0301ch, gia\u0301 ph\u1ea3i<\/p>","protected":false},"featured_media":27723,"comment_status":"open","ping_status":"closed","template":"","meta":[],"product_brand":[],"product_cat":[396,35],"product_tag":[],"class_list":{"0":"post-27718","1":"product","2":"type-product","3":"status-publish","4":"has-post-thumbnail","6":"product_cat-suc-khoe-lam-dep","7":"product_cat-nha-cua-doi-song","8":"pa_brand-uncle-bills","10":"first","11":"instock","12":"sale","13":"shipping-taxable","14":"purchasable","15":"product-type-simple"},"_links":{"self":[{"href":"https:\/\/havamall.vn\/en\/wp-json\/wp\/v2\/product\/27718"}],"collection":[{"href":"https:\/\/havamall.vn\/en\/wp-json\/wp\/v2\/product"}],"about":[{"href":"https:\/\/havamall.vn\/en\/wp-json\/wp\/v2\/types\/product"}],"replies":[{"embeddable":true,"href":"https:\/\/havamall.vn\/en\/wp-json\/wp\/v2\/comments?post=27718"}],"version-history":[{"count":0,"href":"https:\/\/havamall.vn\/en\/wp-json\/wp\/v2\/product\/27718\/revisions"}],"wp:featuredmedia":[{"embeddable":true,"href":"https:\/\/havamall.vn\/en\/wp-json\/wp\/v2\/media\/27723"}],"wp:attachment":[{"href":"https:\/\/havamall.vn\/en\/wp-json\/wp\/v2\/media?parent=27718"}],"wp:term":[{"taxonomy":"product_brand","embeddable":true,"href":"https:\/\/havamall.vn\/en\/wp-json\/wp\/v2\/product_brand?post=27718"},{"taxonomy":"product_cat","embeddable":true,"href":"https:\/\/havamall.vn\/en\/wp-json\/wp\/v2\/product_cat?post=27718"},{"taxonomy":"product_tag","embeddable":true,"href":"https:\/\/havamall.vn\/en\/wp-json\/wp\/v2\/product_tag?post=27718"}],"curies":[{"name":"wp","href":"https:\/\/api.w.org\/{rel}","templated":true}]}}