{"id":27713,"date":"2022-07-06T09:58:01","date_gmt":"2022-07-06T02:58:01","guid":{"rendered":"https:\/\/havamall.vn\/?post_type=product&#038;p=27713"},"modified":"2022-07-06T14:21:08","modified_gmt":"2022-07-06T07:21:08","slug":"khuon-giay-banh-muffin-13cm-100-cai-muffin-cases","status":"publish","type":"product","link":"https:\/\/havamall.vn\/en\/shop\/khuon-giay-banh-muffin-13cm-100-cai-muffin-cases\/","title":{"rendered":"Khu\u00f4n Gi\u1ea5y B\u00e1nh Muffin 13cm 100 C\u00e1i Uncle Bills &#8211; Muffin Cases"},"content":{"rendered":"<p>Uncle Bills (UBL) cung c\u1ea5p h\u01a1n 1800 s\u1ea3n ph\u1ea9m ti\u00eau d\u00f9ng phi th\u01b0\u0323c ph\u00e2\u0309m h\u00e2\u0301p d\u00e2\u0303n, ti\u00ea\u0323n i\u0301ch, gia\u0301 ph\u1ea3i ch\u0103ng. S\u1ea3n ph\u1ea9m bao g\u1ed3m nhi\u1ec1u lo\u1ea1i ha\u0300ng ho\u0301a kh\u00e1c nhau, t\u1eeb \u0111\u1ed3 du\u0300ng nh\u00e0 b\u1ebfp, ch\u0103m s\u00f3c c\u00e1 nh\u00e2n, l\u00e0m s\u1ea1ch nha\u0300 c\u01b0\u0309a, \u0111\u00f4\u0300 l\u01b0u tr\u1eef, ca\u0301c loa\u0323i du\u0323ng cu\u0323, v\u00e2\u0323t du\u0323ng ngo\u00e0i tr\u1eddi v\u00e0 ca\u0309 cho tr\u1ebb em. UBL Lu\u00f4n lu\u00f4n c\u00e2\u0323p nh\u00e2\u0323t ca\u0301c sa\u0309n ph\u00e2\u0309m m\u01a1\u0301i.<\/p>\n<p>S\u1ea3n ph\u1ea9m UBL \u0111\u01b0\u1ee3c s\u1ea3n xu\u1ea5t theo ti\u00eau chu\u1ea9n ch\u1ea5t l\u01b0\u1ee3ng nghi\u00eam ng\u1eb7t c\u1ee7a UBL Hongkong v\u00e0 b\u00e1n t\u1ea1i h\u01a1n 50 qu\u1ed1c gia v\u01a1\u0301i h\u01a1n 10.000 c\u1eeda h\u00e0ng, bao g\u1ed3m ch\u00e2u \u00c2u, \u00dac, Ch\u00e2u \u00c1, Ch\u00e2u Phi. S\u1ee9 m\u1ec7nh c\u1ee7a UBL l\u00e0 cung c\u1ea5p nh\u1eefng s\u1ea3n ph\u1ea9m ti\u1ec7n \u00edch v\u00e0 h\u1ea5p d\u1eabn cho ng\u00f4i nh\u00e0 hi\u1ec7n \u0111\u1ea1i c\u1ee7a ng\u01b0\u1eddi Vi\u1ec7t Nam.<\/p>\n<p><img fetchpriority=\"high\" decoding=\"async\" class=\"aligncenter\" src=\"https:\/\/cf.shopee.vn\/file\/f6797de1ee745a2dc0d45cb02727d617\" alt=\"T\u00fai \u0110\u1ef1ng R\u00e1c Th\u00fa C\u01b0ng T\u1ef1 Ph\u00e2n H\u1ee7y Uncle Bills PA3372 | Shopee Vi\u1ec7t Nam\" width=\"590\" height=\"590\" \/><\/p>\n<p>Nh\u1eefng chi\u1ebfc b\u00e1nh muffin xinh xinh l\u00e0 m\u1ed9t m\u00f3n b\u00e1nh quen thu\u1ed9c; ph\u1ed5 bi\u1ebfn kh\u00f4ng ph\u1ea3i ch\u1ec9 v\u00ec b\u00e1nh xinh; g\u1ecdn; th\u01a1m ngon; v\u1eeba mi\u1ec7ng m\u00e0 c\u00f2n do \u0111\u00e2y l\u00e0 m\u1ed9t lo\u1ea1i b\u00e1nh kh\u00e1 d\u1ec5 l\u00e0m v\u00e0 \u0111a d\u1ea1ng.<\/p>\n<p>H\u1ed9p\u00a0100 khu\u00f4n gi\u1ea5y b\u00e1nh muffin Uncle Bills KC0331 13cm (Tr\u1eafng)\u00a0\u0111\u01b0\u1ee3c l\u00e0m t\u1eeb ch\u1ea5t li\u1ec7u gi\u1ea5y ch\u1ea5t l\u01b0\u1ee3ng cao,\u00a0an to\u00e0n v\u1edbi s\u1ee9c kh\u1ecfe c\u1ee7a ng\u01b0\u1eddi s\u1eed d\u1ee5ng.<\/p>\n<p><img decoding=\"async\" class=\"wp-image-27714 aligncenter\" src=\"https:\/\/havamall.vn\/wp-content\/uploads\/2022\/07\/71s5Z5Jb5HL-300x300.png\" alt=\"\" width=\"600\" height=\"600\" srcset=\"https:\/\/havamall.vn\/wp-content\/uploads\/2022\/07\/71s5Z5Jb5HL-300x300.png 300w, https:\/\/havamall.vn\/wp-content\/uploads\/2022\/07\/71s5Z5Jb5HL-430x430.png 430w, https:\/\/havamall.vn\/wp-content\/uploads\/2022\/07\/71s5Z5Jb5HL-150x150.png 150w, https:\/\/havamall.vn\/wp-content\/uploads\/2022\/07\/71s5Z5Jb5HL-700x700.png 700w, https:\/\/havamall.vn\/wp-content\/uploads\/2022\/07\/71s5Z5Jb5HL-768x768.png 768w, https:\/\/havamall.vn\/wp-content\/uploads\/2022\/07\/71s5Z5Jb5HL-600x600.png 600w, https:\/\/havamall.vn\/wp-content\/uploads\/2022\/07\/71s5Z5Jb5HL-100x100.png 100w, https:\/\/havamall.vn\/wp-content\/uploads\/2022\/07\/71s5Z5Jb5HL.png 1000w\" sizes=\"(max-width: 600px) 100vw, 600px\" \/><\/p>\n<p>H\u1ed9p\u00a0100 C\u00e1i\u00a0Khu\u00f4n Gi\u1ea5y B\u00e1nh Muffin 13cm Uncle Bills ti\u1ec7n d\u1ee5ng, gi\u00fap b\u1ea1n l\u00e0m b\u00e1nh muffin \u0111\u01b0\u1ee3c\u00a0nhanh ch\u00f3ng v\u00e0 nhi\u1ec1u h\u01a1n. S\u1eed d\u1ee5ng khu\u00f4n gi\u1ea5y v\u1eeba gi\u00fap b\u1ea1n kh\u00f4ng m\u1ea5t th\u1eddi gian v\u1ec7 sinh v\u00e0 ti\u1ec7n d\u1ee5ng h\u01a1n khi c\u1ea7m \u0103n.\u00a0Khu\u00f4n \u0111\u01b0\u1ee3c g\u1ea5p g\u1ecdn g\u00e0ng trong h\u1ed9p nh\u1ef1a gi\u00fap b\u1ea1n d\u1ec5 d\u00e0ng b\u1ea3o qu\u1ea3n.\u00a0V\u1edbi thi\u1ebft k\u1ebf tr\u00f2n c\u00f9ng nh\u1eefng n\u1ebfp g\u1ea5p \u0111\u1eb9p m\u1eaft, s\u1ea3n ph\u1ea9m s\u1ebd g\u00f3p ph\u1ea7n t\u1ea1o n\u00ean m\u1ed9t chi\u1ebfc b\u00e1nh muffin \u0111\u1eb9p m\u1eaft, th\u01a1m ngon.<\/p>\n<p><img decoding=\"async\" class=\"wp-image-27715 aligncenter\" src=\"https:\/\/havamall.vn\/wp-content\/uploads\/2022\/07\/610Waib9cSL-293x300.jpg\" alt=\"\" width=\"596\" height=\"610\" srcset=\"https:\/\/havamall.vn\/wp-content\/uploads\/2022\/07\/610Waib9cSL-293x300.jpg 293w, https:\/\/havamall.vn\/wp-content\/uploads\/2022\/07\/610Waib9cSL-430x440.jpg 430w, https:\/\/havamall.vn\/wp-content\/uploads\/2022\/07\/610Waib9cSL-150x153.jpg 150w, https:\/\/havamall.vn\/wp-content\/uploads\/2022\/07\/610Waib9cSL-700x716.jpg 700w, https:\/\/havamall.vn\/wp-content\/uploads\/2022\/07\/610Waib9cSL-768x786.jpg 768w, https:\/\/havamall.vn\/wp-content\/uploads\/2022\/07\/610Waib9cSL-600x614.jpg 600w, https:\/\/havamall.vn\/wp-content\/uploads\/2022\/07\/610Waib9cSL.jpg 901w\" sizes=\"(max-width: 596px) 100vw, 596px\" \/><\/p>\n<p>Ngo\u00e0i khu\u00f4n n\u01b0\u1edbng, b\u1ea1n n\u00ean c\u00f3 nh\u1eefng chi\u1ebfc khu\u00f4n b\u00e1nh muffin b\u1eb1ng gi\u1ea5y b\u00ean trong khu\u00f4n khi n\u01b0\u1edbng \u0111\u1ec3 l\u00e0m nhi\u1ec7m v\u1ee5 ch\u1ed1ng d\u00ednh hi\u1ec7u qu\u1ea3, ngo\u00e0i ra n\u00f3 c\u00f2n ti\u1ec7n cho vi\u1ec7c c\u1ea7m \u0103n hay mang t\u1eb7ng v\u00ec nh\u1eefng chi\u1ebfc c\u1ed1c gi\u1ea5y l\u00f3t n\u00e0y c\u0169ng mang nhi\u1ec7m v\u1ee5 c\u1ee7a \u0111\u1ed3 trang tr\u00ed.<\/p>\n<p><img loading=\"lazy\" decoding=\"async\" class=\"aligncenter\" src=\"https:\/\/havamall.vn\/wp-content\/uploads\/2022\/07\/basic-muffins-603582-1.jpg\" alt=\"Basic muffin recipe with variations - Kidspot\" width=\"609\" height=\"406\" \/><\/p>\n<p>H\u1ed9p\u00a0100 C\u00e1i\u00a0Khu\u00f4n Gi\u1ea5y B\u00e1nh Muffin 13cm Uncle Bills l\u00e0 s\u1ea3n ph\u1ea9m h\u1ed7 tr\u1ee3 l\u00e0m n\u00ean nh\u1eefng chi\u1ebfc b\u00e1nh n\u01b0\u1edbng th\u01a1m ngon, h\u1ea5p d\u1eabn v\u1edbi c\u00f4ng d\u1ee5ng gi\u00fap duy tr\u00ec \u0111\u1ed9 \u1ea9m c\u1ee7a b\u00e1nh khi n\u01b0\u1edbng.\u00a0\u0110\u00e2y l\u00e0 d\u1ee5ng c\u1ee5 l\u00e0m b\u00e1nh h\u1ebft s\u1ee9c c\u00f3 l\u1ee3i cho nh\u00e0 b\u1ebfp v\u1ec1 s\u1ef1 ti\u1ec7n \u00edch c\u0169ng nh\u01b0 th\u1ea9m m\u1ef9. Khu\u00f4n \u0111\u01b0\u1ee3c l\u00e0m t\u1eeb ch\u1ea5t li\u1ec7u gi\u1ea5y s\u1ea1ch, \u0111\u1ea3m b\u1ea3o an to\u00e0n v\u00e0 ch\u1ea5t l\u01b0\u1ee3ng.<\/p>\n<p>S\u1ea3n ph\u1ea9m \u0111\u00e3 c\u00f3 m\u1eb7t t\u1ea1i Havamall.<\/p>","protected":false},"excerpt":{"rendered":"<p>Uncle Bills (UBL) cung c\u1ea5p h\u01a1n 1800 s\u1ea3n ph\u1ea9m ti\u00eau d\u00f9ng phi th\u01b0\u0323c ph\u00e2\u0309m h\u00e2\u0301p d\u00e2\u0303n, ti\u00ea\u0323n i\u0301ch, gia\u0301 ph\u1ea3i<\/p>","protected":false},"featured_media":27716,"comment_status":"open","ping_status":"closed","template":"","meta":[],"product_brand":[],"product_cat":[393,35],"product_tag":[],"class_list":{"0":"post-27713","1":"product","2":"type-product","3":"status-publish","4":"has-post-thumbnail","6":"product_cat-bep-phong-an","7":"product_cat-nha-cua-doi-song","8":"pa_brand-uncle-bills","10":"first","11":"instock","12":"sale","13":"shipping-taxable","14":"purchasable","15":"product-type-simple"},"_links":{"self":[{"href":"https:\/\/havamall.vn\/en\/wp-json\/wp\/v2\/product\/27713"}],"collection":[{"href":"https:\/\/havamall.vn\/en\/wp-json\/wp\/v2\/product"}],"about":[{"href":"https:\/\/havamall.vn\/en\/wp-json\/wp\/v2\/types\/product"}],"replies":[{"embeddable":true,"href":"https:\/\/havamall.vn\/en\/wp-json\/wp\/v2\/comments?post=27713"}],"version-history":[{"count":0,"href":"https:\/\/havamall.vn\/en\/wp-json\/wp\/v2\/product\/27713\/revisions"}],"wp:featuredmedia":[{"embeddable":true,"href":"https:\/\/havamall.vn\/en\/wp-json\/wp\/v2\/media\/27716"}],"wp:attachment":[{"href":"https:\/\/havamall.vn\/en\/wp-json\/wp\/v2\/media?parent=27713"}],"wp:term":[{"taxonomy":"product_brand","embeddable":true,"href":"https:\/\/havamall.vn\/en\/wp-json\/wp\/v2\/product_brand?post=27713"},{"taxonomy":"product_cat","embeddable":true,"href":"https:\/\/havamall.vn\/en\/wp-json\/wp\/v2\/product_cat?post=27713"},{"taxonomy":"product_tag","embeddable":true,"href":"https:\/\/havamall.vn\/en\/wp-json\/wp\/v2\/product_tag?post=27713"}],"curies":[{"name":"wp","href":"https:\/\/api.w.org\/{rel}","templated":true}]}}