{"id":27689,"date":"2022-07-05T11:48:51","date_gmt":"2022-07-05T04:48:51","guid":{"rendered":"https:\/\/havamall.vn\/?post_type=product&#038;p=27689"},"modified":"2022-08-22T16:46:43","modified_gmt":"2022-08-22T09:46:43","slug":"pho-mai-bridel-hop-8-mieng-120g-processed-cheese","status":"publish","type":"product","link":"https:\/\/havamall.vn\/en\/shop\/pho-mai-bridel-hop-8-mieng-120g-processed-cheese\/","title":{"rendered":"Ph\u00f4 Mai Bridel H\u1ed9p 8 Mi\u1ebfng 120g &#8211; Processed Cheese"},"content":{"rendered":"<p>Ph\u00f4 mai Bridel 8 mi\u1ebfng 120g \u0111\u01b0\u1ee3c c\u00f4 \u0111\u1eb7c t\u1eeb s\u1eefa n\u00ean c\u00f3 h\u00e0m l\u01b0\u1ee3ng \u0111\u1ea1m, ch\u1ea5t b\u00e9o v\u00e0 canxi r\u1ea5t cao t\u1ed1t cho s\u1ee9c kh\u1ecfe, \u0111\u1eb7c bi\u1ec7t l\u00e0 v\u1edbi tr\u1ebb em. Ph\u00f4 mai l\u00e0 th\u1ee9c \u0103n t\u1ea1o ra ki\u1ec1m, gi\u00fap gi\u1ea3m \u0111\u1ed9 axit \u1edf mi\u1ec7ng nh\u1edd h\u00e0m l\u01b0\u1ee3ng canxi cao. Ph\u00f4 mai ch\u1ee9a men vi sinh, r\u1ea5t c\u00f3 l\u1ee3i cho \u0111\u01b0\u1eddng ti\u00eau h\u00f3a, gi\u00fap b\u00e9 h\u1ea5p thu th\u1ee9c \u0103n t\u1ed1t h\u01a1n v\u00e0 c\u1ea3i thi\u1ec7n s\u1ee9c kh\u1ecfe.<\/p>\n<p><img fetchpriority=\"high\" decoding=\"async\" class=\"wp-image-27690 aligncenter\" src=\"https:\/\/havamall.vn\/wp-content\/uploads\/2022\/07\/278710947-300x174.png\" alt=\"\" width=\"625\" height=\"363\" srcset=\"https:\/\/havamall.vn\/wp-content\/uploads\/2022\/07\/278710947-300x174.png 300w, https:\/\/havamall.vn\/wp-content\/uploads\/2022\/07\/278710947-430x249.png 430w, https:\/\/havamall.vn\/wp-content\/uploads\/2022\/07\/278710947-150x87.png 150w, https:\/\/havamall.vn\/wp-content\/uploads\/2022\/07\/278710947-700x406.png 700w, https:\/\/havamall.vn\/wp-content\/uploads\/2022\/07\/278710947-768x445.png 768w, https:\/\/havamall.vn\/wp-content\/uploads\/2022\/07\/278710947-600x348.png 600w, https:\/\/havamall.vn\/wp-content\/uploads\/2022\/07\/278710947.png 1000w\" sizes=\"(max-width: 625px) 100vw, 625px\" \/><\/p>\n<p>Ph\u00f4 mai Bridel 8 mi\u1ebfng 120g \u0111\u01b0\u1ee3c ch\u1ebf bi\u1ebfn v\u00e0 s\u1ea3n xu\u1ea5t b\u1eb1ng c\u00f4ng th\u1ee9c, quy tr\u00ecnh s\u1ea3n xu\u1ea5t hi\u1ec7n \u0111\u1ea1i c\u1ee7a Ph\u00e1p c\u00f3 s\u1ef1 gi\u00e1m s\u00e1t nghi\u00eam ng\u1eb7t, kh\u00e9p k\u00edn\u00a0n\u00ean lu\u00f4n t\u1ea1o uy t\u00edn v\u1ec1 ch\u1ea5t l\u01b0\u1ee3ng v\u00e0 an to\u00e0n th\u1ef1c ph\u1ea9m. B\u1ea1n ho\u00e0n to\u00e0n y\u00ean t\u00e2m ch\u0103m s\u00f3c b\u1eefa \u0103n cho gia \u0111\u00ecnh.<\/p>\n<p>Nguy\u00ean li\u1ec7u ho\u00e0n to\u00e0n t\u1eeb t\u1ef1 nhi\u00ean \u0111\u01b0\u1ee3c ki\u1ec3m so\u00e1t nghi\u00eam ng\u1eb7t, kh\u00f4ng ch\u1ee9a ch\u1ea5t ph\u1ee5 gia, cho ra s\u1ea3n ph\u1ea9m m\u1ec1m m\u1ecbn, h\u01b0\u01a1ng v\u1ecb r\u1ea5t h\u1ea5p d\u1eabn, k\u00edch th\u00edch v\u1ecb gi\u00e1c.\u00a0Khi \u0103n s\u1ebd c\u1ea3m nh\u1eadn \u0111\u01b0\u1ee3c \u0111\u1ed9 m\u1ec1m, v\u1ecb b\u00e9o th\u01a1m c\u00f9ng v\u1ecb m\u1eb7n \u0111\u1eb7c tr\u01b0ng c\u1ee7a ph\u00f4 mai cao c\u1ea5p.<\/p>\n<p><img decoding=\"async\" class=\"wp-image-27691 aligncenter\" src=\"https:\/\/havamall.vn\/wp-content\/uploads\/2022\/07\/278454152_4910964-300x265.jpg\" alt=\"\" width=\"621\" height=\"549\" srcset=\"https:\/\/havamall.vn\/wp-content\/uploads\/2022\/07\/278454152_4910964-300x265.jpg 300w, https:\/\/havamall.vn\/wp-content\/uploads\/2022\/07\/278454152_4910964-430x380.jpg 430w, https:\/\/havamall.vn\/wp-content\/uploads\/2022\/07\/278454152_4910964-150x133.jpg 150w, https:\/\/havamall.vn\/wp-content\/uploads\/2022\/07\/278454152_4910964-700x618.jpg 700w, https:\/\/havamall.vn\/wp-content\/uploads\/2022\/07\/278454152_4910964-768x678.jpg 768w, https:\/\/havamall.vn\/wp-content\/uploads\/2022\/07\/278454152_4910964-1024x905.jpg 1024w, https:\/\/havamall.vn\/wp-content\/uploads\/2022\/07\/278454152_4910964-600x530.jpg 600w, https:\/\/havamall.vn\/wp-content\/uploads\/2022\/07\/278454152_4910964.jpg 1080w\" sizes=\"(max-width: 621px) 100vw, 621px\" \/><\/p>\n<p>S\u1ea3n ph\u1ea9m ch\u1ee9a nhi\u1ec1u ch\u1ea5t dinh d\u01b0\u1ee1ng g\u00f3p ph\u1ea7n b\u1ed5 sung dinh d\u01b0\u1ee1ng v\u00e0 n\u0103ng l\u01b0\u1ee3ng c\u1ea7n thi\u1ebft cho m\u1ed9t ng\u00e0y l\u00e0m vi\u1ec7c, h\u1ecdc t\u1eadp n\u0103ng \u0111\u1ed9ng.<\/p>\n<p>S\u1ea3n ph\u1ea9m c\u00f3 th\u1ec3 s\u1eed d\u1ee5ng tr\u1ef1c ti\u1ebfp ho\u1eb7c ch\u1ebf bi\u1ebfn th\u00e0nh nhi\u1ec1u m\u00f3n \u0103n, m\u00f3n b\u00e1nh kh\u00e1c nhau. H\u1ed9p \u0111\u1ef1ng nh\u1ecf g\u1ecdn, ti\u1ec7n d\u1ee5ng cho qu\u00e1 tr\u00ecnh s\u1eed d\u1ee5ng v\u00e0 b\u1ea3o qu\u1ea3n.<\/p>\n<p><img decoding=\"async\" class=\"wp-image-27692 aligncenter\" src=\"https:\/\/havamall.vn\/wp-content\/uploads\/2022\/07\/50324117-300x200.png\" alt=\"\" width=\"620\" height=\"413\" srcset=\"https:\/\/havamall.vn\/wp-content\/uploads\/2022\/07\/50324117-300x200.png 300w, https:\/\/havamall.vn\/wp-content\/uploads\/2022\/07\/50324117-430x287.png 430w, https:\/\/havamall.vn\/wp-content\/uploads\/2022\/07\/50324117-150x100.png 150w, https:\/\/havamall.vn\/wp-content\/uploads\/2022\/07\/50324117-700x467.png 700w, https:\/\/havamall.vn\/wp-content\/uploads\/2022\/07\/50324117-768x512.png 768w, https:\/\/havamall.vn\/wp-content\/uploads\/2022\/07\/50324117-1024x683.png 1024w, https:\/\/havamall.vn\/wp-content\/uploads\/2022\/07\/50324117.png 1200w, https:\/\/havamall.vn\/wp-content\/uploads\/2022\/07\/50324117-600x400.png 600w\" sizes=\"(max-width: 620px) 100vw, 620px\" \/><\/p>\n<p>Ph\u00f4 mai Bridel 8 mi\u1ebfng 120g r\u1ea5t d\u1ec5 \u0103n, nh\u1ea5t l\u00e0 \u0111\u1ed1i v\u1edbi tr\u1ebb nh\u1ecf, k\u00edch th\u00edch v\u1ecb gi\u00e1c c\u1ee7a tr\u1ebb. C\u00f3 th\u1ec3 d\u00f9ng ph\u00f4 mai tr\u1ef1c ti\u1ebfp ho\u1eb7c ch\u1ebf bi\u1ebfn th\u00e0nh c\u00e1c m\u00f3n \u0103n t\u00f9y \u00fd. Ph\u00f4 mai Bridel 8 mi\u1ebfng 120g m\u1ec1m m\u1ecbn, d\u1ec5 \u0103n, ch\u1ee9a nhi\u1ec1u Canxi v\u00e0 c\u00e1c kho\u00e1ng ch\u1ea5t. S\u1ea3n ph\u1ea9m ph\u00f9 h\u1ee3p cho tr\u1ebb t\u1eeb 12 th\u00e1ng tu\u1ed5i tr\u1edf l\u00ean v\u00e0 ng\u01b0\u1eddi l\u1edbn.<\/p>\n<p>Ph\u00f4 mai l\u00e0 ngu\u1ed3n cung c\u1ea5p vitamin A v\u00e0 vitamin D r\u1ea5t phong ph\u00fa. Vitamin A gi\u00fap duy tr\u00ec s\u1ee9c kh\u1ecfe, t\u0103ng c\u01b0\u1eddng h\u1ec7 th\u1ed1ng mi\u1ec5n d\u1ecbch, s\u1ea3n xu\u1ea5t t\u1ebf b\u00e0o m\u00e1u. Canxi v\u00e0 ph\u1ed1t pho trong ph\u00f4 mai gi\u00fap h\u1ed7 tr\u1ee3 t\u0103ng tr\u01b0\u1edfng, x\u00e2y d\u1ef1ng h\u1ec7 r\u0103ng v\u00e0 x\u01b0\u01a1ng ph\u00e1t tri\u1ec3n, l\u00e0m gi\u1ea3m nguy c\u01a1 m\u1eafc b\u1ec7nh lo\u00e3ng x\u01b0\u01a1ng. Ngo\u00e0i ra, canxi c\u00f2n \u0111\u00f3ng vai tr\u00f2 quan tr\u1ecdng \u0111\u1ed1i v\u1edbi s\u1ee9c kh\u1ecfe h\u1ec7 th\u1ea7n kinh.<\/p>\n<p><img loading=\"lazy\" decoding=\"async\" class=\"wp-image-27693 aligncenter\" src=\"https:\/\/havamall.vn\/wp-content\/uploads\/2022\/07\/19955990_1357371527650350-300x200.png\" alt=\"\" width=\"619\" height=\"412\" srcset=\"https:\/\/havamall.vn\/wp-content\/uploads\/2022\/07\/19955990_1357371527650350-300x200.png 300w, https:\/\/havamall.vn\/wp-content\/uploads\/2022\/07\/19955990_1357371527650350-430x287.png 430w, https:\/\/havamall.vn\/wp-content\/uploads\/2022\/07\/19955990_1357371527650350-150x100.png 150w, https:\/\/havamall.vn\/wp-content\/uploads\/2022\/07\/19955990_1357371527650350-700x467.png 700w, https:\/\/havamall.vn\/wp-content\/uploads\/2022\/07\/19955990_1357371527650350.png 768w, https:\/\/havamall.vn\/wp-content\/uploads\/2022\/07\/19955990_1357371527650350-600x400.png 600w\" sizes=\"(max-width: 619px) 100vw, 619px\" \/><\/p>\n<h3><strong>H\u01b0\u1edbng d\u1eabn s\u1eed d\u1ee5ng:<\/strong><\/h3>\n<p>&gt; Ph\u00f4 mai Bridel 8 mi\u1ebfng 120g l\u00e0 b\u1eefa \u0103n nh\u1eb9 dinh d\u01b0\u1ee1ng khi s\u1eed d\u1ee5ng k\u00e8m b\u00e1nh m\u00ec ho\u1eb7c tr\u00e1i c\u00e2y. V\u1edbi c\u00f4ng th\u1ee9c calcivit gi\u00e0u canxi, b\u1ed5 sung th\u00eam h\u00e0m l\u01b0\u1ee3ng Vitamin D, ph\u00f4 mai r\u1ea5t t\u1ed1t cho s\u1ee9c kho\u1ebb v\u00e0 \u0111\u01b0\u1ee3c khuy\u00ean n\u00ean s\u1eed d\u1ee5ng h\u00e0ng ng\u00e0y.<\/p>\n<p>&gt; C\u00f3 th\u1ec3 s\u1eed d\u1ee5ng ph\u00f4 mai \u0111\u1ec3 \u0103n tr\u1ef1c ti\u1ebfp, \u0103n k\u00e8m b\u00e1nh m\u00ec, tr\u00e1i c\u00e2y, n\u1ea5u ch\u00e1o,\u2026 \u0111\u1eb7c bi\u1ec7t t\u1ed1t \u0111\u1ed1i v\u1edbi tr\u1ebb em v\u00ec s\u1eed d\u1ee5ng s\u1ea3n ph\u1ea9m th\u01b0\u1eddng xuy\u00ean s\u1ebd gi\u00fap c\u01a1 th\u1ec3 b\u00e9 ph\u00e1t tri\u1ec3n h\u1ec7 x\u01b0\u01a1ng.<\/p>\n<h3><img loading=\"lazy\" decoding=\"async\" class=\"wp-image-27694 aligncenter\" src=\"https:\/\/havamall.vn\/wp-content\/uploads\/2022\/07\/278566574_-300x259.png\" alt=\"\" width=\"617\" height=\"533\" srcset=\"https:\/\/havamall.vn\/wp-content\/uploads\/2022\/07\/278566574_-300x259.png 300w, https:\/\/havamall.vn\/wp-content\/uploads\/2022\/07\/278566574_-430x371.png 430w, https:\/\/havamall.vn\/wp-content\/uploads\/2022\/07\/278566574_-150x130.png 150w, https:\/\/havamall.vn\/wp-content\/uploads\/2022\/07\/278566574_-700x605.png 700w, https:\/\/havamall.vn\/wp-content\/uploads\/2022\/07\/278566574_-768x663.png 768w, https:\/\/havamall.vn\/wp-content\/uploads\/2022\/07\/278566574_-1024x885.png 1024w, https:\/\/havamall.vn\/wp-content\/uploads\/2022\/07\/278566574_-600x518.png 600w, https:\/\/havamall.vn\/wp-content\/uploads\/2022\/07\/278566574_.png 1080w\" sizes=\"(max-width: 617px) 100vw, 617px\" \/><\/h3>\n<h3><strong>\u0110\u1eb7c \u0111i\u1ec3m n\u1ed5i b\u1eadt:<\/strong><\/h3>\n<p>\u2013 V\u1ecb ph\u00f4 mai \u0111\u1eb7c tr\u01b0ng, th\u01a1m ngon<\/p>\n<p>\u2013 \u0110\u1ea3m b\u1ea3o an to\u00e0n cho s\u1ee9c kh\u1ecfe<\/p>\n<p>\u2013 S\u1eed d\u1ee5ng cho tr\u1ebb em tr\u00ean 6 th\u00e1ng tu\u1ed5i<\/p>\n<p>\u2013 S\u1ea3n ph\u1ea9m \u0111\u00f3ng g\u00f3i t\u1eebng mi\u1ebfng nh\u1ecf g\u1ecdn cho b\u1ea1n d\u1ec5 d\u00e0ng s\u1eed d\u1ee5ng v\u00e0 b\u1ea3o qu\u1ea3n.<\/p>\n<p><img loading=\"lazy\" decoding=\"async\" class=\"wp-image-27695 aligncenter\" src=\"https:\/\/havamall.vn\/wp-content\/uploads\/2022\/07\/283006409_4979657572088376_-300x248.png\" alt=\"\" width=\"621\" height=\"513\" srcset=\"https:\/\/havamall.vn\/wp-content\/uploads\/2022\/07\/283006409_4979657572088376_-300x248.png 300w, https:\/\/havamall.vn\/wp-content\/uploads\/2022\/07\/283006409_4979657572088376_-430x355.png 430w, https:\/\/havamall.vn\/wp-content\/uploads\/2022\/07\/283006409_4979657572088376_-150x124.png 150w, https:\/\/havamall.vn\/wp-content\/uploads\/2022\/07\/283006409_4979657572088376_-700x578.png 700w, https:\/\/havamall.vn\/wp-content\/uploads\/2022\/07\/283006409_4979657572088376_-768x634.png 768w, https:\/\/havamall.vn\/wp-content\/uploads\/2022\/07\/283006409_4979657572088376_-1024x845.png 1024w, https:\/\/havamall.vn\/wp-content\/uploads\/2022\/07\/283006409_4979657572088376_-600x495.png 600w, https:\/\/havamall.vn\/wp-content\/uploads\/2022\/07\/283006409_4979657572088376_.png 1080w\" sizes=\"(max-width: 621px) 100vw, 621px\" \/><\/p>\n<h3><strong>C\u00f4ng d\u1ee5ng c\u1ee7a ph\u00f4 mai:<\/strong><\/h3>\n<p>\u2013 Trong ph\u00f4 mai ch\u1ee9a protein, ch\u1ea5t b\u00e9o, canxi gi\u00fap cho c\u01a1 th\u1ec3 c\u1ee7a con ng\u01b0\u1eddi t\u0103ng c\u01b0\u1eddng c\u01a1 b\u1eafp v\u00e0 x\u01b0\u01a1ng kh\u1ecfe m\u1ea1nh.<\/p>\n<p>\u2013 Trong ph\u00f4 mai c\u00f3 ch\u1ee9a ch\u1ea5t axit linoleic (CLA) m\u00e0 axit n\u00e0y c\u00f3 th\u1ec3 gi\u00fap ng\u0103n ng\u1eeba ung th\u01b0.<\/p>\n<p>\u2013 Trong ph\u00f4 mai c\u00f3 ch\u1ee9a vitamin A gi\u00fap duy tr\u00ec s\u1ee9c kh\u1ecfe v\u00e0 tr\u00e1nh c\u00e1c b\u1ec7nh v\u1ec1 m\u1eaft.<\/p>\n<p>\u2013 Ph\u00f4 mai c\u00f3 ch\u1ee9a vitamin B, ngo\u00e0i vi\u1ec7c t\u1ed1t cho l\u00e0n da ho\u1eb7c gi\u1ea3m kh\u1ecfi nhi\u1ec1u b\u1ec7nh t\u1eadt m\u1ec7t m\u1ecfi.<\/p>","protected":false},"excerpt":{"rendered":"<p>Ph\u00f4 mai Bridel 8 mi\u1ebfng 120g \u0111\u01b0\u1ee3c c\u00f4 \u0111\u1eb7c t\u1eeb s\u1eefa n\u00ean c\u00f3 h\u00e0m l\u01b0\u1ee3ng \u0111\u1ea1m, ch\u1ea5t b\u00e9o v\u00e0 canxi<\/p>","protected":false},"featured_media":27696,"comment_status":"open","ping_status":"closed","template":"","meta":[],"product_brand":[],"product_cat":[36],"product_tag":[],"class_list":{"0":"post-27689","1":"product","2":"type-product","3":"status-publish","4":"has-post-thumbnail","6":"product_cat-thuc-pham-tieu-dung","8":"first","9":"outofstock","10":"sale","11":"shipping-taxable","12":"purchasable","13":"product-type-simple"},"_links":{"self":[{"href":"https:\/\/havamall.vn\/en\/wp-json\/wp\/v2\/product\/27689"}],"collection":[{"href":"https:\/\/havamall.vn\/en\/wp-json\/wp\/v2\/product"}],"about":[{"href":"https:\/\/havamall.vn\/en\/wp-json\/wp\/v2\/types\/product"}],"replies":[{"embeddable":true,"href":"https:\/\/havamall.vn\/en\/wp-json\/wp\/v2\/comments?post=27689"}],"version-history":[{"count":0,"href":"https:\/\/havamall.vn\/en\/wp-json\/wp\/v2\/product\/27689\/revisions"}],"wp:featuredmedia":[{"embeddable":true,"href":"https:\/\/havamall.vn\/en\/wp-json\/wp\/v2\/media\/27696"}],"wp:attachment":[{"href":"https:\/\/havamall.vn\/en\/wp-json\/wp\/v2\/media?parent=27689"}],"wp:term":[{"taxonomy":"product_brand","embeddable":true,"href":"https:\/\/havamall.vn\/en\/wp-json\/wp\/v2\/product_brand?post=27689"},{"taxonomy":"product_cat","embeddable":true,"href":"https:\/\/havamall.vn\/en\/wp-json\/wp\/v2\/product_cat?post=27689"},{"taxonomy":"product_tag","embeddable":true,"href":"https:\/\/havamall.vn\/en\/wp-json\/wp\/v2\/product_tag?post=27689"}],"curies":[{"name":"wp","href":"https:\/\/api.w.org\/{rel}","templated":true}]}}