{"id":27608,"date":"2022-06-29T15:02:20","date_gmt":"2022-06-29T08:02:20","guid":{"rendered":"https:\/\/havamall.vn\/?post_type=product&#038;p=27608"},"modified":"2022-10-24T16:25:39","modified_gmt":"2022-10-24T09:25:39","slug":"vai-tuoi-dong-lon-wenatur-565g-lychee-in-light-syrup","status":"publish","type":"product","link":"https:\/\/havamall.vn\/en\/shop\/vai-tuoi-dong-lon-wenatur-565g-lychee-in-light-syrup\/","title":{"rendered":"V\u1ea3i T\u01b0\u01a1i \u0110\u00f3ng Lon We&#8217;natur 565g &#8211; Lychee In Light Syrup"},"content":{"rendered":"<p>Ng\u00e0y h\u00e8 n\u1eafng n\u00f3ng c\u1eadn k\u1ec1, V\u1ea3i t\u01b0\u01a1i \u0111\u00f3ng lon \u0111ang \u0111\u01b0\u1ee3c ng\u01b0\u1eddi ng\u01b0\u1eddi s\u0103n \u0111\u00f3n b\u1edfi t\u00ednh ti\u1ec7n l\u1ee3i, d\u1ec5 d\u00e0ng s\u1eed d\u1ee5ng v\u00e0 b\u1ea3o qu\u1ea3n nh\u01b0ng v\u1eabn \u0111\u1ea3m b\u1ea3o \u0111\u01b0\u1ee3c dinh d\u01b0\u1ee1ng v\u1ed1n c\u00f3 trong tr\u00e1i c\u00e2y t\u01b0\u01a1i.<\/p>\n<p>Trong v\u1ea3i c\u00f3 ch\u1ee9a m\u1ed9t s\u1ed1 kho\u00e1ng ch\u1ea5t, vitamin v\u00e0 ch\u1ea5t ch\u1ed1ng oxy h\u00f3a l\u00e0nh m\u1ea1nh, ch\u1eb3ng h\u1ea1n nh\u01b0 kali, \u0111\u1ed3ng, vitamin C, epicatechin v\u00e0 rutin. Ch\u00fang c\u00f3 th\u1ec3 gi\u00fap b\u1ea3o v\u1ec7 ch\u1ed1ng l\u1ea1i b\u1ec7nh tim, ung th\u01b0 v\u00e0 ti\u1ec3u \u0111\u01b0\u1eddng<\/p>\n<p>S\u1ea3n ph\u1ea9m c\u00f3 th\u1ec3 d\u00f9ng \u0103n tr\u1ef1c ti\u1ebfp ho\u1eb7c d\u00f9ng l\u00e0m nguy\u00ean li\u1ec7u Pha ch\u1ebf \u0111\u1ed3 u\u1ed1ng \u201chot trend\u201d, l\u00e0m tr\u00e0 v\u1ea3i, l\u00e0m b\u00e1nh, rau c\u00e2u hay c\u1ea3 xay sinh t\u1ed1..<\/p>\n<p><img fetchpriority=\"high\" decoding=\"async\" class=\"aligncenter\" src=\"https:\/\/havamall.vn\/wp-content\/uploads\/2022\/06\/content web-min(1).jpg\" alt=\"\" width=\"561\" height=\"449\" \/><\/p>\n<p>V\u1ea3i t\u01b0\u01a1i\u00a0\u0111\u00f3ng lon\u00a0l\u00e0 ngu\u1ed3n cung c\u1ea5p vitamin C. M\u1ed9t ounce v\u1ea3i t\u01b0\u01a1i cung c\u1ea5p g\u1ea7n 33% gi\u00e1 tr\u1ecb vitamin C \u0111\u01b0\u1ee3c khuy\u1ebfn ngh\u1ecb h\u00e0ng ng\u00e0y. Vitamin C r\u1ea5t quan tr\u1ecdng cho x\u01b0\u01a1ng, m\u1ea1ch m\u00e1u v\u00e0 da kh\u1ecfe m\u1ea1nh.<\/p>\n<p>V\u1ea3i t\u01b0\u01a1i c\u0169ng cung c\u1ea5p m\u1ed9t s\u1ed1 vitamin nh\u01b0 niacin, vitamin B-6 v\u00e0 folate. Niacin c\u00f3 th\u1ec3 l\u00e0m t\u0103ng m\u1ee9c cholesterol HDL (t\u1ed1t) trong c\u01a1 th\u1ec3. Vitamin B-6 h\u1ed7 tr\u1ee3 m\u1ed9t h\u1ec7 th\u1ed1ng th\u1ea7n kinh kh\u1ecfe m\u1ea1nh v\u00e0 gi\u00fap c\u01a1 th\u1ec3 b\u1ea1n chuy\u1ec3n h\u00f3a carbs, protein v\u00e0 ch\u1ea5t b\u00e9o.<\/p>\n<p><img decoding=\"async\" class=\"wp-image-27609 aligncenter\" src=\"https:\/\/havamall.vn\/wp-content\/uploads\/2022\/06\/286165821-300x300.jpg\" alt=\"\" width=\"570\" height=\"570\" srcset=\"https:\/\/havamall.vn\/wp-content\/uploads\/2022\/06\/286165821-300x300.jpg 300w, https:\/\/havamall.vn\/wp-content\/uploads\/2022\/06\/286165821-430x430.jpg 430w, https:\/\/havamall.vn\/wp-content\/uploads\/2022\/06\/286165821-150x150.jpg 150w, https:\/\/havamall.vn\/wp-content\/uploads\/2022\/06\/286165821-700x700.jpg 700w, https:\/\/havamall.vn\/wp-content\/uploads\/2022\/06\/286165821-768x768.jpg 768w, https:\/\/havamall.vn\/wp-content\/uploads\/2022\/06\/286165821-600x600.jpg 600w, https:\/\/havamall.vn\/wp-content\/uploads\/2022\/06\/286165821-100x100.jpg 100w, https:\/\/havamall.vn\/wp-content\/uploads\/2022\/06\/286165821.jpg 1000w\" sizes=\"(max-width: 570px) 100vw, 570px\" \/><\/p>\n<h3><strong>L\u1ee3i \u00edch s\u1ee9c kh\u1ecfe c\u1ee7a v\u1ea3i<\/strong><\/h3>\n<ul>\n<li>\n<h5><em><strong>C\u00f3 th\u1ec3 gi\u00fap b\u1ea1n gi\u1ea3m c\u00e2n<\/strong><\/em><\/h5>\n<\/li>\n<\/ul>\n<p>V\u1ea3i t\u01b0\u01a1i\u00a0c\u00f3 th\u1ec3 gi\u00fap b\u1ea1n gi\u1ea3m m\u1ee1 trong c\u01a1 th\u1ec3. Theo m\u1ed9t nghi\u00ean c\u1ee9u n\u0103m 2009, chi\u1ebft xu\u1ea5t v\u1ea3i thi\u1ec1u gi\u00e0u polyphenol l\u00e0m gi\u1ea3m \u0111\u00e1ng k\u1ec3 tr\u1ecdng l\u01b0\u1ee3ng c\u01a1 th\u1ec3, v\u00f2ng b\u1ee5ng v\u00e0 m\u1ee1 n\u1ed9i t\u1ea1ng so v\u1edbi gi\u1ea3 d\u01b0\u1ee3c. M\u1ee1 n\u1ed9i t\u1ea1ng l\u00e0 ch\u1ea5t b\u00e9o xung quanh b\u1ee5ng c\u1ee7a b\u1ea1n. N\u00f3 l\u00e0m t\u0103ng nguy c\u01a1 m\u1eafc b\u1ec7nh tim v\u00e0 ti\u1ec3u \u0111\u01b0\u1eddng lo\u1ea1i 2.<\/p>\n<p>Tuy nhi\u00ean,V\u1ea3i t\u01b0\u01a1i \u0111\u00f3ng lon\u00a0n\u00ean \u0111\u01b0\u1ee3c th\u01b0\u1edfng th\u1ee9c v\u1eeba ph\u1ea3i. Ch\u00fang l\u00e0 lo\u1ea1i tr\u00e1i c\u00e2y nh\u1ecf v\u00e0 n\u1ebfu b\u1ea1n \u0103n th\u01b0\u1eddng xuy\u00ean v\u00e0 nhi\u1ec1u trong m\u1ed9t kho\u1ea3ng th\u1eddi gian ng\u1eafn s\u1ebd l\u00e0m t\u0103ng l\u01b0\u1ee3ng carbs v\u00e0 \u0111\u01b0\u1eddng trong c\u01a1 th\u1ec3.<\/p>\n<p><img decoding=\"async\" class=\"wp-image-27610 aligncenter\" src=\"https:\/\/havamall.vn\/wp-content\/uploads\/2022\/06\/286165821-1-300x300.jpg\" alt=\"\" width=\"588\" height=\"588\" srcset=\"https:\/\/havamall.vn\/wp-content\/uploads\/2022\/06\/286165821-1-300x300.jpg 300w, https:\/\/havamall.vn\/wp-content\/uploads\/2022\/06\/286165821-1-430x430.jpg 430w, https:\/\/havamall.vn\/wp-content\/uploads\/2022\/06\/286165821-1-150x150.jpg 150w, https:\/\/havamall.vn\/wp-content\/uploads\/2022\/06\/286165821-1-700x700.jpg 700w, https:\/\/havamall.vn\/wp-content\/uploads\/2022\/06\/286165821-1-768x768.jpg 768w, https:\/\/havamall.vn\/wp-content\/uploads\/2022\/06\/286165821-1-600x600.jpg 600w, https:\/\/havamall.vn\/wp-content\/uploads\/2022\/06\/286165821-1-100x100.jpg 100w, https:\/\/havamall.vn\/wp-content\/uploads\/2022\/06\/286165821-1.jpg 1000w\" sizes=\"(max-width: 588px) 100vw, 588px\" \/><\/p>\n<ul>\n<li>\n<h5><em><strong>Ngu\u1ed3n ch\u1ea5t x\u01a1 t\u1ed1t<\/strong><\/em><\/h5>\n<\/li>\n<\/ul>\n<p>V\u1ea3i t\u01b0\u01a1i \u0111\u00f3ng lon c\u00f3 l\u01b0\u1ee3ng ch\u1ea5t x\u01a1 l\u1edbn. N\u00f3 c\u00f3 th\u1ec3 l\u00e0m gi\u1ea3m cholesterol, c\u1ea3i thi\u1ec7n h\u1ec7 vi khu\u1ea9n \u0111\u01b0\u1eddng ru\u1ed9t v\u00e0 gi\u00fap ki\u1ec3m so\u00e1t l\u01b0\u1ee3ng \u0111\u01b0\u1eddng trong m\u00e1u \u1edf nh\u1eefng ng\u01b0\u1eddi m\u1eafc b\u1ec7nh ti\u1ec3u \u0111\u01b0\u1eddng.<\/p>\n<p><img decoding=\"async\" class=\"aligncenter\" src=\"https:\/\/havamall.vn\/wp-content\/uploads\/2022\/06\/efb2c72cbbff45a11cee.jpg\" alt=\"\" \/><\/p>\n<ul>\n<li>\n<h5><em><strong>Ch\u1ee9a nhi\u1ec1u ch\u1ea5t ch\u1ed1ng oxy h\u00f3a<\/strong><\/em><\/h5>\n<\/li>\n<\/ul>\n<p>V\u1ea3i t\u01b0\u01a1i \u0111\u00f3ng lon we&#8217;naturc\u00f3 nhi\u1ec1u ch\u1ea5t ch\u1ed1ng oxy h\u00f3a, gi\u00fap ch\u1ed1ng l\u1ea1i c\u00e1c g\u1ed1c t\u1ef1 do trong c\u01a1 th\u1ec3 l\u00e0m t\u1ed5n th\u01b0\u01a1ng t\u1ebf b\u00e0o v\u00e0 d\u1eabn \u0111\u1ebfn b\u1ec7nh t\u1eadt.<\/p>\n<p>V\u1ea3i\u00a0ch\u1ee9a nhi\u1ec1u ch\u1ea5t ch\u1ed1ng oxy h\u00f3a g\u1ecdi l\u00e0 polyphenol. Nh\u1eefng ch\u1ea5t n\u00e0y \u0111\u01b0\u1ee3c s\u1eed d\u1ee5ng trong y h\u1ecdc c\u1ed5 truy\u1ec1n Trung Qu\u1ed1c \u0111\u1ec3 b\u1ea3o v\u1ec7 v\u00e0 t\u0103ng c\u01b0\u1eddng gan v\u00e0 tuy\u1ebfn t\u1ee5y.<\/p>\n<p>Trong khi c\u00e1c lo\u1ea1i tr\u00e1i c\u00e2y c\u00f3 k\u00edch th\u01b0\u1edbc v\u00e0 gi\u00e1 tr\u1ecb dinh d\u01b0\u1ee1ng t\u01b0\u01a1ng t\u1ef1 nhau, v\u1ea3i thi\u1ec1u \u0111i tr\u01b0\u1edbc m\u1ed9t ch\u00fat v\u00ec c\u00f3 nhi\u1ec1u kho\u00e1ng ch\u1ea5t thi\u1ebft y\u1ebfu h\u01a1n. V\u1ea3i t\u01b0\u01a1i \u0111\u00f3ng lon l\u00e0 ngu\u1ed3n cung c\u1ea5p ch\u1ea5t ch\u1ed1ng oxy h\u00f3a d\u1ed3i d\u00e0o, c\u00f3 th\u1ec3 gi\u00fap ng\u0103n ng\u1eeba b\u1ec7nh t\u1eadt.<\/p>","protected":false},"excerpt":{"rendered":"<p>Ng\u00e0y h\u00e8 n\u1eafng n\u00f3ng c\u1eadn k\u1ec1, V\u1ea3i t\u01b0\u01a1i \u0111\u00f3ng lon \u0111ang \u0111\u01b0\u1ee3c ng\u01b0\u1eddi ng\u01b0\u1eddi s\u0103n \u0111\u00f3n b\u1edfi t\u00ednh ti\u1ec7n l\u1ee3i,<\/p>","protected":false},"featured_media":27611,"comment_status":"open","ping_status":"closed","template":"","meta":[],"product_brand":[],"product_cat":[36,143],"product_tag":[],"class_list":{"0":"post-27608","1":"product","2":"type-product","3":"status-publish","4":"has-post-thumbnail","6":"product_cat-thuc-pham-tieu-dung","7":"product_cat-thuc-pham-dong-hop","8":"pa_brand-wenatur","10":"first","11":"outofstock","12":"sale","13":"shipping-taxable","14":"purchasable","15":"product-type-simple"},"_links":{"self":[{"href":"https:\/\/havamall.vn\/en\/wp-json\/wp\/v2\/product\/27608"}],"collection":[{"href":"https:\/\/havamall.vn\/en\/wp-json\/wp\/v2\/product"}],"about":[{"href":"https:\/\/havamall.vn\/en\/wp-json\/wp\/v2\/types\/product"}],"replies":[{"embeddable":true,"href":"https:\/\/havamall.vn\/en\/wp-json\/wp\/v2\/comments?post=27608"}],"version-history":[{"count":0,"href":"https:\/\/havamall.vn\/en\/wp-json\/wp\/v2\/product\/27608\/revisions"}],"wp:featuredmedia":[{"embeddable":true,"href":"https:\/\/havamall.vn\/en\/wp-json\/wp\/v2\/media\/27611"}],"wp:attachment":[{"href":"https:\/\/havamall.vn\/en\/wp-json\/wp\/v2\/media?parent=27608"}],"wp:term":[{"taxonomy":"product_brand","embeddable":true,"href":"https:\/\/havamall.vn\/en\/wp-json\/wp\/v2\/product_brand?post=27608"},{"taxonomy":"product_cat","embeddable":true,"href":"https:\/\/havamall.vn\/en\/wp-json\/wp\/v2\/product_cat?post=27608"},{"taxonomy":"product_tag","embeddable":true,"href":"https:\/\/havamall.vn\/en\/wp-json\/wp\/v2\/product_tag?post=27608"}],"curies":[{"name":"wp","href":"https:\/\/api.w.org\/{rel}","templated":true}]}}