{"id":27577,"date":"2022-06-28T17:01:51","date_gmt":"2022-06-28T10:01:51","guid":{"rendered":"https:\/\/havamall.vn\/?post_type=product&#038;p=27577"},"modified":"2025-06-06T11:20:40","modified_gmt":"2025-06-06T04:20:40","slug":"hat-hoi-say-lanh-havafoodie-goi-10g-anise-seed-2","status":"publish","type":"product","link":"https:\/\/havamall.vn\/en\/shop\/hat-hoi-say-lanh-havafoodie-goi-10g-anise-seed-2\/","title":{"rendered":"H\u1ea1t H\u1ed3i S\u1ea5y L\u1ea1nh Havafoodie G\u00f3i 100g \u2013 Anise Seed"},"content":{"rendered":"<p>H\u1ed3i, c\u00f2n \u0111\u01b0\u1ee3c g\u1ecdi l\u00e0\u00a0h\u1ed9t c\u00e2y h\u1ed3i h\u01b0\u01a1ng\u00a0l\u00e0 m\u1ed9t lo\u00e0i th\u1ef1c v\u1eadt c\u00f3 hoa trong h\u1ecd c\u00e0 r\u1ed1t. H\u1ed3i l\u00e0\u00a0c\u00e2y th\u1ea3o d\u01b0\u1ee3c h\u00e0ng n\u0103m, v\u00e0 h\u1ea1t l\u00e0 th\u00e0nh ph\u1ea7n \u0103n \u0111\u01b0\u1ee3c. N\u00f3 c\u00f3 ngu\u1ed3n g\u1ed1c t\u1eeb khu v\u1ef1c ph\u00eda \u0111\u00f4ng \u0110\u1ecba Trung H\u1ea3i v\u00e0 T\u00e2y Nam \u00c1.<\/p>\n<p>H\u1ea1t t\u1eeb hoa h\u1ed3i c\u0169ng cho h\u01b0\u01a1ng v\u1ecb r\u1ea5t gi\u1ed1ng hoa h\u1ed3i, nh\u01b0ng n\u00f3 kh\u00f4ng ph\u1ea3i l\u00e0 m\u1ed9t ph\u1ea7n c\u1ee7a h\u1ecd Apiaceae m\u00e0 l\u00e0 h\u1ecd Illiciaceae. H\u1ed3i \u0111\u01b0\u1ee3c coi l\u00e0 m\u1ed9t lo\u1ea1i th\u1ea3o m\u1ed9c c\u00f3 m\u00f9i th\u01a1m v\u00e0 h\u01b0\u01a1ng v\u1ecb cao v\u1edbi c\u00e1c c\u00f4ng d\u1ee5ng n\u1ea5u \u0103n v\u00e0 l\u00e0m thu\u1ed1c. H\u01b0\u01a1ng v\u1ecb c\u1ee7a n\u00f3 c\u00f3 nh\u1eefng \u0111i\u1ec3m t\u01b0\u01a1ng \u0111\u1ed3ng v\u1edbi th\u00ec l\u00e0 v\u00e0 cam th\u1ea3o.<img fetchpriority=\"high\" decoding=\"async\" class=\"wp-image-27568 aligncenter\" src=\"https:\/\/havamall.com\/wp-content\/uploads\/2025\/06\/Loi-Ich-Suc-Khoe-Cua-Hat-Hoi-Anise-300x200.jpg\" alt=\"\" width=\"608\" height=\"405\" \/><\/p>\n<p>C\u00e2y h\u1ed3i \u0111\u01b0\u1ee3c ph\u00e2n bi\u1ec7t b\u1edfi h\u01b0\u01a1ng v\u1ecb \u0111\u1eb7c tr\u01b0ng c\u1ee7a n\u00f3. N\u00f3 \u0111\u01b0\u1ee3c s\u1eed d\u1ee5ng \u0111\u1ec3 n\u1ea5u c\u00e1c m\u00f3n \u0103n kh\u00e1c nhau v\u00e0 s\u1ea3n xu\u1ea5t tr\u00e0 c\u00f3 h\u01b0\u01a1ng v\u1ecb. Ngo\u00e0i ra, n\u00f3 \u0111\u01b0\u1ee3c s\u1eed d\u1ee5ng \u0111\u1ec3 chi\u1ebft xu\u1ea5t s\u1ea3n xu\u1ea5t tinh d\u1ea7u.<\/p>\n<p>N\u01b0\u1edbng t\u1ea5t c\u1ea3 c\u00e1c lo\u1ea1i gia v\u1ecb s\u1ebd l\u00e0m n\u1ed5i b\u1eadt h\u01b0\u01a1ng v\u1ecb v\u00e0 m\u00f9i th\u01a1m c\u1ee7a ch\u00fang, h\u1ea1t h\u1ed3i c\u0169ng nh\u01b0 th\u1ebf. N\u01b0\u1edbng tr\u00ean ch\u1ea3o kh\u00f4 \u1edf l\u1eeda v\u1eeba v\u00e0 nh\u1ecf, v\u00e0 ngay khi b\u1ea1n b\u1eaft \u0111\u1ea7u ng\u1eedi th\u1ea5y m\u00f9i th\u01a1m c\u1ee7a h\u1ea1t, h\u00e3y t\u1eaft b\u1ebfp.\u00a0C\u00f4ng th\u1ee9c n\u1ea5u \u0103n c\u1ee7a b\u1ea1n n\u00ean s\u1eed d\u1ee5ng h\u1ea1t n\u01b0\u1edbng ho\u1eb7c h\u1ea1t s\u1ed1ng, nh\u01b0ng n\u1ebfu b\u1ea1n kh\u00f4ng ch\u1eafc ch\u1eafn, h\u00e3y ch\u1ecdn h\u1ea1t n\u01b0\u1edbng cho c\u00e1c c\u00f4ng th\u1ee9c m\u00f3n m\u1eb7n v\u00e0 h\u1ea1t th\u00f4 cho c\u00e1c c\u00f4ng th\u1ee9c n\u1ea5u \u0103n ng\u1ecdt h\u01a1n.<img decoding=\"async\" class=\"wp-image-27569 aligncenter\" src=\"https:\/\/havamall.com\/wp-content\/uploads\/2025\/06\/4UB33WJPXIVENQUA3U-262x300.png\" alt=\"\" width=\"619\" height=\"709\" \/><\/p>\n<h3><strong>H\u01b0\u1edbng d\u1eabn s\u1eed d\u1ee5ng:<\/strong><\/h3>\n<p id=\"mntl-sc-block_1-0-36\" class=\"comp mntl-sc-block mntl-sc-block-html\">\u2013 C\u00f3 nhi\u1ec1u c\u00e1ch \u0111\u1ec3 n\u1ea5u v\u1edbi h\u1ea1t h\u1ed3i nguy\u00ean h\u1ea1t v\u00e0 h\u1ea1t h\u1ed3i \u2013 c\u1ea3 m\u00f3n ng\u1ecdt v\u00e0 m\u1eb7n.<\/p>\n<p class=\"comp mntl-sc-block mntl-sc-block-html\">\u2013 T\u0103ng h\u01b0\u01a1ng v\u1ecb cho c\u00e1c lo\u1ea1i n\u01b0\u1edbc s\u1ed1t v\u00e0\u00a0om\u00a0, c\u0169ng nh\u01b0\u00a0h\u1ed7n h\u1ee3p gia v\u1ecb \u0111\u1ec3 s\u1eed d\u1ee5ng nh\u01b0 m\u1ed9t l\u1edbp v\u1ecf\u00a0tr\u00ean th\u1ecbt, g\u00e0 ho\u1eb7c c\u00e1.<\/p>\n<p class=\"comp mntl-sc-block mntl-sc-block-html\">\u2013 B\u1ea1n c\u0169ng c\u00f3 th\u1ec3 tr\u1ed9n h\u1ea1t, s\u1ed1ng ho\u1eb7c n\u01b0\u1edbng, v\u00e0o th\u1ecbt xay\u00a0khi l\u00e0m\u00a0x\u00fac\u00a0x\u00edch\u00a0, nh\u01b0 m\u1ed9t h\u01b0\u01a1ng li\u1ec7u trong n\u01b0\u1edbc mu\u1ed1i chua, ho\u1eb7c th\u1eadm ch\u00ed n\u1ebfu b\u1ea1n mu\u1ed1n th\u00eam gia v\u1ecb cho\u00a0th\u1ecbt vi\u00ean\u00a0ho\u1eb7c b\u00e1nh m\u00ec k\u1eb9p th\u1ecbt.<\/p>\n<p class=\"comp mntl-sc-block mntl-sc-block-html\">\u2013 H\u1ea1t h\u1ed3i c\u00f3 l\u1ebd \u0111\u01b0\u1ee3c bi\u1ebft \u0111\u1ebfn nhi\u1ec1u nh\u1ea5t \u0111\u1ec3 t\u1ea1o h\u01b0\u01a1ng v\u1ecb cho m\u00f3n tr\u00e1ng mi\u1ec7ng.\u00a0B\u00e1nh quy \u00dd c\u00f3 l\u1ebd \u0111\u01b0\u1ee3c ngh\u0129 \u0111\u1ebfn ngay l\u1eadp t\u1ee9c, nh\u01b0ng h\u1ea1t h\u1ed3i c\u0169ng c\u00f3 th\u1ec3 t\u1ea1o h\u01b0\u01a1ng v\u1ecb cho c\u00e1c lo\u1ea1i b\u00e1nh quy kh\u00e1c, nh\u01b0 pfeffern\u00fcsse c\u1ee7a \u0110\u1ee9c, b\u1ed9t b\u00e1nh, nh\u00e2n b\u00e1nh v\u00e0 b\u1ea5t k\u1ef3 lo\u1ea1i b\u00e1nh m\u00ec n\u00e0o.<\/p>\n<p id=\"mntl-sc-block_1-0-40\" class=\"comp mntl-sc-block mntl-sc-block-html\">\u2013 N\u1ebfu th\u00eam v\u00e0o b\u1ed9t b\u00e1nh, h\u00e3y th\u00eam t\u1eeb 1\/2 th\u00eca c\u00e0 ph\u00ea \u0111\u1ebfn m\u1ed9t th\u00eca h\u1ea1t v\u00e0o nguy\u00ean li\u1ec7u kh\u00f4 tr\u01b0\u1edbc khi t\u1ea1o th\u00e0nh b\u1ed9t.<img decoding=\"async\" class=\"wp-image-27570 aligncenter\" src=\"https:\/\/havamall.com\/wp-content\/uploads\/2025\/06\/orange-and-aniseed-chicken-traybake-300x240.png\" alt=\"\" width=\"638\" height=\"510\" \/><\/p>\n<h3><strong>C\u00f4ng d\u1ee5ng c\u1ee7a h\u1ea1t h\u1ed3i:<\/strong><\/h3>\n<p>\u2013 C\u00f3 th\u1ec3 l\u00e0m gi\u1ea3m c\u00e1c tri\u1ec7u ch\u1ee9ng tr\u1ea7m c\u1ea3m<\/p>\n<p>\u2013 C\u00f3 th\u1ec3 b\u1ea3o v\u1ec7 ch\u1ed1ng l\u1ea1i b\u1ec7nh lo\u00e9t d\u1ea1 d\u00e0y<\/p>\n<p>\u2013\u00a0 ch\u1eb7n s\u1ef1 ph\u00e1t tri\u1ec3n c\u1ee7a c\u00e1c lo\u1ea1i n\u1ea5m v\u00e0 vi khu\u1ea9n<\/p>\n<p>\u2013 C\u00f3 th\u1ec3 gi\u00fap gi\u1ea3m c\u00e1c tri\u1ec7u ch\u1ee9ng m\u00e3n kinh<\/p>\n<p>\u2013 C\u00f3 th\u1ec3 l\u00e0m gi\u1ea3m l\u01b0\u1ee3ng \u0111\u01b0\u1eddng trong m\u00e1u<\/p>\n<p>\u2013 C\u00f3 th\u1ec3 gi\u1ea3m vi\u00eam<\/p>\n<p>\u2013 C\u1ea3i thi\u1ec7n ti\u00eau h\u00f3a<\/p>\n<p>\u2013 \u2026<\/p>\n<p><img loading=\"lazy\" decoding=\"async\" class=\"wp-image-27571 aligncenter\" src=\"https:\/\/havamall.com\/wp-content\/uploads\/2025\/06\/star-anise-vs-anise-300x129.png\" alt=\"\" width=\"642\" height=\"276\" \/><\/p>","protected":false},"excerpt":{"rendered":"<p>H\u1ed3i, c\u00f2n \u0111\u01b0\u1ee3c g\u1ecdi l\u00e0\u00a0h\u1ed9t c\u00e2y h\u1ed3i h\u01b0\u01a1ng\u00a0l\u00e0 m\u1ed9t lo\u00e0i th\u1ef1c v\u1eadt c\u00f3 hoa trong h\u1ecd c\u00e0 r\u1ed1t. H\u1ed3i l\u00e0\u00a0c\u00e2y<\/p>","protected":false},"featured_media":39069,"comment_status":"open","ping_status":"closed","template":"","meta":[],"product_brand":[],"product_cat":[595,36,134],"product_tag":[],"class_list":{"0":"post-27577","1":"product","2":"type-product","3":"status-publish","4":"has-post-thumbnail","6":"product_cat-gia-vi-va-che-bien","7":"product_cat-thuc-pham-tieu-dung","8":"product_cat-thucpham-saykho","9":"pa_brand-skx","11":"first","12":"instock","13":"sale","14":"shipping-taxable","15":"purchasable","16":"product-type-simple"},"_links":{"self":[{"href":"https:\/\/havamall.vn\/en\/wp-json\/wp\/v2\/product\/27577"}],"collection":[{"href":"https:\/\/havamall.vn\/en\/wp-json\/wp\/v2\/product"}],"about":[{"href":"https:\/\/havamall.vn\/en\/wp-json\/wp\/v2\/types\/product"}],"replies":[{"embeddable":true,"href":"https:\/\/havamall.vn\/en\/wp-json\/wp\/v2\/comments?post=27577"}],"version-history":[{"count":0,"href":"https:\/\/havamall.vn\/en\/wp-json\/wp\/v2\/product\/27577\/revisions"}],"wp:featuredmedia":[{"embeddable":true,"href":"https:\/\/havamall.vn\/en\/wp-json\/wp\/v2\/media\/39069"}],"wp:attachment":[{"href":"https:\/\/havamall.vn\/en\/wp-json\/wp\/v2\/media?parent=27577"}],"wp:term":[{"taxonomy":"product_brand","embeddable":true,"href":"https:\/\/havamall.vn\/en\/wp-json\/wp\/v2\/product_brand?post=27577"},{"taxonomy":"product_cat","embeddable":true,"href":"https:\/\/havamall.vn\/en\/wp-json\/wp\/v2\/product_cat?post=27577"},{"taxonomy":"product_tag","embeddable":true,"href":"https:\/\/havamall.vn\/en\/wp-json\/wp\/v2\/product_tag?post=27577"}],"curies":[{"name":"wp","href":"https:\/\/api.w.org\/{rel}","templated":true}]}}