{"id":27522,"date":"2022-06-28T11:10:52","date_gmt":"2022-06-28T04:10:52","guid":{"rendered":"https:\/\/havamall.vn\/?post_type=product&#038;p=27522"},"modified":"2022-10-24T16:26:03","modified_gmt":"2022-10-24T09:26:03","slug":"chuoi-say-gion-wenatur-goi-100g-banana-chips","status":"publish","type":"product","link":"https:\/\/havamall.vn\/en\/shop\/chuoi-say-gion-wenatur-goi-100g-banana-chips\/","title":{"rendered":"Chu\u1ed1i S\u1ea5y Gi\u00f2n We&#8217;Natur G\u00f3i 100g &#8211; Banana Chips"},"content":{"rendered":"<p>Chu\u1ed1i S\u1ea5y Gi\u00f2n Kh\u00f4ng \u0110\u01b0\u1eddng we&#8217;natur 100g \u0111\u01b0\u1ee3c l\u00e0m 100% t\u1eeb chu\u1ed1i t\u01b0\u01a1i tuy\u1ec3n ch\u1ecdn, x\u1eed l\u00fd qua c\u00f4ng ngh\u1ec7 hi\u1ec7n \u0111\u1ea1i theo quy tr\u00ecnh s\u1ea3n xu\u1ea5t \u0111\u1ea1t ti\u00eau chu\u1ea9n ISO 22000:2018 &#8211; HACCP<\/p>\n<p>Trong chu\u1ed1i th\u01b0\u1eddng ch\u1ee9a 89 calo gi\u00fap cung c\u1ea5p \u0111\u1ee7 n\u0103ng l\u01b0\u1ee3ng cho c\u00e1c b\u1eefa \u0103n ph\u1ee5, 75% n\u01b0\u1edbc c\u00f3 s\u1eb5n trong chu\u1ed1i l\u00e0 m\u1ed9t l\u1ee3i th\u1ebf d\u00e0nh cho c\u00e1c b\u1ea1n gi\u1ea3m c\u00e2n m\u1ed9t c\u00e1ch an to\u00e0n, 12.2g \u0111\u01b0\u1eddng c\u00f3 s\u1eb5n trong chu\u1ed1i gi\u00fap h\u01b0\u01a1ng v\u1ecb tr\u1edf n\u00ean tr\u1ecdn v\u1eb9n, d\u1eady l\u00ean h\u01b0\u01a1ng th\u01a1m t\u1ef1 nhi\u00ean t\u1eeb tr\u00e1i chu\u1ed1i t\u01b0\u01a1i! S\u1ea3n ph\u1ea9m chu\u1ed1i s\u1ea5y gi\u00f2n gi\u00fap cung c\u1ea5p \u0111\u1ee7 d\u01b0\u1ee1ng ch\u1ea5t c\u1ea7n thi\u1ebft cho c\u01a1 th\u1ec3, gi\u00fap b\u1ea1n h\u1ea5p th\u1ee5 dinh d\u01b0\u1ee1ng d\u1ec5 d\u00e0ng v\u00e0 hi\u1ec7u qu\u1ea3 h\u01a1n.<img fetchpriority=\"high\" decoding=\"async\" class=\"wp-image-27514 aligncenter\" src=\"https:\/\/havamall.vn\/wp-content\/uploads\/2022\/06\/278536270-300x225.png\" alt=\"\" width=\"656\" height=\"492\" srcset=\"https:\/\/havamall.vn\/wp-content\/uploads\/2022\/06\/278536270-300x225.png 300w, https:\/\/havamall.vn\/wp-content\/uploads\/2022\/06\/278536270-430x323.png 430w, https:\/\/havamall.vn\/wp-content\/uploads\/2022\/06\/278536270-150x113.png 150w, https:\/\/havamall.vn\/wp-content\/uploads\/2022\/06\/278536270-700x525.png 700w, https:\/\/havamall.vn\/wp-content\/uploads\/2022\/06\/278536270-768x576.png 768w, https:\/\/havamall.vn\/wp-content\/uploads\/2022\/06\/278536270-1024x768.png 1024w, https:\/\/havamall.vn\/wp-content\/uploads\/2022\/06\/278536270-1200x900.png 1200w, https:\/\/havamall.vn\/wp-content\/uploads\/2022\/06\/278536270-600x450.png 600w, https:\/\/havamall.vn\/wp-content\/uploads\/2022\/06\/278536270.png 2048w\" sizes=\"(max-width: 656px) 100vw, 656px\" \/><\/p>\n<p>Chu\u1ed1i s\u1ea5y gi\u00f2n kh\u00f4ng \u0111\u01b0\u1eddng we&#8217;natur 100g v\u1edbi \u0111\u00f3ng g\u00f3i t\u00fai nh\u1ecf ti\u1ec7n l\u1ee3i, s\u1ea1ch s\u1ebd v\u00e0 \u0111\u01b0\u1ee3c bi\u1ec7t bao b\u00ec \u0111\u1eb9p \u0111\u1ebd c\u00f3 th\u1ec3 \u0111i theo b\u1ea1n kh\u1eafp m\u1ecdi n\u1ebbo \u0111\u01b0\u1eddng.<\/p>\n<p>Tr\u00e1i c\u00e2y t\u01b0\u01a1i sau khi s\u1ea5y kh\u00f4 c\u0169ng l\u01b0u l\u1ea1i r\u1ea5t nhi\u1ec1u vitamin c\u00f3 s\u1eb5n trong ch\u00fang nh\u01b0 vitamin A, E, B6, B12, Niaxin\u2026 N\u1ebfu b\u1ea1n kh\u00f4ng th\u00edch ho\u1eb7c kh\u00f4ng c\u00f3 th\u1eddi gian \u0103n tr\u00e1i c\u00e2y t\u01b0\u01a1i, b\u1ea1n c\u00f3 th\u1ec3 thay th\u1ebf b\u1eb1ng c\u00e1ch ti\u00eau th\u1ee5 c\u00e1c lo\u1ea1i tr\u00e1i c\u00e2y s\u1ea5y \u0111\u1ec3 b\u1ed5 sung vitamin c\u1ea7n thi\u1ebft cho c\u01a1 th\u1ec3.<\/p>\n<p><img decoding=\"async\" class=\"wp-image-27523 aligncenter\" src=\"https:\/\/havamall.vn\/wp-content\/uploads\/2022\/06\/bc7301f79a7-300x300.png\" alt=\"\" width=\"650\" height=\"650\" srcset=\"https:\/\/havamall.vn\/wp-content\/uploads\/2022\/06\/bc7301f79a7-300x300.png 300w, https:\/\/havamall.vn\/wp-content\/uploads\/2022\/06\/bc7301f79a7-430x430.png 430w, https:\/\/havamall.vn\/wp-content\/uploads\/2022\/06\/bc7301f79a7-150x150.png 150w, https:\/\/havamall.vn\/wp-content\/uploads\/2022\/06\/bc7301f79a7-700x700.png 700w, https:\/\/havamall.vn\/wp-content\/uploads\/2022\/06\/bc7301f79a7-768x768.png 768w, https:\/\/havamall.vn\/wp-content\/uploads\/2022\/06\/bc7301f79a7-600x600.png 600w, https:\/\/havamall.vn\/wp-content\/uploads\/2022\/06\/bc7301f79a7-100x100.png 100w, https:\/\/havamall.vn\/wp-content\/uploads\/2022\/06\/bc7301f79a7.png 1024w\" sizes=\"(max-width: 650px) 100vw, 650px\" \/><\/p>\n<p>Chu\u1ed1i s\u1ea5y gi\u00f2n we&#8217;natur 100g v\u1edbi th\u00e0nh ph\u1ea7n 100% t\u1eeb chu\u1ed1i t\u01b0\u01a1i, \u0111\u1eb7c bi\u1ec7t kh\u00f4ng \u0111\u01b0\u1eddng, kh\u00f4ng ph\u1ea9m m\u00e0u, kh\u00f4ng ch\u1ea5t b\u1ea3o qu\u1ea3n c\u00f3 h\u1ea1i cho s\u1ee9c kh\u1ecfe. C\u00e1c th\u00e0nh ph\u1ea7n dinh d\u01b0\u1ee1ng trong chu\u1ed1i c\u00f3 k\u00edch c\u1ee1 trung b\u00ecnh (100 gam): 89 calo, 75% n\u01b0\u1edbc, 1.1g protein, 22.8g carbohydrate, 12.2g \u0111\u01b0\u1eddng, 2.6g ch\u1ea5t x\u01a1, 0.3g ch\u1ea5t b\u00e9o.<\/p>\n<p><img decoding=\"async\" class=\"wp-image-27524 aligncenter\" src=\"https:\/\/havamall.vn\/wp-content\/uploads\/2022\/06\/0f818ce1daa1-300x300.png\" alt=\"\" width=\"652\" height=\"652\" srcset=\"https:\/\/havamall.vn\/wp-content\/uploads\/2022\/06\/0f818ce1daa1-300x300.png 300w, https:\/\/havamall.vn\/wp-content\/uploads\/2022\/06\/0f818ce1daa1-430x430.png 430w, https:\/\/havamall.vn\/wp-content\/uploads\/2022\/06\/0f818ce1daa1-150x150.png 150w, https:\/\/havamall.vn\/wp-content\/uploads\/2022\/06\/0f818ce1daa1-700x700.png 700w, https:\/\/havamall.vn\/wp-content\/uploads\/2022\/06\/0f818ce1daa1-768x768.png 768w, https:\/\/havamall.vn\/wp-content\/uploads\/2022\/06\/0f818ce1daa1-600x600.png 600w, https:\/\/havamall.vn\/wp-content\/uploads\/2022\/06\/0f818ce1daa1-100x100.png 100w, https:\/\/havamall.vn\/wp-content\/uploads\/2022\/06\/0f818ce1daa1.png 1024w\" sizes=\"(max-width: 652px) 100vw, 652px\" \/><\/p>\n<h3><strong>C\u00f4ng d\u1ee5ng c\u1ee7a s\u1ea3n ph\u1ea9m:<\/strong><\/h3>\n<p>&gt; T\u1ed1t cho h\u1ec7 ti\u00eau h\u00f3a.<\/p>\n<p>&gt; T\u1ed1t cho s\u1ee9c kh\u1ecfe c\u1ee7a x\u01b0\u01a1ng.<\/p>\n<p>&gt; T\u1ed1t cho s\u1ee9c kh\u1ecfe c\u1ee7a m\u00e1u. T\u1ed1t cho vi\u1ec7c gi\u1ea3m c\u00e2n.<img loading=\"lazy\" decoding=\"async\" class=\"wp-image-27525 aligncenter\" src=\"https:\/\/havamall.vn\/wp-content\/uploads\/2022\/06\/upload-300x300.png\" alt=\"\" width=\"651\" height=\"651\" srcset=\"https:\/\/havamall.vn\/wp-content\/uploads\/2022\/06\/upload-300x300.png 300w, https:\/\/havamall.vn\/wp-content\/uploads\/2022\/06\/upload-430x430.png 430w, https:\/\/havamall.vn\/wp-content\/uploads\/2022\/06\/upload-150x150.png 150w, https:\/\/havamall.vn\/wp-content\/uploads\/2022\/06\/upload-700x700.png 700w, https:\/\/havamall.vn\/wp-content\/uploads\/2022\/06\/upload-768x768.png 768w, https:\/\/havamall.vn\/wp-content\/uploads\/2022\/06\/upload-600x600.png 600w, https:\/\/havamall.vn\/wp-content\/uploads\/2022\/06\/upload-100x100.png 100w, https:\/\/havamall.vn\/wp-content\/uploads\/2022\/06\/upload.png 900w\" sizes=\"(max-width: 651px) 100vw, 651px\" \/><strong style=\"color: #1b1919;font-family: Karla, Arial, Helvetica, sans-serif;font-size: 22px\">H\u01b0\u1edbng d\u1eabn s\u1eed d\u1ee5ng:<\/strong><\/p>\n<p>\u2013 D\u00f9ng tr\u1ef1c ti\u1ebfp ho\u1eb7c ch\u1ebf bi\u1ebfn th\u00e0nh c\u00e1c m\u00f3n \u0103n kh\u00e1c.<\/p>\n<p>\u2013 Chu\u1ed1i s\u1ea5y gi\u00f2n we\u2019natur c\u00f3 th\u1ec3 s\u1eed d\u1ee5ng g\u1ecdn nh\u1eb9 khi xem phim, du l\u1ecbch, picnic hay th\u01b0\u1edfng th\u1ee9c c\u00f9ng tr\u00e0 ho\u1eb7c c\u00e0 ph\u00ea.<\/p>\n<p>\u2013 L\u00e0 m\u1ed9t m\u00f3n \u0103n v\u1eb7t h\u1ea5p d\u1eabn d\u00e0nh t\u1eb7ng gia \u0111\u00ecnh, b\u1ea1n b\u00e8.<\/p>\n<p>S\u1ea3n ph\u1ea9m hi\u1ec7n \u0111\u00e3 c\u00f3 m\u1eb7t t\u1ea1i Havamall.<\/p>","protected":false},"excerpt":{"rendered":"<p>Chu\u1ed1i S\u1ea5y Gi\u00f2n Kh\u00f4ng \u0110\u01b0\u1eddng we&#8217;natur 100g \u0111\u01b0\u1ee3c l\u00e0m 100% t\u1eeb chu\u1ed1i t\u01b0\u01a1i tuy\u1ec3n ch\u1ecdn, x\u1eed l\u00fd qua c\u00f4ng ngh\u1ec7<\/p>","protected":false},"featured_media":27526,"comment_status":"open","ping_status":"closed","template":"","meta":[],"product_brand":[],"product_cat":[36,133,134],"product_tag":[],"class_list":{"0":"post-27522","1":"product","2":"type-product","3":"status-publish","4":"has-post-thumbnail","6":"product_cat-thuc-pham-tieu-dung","7":"product_cat-banh-keo-chocolate","8":"product_cat-thucpham-saykho","9":"pa_brand-wenatur","11":"first","12":"outofstock","13":"sale","14":"shipping-taxable","15":"purchasable","16":"product-type-simple"},"_links":{"self":[{"href":"https:\/\/havamall.vn\/en\/wp-json\/wp\/v2\/product\/27522"}],"collection":[{"href":"https:\/\/havamall.vn\/en\/wp-json\/wp\/v2\/product"}],"about":[{"href":"https:\/\/havamall.vn\/en\/wp-json\/wp\/v2\/types\/product"}],"replies":[{"embeddable":true,"href":"https:\/\/havamall.vn\/en\/wp-json\/wp\/v2\/comments?post=27522"}],"version-history":[{"count":0,"href":"https:\/\/havamall.vn\/en\/wp-json\/wp\/v2\/product\/27522\/revisions"}],"wp:featuredmedia":[{"embeddable":true,"href":"https:\/\/havamall.vn\/en\/wp-json\/wp\/v2\/media\/27526"}],"wp:attachment":[{"href":"https:\/\/havamall.vn\/en\/wp-json\/wp\/v2\/media?parent=27522"}],"wp:term":[{"taxonomy":"product_brand","embeddable":true,"href":"https:\/\/havamall.vn\/en\/wp-json\/wp\/v2\/product_brand?post=27522"},{"taxonomy":"product_cat","embeddable":true,"href":"https:\/\/havamall.vn\/en\/wp-json\/wp\/v2\/product_cat?post=27522"},{"taxonomy":"product_tag","embeddable":true,"href":"https:\/\/havamall.vn\/en\/wp-json\/wp\/v2\/product_tag?post=27522"}],"curies":[{"name":"wp","href":"https:\/\/api.w.org\/{rel}","templated":true}]}}