{"id":27502,"date":"2022-06-24T10:54:56","date_gmt":"2022-06-24T03:54:56","guid":{"rendered":"https:\/\/havamall.vn\/?post_type=product&#038;p=27502"},"modified":"2022-06-29T17:23:18","modified_gmt":"2022-06-29T10:23:18","slug":"binh-lac-pha-che-nhua-cocktail-350ml","status":"publish","type":"product","link":"https:\/\/havamall.vn\/en\/shop\/binh-lac-pha-che-nhua-cocktail-350ml\/","title":{"rendered":"B\u00ecnh L\u1eafc Pha Ch\u1ebf Nh\u1ef1a Cocktail 350ml"},"content":{"rendered":"<p>B\u00ecnh l\u1eafc pha ch\u1ebf cocktail l\u00e0 m\u1ed9t s\u1ea3n ph\u1ea9m r\u1ea5t h\u1eefu \u00edch cho m\u1ed9t qu\u00e1n cafe , b\u00ecnh l\u1eafc pha ch\u1ebf d\u00f9ng \u0111\u1ec3 t\u1ea1o b\u1ecdt s\u1eefa cho m\u1ed9t ly cafe, d\u00f9ng l\u00e0m cho \u0111\u1ed3 u\u1ed1ng h\u00f2a v\u00e0o nhau m\u1ed9t c\u00e1ch to\u00e0n di\u1ec7n h\u01a1n \u0111\u1ed3 u\u1ed1ng c\u1ee7a b\u1ea1n s\u1ebd ngon h\u01a1n v\u00e0 \u0111\u1eb9p m\u1eaft h\u01a1n r\u1ea5t nhi\u1ec1u.<\/p>\n<p>B\u00ecnh l\u1eafc pha ch\u1ebf shaker b\u1eb1ng nh\u1ef1a cao c\u1ea5p c\u00f3 \u0111\u1ed9 b\u1ec1n cao v\u00e0 c\u00f3 v\u1ea1ch chia \u0111\u1ecbnh l\u01b0\u1ee3ng r\u1ea5t ti\u1ec7n d\u1ee5ng khi b\u1ea1n c\u0103n nguy\u00ean li\u1ec7u s\u1eed d\u1ee5ng. B\u00ecnh 350ml ph\u00f9 h\u1ee3p \u0111\u1ec3 pha ch\u1ebf nhi\u1ec1u lo\u1ea1i th\u1ee9c u\u1ed1ng, c\u00f3 chia v\u1ea1ch \u0111o.<\/p>\n<p><img fetchpriority=\"high\" decoding=\"async\" class=\"wp-image-27503 aligncenter\" src=\"https:\/\/havamall.vn\/wp-content\/uploads\/2022\/06\/66724877-300x266.png\" alt=\"\" width=\"667\" height=\"592\" srcset=\"https:\/\/havamall.vn\/wp-content\/uploads\/2022\/06\/66724877-300x266.png 300w, https:\/\/havamall.vn\/wp-content\/uploads\/2022\/06\/66724877-430x381.png 430w, https:\/\/havamall.vn\/wp-content\/uploads\/2022\/06\/66724877-150x133.png 150w, https:\/\/havamall.vn\/wp-content\/uploads\/2022\/06\/66724877-700x620.png 700w, https:\/\/havamall.vn\/wp-content\/uploads\/2022\/06\/66724877-768x680.png 768w, https:\/\/havamall.vn\/wp-content\/uploads\/2022\/06\/66724877-600x532.png 600w, https:\/\/havamall.vn\/wp-content\/uploads\/2022\/06\/66724877.png 1000w\" sizes=\"(max-width: 667px) 100vw, 667px\" \/><\/p>\n<p>B\u00ecnh l\u1eafc cocktail 350ml\u00a0th\u00edch h\u1ee3p \u0111\u1ec3 pha ch\u1ebf r\u01b0\u1ee3u,\u00a0cafe, cocktail, tr\u00e0 s\u1eefa m\u1ed9t\u00a0c\u00e1ch chuy\u00ean nghi\u1ec7p ho\u1eb7c c\u00f3 th\u1ec3 d\u00f9ng trong gia \u0111\u00ecnh.<\/p>\n<p>B\u00ecnh l\u1eafc cocktail 350ml \u0111\u01b0\u1ee3c ch\u1ebf t\u1ea1o b\u1eb1ng ch\u1ea5t li\u1ec7u nh\u1ef1a cao c\u1ea5p, an to\u00e0n v\u1ec7 sinh v\u1edbi thi\u1ebft k\u1ebf g\u1ecdn g\u00e0ng v\u1eeba l\u00f2ng b\u00e0n tay n\u00ean ho\u00e0n to\u00e0n c\u00f3 th\u1ec3\u00a0l\u1eafc b\u00ecnh\u00a0m\u1ea1nh ch\u1ec9 b\u1eb1ng m\u1ed9t tay. B\u00ecnh l\u1eafc gi\u00fap tr\u1ed9n c\u00e1c ch\u1ea5t li\u1ec7u cho th\u1eadt \u0111\u1ec1u b\u1eb1ng c\u00e1ch l\u1eafc tay.<\/p>\n<p><img decoding=\"async\" class=\"wp-image-27504 aligncenter\" src=\"https:\/\/havamall.vn\/wp-content\/uploads\/2022\/06\/80ccc7a2caf-300x213.png\" alt=\"\" width=\"660\" height=\"469\" srcset=\"https:\/\/havamall.vn\/wp-content\/uploads\/2022\/06\/80ccc7a2caf-300x213.png 300w, https:\/\/havamall.vn\/wp-content\/uploads\/2022\/06\/80ccc7a2caf-430x305.png 430w, https:\/\/havamall.vn\/wp-content\/uploads\/2022\/06\/80ccc7a2caf-150x106.png 150w, https:\/\/havamall.vn\/wp-content\/uploads\/2022\/06\/80ccc7a2caf-700x497.png 700w, https:\/\/havamall.vn\/wp-content\/uploads\/2022\/06\/80ccc7a2caf-768x545.png 768w, https:\/\/havamall.vn\/wp-content\/uploads\/2022\/06\/80ccc7a2caf.png 1024w, https:\/\/havamall.vn\/wp-content\/uploads\/2022\/06\/80ccc7a2caf-600x426.png 600w\" sizes=\"(max-width: 660px) 100vw, 660px\" \/><\/p>\n<p>Nh\u1edd c\u00f3 gi\u1edbi h\u1ea1n nhi\u1ec7t t\u1edbi \u2013 40 \u0111\u1ed9 C n\u00ean b\u00ecnh l\u1eafc Cocktail Shaker gi\u00fap th\u1ee9c u\u1ed1ng c\u1ee7a b\u1ea1n khi \u0111\u01b0\u1ee3c l\u1eafc c\u00f9ng v\u1edbi \u0111\u00e1 \u0111\u01b0\u1ee3c l\u1ea1nh \u0111\u1ec1u, mang \u0111\u1ebfn c\u1ea3m gi\u00e1c s\u1ea3ng kho\u00e1i d\u00e0i l\u00e2u cho ng\u01b0\u1eddi th\u01b0\u1edfng th\u1ee9c. V\u00e0 th\u1ee9c u\u1ed1ng c\u1ee7a b\u1ea1n s\u1ebd tr\u1edf n\u00ean ngon h\u01a1n r\u1ea5t nhi\u1ec1u.<\/p>\n<h3><strong>C\u1ea5u t\u1ea1o c\u1ee7a s\u1ea3n ph\u1ea9m:<\/strong><\/h3>\n<p>\u2013\u00a0Ph\u1ea7n l\u1edbn nh\u1ea5t d\u00f9ng \u0111\u1ec3 ch\u1ee9a c\u00e1c v\u1eadt li\u1ec7u c\u1ea7n pha tr\u1ed9n.<\/p>\n<p>\u2013 Ph\u1ea7n th\u1ee9 2 nh\u1ecf h\u01a1n ph\u1ea7n th\u1ee9 nh\u1ea5t \u0111\u1ec3 l\u1ea5p k\u00edn ph\u1ea7n th\u1ee9 nh\u1ea5t. B\u00ean trong c\u00f3 m\u1ed9t mi\u1ebfng ch\u1eafn c\u00f3 \u0111\u1ee5c l\u1ed7 \u0111\u1ec3 ng\u0103n \u0111\u00e1 r\u1edbt ra ngo\u00e0i.<\/p>\n<p>\u2013 Ph\u1ea7n th\u1ee9 ba \u1edf tr\u00ean c\u00f9ng l\u00e0 n\u1eafp b\u00ecnh. N\u1eafp b\u00ecnh c\u00f3 c\u00f4ng d\u1ee5ng \u0111\u1ec3 th\u1eed \u0111\u1ed3 u\u1ed1ng tr\u01b0\u1edbc.<\/p>\n<p><img decoding=\"async\" class=\"wp-image-27505 aligncenter\" src=\"https:\/\/havamall.vn\/wp-content\/uploads\/2022\/06\/1d6-300x300.png\" alt=\"\" width=\"653\" height=\"653\" srcset=\"https:\/\/havamall.vn\/wp-content\/uploads\/2022\/06\/1d6-300x300.png 300w, https:\/\/havamall.vn\/wp-content\/uploads\/2022\/06\/1d6-430x430.png 430w, https:\/\/havamall.vn\/wp-content\/uploads\/2022\/06\/1d6-150x150.png 150w, https:\/\/havamall.vn\/wp-content\/uploads\/2022\/06\/1d6-700x700.png 700w, https:\/\/havamall.vn\/wp-content\/uploads\/2022\/06\/1d6-768x768.png 768w, https:\/\/havamall.vn\/wp-content\/uploads\/2022\/06\/1d6-600x600.png 600w, https:\/\/havamall.vn\/wp-content\/uploads\/2022\/06\/1d6-100x100.png 100w, https:\/\/havamall.vn\/wp-content\/uploads\/2022\/06\/1d6.png 800w\" sizes=\"(max-width: 653px) 100vw, 653px\" \/><\/p>\n<h3><strong>H\u01b0\u1edbng d\u1eabn s\u1eed d\u1ee5ng b\u00ecnh: <\/strong><\/h3>\n<p>\u0110ong, \u0111o l\u01b0\u1eddng\u00a0\u0111\u1ea7y \u0111\u1ee7 c\u00e1c th\u00e0nh ph\u1ea7n, cho v\u00e0o b\u00ecnh l\u1eafc, \u0111\u1eady n\u1eafp b\u00ecnh l\u1ea1i v\u00e0 l\u1eafc th\u1eadt m\u1ea1nh, nhanh b\u1eb1ng hai tay ho\u1eb7c m\u1ed9t tay, khi hai tay c\u1ea3m nh\u1eadn \u0111\u01b0\u1ee3c \u0111\u1ed9 l\u1ea1nh (kho\u1ea3ng 15 \u2013 20 gi\u00e2y) r\u1ed3i r\u00f3t ra ly.<\/p>\n<p>S\u1ea3n ph\u1ea9m hi\u1ec7n \u0111\u00e3 c\u00f3 m\u1eb7t t\u1ea1i Havamall.<\/p>\n<p><img loading=\"lazy\" decoding=\"async\" class=\"wp-image-27506 aligncenter\" src=\"https:\/\/havamall.vn\/wp-content\/uploads\/2022\/06\/shaker-300x300.png\" alt=\"\" width=\"660\" height=\"660\" srcset=\"https:\/\/havamall.vn\/wp-content\/uploads\/2022\/06\/shaker-300x300.png 300w, https:\/\/havamall.vn\/wp-content\/uploads\/2022\/06\/shaker-430x430.png 430w, https:\/\/havamall.vn\/wp-content\/uploads\/2022\/06\/shaker-150x150.png 150w, https:\/\/havamall.vn\/wp-content\/uploads\/2022\/06\/shaker-700x700.png 700w, https:\/\/havamall.vn\/wp-content\/uploads\/2022\/06\/shaker-768x768.png 768w, https:\/\/havamall.vn\/wp-content\/uploads\/2022\/06\/shaker-600x600.png 600w, https:\/\/havamall.vn\/wp-content\/uploads\/2022\/06\/shaker-100x100.png 100w, https:\/\/havamall.vn\/wp-content\/uploads\/2022\/06\/shaker.png 1000w\" sizes=\"(max-width: 660px) 100vw, 660px\" \/><\/p>","protected":false},"excerpt":{"rendered":"<p>B\u00ecnh l\u1eafc pha ch\u1ebf cocktail l\u00e0 m\u1ed9t s\u1ea3n ph\u1ea9m r\u1ea5t h\u1eefu \u00edch cho m\u1ed9t qu\u00e1n cafe , b\u00ecnh l\u1eafc pha<\/p>","protected":false},"featured_media":27508,"comment_status":"open","ping_status":"closed","template":"","meta":[],"product_brand":[],"product_cat":[393,35],"product_tag":[],"class_list":{"0":"post-27502","1":"product","2":"type-product","3":"status-publish","4":"has-post-thumbnail","6":"product_cat-bep-phong-an","7":"product_cat-nha-cua-doi-song","9":"first","10":"instock","11":"sale","12":"shipping-taxable","13":"purchasable","14":"product-type-simple"},"_links":{"self":[{"href":"https:\/\/havamall.vn\/en\/wp-json\/wp\/v2\/product\/27502"}],"collection":[{"href":"https:\/\/havamall.vn\/en\/wp-json\/wp\/v2\/product"}],"about":[{"href":"https:\/\/havamall.vn\/en\/wp-json\/wp\/v2\/types\/product"}],"replies":[{"embeddable":true,"href":"https:\/\/havamall.vn\/en\/wp-json\/wp\/v2\/comments?post=27502"}],"version-history":[{"count":0,"href":"https:\/\/havamall.vn\/en\/wp-json\/wp\/v2\/product\/27502\/revisions"}],"wp:featuredmedia":[{"embeddable":true,"href":"https:\/\/havamall.vn\/en\/wp-json\/wp\/v2\/media\/27508"}],"wp:attachment":[{"href":"https:\/\/havamall.vn\/en\/wp-json\/wp\/v2\/media?parent=27502"}],"wp:term":[{"taxonomy":"product_brand","embeddable":true,"href":"https:\/\/havamall.vn\/en\/wp-json\/wp\/v2\/product_brand?post=27502"},{"taxonomy":"product_cat","embeddable":true,"href":"https:\/\/havamall.vn\/en\/wp-json\/wp\/v2\/product_cat?post=27502"},{"taxonomy":"product_tag","embeddable":true,"href":"https:\/\/havamall.vn\/en\/wp-json\/wp\/v2\/product_tag?post=27502"}],"curies":[{"name":"wp","href":"https:\/\/api.w.org\/{rel}","templated":true}]}}