{"id":27494,"date":"2022-06-23T14:44:39","date_gmt":"2022-06-23T07:44:39","guid":{"rendered":"https:\/\/havamall.vn\/?post_type=product&#038;p=27494"},"modified":"2025-03-19T09:57:17","modified_gmt":"2025-03-19T02:57:17","slug":"socola-den-dang-nut-van-houten-hu-100g","status":"publish","type":"product","link":"https:\/\/havamall.vn\/en\/shop\/socola-den-dang-nut-van-houten-hu-100g\/","title":{"rendered":"Socola \u0110en D\u1ea1ng N\u00fat Van Houten H\u1ee7 100g"},"content":{"rendered":"<p>\u0110\u01b0\u1ee3c s\u1ea3n xu\u1ea5t b\u1edfi Barry Callebaut, nh\u00e0 s\u1ea3n xu\u1ea5t ca cao v\u00e0 s\u00f4 c\u00f4 la l\u1edbn nh\u1ea5t th\u1ebf gi\u1edbi, Van Houten l\u00e0 nh\u00e0 ti\u00ean phong trong l\u0129nh v\u1ef1c ch\u1ebf bi\u1ebfn ca cao v\u1edbi h\u01a1n 190 n\u0103m kinh nghi\u1ec7m. S\u00f4c\u00f4la Compound \u0110en D\u1ea1ng Kh\u1ed1i Van Houten \u0111\u01b0\u1ee3c s\u1ea3n xu\u1ea5t theo d\u1ea1ng kh\u1ed1i, v\u1edbi \u01b0u \u0111i\u1ec3m k\u1ebft c\u1ea5u m\u1ecbn m\u00e0ng kh\u00f4ng s\u00e1p, d\u1ec5 d\u00e0ng ch\u1ebf bi\u1ebfn sau khi l\u00e0m tan ch\u1ea3y.<\/p>\n<p><img fetchpriority=\"high\" decoding=\"async\" class=\"wp-image-26697 aligncenter\" src=\"https:\/\/havamall.vn\/wp-content\/uploads\/2025\/03\/193207215-300x300.png\" alt=\"\" width=\"781\" height=\"781\" \/><\/p>\n<p>V\u1edbi h\u01a1n 190 n\u0103m kinh nghi\u1ec7m, th\u01b0\u01a1ng hi\u1ec7u Van Houten \u0111\u00e3 lu\u00f4n chinh ph\u1ee5c ng\u01b0\u1eddi y\u00eau s\u00f4-c\u00f4-la tr\u00ean kh\u1eafp th\u1ebf gi\u1edbi b\u1edfi ch\u1ea5t l\u01b0\u1ee3ng \u0111\u1ed3ng nh\u1ea5t \u0111\u01b0\u1ee3c pha tr\u1ed9n \u0111\u1ed9c \u0111\u00e1o t\u1eeb nh\u1eefng h\u1ea1t cacao v\u00f9ng T\u00e2y Phi v\u00e0 ngu\u1ed3n ch\u1ea5t b\u00e9o cao c\u1ea5p, t\u1ea1o ra h\u01b0\u01a1ng v\u1ecb \u0111\u1eadm \u0111\u00e0, k\u1ebft c\u1ea5u m\u1ecbn m\u00e0ng kh\u00f4ng s\u00e1p.<\/p>\n<p>S\u00f4-c\u00f4-la compound c\u00f3 th\u1ec3 d\u00f9ng \u0111\u1ec3 ch\u1ebf bi\u1ebfn ngay khi l\u00e0m tan ch\u1ea3y ph\u00f9 h\u1ee3p v\u1edbi nhi\u1ec1u m\u1ee5c \u0111\u00edch s\u1eed d\u1ee5ng kh\u00e1c nhau n\u00ean c\u1ef1c k\u1ef3 thu\u1eadn ti\u1ec7n. S\u1ea3n ph\u1ea9m n\u00e0y ch\u00ednh l\u00e0 \u201cph\u1ee5 ki\u1ec7n\u201d kh\u00f4ng th\u1ec3 thi\u1ebfu cho c\u00e1c m\u00f3n b\u00e1nh nh\u00e0 l\u00e0m, hay nh\u1eefng m\u00f3n dessert sang ch\u1ea3nh trong nh\u00e0 h\u00e0ng, ch\u1ee9a \u0111\u1ef1ng \u0111\u1ea7y \u0111\u1ee7 h\u01b0\u01a1ng v\u1ecb v\u00e0 ch\u1ea5t l\u01b0\u1ee3ng c\u1ee7a m\u1ed9t lo\u1ea1i s\u00f4-c\u00f4-la ngon.<br \/>\n<img decoding=\"async\" class=\"wp-image-26698 aligncenter\" src=\"https:\/\/havamall.vn\/wp-content\/uploads\/2025\/03\/147804448-300x300.png\" alt=\"\" width=\"777\" height=\"777\" \/><br \/>\n\u0110\u1ed9 d\u1ebbo t\u1ed1t, d\u1ec5 thao t\u00e1c trong vi\u1ec7c c\u1ea1o s\u1ee7i \u0111\u1ec3 trang tr\u00ed b\u00e1nh, t\u1ea1o h\u00ecnh v\u00e0 ph\u1ee7 b\u00e1nh, s\u00f4-c\u00f4-la compound d\u1ec5 d\u00e0ng m\u00ea ho\u1eb7c nh\u1eefng baker\/h\u1ed9i y\u00eau b\u1ebfp y\u00eau b\u00e1nh \u0111\u00edch th\u1ef1c.<\/p>\n<p>Van Houten socola compound \u0111en d\u1ea1ng n\u00fat l\u00e0 m\u1ed9t trong nh\u1eefng ph\u1ea9m ch\u1ea5t t\u1ed1t nh\u1ea5t cho m\u1ed9t h\u1ee3p ch\u1ea5t s\u00f4 c\u00f4 la. N\u00f3 l\u00e0 s\u1ef1 c\u00e2n b\u1eb1ng ho\u00e0n h\u1ea3o gi\u1eefa v\u1ecb s\u00f4 c\u00f4 la c\u1ee7a cacao v\u00e0 v\u1ecb ng\u1ecdt. N\u00f3 ch\u1eafc ch\u1eafn s\u1ebd l\u00e0m cho c\u00e1c m\u00f3n n\u01b0\u1edbng c\u1ee7a b\u1ea1n n\u1ed5i b\u1eadt v\u1edbi h\u01b0\u01a1ng v\u1ecb s\u00f4 c\u00f4 la th\u01a1m ngon.<\/p>\n<p><img decoding=\"async\" class=\"wp-image-26699 aligncenter\" src=\"https:\/\/havamall.vn\/wp-content\/uploads\/2025\/03\/128751139-300x200.png\" alt=\"\" width=\"788\" height=\"525\" \/><\/p>\n<p>S\u00f4c\u00f4la Compound \u0110en D\u1ea1ng Kh\u1ed1i Van Houten l\u00e0 nguy\u00ean li\u1ec7u l\u00fd t\u01b0\u1edfng ph\u00f9 h\u1ee3p v\u1edbi nhu c\u1ea7u \u0111a d\u1ea1ng c\u1ee7a kh\u00e1ch h\u00e0ng: b\u1ebfp b\u00e1nh, trang tr\u00ed b\u00e1nh ng\u1ecdt, ganache, l\u00e0m kem v\u00e0 c\u00e1c m\u00f3n tr\u00e1ng mi\u1ec7ng\u2026<\/p>\n<p>100 gam socola \u0111en v\u1edbi h\u00e0m l\u01b0\u1ee3ng kho\u1ea3ng 70% cacao th\u01b0\u1eddng ch\u1ee9a c\u00e1c th\u00e0nh ph\u1ea7n dinh d\u01b0\u1ee1ng nh\u01b0: 11 gam ch\u1ea5t x\u01a1, 67% s\u1eaft, 58% magie, 89% \u0111\u1ed3ng, 98% mangan. Ngo\u00e0i ra, n\u00f3 c\u00f2n ch\u1ee9a nhi\u1ec1u c\u00e1c ch\u1ea5t kho\u00e1ng kh\u00e1c bao g\u1ed3m: kali, ph\u1ed1t pho, k\u1ebdm v\u00e0 selen.<\/p>\n<p><img loading=\"lazy\" decoding=\"async\" class=\"wp-image-26700 aligncenter\" src=\"https:\/\/havamall.vn\/wp-content\/uploads\/2025\/03\/10502657-300x200.png\" alt=\"\" width=\"791\" height=\"527\" \/><\/p>\n<h3><strong>H\u01b0\u1edbng d\u1eabn s\u1eed d\u1ee5ng:<\/strong><\/h3>\n<p>&#8211; L\u00fd t\u01b0\u1edfng \u0111\u1ec3 t\u1ea1o h\u01b0\u01a1ng v\u1ecb, t\u1ea1o m\u00e0u v\u00e0 trang tr\u00ed gelato &amp; sorbet, b\u00e1nh ng\u1ecdt, b\u00e1nh h\u1ea1nh nh\u00e2n, b\u00e1nh n\u01b0\u1edbng x\u1ed1p &amp; b\u00e1nh quy, b\u00e1nh macaron, b\u00e1nh tr\u1ee9ng \u0111\u01b0\u1eddng n\u01b0\u1edbng, mousses, tr\u00e1ng men &amp; n\u01b0\u1edbc s\u1ed1t, \u0111\u1ed3 u\u1ed1ng n\u00f3ng.<\/p>\n<p>&#8211; C\u00f3 th\u1ec3 \u0103n nh\u01b0 m\u1ed9t m\u00f3n \u0103n nh\u1eb9 ho\u1eb7c c\u00f3 th\u1ec3 l\u00e0m l\u1edbp ph\u1ee7 tuy\u1ec7t v\u1eddi cho kem ho\u1eb7c b\u00e1nh ng\u1ecdt.<\/p>\n<p>S\u1ea3n ph\u1ea9n hi\u1ec7n \u0111\u00e3 c\u00f3 m\u1eb7t t\u1ea1i Havamall.<\/p>\n<p><img loading=\"lazy\" decoding=\"async\" class=\"wp-image-26701 aligncenter\" src=\"https:\/\/havamall.vn\/wp-content\/uploads\/2025\/03\/151562220-300x300.png\" alt=\"\" width=\"793\" height=\"793\" \/><\/p>","protected":false},"excerpt":{"rendered":"<p>\u0110\u01b0\u1ee3c s\u1ea3n xu\u1ea5t b\u1edfi Barry Callebaut, nh\u00e0 s\u1ea3n xu\u1ea5t ca cao v\u00e0 s\u00f4 c\u00f4 la l\u1edbn nh\u1ea5t th\u1ebf gi\u1edbi, Van<\/p>","protected":false},"featured_media":27495,"comment_status":"open","ping_status":"closed","template":"","meta":[],"product_brand":[],"product_cat":[677,36,133],"product_tag":[],"class_list":{"0":"post-27494","1":"product","2":"type-product","3":"status-publish","4":"has-post-thumbnail","6":"product_cat-cac-nuoc-khac","7":"product_cat-thuc-pham-tieu-dung","8":"product_cat-banh-keo-chocolate","10":"first","11":"instock","12":"sale","13":"shipping-taxable","14":"purchasable","15":"product-type-simple"},"_links":{"self":[{"href":"https:\/\/havamall.vn\/en\/wp-json\/wp\/v2\/product\/27494"}],"collection":[{"href":"https:\/\/havamall.vn\/en\/wp-json\/wp\/v2\/product"}],"about":[{"href":"https:\/\/havamall.vn\/en\/wp-json\/wp\/v2\/types\/product"}],"replies":[{"embeddable":true,"href":"https:\/\/havamall.vn\/en\/wp-json\/wp\/v2\/comments?post=27494"}],"version-history":[{"count":0,"href":"https:\/\/havamall.vn\/en\/wp-json\/wp\/v2\/product\/27494\/revisions"}],"wp:featuredmedia":[{"embeddable":true,"href":"https:\/\/havamall.vn\/en\/wp-json\/wp\/v2\/media\/27495"}],"wp:attachment":[{"href":"https:\/\/havamall.vn\/en\/wp-json\/wp\/v2\/media?parent=27494"}],"wp:term":[{"taxonomy":"product_brand","embeddable":true,"href":"https:\/\/havamall.vn\/en\/wp-json\/wp\/v2\/product_brand?post=27494"},{"taxonomy":"product_cat","embeddable":true,"href":"https:\/\/havamall.vn\/en\/wp-json\/wp\/v2\/product_cat?post=27494"},{"taxonomy":"product_tag","embeddable":true,"href":"https:\/\/havamall.vn\/en\/wp-json\/wp\/v2\/product_tag?post=27494"}],"curies":[{"name":"wp","href":"https:\/\/api.w.org\/{rel}","templated":true}]}}