{"id":27462,"date":"2022-06-21T14:49:45","date_gmt":"2022-06-21T07:49:45","guid":{"rendered":"https:\/\/havamall.vn\/?post_type=product&#038;p=27462"},"modified":"2022-06-21T14:49:45","modified_gmt":"2022-06-21T07:49:45","slug":"bot-cacao-dinh-duong-scho-sweat-treat-hop-10-goi-x-20g-instant-chocolate-drink","status":"publish","type":"product","link":"https:\/\/havamall.vn\/en\/shop\/bot-cacao-dinh-duong-scho-sweat-treat-hop-10-goi-x-20g-instant-chocolate-drink\/","title":{"rendered":"B\u1ed9t Cacao dinh d\u01b0\u1ee1ng Scho Sweat Treat H\u1ed9p 10 G\u00f3i x 20g \u2013 Instant Chocolate Drink"},"content":{"rendered":"<p>Schoko k\u1ebft h\u1ee3p c\u00f9ng t\u1eadp \u0111o\u00e0n Uelzena \u2013 chuy\u00ean gia trong l\u0129nh v\u1ef1c s\u1ea3n xu\u1ea5t s\u1eefa v\u00e0 th\u1ef1c ph\u1ea9m, l\u1ef1a ch\u1ecdn ngu\u1ed3n s\u1eefa t\u1eeb c\u00e1c trang tr\u1ea1i thu\u1ed9c mi\u1ec1n B\u1eafc n\u01b0\u1edbc \u0110\u1ee9c \u0111\u1ec3 t\u1ea1o n\u00ean s\u1ea3n ph\u1ea9m Cacao dinh d\u01b0\u1ee1ng Scho.<\/p>\n<p>Gi\u1ed1ng nh\u01b0 t\u00ean \u201cChi\u1ebfc B\u1eaby Ng\u1ecdt Ng\u00e0o\u201d h\u01b0\u01a1ng v\u1ecb c\u1ee7a Scho Sweat Treat v\u1eeba nh\u1eb9 nh\u00e0ng v\u1ecb \u0111\u1eafng c\u1ee7a chocolate, v\u1eeba ng\u1ecdt ng\u00e0o, b\u00e9o th\u01a1m v\u1ecb s\u1eefa. T\u1ea5t c\u1ea3 h\u00f2a quy\u1ec7n t\u1ea1o n\u00ean s\u1ef1 quy\u1ebfn r\u0169 kh\u00f3 c\u01b0\u1ee1ng, khi\u1ebfn b\u1ea1n ph\u1ea3i \u201c\u0111\u1ed5 g\u1ee5c\u201d ngay ng\u1ee5m \u0111\u1ea7u.<\/p>\n<p><img fetchpriority=\"high\" decoding=\"async\" class=\"wp-image-27450 aligncenter\" src=\"https:\/\/havamall.vn\/wp-content\/uploads\/2022\/06\/278384591-300x252.png\" alt=\"\" width=\"681\" height=\"572\" srcset=\"https:\/\/havamall.vn\/wp-content\/uploads\/2022\/06\/278384591-300x252.png 300w, https:\/\/havamall.vn\/wp-content\/uploads\/2022\/06\/278384591-430x361.png 430w, https:\/\/havamall.vn\/wp-content\/uploads\/2022\/06\/278384591-150x126.png 150w, https:\/\/havamall.vn\/wp-content\/uploads\/2022\/06\/278384591-700x587.png 700w, https:\/\/havamall.vn\/wp-content\/uploads\/2022\/06\/278384591-768x644.png 768w, https:\/\/havamall.vn\/wp-content\/uploads\/2022\/06\/278384591-1024x859.png 1024w, https:\/\/havamall.vn\/wp-content\/uploads\/2022\/06\/278384591-1200x1006.png 1200w, https:\/\/havamall.vn\/wp-content\/uploads\/2022\/06\/278384591-600x503.png 600w, https:\/\/havamall.vn\/wp-content\/uploads\/2022\/06\/278384591.png 2048w\" sizes=\"(max-width: 681px) 100vw, 681px\" \/><\/p>\n<p>\u0110i\u1ec1u \u1ea5y khi\u1ebfn v\u1ecb th\u01a1m ngon m\u00e0 Scho mang l\u1ea1i ho\u00e0n to\u00e0n kh\u00e1c bi\u1ec7t, l\u00e0 v\u1ecb ng\u1ecdt t\u1ef1 nhi\u00ean c\u1ee7a s\u1eefa nguy\u00ean kem cao c\u1ea5p, kh\u00f4ng c\u00f3 \u0111\u01b0\u1eddng hay b\u1ea5t k\u1ef3 ch\u1ea5t t\u1ea1o ng\u1ecdt n\u00e0o trong t\u1ea5t c\u1ea3 c\u00e1c s\u1ea3n ph\u1ea9m.\u00a0Scho Chocolate Drink c\u00f2n \u0111\u1ea1t ch\u1ee9ng nh\u1eadn Fairtrade \u2013 M\u1ed9t ch\u1ee9ng nh\u1eadn Qu\u1ed1c t\u1ebf v\u1ec1 Th\u01b0\u01a1ng m\u1ea1i c\u00f4ng b\u1eb1ng, v\u1edbi m\u1ee5c ti\u00eau h\u01b0\u1edbng t\u1edbi s\u1ef1 ph\u00e1t tri\u1ec3n b\u1ec1n v\u1eefng cho ng\u01b0\u1eddi n\u00f4ng d\u00e2n, \u0111\u1ea3m b\u1ea3o c\u00e1c y\u1ebfu t\u1ed1 v\u1ec1 b\u1ea3o v\u1ec7 m\u00f4i tr\u01b0\u1eddng.<\/p>\n<p><img decoding=\"async\" class=\"wp-image-27443 aligncenter\" src=\"https:\/\/havamall.vn\/wp-content\/uploads\/2022\/06\/12212045-300x200.png\" alt=\"\" width=\"685\" height=\"456\" srcset=\"https:\/\/havamall.vn\/wp-content\/uploads\/2022\/06\/12212045-300x200.png 300w, https:\/\/havamall.vn\/wp-content\/uploads\/2022\/06\/12212045-430x287.png 430w, https:\/\/havamall.vn\/wp-content\/uploads\/2022\/06\/12212045-150x100.png 150w, https:\/\/havamall.vn\/wp-content\/uploads\/2022\/06\/12212045-700x467.png 700w, https:\/\/havamall.vn\/wp-content\/uploads\/2022\/06\/12212045-768x512.png 768w, https:\/\/havamall.vn\/wp-content\/uploads\/2022\/06\/12212045-1024x683.png 1024w, https:\/\/havamall.vn\/wp-content\/uploads\/2022\/06\/12212045-1200x800.png 1200w, https:\/\/havamall.vn\/wp-content\/uploads\/2022\/06\/12212045-600x400.png 600w, https:\/\/havamall.vn\/wp-content\/uploads\/2022\/06\/12212045.png 2048w\" sizes=\"(max-width: 685px) 100vw, 685px\" \/><\/p>\n<p>H\u01b0\u01a1ng v\u1ecb s\u1eefa \u0111\u01b0\u1ee3c tuy\u1ec3n ch\u1ecdn v\u00e0 x\u1eed l\u00fd theo ti\u00eau chu\u1ea9n qu\u1ed1c t\u1ebf, k\u1ebft h\u1ee3p c\u00f9ng Cacao nguy\u00ean ch\u1ea5t ch\u1ea5t l\u01b0\u1ee3ng s\u1ebd \u0111em \u0111\u1ebfn s\u1ef1 th\u0103ng hoa v\u1ec1 v\u1ecb gi\u00e1c cho ng\u01b0\u1eddi th\u01b0\u1edfng th\u1ee9c ngay t\u1eeb nh\u1eefng gi\u1ecdt \u0111\u1ea7u ti\u00ean. T\u1ea5t c\u1ea3 ngu\u1ed3n cacao \u0111\u1ec3 s\u1ea3n xu\u1ea5t ra th\u1ee9c u\u1ed1ng Sho Chocolate Drink \u0111\u1ec1u \u0111\u01b0\u1ee3c l\u1ef1a ch\u1ecdn t\u1eeb nh\u1eefng v\u00f9ng canh t\u00e1c h\u1eefu c\u01a1, ph\u00e1t tri\u1ec3n b\u1ec1n v\u1eefng \u0111\u1ea1t ch\u1ee9ng ch\u1ec9 Fairtrade ch\u1ee9ng nh\u1eadn UTZ.<\/p>\n<p><img decoding=\"async\" class=\"wp-image-27463 aligncenter\" src=\"https:\/\/havamall.vn\/wp-content\/uploads\/2022\/06\/279229171_527843158869479_3333418375300468158_n-300x300.jpg\" alt=\"\" width=\"687\" height=\"687\" srcset=\"https:\/\/havamall.vn\/wp-content\/uploads\/2022\/06\/279229171_527843158869479_3333418375300468158_n-300x300.jpg 300w, https:\/\/havamall.vn\/wp-content\/uploads\/2022\/06\/279229171_527843158869479_3333418375300468158_n-430x430.jpg 430w, https:\/\/havamall.vn\/wp-content\/uploads\/2022\/06\/279229171_527843158869479_3333418375300468158_n-150x150.jpg 150w, https:\/\/havamall.vn\/wp-content\/uploads\/2022\/06\/279229171_527843158869479_3333418375300468158_n-700x700.jpg 700w, https:\/\/havamall.vn\/wp-content\/uploads\/2022\/06\/279229171_527843158869479_3333418375300468158_n-768x768.jpg 768w, https:\/\/havamall.vn\/wp-content\/uploads\/2022\/06\/279229171_527843158869479_3333418375300468158_n-1024x1024.jpg 1024w, https:\/\/havamall.vn\/wp-content\/uploads\/2022\/06\/279229171_527843158869479_3333418375300468158_n-1200x1201.jpg 1200w, https:\/\/havamall.vn\/wp-content\/uploads\/2022\/06\/279229171_527843158869479_3333418375300468158_n-600x600.jpg 600w, https:\/\/havamall.vn\/wp-content\/uploads\/2022\/06\/279229171_527843158869479_3333418375300468158_n-100x100.jpg 100w, https:\/\/havamall.vn\/wp-content\/uploads\/2022\/06\/279229171_527843158869479_3333418375300468158_n.jpg 2047w\" sizes=\"(max-width: 687px) 100vw, 687px\" \/><\/p>\n<p>M\u1ed7i g\u00f3i Scho Sweet Treat c\u00f3 \u00edt nh\u1ea5t 75% b\u1ed9t cacao nguy\u00ean ch\u1ea5t ( c\u00f3 27% cacao d\u1ea1ng l\u1ecfng) v\u00e0 25% s\u1eefa b\u1ed9t nguy\u00ean kem. Ly cacao v\u1eeba \u0111\u1ee7 v\u1ecb ngon v\u1eeba \u0111\u1ee7 n\u0103ng l\u01b0\u1ee3ng cho ph\u00e1i n\u1eef v\u0103n ph\u00f2ng ho\u1ea1t \u0111\u1ed9ng c\u1ea3 ng\u00e0y d\u00e0i.\u00a0 S\u1ea3n ph\u1ea9m kh\u00f4ng ch\u1ee9a \u0111\u01b0\u1eddng n\u00ean c\u00f3 th\u1ec3 ho\u00e0n to\u00e0n y\u00ean t\u00e2m v\u1edbi ti\u00eau ch\u00ed \u201c\u0102n m\u00e0 kh\u00f4ng b\u00e9o\u201d c\u1ee7a c\u00e1c n\u00e0ng.<\/p>\n<p>Scho Sweat Treat ho\u00e0n to\u00e0n kh\u00f4ng c\u00f3 \u0111\u01b0\u1eddng hay b\u1ea5t k\u00ec ch\u1ea5t ph\u1ee5 gia n\u00e0o.Scho Chocolate Drink l\u00e0 s\u1ea3n ph\u1ea9m b\u1ed9t cacao dinh d\u01b0\u1ee1ng nguy\u00ean ch\u1ea5t, \u0111\u01b0\u1ee3c s\u1ea3n xu\u1ea5t c\u00f4ng ngh\u1ec7 ti\u00ean ti\u1ebfn b\u1eadc nh\u1ea5t th\u1ebf gi\u1edbi .<\/p>\n<p><img loading=\"lazy\" decoding=\"async\" class=\"aligncenter\" src=\"https:\/\/scontent.fsgn8-2.fna.fbcdn.net\/v\/t39.30808-6\/278865241_524165359237259_8670209380447901242_n.jpg?_nc_cat=111&amp;ccb=1-7&amp;_nc_sid=e3f864&amp;_nc_ohc=DfgxYEu3WHQAX-9PM0f&amp;_nc_ht=scontent.fsgn8-2.fna&amp;oh=00_AT8yhspxe-kunszTkeN5cDAyPpNZW-wYSQDG5173eqIXZA&amp;oe=62B70DE6\" alt=\"C\u00f3 th\u1ec3 l\u00e0 h\u00ecnh \u1ea3nh v\u1ec1 th\u1ef1c ph\u1ea9m v\u00e0 v\u0103n b\u1ea3n cho bi\u1ebft 'SCHOKOCROWN Scho\u00ae Scho Chocolate Drink CACAO TH\u1eacT DINH D\u01af\u1ee0NG V\u00c0NG S\u043bho INSAN A'\" width=\"704\" height=\"268\" \/><\/p>\n<h3><strong>Th\u00e0nh ph\u1ea7n ch\u00ednh c\u1ee7a Scho Chocolate Drink<\/strong><\/h3>\n<h5><em><strong>\u2013 B\u1ed9t cacao nguy\u00ean ch\u1ea5t<\/strong><\/em><\/h5>\n<p>B\u1ed9t cacao l\u00e0m gi\u1ea3m hormone cortisol c\u1ea3i thi\u1ec7n s\u1ef1 trao \u0111\u1ed5i ch\u1ea5t. Cacao ch\u1ee9a nhi\u1ec1u ch\u1ea5t ch\u1ed1ng oxy h\u00f3a h\u01a1n r\u01b0\u1ee3u vang v\u00e0 tr\u00e0 xanh. Cho n\u00ean 1 ly cacao s\u1ebd h\u1ed7 tr\u1ee3 ti\u00eau h\u00f3a khi b\u1ecb kh\u00f3 ti\u00eau. Cacao c\u00f3 kh\u1ea3 n\u0103ng h\u1ea5p th\u1ee5 v\u00e0o \u0111\u01b0\u1eddng huy\u1ebft, s\u1ea3n sinh ra insulin \u2013 ch\u1ea5t \u1ed5n \u0111\u1ecbnh l\u01b0\u1ee3ng \u0111\u01b0\u1eddng trong m\u00e1u.\u00a0H\u01a1n n\u1eefa, trong cacao ch\u1ee9a theobromine l\u00e0m cho c\u01a1 th\u1ec3 c\u1ea3m th\u1ea5y no v\u00e0 ng\u0103n ch\u1eb7n c\u1ea3m gi\u00e1c th\u00e8m \u0103n.<\/p>\n<h5><em><strong>\u2013 S\u1eefa b\u1ed9t nguy\u00ean kem<\/strong><\/em><\/h5>\n<p>S\u1eefa b\u1ed9t ch\u1ee9a h\u00e0m l\u01b0\u1ee3ng protein cao gi\u00fap c\u1ea3i thi\u1ec7n ho\u1ea1t \u0111\u1ed9ng c\u1ee7a m\u1ea1ch m\u00e1u, gi\u1ea3m huy\u1ebft \u00e1p, mang l\u1ea1i h\u01b0\u01a1ng v\u1ecb s\u1ea3ng kho\u00e1i, t\u1ed1t cho s\u1ee9c kh\u1ecfe. B\u00ean c\u1ea1nh \u0111\u00f3, t\u1ec9 l\u1ec7 Canxi, Magie, K\u1ebdm v\u00e0 Vitamin D c\u00e2n \u0111\u1ed1i h\u1ed7 tr\u1ee3 qu\u00e1 tr\u00ecnh chuy\u1ec3n h\u00f3a h\u1ea5p thu Canxi. B\u1ed5 sung th\u00eam ch\u1ea5t x\u01a1 h\u00f2a tan gi\u00fap t\u0103ng c\u01b0\u1eddng h\u1ec7 vi khu\u1ea9n c\u00f3 l\u1ee3i trong \u0111\u01b0\u1eddng ru\u1ed9t, h\u1ed7 tr\u1ee3 s\u1ee9c kh\u1ecfe h\u1ec7 ti\u00eau h\u00f3a v\u00e0 gi\u1ea3m t\u00e1o b\u00f3n.<\/p>\n<h5><em><strong>\u2013 \u0110\u01b0\u1eddng s\u1eefa:<\/strong><\/em><\/h5>\n<p>\u0110\u01b0\u1eddng s\u1eefa gi\u00fap cho cacao th\u01a1m ngon t\u1ea1o c\u1ea3m gi\u00e1c b\u00e9o ng\u1eady, ph\u00f9 h\u1ee3p v\u1edbi kh\u1ea9u v\u1ecb c\u1ee7a ng\u01b0\u1eddi ch\u00e2u \u00c1. S\u1ea3n ph\u1ea9m c\u00f3 th\u1ec3 d\u00f9ng \u0111\u01b0\u1ee3c m\u1ecdi \u0111\u1ed1i t\u01b0\u1ee3ng.<\/p>\n<p><img loading=\"lazy\" decoding=\"async\" class=\"wp-image-27453 aligncenter\" src=\"https:\/\/havamall.vn\/wp-content\/uploads\/2022\/06\/278692226-300x300.png\" alt=\"\" width=\"679\" height=\"679\" srcset=\"https:\/\/havamall.vn\/wp-content\/uploads\/2022\/06\/278692226-300x300.png 300w, https:\/\/havamall.vn\/wp-content\/uploads\/2022\/06\/278692226-430x430.png 430w, https:\/\/havamall.vn\/wp-content\/uploads\/2022\/06\/278692226-150x150.png 150w, https:\/\/havamall.vn\/wp-content\/uploads\/2022\/06\/278692226-700x700.png 700w, https:\/\/havamall.vn\/wp-content\/uploads\/2022\/06\/278692226-768x768.png 768w, https:\/\/havamall.vn\/wp-content\/uploads\/2022\/06\/278692226-1024x1024.png 1024w, https:\/\/havamall.vn\/wp-content\/uploads\/2022\/06\/278692226-1200x1200.png 1200w, https:\/\/havamall.vn\/wp-content\/uploads\/2022\/06\/278692226-600x600.png 600w, https:\/\/havamall.vn\/wp-content\/uploads\/2022\/06\/278692226-100x100.png 100w, https:\/\/havamall.vn\/wp-content\/uploads\/2022\/06\/278692226.png 2048w\" sizes=\"(max-width: 679px) 100vw, 679px\" \/><\/p>\n<h3><strong>L\u1ee3i \u00edch c\u1ee7a b\u1ed9t cacao:<\/strong><\/h3>\n<p>&gt; L\u01b0\u1ee3ng cafein r\u1ea5t nh\u1ecf trong \ud835\udc12\ud835\udc1c\ud835\udc21\ud835\udc28 \ud835\udc02\ud835\udc21\ud835\udc28\ud835\udc1c\ud835\udc28\ud835\udc25\ud835\udc1a\ud835\udc2d\ud835\udc1e \ud835\udc03\ud835\udc2b\ud835\udc22\ud835\udc27\ud835\udc24 m\u00e0 b\u1ea1n u\u1ed1ng m\u1ed7i ng\u00e0y s\u1ebd gi\u00fap b\u1ea1n t\u1ec9nh t\u00e1o h\u01a1n khi l\u00e0m vi\u1ec7c, b\u1ea1n s\u1ebd kh\u00f4ng c\u00f2n c\u0103ng th\u1eb3nhi u\u1ed1ng m\u1ed9t ly \ud835\udc12\ud835\udc1c\ud835\udc21\ud835\udc28 \ud835\udc02\ud835\udc21\ud835\udc28\ud835\udc1c\ud835\udc28\ud835\udc25\ud835\udc1a\ud835\udc2d\ud835\udc1e \ud835\udc03\ud835\udc2b\ud835\udc22\ud835\udc27\ud835\udc24 v\u00e0o m\u1ed7i bu\u1ed5i s\u00e1ng, n\u0103ng l\u01b0\u1ee3ng c\u01a1 th\u1ec3 s\u1ebd tr\u00e0n \u0111\u1ea7y v\u00e0 b\u1ea1n s\u1ebd c\u00f3 m\u1ed9t ng\u00e0y l\u00e0m vi\u1ec7c hi\u1ec7u qu\u1ea3 h\u01a1n.<\/p>\n<p>&gt; Tr\u01b0\u1edbc khi \u0111i v\u00e0o gi\u1ea5c ng\u1ee7, n\u1ebfu u\u1ed1ng m\u1ed9t c\u1ed1c \ud835\udc12\ud835\udc1c\ud835\udc21\ud835\udc28 \ud835\udc02\ud835\udc21\ud835\udc28\ud835\udc1c\ud835\udc28\ud835\udc25\ud835\udc1a\ud835\udc2d\ud835\udc1e \ud835\udc03\ud835\udc2b\ud835\udc22\ud835\udc27\ud835\udc24 \u1ea5m, \u0111i\u1ec1u \u0111\u00f3 c\u0169ng s\u1ebd gi\u00fap gi\u1ea5c ng\u1ee7 c\u1ee7a ch\u00fang ta \u0111\u01b0\u1ee3c s\u00e2u h\u01a1n.<\/p>\n<p>&gt; Nghi\u00ean c\u1ee9u cho th\u1ea5y nh\u1eefng ng\u01b0\u1eddi th\u01b0\u1eddng xuy\u00ean u\u1ed1ng cacao hi\u1ebfm khi b\u1ecb huy\u1ebft \u00e1p cao v\u00e0 t\u1ef7 l\u1ec7 m\u1eafc b\u1ec7nh ung th\u01b0, b\u1ec7nh tim \u0111\u1ed9t qu\u1ef5 c\u0169ng th\u1ea5p h\u01a1n so v\u1edbi nh\u1eefng ng\u01b0\u1eddi \u00edt u\u1ed1ng ho\u1eb7c kh\u00f4ng bao gi\u1edd u\u1ed1ng.<\/p>\n<p>&gt; C\u00e1c chuy\u00ean gia cho r\u1eb1ng ch\u1ea5t epicatechin c\u00f3 t\u00e1c d\u1ee5ng t\u0103ng c\u01b0\u1eddng s\u1ee9c kh\u1ecfe, tr\u00ed nh\u1edb \u0111\u01b0\u1ee3c minh m\u1eabn h\u01a1n, c\u1ea3i thi\u1ec7n s\u1ef1 l\u01b0u th\u00f4ng m\u00e1u.<\/p>\n<p>&gt; B\u00ean c\u1ea1nh \u0111\u00f3, U\u1ed1ng ca cao h\u00e0ng ng\u00e0y c\u00f3 th\u1ec3 n\u00e2ng cao hi\u1ec7u qu\u1ea3 lao \u0111\u1ed9ng tr\u00ed \u00f3c, gi\u00fap cho ng\u01b0\u1eddi ta nh\u1edb l\u1ea1i nh\u1eefng s\u1ed1 li\u1ec7u tr\u1eafc nghi\u1ec7m v\u1ec1 tr\u00ed nh\u1edb d\u1ec5 d\u00e0ng h\u01a1n, c\u1ea3i thi\u1ec7n \u0111\u01b0\u1ee3c lo\u1ea1i tr\u00ed nh\u1edb kh\u00f4ng gian, v\u00e0 t\u00edch l\u0169y \u0111\u01b0\u1ee3c c\u00e1c th\u00f4ng tin \u0111\u1ec3 ti\u1ebfp t\u1ee5c x\u1eed l\u00fd sau n\u00e0y.<\/p>\n<p>&gt; V\u1edbi 75% l\u00e0 ca cao , 25% l\u00e0 s\u1eefa t\u00e1ch b\u00e9o, ph\u00f9 h\u1ee3p cho c\u00e1c ch\u1ecb\/em trong giai \u0111o\u1ea1n gi\u1ea3m c\u00e2n m\u00e0 v\u1eabn \u0111\u1ee7 n\u0103ng l\u01b0\u1ee3ng cho 1 ng\u00e0y ho\u1ea1t \u0111\u1ed9ng l\u00e0m vi\u1ec7c.<\/p>\n<h3><img loading=\"lazy\" decoding=\"async\" class=\"wp-image-27446 aligncenter\" src=\"https:\/\/havamall.vn\/wp-content\/uploads\/2022\/06\/118397816_175290260791439_7215180335356721748_n-300x157.jpg\" alt=\"\" width=\"716\" height=\"375\" srcset=\"https:\/\/havamall.vn\/wp-content\/uploads\/2022\/06\/118397816_175290260791439_7215180335356721748_n-300x157.jpg 300w, https:\/\/havamall.vn\/wp-content\/uploads\/2022\/06\/118397816_175290260791439_7215180335356721748_n-430x225.jpg 430w, https:\/\/havamall.vn\/wp-content\/uploads\/2022\/06\/118397816_175290260791439_7215180335356721748_n-150x79.jpg 150w, https:\/\/havamall.vn\/wp-content\/uploads\/2022\/06\/118397816_175290260791439_7215180335356721748_n-700x366.jpg 700w, https:\/\/havamall.vn\/wp-content\/uploads\/2022\/06\/118397816_175290260791439_7215180335356721748_n-768x402.jpg 768w, https:\/\/havamall.vn\/wp-content\/uploads\/2022\/06\/118397816_175290260791439_7215180335356721748_n-1024x536.jpg 1024w, https:\/\/havamall.vn\/wp-content\/uploads\/2022\/06\/118397816_175290260791439_7215180335356721748_n.jpg 1200w, https:\/\/havamall.vn\/wp-content\/uploads\/2022\/06\/118397816_175290260791439_7215180335356721748_n-600x314.jpg 600w\" sizes=\"(max-width: 716px) 100vw, 716px\" \/><\/h3>\n<h3><strong>H\u01b0\u1edbng d\u1eabn s\u1eed d\u1ee5ng:<\/strong><\/h3>\n<p>\u2013 V\u1edbi m\u1ed7i g\u00f3i cacao Scho Chocoalte Drink, ng\u01b0\u1eddi d\u00f9ng ch\u1ec9 m\u1ea5t 3 ph\u00fat pha ch\u1ebf. 1 g\u00f3i t\u01b0\u01a1ng \u0111\u01b0\u01a1ng m\u1ed9t b\u1eefa \u0103n nh\u1eb9 ch\u1ee9a 120 calo, gi\u00e0u dinh d\u01b0\u1ee1ng.<\/p>\n<p>\u2013 Pha 100ml, nhi\u1ec7t \u0111\u1ed9 80 \u0111\u1ed9 C l\u00e0 c\u00f3 ngay ly cacao Scho ngon \u0111\u00fang \u0111i\u1ec7u.<\/p>\n<p>\u2013 Ngo\u00e0i ra, cacao Scho c\u00f2n c\u00f3 th\u1ec3 d\u00f9ng \u0111\u1ec3 l\u00e0m c\u00e1c lo\u1ea1i b\u00e1nh ng\u1ecdt nh\u01b0: brownie, truffle, chocolate\u2026 hay s\u1ed1t chocolate, l\u1edbp ph\u1ee7 b\u1ed9t b\u00e1nh ng\u1ecdt.<\/p>\n<p>S\u1ea3n ph\u1ea9m hi\u1ec7n \u0111\u00e3 c\u00f3 m\u1eb7t t\u1ea1i Havamall.<\/p>","protected":false},"excerpt":{"rendered":"<p>Schoko k\u1ebft h\u1ee3p c\u00f9ng t\u1eadp \u0111o\u00e0n Uelzena \u2013 chuy\u00ean gia trong l\u0129nh v\u1ef1c s\u1ea3n xu\u1ea5t s\u1eefa v\u00e0 th\u1ef1c ph\u1ea9m, l\u1ef1a<\/p>","protected":false},"featured_media":27464,"comment_status":"open","ping_status":"closed","template":"","meta":[],"product_brand":[],"product_cat":[36,135],"product_tag":[],"class_list":{"0":"post-27462","1":"product","2":"type-product","3":"status-publish","4":"has-post-thumbnail","6":"product_cat-thuc-pham-tieu-dung","7":"product_cat-sua-do-uong","9":"first","10":"instock","11":"sale","12":"shipping-taxable","13":"purchasable","14":"product-type-simple"},"_links":{"self":[{"href":"https:\/\/havamall.vn\/en\/wp-json\/wp\/v2\/product\/27462"}],"collection":[{"href":"https:\/\/havamall.vn\/en\/wp-json\/wp\/v2\/product"}],"about":[{"href":"https:\/\/havamall.vn\/en\/wp-json\/wp\/v2\/types\/product"}],"replies":[{"embeddable":true,"href":"https:\/\/havamall.vn\/en\/wp-json\/wp\/v2\/comments?post=27462"}],"version-history":[{"count":0,"href":"https:\/\/havamall.vn\/en\/wp-json\/wp\/v2\/product\/27462\/revisions"}],"wp:featuredmedia":[{"embeddable":true,"href":"https:\/\/havamall.vn\/en\/wp-json\/wp\/v2\/media\/27464"}],"wp:attachment":[{"href":"https:\/\/havamall.vn\/en\/wp-json\/wp\/v2\/media?parent=27462"}],"wp:term":[{"taxonomy":"product_brand","embeddable":true,"href":"https:\/\/havamall.vn\/en\/wp-json\/wp\/v2\/product_brand?post=27462"},{"taxonomy":"product_cat","embeddable":true,"href":"https:\/\/havamall.vn\/en\/wp-json\/wp\/v2\/product_cat?post=27462"},{"taxonomy":"product_tag","embeddable":true,"href":"https:\/\/havamall.vn\/en\/wp-json\/wp\/v2\/product_tag?post=27462"}],"curies":[{"name":"wp","href":"https:\/\/api.w.org\/{rel}","templated":true}]}}