{"id":27428,"date":"2022-06-21T10:31:57","date_gmt":"2022-06-21T03:31:57","guid":{"rendered":"https:\/\/havamall.vn\/?post_type=product&#038;p=27428"},"modified":"2022-06-21T10:31:57","modified_gmt":"2022-06-21T03:31:57","slug":"chay-dam-pha-che-cocktail-bar-muddle","status":"publish","type":"product","link":"https:\/\/havamall.vn\/en\/shop\/chay-dam-pha-che-cocktail-bar-muddle\/","title":{"rendered":"Ch\u00e0y D\u1ea7m Pha Ch\u1ebf Cocktail\u2013 Bar muddle"},"content":{"rendered":"<p>Ch\u00e0y d\u1ea7m hoa qu\u1ea3 qu\u1ea7y bar Bartender chuy\u00ean v\u1ec1 pha ch\u1ebf, c\u00f4ng vi\u1ec7c \u0111\u00f2i h\u1ecfi s\u1ef1 linh ho\u1ea1t, kh\u00e9o l\u00e9o v\u00e0 s\u00e1ng t\u1ea1o trong vi\u1ec7c k\u1ebft h\u1ee3p c\u00e1c nguy\u00ean li\u1ec7u \u0111\u1ec3 t\u1ea1o ra c\u00e1c lo\u1ea1i \u0111\u1ed3 u\u1ed1ng m\u1edbi n\u00ean nh\u1eefng d\u1ee5ng c\u1ee5 pha ch\u1ebf \u0111i k\u00e8m h\u1ed7 tr\u1ee3 l\u00e0 v\u00f4 c\u00f9ng quan tr\u1ecdng v\u00e0 c\u1ea7n thi\u1ebft.<\/p>\n<p>Ch\u00e0y D\u1ea7m Pha Ch\u1ebf \u2013 Bar muddle l\u00e0 d\u1ee5ng c\u1ee5 d\u00f9ng \u0111\u1ec3 d\u1ea7m chanh, l\u00e1 h\u00fang l\u1ee7i, cam, tr\u00e1i c\u00e2y\u2026v\u00e0 c\u00e1c th\u00e0nh ph\u1ea7n kh\u00e1c m\u1ed9t c\u00e1ch d\u1ec5 d\u00e0ng trong pha ch\u1ebf bartender gi\u00fap cho ly cocktail c\u1ee7a b\u1ea1n tr\u1edf n\u00ean th\u01a1m ngon v\u00e0 h\u1ea5p d\u1eabn. S\u1ea3n ph\u1ea9m l\u00e0 d\u1ee5ng c\u1ee5 h\u1ed7 tr\u1ee3 kh\u00f4ng th\u1ec3 thi\u1ebfu c\u1ee7a c\u00e1c bartender.<\/p>\n<p><img fetchpriority=\"high\" decoding=\"async\" class=\"wp-image-27436 aligncenter\" src=\"https:\/\/havamall.vn\/wp-content\/uploads\/2022\/06\/chay-d-300x300.png\" alt=\"\" width=\"675\" height=\"675\" srcset=\"https:\/\/havamall.vn\/wp-content\/uploads\/2022\/06\/chay-d-300x300.png 300w, https:\/\/havamall.vn\/wp-content\/uploads\/2022\/06\/chay-d-430x430.png 430w, https:\/\/havamall.vn\/wp-content\/uploads\/2022\/06\/chay-d-150x150.png 150w, https:\/\/havamall.vn\/wp-content\/uploads\/2022\/06\/chay-d-700x700.png 700w, https:\/\/havamall.vn\/wp-content\/uploads\/2022\/06\/chay-d-768x768.png 768w, https:\/\/havamall.vn\/wp-content\/uploads\/2022\/06\/chay-d-600x600.png 600w, https:\/\/havamall.vn\/wp-content\/uploads\/2022\/06\/chay-d-100x100.png 100w, https:\/\/havamall.vn\/wp-content\/uploads\/2022\/06\/chay-d.png 1000w\" sizes=\"(max-width: 675px) 100vw, 675px\" \/><\/p>\n<p>L\u00e0m b\u1ea5t c\u1ee9 ngh\u1ec1 g\u00ec th\u00ec b\u1ea1n c\u0169ng lu\u00f4n ph\u1ea3i c\u00f3 trang thi\u1ebft b\u1ecb h\u1ed7 tr\u1ee3 \u0111\u1ec3 c\u00f3 th\u1ec3 ho\u00e0n th\u00e0nh t\u1ed1t nh\u1ea5t c\u00f4ng vi\u1ec7c c\u1ee7a m\u00ecnh. Bartender chuy\u00ean v\u1ec1 pha ch\u1ebf, c\u00f4ng vi\u1ec7c \u0111\u00f2i h\u1ecfi s\u1ef1 linh ho\u1ea1t, kh\u00e9o l\u00e9o v\u00e0 s\u00e1ng t\u1ea1o trong vi\u1ec7c k\u1ebft h\u1ee3p c\u00e1c nguy\u00ean v\u1eadt li\u1ec7u \u0111\u1ec3 t\u1ea1o ra c\u00e1c lo\u1ea1i n\u01b0\u1edbc u\u1ed1ng m\u1edbi n\u00ean nh\u1eefng d\u1ee5ng c\u1ee5 pha ch\u1ebf \u0111i k\u00e8m \u0111\u1ec3 h\u1ed7 tr\u1ee3 l\u00e0 v\u00f4 c\u00f9ng quan tr\u1ecdng, m\u1ed9t trong nh\u1eefng d\u1ee5ng c\u1ee5 kh\u00f4ng th\u1ec3 thi\u1ebfu c\u1ee7a b\u1ea5t k\u1ef3 bartender n\u00e0o \u0111\u00f3 l\u00e0 Ch\u00e0y D\u1ea7m Pha Ch\u1ebf \u2013 Bar muddler.<\/p>\n<p><img decoding=\"async\" class=\"wp-image-27437 aligncenter\" src=\"https:\/\/havamall.vn\/wp-content\/uploads\/2022\/06\/6e68ffe2a2ea84ada2-300x300.png\" alt=\"\" width=\"677\" height=\"677\" srcset=\"https:\/\/havamall.vn\/wp-content\/uploads\/2022\/06\/6e68ffe2a2ea84ada2-300x300.png 300w, https:\/\/havamall.vn\/wp-content\/uploads\/2022\/06\/6e68ffe2a2ea84ada2-430x430.png 430w, https:\/\/havamall.vn\/wp-content\/uploads\/2022\/06\/6e68ffe2a2ea84ada2-150x150.png 150w, https:\/\/havamall.vn\/wp-content\/uploads\/2022\/06\/6e68ffe2a2ea84ada2-700x700.png 700w, https:\/\/havamall.vn\/wp-content\/uploads\/2022\/06\/6e68ffe2a2ea84ada2-768x768.png 768w, https:\/\/havamall.vn\/wp-content\/uploads\/2022\/06\/6e68ffe2a2ea84ada2-600x600.png 600w, https:\/\/havamall.vn\/wp-content\/uploads\/2022\/06\/6e68ffe2a2ea84ada2-100x100.png 100w, https:\/\/havamall.vn\/wp-content\/uploads\/2022\/06\/6e68ffe2a2ea84ada2.png 1000w\" sizes=\"(max-width: 677px) 100vw, 677px\" \/><\/p>\n<p>Ch\u00e0y d\u1ea7m pha ch\u1ebf s\u1edf h\u1eefu thi\u1ebft k\u1ebf \u0111\u1eb9p m\u1eaft v\u1edbi c\u00e1n c\u1ea7m b\u1eb1ng th\u00e9p kh\u00f4ng g\u1ec9, s\u00e1ng b\u00f3ng v\u00e0 thon g\u1ecdn mang l\u1ea1i s\u1ef1 tho\u1ea3i m\u00e1i khi s\u1eed d\u1ee5ng. Ph\u1ea7n \u0111\u1ea7u ch\u00e0y d\u1ea7m \u0111\u01b0\u1ee3c thi\u1ebft k\u1ebf c\u00f3 nhi\u1ec1u r\u1ea3nh nh\u1ecf ho\u1eb7c h\u1ea1t nh\u1ecf, l\u00e0m b\u1eb1ng nh\u1ef1a cao c\u1ea5p kh\u00f4ng b\u1ecb \u0103n m\u00f2n, kh\u00f4ng ch\u1ee9a ch\u1ea5t \u0111\u1ed9c h\u1ea1i.<\/p>\n<p>V\u1edbi thi\u1ebft k\u1ebf ki\u1ec3u d\u00e1ng nh\u1ecf g\u1ecdn, ch\u1ea5t li\u1ec7u inox cao c\u1ea5p v\u00e0 nh\u1ef1a n\u00ean vi\u1ec7c v\u1ec7 sinh r\u1ea5t d\u1ec5 d\u00e0ng v\u00e0 nhanh ch\u00f3ng sau khi d\u00f9ng. S\u1ea3n ph\u1ea9m n\u00e0y kh\u00f4ng ch\u1ec9 \u0111\u01b0\u1ee3c s\u1eed d\u1ee5ng t\u1ea1i c\u00e1c nh\u00e0 h\u00e0ng, kh\u00e1ch s\u1ea1n n\u1ed5i ti\u1ebfng m\u00e0 b\u1ea1n c\u0169ng c\u00f3 th\u1ec3 d\u00f9ng ch\u00fang trong sinh ho\u1ea1t gia \u0111\u00ecnh, c\u00e1c qu\u00e1n cafe \u0111\u1ec1u r\u1ea5t ph\u00f9 h\u1ee3p.<\/p>\n<p><img decoding=\"async\" class=\"wp-image-27438 aligncenter\" src=\"https:\/\/havamall.vn\/wp-content\/uploads\/2022\/06\/chay1-300x300.png\" alt=\"\" width=\"685\" height=\"685\" srcset=\"https:\/\/havamall.vn\/wp-content\/uploads\/2022\/06\/chay1-300x300.png 300w, https:\/\/havamall.vn\/wp-content\/uploads\/2022\/06\/chay1-430x430.png 430w, https:\/\/havamall.vn\/wp-content\/uploads\/2022\/06\/chay1-150x150.png 150w, https:\/\/havamall.vn\/wp-content\/uploads\/2022\/06\/chay1-700x700.png 700w, https:\/\/havamall.vn\/wp-content\/uploads\/2022\/06\/chay1-768x768.png 768w, https:\/\/havamall.vn\/wp-content\/uploads\/2022\/06\/chay1-600x600.png 600w, https:\/\/havamall.vn\/wp-content\/uploads\/2022\/06\/chay1-100x100.png 100w, https:\/\/havamall.vn\/wp-content\/uploads\/2022\/06\/chay1.png 1000w\" sizes=\"(max-width: 685px) 100vw, 685px\" \/><\/p>\n<p>C\u00e2y d\u1ea7m pha ch\u1ebf inox l\u00e0 m\u1ed9t trong nh\u1eefng d\u1ee5ng c\u1ee5 nh\u1ecf xinh kh\u00f4ng th\u1ec3 thi\u1ebfu trong b\u1ed9 d\u1ee5ng c\u1ee5 pha ch\u1ebf l\u00e0 c\u00e2y d\u1ea7m pha ch\u1ebf inox \u2013 Bar Muddle<\/p>\n<h3><strong>\u0110\u1eb7c \u0111i\u1ec3m n\u1ed5i b\u1eadt c\u1ee7a s\u1ea3n ph\u1ea9m:<\/strong><\/h3>\n<p>&#8211; C\u00e2y d\u1ea7m pha ch\u1ebf inox<\/p>\n<p>&#8211; D\u00f9ng \u0111\u1ec3 d\u1ea7m m\u1ed9t s\u1ed1 lo\u1ea1i nguy\u00ean li\u1ec7u nh\u01b0 chanh, cam, tr\u00e1i c\u00e2y.<\/p>\n<p>&#8211; Inox ch\u1ed1ng va \u0111\u1eadp n\u00ean c\u00f3 \u0111\u1ed9 b\u1ec1n cao, ch\u1ed1ng han g\u1ec9 n\u00ean an to\u00e0n cho s\u1ee9c kh\u1ecfe.<\/p>\n<p>&#8211; Ph\u1ea7n \u0111\u1ea7u \u0111\u01b0\u1ee3c thi\u1ebft k\u1ebf c\u00f3 nhi\u1ec1u r\u00e3nh nh\u1ecf ho\u1eb7c h\u1ea1t nh\u1ecf, l\u00e0m b\u1eb1ng nh\u1ef1a cao c\u1ea5p kh\u00f4ng b\u1ecb \u0103n m\u00f2n, kh\u00f4ng ch\u1ee9a ch\u1ea5t \u0111\u1ed9c h\u1ea1i d\u00f9ng gi\u00fap d\u1ea7m nh\u1ecf hoa qu\u1ea3 nhanh h\u01a1n, \u0111\u1ec1u h\u01a1n.<\/p>\n<p><img loading=\"lazy\" decoding=\"async\" class=\"wp-image-27439 aligncenter\" src=\"https:\/\/havamall.vn\/wp-content\/uploads\/2022\/06\/chay-300x300.png\" alt=\"\" width=\"704\" height=\"704\" srcset=\"https:\/\/havamall.vn\/wp-content\/uploads\/2022\/06\/chay-300x300.png 300w, https:\/\/havamall.vn\/wp-content\/uploads\/2022\/06\/chay-430x430.png 430w, https:\/\/havamall.vn\/wp-content\/uploads\/2022\/06\/chay-150x150.png 150w, https:\/\/havamall.vn\/wp-content\/uploads\/2022\/06\/chay-700x700.png 700w, https:\/\/havamall.vn\/wp-content\/uploads\/2022\/06\/chay-768x768.png 768w, https:\/\/havamall.vn\/wp-content\/uploads\/2022\/06\/chay-600x600.png 600w, https:\/\/havamall.vn\/wp-content\/uploads\/2022\/06\/chay-100x100.png 100w, https:\/\/havamall.vn\/wp-content\/uploads\/2022\/06\/chay.png 1000w\" sizes=\"(max-width: 704px) 100vw, 704px\" \/><\/p>","protected":false},"excerpt":{"rendered":"<p>Ch\u00e0y d\u1ea7m hoa qu\u1ea3 qu\u1ea7y bar Bartender chuy\u00ean v\u1ec1 pha ch\u1ebf, c\u00f4ng vi\u1ec7c \u0111\u00f2i h\u1ecfi s\u1ef1 linh ho\u1ea1t, kh\u00e9o l\u00e9o<\/p>","protected":false},"featured_media":27440,"comment_status":"open","ping_status":"closed","template":"","meta":[],"product_brand":[],"product_cat":[393,35],"product_tag":[],"class_list":{"0":"post-27428","1":"product","2":"type-product","3":"status-publish","4":"has-post-thumbnail","6":"product_cat-bep-phong-an","7":"product_cat-nha-cua-doi-song","9":"first","10":"instock","11":"sale","12":"shipping-taxable","13":"purchasable","14":"product-type-simple"},"_links":{"self":[{"href":"https:\/\/havamall.vn\/en\/wp-json\/wp\/v2\/product\/27428"}],"collection":[{"href":"https:\/\/havamall.vn\/en\/wp-json\/wp\/v2\/product"}],"about":[{"href":"https:\/\/havamall.vn\/en\/wp-json\/wp\/v2\/types\/product"}],"replies":[{"embeddable":true,"href":"https:\/\/havamall.vn\/en\/wp-json\/wp\/v2\/comments?post=27428"}],"version-history":[{"count":0,"href":"https:\/\/havamall.vn\/en\/wp-json\/wp\/v2\/product\/27428\/revisions"}],"wp:featuredmedia":[{"embeddable":true,"href":"https:\/\/havamall.vn\/en\/wp-json\/wp\/v2\/media\/27440"}],"wp:attachment":[{"href":"https:\/\/havamall.vn\/en\/wp-json\/wp\/v2\/media?parent=27428"}],"wp:term":[{"taxonomy":"product_brand","embeddable":true,"href":"https:\/\/havamall.vn\/en\/wp-json\/wp\/v2\/product_brand?post=27428"},{"taxonomy":"product_cat","embeddable":true,"href":"https:\/\/havamall.vn\/en\/wp-json\/wp\/v2\/product_cat?post=27428"},{"taxonomy":"product_tag","embeddable":true,"href":"https:\/\/havamall.vn\/en\/wp-json\/wp\/v2\/product_tag?post=27428"}],"curies":[{"name":"wp","href":"https:\/\/api.w.org\/{rel}","templated":true}]}}