{"id":27417,"date":"2022-06-20T16:36:09","date_gmt":"2022-06-20T09:36:09","guid":{"rendered":"https:\/\/havamall.vn\/?post_type=product&#038;p=27417"},"modified":"2022-12-02T15:25:04","modified_gmt":"2022-12-02T08:25:04","slug":"tamper-ocd-2-dau-tich-hop-size-51mm-nen-dan-bot-tu-on-dinh-cho-espresso","status":"publish","type":"product","link":"https:\/\/havamall.vn\/en\/shop\/tamper-ocd-2-dau-tich-hop-size-51mm-nen-dan-bot-tu-on-dinh-cho-espresso\/","title":{"rendered":"Tamper OCD 2 \u0110\u1ea7u T\u00edch H\u1ee3p N\u00e9n &amp; D\u00e0n B\u1ed9t T\u1ef1 \u1ed4n \u0110\u1ecbnh Cho Espresso Size 51\/53\/58mm"},"content":{"rendered":"<p>Tamper OCD l\u00e0 v\u1eadt d\u1ee5ng c\u1ea7n thi\u1ebft \u0111\u1ec3 pha m\u1ed9t c\u1ed1c espresso ngon chu\u1ea9n. \u0110\u1ec3 m\u00e1y c\u00e0 ph\u00ea t\u1ea1o ra \u00e1p su\u1ea5t t\u1ed1t nh\u1ea5t, th\u00ec l\u01b0\u1ee3ng c\u00e0 ph\u00ea trong basket ph\u1ea3i \u0111\u1ed3ng \u0111\u1ec1u, n\u1ebfu kh\u00f4ng, l\u01b0\u1ee3ng n\u01b0\u1edbc chi\u1ebft xu\u1ea5t s\u1ebd ch\u1ec9 t\u1eadp trung v\u00e0o m\u1ed9t v\u00e0i \u0111i\u1ec3m y\u1ebfu nh\u1ea5t trong b\u00e1nh c\u00e0 ph\u00ea d\u1eabn \u0111\u1ebfn espresso \u0111\u1ea7u ra kh\u00f4ng ngon v\u00e0 c\u00e2n b\u1eb1ng v\u1ecb. D\u1ee5ng c\u1ee5 ph\u00e2n b\u1ed5 c\u00e0 ph\u00ea s\u1ebd gi\u00fap b\u1ea1n \u0111i\u1ec1u \u0111\u00f3.<\/p>\n<p><img fetchpriority=\"high\" decoding=\"async\" class=\"wp-image-27418 aligncenter\" src=\"https:\/\/havamall.vn\/wp-content\/uploads\/2022\/06\/8a9435d834db-300x300.png\" alt=\"\" width=\"677\" height=\"677\" srcset=\"https:\/\/havamall.vn\/wp-content\/uploads\/2022\/06\/8a9435d834db-300x300.png 300w, https:\/\/havamall.vn\/wp-content\/uploads\/2022\/06\/8a9435d834db-430x430.png 430w, https:\/\/havamall.vn\/wp-content\/uploads\/2022\/06\/8a9435d834db-150x150.png 150w, https:\/\/havamall.vn\/wp-content\/uploads\/2022\/06\/8a9435d834db-700x700.png 700w, https:\/\/havamall.vn\/wp-content\/uploads\/2022\/06\/8a9435d834db-768x768.png 768w, https:\/\/havamall.vn\/wp-content\/uploads\/2022\/06\/8a9435d834db-1024x1024.png 1024w, https:\/\/havamall.vn\/wp-content\/uploads\/2022\/06\/8a9435d834db.png 1200w, https:\/\/havamall.vn\/wp-content\/uploads\/2022\/06\/8a9435d834db-600x600.png 600w, https:\/\/havamall.vn\/wp-content\/uploads\/2022\/06\/8a9435d834db-100x100.png 100w\" sizes=\"(max-width: 677px) 100vw, 677px\" \/><\/p>\n<p>Ch\u1ea5t li\u1ec7u b\u1eb1ng th\u00e9p c\u1ea7m r\u1ea5t \u0111\u1ea7m tay, s\u1ea3n ph\u1ea9m c\u00f3c 3 c\u1ea1nh t\u00e1c d\u1ee5ng tr\u00e0n r\u1ea3i \u0111\u1ec1u c\u00e0 ph\u00ea b\u00ean trong. R\u1ea5t \u0111\u01a1n gi\u1ea3n, b\u1ea1n ch\u1ec9 c\u1ea7n ch\u1ecdn m\u1ed9t chi\u1ebfc coffee distributor v\u1eeba v\u1eb7n v\u1edbi basket c\u1ee7a b\u1ea1n, \u00fap l\u00ean tr\u00ean m\u1eb7t, d\u1ee5ng c\u1ee5 s\u1ebd t\u1ef1 \u0111\u1ed9ng kh\u1edbp v\u1edbi khay r\u1ed3i xoay v\u00e0i v\u00f2ng.<\/p>\n<p>Tamper OCD 2 \u0111\u1ea7u t\u00edch 1 \u0111\u1ea7u t\u00edch h\u1ee3p gi\u1ea3i quy\u1ebft h\u1ea7u h\u1ebft c\u00e1c v\u1ea5n \u0111\u1ec1,\u00a0 1 \u0111\u1ea7u OCD d\u00e0n \u0111\u1ec1u b\u1ed9t ch\u1ec9 v\u1edbi v\u00e0i v\u00f2ng xoay, 1 \u0111\u1ea7u Tamper v\u1edbi th\u00e0nh d\u00e0y, t\u1ea1o m\u1eb7t ph\u1eb3ng t\u1ed1t nh\u1ea5t cho b\u00e1nh c\u00e0 ph\u00ea.<\/p>\n<p><img decoding=\"async\" class=\"wp-image-27419 aligncenter\" src=\"https:\/\/havamall.vn\/wp-content\/uploads\/2022\/06\/61TnNVsjZsL-300x300.png\" alt=\"\" width=\"677\" height=\"677\" srcset=\"https:\/\/havamall.vn\/wp-content\/uploads\/2022\/06\/61TnNVsjZsL-300x300.png 300w, https:\/\/havamall.vn\/wp-content\/uploads\/2022\/06\/61TnNVsjZsL-430x430.png 430w, https:\/\/havamall.vn\/wp-content\/uploads\/2022\/06\/61TnNVsjZsL-150x150.png 150w, https:\/\/havamall.vn\/wp-content\/uploads\/2022\/06\/61TnNVsjZsL-700x700.png 700w, https:\/\/havamall.vn\/wp-content\/uploads\/2022\/06\/61TnNVsjZsL-768x768.png 768w, https:\/\/havamall.vn\/wp-content\/uploads\/2022\/06\/61TnNVsjZsL-600x600.png 600w, https:\/\/havamall.vn\/wp-content\/uploads\/2022\/06\/61TnNVsjZsL-100x100.png 100w, https:\/\/havamall.vn\/wp-content\/uploads\/2022\/06\/61TnNVsjZsL.png 1000w\" sizes=\"(max-width: 677px) 100vw, 677px\" \/><\/p>\n<p><strong style=\"color: #1b1919;font-family: Karla, Arial, Helvetica, sans-serif;font-size: 22px\">\u01afu \u0111i\u1ec3m c\u1ee7a s\u1ea3n ph\u1ea9m:<\/strong><\/p>\n<p>&#8211; C\u00f3 hai t\u00ednh n\u0103ng n\u00e9n v\u00e0 d\u00e0n b\u1ed9t c\u00e0 ph\u00ea.<\/p>\n<p>&#8211; T\u1ea1o ra nh\u1eefng t\u00e1ch Espresso \u0111\u1ed3ng nh\u1ea5t.<\/p>\n<p>&#8211; \u0110\u01a1n gi\u1ea3n, d\u1ec5 s\u1eed d\u1ee5ng gi\u00fap b\u1ea1n c\u00f3 l\u1ef1c n\u00e9n ch\u00ednh x\u00e1c v\u00e0 \u0111\u1ed3ng nh\u1ea5t gi\u1eefa c\u00e1c barista =&gt; \u0111a ph\u1ea7n ch\u1ea5t l\u01b0\u1ee3ng m\u1ecdi t\u00e1ch espresso s\u1ebd nh\u01b0 nhau d\u00f9 cho barista l\u00e0 ai \u0111i ch\u0103ng n\u1eefa.<\/p>\n<p>&#8211; Lo\u1ea1i b\u1ecf r\u1ee7i ro c\u1ee7a s\u1ef1 thi\u1ebfu ch\u00ednh x\u00e1c khi n\u00e9n c\u00e0 ph\u00ea v\u00e0o c\u00e1c gi\u1edd cao \u0111i\u1ec3m<\/p>\n<p>&#8211; D\u1ec5 d\u00e0ng tinh ch\u1ec9nh \u0111\u1ed9 s\u00e2u: V\u1edbi thi\u1ebft k\u1ebf \u0111\u01a1n gi\u1ea3n theo c\u01a1 ch\u1ebf v\u1eb7n xo\u1eafn c\u1ee7a \u0111inh v\u00edt, b\u1ea1n c\u00f3 th\u1ec3 d\u1ec5 d\u00e0ng tinh ch\u1ec9nh \u0111\u1ed9 s\u00e2u c\u1ee7a puck tamper nhanh ch\u00f3ng \u0111\u1ec3 ph\u00f9 h\u1ee3p v\u1edbi \u0111\u1ecbnh l\u01b0\u1ee3ng, \u0111\u1ed9 m\u1ecbn b\u1ed9t cafe c\u1ee7a b\u1ea1n.<\/p>\n<p><img decoding=\"async\" class=\"wp-image-27420 aligncenter\" src=\"https:\/\/havamall.vn\/wp-content\/uploads\/2022\/06\/09dc6c71e2-300x253.png\" alt=\"\" width=\"693\" height=\"584\" srcset=\"https:\/\/havamall.vn\/wp-content\/uploads\/2022\/06\/09dc6c71e2-300x253.png 300w, https:\/\/havamall.vn\/wp-content\/uploads\/2022\/06\/09dc6c71e2-430x363.png 430w, https:\/\/havamall.vn\/wp-content\/uploads\/2022\/06\/09dc6c71e2-150x127.png 150w, https:\/\/havamall.vn\/wp-content\/uploads\/2022\/06\/09dc6c71e2-700x591.png 700w, https:\/\/havamall.vn\/wp-content\/uploads\/2022\/06\/09dc6c71e2.png 1024w, https:\/\/havamall.vn\/wp-content\/uploads\/2022\/06\/09dc6c71e2-600x507.png 600w\" sizes=\"(max-width: 693px) 100vw, 693px\" \/><\/p>\n<h3><strong>H\u01b0\u1edbng d\u1eabn s\u1eed d\u1ee5ng:<\/strong><\/h3>\n<p>&gt; \u0110\u1ea7u ti\u00ean b\u1ea1n x\u00e1c \u0111\u1ecbnh l\u01b0\u1ee3ng b\u1ed9t \u2013 \u0111\u1ed9 m\u1ecbn c\u00e0 ph\u00ea mong mu\u1ed1n v\u00e0 xay c\u00e0 ph\u00ea v\u00e0o portafilter<\/p>\n<p>&gt; N\u00e9n c\u00e0 ph\u00ea\u00a0espresso \u0111\u00fang k\u1ef9 thu\u1eadt \u2013 \u0111\u00fang chu\u1ea9n c\u1ee7a b\u1ea1n<\/p>\n<p>&gt; V\u1eb7n l\u1ecfng Tamper OCD v\u00e0 x\u00e1c \u0111\u1ecbnh \u0111\u1ed9 s\u00e2u mong mu\u1ed1n c\u1ee7a ph\u1ea7n \u0111\u1ebf sao cho \u0111\u1ed9 s\u00e2u n\u00e0y ph\u00f9 h\u1ee3p v\u1edbi \u0111\u1ed9 cao mong mu\u1ed1n c\u1ee7a l\u01b0\u1ee3ng c\u00e0 ph\u00ea \u0111\u00e3 \u0111\u01b0\u1ee3c n\u00e9n trong portafilter<\/p>\n<p>&gt; Tamper OCD l\u00e0m vi\u1ec7c t\u1ed1t nh\u1ea5t n\u1ebfu n\u00f3 qu\u00e9t g\u1ecdn v\u00e0 ph\u1eb3ng b\u1ec1 m\u1eb7t c\u00e0 ph\u00ea, ph\u00e2n b\u1ed5 l\u1ea1i nh\u1eefng ph\u1ea7n b\u1ec1 m\u1eb7t l\u1ed3i \u2013 l\u00f5m, nh\u01b0ng kh\u00f4ng c\u00e0o nhi\u1ec1u v\u00e0o ph\u1ea7n b\u1ed9t c\u00e0 ph\u00ea \u0111\u00e3 n\u00e9n<\/p>\n<p>&gt; M\u1ed9t khi b\u1ea1n thi\u1ebft l\u1eadp \u0111\u01b0\u1ee3c \u0111\u1ed9 s\u00e2u mong mu\u1ed1n c\u1ee7a tamper OCD, xoay 2 n\u1eafp tr\u00f2n ph\u1ea7n tay c\u1ea7m l\u1ea1i v\u1edbi nhau \u0111\u1ec3 kh\u00f3a n\u00f3<\/p>\n<p>&gt; H\u00e3y nh\u1edb \u0111i\u1ec1u ch\u1ec9nh l\u1ea1i\u00a0tamper OCD n\u1ebfu b\u1ea1n thay \u0111\u1ed5i kh\u1ed1i l\u01b0\u1ee3ng ho\u1eb7c \u0111\u1ed9 m\u1ecbn c\u1ee7a b\u1ed9t c\u00e0 ph\u00ea trong gi\u1ecf l\u1ecdc portafilter<\/p>\n<p>S\u1ea3n ph\u1ea9m hi\u1ec7n \u0111\u00e3 c\u00f3 m\u1eb7t t\u1ea1i Havamall.<\/p>\n<p><img loading=\"lazy\" decoding=\"async\" class=\"wp-image-27421 aligncenter\" src=\"https:\/\/havamall.vn\/wp-content\/uploads\/2022\/06\/31e38acb9-300x263.png\" alt=\"\" width=\"704\" height=\"617\" srcset=\"https:\/\/havamall.vn\/wp-content\/uploads\/2022\/06\/31e38acb9-300x263.png 300w, https:\/\/havamall.vn\/wp-content\/uploads\/2022\/06\/31e38acb9-430x376.png 430w, https:\/\/havamall.vn\/wp-content\/uploads\/2022\/06\/31e38acb9-150x131.png 150w, https:\/\/havamall.vn\/wp-content\/uploads\/2022\/06\/31e38acb9-700x613.png 700w, https:\/\/havamall.vn\/wp-content\/uploads\/2022\/06\/31e38acb9-768x672.png 768w, https:\/\/havamall.vn\/wp-content\/uploads\/2022\/06\/31e38acb9-600x525.png 600w, https:\/\/havamall.vn\/wp-content\/uploads\/2022\/06\/31e38acb9.png 960w\" sizes=\"(max-width: 704px) 100vw, 704px\" \/><\/p>","protected":false},"excerpt":{"rendered":"<p>Tamper OCD l\u00e0 v\u1eadt d\u1ee5ng c\u1ea7n thi\u1ebft \u0111\u1ec3 pha m\u1ed9t c\u1ed1c espresso ngon chu\u1ea9n. \u0110\u1ec3 m\u00e1y c\u00e0 ph\u00ea t\u1ea1o ra<\/p>","protected":false},"featured_media":27422,"comment_status":"open","ping_status":"closed","template":"","meta":[],"product_brand":[],"product_cat":[393,35],"product_tag":[],"class_list":{"0":"post-27417","1":"product","2":"type-product","3":"status-publish","4":"has-post-thumbnail","6":"product_cat-bep-phong-an","7":"product_cat-nha-cua-doi-song","9":"first","10":"instock","11":"sale","12":"shipping-taxable","13":"purchasable","14":"product-type-variable"},"_links":{"self":[{"href":"https:\/\/havamall.vn\/en\/wp-json\/wp\/v2\/product\/27417"}],"collection":[{"href":"https:\/\/havamall.vn\/en\/wp-json\/wp\/v2\/product"}],"about":[{"href":"https:\/\/havamall.vn\/en\/wp-json\/wp\/v2\/types\/product"}],"replies":[{"embeddable":true,"href":"https:\/\/havamall.vn\/en\/wp-json\/wp\/v2\/comments?post=27417"}],"version-history":[{"count":0,"href":"https:\/\/havamall.vn\/en\/wp-json\/wp\/v2\/product\/27417\/revisions"}],"wp:featuredmedia":[{"embeddable":true,"href":"https:\/\/havamall.vn\/en\/wp-json\/wp\/v2\/media\/27422"}],"wp:attachment":[{"href":"https:\/\/havamall.vn\/en\/wp-json\/wp\/v2\/media?parent=27417"}],"wp:term":[{"taxonomy":"product_brand","embeddable":true,"href":"https:\/\/havamall.vn\/en\/wp-json\/wp\/v2\/product_brand?post=27417"},{"taxonomy":"product_cat","embeddable":true,"href":"https:\/\/havamall.vn\/en\/wp-json\/wp\/v2\/product_cat?post=27417"},{"taxonomy":"product_tag","embeddable":true,"href":"https:\/\/havamall.vn\/en\/wp-json\/wp\/v2\/product_tag?post=27417"}],"curies":[{"name":"wp","href":"https:\/\/api.w.org\/{rel}","templated":true}]}}