{"id":27406,"date":"2022-06-20T15:07:39","date_gmt":"2022-06-20T08:07:39","guid":{"rendered":"https:\/\/havamall.vn\/?post_type=product&#038;p=27406"},"modified":"2022-11-15T09:36:26","modified_gmt":"2022-11-15T02:36:26","slug":"tamper-nen-cafe-espresso-can-go-51-53-58mm-coffee-tamper","status":"publish","type":"product","link":"https:\/\/havamall.vn\/en\/shop\/tamper-nen-cafe-espresso-can-go-51-53-58mm-coffee-tamper\/","title":{"rendered":"Tamper N\u00e9n Cafe Espresso C\u00e1n G\u1ed7 51\/53\/58mm &#8211; Coffee tamper"},"content":{"rendered":"<p>\u0110\u1ec3 pha C\u00e0 Ph\u00ea Espresso th\u00ec Tamper d\u01b0\u1eddng nh\u01b0 l\u00e0 v\u1eadt d\u1ee5ng kh\u00f4ng th\u1ec3 thi\u1ebfu. Tamper c\u00f3 t\u00e1c d\u1ee5ng n\u00e9n c\u00e0 ph\u00ea trong basket th\u00e0nh m\u1ed9t kh\u1ed1i th\u1ed1ng nh\u1ea5t gi\u00fap \u00e1p su\u1ea5t n\u01b0\u1edbc t\u1eeb m\u00e1y \u0111i qua c\u00e0 ph\u00ea \u0111\u1ec1u v\u00e0 \u1ed5n \u0111\u1ecbnh, c\u00e0 ph\u00ea trong basket s\u1ebd kh\u00f4ng b\u1ecb \u00e1p l\u1ef1c n\u01b0\u1edbc l\u00e0m cho x\u00e1o tr\u1ed9n.<\/p>\n<p>M\u1ed9t ng\u01b0\u1eddi pha C\u00e0 Ph\u00ea Espresso gi\u1ecfi lu\u00f4n ph\u1ea3i bi\u1ebft d\u00f9ng Tamper th\u00e0nh th\u1ea1o nh\u1ea5t sao cho kh\u1ed1i c\u00e0 ph\u00ea lu\u00f4n lu\u00f4n c\u00e2n b\u1eb1ng v\u00e0 \u0111\u1ed9 n\u00e9n ph\u00f9 h\u1ee3p. Dung c\u1ee5 Tamper v\u1edbi m\u1eb7t \u0111\u01b0\u1ee3c l\u00e0m b\u1eb1ng th\u00e9p kh\u00f4ng r\u1ec9, \u0111\u01b0\u1ee3c v\u00e1t m\u1ecbn v\u00e0 ph\u1eb3ng tuy\u1ec7t \u0111\u1ed1i. Tay c\u1ea7m g\u1ed7 v\u1eeba tay, gi\u00fap c\u1ea3m gi\u00e1c c\u1ea7m n\u1eafm t\u1ed1t v\u00e0 t\u1ea1o l\u1ef1c \u0111\u1ed3ng \u0111\u1ec1u.<\/p>\n<p><img fetchpriority=\"high\" decoding=\"async\" class=\"wp-image-27407 aligncenter\" src=\"https:\/\/havamall.vn\/wp-content\/uploads\/2022\/06\/Wooden-Coffee-Tamper-Holder-Tamping-300x300.png\" alt=\"\" width=\"669\" height=\"669\" srcset=\"https:\/\/havamall.vn\/wp-content\/uploads\/2022\/06\/Wooden-Coffee-Tamper-Holder-Tamping-300x300.png 300w, https:\/\/havamall.vn\/wp-content\/uploads\/2022\/06\/Wooden-Coffee-Tamper-Holder-Tamping-430x430.png 430w, https:\/\/havamall.vn\/wp-content\/uploads\/2022\/06\/Wooden-Coffee-Tamper-Holder-Tamping-150x150.png 150w, https:\/\/havamall.vn\/wp-content\/uploads\/2022\/06\/Wooden-Coffee-Tamper-Holder-Tamping-700x700.png 700w, https:\/\/havamall.vn\/wp-content\/uploads\/2022\/06\/Wooden-Coffee-Tamper-Holder-Tamping-768x768.png 768w, https:\/\/havamall.vn\/wp-content\/uploads\/2022\/06\/Wooden-Coffee-Tamper-Holder-Tamping-600x600.png 600w, https:\/\/havamall.vn\/wp-content\/uploads\/2022\/06\/Wooden-Coffee-Tamper-Holder-Tamping-100x100.png 100w, https:\/\/havamall.vn\/wp-content\/uploads\/2022\/06\/Wooden-Coffee-Tamper-Holder-Tamping.png 1000w\" sizes=\"(max-width: 669px) 100vw, 669px\" \/><\/p>\n<p>B\u1ea1n mu\u1ed1n t\u1ea1o ra nh\u1eefng t\u00e1ch espresso \u0111\u00fang chu\u1ea9n? N\u1ebfu th\u1ebf, \u0111\u1eebng n\u00ean b\u1ecf qua chi\u1ebfc tamper ch\u1eafc ch\u1eafn v\u00e0 b\u1ec1n \u0111\u1eb9p n\u00e0y. N\u00f3 gi\u00fap t\u1ea1o ra m\u1ed9t l\u1ef1c n\u00e9n tuy\u1ec7t v\u1eddi l\u00ean c\u00e0 ph\u00ea b\u00ean trong portafilter v\u00e0 g\u00f3p ph\u1ea7n quan tr\u1ecdng trong vi\u1ec7c gi\u00fap c\u00e0 ph\u00ea \u0111\u01b0\u1ee3c chi\u1ebft xu\u1ea5t ra nhi\u1ec1u nh\u1ea5t v\u00e0 th\u01a1m ngon nh\u1ea5t. Tamper c\u00e0ng n\u1eb7ng th\u00ec l\u1ef1c n\u00e9n c\u1ee7a barista c\u00e0ng \u00edt.<\/p>\n<p><img decoding=\"async\" class=\"wp-image-27408 aligncenter\" src=\"https:\/\/havamall.vn\/wp-content\/uploads\/2022\/06\/1b9bdad9cf-300x243.png\" alt=\"\" width=\"679\" height=\"550\" srcset=\"https:\/\/havamall.vn\/wp-content\/uploads\/2022\/06\/1b9bdad9cf-300x243.png 300w, https:\/\/havamall.vn\/wp-content\/uploads\/2022\/06\/1b9bdad9cf-430x348.png 430w, https:\/\/havamall.vn\/wp-content\/uploads\/2022\/06\/1b9bdad9cf-150x121.png 150w, https:\/\/havamall.vn\/wp-content\/uploads\/2022\/06\/1b9bdad9cf-700x567.png 700w, https:\/\/havamall.vn\/wp-content\/uploads\/2022\/06\/1b9bdad9cf-600x486.png 600w, https:\/\/havamall.vn\/wp-content\/uploads\/2022\/06\/1b9bdad9cf.png 736w\" sizes=\"(max-width: 679px) 100vw, 679px\" \/><\/p>\n<p>Nhi\u1ec7m v\u1ee5 ch\u00ednh c\u1ee7a thao t\u00e1c Tamper l\u00e0 lo\u1ea1i b\u1ecf nh\u1eefng kho\u1ea3ng kh\u00f4ng gian th\u1eeba v\u00e0 cho b\u1ed9t c\u00e0 ph\u00ea trong basket ch\u1eb7t h\u01a1n, t\u1ea1o ra 1 l\u1ef1c c\u1ea3n \u0111\u1ed3ng \u0111\u1ec1u tr\u00ean to\u00e0n kh\u1ed1i c\u00e0 ph\u00ea b\u1ed9t tr\u01b0\u1edbc \u00e1p su\u1ea5t r\u1ea5t l\u1edbn t\u1eeb m\u00e1y pha gi\u00fap chi\u1ebft xu\u1ea5t \u0111\u1ec1u h\u01a1n.<\/p>\n<p>Tamper l\u00e0 c\u00f4ng c\u1ee5 h\u1ed7 tr\u1ee3 cho barista trong pha ch\u1ebf, tay c\u1ea7m \u0111\u01b0\u1ee3c ch\u1ebf t\u1ea1o b\u1edfi g\u1ed7 t\u1ef1 nhi\u00ean cao mang \u0111\u1ebfn \u0111\u1ed9 b\u1ec1n v\u00e0 t\u00ednh th\u1ea9m m\u1ef9 cao. H\u01a1n n\u1eefa tay c\u1ea7m ch\u1eafc ch\u1eafn kh\u00f4ng b\u1ecb hi\u1ec7n t\u01b0\u1ee3ng m\u1ed3 h\u00f4i tay g\u00e2y tr\u01a1n tr\u01b0\u1ee3t tay n\u1eafm gi\u00fap barista thao t\u00e1c d\u1ec5 d\u00e0ng.<\/p>\n<p><img decoding=\"async\" class=\"wp-image-27409 aligncenter\" src=\"https:\/\/havamall.vn\/wp-content\/uploads\/2022\/06\/7314b110d7c-300x248.png\" alt=\"\" width=\"676\" height=\"559\" srcset=\"https:\/\/havamall.vn\/wp-content\/uploads\/2022\/06\/7314b110d7c-300x248.png 300w, https:\/\/havamall.vn\/wp-content\/uploads\/2022\/06\/7314b110d7c-430x355.png 430w, https:\/\/havamall.vn\/wp-content\/uploads\/2022\/06\/7314b110d7c-150x124.png 150w, https:\/\/havamall.vn\/wp-content\/uploads\/2022\/06\/7314b110d7c-700x578.png 700w, https:\/\/havamall.vn\/wp-content\/uploads\/2022\/06\/7314b110d7c-768x634.png 768w, https:\/\/havamall.vn\/wp-content\/uploads\/2022\/06\/7314b110d7c-600x495.png 600w, https:\/\/havamall.vn\/wp-content\/uploads\/2022\/06\/7314b110d7c.png 960w\" sizes=\"(max-width: 676px) 100vw, 676px\" \/><\/p>\n<h3><strong> C\u00e1ch d\u00f9ng Tamper hi\u1ec7u qu\u1ea3 \u0111\u1ec3 pha c\u00e0 ph\u00ea Espresso:<\/strong><\/h3>\n<p>&gt; B\u01b0\u1edbc 1: Gi\u1eef cho m\u1eb7t l\u01b0\u1edbi tay c\u1ea7m \u201cPortafilter\u201d s\u1ea1ch v\u00e0 kh\u00f4 r\u00e1o.<\/p>\n<p>&gt; B\u01b0\u1edbc 2: \u0110\u1ed5 b\u1ed9t Espresso v\u00e0o tay c\u1ea7m. B\u1ed9t Espresso c\u00f3 th\u1ec3 xay tr\u1ef1c ti\u1ebfp v\u00e0o tay c\u1ea7m ho\u1eb7c xay v\u00e0o h\u1ed9p ch\u1ee9a. Th\u01b0\u1eddng d\u00f9ng 7g cho 1 Shot \u0111\u01a1n \u2018Single Shot\u2019 , 14g cho Shot \u0111\u00f4i \u2018 Double Shot\u2019, v\u00e0 21g cho Shot 3 \u2018Triple Shot\u2019. Lu\u00f4n c\u00f3 \u0111\u1ee7 c\u00e1c lo\u1ea1i tay c\u1ea7m cho m\u1ed7i size. Nh\u01b0ng tay c\u1ea7m \u0111\u00f4i th\u01b0\u1eddng th\u00f4ng d\u1ee5ng h\u01a1n. B\u1ea1n c\u00f3 th\u1ec3 th\u1eed v\u1edbi c\u00e1c size t\u1eeb nh\u1ecf \u0111\u1ebfn l\u1edbn.<\/p>\n<p>&gt; B\u01b0\u1edbc 3: Tr\u1ea3i \u0111\u1ec1u b\u1ed9t b\u1eb1ng ng\u00f3n tay. K\u00e9o ng\u00f3n tay ngang qua m\u1eb7t c\u1ee7a tay c\u1ea7m \u0111\u1ec3 tr\u1ea3i \u0111\u1ec1u b\u1ed9t tr\u01b0\u1edbc khi n\u00e9n. N\u1ebfu c\u00f3 b\u1ed9t d\u00ednh \u1edf vi\u1ec1n xung quanh tay c\u1ea7m, h\u00e3y ph\u1ee7i xu\u1ed1ng.<\/p>\n<p>&gt; B\u01b0\u1edbc 4 N\u00e9n b\u1ed9t b\u1eb1ng Tamper \u0110\u1ec3 b\u1ed9t n\u00e9n \u0111\u01b0\u1ee3c t\u1ed1t, b\u1ea1n ph\u1ea3i bi\u1ebft c\u00e1ch chia \u0111\u1ec1u l\u1ef1c n\u00e9n v\u1edbi \u00e1p l\u1ef1c kho\u1ea3ng 30 Pounds. B\u1ea1n c\u00f3 th\u1ec3 d\u00f9ng 1 c\u00e1i c\u00e2n l\u1edbn \u0111\u1ec3 \u0111o l\u1ef1c n\u00e9n b\u1ea1n d\u1ed3n v\u00e0o tay n\u00e9n l\u00e0 bao nhi\u00eau Pound. \u0110i\u1ec1u n\u00e0y th\u1eadt s\u1ef1 c\u1ea7n thi\u1ebft \u0111\u1ec3 \u0111i\u1ec1u ch\u1ec9nh l\u1ef1c n\u00e9n ph\u00f9 h\u1ee3p lu\u00f4n \u1edf m\u1ee9c 30 pounds. M\u1ea5u ch\u1ed1t l\u00e0 \u1edf tay b\u1ea1n, tay b\u1ea1n ph\u1ea3i \u0111\u1ec3 th\u1eb3ng \u0111\u1ec3 \u00e1p l\u1ef1c \u0111\u01b0\u1ee3c tr\u1ea3i \u0111\u1ec1u khi n\u00e9n.<\/p>\n<p>&gt; B\u01b0\u1edbc 5: B\u1ea1n c\u00f3 th\u1ec3 xoay tr\u00f2n tay n\u00e9n tamper cho b\u1ec1 m\u1eb7t b\u1ed9t tr\u00f4ng \u0111\u1eb9p h\u01a1n. Vi\u1ec7c l\u00e0m n\u00e0y th\u01b0\u1eddng \u0111\u01b0\u1ee3c g\u1ecdi l\u00e0 l\u00e0m \u0111\u1eb9p, b\u01b0\u1edbc n\u00e0y c\u00f3 th\u1ec3 kh\u00f4ng c\u1ea7n thi\u1ebft. M\u1ed9t s\u1ed1 ng\u01b0\u1eddi cho r\u1eb1ng, b\u01b0\u1edbc n\u00e0y gi\u00fap l\u1ef1c n\u00e9n d\u00e0n \u0111\u1ec1u, m\u1ed9t s\u1ed1 kh\u00e1c cho r\u1eb1ng, b\u01b0\u1edbc n\u00e0y ch\u1ec9 l\u00e0m cho \u0111\u1eb9p m\u1eaft v\u00e0 kh\u00f4ng m\u1ea5y c\u1ea7n thi\u1ebft.<\/p>\n<h3><img loading=\"lazy\" decoding=\"async\" class=\"wp-image-27410 aligncenter\" src=\"https:\/\/havamall.vn\/wp-content\/uploads\/2022\/06\/71odA-300x286.png\" alt=\"\" width=\"675\" height=\"644\" srcset=\"https:\/\/havamall.vn\/wp-content\/uploads\/2022\/06\/71odA-300x286.png 300w, https:\/\/havamall.vn\/wp-content\/uploads\/2022\/06\/71odA-430x411.png 430w, https:\/\/havamall.vn\/wp-content\/uploads\/2022\/06\/71odA-150x143.png 150w, https:\/\/havamall.vn\/wp-content\/uploads\/2022\/06\/71odA-700x668.png 700w, https:\/\/havamall.vn\/wp-content\/uploads\/2022\/06\/71odA-768x733.png 768w, https:\/\/havamall.vn\/wp-content\/uploads\/2022\/06\/71odA-1024x978.png 1024w, https:\/\/havamall.vn\/wp-content\/uploads\/2022\/06\/71odA-1200x1146.png 1200w, https:\/\/havamall.vn\/wp-content\/uploads\/2022\/06\/71odA-600x573.png 600w, https:\/\/havamall.vn\/wp-content\/uploads\/2022\/06\/71odA.png 1500w\" sizes=\"(max-width: 675px) 100vw, 675px\" \/><\/h3>\n<h3>\u01afu \u0111i\u1ec3m c\u1ee7a c\u1ee5c n\u00e9n c\u00e0 ph\u00ea tay c\u1ea7m g\u1ed7:<\/h3>\n<p>&#8211; Tay c\u1ea7m ch\u1ebf t\u1ea1o b\u1edfi g\u1ed7 t\u1ef1 nhi\u00ean cao c\u1ea5p<\/p>\n<p>&#8211; C\u1ea3m gi\u00e1c c\u1ea7m ch\u1eafc ch\u1eafn , kh\u00f4ng b\u1ecb hi\u1ec7n t\u01b0\u1ee3ng m\u1ed3 h\u00f4i tay g\u00e2y tr\u01a1n tr\u01b0\u1ee3t khi n\u1eafm<\/p>\n<p>&#8211; Thao t\u00e1c n\u00e9n d\u1ec5 d\u00e0ng, kh\u00f4ng b\u1ecb hi\u1ec7n t\u01b0\u1ee3ng \u0111au nh\u1ee9c c\u1ed5 tay sau m\u1ed9t th\u1eddi gian d\u00e0i s\u1eed d\u1ee5ng<\/p>\n<p>&#8211; Tay c\u1ea7m ho\u00e0n to\u00e0n \u0111\u01b0\u1ee3c l\u00e0m th\u1ee7 c\u00f4ng, hi\u1ec7n th\u1ecb v\u00e2n g\u1ed7 \u0111\u1ed1i x\u1ee9ng \u0111\u1eb9p m\u1eaft<\/p>\n<p>&#8211; Ph\u00f9 h\u1ee3p v\u1edbi t\u1ea5t c\u1ea3 nh\u1eefng d\u00f2ng s\u1ea3n ph\u1ea9m\u00a0m\u00e1y pha c\u00e0 ph\u00ea\u00a0\u0111ang \u0111\u01b0\u1ee3c ph\u00e2n ph\u1ed1i t\u1ea1i th\u1ecb tr\u01b0\u1eddng Vi\u1ec7t Nam:\u00a0Nuova Simonelli, Faema, Lacimbali, Casadio, Astoria, Expobar, Promac, WEGA, Rancilio,\u2026<\/p>\n<p><img loading=\"lazy\" decoding=\"async\" class=\"wp-image-27411 aligncenter\" src=\"https:\/\/havamall.vn\/wp-content\/uploads\/2022\/06\/70028561-300x300.png\" alt=\"\" width=\"695\" height=\"695\" srcset=\"https:\/\/havamall.vn\/wp-content\/uploads\/2022\/06\/70028561-300x300.png 300w, https:\/\/havamall.vn\/wp-content\/uploads\/2022\/06\/70028561-430x430.png 430w, https:\/\/havamall.vn\/wp-content\/uploads\/2022\/06\/70028561-150x150.png 150w, https:\/\/havamall.vn\/wp-content\/uploads\/2022\/06\/70028561-700x700.png 700w, https:\/\/havamall.vn\/wp-content\/uploads\/2022\/06\/70028561-768x768.png 768w, https:\/\/havamall.vn\/wp-content\/uploads\/2022\/06\/70028561-1024x1024.png 1024w, https:\/\/havamall.vn\/wp-content\/uploads\/2022\/06\/70028561-1200x1200.png 1200w, https:\/\/havamall.vn\/wp-content\/uploads\/2022\/06\/70028561-600x600.png 600w, https:\/\/havamall.vn\/wp-content\/uploads\/2022\/06\/70028561-100x100.png 100w, https:\/\/havamall.vn\/wp-content\/uploads\/2022\/06\/70028561.png 1600w\" sizes=\"(max-width: 695px) 100vw, 695px\" \/><\/p>","protected":false},"excerpt":{"rendered":"<p>\u0110\u1ec3 pha C\u00e0 Ph\u00ea Espresso th\u00ec Tamper d\u01b0\u1eddng nh\u01b0 l\u00e0 v\u1eadt d\u1ee5ng kh\u00f4ng th\u1ec3 thi\u1ebfu. Tamper c\u00f3 t\u00e1c d\u1ee5ng n\u00e9n<\/p>","protected":false},"featured_media":27412,"comment_status":"open","ping_status":"closed","template":"","meta":[],"product_brand":[],"product_cat":[393,35],"product_tag":[],"class_list":{"0":"post-27406","1":"product","2":"type-product","3":"status-publish","4":"has-post-thumbnail","6":"product_cat-bep-phong-an","7":"product_cat-nha-cua-doi-song","9":"first","10":"instock","11":"sale","12":"shipping-taxable","13":"purchasable","14":"product-type-variable"},"_links":{"self":[{"href":"https:\/\/havamall.vn\/en\/wp-json\/wp\/v2\/product\/27406"}],"collection":[{"href":"https:\/\/havamall.vn\/en\/wp-json\/wp\/v2\/product"}],"about":[{"href":"https:\/\/havamall.vn\/en\/wp-json\/wp\/v2\/types\/product"}],"replies":[{"embeddable":true,"href":"https:\/\/havamall.vn\/en\/wp-json\/wp\/v2\/comments?post=27406"}],"version-history":[{"count":0,"href":"https:\/\/havamall.vn\/en\/wp-json\/wp\/v2\/product\/27406\/revisions"}],"wp:featuredmedia":[{"embeddable":true,"href":"https:\/\/havamall.vn\/en\/wp-json\/wp\/v2\/media\/27412"}],"wp:attachment":[{"href":"https:\/\/havamall.vn\/en\/wp-json\/wp\/v2\/media?parent=27406"}],"wp:term":[{"taxonomy":"product_brand","embeddable":true,"href":"https:\/\/havamall.vn\/en\/wp-json\/wp\/v2\/product_brand?post=27406"},{"taxonomy":"product_cat","embeddable":true,"href":"https:\/\/havamall.vn\/en\/wp-json\/wp\/v2\/product_cat?post=27406"},{"taxonomy":"product_tag","embeddable":true,"href":"https:\/\/havamall.vn\/en\/wp-json\/wp\/v2\/product_tag?post=27406"}],"curies":[{"name":"wp","href":"https:\/\/api.w.org\/{rel}","templated":true}]}}