{"id":27400,"date":"2022-06-20T11:24:32","date_gmt":"2022-06-20T04:24:32","guid":{"rendered":"https:\/\/havamall.vn\/?post_type=product&#038;p=27400"},"modified":"2023-06-05T17:31:23","modified_gmt":"2023-06-05T10:31:23","slug":"kem-chuoi-melona-cay-80ml-melona-banana-ice-cream","status":"publish","type":"product","link":"https:\/\/havamall.vn\/en\/shop\/kem-chuoi-melona-cay-80ml-melona-banana-ice-cream\/","title":{"rendered":"Kem Chu\u1ed1i Melona C\u00e2y 80ml &#8211; Melona Banana Ice Cream"},"content":{"rendered":"<p>Binggrae\u00a0l\u00e0 m\u1ed9t trong nh\u1eefng nh\u00e3n hi\u1ec7u kem \u0111\u01b0\u1ee3c \u01b0a chu\u1ed9ng v\u00e0 y\u00eau th\u00edch t\u1ea1i H\u00e0n Qu\u1ed1c b\u1edfi ch\u1ea5t l\u01b0\u1ee3ng tuy\u1ec7t v\u1eddi c\u1ee7a s\u1ea3n ph\u1ea9m. Kem \u0111\u01b0\u1ee3c nh\u1eadp kh\u1ea9u tr\u1ef1c ti\u1ebfp t\u1ea1i H\u00e0n Qu\u1ed1c, gi\u1eef nguy\u00ean h\u01b0\u01a1ng v\u1ecb \u0111\u1eb7c tr\u01b0ng mang \u0111\u1ebfn cho b\u1ea1n nh\u1eefng tr\u1ea3i nghi\u1ec7m tuy\u1ec7t v\u1eddi.\u00a0Melona l\u00e0 m\u1ed9t lo\u1ea1i kem c\u00e2y \u0111\u00e3 \u0111\u01b0\u1ee3c c\u00f4ng ty Binggrae s\u1ea3n xu\u1ea5t l\u1ea7n \u0111\u1ea7u v\u00e0o n\u0103m 1992 v\u00e0 hi\u1ec7n c\u00f3 m\u1eb7t t\u1ea1i h\u01a1n 30 qu\u1ed1c gia tr\u00ean to\u00e0n c\u1ea7u.<\/p>\n<p><img fetchpriority=\"high\" decoding=\"async\" class=\"wp-image-27401 aligncenter\" src=\"https:\/\/havamall.vn\/wp-content\/uploads\/2022\/06\/104418693_2590640374534632_1973913084431165839_n-300x300.jpg\" alt=\"\" width=\"658\" height=\"658\" srcset=\"https:\/\/havamall.vn\/wp-content\/uploads\/2022\/06\/104418693_2590640374534632_1973913084431165839_n-300x300.jpg 300w, https:\/\/havamall.vn\/wp-content\/uploads\/2022\/06\/104418693_2590640374534632_1973913084431165839_n-430x430.jpg 430w, https:\/\/havamall.vn\/wp-content\/uploads\/2022\/06\/104418693_2590640374534632_1973913084431165839_n-150x150.jpg 150w, https:\/\/havamall.vn\/wp-content\/uploads\/2022\/06\/104418693_2590640374534632_1973913084431165839_n-700x700.jpg 700w, https:\/\/havamall.vn\/wp-content\/uploads\/2022\/06\/104418693_2590640374534632_1973913084431165839_n-768x768.jpg 768w, https:\/\/havamall.vn\/wp-content\/uploads\/2022\/06\/104418693_2590640374534632_1973913084431165839_n-1024x1024.jpg 1024w, https:\/\/havamall.vn\/wp-content\/uploads\/2022\/06\/104418693_2590640374534632_1973913084431165839_n-1200x1200.jpg 1200w, https:\/\/havamall.vn\/wp-content\/uploads\/2022\/06\/104418693_2590640374534632_1973913084431165839_n-600x600.jpg 600w, https:\/\/havamall.vn\/wp-content\/uploads\/2022\/06\/104418693_2590640374534632_1973913084431165839_n-100x100.jpg 100w, https:\/\/havamall.vn\/wp-content\/uploads\/2022\/06\/104418693_2590640374534632_1973913084431165839_n.jpg 1440w\" sizes=\"(max-width: 658px) 100vw, 658px\" \/><\/p>\n<div id=\"comp-jf46n6un\" class=\"_1Q9if\">\n<p class=\"font_8\">Thanh kem h\u01b0\u01a1ng tr\u00e1i c\u00e2y c\u1ee7a Binggrae, Melona, \u200b\u200bra m\u1eaft l\u1ea7n \u0111\u1ea7u ti\u00ean t\u1ea1i H\u00e0n Qu\u1ed1c v\u00e0o n\u0103m 1992.\u00a0V\u1edbi k\u1ebft c\u1ea5u \u0111\u1ed9c \u0111\u00e1o c\u1ee7a Melona v\u00e0 h\u01b0\u01a1ng v\u1ecb tr\u00e1i c\u00e2y t\u01b0\u01a1i m\u1edbi mang \u0111\u1ebfn m\u1ed9t \u0111i\u1ec1u g\u00ec \u0111\u00f3 m\u1edbi m\u1ebb cho b\u00e0n \u0103n,\u00a0\u0111\u00e3 l\u1eadp k\u1ef7 l\u1ee5c v\u1ec1 s\u1ea3n ph\u1ea9m b\u00e1n ch\u1ea1y nh\u1ea5t tr\u00ean th\u1ecb tr\u01b0\u1eddng kem trong n\u01b0\u1edbc khi b\u00e1n \u0111\u01b0\u1ee3c h\u01a1n 280 tri\u1ec7u th\u1ecfi v\u00e0o n\u0103m 1994. Ngay c\u1ea3 b\u00e2y gi\u1edd, n\u00f3 v\u1eabn ti\u1ebfp t\u1ee5c l\u00e0 s\u1ea3n ph\u1ea9m b\u00e1n ch\u1ea1y nh\u1ea5t \u1edf H\u00e0n Qu\u1ed1c.<\/p>\n<p><img decoding=\"async\" class=\"wp-image-27402 aligncenter\" src=\"https:\/\/havamall.vn\/wp-content\/uploads\/2022\/06\/image__96_-300x300.png\" alt=\"\" width=\"667\" height=\"667\" srcset=\"https:\/\/havamall.vn\/wp-content\/uploads\/2022\/06\/image__96_-300x300.png 300w, https:\/\/havamall.vn\/wp-content\/uploads\/2022\/06\/image__96_-430x430.png 430w, https:\/\/havamall.vn\/wp-content\/uploads\/2022\/06\/image__96_-150x150.png 150w, https:\/\/havamall.vn\/wp-content\/uploads\/2022\/06\/image__96_-700x700.png 700w, https:\/\/havamall.vn\/wp-content\/uploads\/2022\/06\/image__96_-768x768.png 768w, https:\/\/havamall.vn\/wp-content\/uploads\/2022\/06\/image__96_-600x600.png 600w, https:\/\/havamall.vn\/wp-content\/uploads\/2022\/06\/image__96_-100x100.png 100w, https:\/\/havamall.vn\/wp-content\/uploads\/2022\/06\/image__96_.png 1000w\" sizes=\"(max-width: 667px) 100vw, 667px\" \/><\/p>\n<\/div>\n<div id=\"comp-jg45d7ni\" class=\"_1Q9if\">\n<p class=\"font_8\">MELONA l\u00e0 m\u1ed9t thanh kem \u00edt calo, n\u1ed5i ti\u1ebfng v\u1edbi k\u1ebft c\u1ea5u \u0111\u1ed9c \u0111\u00e1o v\u00e0 h\u01b0\u01a1ng v\u1ecb tr\u00e1i c\u00e2y t\u01b0\u01a1i.\u00a0C\u00e1c thanh h\u01b0\u01a1ng v\u1ecb d\u01b0a l\u01b0\u1edbi, d\u00e2u t\u00e2y, chu\u1ed1i, xo\u00e0i v\u00e0 d\u1eeba \u0111\u1eb7c tr\u01b0ng v\u1edbi c\u00e1c nguy\u00ean li\u1ec7u ch\u1ea5t l\u01b0\u1ee3ng.<\/p>\n<\/div>\n<p>Kem chu\u1ed1i Melona Binggrae\u00a0\u0111\u01b0\u1ee3c l\u00e0m t\u1eeb c\u00e1c nguy\u00ean li\u1ec7u t\u1ef1 nhi\u00ean cao c\u1ea5p, kh\u00f4ng s\u1eed d\u1ee5ng c\u00e1c h\u00f3a ch\u1ea5t \u0111\u1ed9c h\u1ea1i mang l\u1ea1i h\u01b0\u01a1ng v\u1ecb tuy\u1ec7t v\u1eddi nh\u1ea5t cho s\u1ea3n ph\u1ea9m. Ngo\u00e0i ra, v\u1edbi c\u00f4ng ngh\u1ec7 s\u1ea3n xu\u1ea5t hi\u1ec7n \u0111\u1ea1i c\u1ee7a H\u00e0n Qu\u1ed1c,\u00a0kem Melona Binggrae\u00a0\u0111\u1ea3m b\u1ea3o ti\u00eau chu\u1ea9n qu\u1ed1c t\u1ebf an to\u00e0n cho s\u1ee9c kh\u1ecfe ng\u01b0\u1eddi s\u1eed d\u1ee5ng.<\/p>\n<p><img decoding=\"async\" class=\"wp-image-27403 aligncenter\" src=\"https:\/\/havamall.vn\/wp-content\/uploads\/2022\/06\/31fbfb64b0a253fbfed-300x300.png\" alt=\"\" width=\"669\" height=\"669\" srcset=\"https:\/\/havamall.vn\/wp-content\/uploads\/2022\/06\/31fbfb64b0a253fbfed-300x300.png 300w, https:\/\/havamall.vn\/wp-content\/uploads\/2022\/06\/31fbfb64b0a253fbfed-430x430.png 430w, https:\/\/havamall.vn\/wp-content\/uploads\/2022\/06\/31fbfb64b0a253fbfed-150x150.png 150w, https:\/\/havamall.vn\/wp-content\/uploads\/2022\/06\/31fbfb64b0a253fbfed-700x700.png 700w, https:\/\/havamall.vn\/wp-content\/uploads\/2022\/06\/31fbfb64b0a253fbfed-600x600.png 600w, https:\/\/havamall.vn\/wp-content\/uploads\/2022\/06\/31fbfb64b0a253fbfed-100x100.png 100w, https:\/\/havamall.vn\/wp-content\/uploads\/2022\/06\/31fbfb64b0a253fbfed.png 750w\" sizes=\"(max-width: 669px) 100vw, 669px\" \/><\/p>\n<p>Kem melona, kem que d\u1ea1ng th\u1ecfi vu\u00f4ng, kem d\u1ea1ng c\u1ee9ng d\u1ebbo,h\u01b0\u01a1ng v\u1ecb tr\u00e1i c\u00e2y th\u1eadt, h\u00f2a quy\u1ec7n v\u1edbi v\u1ecb s\u1eefa t\u01b0\u01a1i th\u01a1m ngon c\u00e0ng l\u00e0m cho s\u1ea3n ph\u1ea9m tr\u1edf n\u00ean h\u1ea5p d\u1eabn khi th\u01b0\u1edfng th\u1ee9c. Kem Melona\u00a0Binggrae\u00a0m\u00e1t l\u1ea1nh v\u1edbi\u00a0v\u1ecb chu\u1ed1i\u00a0th\u01a1m ngon gi\u00fap b\u1ea1n d\u1eb9p tan c\u01a1n kh\u00e1t v\u00e0o nh\u1eefng ng\u00e0y n\u1eafng n\u00f3ng.<\/p>\n<p>S\u1ea3n ph\u1ea9m hi\u1ec7n \u0111\u00e3 c\u00f3 m\u1eb7t t\u1ea1i Havamall.<\/p>\n<p><img loading=\"lazy\" decoding=\"async\" class=\"wp-image-27404 aligncenter\" src=\"https:\/\/havamall.vn\/wp-content\/uploads\/2022\/06\/30051744_1-300x300.png\" alt=\"\" width=\"668\" height=\"668\" srcset=\"https:\/\/havamall.vn\/wp-content\/uploads\/2022\/06\/30051744_1-300x300.png 300w, https:\/\/havamall.vn\/wp-content\/uploads\/2022\/06\/30051744_1-430x430.png 430w, https:\/\/havamall.vn\/wp-content\/uploads\/2022\/06\/30051744_1-150x150.png 150w, https:\/\/havamall.vn\/wp-content\/uploads\/2022\/06\/30051744_1-700x700.png 700w, https:\/\/havamall.vn\/wp-content\/uploads\/2022\/06\/30051744_1-768x768.png 768w, https:\/\/havamall.vn\/wp-content\/uploads\/2022\/06\/30051744_1-600x600.png 600w, https:\/\/havamall.vn\/wp-content\/uploads\/2022\/06\/30051744_1-100x100.png 100w, https:\/\/havamall.vn\/wp-content\/uploads\/2022\/06\/30051744_1.png 1000w\" sizes=\"(max-width: 668px) 100vw, 668px\" \/><\/p>","protected":false},"excerpt":{"rendered":"<p>Binggrae\u00a0l\u00e0 m\u1ed9t trong nh\u1eefng nh\u00e3n hi\u1ec7u kem \u0111\u01b0\u1ee3c \u01b0a chu\u1ed9ng v\u00e0 y\u00eau th\u00edch t\u1ea1i H\u00e0n Qu\u1ed1c b\u1edfi ch\u1ea5t l\u01b0\u1ee3ng tuy\u1ec7t<\/p>","protected":false},"featured_media":27405,"comment_status":"open","ping_status":"closed","template":"","meta":[],"product_brand":[],"product_cat":[275,36],"product_tag":[],"class_list":{"0":"post-27400","1":"product","2":"type-product","3":"status-publish","4":"has-post-thumbnail","6":"product_cat-thuc-pham-dong-lanh","7":"product_cat-thuc-pham-tieu-dung","9":"first","10":"instock","11":"sale","12":"shipping-taxable","13":"purchasable","14":"product-type-simple"},"_links":{"self":[{"href":"https:\/\/havamall.vn\/en\/wp-json\/wp\/v2\/product\/27400"}],"collection":[{"href":"https:\/\/havamall.vn\/en\/wp-json\/wp\/v2\/product"}],"about":[{"href":"https:\/\/havamall.vn\/en\/wp-json\/wp\/v2\/types\/product"}],"replies":[{"embeddable":true,"href":"https:\/\/havamall.vn\/en\/wp-json\/wp\/v2\/comments?post=27400"}],"version-history":[{"count":0,"href":"https:\/\/havamall.vn\/en\/wp-json\/wp\/v2\/product\/27400\/revisions"}],"wp:featuredmedia":[{"embeddable":true,"href":"https:\/\/havamall.vn\/en\/wp-json\/wp\/v2\/media\/27405"}],"wp:attachment":[{"href":"https:\/\/havamall.vn\/en\/wp-json\/wp\/v2\/media?parent=27400"}],"wp:term":[{"taxonomy":"product_brand","embeddable":true,"href":"https:\/\/havamall.vn\/en\/wp-json\/wp\/v2\/product_brand?post=27400"},{"taxonomy":"product_cat","embeddable":true,"href":"https:\/\/havamall.vn\/en\/wp-json\/wp\/v2\/product_cat?post=27400"},{"taxonomy":"product_tag","embeddable":true,"href":"https:\/\/havamall.vn\/en\/wp-json\/wp\/v2\/product_tag?post=27400"}],"curies":[{"name":"wp","href":"https:\/\/api.w.org\/{rel}","templated":true}]}}