{"id":27392,"date":"2022-06-17T15:25:01","date_gmt":"2022-06-17T08:25:01","guid":{"rendered":"https:\/\/havamall.vn\/?post_type=product&#038;p=27392"},"modified":"2022-06-17T15:25:01","modified_gmt":"2022-06-17T08:25:01","slug":"siro-viet-quat-phap-chai-thuy-tinh-golden-farm-520ml-french-blueberry-syrup","status":"publish","type":"product","link":"https:\/\/havamall.vn\/en\/shop\/siro-viet-quat-phap-chai-thuy-tinh-golden-farm-520ml-french-blueberry-syrup\/","title":{"rendered":"Siro Vi\u1ec7t Qu\u1ea5t Ph\u00e1p Chai Th\u1ee7y Tinh Golden Farm 520ml &#8211; French Blueberry Syrup"},"content":{"rendered":"<p>Golden Farm l\u00e0 th\u01b0\u01a1ng hi\u1ec7u n\u1ed5i ti\u1ebfng trong n\u01b0\u1edbc v\u1ec1 s\u1ea3n xu\u1ea5t siro, n\u01b0\u1edbc tr\u00e1i c\u00e2y. V\u1edbi ti\u00eau ch\u00ed an to\u00e0n, b\u1ed5 d\u01b0\u1ee1ng, ti\u1ec7n l\u1ee3i, ch\u1ea5t l\u01b0\u1ee3ng theo ti\u00eau chu\u1ea9n qu\u1ed1c t\u1ebf, m\u1eabu m\u00e3 bao b\u00ec h\u1ea5p d\u1eabn c\u0169ng nh\u01b0 gi\u00e1 c\u1ea3 ph\u00f9 h\u1ee3p n\u00ean \u0111\u01b0\u1ee3c c\u00e1c ch\u1ee7 qu\u00e1n tin d\u00f9ng. C\u00f4ng ty Golden Farm chuy\u00ean s\u1ea3n xu\u1ea5t c\u00e1c th\u1ef1c ph\u1ea9m qu\u1ed1c t\u1ebf nh\u01b0: m\u1ee9t tr\u00e1i c\u00e2y, b\u01a1 \u0111\u1eadu ph\u1ed9ng, x\u1ed1t salat, t\u01b0\u01a1ng c\u00e0, th\u1ef1c ph\u1ea9m dinh d\u01b0\u1ee1ng, siro,\u2026 ch\u1ea5t l\u01b0\u1ee3ng theo ti\u00eau chu\u1ea9n qu\u1ed1c t\u1ebf, m\u1eabu m\u00e3 bao b\u00ec h\u1ea5p d\u1eabn v\u00e0 gi\u00e1 c\u1ea3 ph\u00f9 h\u1ee3p. Golden Farm ng\u00e0y c\u00e0ng ph\u00e1t tri\u1ec3n cho ra \u0111\u1eddi nhi\u1ec1u s\u1ea3n ph\u1ea9m v\u1edbi c\u00e1c h\u01b0\u01a1ng v\u1ecb kh\u00e1c nhau nh\u01b0ng v\u1eabn gi\u1eef nguy\u00ean n\u00e9t \u0111\u1eb7c tr\u01b0ng c\u1ee7a t\u1eebng lo\u1ea1i nh\u01b0: Siro tr\u00e0 xanh, siro d\u00e2u, Siro cam, Siro b\u1ea1c h\u00e0, m\u1ee9t ph\u00fac b\u1ed3n t\u1eed\u2026<\/p>\n<p><img fetchpriority=\"high\" decoding=\"async\" class=\"wp-image-20428 aligncenter\" src=\"https:\/\/havamall.vn\/wp-content\/uploads\/2021\/06\/127739184_2740018789571812_5118805347868641476_n-1-300x200.jpg\" alt=\"\" width=\"662\" height=\"441\" srcset=\"https:\/\/havamall.vn\/wp-content\/uploads\/2021\/06\/127739184_2740018789571812_5118805347868641476_n-1-300x200.jpg 300w, https:\/\/havamall.vn\/wp-content\/uploads\/2021\/06\/127739184_2740018789571812_5118805347868641476_n-1-430x287.jpg 430w, https:\/\/havamall.vn\/wp-content\/uploads\/2021\/06\/127739184_2740018789571812_5118805347868641476_n-1-150x100.jpg 150w, https:\/\/havamall.vn\/wp-content\/uploads\/2021\/06\/127739184_2740018789571812_5118805347868641476_n-1-700x467.jpg 700w, https:\/\/havamall.vn\/wp-content\/uploads\/2021\/06\/127739184_2740018789571812_5118805347868641476_n-1-768x512.jpg 768w, https:\/\/havamall.vn\/wp-content\/uploads\/2021\/06\/127739184_2740018789571812_5118805347868641476_n-1-1024x683.jpg 1024w, https:\/\/havamall.vn\/wp-content\/uploads\/2021\/06\/127739184_2740018789571812_5118805347868641476_n-1-1200x800.jpg 1200w, https:\/\/havamall.vn\/wp-content\/uploads\/2021\/06\/127739184_2740018789571812_5118805347868641476_n-1-600x400.jpg 600w, https:\/\/havamall.vn\/wp-content\/uploads\/2021\/06\/127739184_2740018789571812_5118805347868641476_n-1.jpg 2048w\" sizes=\"(max-width: 662px) 100vw, 662px\" \/><\/p>\n<p>T\u1ea5t c\u1ea3 c\u00e1c lo\u1ea1i Siro Golden Farm \u0111\u1ec1u c\u00f3 gi\u1ea5y ch\u1ee9ng nh\u1eadn VSATTP n\u00ean r\u1ea5t an to\u00e0n. C\u00f4ng ty \u0111\u01b0\u1ee3c ch\u1ee9ng nh\u1eadn \u0111\u1ea1t ti\u00eau chu\u1ea9n VSATTP ISO 22000: 2005 v\u1edbi c\u00f4ng ngh\u1ec7 s\u1ea3n xu\u1ea5t hi\u1ec7n \u0111\u1ea1i nh\u1eb1m mang \u0111\u1ebfn ng\u01b0\u1eddi ti\u00eau d\u00f9ng v\u1edbi nh\u1eefng d\u00f2ng s\u1ea3n ph\u1ea9m t\u1ed1t nh\u1ea5t, b\u1ea3o v\u1ec7 s\u1ee9c kh\u1ecfe v\u00e0 g\u00f3p ph\u1ea7n \u0111\u01a1n gi\u1ea3n h\u00f3a cho cu\u1ed9c s\u1ed1ng m\u1ed7i gia \u0111\u00ecnh.<\/p>\n<p>V\u1edbi ch\u1ea5t li\u1ec7u chai b\u1eb1ng th\u1ee7y tinh d\u00e0y gi\u00fap b\u1ea1n d\u1ec5 d\u00e0ng b\u1ea3o qu\u1ea3n s\u1ea3n ph\u1ea9m. \u01afu \u0111i\u1ec3m c\u1ee7a s\u1ea3n ph\u1ea9m l\u00e0 siro r\u1ea5t \u0111\u1eadm \u0111\u00e0, kh\u00f4ng c\u00f3 c\u1eb7n, l\u00e0m cho\u00a0\u0111\u1ed3 u\u1ed1ng c\u1ee7a b\u1ea1n th\u00eam ph\u1ea7n ch\u1ea5t l\u01b0\u1ee3ng v\u00e0 h\u1ea5p d\u1eabn h\u01a1n.\u00a0\u0110\u01b0\u1ee3c chi\u1ebft xu\u1ea5t t\u1eeb nh\u1eefng qu\u1ea3 vi\u1ec7t qu\u1ea5t t\u01b0\u01a1i ngon nh\u1ea5t, s\u1ea3n ph\u1ea9m \u0111em \u0111\u1ebfn tay ng\u01b0\u1eddi ti\u00eau d\u00f9ng m\u1ed9t h\u01b0\u01a1ng v\u1ecb t\u1ef1 nhi\u00ean v\u1edbi\u00a0m\u1ed9t gi\u00e1 tr\u1ecb dinh d\u01b0\u1ee1ng ho\u00e0n h\u1ea3o, an to\u00e0n cho ng\u01b0\u1eddi s\u1eed d\u1ee5ng.<\/p>\n<p><img decoding=\"async\" class=\"aligncenter\" src=\"https:\/\/havamall.vn\/wp-content\/uploads\/2022\/06\/DSC_5317.jpg\" alt='Vi\u1ec7t Qu\u1ed1c Xay Nhuy\u1ec5n \/ Blueberry puree' width=\"679\" height=\"849\" \/><\/p>\n<p>Sir\u00f4 Vi\u1ec7t Qu\u1ea5t Ph\u00e1p Golden Farm n\u1ed5i b\u1eadt v\u1edbi h\u01b0\u01a1ng th\u01a1m t\u1ef1 nhi\u00ean, h\u1eadu ng\u1ecdt thanh, gi\u00fap t\u0103ng th\u00eam v\u1ecb ngon tuy\u1ec7t h\u1ea3o cho c\u00e1c m\u00f3n th\u1ee9c u\u1ed1ng v\u00e0 nhi\u1ec1u m\u00f3n tr\u00e1ng mi\u1ec7ng kh\u00e1c.<\/p>\n<p>V\u1edbi chi\u1ebft xu\u1ea5t t\u1eeb tr\u00e1i c\u00e2y t\u01b0\u01a1i, s\u1eed d\u1ee5ng nguy\u00ean li\u1ec7u t\u1ef1 nhi\u00ean, kh\u00f4ng ch\u1ee9a \u0111\u01b0\u1eddng h\u00f3a h\u1ecdc, l\u00e0 th\u00e0nh ph\u1ea7n kh\u00f4ng th\u1ec3 thi\u1ebfu t\u1ea1o n\u00ean c\u00e1c m\u00f3n n\u01b0\u1edbc gi\u1ea3i kh\u00e1t m\u00e1t l\u00e0nh, thanh nhi\u1ec7t.<\/p>\n<p>S\u1ea3n ph\u1ea9m \u0111\u01b0\u1ee3c s\u1ea3n xu\u1ea5t tr\u00ean d\u00e2y chuy\u1ec1n kh\u00e9p k\u00edn v\u1edbi c\u00f4ng ngh\u1ec7 hi\u1ec7n \u0111\u1ea1i t\u1eeb Ch\u00e2u \u00c2u, nh\u00e0 m\u00e1y \u0111\u1ea1t ch\u1ee9ng nh\u1eadn Qu\u1ed1c T\u1ebf ISO 22000:2018, \u0111\u1ea3m b\u1ea3o mang \u0111\u1ebfn cho ng\u01b0\u1eddi ti\u00eau d\u00f9ng s\u1ea3n ph\u1ea9m ch\u1ea5t l\u01b0\u1ee3ng t\u1ed1t .<\/p>\n<p><img decoding=\"async\" class=\"aligncenter\" src=\"https:\/\/havamall.vn\/wp-content\/uploads\/2022\/06\/mousse sc vi\u1ec7t qu\u1ea5t SD-1570786055903.jpeg\" alt='Siro vi\u1ec7t qu\u1ea5t Golden Farm 700ml - Abby - \u0110\u1ed3 l\u00e0m b\u00e1nh, n\u1ea5u \u0103n v\u00e0 pha ch\u1ebf' width=\"695\" height=\"391\" \/><\/p>\n<h3><strong>H\u01b0\u1edbng d\u1eabn s\u1eed d\u1ee5ng:<\/strong><\/h3>\n<p>&gt; Pha n\u01b0\u1edbc gi\u1ea3i kh\u00e1t: Pha 30ml sir\u00f4 v\u1edbi 120ml n\u01b0\u1edbc, th\u00eam \u0111\u00e1.<\/p>\n<p>&gt; Pha s\u1eefa t\u01b0\u01a1i tr\u00e1i c\u00e2y: Pha sir\u00f4 v\u1edbi s\u1eefa t\u01b0\u01a1i theo kh\u1ea9u v\u1ecb.<\/p>\n<p>&gt; L\u00e0m rau c\u00e2u: Pha sir\u00f4 v\u00e0o h\u1ed7n h\u1ee3p l\u00e0m rau c\u00e2u \u0111\u1ec3 t\u1ea1o th\u00eam h\u01b0\u01a1ng v\u1ecb v\u00e0 m\u00e0u s\u1eafc h\u1ea5p d\u1eabn.<\/p>\n<p>&gt; Pha cocktail: Pha 30ml sir\u00f4 v\u1edbi 30ml r\u01b0\u1ee3u vodka, 50ml n\u01b0\u1edbc, 2 mu\u1ed7ng s\u1eefa chua, th\u00eam \u0111\u00e1.<\/p>\n<p><img loading=\"lazy\" decoding=\"async\" class=\"aligncenter\" src=\"https:\/\/havamall.vn\/wp-content\/uploads\/2022\/06\/Cach-pha-Soda-viet-quat,-cach-lam-soda-viet-quat-voi-Siro-Pixie-Blueberry.jpg\" alt='C\u00e1ch pha Soda vi\u1ec7t qu\u1ea5t, c\u00e1ch l\u00e0m soda vi\u1ec7t qu\u1ea5t v\u1edbi Siro Pixie Blueberry' width=\"719\" height=\"539\" \/><\/p>","protected":false},"excerpt":{"rendered":"<p>Golden Farm l\u00e0 th\u01b0\u01a1ng hi\u1ec7u n\u1ed5i ti\u1ebfng trong n\u01b0\u1edbc v\u1ec1 s\u1ea3n xu\u1ea5t siro, n\u01b0\u1edbc tr\u00e1i c\u00e2y. V\u1edbi ti\u00eau ch\u00ed an<\/p>","protected":false},"featured_media":27393,"comment_status":"open","ping_status":"closed","template":"","meta":[],"product_brand":[],"product_cat":[36,135],"product_tag":[],"class_list":{"0":"post-27392","1":"product","2":"type-product","3":"status-publish","4":"has-post-thumbnail","6":"product_cat-thuc-pham-tieu-dung","7":"product_cat-sua-do-uong","8":"pa_brand-golden-farm","10":"first","11":"instock","12":"sale","13":"shipping-taxable","14":"purchasable","15":"product-type-simple"},"_links":{"self":[{"href":"https:\/\/havamall.vn\/en\/wp-json\/wp\/v2\/product\/27392"}],"collection":[{"href":"https:\/\/havamall.vn\/en\/wp-json\/wp\/v2\/product"}],"about":[{"href":"https:\/\/havamall.vn\/en\/wp-json\/wp\/v2\/types\/product"}],"replies":[{"embeddable":true,"href":"https:\/\/havamall.vn\/en\/wp-json\/wp\/v2\/comments?post=27392"}],"version-history":[{"count":0,"href":"https:\/\/havamall.vn\/en\/wp-json\/wp\/v2\/product\/27392\/revisions"}],"wp:featuredmedia":[{"embeddable":true,"href":"https:\/\/havamall.vn\/en\/wp-json\/wp\/v2\/media\/27393"}],"wp:attachment":[{"href":"https:\/\/havamall.vn\/en\/wp-json\/wp\/v2\/media?parent=27392"}],"wp:term":[{"taxonomy":"product_brand","embeddable":true,"href":"https:\/\/havamall.vn\/en\/wp-json\/wp\/v2\/product_brand?post=27392"},{"taxonomy":"product_cat","embeddable":true,"href":"https:\/\/havamall.vn\/en\/wp-json\/wp\/v2\/product_cat?post=27392"},{"taxonomy":"product_tag","embeddable":true,"href":"https:\/\/havamall.vn\/en\/wp-json\/wp\/v2\/product_tag?post=27392"}],"curies":[{"name":"wp","href":"https:\/\/api.w.org\/{rel}","templated":true}]}}