{"id":27390,"date":"2022-06-17T14:48:21","date_gmt":"2022-06-17T07:48:21","guid":{"rendered":"https:\/\/havamall.vn\/?post_type=product&#038;p=27390"},"modified":"2022-06-20T09:44:58","modified_gmt":"2022-06-20T02:44:58","slug":"bo-hat-phi-cacao-golden-farm-hu-340g-hazelnut-coaca","status":"publish","type":"product","link":"https:\/\/havamall.vn\/en\/shop\/bo-hat-phi-cacao-golden-farm-hu-340g-hazelnut-coaca\/","title":{"rendered":"B\u01a1 H\u1ea1t Ph\u1ec9 Cacao Golden Farm H\u1ee7 340G &#8211; Hazelnut Coaca"},"content":{"rendered":"<p>C\u00f4ng ty Golden Farm chuy\u00ean s\u1ea3n xu\u1ea5t c\u00e1c th\u1ef1c ph\u1ea9m qu\u1ed1c t\u1ebf nh\u01b0: m\u1ee9t tr\u00e1i c\u00e2y, b\u01a1 \u0111\u1eadu ph\u1ed9ng, x\u1ed1t salat, t\u01b0\u01a1ng c\u00e0, th\u1ef1c ph\u1ea9m dinh d\u01b0\u1ee1ng, siro,\u2026<\/p>\n<p>V\u1edbi ti\u00eau ch\u00ed \u201cAn to\u00e0n, b\u1ed5 d\u01b0\u1ee1ng v\u00e0 ti\u1ec7n l\u1ee3i\u201d,\u00a0ch\u1ea5t l\u01b0\u1ee3ng theo ti\u00eau chu\u1ea9n qu\u1ed1c t\u1ebf, m\u1eabu m\u00e3 bao b\u00ec h\u1ea5p d\u1eabn v\u00e0 gi\u00e1 c\u1ea3\u00a0ph\u00f9 h\u1ee3p. S\u1ea3n ph\u1ea9m c\u1ee7a Golden Farm \u0111\u00e3 nhanh ch\u00f3ng \u0111\u01b0\u1ee3c ng\u01b0\u1eddi ti\u00eau d\u00f9ng y\u00eau th\u00edch\u00a0v\u00e0 l\u1ef1a ch\u1ecdn. X\u00e2y d\u1ef1ng chu\u1ed7i cung \u1ee9ng t\u1ea1i c\u00e1c h\u1ec7 th\u1ed1ng si\u00eau th\u1ecb tr\u00ean to\u00e0n qu\u1ed1c, cung c\u1ea5p nguy\u00ean li\u1ec7u pha ch\u1ebf cho nh\u00e0 h\u00e0ng, kh\u00e1ch s\u1ea1n .<\/p>\n<p><img fetchpriority=\"high\" decoding=\"async\" class=\"wp-image-27387 aligncenter\" src=\"https:\/\/havamall.vn\/wp-content\/uploads\/2019\/05\/239641612-300x201.png\" alt=\"\" width=\"773\" height=\"518\" srcset=\"https:\/\/havamall.vn\/wp-content\/uploads\/2019\/05\/239641612-300x201.png 300w, https:\/\/havamall.vn\/wp-content\/uploads\/2019\/05\/239641612-430x288.png 430w, https:\/\/havamall.vn\/wp-content\/uploads\/2019\/05\/239641612-150x100.png 150w, https:\/\/havamall.vn\/wp-content\/uploads\/2019\/05\/239641612-700x469.png 700w, https:\/\/havamall.vn\/wp-content\/uploads\/2019\/05\/239641612-768x514.png 768w, https:\/\/havamall.vn\/wp-content\/uploads\/2019\/05\/239641612-1024x686.png 1024w, https:\/\/havamall.vn\/wp-content\/uploads\/2019\/05\/239641612-1200x804.png 1200w, https:\/\/havamall.vn\/wp-content\/uploads\/2019\/05\/239641612-600x402.png 600w, https:\/\/havamall.vn\/wp-content\/uploads\/2019\/05\/239641612.png 1875w\" sizes=\"(max-width: 773px) 100vw, 773px\" \/><\/p>\n<p><span style=\"font-size: 12pt\">B\u01a1 h\u1ea1t ph\u1ec9 (Hazelnut) ca cao Golden farm <span style=\"color: #242424\">l\u00e0 s\u1ef1 h\u00f2a quy\u1ec7n gi\u1eefa c\u00e1c h\u1ea1t ph\u1ec9 ch\u1ea5t l\u01b0\u1ee3ng \u0111\u01b0\u1ee3c ch\u1ecdn l\u1ef1a k\u1ef9 l\u01b0\u1ee1ng v\u1edbi c\u00e1c lo\u1ea1i gia v\u1ecb t\u1ef1 nhi\u00ean kh\u00e1c t\u1ea1o n\u00ean h\u01b0\u01a1ng v\u1ecb \u0111\u1eb7c bi\u1ec7t th\u01a1m ngon h\u1ea5p d\u1eabn ng\u01b0\u1eddi d\u00f9ng.<\/span><\/span><\/p>\n<p><img decoding=\"async\" class=\"wp-image-24600 aligncenter\" src=\"https:\/\/havamall.vn\/wp-content\/uploads\/2019\/05\/242291240_2-300x300.png\" alt=\"\" width=\"773\" height=\"773\" srcset=\"https:\/\/havamall.vn\/wp-content\/uploads\/2019\/05\/242291240_2-300x300.png 300w, https:\/\/havamall.vn\/wp-content\/uploads\/2019\/05\/242291240_2-430x430.png 430w, https:\/\/havamall.vn\/wp-content\/uploads\/2019\/05\/242291240_2-150x150.png 150w, https:\/\/havamall.vn\/wp-content\/uploads\/2019\/05\/242291240_2-700x700.png 700w, https:\/\/havamall.vn\/wp-content\/uploads\/2019\/05\/242291240_2-768x768.png 768w, https:\/\/havamall.vn\/wp-content\/uploads\/2019\/05\/242291240_2-1024x1024.png 1024w, https:\/\/havamall.vn\/wp-content\/uploads\/2019\/05\/242291240_2-1200x1199.png 1200w, https:\/\/havamall.vn\/wp-content\/uploads\/2019\/05\/242291240_2-600x600.png 600w, https:\/\/havamall.vn\/wp-content\/uploads\/2019\/05\/242291240_2-100x100.png 100w, https:\/\/havamall.vn\/wp-content\/uploads\/2019\/05\/242291240_2.png 2048w\" sizes=\"(max-width: 773px) 100vw, 773px\" \/><br style=\"color: #242424;font-size: 13px\" \/><span style=\"color: #242424;font-size: 12pt\">S\u1ea3n ph\u1ea9m \u0111\u01b0\u1ee3c s\u1ea3n xu\u1ea5t b\u1edfi th\u01b0\u01a1ng hi\u1ec7u Golden Farm &#8211; l\u00e0 m\u1ed9t trong nh\u1eefng th\u01b0\u01a1ng hi\u1ec7u c\u1ee7a Vi\u1ec7t Nam \u0111i ti\u00ean phong trong s\u1ea3n xu\u1ea5t c\u00e1c m\u1eb7t h\u00e0ng siro, m\u1ee9t, c\u00e1c lo\u1ea1i x\u1ed1t, t\u01b0\u01a1ng gi\u00e0u dinh d\u01b0\u1ee1ng, \u0111\u1ea3m b\u1ea3o v\u1ec7 sinh an to\u00e0n th\u1ef1c ph\u1ea9m, kh\u00f4ng ch\u1ee9a ch\u1ea5t \u0111\u1ed9c g\u00e2y h\u1ea1i cho s\u1ee9c kh\u1ecfe con ng\u01b0\u1eddi.\u00a0<\/span><span style=\"color: #242424;font-size: 12pt\">S\u1ea3n ph\u1ea9m \u0111\u01b0\u1ee3c s\u1ea3n xu\u1ea5t theo quy tr\u00ecnh c\u00f4ng ngh\u1ec7 hi\u1ec7n \u0111\u1ea1i, \u0111\u01b0\u1ee3c ki\u1ec3m duy\u1ec7t ch\u1eb7t ch\u1ebd, \u0111\u1ea3m b\u1ea3o ch\u1ea5t l\u01b0\u1ee3ng.<\/span><\/p>\n<p><img decoding=\"async\" class=\"wp-image-24602 aligncenter\" src=\"https:\/\/havamall.vn\/wp-content\/uploads\/2019\/05\/242126390_-300x300.png\" alt=\"\" width=\"784\" height=\"784\" srcset=\"https:\/\/havamall.vn\/wp-content\/uploads\/2019\/05\/242126390_-300x300.png 300w, https:\/\/havamall.vn\/wp-content\/uploads\/2019\/05\/242126390_-430x430.png 430w, https:\/\/havamall.vn\/wp-content\/uploads\/2019\/05\/242126390_-150x150.png 150w, https:\/\/havamall.vn\/wp-content\/uploads\/2019\/05\/242126390_-700x700.png 700w, https:\/\/havamall.vn\/wp-content\/uploads\/2019\/05\/242126390_-768x768.png 768w, https:\/\/havamall.vn\/wp-content\/uploads\/2019\/05\/242126390_-1024x1024.png 1024w, https:\/\/havamall.vn\/wp-content\/uploads\/2019\/05\/242126390_-1200x1200.png 1200w, https:\/\/havamall.vn\/wp-content\/uploads\/2019\/05\/242126390_-600x600.png 600w, https:\/\/havamall.vn\/wp-content\/uploads\/2019\/05\/242126390_-100x100.png 100w, https:\/\/havamall.vn\/wp-content\/uploads\/2019\/05\/242126390_.png 2048w\" sizes=\"(max-width: 784px) 100vw, 784px\" \/><\/p>\n<p><span style=\"color: #242424;font-size: 12pt\">B\u01a1 h\u1ea1t ph\u1ec9 (Hazelnut) ca cao Golden farm d\u1ea1ng h\u0169, c\u00f3 n\u1eafp \u0111\u1eady ti\u1ec7n d\u1ee5ng, d\u1ec5 b\u1ea3o qu\u1ea3n v\u00e0 d\u00f9ng \u0111\u01b0\u1ee3c l\u00e2u.. B\u1ea1n c\u0169ng c\u00f3 th\u1ec3 mang theo d\u1ec5 d\u00e0ng trong nh\u1eefng chuy\u1ebfn \u0111i ch\u01a1i, picnic \u0111\u1ec3 c\u00f9ng chia s\u1ebb v\u1edbi m\u1ecdi ng\u01b0\u1eddi hay d\u00e0nh l\u00e0m qu\u00e0 t\u1eb7ng cho b\u1ea1n b\u00e8, ng\u01b0\u1eddi th\u00e2n.<\/span><\/p>\n<p><span style=\"color: #242424;font-size: 12pt\">Ch\u1eafc ch\u1eafn s\u1ea3n ph\u1ea9m s\u1ebd mang \u0111\u1ebfn cho b\u1ea1n v\u00e0 ng\u01b0\u1eddi th\u00e2n h\u01b0\u01a1ng v\u1ecb m\u1edbi c\u1ee7a b\u1eefa \u0103n gia \u0111\u00ecnh v\u00e0 gi\u00fap ti\u1ebft ki\u1ec7m th\u1eddi gian n\u1ea5u n\u01b0\u1edbng cho ng\u01b0\u1eddi n\u1ed9i tr\u1ee3.\u200b<\/span><\/p>\n<p><img loading=\"lazy\" decoding=\"async\" class=\"wp-image-24603 aligncenter\" src=\"https:\/\/havamall.vn\/wp-content\/uploads\/2019\/05\/242352037_29-300x201.png\" alt=\"\" width=\"792\" height=\"531\" srcset=\"https:\/\/havamall.vn\/wp-content\/uploads\/2019\/05\/242352037_29-300x201.png 300w, https:\/\/havamall.vn\/wp-content\/uploads\/2019\/05\/242352037_29-430x288.png 430w, https:\/\/havamall.vn\/wp-content\/uploads\/2019\/05\/242352037_29-150x100.png 150w, https:\/\/havamall.vn\/wp-content\/uploads\/2019\/05\/242352037_29-700x469.png 700w, https:\/\/havamall.vn\/wp-content\/uploads\/2019\/05\/242352037_29-768x515.png 768w, https:\/\/havamall.vn\/wp-content\/uploads\/2019\/05\/242352037_29-1024x686.png 1024w, https:\/\/havamall.vn\/wp-content\/uploads\/2019\/05\/242352037_29-1200x804.png 1200w, https:\/\/havamall.vn\/wp-content\/uploads\/2019\/05\/242352037_29-600x402.png 600w, https:\/\/havamall.vn\/wp-content\/uploads\/2019\/05\/242352037_29.png 2048w\" sizes=\"(max-width: 792px) 100vw, 792px\" \/><\/p>\n<p>B\u01a1 H\u1ea1t Ph\u1ec9 Cacao Golden Farm v\u1edbi h\u01b0\u01a1ng th\u01a1m t\u1ef1 nhi\u00ean, h\u1eadu ng\u1ecdt d\u1ecbu, b\u00e9o b\u00f9i, ch\u1ea5t b\u01a1 s\u00e1nh quy\u1ec7n \u0111\u1eadm \u0111\u00e0, l\u00e0 nguy\u00ean li\u1ec7u quen thu\u1ed9c trong nhi\u1ec1u m\u00f3n \u0103n v\u1eb7t v\u00e0 tr\u00e1ng mi\u1ec7ng y\u00eau th\u00edch c\u1ee7a b\u00e9.<\/p>\n<p>B\u01a1 H\u1ea1t Ph\u1ec9 Cacao Golden Farm \u0111\u01b0\u1ee3c l\u00e0m t\u1eeb h\u1ea1t ph\u1ec9 th\u01b0\u1ee3ng h\u1ea1ng nh\u1eadp kh\u1ea9u t\u1eeb \u00dd, h\u00f2a quy\u1ec7n c\u00f9ng v\u1ecb ngon c\u1ee7a cacao v\u00e0 c\u00e1c lo\u1ea1i gia v\u1ecb t\u1ef1 nhi\u00ean, mang \u0111\u1ebfn ngu\u1ed3n dinh d\u01b0\u1ee1ng \u201cv\u00e0ng\u201d cho s\u1ee9c kh\u1ecfe.<\/p>\n<p><img loading=\"lazy\" decoding=\"async\" class=\"wp-image-27388 aligncenter\" src=\"https:\/\/havamall.vn\/wp-content\/uploads\/2019\/05\/239536192_2924157304491292_6149604595466835009_n-300x300.jpg\" alt=\"\" width=\"800\" height=\"800\" srcset=\"https:\/\/havamall.vn\/wp-content\/uploads\/2019\/05\/239536192_2924157304491292_6149604595466835009_n-300x300.jpg 300w, https:\/\/havamall.vn\/wp-content\/uploads\/2019\/05\/239536192_2924157304491292_6149604595466835009_n-430x430.jpg 430w, https:\/\/havamall.vn\/wp-content\/uploads\/2019\/05\/239536192_2924157304491292_6149604595466835009_n-150x150.jpg 150w, https:\/\/havamall.vn\/wp-content\/uploads\/2019\/05\/239536192_2924157304491292_6149604595466835009_n-700x700.jpg 700w, https:\/\/havamall.vn\/wp-content\/uploads\/2019\/05\/239536192_2924157304491292_6149604595466835009_n-768x768.jpg 768w, https:\/\/havamall.vn\/wp-content\/uploads\/2019\/05\/239536192_2924157304491292_6149604595466835009_n-1024x1024.jpg 1024w, https:\/\/havamall.vn\/wp-content\/uploads\/2019\/05\/239536192_2924157304491292_6149604595466835009_n-1200x1200.jpg 1200w, https:\/\/havamall.vn\/wp-content\/uploads\/2019\/05\/239536192_2924157304491292_6149604595466835009_n-600x600.jpg 600w, https:\/\/havamall.vn\/wp-content\/uploads\/2019\/05\/239536192_2924157304491292_6149604595466835009_n-100x100.jpg 100w, https:\/\/havamall.vn\/wp-content\/uploads\/2019\/05\/239536192_2924157304491292_6149604595466835009_n.jpg 1875w\" sizes=\"(max-width: 800px) 100vw, 800px\" \/><\/p>\n<p>S\u1ea3n ph\u1ea9m \u0111\u01b0\u1ee3c s\u1ea3n xu\u1ea5t tr\u00ean d\u00e2y chuy\u1ec1n kh\u00e9p k\u00edn v\u1edbi c\u00f4ng ngh\u1ec7 hi\u1ec7n \u0111\u1ea1i t\u1eeb Ch\u00e2u \u00c2u, nh\u00e0 m\u00e1y \u0111\u1ea1t ch\u1ee9ng nh\u1eadn Qu\u1ed1c T\u1ebf ISO 22000:2018, \u0111\u1ea3m b\u1ea3o mang \u0111\u1ebfn cho ng\u01b0\u1eddi ti\u00eau d\u00f9ng s\u1ea3n ph\u1ea9m ch\u1ea5t l\u01b0\u1ee3ng t\u1ed1t nh\u1ea5t.<\/p>\n<h3><strong>H\u01b0\u1edbng d\u1eabn s\u1eed d\u1ee5ng:<\/strong><\/h3>\n<p>&#8211; Ph\u1ebft b\u00e1nh m\u00ec, b\u00e1nh Crepe: Ph\u1ebft \u0111\u1ec1u 2 mu\u1ed7ng caf\u00e9 b\u01a1 c\u00f9ng 1 l\u00e1t b\u00e1nh m\u00ec ho\u1eb7c b\u00e1nh Crepe v\u00e0 th\u01b0\u1edfng th\u1ee9c.<\/p>\n<p>&#8211; L\u00e0m nh\u00e2n b\u00e1nh bao, b\u00e1nh su: S\u1eed d\u1ee5ng 2 mu\u1ed7ng canh b\u01a1 (100g) cho 10 c\u00e1i b\u00e1nh bao ho\u1eb7c b\u00e1nh su.<\/p>\n<p>&#8211; L\u00e0m kem l\u1ea1nh: Cho 1 h\u0169 b\u01a1 (340g), n\u1eeda l\u00edt kem b\u00e9o, n\u1eeda l\u00edt s\u1eefa t\u01b0\u01a1i, khu\u1ea5y \u0111\u1ec1u h\u1ed7n h\u1ee3p r\u1ed3i cho v\u00e0o t\u1ee7 \u0111\u00f4ng t\u1eeb 6-8 ti\u1ebfng.<\/p>\n<p>&#8211; Pha caf\u00e9: Cho 2 mu\u1ed7ng caf\u00e9 b\u01a1, 2 mu\u1ed7ng caf\u00e9 s\u1eefa \u0111\u1eb7c, pha c\u00f9ng n\u1eeda t\u00e1ch caf\u00e9 n\u00f3ng v\u00e0 th\u01b0\u1edfng th\u1ee9c ngay.<\/p>\n<p><img loading=\"lazy\" decoding=\"async\" class=\"wp-image-27389 aligncenter\" src=\"https:\/\/havamall.vn\/wp-content\/uploads\/2019\/05\/242284953-300x300.png\" alt=\"\" width=\"804\" height=\"804\" srcset=\"https:\/\/havamall.vn\/wp-content\/uploads\/2019\/05\/242284953-300x300.png 300w, https:\/\/havamall.vn\/wp-content\/uploads\/2019\/05\/242284953-430x430.png 430w, https:\/\/havamall.vn\/wp-content\/uploads\/2019\/05\/242284953-150x150.png 150w, https:\/\/havamall.vn\/wp-content\/uploads\/2019\/05\/242284953-700x700.png 700w, https:\/\/havamall.vn\/wp-content\/uploads\/2019\/05\/242284953-768x768.png 768w, https:\/\/havamall.vn\/wp-content\/uploads\/2019\/05\/242284953-1024x1024.png 1024w, https:\/\/havamall.vn\/wp-content\/uploads\/2019\/05\/242284953-1200x1200.png 1200w, https:\/\/havamall.vn\/wp-content\/uploads\/2019\/05\/242284953-600x600.png 600w, https:\/\/havamall.vn\/wp-content\/uploads\/2019\/05\/242284953-100x100.png 100w, https:\/\/havamall.vn\/wp-content\/uploads\/2019\/05\/242284953.png 2048w\" sizes=\"(max-width: 804px) 100vw, 804px\" \/><\/p>","protected":false},"excerpt":{"rendered":"<p>C\u00f4ng ty Golden Farm chuy\u00ean s\u1ea3n xu\u1ea5t c\u00e1c th\u1ef1c ph\u1ea9m qu\u1ed1c t\u1ebf nh\u01b0: m\u1ee9t tr\u00e1i c\u00e2y, b\u01a1 \u0111\u1eadu ph\u1ed9ng, x\u1ed1t<\/p>","protected":false},"featured_media":27391,"comment_status":"open","ping_status":"closed","template":"","meta":[],"product_brand":[],"product_cat":[36],"product_tag":[],"class_list":{"0":"post-27390","1":"product","2":"type-product","3":"status-publish","4":"has-post-thumbnail","6":"product_cat-thuc-pham-tieu-dung","7":"pa_brand-golden-farm","9":"first","10":"instock","11":"sale","12":"shipping-taxable","13":"purchasable","14":"product-type-simple"},"_links":{"self":[{"href":"https:\/\/havamall.vn\/en\/wp-json\/wp\/v2\/product\/27390"}],"collection":[{"href":"https:\/\/havamall.vn\/en\/wp-json\/wp\/v2\/product"}],"about":[{"href":"https:\/\/havamall.vn\/en\/wp-json\/wp\/v2\/types\/product"}],"replies":[{"embeddable":true,"href":"https:\/\/havamall.vn\/en\/wp-json\/wp\/v2\/comments?post=27390"}],"version-history":[{"count":0,"href":"https:\/\/havamall.vn\/en\/wp-json\/wp\/v2\/product\/27390\/revisions"}],"wp:featuredmedia":[{"embeddable":true,"href":"https:\/\/havamall.vn\/en\/wp-json\/wp\/v2\/media\/27391"}],"wp:attachment":[{"href":"https:\/\/havamall.vn\/en\/wp-json\/wp\/v2\/media?parent=27390"}],"wp:term":[{"taxonomy":"product_brand","embeddable":true,"href":"https:\/\/havamall.vn\/en\/wp-json\/wp\/v2\/product_brand?post=27390"},{"taxonomy":"product_cat","embeddable":true,"href":"https:\/\/havamall.vn\/en\/wp-json\/wp\/v2\/product_cat?post=27390"},{"taxonomy":"product_tag","embeddable":true,"href":"https:\/\/havamall.vn\/en\/wp-json\/wp\/v2\/product_tag?post=27390"}],"curies":[{"name":"wp","href":"https:\/\/api.w.org\/{rel}","templated":true}]}}