{"id":27376,"date":"2022-06-15T11:57:28","date_gmt":"2022-06-15T04:57:28","guid":{"rendered":"https:\/\/havamall.vn\/?post_type=product&#038;p=27376"},"modified":"2023-06-14T09:55:59","modified_gmt":"2023-06-14T02:55:59","slug":"rong-nho-tach-nuoc-kem-xot-tuong-wasabi-tasami-goi-35g-seagrape-wasabi-soybean-sauce","status":"publish","type":"product","link":"https:\/\/havamall.vn\/en\/shop\/rong-nho-tach-nuoc-kem-xot-tuong-wasabi-tasami-goi-35g-seagrape-wasabi-soybean-sauce\/","title":{"rendered":"Rong Nho T\u00e1ch N\u01b0\u1edbc K\u00e8m X\u1ed1t T\u01b0\u01a1ng Wasabi Tasami G\u00f3i 27.5g &#8211; Seagrape Wasabi Soybean Sauce"},"content":{"rendered":"<div dir=\"auto\">\n<p>Rong nho Tasami \u0111\u01b0\u1ee3c s\u1ea3n su\u1ea5t b\u1edfi c\u00f4ng ty C\u1ed5 Ph\u1ea7n S\u1ea3n Xu\u1ea5t, Th\u01b0\u01a1ng M\u1ea1i V\u00e0 D\u1ecbch V\u1ee5 Ph\u00fac Th\u1ecbnh. C\u00f4ng ty C\u1ed5 Ph\u1ea7n S\u1ea3n Xu\u1ea5t, Th\u01b0\u01a1ng M\u1ea1i V\u00e0 D\u1ecbch V\u1ee5 Ph\u00fac Th\u1ecbnh chuy\u00ean nh\u1eadp kh\u1ea9u v\u00e0 ph\u00e2n ph\u1ed1i c\u00e1c s\u1ea3n ph\u1ea9m c\u1ee7a H\u00e0n Qu\u1ed1c.<\/p>\n<p>Trong qu\u00e1 tr\u00ecnh h\u00ecnh th\u00e0nh v\u00e0 ph\u00e1t tri\u1ec3n, v\u1edbi ti\u00eau ch\u00ed ho\u1ea1t \u0111\u1ed9ng xuy\u00ean su\u1ed1t \u201cUy t\u00edn \u2013 Hi\u1ec7u qu\u1ea3 \u2013 Ch\u1ea5t l\u01b0\u1ee3ng\u201d Ph\u00fac Th\u1ecbnh lu\u00f4n \u0111\u1eb7t kh\u00e1ch h\u00e0ng l\u00ean h\u00e0ng \u0111\u1ea7u v\u00e0 \u0111em l\u1ea1i nh\u1eefng gi\u00e1 tr\u1ecb t\u1ed1t nh\u1ea5t cho kh\u00e1ch h\u00e0ng.<\/p>\n<p><img fetchpriority=\"high\" decoding=\"async\" class=\"wp-image-27368 aligncenter\" src=\"https:\/\/havamall.vn\/wp-content\/uploads\/2022\/06\/232118634-300x225.png\" alt=\"\" width=\"660\" height=\"495\" srcset=\"https:\/\/havamall.vn\/wp-content\/uploads\/2022\/06\/232118634-300x225.png 300w, https:\/\/havamall.vn\/wp-content\/uploads\/2022\/06\/232118634-430x323.png 430w, https:\/\/havamall.vn\/wp-content\/uploads\/2022\/06\/232118634-150x113.png 150w, https:\/\/havamall.vn\/wp-content\/uploads\/2022\/06\/232118634-700x526.png 700w, https:\/\/havamall.vn\/wp-content\/uploads\/2022\/06\/232118634-768x577.png 768w, https:\/\/havamall.vn\/wp-content\/uploads\/2022\/06\/232118634-1024x769.png 1024w, https:\/\/havamall.vn\/wp-content\/uploads\/2022\/06\/232118634-1200x901.png 1200w, https:\/\/havamall.vn\/wp-content\/uploads\/2022\/06\/232118634-600x450.png 600w, https:\/\/havamall.vn\/wp-content\/uploads\/2022\/06\/232118634.png 1280w\" sizes=\"(max-width: 660px) 100vw, 660px\" \/><\/p>\n<p>Rong nho d\u00f9ng l\u00e0m rau r\u1ea5t t\u1ed1t cho c\u1ea3 ng\u01b0\u1eddi l\u1edbn v\u00e0 tr\u1ebb em.\u00a0Rong nho l\u00e0 m\u1ed9t lo\u1ea1i t\u1ea3o bi\u1ec3n c\u00f3 h\u00ecnh d\u1ea1ng gi\u1ed1ng nh\u01b0 m\u1ed9t ch\u00f9m nho. N\u00f3 c\u00f2n \u0111\u01b0\u1ee3c m\u1ec7nh danh l\u00e0 tr\u1ee9ng c\u00e1 mu\u1ed1i xanh (tr\u1ee9ng c\u00e1 mu\u1ed1i hay caviar \u0111\u01b0\u1ee3c bi\u1ebft \u0111\u1ebfn l\u00e0 m\u00f3n \u0103n r\u1ea5t \u0111\u1eaft \u0111\u1ecf ch\u1ec9 d\u00e0nh cho gi\u1edbi th\u01b0\u1ee3ng l\u01b0u).<\/p>\n<p>Rong nho bi\u1ec3n th\u01b0\u1eddng \u0111\u01b0\u1ee3c khai th\u00e1c v\u00e0 s\u1eed d\u1ee5ng nh\u01b0 m\u1ed9t lo\u1ea1i rau. Tuy nhi\u00ean, h\u00e0m l\u01b0\u1ee3ng dinh d\u01b0\u1ee1ng c\u1ee7a n\u00f3 cao h\u01a1n c\u00e1c lo\u1ea1i rau th\u00f4ng th\u01b0\u1eddng r\u1ea5t nhi\u1ec1u.<\/p>\n<p>Rong nho bi\u1ec3n \u0111\u01b0\u1ee3c v\u00ed nh\u01b0 nh\u1eefng vi\u00ean ng\u1ecdc xanh c\u1ee7a bi\u1ec3n c\u1ea3 v\u00ec v\u1ecb ngon, gi\u00f2n r\u1ed9p r\u1ed9p nghe vui tai gi\u1ed1ng nh\u01b0 ch\u00f9m nho nh\u1ecf v\u1ee1 tan trong mi\u1ec7ng v\u00e0 nh\u1eefng t\u00e1c d\u1ee5ng tuy\u1ec7t v\u1eddi c\u1ee7a n\u00f3 \u0111em l\u1ea1i.<\/p>\n<p><img decoding=\"async\" class=\"wp-image-27377 aligncenter\" src=\"https:\/\/havamall.vn\/wp-content\/uploads\/2022\/06\/1c73c082f916df342ad74cbc597bb6b6-300x300.jpg\" alt=\"\" width=\"662\" height=\"662\" srcset=\"https:\/\/havamall.vn\/wp-content\/uploads\/2022\/06\/1c73c082f916df342ad74cbc597bb6b6-300x300.jpg 300w, https:\/\/havamall.vn\/wp-content\/uploads\/2022\/06\/1c73c082f916df342ad74cbc597bb6b6-430x430.jpg 430w, https:\/\/havamall.vn\/wp-content\/uploads\/2022\/06\/1c73c082f916df342ad74cbc597bb6b6-150x150.jpg 150w, https:\/\/havamall.vn\/wp-content\/uploads\/2022\/06\/1c73c082f916df342ad74cbc597bb6b6-700x700.jpg 700w, https:\/\/havamall.vn\/wp-content\/uploads\/2022\/06\/1c73c082f916df342ad74cbc597bb6b6-768x768.jpg 768w, https:\/\/havamall.vn\/wp-content\/uploads\/2022\/06\/1c73c082f916df342ad74cbc597bb6b6-1024x1024.jpg 1024w, https:\/\/havamall.vn\/wp-content\/uploads\/2022\/06\/1c73c082f916df342ad74cbc597bb6b6.jpg 1200w, https:\/\/havamall.vn\/wp-content\/uploads\/2022\/06\/1c73c082f916df342ad74cbc597bb6b6-600x600.jpg 600w, https:\/\/havamall.vn\/wp-content\/uploads\/2022\/06\/1c73c082f916df342ad74cbc597bb6b6-100x100.jpg 100w\" sizes=\"(max-width: 662px) 100vw, 662px\" \/><\/p>\n<p>Rong nho t\u00e1ch n\u01b0\u1edbc t\u01b0\u01a1ng wasabi v\u1edbi c\u1ecdng rong t\u01b0\u01a1i, c\u0103ng m\u1ecdng, \u0111\u1ec1u m\u00e0u, \u0111\u1ec1u qu\u1ea3, kh\u00f4ng tanh, kh\u00f4ng nh\u1edbt, \u00edt m\u1eb7n. Sau khi v\u1edbt rong ra t\u00f4 n\u01b0\u1edbc trong veo, kh\u00f4ng c\u00f3 c\u1eb7n v\u00ec Rong \u0111\u01b0\u1ee3c s\u1ea3n xu\u1ea5t theo c\u00f4ng ngh\u1ec7 Nh\u1eadt b\u1ea3n, \u0111\u1ee7 c\u00e1c ch\u1ec9 s\u1ed1 v\u1ec1 VSATTP.<\/p>\n<p>V\u1edbi th\u00e0nh ph\u1ea7n 99% Rong Nho T\u01b0\u01a1i Lo\u1ea1i 1, v\u00e0 1% Mu\u1ed1i,\u00a0rong nho t\u00e1ch n\u01b0\u1edbc t\u01b0\u01a1ng wasabi l\u00e0 m\u1ed9t th\u1ef1c ph\u1ea9m t\u1ef1 nhi\u00ean xanh v\u00e0 s\u1ea1ch. Rong Nho T\u00e1ch N\u01b0\u1edbc ch\u00ednh l\u00e0 m\u1ed9t m\u00f3n qu\u00e0 thi\u00ean nhi\u00ean t\u1eeb bi\u1ec3n Kh\u00e1nh H\u00f2a \u2013 Vi\u1ec7t Nam mu\u1ed1n ph\u1ed5 bi\u1ebfn \u0111\u1ebfn b\u1eefa \u0103n c\u1ee7a ng\u01b0\u1eddi Vi\u1ec7t Nam, v\u00e0 ng\u01b0\u1eddi d\u00f9ng tr\u00ean kh\u1eafp th\u1ebf gi\u1edbi.<\/p>\n<p>N\u1ebfu b\u1ea1n l\u00e0 m\u1ed9t t\u00edn \u0111\u1ed3 c\u1ee7a rong nho, lu\u00f4n t\u00ecm t\u00f2i, tr\u1ea3i nghi\u1ec7m nh\u1eefng v\u1ecb x\u1ed1t th\u00fa v\u1ecb th\u00ec \u0111\u1eebng b\u1ecf qua rong nho t\u00e1ch n\u01b0\u1edbc t\u01b0\u01a1ng wasabi. V\u1ecb n\u1ed3ng c\u1ee7a wasabi r\u1ea5t th\u00edch h\u1ee3p \u0111\u1ec3 ch\u1ea5m rong nho Tasami.<\/p>\n<p><img decoding=\"async\" class=\"wp-image-27370 aligncenter\" src=\"https:\/\/havamall.vn\/wp-content\/uploads\/2022\/06\/265073478-300x300.png\" alt=\"\" width=\"679\" height=\"679\" srcset=\"https:\/\/havamall.vn\/wp-content\/uploads\/2022\/06\/265073478-300x300.png 300w, https:\/\/havamall.vn\/wp-content\/uploads\/2022\/06\/265073478-430x430.png 430w, https:\/\/havamall.vn\/wp-content\/uploads\/2022\/06\/265073478-150x150.png 150w, https:\/\/havamall.vn\/wp-content\/uploads\/2022\/06\/265073478-700x700.png 700w, https:\/\/havamall.vn\/wp-content\/uploads\/2022\/06\/265073478-768x768.png 768w, https:\/\/havamall.vn\/wp-content\/uploads\/2022\/06\/265073478-1024x1024.png 1024w, https:\/\/havamall.vn\/wp-content\/uploads\/2022\/06\/265073478-1200x1200.png 1200w, https:\/\/havamall.vn\/wp-content\/uploads\/2022\/06\/265073478-600x600.png 600w, https:\/\/havamall.vn\/wp-content\/uploads\/2022\/06\/265073478-100x100.png 100w, https:\/\/havamall.vn\/wp-content\/uploads\/2022\/06\/265073478.png 2048w\" sizes=\"(max-width: 679px) 100vw, 679px\" \/><\/p>\n<h3><strong>\u0110\u1eb7c \u0111i\u1ec3m n\u1ed5i b\u1eadt c\u1ee7a s\u1ea3n ph\u1ea9m:<\/strong><\/h3>\n<\/div>\n<p dir=\"auto\">\u2013 Rong nho\u00a0 gi\u00fap b\u1ed5 sung ch\u1ea5t x\u01a1, t\u0103ng c\u01b0\u1eddng ti\u00eau h\u00f3a, t\u1eeb \u0111\u00f3 t\u0103ng s\u1ee9c \u0111\u1ec1 kh\u00e1ng \u0111\u1ec3 b\u00e9 y\u00eau kh\u1ecfe m\u1ea1nh h\u01a1n<\/p>\n<p dir=\"auto\">\u2013 Omega 3 (DHA, EPA, ALA) gi\u00fap b\u00e9 th\u00f4ng minh v\u00e0 ph\u00e1t tri\u1ec3n to\u00e0n di\u1ec7n<\/p>\n<p dir=\"auto\">\u2013 \u0110\u1eb7c bi\u1ec7t rong nho ch\u1ebf bi\u1ebfn v\u00f4 c\u00f9ng \u0111\u01a1n gi\u1ea3n v\u00e0 ti\u1ec7n \u00edch, kh\u00f4ng ch\u1ec9 b\u00e9 th\u00edch, c\u1ea3 gia \u0111\u00ecnh c\u0169ng y\u00eau m\u00f3n n\u00e0y.<\/p>\n<div dir=\"auto\">\n<p>\u2013 Gi\u1ea3i ph\u00e1p cho m\u1eb9 gi\u00fap b\u00e9 h\u1ee9ng th\u00fa \u0103n rau\u00a0<span class=\"pq6dq46d tbxw36s4 knj5qynh kvgmc6g5 ditlmg2l oygrvhab nvdbi5me sf5mxxl7 gl3lb2sf hhz5lgdu\">\u00a0b\u1ed5 sung ch\u1ea5t x\u01a1 cho h\u1ec7 ti\u00eau h\u00f3a c\u1ee7a b\u00e9 lu\u00f4n kh\u1ecfe m\u1ea1nh \u0111\u1ed3ng th\u1eddi c\u00f2n b\u1ed5 sung nhi\u1ec1u d\u01b0\u1ee1ng ch\u1ea5t thi\u1ebft y\u1ebfu kh\u00e1c cho b\u00e9 ph\u00e1t tri\u1ec3n to\u00e0n di\u1ec7n.<\/span><\/p>\n<\/div>\n<p><img loading=\"lazy\" decoding=\"async\" class=\"wp-image-27371 aligncenter\" src=\"https:\/\/havamall.vn\/wp-content\/uploads\/2022\/06\/257928415-300x300.png\" alt=\"\" width=\"672\" height=\"672\" srcset=\"https:\/\/havamall.vn\/wp-content\/uploads\/2022\/06\/257928415-300x300.png 300w, https:\/\/havamall.vn\/wp-content\/uploads\/2022\/06\/257928415-430x430.png 430w, https:\/\/havamall.vn\/wp-content\/uploads\/2022\/06\/257928415-150x150.png 150w, https:\/\/havamall.vn\/wp-content\/uploads\/2022\/06\/257928415-700x700.png 700w, https:\/\/havamall.vn\/wp-content\/uploads\/2022\/06\/257928415-768x768.png 768w, https:\/\/havamall.vn\/wp-content\/uploads\/2022\/06\/257928415-600x600.png 600w, https:\/\/havamall.vn\/wp-content\/uploads\/2022\/06\/257928415-100x100.png 100w, https:\/\/havamall.vn\/wp-content\/uploads\/2022\/06\/257928415.png 900w\" sizes=\"(max-width: 672px) 100vw, 672px\" \/><\/p>\n<div dir=\"auto\">\n<h3><strong>L\u1ee3i \u00edch c\u1ee7a rong nho:<\/strong><\/h3>\n<p>\u2013 Gi\u00fap ch\u1eafc kh\u1ecfe x\u01b0\u01a1ng<\/p>\n<p>\u2013 T\u0103ng c\u01b0\u1eddng th\u1ecb l\u1ef1c<\/p>\n<p>\u2013 Gi\u1ea3m nguy c\u01a1 m\u1eafc b\u1ec7nh ti\u1ec3u \u0111\u01b0\u1eddng<\/p>\n<p>\u2013 H\u1ea1n ch\u1ebf t\u00ecnh tr\u1ea1ng t\u00e1o b\u00f3n<\/p>\n<p>\u2013 Ng\u0103n ng\u1eeba c\u01a1 th\u1ec3 b\u00e9o ph\u00ec<\/p>\n<p>\u2013 Ph\u00f2ng ng\u1eeba b\u1ec7nh ung th\u01b0<\/p>\n<p><img loading=\"lazy\" decoding=\"async\" class=\"wp-image-27378 aligncenter\" src=\"https:\/\/havamall.vn\/wp-content\/uploads\/2022\/06\/277772119_4950544041705858_4325474159685440312_n-300x300.jpg\" alt=\"\" width=\"670\" height=\"670\" srcset=\"https:\/\/havamall.vn\/wp-content\/uploads\/2022\/06\/277772119_4950544041705858_4325474159685440312_n-300x300.jpg 300w, https:\/\/havamall.vn\/wp-content\/uploads\/2022\/06\/277772119_4950544041705858_4325474159685440312_n-430x430.jpg 430w, https:\/\/havamall.vn\/wp-content\/uploads\/2022\/06\/277772119_4950544041705858_4325474159685440312_n-150x150.jpg 150w, https:\/\/havamall.vn\/wp-content\/uploads\/2022\/06\/277772119_4950544041705858_4325474159685440312_n-700x700.jpg 700w, https:\/\/havamall.vn\/wp-content\/uploads\/2022\/06\/277772119_4950544041705858_4325474159685440312_n-768x768.jpg 768w, https:\/\/havamall.vn\/wp-content\/uploads\/2022\/06\/277772119_4950544041705858_4325474159685440312_n-1024x1024.jpg 1024w, https:\/\/havamall.vn\/wp-content\/uploads\/2022\/06\/277772119_4950544041705858_4325474159685440312_n-1200x1200.jpg 1200w, https:\/\/havamall.vn\/wp-content\/uploads\/2022\/06\/277772119_4950544041705858_4325474159685440312_n-600x600.jpg 600w, https:\/\/havamall.vn\/wp-content\/uploads\/2022\/06\/277772119_4950544041705858_4325474159685440312_n-100x100.jpg 100w, https:\/\/havamall.vn\/wp-content\/uploads\/2022\/06\/277772119_4950544041705858_4325474159685440312_n.jpg 2048w\" sizes=\"(max-width: 670px) 100vw, 670px\" \/><\/p>\n<h3><strong>H\u01b0\u1edbng d\u1eabn s\u1eed d\u1ee5ng:<\/strong><\/h3>\n<p>&gt; B\u01b0\u1edbc 1: B\u1ecf Rong nho v\u00e0o n\u01b0\u1edbc ng\u00e2m t\u1eeb 3 \u2013 5 ph\u00fat, rong nho s\u1ebd t\u1eeb t\u1eeb nh\u1ea3 \u0111i b\u1edbt v\u1ecb m\u1eb7n c\u1ee7a mu\u1ed1i, v\u00e0 tr\u1edf v\u1ec1 h\u00ecnh d\u00e1ng nh\u01b0 rong t\u01b0\u01a1i.<\/p>\n<p class=\"cxmmr5t8 oygrvhab hcukyx3x c1et5uql o9v6fnle ii04i59q\">&gt; B\u01b0\u1edbc 2: Sau \u0111\u00f3 cho v\u00e0o t\u00f4 n\u01b0\u1edbc \u0111\u00e1 \u0111\u1eadp nh\u1ecf ng\u00e2m cho rong gi\u00f2n v\u00e0 l\u1ea1nh kho\u1ea3ng 2 ph\u00fat ,\u0111\u1ec3 t\u1ea9y b\u1edbt m\u00f9i tanh c\u1ee7a bi\u1ec3n. Ch\u00fang ta n\u00ean l\u1ea5y m\u1ed9t l\u01b0\u1ee3ng rong \u0111\u1ee7 \u0103n cho 1 l\u1ea7n, \u0103n bao nhi\u00eau b\u1ecf rong b\u1ea5y nhi\u00eau<\/p>\n<p class=\"cxmmr5t8 oygrvhab hcukyx3x c1et5uql o9v6fnle ii04i59q\">&gt; B\u01b0\u1edbc 3: D\u00f9ng tr\u1ef1c ti\u1ebfp nh\u01b0 m\u1ed9t d\u1ea1ng rau xanh v\u1edbi s\u1ed1t ph\u00f4 mai g\u00f3i x\u1ed1t \u0111i k\u00e8m.<\/p>\n<\/div>","protected":false},"excerpt":{"rendered":"<p>Rong nho Tasami \u0111\u01b0\u1ee3c s\u1ea3n su\u1ea5t b\u1edfi c\u00f4ng ty C\u1ed5 Ph\u1ea7n S\u1ea3n Xu\u1ea5t, Th\u01b0\u01a1ng M\u1ea1i V\u00e0 D\u1ecbch V\u1ee5 Ph\u00fac Th\u1ecbnh.<\/p>","protected":false},"featured_media":27380,"comment_status":"open","ping_status":"closed","template":"","meta":[],"product_brand":[],"product_cat":[36],"product_tag":[],"class_list":{"0":"post-27376","1":"product","2":"type-product","3":"status-publish","4":"has-post-thumbnail","6":"product_cat-thuc-pham-tieu-dung","8":"first","9":"outofstock","10":"sale","11":"shipping-taxable","12":"purchasable","13":"product-type-simple"},"_links":{"self":[{"href":"https:\/\/havamall.vn\/en\/wp-json\/wp\/v2\/product\/27376"}],"collection":[{"href":"https:\/\/havamall.vn\/en\/wp-json\/wp\/v2\/product"}],"about":[{"href":"https:\/\/havamall.vn\/en\/wp-json\/wp\/v2\/types\/product"}],"replies":[{"embeddable":true,"href":"https:\/\/havamall.vn\/en\/wp-json\/wp\/v2\/comments?post=27376"}],"version-history":[{"count":0,"href":"https:\/\/havamall.vn\/en\/wp-json\/wp\/v2\/product\/27376\/revisions"}],"wp:featuredmedia":[{"embeddable":true,"href":"https:\/\/havamall.vn\/en\/wp-json\/wp\/v2\/media\/27380"}],"wp:attachment":[{"href":"https:\/\/havamall.vn\/en\/wp-json\/wp\/v2\/media?parent=27376"}],"wp:term":[{"taxonomy":"product_brand","embeddable":true,"href":"https:\/\/havamall.vn\/en\/wp-json\/wp\/v2\/product_brand?post=27376"},{"taxonomy":"product_cat","embeddable":true,"href":"https:\/\/havamall.vn\/en\/wp-json\/wp\/v2\/product_cat?post=27376"},{"taxonomy":"product_tag","embeddable":true,"href":"https:\/\/havamall.vn\/en\/wp-json\/wp\/v2\/product_tag?post=27376"}],"curies":[{"name":"wp","href":"https:\/\/api.w.org\/{rel}","templated":true}]}}