{"id":27355,"date":"2022-06-15T11:00:38","date_gmt":"2022-06-15T04:00:38","guid":{"rendered":"https:\/\/havamall.vn\/?post_type=product&#038;p=27355"},"modified":"2023-06-14T09:55:52","modified_gmt":"2023-06-14T02:55:52","slug":"27355","status":"publish","type":"product","link":"https:\/\/havamall.vn\/en\/shop\/27355\/","title":{"rendered":"Rong Nho Akachan X\u1ed1t Ph\u00f4 Mai Tasami G\u00f3i 35g &#8211; Akachan Seagrape Ceasar Dressing"},"content":{"rendered":"<div dir=\"auto\">\n<p>Rong nho Tasami \u0111\u01b0\u1ee3c s\u1ea3n su\u1ea5t b\u1edfi c\u00f4ng ty C\u1ed5 Ph\u1ea7n S\u1ea3n Xu\u1ea5t, Th\u01b0\u01a1ng M\u1ea1i V\u00e0 D\u1ecbch V\u1ee5 Ph\u00fac Th\u1ecbnh. C\u00f4ng ty C\u1ed5 Ph\u1ea7n S\u1ea3n Xu\u1ea5t, Th\u01b0\u01a1ng M\u1ea1i V\u00e0 D\u1ecbch V\u1ee5 Ph\u00fac Th\u1ecbnh chuy\u00ean nh\u1eadp kh\u1ea9u v\u00e0 ph\u00e2n ph\u1ed1i c\u00e1c s\u1ea3n ph\u1ea9m c\u1ee7a H\u00e0n Qu\u1ed1c.<\/p>\n<p>Trong qu\u00e1 tr\u00ecnh h\u00ecnh th\u00e0nh v\u00e0 ph\u00e1t tri\u1ec3n, v\u1edbi ti\u00eau ch\u00ed ho\u1ea1t \u0111\u1ed9ng xuy\u00ean su\u1ed1t \u201cUy t\u00edn \u2013 Hi\u1ec7u qu\u1ea3 \u2013 Ch\u1ea5t l\u01b0\u1ee3ng\u201d Ph\u00fac Th\u1ecbnh lu\u00f4n \u0111\u1eb7t kh\u00e1ch h\u00e0ng l\u00ean h\u00e0ng \u0111\u1ea7u v\u00e0 \u0111em l\u1ea1i nh\u1eefng gi\u00e1 tr\u1ecb t\u1ed1t nh\u1ea5t cho kh\u00e1ch h\u00e0ng.<\/p>\n<p><img fetchpriority=\"high\" decoding=\"async\" class=\"wp-image-27356 aligncenter\" src=\"https:\/\/havamall.vn\/wp-content\/uploads\/2022\/06\/260186970_4514775708616029_4813889702739081067_n-300x190.jpg\" alt=\"\" width=\"661\" height=\"419\" srcset=\"https:\/\/havamall.vn\/wp-content\/uploads\/2022\/06\/260186970_4514775708616029_4813889702739081067_n-300x190.jpg 300w, https:\/\/havamall.vn\/wp-content\/uploads\/2022\/06\/260186970_4514775708616029_4813889702739081067_n-430x273.jpg 430w, https:\/\/havamall.vn\/wp-content\/uploads\/2022\/06\/260186970_4514775708616029_4813889702739081067_n-150x95.jpg 150w, https:\/\/havamall.vn\/wp-content\/uploads\/2022\/06\/260186970_4514775708616029_4813889702739081067_n-700x444.jpg 700w, https:\/\/havamall.vn\/wp-content\/uploads\/2022\/06\/260186970_4514775708616029_4813889702739081067_n-768x488.jpg 768w, https:\/\/havamall.vn\/wp-content\/uploads\/2022\/06\/260186970_4514775708616029_4813889702739081067_n-1024x650.jpg 1024w, https:\/\/havamall.vn\/wp-content\/uploads\/2022\/06\/260186970_4514775708616029_4813889702739081067_n-1200x762.jpg 1200w, https:\/\/havamall.vn\/wp-content\/uploads\/2022\/06\/260186970_4514775708616029_4813889702739081067_n-600x381.jpg 600w, https:\/\/havamall.vn\/wp-content\/uploads\/2022\/06\/260186970_4514775708616029_4813889702739081067_n.jpg 2048w\" sizes=\"(max-width: 661px) 100vw, 661px\" \/><\/p>\n<p>Rong nho d\u00f9ng l\u00e0m rau r\u1ea5t t\u1ed1t cho c\u1ea3 ng\u01b0\u1eddi l\u1edbn v\u00e0 tr\u1ebb em.\u00a0Rong nho l\u00e0 m\u1ed9t lo\u1ea1i t\u1ea3o bi\u1ec3n c\u00f3 h\u00ecnh d\u1ea1ng gi\u1ed1ng nh\u01b0 m\u1ed9t ch\u00f9m nho. N\u00f3 c\u00f2n \u0111\u01b0\u1ee3c m\u1ec7nh danh l\u00e0 tr\u1ee9ng c\u00e1 mu\u1ed1i xanh (tr\u1ee9ng c\u00e1 mu\u1ed1i hay caviar \u0111\u01b0\u1ee3c bi\u1ebft \u0111\u1ebfn l\u00e0 m\u00f3n \u0103n r\u1ea5t \u0111\u1eaft \u0111\u1ecf ch\u1ec9 d\u00e0nh cho gi\u1edbi th\u01b0\u1ee3ng l\u01b0u).<\/p>\n<p>Rong nho bi\u1ec3n th\u01b0\u1eddng \u0111\u01b0\u1ee3c khai th\u00e1c v\u00e0 s\u1eed d\u1ee5ng nh\u01b0 m\u1ed9t lo\u1ea1i rau. Tuy nhi\u00ean, h\u00e0m l\u01b0\u1ee3ng dinh d\u01b0\u1ee1ng c\u1ee7a n\u00f3 cao h\u01a1n c\u00e1c lo\u1ea1i rau th\u00f4ng th\u01b0\u1eddng r\u1ea5t nhi\u1ec1u.<\/p>\n<p>Rong nho bi\u1ec3n \u0111\u01b0\u1ee3c v\u00ed nh\u01b0 nh\u1eefng vi\u00ean ng\u1ecdc xanh c\u1ee7a bi\u1ec3n c\u1ea3 v\u00ec v\u1ecb ngon, gi\u00f2n r\u1ed9p r\u1ed9p nghe vui tai gi\u1ed1ng nh\u01b0 ch\u00f9m nho nh\u1ecf v\u1ee1 tan trong mi\u1ec7ng v\u00e0 nh\u1eefng t\u00e1c d\u1ee5ng tuy\u1ec7t v\u1eddi c\u1ee7a n\u00f3 \u0111em l\u1ea1i.<\/p>\n<p><img decoding=\"async\" class=\"wp-image-27357 aligncenter\" src=\"https:\/\/havamall.vn\/wp-content\/uploads\/2022\/06\/271825501-300x200.png\" alt=\"\" width=\"668\" height=\"445\" srcset=\"https:\/\/havamall.vn\/wp-content\/uploads\/2022\/06\/271825501-300x200.png 300w, https:\/\/havamall.vn\/wp-content\/uploads\/2022\/06\/271825501-430x287.png 430w, https:\/\/havamall.vn\/wp-content\/uploads\/2022\/06\/271825501-150x100.png 150w, https:\/\/havamall.vn\/wp-content\/uploads\/2022\/06\/271825501-700x467.png 700w, https:\/\/havamall.vn\/wp-content\/uploads\/2022\/06\/271825501-768x512.png 768w, https:\/\/havamall.vn\/wp-content\/uploads\/2022\/06\/271825501-1024x683.png 1024w, https:\/\/havamall.vn\/wp-content\/uploads\/2022\/06\/271825501-1200x800.png 1200w, https:\/\/havamall.vn\/wp-content\/uploads\/2022\/06\/271825501-600x400.png 600w, https:\/\/havamall.vn\/wp-content\/uploads\/2022\/06\/271825501.png 2048w\" sizes=\"(max-width: 668px) 100vw, 668px\" \/><\/p>\n<p>Rong Nho Ta\u0301ch N\u01b0\u01a1\u0301c Akachan s\u1ed1t ph\u00f4 mai v\u1edbi c\u1ecdng rong t\u01b0\u01a1i, c\u0103ng m\u1ecdng, \u0111\u1ec1u m\u00e0u, \u0111\u1ec1u qu\u1ea3, kh\u00f4ng tanh, kh\u00f4ng nh\u1edbt, \u00edt m\u1eb7n. Sau khi v\u1edbt rong ra t\u00f4 n\u01b0\u1edbc trong veo, kh\u00f4ng c\u00f3 c\u1eb7n v\u00ec Rong \u0111\u01b0\u1ee3c s\u1ea3n xu\u1ea5t theo c\u00f4ng ngh\u1ec7 Nh\u1eadt b\u1ea3n, \u0111\u1ee7 c\u00e1c ch\u1ec9 s\u1ed1 v\u1ec1 VSATTP.<\/p>\n<p>V\u1edbi th\u00e0nh ph\u1ea7n 99% Rong Nho T\u01b0\u01a1i Lo\u1ea1i 1, v\u00e0 1% Mu\u1ed1i, Rong Nho Ta\u0301ch N\u01b0\u01a1\u0301c AKACHAN l\u00e0 m\u1ed9t th\u1ef1c ph\u1ea9m t\u1ef1 nhi\u00ean xanh v\u00e0 s\u1ea1ch. Rong Nho T\u00e1ch N\u01b0\u1edbc ch\u00ednh l\u00e0 m\u1ed9t m\u00f3n qu\u00e0 thi\u00ean nhi\u00ean t\u1eeb bi\u1ec3n Kh\u00e1nh H\u00f2a &#8211; Vi\u1ec7t Nam mu\u1ed1n ph\u1ed5 bi\u1ebfn \u0111\u1ebfn b\u1eefa \u0103n c\u1ee7a ng\u01b0\u1eddi Vi\u1ec7t Nam, v\u00e0 ng\u01b0\u1eddi d\u00f9ng tr\u00ean kh\u1eafp th\u1ebf gi\u1edbi.<\/p>\n<p><img decoding=\"async\" class=\"wp-image-27358 aligncenter\" src=\"https:\/\/havamall.vn\/wp-content\/uploads\/2022\/06\/27203116054_n-300x200.png\" alt=\"\" width=\"673\" height=\"448\" srcset=\"https:\/\/havamall.vn\/wp-content\/uploads\/2022\/06\/27203116054_n-300x200.png 300w, https:\/\/havamall.vn\/wp-content\/uploads\/2022\/06\/27203116054_n-430x287.png 430w, https:\/\/havamall.vn\/wp-content\/uploads\/2022\/06\/27203116054_n-150x100.png 150w, https:\/\/havamall.vn\/wp-content\/uploads\/2022\/06\/27203116054_n-700x467.png 700w, https:\/\/havamall.vn\/wp-content\/uploads\/2022\/06\/27203116054_n-768x512.png 768w, https:\/\/havamall.vn\/wp-content\/uploads\/2022\/06\/27203116054_n-1024x683.png 1024w, https:\/\/havamall.vn\/wp-content\/uploads\/2022\/06\/27203116054_n-1200x800.png 1200w, https:\/\/havamall.vn\/wp-content\/uploads\/2022\/06\/27203116054_n-600x400.png 600w, https:\/\/havamall.vn\/wp-content\/uploads\/2022\/06\/27203116054_n.png 2048w\" sizes=\"(max-width: 673px) 100vw, 673px\" \/><\/p>\n<h3><strong>\u0110\u1eb7c \u0111i\u1ec3m n\u1ed5i b\u1eadt c\u1ee7a s\u1ea3n ph\u1ea9m:<\/strong><\/h3>\n<\/div>\n<p dir=\"auto\">Rong nho Akachan gi\u00fap b\u1ed5 sung ch\u1ea5t x\u01a1, t\u0103ng c\u01b0\u1eddng ti\u00eau h\u00f3a, t\u1eeb \u0111\u00f3 t\u0103ng s\u1ee9c \u0111\u1ec1 kh\u00e1ng \u0111\u1ec3 b\u00e9 y\u00eau kh\u1ecfe m\u1ea1nh h\u01a1n<\/p>\n<p dir=\"auto\">Omega 3 (DHA, EPA, ALA) gi\u00fap b\u00e9 th\u00f4ng minh v\u00e0 ph\u00e1t tri\u1ec3n to\u00e0n di\u1ec7n<\/p>\n<p dir=\"auto\">Ngo\u00e0i ra rong nho Akachan c\u00f2n c\u00f3 Fucoidan, m\u1ed9t ch\u1ea5t c\u00f3 kh\u1ea3 n\u0103ng h\u1ed7 tr\u1ee3 ph\u00f2ng ch\u1ed1ng ung th\u01b0<\/p>\n<p dir=\"auto\">\u0110\u1eb7c bi\u1ec7t rong nho Akachan ch\u1ebf bi\u1ebfn v\u00f4 c\u00f9ng \u0111\u01a1n gi\u1ea3n v\u00e0 ti\u1ec7n \u00edch, kh\u00f4ng ch\u1ec9 b\u00e9 th\u00edch, c\u1ea3 gia \u0111\u00ecnh c\u0169ng y\u00eau m\u00f3n n\u00e0y.<\/p>\n<div dir=\"auto\">\n<div class=\"cxmmr5t8 oygrvhab hcukyx3x c1et5uql o9v6fnle ii04i59q\">\n<p dir=\"auto\">Gi\u1ea3i ph\u00e1p cho m\u1eb9 gi\u00fap b\u00e9 h\u1ee9ng th\u00fa \u0103n rau <span class=\"pq6dq46d tbxw36s4 knj5qynh kvgmc6g5 ditlmg2l oygrvhab nvdbi5me sf5mxxl7 gl3lb2sf hhz5lgdu\">\u00a0b\u1ed5 sung ch\u1ea5t x\u01a1 cho h\u1ec7 ti\u00eau h\u00f3a c\u1ee7a b\u00e9 lu\u00f4n kh\u1ecfe m\u1ea1nh \u0111\u1ed3ng th\u1eddi c\u00f2n b\u1ed5 sung nhi\u1ec1u d\u01b0\u1ee1ng ch\u1ea5t thi\u1ebft y\u1ebfu kh\u00e1c cho b\u00e9 ph\u00e1t tri\u1ec3n to\u00e0n di\u1ec7n.<\/span><\/p>\n<p dir=\"auto\"><img loading=\"lazy\" decoding=\"async\" class=\"wp-image-27359 aligncenter\" src=\"https:\/\/havamall.vn\/wp-content\/uploads\/2022\/06\/271235495-300x200.png\" alt=\"\" width=\"679\" height=\"453\" srcset=\"https:\/\/havamall.vn\/wp-content\/uploads\/2022\/06\/271235495-300x200.png 300w, https:\/\/havamall.vn\/wp-content\/uploads\/2022\/06\/271235495-430x287.png 430w, https:\/\/havamall.vn\/wp-content\/uploads\/2022\/06\/271235495-150x100.png 150w, https:\/\/havamall.vn\/wp-content\/uploads\/2022\/06\/271235495-700x467.png 700w, https:\/\/havamall.vn\/wp-content\/uploads\/2022\/06\/271235495-768x512.png 768w, https:\/\/havamall.vn\/wp-content\/uploads\/2022\/06\/271235495-1024x683.png 1024w, https:\/\/havamall.vn\/wp-content\/uploads\/2022\/06\/271235495-1200x800.png 1200w, https:\/\/havamall.vn\/wp-content\/uploads\/2022\/06\/271235495-600x400.png 600w, https:\/\/havamall.vn\/wp-content\/uploads\/2022\/06\/271235495.png 2048w\" sizes=\"(max-width: 679px) 100vw, 679px\" \/><\/p>\n<h3><strong>L\u1ee3i \u00edch c\u1ee7a rong nho:<\/strong><\/h3>\n<h5><em><strong><span class=\"pq6dq46d tbxw36s4 knj5qynh kvgmc6g5 ditlmg2l oygrvhab nvdbi5me sf5mxxl7 gl3lb2sf hhz5lgdu\"><span class=\"pq6dq46d tbxw36s4 knj5qynh kvgmc6g5 ditlmg2l oygrvhab nvdbi5me sf5mxxl7 gl3lb2sf hhz5lgdu\">\u00a0\ud835\udc06\ud835\udc22\ud835\udc2e\u0301\ud835\udc29 \ud835\udc31\ud835\udc2e\u031b\ud835\udc28\u031b\ud835\udc27\ud835\udc20 \ud835\udc1c\ud835\udc21\ud835\udc1a\u0306\u0301\ud835\udc1c \ud835\udc24\ud835\udc21\ud835\udc28\u0309\ud835\udc1e<\/span><\/span><\/strong><\/em><\/h5>\n<\/div>\n<div dir=\"auto\">Trong rong nho ch\u1ee9a r\u1ea5t nhi\u1ec1u l\u01b0\u1ee3ng canxi, protein v\u00e0 axit b\u00e9o kh\u00f4ng b\u00e3o h\u00f2a \u0111a thu\u1ed9c trong nh\u00f3m omega 3 (DHA, ALA, EPA) n\u00ean c\u00f3 c\u00f4ng d\u1ee5ng kh\u00e1ng vi\u00eam c\u0169ng nh\u01b0 l\u00e0m gi\u1ea3m c\u00e1c tri\u1ec7u ch\u1ee9ng c\u1ee7a b\u1ec7nh vi\u00eam kh\u1edbp.<\/div>\n<div dir=\"auto\">\n<h5><em><strong>\ud835\udc13\ud835\udc1a\u0306\ud835\udc27\ud835\udc20 \ud835\udc1c\ud835\udc2e\u031b\ud835\udc28\u031b\u0300\ud835\udc27\ud835\udc20 \ud835\udc2d\ud835\udc21\ud835\udc22\u0323 \ud835\udc25\ud835\udc2e\u031b\u0323\ud835\udc1c<\/strong><\/em><\/h5>\n<\/div>\n<div dir=\"auto\">Rong nho c\u00f2n ch\u1ee9a nhi\u1ec1u ch\u1ea5t s\u1eaft v\u00e0 vitamin A n\u00ean c\u00f3 kh\u1ea3 n\u0103ng t\u0103ng c\u01b0\u1eddng ch\u1ee9c n\u0103ng c\u1ee7a h\u1ec7 th\u1ea7n kinh th\u1ecb gi\u00e1c, c\u1ea3i thi\u1ec7n th\u1ecb l\u1ef1c v\u00e0 l\u00e0m gi\u1ea3m nguy c\u01a1 m\u1eafc ph\u1ea3i m\u1ed9t s\u1ed1 b\u1ec7nh li\u00ean quan \u0111\u1ebfn m\u1eaft (kh\u00f4 m\u1eaft, qu\u00e1ng g\u00e0,\u2026).<\/div>\n<div dir=\"auto\"><img loading=\"lazy\" decoding=\"async\" class=\"wp-image-27361 aligncenter\" src=\"https:\/\/havamall.vn\/wp-content\/uploads\/2022\/06\/279855791-300x300.png\" alt=\"\" width=\"668\" height=\"668\" srcset=\"https:\/\/havamall.vn\/wp-content\/uploads\/2022\/06\/279855791-300x300.png 300w, https:\/\/havamall.vn\/wp-content\/uploads\/2022\/06\/279855791-430x430.png 430w, https:\/\/havamall.vn\/wp-content\/uploads\/2022\/06\/279855791-150x150.png 150w, https:\/\/havamall.vn\/wp-content\/uploads\/2022\/06\/279855791-700x700.png 700w, https:\/\/havamall.vn\/wp-content\/uploads\/2022\/06\/279855791-600x600.png 600w, https:\/\/havamall.vn\/wp-content\/uploads\/2022\/06\/279855791-100x100.png 100w, https:\/\/havamall.vn\/wp-content\/uploads\/2022\/06\/279855791.png 720w\" sizes=\"(max-width: 668px) 100vw, 668px\" \/><\/div>\n<div dir=\"auto\">\n<h5><em><strong>\ud835\udc06\ud835\udc22\ud835\udc1a\u0309\ud835\udc26 \ud835\udc27\ud835\udc20\ud835\udc2e\ud835\udc32 \ud835\udc1c\ud835\udc28\u031b \ud835\udc26\ud835\udc1a\u0306\u0301\ud835\udc1c \ud835\udc1b\ud835\udc1e\u0323\u0302\ud835\udc27\ud835\udc21 \ud835\udc2d\ud835\udc22\ud835\udc1e\u0302\u0309\ud835\udc2e \u0111\ud835\udc2e\u031b\ud835\udc28\u031b\u0300\ud835\udc27\ud835\udc20<\/strong><\/em><\/h5>\n<\/div>\n<div dir=\"auto\">Nh\u1edd c\u00f3 h\u00e0m l\u01b0\u1ee3ng vitamin C \u0111\u00e1ng k\u1ec3 trong rong nho m\u00e0 gi\u00fap c\u01a1 th\u1ec3 ki\u1ec3m so\u00e1t \u0111\u01b0\u1ee3c l\u01b0\u1ee3ng \u0111\u01b0\u1eddng v\u00e0 s\u1ef1 ho\u1ea1t \u0111\u1ed9ng c\u1ee7a c\u00e1c g\u1ed1c t\u1ef1 do, l\u00e0m gi\u1ea3m s\u1ef1 t\u00edch t\u1ee5 c\u1ee7a sorbitol n\u1ed9i b\u00e0o, \u0111\u1ed3ng th\u1eddi \u1ee9c ch\u1ebf \u0111\u01b0\u1ee3c s\u1ef1 g\u1eafn k\u1ebft c\u1ee7a glucose v\u1edbi protein.<\/div>\n<div dir=\"auto\">\n<h5><em><strong>\ud835\udc13\ud835\udc28\u0302\u0301\ud835\udc2d \ud835\udc1c\ud835\udc21\ud835\udc28 \ud835\udc21\ud835\udc28\ud835\udc1a\u0323\ud835\udc2d \u0111\ud835\udc28\u0323\u0302\ud835\udc27\ud835\udc20 \ud835\udc2d\ud835\udc22\ud835\udc26 \ud835\udc26\ud835\udc1a\u0323\ud835\udc1c\ud835\udc21<\/strong><\/em><\/h5>\n<\/div>\n<div dir=\"auto\">C\u00e1c axit b\u00e9o kh\u00f4ng b\u00e3o h\u00f2a nh\u01b0 AA, LA, DHA, EPA v\u00e0 ALA c\u00f3 trong rong nho s\u1ebd l\u00e0m gi\u1ea3m cholesterol v\u00e0 t\u0103ng t\u00ednh co gi\u00e3n c\u1ee7a m\u1ea1ch m\u00e1u.<\/div>\n<div dir=\"auto\">\n<h5><em><strong>\ud835\udc07\ud835\udc1a\u0323\ud835\udc27 \ud835\udc1c\ud835\udc21\ud835\udc1e\u0302\u0301 \ud835\udc2d\ud835\udc22\u0300\ud835\udc27\ud835\udc21 \ud835\udc2d\ud835\udc2b\ud835\udc1a\u0323\ud835\udc27\ud835\udc20 \ud835\udc2d\ud835\udc1a\u0301\ud835\udc28 \ud835\udc1b\ud835\udc28\u0301\ud835\udc27<\/strong><\/em><\/h5>\n<\/div>\n<div dir=\"auto\">L\u01b0\u1ee3ng calo v\u00e0 \u0111\u01b0\u1eddng trong rong nho r\u1ea5t th\u1ea5p n\u00ean t\u1ea1o \u0111i\u1ec1u ki\u1ec7n cho vi khu\u1ea9n d\u1ec5 d\u00e0ng ti\u00eau h\u00f3a th\u1ee9c \u0103n v\u00e0 th\u1ef1c hi\u1ec7n b\u00e0i ti\u1ebft ch\u1ea5t th\u1ea3i ra ngo\u00e0i m\u1ed9t c\u00e1ch nhanh ch\u00f3ng. V\u00ec th\u1ebf, rong nho c\u00f3 c\u00f4ng d\u1ee5ng t\u1ed1t trong vi\u1ec7c h\u1ea1n ch\u1ebf t\u00ecnh tr\u1ea1ng t\u00e1o b\u00f3n \u1edf c\u1ea3 tr\u1ebb em l\u1eabn ng\u01b0\u1eddi l\u1edbn.<\/div>\n<div dir=\"auto\"><img loading=\"lazy\" decoding=\"async\" class=\"wp-image-27362 aligncenter\" src=\"https:\/\/havamall.vn\/wp-content\/uploads\/2022\/06\/26986172-300x202.png\" alt=\"\" width=\"662\" height=\"446\" srcset=\"https:\/\/havamall.vn\/wp-content\/uploads\/2022\/06\/26986172-300x202.png 300w, https:\/\/havamall.vn\/wp-content\/uploads\/2022\/06\/26986172-430x290.png 430w, https:\/\/havamall.vn\/wp-content\/uploads\/2022\/06\/26986172-150x101.png 150w, https:\/\/havamall.vn\/wp-content\/uploads\/2022\/06\/26986172-700x472.png 700w, https:\/\/havamall.vn\/wp-content\/uploads\/2022\/06\/26986172-768x518.png 768w, https:\/\/havamall.vn\/wp-content\/uploads\/2022\/06\/26986172-1024x691.png 1024w, https:\/\/havamall.vn\/wp-content\/uploads\/2022\/06\/26986172-1200x809.png 1200w, https:\/\/havamall.vn\/wp-content\/uploads\/2022\/06\/26986172-600x405.png 600w, https:\/\/havamall.vn\/wp-content\/uploads\/2022\/06\/26986172.png 2048w\" sizes=\"(max-width: 662px) 100vw, 662px\" \/><\/div>\n<div dir=\"auto\">\n<h5><em><strong>\ud835\udc0d\ud835\udc20\ud835\udc1a\u0306\ud835\udc27 \ud835\udc27\ud835\udc20\ud835\udc2e\u031b\u0300\ud835\udc1a \ud835\udc1c\ud835\udc28\u031b \ud835\udc2d\ud835\udc21\ud835\udc1e\u0302\u0309 \ud835\udc1b\ud835\udc1e\u0301\ud835\udc28 \ud835\udc29\ud835\udc21\ud835\udc22\u0300<\/strong><\/em><\/h5>\n<\/div>\n<div dir=\"auto\">V\u00ec ch\u1ee9a \u00edt \u0111\u01b0\u1eddng v\u00e0 gi\u00e0u l\u01b0\u1ee3ng k\u1ebdm, canxi, s\u1eaft, vitamin C, ch\u1ea5t \u0111\u1ea1m th\u1ef1c v\u1eadt v\u00e0 axit b\u00e9o kh\u00f4ng b\u00e3o h\u00f2a \u0111a, n\u00ean rong nho \u0111\u01b0\u1ee3c xem l\u00e0 lo\u1ea1i th\u1ef1c ph\u1ea9m b\u1ed5 d\u01b0\u1ee1ng v\u00e0 an to\u00e0n trong ch\u1ebf \u0111\u1ed9 \u0103n ki\u00eang, ho\u1eb7c d\u00e0nh cho nh\u1eefng ai \u0111ang th\u1eeba c\u00e2n.<\/div>\n<div class=\"cxmmr5t8 oygrvhab hcukyx3x c1et5uql o9v6fnle ii04i59q\">\n<h5><em><strong>\ud835\udc0f\ud835\udc21\ud835\udc28\u0300\ud835\udc27\ud835\udc20 \ud835\udc27\ud835\udc20\ud835\udc2e\u031b\u0300\ud835\udc1a \ud835\udc1b\ud835\udc1e\u0323\u0302\ud835\udc27\ud835\udc21 \ud835\udc2e\ud835\udc27\ud835\udc20 \ud835\udc2d\ud835\udc21\ud835\udc2e\u031b<\/strong><\/em><\/h5>\n<p dir=\"auto\">Nhi\u1ec1u cu\u1ed9c nghi\u00ean c\u1ee9u v\u00e0o n\u0103m 2002 v\u00e0 2005 \u0111\u00e3 ch\u1ee9ng minh r\u1eb1ng: fucoidan l\u00e0 m\u1ed9t ch\u1ea5t m\u1edbi c\u00f3 kh\u1ea3 n\u0103ng \u0111i\u1ec1u tr\u1ecb ung th\u01b0 hi\u1ec7u qu\u1ea3. V\u00ec ch\u1ea5t n\u00e0y c\u00f3 th\u1ec3 khi\u1ebfn c\u00e1c t\u1ebf b\u00e0o c\u1ee7a b\u1ec7nh b\u1ea1ch c\u1ea7u, ru\u1ed9t k\u1ebft, ung th\u01b0 h\u1ea1ch v\u00e0 t\u1ebf b\u00e0o ung th\u01b0 d\u1ea1 d\u00e0y t\u1ef1 b\u1ecb ti\u00eau di\u1ec7t.<\/p>\n<p dir=\"auto\">Ngo\u00e0i ra, fucoidan c\u0169ng c\u00f3 t\u00e1c d\u1ee5ng trong vi\u1ec7c t\u0103ng c\u01b0\u1eddng h\u1ec7 mi\u1ec5n d\u1ecbch \u0111\u00e1ng k\u1ec3 v\u00e0 gi\u1ea3m l\u01b0\u1ee3ng cholesterol trong m\u00e1u.<\/p>\n<p dir=\"auto\"><img loading=\"lazy\" decoding=\"async\" class=\"wp-image-27363 aligncenter\" src=\"https:\/\/havamall.vn\/wp-content\/uploads\/2022\/06\/271779123-300x300.png\" alt=\"\" width=\"665\" height=\"665\" srcset=\"https:\/\/havamall.vn\/wp-content\/uploads\/2022\/06\/271779123-300x300.png 300w, https:\/\/havamall.vn\/wp-content\/uploads\/2022\/06\/271779123-430x430.png 430w, https:\/\/havamall.vn\/wp-content\/uploads\/2022\/06\/271779123-150x150.png 150w, https:\/\/havamall.vn\/wp-content\/uploads\/2022\/06\/271779123-700x700.png 700w, https:\/\/havamall.vn\/wp-content\/uploads\/2022\/06\/271779123-768x768.png 768w, https:\/\/havamall.vn\/wp-content\/uploads\/2022\/06\/271779123-600x600.png 600w, https:\/\/havamall.vn\/wp-content\/uploads\/2022\/06\/271779123-100x100.png 100w, https:\/\/havamall.vn\/wp-content\/uploads\/2022\/06\/271779123.png 900w\" sizes=\"(max-width: 665px) 100vw, 665px\" \/><\/p>\n<h3><strong>H\u01b0\u1edbng d\u1eabn s\u1eed d\u1ee5ng:<\/strong><\/h3>\n<p dir=\"auto\">&gt; B\u01b0\u1edbc 1: B\u1ecf Rong nho v\u00e0o n\u01b0\u1edbc ng\u00e2m t\u1eeb 3 &#8211; 5 ph\u00fat, rong nho s\u1ebd t\u1eeb t\u1eeb nh\u1ea3 \u0111i b\u1edbt v\u1ecb m\u1eb7n c\u1ee7a mu\u1ed1i, v\u00e0 tr\u1edf v\u1ec1 h\u00ecnh d\u00e1ng nh\u01b0 rong t\u01b0\u01a1i.<\/p>\n<p dir=\"auto\">&gt; B\u01b0\u1edbc 2: Sau \u0111\u00f3 cho v\u00e0o t\u00f4 n\u01b0\u1edbc \u0111\u00e1 \u0111\u1eadp nh\u1ecf ng\u00e2m cho rong gi\u00f2n v\u00e0 l\u1ea1nh kho\u1ea3ng 2 ph\u00fat ,\u0111\u1ec3 t\u1ea9y b\u1edbt m\u00f9i tanh c\u1ee7a bi\u1ec3n. Ch\u00fang ta n\u00ean l\u1ea5y m\u1ed9t l\u01b0\u1ee3ng rong \u0111\u1ee7 \u0103n cho 1 l\u1ea7n, \u0103n bao nhi\u00eau b\u1ecf rong b\u1ea5y nhi\u00eau<\/p>\n<p dir=\"auto\">&gt; B\u01b0\u1edbc 3: D\u00f9ng tr\u1ef1c ti\u1ebfp nh\u01b0 m\u1ed9t d\u1ea1ng rau xanh v\u1edbi s\u1ed1t ph\u00f4 mai, ho\u1eb7c tr\u1ed9n salad.<\/p>\n<p dir=\"auto\"><img loading=\"lazy\" decoding=\"async\" class=\"wp-image-27364 aligncenter\" src=\"https:\/\/havamall.vn\/wp-content\/uploads\/2022\/06\/b877caa417149-300x300.png\" alt=\"\" width=\"687\" height=\"687\" srcset=\"https:\/\/havamall.vn\/wp-content\/uploads\/2022\/06\/b877caa417149-300x300.png 300w, https:\/\/havamall.vn\/wp-content\/uploads\/2022\/06\/b877caa417149-430x430.png 430w, https:\/\/havamall.vn\/wp-content\/uploads\/2022\/06\/b877caa417149-150x150.png 150w, https:\/\/havamall.vn\/wp-content\/uploads\/2022\/06\/b877caa417149-700x700.png 700w, https:\/\/havamall.vn\/wp-content\/uploads\/2022\/06\/b877caa417149-768x768.png 768w, https:\/\/havamall.vn\/wp-content\/uploads\/2022\/06\/b877caa417149-600x600.png 600w, https:\/\/havamall.vn\/wp-content\/uploads\/2022\/06\/b877caa417149-100x100.png 100w, https:\/\/havamall.vn\/wp-content\/uploads\/2022\/06\/b877caa417149.png 1024w\" sizes=\"(max-width: 687px) 100vw, 687px\" \/><\/p>\n<\/div>\n<\/div>","protected":false},"excerpt":{"rendered":"<p>Rong nho Tasami \u0111\u01b0\u1ee3c s\u1ea3n su\u1ea5t b\u1edfi c\u00f4ng ty C\u1ed5 Ph\u1ea7n S\u1ea3n Xu\u1ea5t, Th\u01b0\u01a1ng M\u1ea1i V\u00e0 D\u1ecbch V\u1ee5 Ph\u00fac Th\u1ecbnh.<\/p>","protected":false},"featured_media":27365,"comment_status":"open","ping_status":"closed","template":"","meta":[],"product_brand":[],"product_cat":[36],"product_tag":[],"class_list":{"0":"post-27355","1":"product","2":"type-product","3":"status-publish","4":"has-post-thumbnail","6":"product_cat-thuc-pham-tieu-dung","8":"first","9":"outofstock","10":"sale","11":"shipping-taxable","12":"purchasable","13":"product-type-simple"},"_links":{"self":[{"href":"https:\/\/havamall.vn\/en\/wp-json\/wp\/v2\/product\/27355"}],"collection":[{"href":"https:\/\/havamall.vn\/en\/wp-json\/wp\/v2\/product"}],"about":[{"href":"https:\/\/havamall.vn\/en\/wp-json\/wp\/v2\/types\/product"}],"replies":[{"embeddable":true,"href":"https:\/\/havamall.vn\/en\/wp-json\/wp\/v2\/comments?post=27355"}],"version-history":[{"count":0,"href":"https:\/\/havamall.vn\/en\/wp-json\/wp\/v2\/product\/27355\/revisions"}],"wp:featuredmedia":[{"embeddable":true,"href":"https:\/\/havamall.vn\/en\/wp-json\/wp\/v2\/media\/27365"}],"wp:attachment":[{"href":"https:\/\/havamall.vn\/en\/wp-json\/wp\/v2\/media?parent=27355"}],"wp:term":[{"taxonomy":"product_brand","embeddable":true,"href":"https:\/\/havamall.vn\/en\/wp-json\/wp\/v2\/product_brand?post=27355"},{"taxonomy":"product_cat","embeddable":true,"href":"https:\/\/havamall.vn\/en\/wp-json\/wp\/v2\/product_cat?post=27355"},{"taxonomy":"product_tag","embeddable":true,"href":"https:\/\/havamall.vn\/en\/wp-json\/wp\/v2\/product_tag?post=27355"}],"curies":[{"name":"wp","href":"https:\/\/api.w.org\/{rel}","templated":true}]}}